{"id":1891,"date":"2022-07-03T11:48:53","date_gmt":"2022-07-03T11:48:53","guid":{"rendered":"https:\/\/gooddealersmeds.com\/no\/?post_type=product&#038;p=1891"},"modified":"2022-10-03T21:24:44","modified_gmt":"2022-10-03T21:24:44","slug":"3-meo-pcp-medikament","status":"publish","type":"product","link":"https:\/\/gooddealersmeds.com\/no\/product\/3-meo-pcp-medikament\/","title":{"rendered":"Kj\u00f8p 3-MEO PCP Drug"},"content":{"rendered":"<h1><strong>Kj\u00f8p <\/strong>\u00a0<strong>3-MEO PCP Drug Online<\/strong><\/h1>\n<p>Designerstoffet <a href=\"https:\/\/en.wikipedia.org\/wiki \/3-MeO-PCP\">3-metoksyfencyklidin<\/a> tilh\u00f8rer arylcykloheksylamin-klassen av dissosiative hallusinogener. NMDA-reseptorer er dets prim\u00e6re m\u00e5l, men det samhandler ogs\u00e5 med sigma 1-3-reseptorene og serotonintransport\u00f8ren. Ingen opioidaktivitet er tilstede i stoffet, og det virker heller ikke som en dopaminreopptakshemmer. Kj\u00f8p 3-MeO-PCP Drug Online.<\/p>\n<p>&nbsp;<\/p>\n<p><strong>Hva gj\u00f8r kj\u00f8p av 25i NBOME Drug Online til det beste?<\/strong><\/p>\n<p>Du kan v\u00e6re lurt \u00e5 bestille 25i NBOME Drug online hvis du leter etter en form for behandling uten \u00e5 bekymre deg for bivirkninger eller hvor mye det koster p\u00e5 ditt lokale apotek. I tillegg synes de fleste \u00e5 kj\u00f8pe disse stoffene p\u00e5 nettet mye mer praktisk og \u00f8konomisk enn \u00e5 kj\u00f8pe dem personlig.<\/p>\n<p>&nbsp;<\/p>\n<p><strong>Det beste stedet \u00e5 bestille <\/strong><strong> 3-MEO PCP Drug<\/strong><\/p>\n<p>Det beste stedet \u00e5 kj\u00f8pe 3-MEO PCP Drug Online er fra et anerkjent apotek eller nettbutikk. Du b\u00f8r alltid s\u00f8rge for at selskapet som selger dette produktet er lisensiert av FDA og sertifisert av et annet byr\u00e5, for eksempel National Association of Boards of Pharmacy (NABP). Dette vil sikre at de f\u00f8lger strenge retningslinjer n\u00e5r de distribuerer produktene sine over hele landet.<\/p>\n<p>Og <a href=\"https:\/\/gooddealersmeds.com\/no\/product\/3-meo-pcp-drug \/\">Good Dealers Meds<\/a> er et sted som krysser av for alle boksene i kravlisten.<\/p>\n","protected":false},"excerpt":{"rendered":"<p>Kj\u00f8p 3-MeO-PCP Drug Online engros fra produsenten, h\u00f8y kvalitet til en lav pris med frakt over hele verden.3-meo-pcp med det formelle navnet 1-[1-(3-methoxyphenyl)cyclohexyl]-piperidine er klassifisert som en dissosiativ forbindelse.<\/p>\n","protected":false},"featured_media":1897,"comment_status":"open","ping_status":"closed","template":"","meta":{"inline_featured_image":false},"product_brand":[],"product_cat":[344],"product_tag":[],"class_list":{"0":"post-1891","1":"product","2":"type-product","3":"status-publish","4":"has-post-thumbnail","6":"product_cat-forsknings-kjemikalier","8":"first","9":"instock","10":"shipping-taxable","11":"purchasable","12":"product-type-variable","13":"has-default-attributes"},"yoast_head":"<!-- This site is optimized with the Yoast SEO Premium plugin v20.6 (Yoast SEO v27.3) - https:\/\/yoast.com\/product\/yoast-seo-premium-wordpress\/ -->\n<title>Kj\u00f8p 3-MeO-PCP Drug Online - 3-MeO-PCP til salgs | Good Dealers Meds<\/title>\n<meta name=\"description\" content=\"Kj\u00f8p 3-MeO-PCP Drug Online engros fra produsenten hos Good Dealers Meds, h\u00f8y kvalitet til en lav pris med frakt over hele verden.\" \/>\n<meta name=\"robots\" content=\"index, follow, max-snippet:-1, max-image-preview:large, max-video-preview:-1\" \/>\n<link rel=\"canonical\" href=\"https:\/\/gooddealersmeds.com\/no\/product\/3-meo-pcp-medikament\/\" \/>\n<meta property=\"og:locale\" content=\"en_US\" \/>\n<meta property=\"og:type\" content=\"article\" \/>\n<meta property=\"og:title\" content=\"Kj\u00f8p 3-MEO PCP Drug\" \/>\n<meta property=\"og:description\" content=\"Kj\u00f8p 3-MeO-PCP Drug Online engros fra produsenten hos Good Dealers Meds, h\u00f8y kvalitet til en lav pris med frakt over hele verden.\" \/>\n<meta property=\"og:url\" content=\"https:\/\/gooddealersmeds.com\/no\/product\/3-meo-pcp-medikament\/\" \/>\n<meta property=\"og:site_name\" content=\"Good Dealers Meds\" \/>\n<meta property=\"article:modified_time\" content=\"2022-10-03T21:24:44+00:00\" \/>\n<meta property=\"og:image\" content=\"https:\/\/gooddealersmeds.com\/no\/wp-content\/uploads\/sites\/8\/2022\/07\/3-MEO-PCP-Drug.jpg\" \/>\n\t<meta property=\"og:image:width\" content=\"600\" \/>\n\t<meta property=\"og:image:height\" content=\"600\" \/>\n\t<meta property=\"og:image:type\" content=\"image\/jpeg\" \/>\n<meta name=\"twitter:card\" content=\"summary_large_image\" \/>\n<meta name=\"twitter:label1\" content=\"Est. reading time\" \/>\n\t<meta name=\"twitter:data1\" content=\"1 minute\" \/>\n<script type=\"application\/ld+json\" class=\"yoast-schema-graph\">{\"@context\":\"https:\\\/\\\/schema.org\",\"@graph\":[{\"@type\":\"WebPage\",\"@id\":\"https:\\\/\\\/gooddealersmeds.com\\\/no\\\/product\\\/3-meo-pcp-medikament\\\/\",\"url\":\"https:\\\/\\\/gooddealersmeds.com\\\/no\\\/product\\\/3-meo-pcp-medikament\\\/\",\"name\":\"Kj\u00f8p 3-MeO-PCP Drug Online - 3-MeO-PCP til salgs | Good Dealers Meds\",\"isPartOf\":{\"@id\":\"https:\\\/\\\/gooddealersmeds.com\\\/no\\\/#website\"},\"primaryImageOfPage\":{\"@id\":\"https:\\\/\\\/gooddealersmeds.com\\\/no\\\/product\\\/3-meo-pcp-medikament\\\/#primaryimage\"},\"image\":{\"@id\":\"https:\\\/\\\/gooddealersmeds.com\\\/no\\\/product\\\/3-meo-pcp-medikament\\\/#primaryimage\"},\"thumbnailUrl\":\"https:\\\/\\\/gooddealersmeds.com\\\/no\\\/wp-content\\\/uploads\\\/sites\\\/8\\\/2022\\\/07\\\/3-MEO-PCP-Drug.jpg\",\"datePublished\":\"2022-07-03T11:48:53+00:00\",\"dateModified\":\"2022-10-03T21:24:44+00:00\",\"description\":\"Kj\u00f8p 3-MeO-PCP Drug Online engros fra produsenten hos Good Dealers Meds, h\u00f8y kvalitet til en lav pris med frakt over hele verden.\",\"breadcrumb\":{\"@id\":\"https:\\\/\\\/gooddealersmeds.com\\\/no\\\/product\\\/3-meo-pcp-medikament\\\/#breadcrumb\"},\"inLanguage\":\"en-US\",\"potentialAction\":[{\"@type\":\"ReadAction\",\"target\":[\"https:\\\/\\\/gooddealersmeds.com\\\/no\\\/product\\\/3-meo-pcp-medikament\\\/\"]}]},{\"@type\":\"ImageObject\",\"inLanguage\":\"en-US\",\"@id\":\"https:\\\/\\\/gooddealersmeds.com\\\/no\\\/product\\\/3-meo-pcp-medikament\\\/#primaryimage\",\"url\":\"https:\\\/\\\/gooddealersmeds.com\\\/no\\\/wp-content\\\/uploads\\\/sites\\\/8\\\/2022\\\/07\\\/3-MEO-PCP-Drug.jpg\",\"contentUrl\":\"https:\\\/\\\/gooddealersmeds.com\\\/no\\\/wp-content\\\/uploads\\\/sites\\\/8\\\/2022\\\/07\\\/3-MEO-PCP-Drug.jpg\",\"width\":600,\"height\":600,\"caption\":\"Buy 3-MeO-PCP Drug Online\"},{\"@type\":\"BreadcrumbList\",\"@id\":\"https:\\\/\\\/gooddealersmeds.com\\\/no\\\/product\\\/3-meo-pcp-medikament\\\/#breadcrumb\",\"itemListElement\":[{\"@type\":\"ListItem\",\"position\":1,\"name\":\"Home\",\"item\":\"https:\\\/\\\/gooddealersmeds.com\\\/no\\\/\"},{\"@type\":\"ListItem\",\"position\":2,\"name\":\"Produkter\",\"item\":\"https:\\\/\\\/gooddealersmeds.com\\\/no\\\/produkter\\\/\"},{\"@type\":\"ListItem\",\"position\":3,\"name\":\"Kj\u00f8p 3-MEO PCP Drug\"}]},{\"@type\":\"WebSite\",\"@id\":\"https:\\\/\\\/gooddealersmeds.com\\\/no\\\/#website\",\"url\":\"https:\\\/\\\/gooddealersmeds.com\\\/no\\\/\",\"name\":\"Good Dealers Meds\",\"description\":\"All our best\",\"publisher\":{\"@id\":\"https:\\\/\\\/gooddealersmeds.com\\\/no\\\/#organization\"},\"potentialAction\":[{\"@type\":\"SearchAction\",\"target\":{\"@type\":\"EntryPoint\",\"urlTemplate\":\"https:\\\/\\\/gooddealersmeds.com\\\/no\\\/?s={search_term_string}\"},\"query-input\":{\"@type\":\"PropertyValueSpecification\",\"valueRequired\":true,\"valueName\":\"search_term_string\"}}],\"inLanguage\":\"en-US\"},{\"@type\":\"Organization\",\"@id\":\"https:\\\/\\\/gooddealersmeds.com\\\/no\\\/#organization\",\"name\":\"Good Dealers Meds\",\"url\":\"https:\\\/\\\/gooddealersmeds.com\\\/no\\\/\",\"logo\":{\"@type\":\"ImageObject\",\"inLanguage\":\"en-US\",\"@id\":\"https:\\\/\\\/gooddealersmeds.com\\\/no\\\/#\\\/schema\\\/logo\\\/image\\\/\",\"url\":\"https:\\\/\\\/gooddealersmeds.com\\\/no\\\/wp-content\\\/uploads\\\/sites\\\/8\\\/2022\\\/03\\\/gooddealersmeds__logo__20220317T222800Z.00.png\",\"contentUrl\":\"https:\\\/\\\/gooddealersmeds.com\\\/no\\\/wp-content\\\/uploads\\\/sites\\\/8\\\/2022\\\/03\\\/gooddealersmeds__logo__20220317T222800Z.00.png\",\"width\":500,\"height\":325,\"caption\":\"Good Dealers Meds\"},\"image\":{\"@id\":\"https:\\\/\\\/gooddealersmeds.com\\\/no\\\/#\\\/schema\\\/logo\\\/image\\\/\"}}]}<\/script>\n<!-- \/ Yoast SEO Premium plugin. -->","yoast_head_json":{"title":"Kj\u00f8p 3-MeO-PCP Drug Online - 3-MeO-PCP til salgs | Good Dealers Meds","description":"Kj\u00f8p 3-MeO-PCP Drug Online engros fra produsenten hos Good Dealers Meds, h\u00f8y kvalitet til en lav pris med frakt over hele verden.","robots":{"index":"index","follow":"follow","max-snippet":"max-snippet:-1","max-image-preview":"max-image-preview:large","max-video-preview":"max-video-preview:-1"},"canonical":"https:\/\/gooddealersmeds.com\/no\/product\/3-meo-pcp-medikament\/","og_locale":"en_US","og_type":"article","og_title":"Kj\u00f8p 3-MEO PCP Drug","og_description":"Kj\u00f8p 3-MeO-PCP Drug Online engros fra produsenten hos Good Dealers Meds, h\u00f8y kvalitet til en lav pris med frakt over hele verden.","og_url":"https:\/\/gooddealersmeds.com\/no\/product\/3-meo-pcp-medikament\/","og_site_name":"Good Dealers Meds","article_modified_time":"2022-10-03T21:24:44+00:00","og_image":[{"width":600,"height":600,"url":"https:\/\/gooddealersmeds.com\/no\/wp-content\/uploads\/sites\/8\/2022\/07\/3-MEO-PCP-Drug.jpg","type":"image\/jpeg"}],"twitter_card":"summary_large_image","twitter_misc":{"Est. reading time":"1 minute"},"schema":{"@context":"https:\/\/schema.org","@graph":[{"@type":"WebPage","@id":"https:\/\/gooddealersmeds.com\/no\/product\/3-meo-pcp-medikament\/","url":"https:\/\/gooddealersmeds.com\/no\/product\/3-meo-pcp-medikament\/","name":"Kj\u00f8p 3-MeO-PCP Drug Online - 3-MeO-PCP til salgs | Good Dealers Meds","isPartOf":{"@id":"https:\/\/gooddealersmeds.com\/no\/#website"},"primaryImageOfPage":{"@id":"https:\/\/gooddealersmeds.com\/no\/product\/3-meo-pcp-medikament\/#primaryimage"},"image":{"@id":"https:\/\/gooddealersmeds.com\/no\/product\/3-meo-pcp-medikament\/#primaryimage"},"thumbnailUrl":"https:\/\/gooddealersmeds.com\/no\/wp-content\/uploads\/sites\/8\/2022\/07\/3-MEO-PCP-Drug.jpg","datePublished":"2022-07-03T11:48:53+00:00","dateModified":"2022-10-03T21:24:44+00:00","description":"Kj\u00f8p 3-MeO-PCP Drug Online engros fra produsenten hos Good Dealers Meds, h\u00f8y kvalitet til en lav pris med frakt over hele verden.","breadcrumb":{"@id":"https:\/\/gooddealersmeds.com\/no\/product\/3-meo-pcp-medikament\/#breadcrumb"},"inLanguage":"en-US","potentialAction":[{"@type":"ReadAction","target":["https:\/\/gooddealersmeds.com\/no\/product\/3-meo-pcp-medikament\/"]}]},{"@type":"ImageObject","inLanguage":"en-US","@id":"https:\/\/gooddealersmeds.com\/no\/product\/3-meo-pcp-medikament\/#primaryimage","url":"https:\/\/gooddealersmeds.com\/no\/wp-content\/uploads\/sites\/8\/2022\/07\/3-MEO-PCP-Drug.jpg","contentUrl":"https:\/\/gooddealersmeds.com\/no\/wp-content\/uploads\/sites\/8\/2022\/07\/3-MEO-PCP-Drug.jpg","width":600,"height":600,"caption":"Buy 3-MeO-PCP Drug Online"},{"@type":"BreadcrumbList","@id":"https:\/\/gooddealersmeds.com\/no\/product\/3-meo-pcp-medikament\/#breadcrumb","itemListElement":[{"@type":"ListItem","position":1,"name":"Home","item":"https:\/\/gooddealersmeds.com\/no\/"},{"@type":"ListItem","position":2,"name":"Produkter","item":"https:\/\/gooddealersmeds.com\/no\/produkter\/"},{"@type":"ListItem","position":3,"name":"Kj\u00f8p 3-MEO PCP Drug"}]},{"@type":"WebSite","@id":"https:\/\/gooddealersmeds.com\/no\/#website","url":"https:\/\/gooddealersmeds.com\/no\/","name":"Good Dealers Meds","description":"All our best","publisher":{"@id":"https:\/\/gooddealersmeds.com\/no\/#organization"},"potentialAction":[{"@type":"SearchAction","target":{"@type":"EntryPoint","urlTemplate":"https:\/\/gooddealersmeds.com\/no\/?s={search_term_string}"},"query-input":{"@type":"PropertyValueSpecification","valueRequired":true,"valueName":"search_term_string"}}],"inLanguage":"en-US"},{"@type":"Organization","@id":"https:\/\/gooddealersmeds.com\/no\/#organization","name":"Good Dealers Meds","url":"https:\/\/gooddealersmeds.com\/no\/","logo":{"@type":"ImageObject","inLanguage":"en-US","@id":"https:\/\/gooddealersmeds.com\/no\/#\/schema\/logo\/image\/","url":"https:\/\/gooddealersmeds.com\/no\/wp-content\/uploads\/sites\/8\/2022\/03\/gooddealersmeds__logo__20220317T222800Z.00.png","contentUrl":"https:\/\/gooddealersmeds.com\/no\/wp-content\/uploads\/sites\/8\/2022\/03\/gooddealersmeds__logo__20220317T222800Z.00.png","width":500,"height":325,"caption":"Good Dealers Meds"},"image":{"@id":"https:\/\/gooddealersmeds.com\/no\/#\/schema\/logo\/image\/"}}]}},"_links":{"self":[{"href":"https:\/\/gooddealersmeds.com\/no\/wp-json\/wp\/v2\/product\/1891","targetHints":{"allow":["GET"]}}],"collection":[{"href":"https:\/\/gooddealersmeds.com\/no\/wp-json\/wp\/v2\/product"}],"about":[{"href":"https:\/\/gooddealersmeds.com\/no\/wp-json\/wp\/v2\/types\/product"}],"replies":[{"embeddable":true,"href":"https:\/\/gooddealersmeds.com\/no\/wp-json\/wp\/v2\/comments?post=1891"}],"wp:featuredmedia":[{"embeddable":true,"href":"https:\/\/gooddealersmeds.com\/no\/wp-json\/wp\/v2\/media\/1897"}],"wp:attachment":[{"href":"https:\/\/gooddealersmeds.com\/no\/wp-json\/wp\/v2\/media?parent=1891"}],"wp:term":[{"taxonomy":"product_brand","embeddable":true,"href":"https:\/\/gooddealersmeds.com\/no\/wp-json\/wp\/v2\/product_brand?post=1891"},{"taxonomy":"product_cat","embeddable":true,"href":"https:\/\/gooddealersmeds.com\/no\/wp-json\/wp\/v2\/product_cat?post=1891"},{"taxonomy":"product_tag","embeddable":true,"href":"https:\/\/gooddealersmeds.com\/no\/wp-json\/wp\/v2\/product_tag?post=1891"}],"curies":[{"name":"wp","href":"https:\/\/api.w.org\/{rel}","templated":true}]}}