{"id":1885,"date":"2022-07-03T11:42:40","date_gmt":"2022-07-03T11:42:40","guid":{"rendered":"https:\/\/gooddealersmeds.com\/no\/?post_type=product&#038;p=1885"},"modified":"2022-10-03T21:24:57","modified_gmt":"2022-10-03T21:24:57","slug":"4-aco-dmt-drug","status":"publish","type":"product","link":"https:\/\/gooddealersmeds.com\/no\/product\/4-aco-dmt-drug\/","title":{"rendered":"Kj\u00f8p 4-ACO DMT Drug"},"content":{"rendered":"<h1><strong>Kj\u00f8p 4-ACO DMT Drug Online. <\/strong><\/h1>\n<p>4-ACO DMT Drug er et psykoaktivt stoff laget av giften fra kroppen til en viss type bille. Navnet betyr &#8220;fire hundre&#8221; p\u00e5 spansk. Innf\u00f8dte brukte det opprinnelig i Mexico og Mellom-Amerika til \u00e5ndelige form\u00e5l, men det er n\u00e5 lovlig for rekreasjonsbruk i noen land. Kj\u00f8p 4-ACO-DMT Drug Online<\/p>\n<p>Den aktive ingrediensen i 4-ACO DMT Drug er 5-Methoxy-N (5-MeO-DIPT). Det ligner p\u00e5 andre tryptaminer som psilocybinsopp og salvia Divinorum, men sterkere. Effekten av dette stoffet varer lenger og er mindre sannsynlig \u00e5 merkes av folk som bruker det til rekreasjon enn de som bruker psilocybinsopp eller salvia Divinorum til rekreasjon fordi det har en mye h\u00f8yere konsentrasjon av 5-MeO-DIPT enn noen av de andre forbindelsene. <\/p>\n<p><strong>\u00a0<\/strong><\/p>\n<p><strong>Hvorfor kj\u00f8pe 4-ACO DMT Drug Online?<\/strong><\/p>\n<p>Kj\u00f8pe 4-ACO DMT Drug Online er den beste m\u00e5ten \u00e5 kj\u00f8pe stoffet p\u00e5 fordi mange nettsider tilbyr idiotsikker bekvemmelighet og sikkerhet. Med ankomsten av internett bruker flere og flere mennesker nettbaserte nettsteder og narkotikabutikker for \u00e5 kj\u00f8pe narkotika de synes er vanskelige \u00e5 kj\u00f8pe fysisk. Kj\u00f8p 4-ACO-DMT Drug Online<\/p>\n<p><strong>\u00a0<\/strong><\/p>\n<p><strong>Det beste stedet \u00e5 bestille 4-ACO DMT Drug<\/strong><\/p>\n<p>Det beste stedet \u00e5 kj\u00f8pe 4-ACO DMT Drug Online er <a href=\"https:\/\/gooddealersmeds.com\/no\/product\/4-aco-dmt-drug\/\">Good Dealers Meds<\/a>. De tilbyr et bredt utvalg av forskjellige typer medisiner til lave priser, slik at du kan f\u00e5 akkurat det du \u00f8nsker uten \u00e5 bekymre deg for \u00e5 bryte budsjettet ditt!<\/p>\n","protected":false},"excerpt":{"rendered":"<p>Kj\u00f8p 4-Aco-DMT Drug Online, 4-AcO-DMT \u00a0er et syntetisk produsert psykoaktivt stoff og har blitt foresl\u00e5tt av David Nichols for \u00e5 v\u00e6re et potensielt nyttig alternativ til psilocybin for farmakologiske studier.<\/p>\n","protected":false},"featured_media":1890,"comment_status":"open","ping_status":"closed","template":"","meta":{"inline_featured_image":false},"product_brand":[],"product_cat":[344],"product_tag":[],"class_list":{"0":"post-1885","1":"product","2":"type-product","3":"status-publish","4":"has-post-thumbnail","6":"product_cat-forsknings-kjemikalier","8":"first","9":"instock","10":"shipping-taxable","11":"purchasable","12":"product-type-variable","13":"has-default-attributes"},"yoast_head":"<!-- This site is optimized with the Yoast SEO Premium plugin v20.6 (Yoast SEO v27.3) - https:\/\/yoast.com\/product\/yoast-seo-premium-wordpress\/ -->\n<title>Kj\u00f8p 4-ACO-DMT Drug Online - 4-ACO-DMT til salgs | Good Dealers Meds<\/title>\n<meta name=\"description\" content=\"Kj\u00f8p 4-Aco-DMT Drug Online, syntetisk produsert psykoaktivt stoff, potensielt nyttig alternativ til psilocybin for farmakologiske studier.\" \/>\n<meta name=\"robots\" content=\"index, follow, max-snippet:-1, max-image-preview:large, max-video-preview:-1\" \/>\n<link rel=\"canonical\" href=\"https:\/\/gooddealersmeds.com\/no\/product\/4-aco-dmt-drug\/\" \/>\n<meta property=\"og:locale\" content=\"en_US\" \/>\n<meta property=\"og:type\" content=\"article\" \/>\n<meta property=\"og:title\" content=\"Kj\u00f8p 4-ACO DMT Drug\" \/>\n<meta property=\"og:description\" content=\"Kj\u00f8p 4-Aco-DMT Drug Online, syntetisk produsert psykoaktivt stoff, potensielt nyttig alternativ til psilocybin for farmakologiske studier.\" \/>\n<meta property=\"og:url\" content=\"https:\/\/gooddealersmeds.com\/no\/product\/4-aco-dmt-drug\/\" \/>\n<meta property=\"og:site_name\" content=\"Good Dealers Meds\" \/>\n<meta property=\"article:modified_time\" content=\"2022-10-03T21:24:57+00:00\" \/>\n<meta property=\"og:image\" content=\"https:\/\/gooddealersmeds.com\/no\/wp-content\/uploads\/sites\/8\/2022\/07\/Buy-4-Aco-DMT-Quality-Drug-Online.jpg\" \/>\n\t<meta property=\"og:image:width\" content=\"600\" \/>\n\t<meta property=\"og:image:height\" content=\"600\" \/>\n\t<meta property=\"og:image:type\" content=\"image\/jpeg\" \/>\n<meta name=\"twitter:card\" content=\"summary_large_image\" \/>\n<meta name=\"twitter:label1\" content=\"Est. reading time\" \/>\n\t<meta name=\"twitter:data1\" content=\"1 minute\" \/>\n<script type=\"application\/ld+json\" class=\"yoast-schema-graph\">{\"@context\":\"https:\\\/\\\/schema.org\",\"@graph\":[{\"@type\":\"WebPage\",\"@id\":\"https:\\\/\\\/gooddealersmeds.com\\\/no\\\/product\\\/4-aco-dmt-drug\\\/\",\"url\":\"https:\\\/\\\/gooddealersmeds.com\\\/no\\\/product\\\/4-aco-dmt-drug\\\/\",\"name\":\"Kj\u00f8p 4-ACO-DMT Drug Online - 4-ACO-DMT til salgs | Good Dealers Meds\",\"isPartOf\":{\"@id\":\"https:\\\/\\\/gooddealersmeds.com\\\/no\\\/#website\"},\"primaryImageOfPage\":{\"@id\":\"https:\\\/\\\/gooddealersmeds.com\\\/no\\\/product\\\/4-aco-dmt-drug\\\/#primaryimage\"},\"image\":{\"@id\":\"https:\\\/\\\/gooddealersmeds.com\\\/no\\\/product\\\/4-aco-dmt-drug\\\/#primaryimage\"},\"thumbnailUrl\":\"https:\\\/\\\/gooddealersmeds.com\\\/no\\\/wp-content\\\/uploads\\\/sites\\\/8\\\/2022\\\/07\\\/Buy-4-Aco-DMT-Quality-Drug-Online.jpg\",\"datePublished\":\"2022-07-03T11:42:40+00:00\",\"dateModified\":\"2022-10-03T21:24:57+00:00\",\"description\":\"Kj\u00f8p 4-Aco-DMT Drug Online, syntetisk produsert psykoaktivt stoff, potensielt nyttig alternativ til psilocybin for farmakologiske studier.\",\"breadcrumb\":{\"@id\":\"https:\\\/\\\/gooddealersmeds.com\\\/no\\\/product\\\/4-aco-dmt-drug\\\/#breadcrumb\"},\"inLanguage\":\"en-US\",\"potentialAction\":[{\"@type\":\"ReadAction\",\"target\":[\"https:\\\/\\\/gooddealersmeds.com\\\/no\\\/product\\\/4-aco-dmt-drug\\\/\"]}]},{\"@type\":\"ImageObject\",\"inLanguage\":\"en-US\",\"@id\":\"https:\\\/\\\/gooddealersmeds.com\\\/no\\\/product\\\/4-aco-dmt-drug\\\/#primaryimage\",\"url\":\"https:\\\/\\\/gooddealersmeds.com\\\/no\\\/wp-content\\\/uploads\\\/sites\\\/8\\\/2022\\\/07\\\/Buy-4-Aco-DMT-Quality-Drug-Online.jpg\",\"contentUrl\":\"https:\\\/\\\/gooddealersmeds.com\\\/no\\\/wp-content\\\/uploads\\\/sites\\\/8\\\/2022\\\/07\\\/Buy-4-Aco-DMT-Quality-Drug-Online.jpg\",\"width\":600,\"height\":600,\"caption\":\"Buy 4-ACO-DMT Drug Online\"},{\"@type\":\"BreadcrumbList\",\"@id\":\"https:\\\/\\\/gooddealersmeds.com\\\/no\\\/product\\\/4-aco-dmt-drug\\\/#breadcrumb\",\"itemListElement\":[{\"@type\":\"ListItem\",\"position\":1,\"name\":\"Home\",\"item\":\"https:\\\/\\\/gooddealersmeds.com\\\/no\\\/\"},{\"@type\":\"ListItem\",\"position\":2,\"name\":\"Produkter\",\"item\":\"https:\\\/\\\/gooddealersmeds.com\\\/no\\\/produkter\\\/\"},{\"@type\":\"ListItem\",\"position\":3,\"name\":\"Kj\u00f8p 4-ACO DMT Drug\"}]},{\"@type\":\"WebSite\",\"@id\":\"https:\\\/\\\/gooddealersmeds.com\\\/no\\\/#website\",\"url\":\"https:\\\/\\\/gooddealersmeds.com\\\/no\\\/\",\"name\":\"Good Dealers Meds\",\"description\":\"All our best\",\"publisher\":{\"@id\":\"https:\\\/\\\/gooddealersmeds.com\\\/no\\\/#organization\"},\"potentialAction\":[{\"@type\":\"SearchAction\",\"target\":{\"@type\":\"EntryPoint\",\"urlTemplate\":\"https:\\\/\\\/gooddealersmeds.com\\\/no\\\/?s={search_term_string}\"},\"query-input\":{\"@type\":\"PropertyValueSpecification\",\"valueRequired\":true,\"valueName\":\"search_term_string\"}}],\"inLanguage\":\"en-US\"},{\"@type\":\"Organization\",\"@id\":\"https:\\\/\\\/gooddealersmeds.com\\\/no\\\/#organization\",\"name\":\"Good Dealers Meds\",\"url\":\"https:\\\/\\\/gooddealersmeds.com\\\/no\\\/\",\"logo\":{\"@type\":\"ImageObject\",\"inLanguage\":\"en-US\",\"@id\":\"https:\\\/\\\/gooddealersmeds.com\\\/no\\\/#\\\/schema\\\/logo\\\/image\\\/\",\"url\":\"https:\\\/\\\/gooddealersmeds.com\\\/no\\\/wp-content\\\/uploads\\\/sites\\\/8\\\/2022\\\/03\\\/gooddealersmeds__logo__20220317T222800Z.00.png\",\"contentUrl\":\"https:\\\/\\\/gooddealersmeds.com\\\/no\\\/wp-content\\\/uploads\\\/sites\\\/8\\\/2022\\\/03\\\/gooddealersmeds__logo__20220317T222800Z.00.png\",\"width\":500,\"height\":325,\"caption\":\"Good Dealers Meds\"},\"image\":{\"@id\":\"https:\\\/\\\/gooddealersmeds.com\\\/no\\\/#\\\/schema\\\/logo\\\/image\\\/\"}}]}<\/script>\n<!-- \/ Yoast SEO Premium plugin. -->","yoast_head_json":{"title":"Kj\u00f8p 4-ACO-DMT Drug Online - 4-ACO-DMT til salgs | Good Dealers Meds","description":"Kj\u00f8p 4-Aco-DMT Drug Online, syntetisk produsert psykoaktivt stoff, potensielt nyttig alternativ til psilocybin for farmakologiske studier.","robots":{"index":"index","follow":"follow","max-snippet":"max-snippet:-1","max-image-preview":"max-image-preview:large","max-video-preview":"max-video-preview:-1"},"canonical":"https:\/\/gooddealersmeds.com\/no\/product\/4-aco-dmt-drug\/","og_locale":"en_US","og_type":"article","og_title":"Kj\u00f8p 4-ACO DMT Drug","og_description":"Kj\u00f8p 4-Aco-DMT Drug Online, syntetisk produsert psykoaktivt stoff, potensielt nyttig alternativ til psilocybin for farmakologiske studier.","og_url":"https:\/\/gooddealersmeds.com\/no\/product\/4-aco-dmt-drug\/","og_site_name":"Good Dealers Meds","article_modified_time":"2022-10-03T21:24:57+00:00","og_image":[{"width":600,"height":600,"url":"https:\/\/gooddealersmeds.com\/no\/wp-content\/uploads\/sites\/8\/2022\/07\/Buy-4-Aco-DMT-Quality-Drug-Online.jpg","type":"image\/jpeg"}],"twitter_card":"summary_large_image","twitter_misc":{"Est. reading time":"1 minute"},"schema":{"@context":"https:\/\/schema.org","@graph":[{"@type":"WebPage","@id":"https:\/\/gooddealersmeds.com\/no\/product\/4-aco-dmt-drug\/","url":"https:\/\/gooddealersmeds.com\/no\/product\/4-aco-dmt-drug\/","name":"Kj\u00f8p 4-ACO-DMT Drug Online - 4-ACO-DMT til salgs | Good Dealers Meds","isPartOf":{"@id":"https:\/\/gooddealersmeds.com\/no\/#website"},"primaryImageOfPage":{"@id":"https:\/\/gooddealersmeds.com\/no\/product\/4-aco-dmt-drug\/#primaryimage"},"image":{"@id":"https:\/\/gooddealersmeds.com\/no\/product\/4-aco-dmt-drug\/#primaryimage"},"thumbnailUrl":"https:\/\/gooddealersmeds.com\/no\/wp-content\/uploads\/sites\/8\/2022\/07\/Buy-4-Aco-DMT-Quality-Drug-Online.jpg","datePublished":"2022-07-03T11:42:40+00:00","dateModified":"2022-10-03T21:24:57+00:00","description":"Kj\u00f8p 4-Aco-DMT Drug Online, syntetisk produsert psykoaktivt stoff, potensielt nyttig alternativ til psilocybin for farmakologiske studier.","breadcrumb":{"@id":"https:\/\/gooddealersmeds.com\/no\/product\/4-aco-dmt-drug\/#breadcrumb"},"inLanguage":"en-US","potentialAction":[{"@type":"ReadAction","target":["https:\/\/gooddealersmeds.com\/no\/product\/4-aco-dmt-drug\/"]}]},{"@type":"ImageObject","inLanguage":"en-US","@id":"https:\/\/gooddealersmeds.com\/no\/product\/4-aco-dmt-drug\/#primaryimage","url":"https:\/\/gooddealersmeds.com\/no\/wp-content\/uploads\/sites\/8\/2022\/07\/Buy-4-Aco-DMT-Quality-Drug-Online.jpg","contentUrl":"https:\/\/gooddealersmeds.com\/no\/wp-content\/uploads\/sites\/8\/2022\/07\/Buy-4-Aco-DMT-Quality-Drug-Online.jpg","width":600,"height":600,"caption":"Buy 4-ACO-DMT Drug Online"},{"@type":"BreadcrumbList","@id":"https:\/\/gooddealersmeds.com\/no\/product\/4-aco-dmt-drug\/#breadcrumb","itemListElement":[{"@type":"ListItem","position":1,"name":"Home","item":"https:\/\/gooddealersmeds.com\/no\/"},{"@type":"ListItem","position":2,"name":"Produkter","item":"https:\/\/gooddealersmeds.com\/no\/produkter\/"},{"@type":"ListItem","position":3,"name":"Kj\u00f8p 4-ACO DMT Drug"}]},{"@type":"WebSite","@id":"https:\/\/gooddealersmeds.com\/no\/#website","url":"https:\/\/gooddealersmeds.com\/no\/","name":"Good Dealers Meds","description":"All our best","publisher":{"@id":"https:\/\/gooddealersmeds.com\/no\/#organization"},"potentialAction":[{"@type":"SearchAction","target":{"@type":"EntryPoint","urlTemplate":"https:\/\/gooddealersmeds.com\/no\/?s={search_term_string}"},"query-input":{"@type":"PropertyValueSpecification","valueRequired":true,"valueName":"search_term_string"}}],"inLanguage":"en-US"},{"@type":"Organization","@id":"https:\/\/gooddealersmeds.com\/no\/#organization","name":"Good Dealers Meds","url":"https:\/\/gooddealersmeds.com\/no\/","logo":{"@type":"ImageObject","inLanguage":"en-US","@id":"https:\/\/gooddealersmeds.com\/no\/#\/schema\/logo\/image\/","url":"https:\/\/gooddealersmeds.com\/no\/wp-content\/uploads\/sites\/8\/2022\/03\/gooddealersmeds__logo__20220317T222800Z.00.png","contentUrl":"https:\/\/gooddealersmeds.com\/no\/wp-content\/uploads\/sites\/8\/2022\/03\/gooddealersmeds__logo__20220317T222800Z.00.png","width":500,"height":325,"caption":"Good Dealers Meds"},"image":{"@id":"https:\/\/gooddealersmeds.com\/no\/#\/schema\/logo\/image\/"}}]}},"_links":{"self":[{"href":"https:\/\/gooddealersmeds.com\/no\/wp-json\/wp\/v2\/product\/1885","targetHints":{"allow":["GET"]}}],"collection":[{"href":"https:\/\/gooddealersmeds.com\/no\/wp-json\/wp\/v2\/product"}],"about":[{"href":"https:\/\/gooddealersmeds.com\/no\/wp-json\/wp\/v2\/types\/product"}],"replies":[{"embeddable":true,"href":"https:\/\/gooddealersmeds.com\/no\/wp-json\/wp\/v2\/comments?post=1885"}],"wp:featuredmedia":[{"embeddable":true,"href":"https:\/\/gooddealersmeds.com\/no\/wp-json\/wp\/v2\/media\/1890"}],"wp:attachment":[{"href":"https:\/\/gooddealersmeds.com\/no\/wp-json\/wp\/v2\/media?parent=1885"}],"wp:term":[{"taxonomy":"product_brand","embeddable":true,"href":"https:\/\/gooddealersmeds.com\/no\/wp-json\/wp\/v2\/product_brand?post=1885"},{"taxonomy":"product_cat","embeddable":true,"href":"https:\/\/gooddealersmeds.com\/no\/wp-json\/wp\/v2\/product_cat?post=1885"},{"taxonomy":"product_tag","embeddable":true,"href":"https:\/\/gooddealersmeds.com\/no\/wp-json\/wp\/v2\/product_tag?post=1885"}],"curies":[{"name":"wp","href":"https:\/\/api.w.org\/{rel}","templated":true}]}}