{"id":1877,"date":"2022-07-03T11:36:36","date_gmt":"2022-07-03T11:36:36","guid":{"rendered":"https:\/\/gooddealersmeds.com\/no\/?post_type=product&#038;p=1877"},"modified":"2022-10-03T21:25:04","modified_gmt":"2022-10-03T21:25:04","slug":"4-cec-medikament","status":"publish","type":"product","link":"https:\/\/gooddealersmeds.com\/no\/product\/4-cec-medikament\/","title":{"rendered":"Kj\u00f8p 4-CEC Drug Online"},"content":{"rendered":"<h1><strong>Kj\u00f8p 4-CEC Drug Online<\/strong><\/h1>\n<p><strong>\u00a0<\/strong><\/p>\n<p>4-CEC Drug online er en ny type medikament som har utviklet for \u00e5 hjelpe mennesker som lider av kroniske smerter. Det kan brukes til pasienter som har lidd av kroniske smerter i lang tid, som ryggsmerter eller isjias.<\/p>\n<p>Denne medisinen er tilgjengelig i tablettform, men den kan ogs\u00e5 tas sublingualt ved \u00e5 plassere en stykke under tungen i 30 sekunder eller to stykker samtidig hvis du foretrekker denne metoden fremfor \u00e5 tygge eller svelge tabletter hele.<\/p>\n<p>&nbsp;<\/p>\n<h2><strong>Grunner til \u00e5 kj\u00f8pe 4-CEC Drug Online.<\/strong><\/h2>\n<p>Du b\u00f8r vurdere <a href=\"https:\/\/infoboerse-neue-drogen.de\/substanzen\/4-cec-4-chloroethcatinon\/\">4-CEC<\/a> Narkotika p\u00e5 nettet fordi det har vist seg \u00e5 virke raskere enn andre stoffer. Brukere vil merke en bedring i tilstanden deres innen dager etter bruk av denne medisinen. Fordelene ved \u00e5 bruke 4-CEC Drug online inkluderer:<\/p>\n<p>&nbsp;<\/p>\n<ol>\n<li>Det reduserer risikoen for ytterligere skade og hjelper deg \u00e5 komme deg raskere etter den n\u00e5v\u00e6rende skaden;<\/li>\n<li>Den hjelper til med \u00e5 redusere betennelse og redusere hevelse, slik at den forbedrer mobiliteten din;<\/li>\n<li>Den lindrer muskelspasmer og forbedrer bevegeligheten ved \u00e5 redusere smerte og stivhet;<\/li>\n<li>Den hjelper til med \u00e5 lindre angst og depresjon samtidig som du forbedrer ditt generelle hum\u00f8r;<\/li>\n<li>Det hjelper \u00e5 gjenopprette balansen i kroppen din etter en ulykke eller operasjon ved \u00e5 redusere betennelse i det skadede omr\u00e5det;<\/li>\n<li>Det fungerer bedre enn de fleste andre legemidler p\u00e5 marked i dag fordi det ikke har noen negative bivirkninger som munnt\u00f8rrhet eller forstoppelse.<\/li>\n<\/ol>\n<p>&nbsp;<\/p>\n<p><strong>Hvor kan jeg kj\u00f8pe 4-CEC-medisiner p\u00e5 nettet? <\/strong><\/p>\n<p>Det beste stedet \u00e5 <a href=\"https:\/\/gooddealersmeds.com\/no\/product\/4-cec-drug\/\">kj\u00f8pe 4-CEC Drugs Online<\/a> er Great Dealers Meds. De tilbyr mange forskjellige typer medisiner til lave kostnader, slik at du kan f\u00e5 akkurat det du trenger uten \u00e5 stresse over \u00e5 bruke mer penger enn du hadde trodd. Kj\u00f8p 4-CEC Drug Online.<\/p>\n","protected":false},"excerpt":{"rendered":"<p>Kj\u00f8p 4-CEC Drug Online, 4-Chloromethcathinone er et sentralstimulerende stoff av katinonklassen som har blitt solgt p\u00e5 nettet som et designermedikament. Det ligner p\u00e5 4-CMC (analog 4-CMC).<\/p>\n","protected":false},"featured_media":1884,"comment_status":"open","ping_status":"closed","template":"","meta":{"inline_featured_image":false},"product_brand":[],"product_cat":[344],"product_tag":[],"class_list":{"0":"post-1877","1":"product","2":"type-product","3":"status-publish","4":"has-post-thumbnail","6":"product_cat-forsknings-kjemikalier","8":"first","9":"instock","10":"shipping-taxable","11":"purchasable","12":"product-type-variable","13":"has-default-attributes"},"yoast_head":"<!-- This site is optimized with the Yoast SEO Premium plugin v20.6 (Yoast SEO v27.5) - https:\/\/yoast.com\/product\/yoast-seo-premium-wordpress\/ -->\n<title>Kj\u00f8p 4-CEC Drug Online - (4-Chloroeethcathinone) |<\/title>\n<meta name=\"description\" content=\"Kj\u00f8p 4-CEC Drug Online, Det er et sentralstimulerende stoff av katinonklassen som har blitt solgt p\u00e5 nettet som et designermedisin. Det er likt med 4-CMC.\" \/>\n<meta name=\"robots\" content=\"index, follow, max-snippet:-1, max-image-preview:large, max-video-preview:-1\" \/>\n<link rel=\"canonical\" href=\"https:\/\/gooddealersmeds.com\/no\/product\/4-cec-medikament\/\" \/>\n<meta property=\"og:locale\" content=\"en_US\" \/>\n<meta property=\"og:type\" content=\"article\" \/>\n<meta property=\"og:title\" content=\"Kj\u00f8p 4-CEC Drug Online\" \/>\n<meta property=\"og:description\" content=\"Kj\u00f8p 4-CEC Drug Online, Det er et sentralstimulerende stoff av katinonklassen som har blitt solgt p\u00e5 nettet som et designermedisin. Det er likt med 4-CMC.\" \/>\n<meta property=\"og:url\" content=\"https:\/\/gooddealersmeds.com\/no\/product\/4-cec-medikament\/\" \/>\n<meta property=\"og:site_name\" content=\"Good Dealers Meds\" \/>\n<meta property=\"article:modified_time\" content=\"2022-10-03T21:25:04+00:00\" \/>\n<meta property=\"og:image\" content=\"https:\/\/gooddealersmeds.com\/no\/wp-content\/uploads\/sites\/8\/2022\/07\/4-CEC.jpg\" \/>\n\t<meta property=\"og:image:width\" content=\"600\" \/>\n\t<meta property=\"og:image:height\" content=\"600\" \/>\n\t<meta property=\"og:image:type\" content=\"image\/jpeg\" \/>\n<meta name=\"twitter:card\" content=\"summary_large_image\" \/>\n<meta name=\"twitter:label1\" content=\"Est. reading time\" \/>\n\t<meta name=\"twitter:data1\" content=\"1 minute\" \/>\n<script type=\"application\/ld+json\" class=\"yoast-schema-graph\">{\"@context\":\"https:\\\/\\\/schema.org\",\"@graph\":[{\"@type\":\"WebPage\",\"@id\":\"https:\\\/\\\/gooddealersmeds.com\\\/no\\\/product\\\/4-cec-medikament\\\/\",\"url\":\"https:\\\/\\\/gooddealersmeds.com\\\/no\\\/product\\\/4-cec-medikament\\\/\",\"name\":\"Kj\u00f8p 4-CEC Drug Online - (4-Chloroeethcathinone) |\",\"isPartOf\":{\"@id\":\"https:\\\/\\\/gooddealersmeds.com\\\/no\\\/#website\"},\"primaryImageOfPage\":{\"@id\":\"https:\\\/\\\/gooddealersmeds.com\\\/no\\\/product\\\/4-cec-medikament\\\/#primaryimage\"},\"image\":{\"@id\":\"https:\\\/\\\/gooddealersmeds.com\\\/no\\\/product\\\/4-cec-medikament\\\/#primaryimage\"},\"thumbnailUrl\":\"https:\\\/\\\/gooddealersmeds.com\\\/no\\\/wp-content\\\/uploads\\\/sites\\\/8\\\/2022\\\/07\\\/4-CEC.jpg\",\"datePublished\":\"2022-07-03T11:36:36+00:00\",\"dateModified\":\"2022-10-03T21:25:04+00:00\",\"description\":\"Kj\u00f8p 4-CEC Drug Online, Det er et sentralstimulerende stoff av katinonklassen som har blitt solgt p\u00e5 nettet som et designermedisin. Det er likt med 4-CMC.\",\"breadcrumb\":{\"@id\":\"https:\\\/\\\/gooddealersmeds.com\\\/no\\\/product\\\/4-cec-medikament\\\/#breadcrumb\"},\"inLanguage\":\"en-US\",\"potentialAction\":[{\"@type\":\"ReadAction\",\"target\":[\"https:\\\/\\\/gooddealersmeds.com\\\/no\\\/product\\\/4-cec-medikament\\\/\"]}]},{\"@type\":\"ImageObject\",\"inLanguage\":\"en-US\",\"@id\":\"https:\\\/\\\/gooddealersmeds.com\\\/no\\\/product\\\/4-cec-medikament\\\/#primaryimage\",\"url\":\"https:\\\/\\\/gooddealersmeds.com\\\/no\\\/wp-content\\\/uploads\\\/sites\\\/8\\\/2022\\\/07\\\/4-CEC.jpg\",\"contentUrl\":\"https:\\\/\\\/gooddealersmeds.com\\\/no\\\/wp-content\\\/uploads\\\/sites\\\/8\\\/2022\\\/07\\\/4-CEC.jpg\",\"width\":600,\"height\":600,\"caption\":\"Buy 4-CEC Drug Online\"},{\"@type\":\"BreadcrumbList\",\"@id\":\"https:\\\/\\\/gooddealersmeds.com\\\/no\\\/product\\\/4-cec-medikament\\\/#breadcrumb\",\"itemListElement\":[{\"@type\":\"ListItem\",\"position\":1,\"name\":\"Home\",\"item\":\"https:\\\/\\\/gooddealersmeds.com\\\/no\\\/\"},{\"@type\":\"ListItem\",\"position\":2,\"name\":\"Produkter\",\"item\":\"https:\\\/\\\/gooddealersmeds.com\\\/no\\\/produkter\\\/\"},{\"@type\":\"ListItem\",\"position\":3,\"name\":\"Kj\u00f8p 4-CEC Drug Online\"}]},{\"@type\":\"WebSite\",\"@id\":\"https:\\\/\\\/gooddealersmeds.com\\\/no\\\/#website\",\"url\":\"https:\\\/\\\/gooddealersmeds.com\\\/no\\\/\",\"name\":\"Good Dealers Meds\",\"description\":\"All our best\",\"publisher\":{\"@id\":\"https:\\\/\\\/gooddealersmeds.com\\\/no\\\/#organization\"},\"potentialAction\":[{\"@type\":\"SearchAction\",\"target\":{\"@type\":\"EntryPoint\",\"urlTemplate\":\"https:\\\/\\\/gooddealersmeds.com\\\/no\\\/?s={search_term_string}\"},\"query-input\":{\"@type\":\"PropertyValueSpecification\",\"valueRequired\":true,\"valueName\":\"search_term_string\"}}],\"inLanguage\":\"en-US\"},{\"@type\":\"Organization\",\"@id\":\"https:\\\/\\\/gooddealersmeds.com\\\/no\\\/#organization\",\"name\":\"Good Dealers Meds\",\"url\":\"https:\\\/\\\/gooddealersmeds.com\\\/no\\\/\",\"logo\":{\"@type\":\"ImageObject\",\"inLanguage\":\"en-US\",\"@id\":\"https:\\\/\\\/gooddealersmeds.com\\\/no\\\/#\\\/schema\\\/logo\\\/image\\\/\",\"url\":\"https:\\\/\\\/gooddealersmeds.com\\\/no\\\/wp-content\\\/uploads\\\/sites\\\/8\\\/2022\\\/03\\\/gooddealersmeds__logo__20220317T222800Z.00.png\",\"contentUrl\":\"https:\\\/\\\/gooddealersmeds.com\\\/no\\\/wp-content\\\/uploads\\\/sites\\\/8\\\/2022\\\/03\\\/gooddealersmeds__logo__20220317T222800Z.00.png\",\"width\":500,\"height\":325,\"caption\":\"Good Dealers Meds\"},\"image\":{\"@id\":\"https:\\\/\\\/gooddealersmeds.com\\\/no\\\/#\\\/schema\\\/logo\\\/image\\\/\"}}]}<\/script>\n<!-- \/ Yoast SEO Premium plugin. -->","yoast_head_json":{"title":"Kj\u00f8p 4-CEC Drug Online - (4-Chloroeethcathinone) |","description":"Kj\u00f8p 4-CEC Drug Online, Det er et sentralstimulerende stoff av katinonklassen som har blitt solgt p\u00e5 nettet som et designermedisin. Det er likt med 4-CMC.","robots":{"index":"index","follow":"follow","max-snippet":"max-snippet:-1","max-image-preview":"max-image-preview:large","max-video-preview":"max-video-preview:-1"},"canonical":"https:\/\/gooddealersmeds.com\/no\/product\/4-cec-medikament\/","og_locale":"en_US","og_type":"article","og_title":"Kj\u00f8p 4-CEC Drug Online","og_description":"Kj\u00f8p 4-CEC Drug Online, Det er et sentralstimulerende stoff av katinonklassen som har blitt solgt p\u00e5 nettet som et designermedisin. Det er likt med 4-CMC.","og_url":"https:\/\/gooddealersmeds.com\/no\/product\/4-cec-medikament\/","og_site_name":"Good Dealers Meds","article_modified_time":"2022-10-03T21:25:04+00:00","og_image":[{"width":600,"height":600,"url":"https:\/\/gooddealersmeds.com\/no\/wp-content\/uploads\/sites\/8\/2022\/07\/4-CEC.jpg","type":"image\/jpeg"}],"twitter_card":"summary_large_image","twitter_misc":{"Est. reading time":"1 minute"},"schema":{"@context":"https:\/\/schema.org","@graph":[{"@type":"WebPage","@id":"https:\/\/gooddealersmeds.com\/no\/product\/4-cec-medikament\/","url":"https:\/\/gooddealersmeds.com\/no\/product\/4-cec-medikament\/","name":"Kj\u00f8p 4-CEC Drug Online - (4-Chloroeethcathinone) |","isPartOf":{"@id":"https:\/\/gooddealersmeds.com\/no\/#website"},"primaryImageOfPage":{"@id":"https:\/\/gooddealersmeds.com\/no\/product\/4-cec-medikament\/#primaryimage"},"image":{"@id":"https:\/\/gooddealersmeds.com\/no\/product\/4-cec-medikament\/#primaryimage"},"thumbnailUrl":"https:\/\/gooddealersmeds.com\/no\/wp-content\/uploads\/sites\/8\/2022\/07\/4-CEC.jpg","datePublished":"2022-07-03T11:36:36+00:00","dateModified":"2022-10-03T21:25:04+00:00","description":"Kj\u00f8p 4-CEC Drug Online, Det er et sentralstimulerende stoff av katinonklassen som har blitt solgt p\u00e5 nettet som et designermedisin. Det er likt med 4-CMC.","breadcrumb":{"@id":"https:\/\/gooddealersmeds.com\/no\/product\/4-cec-medikament\/#breadcrumb"},"inLanguage":"en-US","potentialAction":[{"@type":"ReadAction","target":["https:\/\/gooddealersmeds.com\/no\/product\/4-cec-medikament\/"]}]},{"@type":"ImageObject","inLanguage":"en-US","@id":"https:\/\/gooddealersmeds.com\/no\/product\/4-cec-medikament\/#primaryimage","url":"https:\/\/gooddealersmeds.com\/no\/wp-content\/uploads\/sites\/8\/2022\/07\/4-CEC.jpg","contentUrl":"https:\/\/gooddealersmeds.com\/no\/wp-content\/uploads\/sites\/8\/2022\/07\/4-CEC.jpg","width":600,"height":600,"caption":"Buy 4-CEC Drug Online"},{"@type":"BreadcrumbList","@id":"https:\/\/gooddealersmeds.com\/no\/product\/4-cec-medikament\/#breadcrumb","itemListElement":[{"@type":"ListItem","position":1,"name":"Home","item":"https:\/\/gooddealersmeds.com\/no\/"},{"@type":"ListItem","position":2,"name":"Produkter","item":"https:\/\/gooddealersmeds.com\/no\/produkter\/"},{"@type":"ListItem","position":3,"name":"Kj\u00f8p 4-CEC Drug Online"}]},{"@type":"WebSite","@id":"https:\/\/gooddealersmeds.com\/no\/#website","url":"https:\/\/gooddealersmeds.com\/no\/","name":"Good Dealers Meds","description":"All our best","publisher":{"@id":"https:\/\/gooddealersmeds.com\/no\/#organization"},"potentialAction":[{"@type":"SearchAction","target":{"@type":"EntryPoint","urlTemplate":"https:\/\/gooddealersmeds.com\/no\/?s={search_term_string}"},"query-input":{"@type":"PropertyValueSpecification","valueRequired":true,"valueName":"search_term_string"}}],"inLanguage":"en-US"},{"@type":"Organization","@id":"https:\/\/gooddealersmeds.com\/no\/#organization","name":"Good Dealers Meds","url":"https:\/\/gooddealersmeds.com\/no\/","logo":{"@type":"ImageObject","inLanguage":"en-US","@id":"https:\/\/gooddealersmeds.com\/no\/#\/schema\/logo\/image\/","url":"https:\/\/gooddealersmeds.com\/no\/wp-content\/uploads\/sites\/8\/2022\/03\/gooddealersmeds__logo__20220317T222800Z.00.png","contentUrl":"https:\/\/gooddealersmeds.com\/no\/wp-content\/uploads\/sites\/8\/2022\/03\/gooddealersmeds__logo__20220317T222800Z.00.png","width":500,"height":325,"caption":"Good Dealers Meds"},"image":{"@id":"https:\/\/gooddealersmeds.com\/no\/#\/schema\/logo\/image\/"}}]}},"_links":{"self":[{"href":"https:\/\/gooddealersmeds.com\/no\/wp-json\/wp\/v2\/product\/1877","targetHints":{"allow":["GET"]}}],"collection":[{"href":"https:\/\/gooddealersmeds.com\/no\/wp-json\/wp\/v2\/product"}],"about":[{"href":"https:\/\/gooddealersmeds.com\/no\/wp-json\/wp\/v2\/types\/product"}],"replies":[{"embeddable":true,"href":"https:\/\/gooddealersmeds.com\/no\/wp-json\/wp\/v2\/comments?post=1877"}],"wp:featuredmedia":[{"embeddable":true,"href":"https:\/\/gooddealersmeds.com\/no\/wp-json\/wp\/v2\/media\/1884"}],"wp:attachment":[{"href":"https:\/\/gooddealersmeds.com\/no\/wp-json\/wp\/v2\/media?parent=1877"}],"wp:term":[{"taxonomy":"product_brand","embeddable":true,"href":"https:\/\/gooddealersmeds.com\/no\/wp-json\/wp\/v2\/product_brand?post=1877"},{"taxonomy":"product_cat","embeddable":true,"href":"https:\/\/gooddealersmeds.com\/no\/wp-json\/wp\/v2\/product_cat?post=1877"},{"taxonomy":"product_tag","embeddable":true,"href":"https:\/\/gooddealersmeds.com\/no\/wp-json\/wp\/v2\/product_tag?post=1877"}],"curies":[{"name":"wp","href":"https:\/\/api.w.org\/{rel}","templated":true}]}}