{"id":1875,"date":"2022-06-30T00:12:13","date_gmt":"2022-06-30T00:12:13","guid":{"rendered":"https:\/\/gooddealersmeds.com\/no\/?post_type=product&#038;p=1875"},"modified":"2022-10-03T21:25:11","modified_gmt":"2022-10-03T21:25:11","slug":"lilla-dronning","status":"publish","type":"product","link":"https:\/\/gooddealersmeds.com\/no\/product\/lilla-dronning\/","title":{"rendered":"Kj\u00f8p Purple Queen Online"},"content":{"rendered":"<p><strong>Kj\u00f8p Purple Queen Online<\/strong><\/p>\n<p>Purple Queen online er et medikament som brukes i behandlingen av en lang rekke tilstander. Det er godkjent av FDA og mange andre land over hele verden. Det er et kraftig antidepressivum som virker ved \u00e5 blokkere overf\u00f8ringen av serotonin, noradrenalin, dopamin og andre nevrotransmittere i hjernen din. N\u00e5r dette skjer, vil du f\u00f8le deg lykkeligere, mer avslappet og ha bedre hum\u00f8r.<\/p>\n<p>Purple Queen Online er en medisin som brukes til \u00e5 behandle depresjon. Det virker ved \u00e5 fremme produksjonen av visse kjemikalier i hjernen.<\/p>\n<p>Purple Queen Online er ikke for alle \u2013 det b\u00f8r bare brukes hvis du har pr\u00f8vd andre medisiner uten \u00e5 lykkes.<\/p>\n<p> gode nyheter er at Purple Queen Online har blitt godkjent av FDA og anses generelt som trygt \u00e5 bruke. Det kan imidlertid for\u00e5rsake bivirkninger hos noen mennesker, s\u00e5 det er viktig at du snakker med legen din f\u00f8r du tar denne medisinen hvis du har sp\u00f8rsm\u00e5l eller bekymringer om bruken.<\/p>\n<p>Purple Queen Online fungerer best n\u00e5r den tas p\u00e5. en vanlig tidsplan, s\u00e5 det anbefales ikke for bruk som en erstatning for terapi- eller r\u00e5dgivnings\u00f8kter. Hvis du bestemmer deg for \u00e5 pr\u00f8ve det uten \u00e5 konsultere legen din f\u00f8rst, fortell dem hvilke trinn du planlegger \u00e5 ta f\u00f8r du starter behandlingen med Purple Queen Online.<\/p>\n<p>Purple Queen er tilgjengelig i tablettform, som kommer i en flaske som inneholder 120 stk. tabletter (30 mg hver). Denne medisinen b\u00f8r tas oralt 30 minutter f\u00f8r m\u00e5ltider med mye vann.<\/p>\n<p><strong>\u00a0<\/strong><\/p>\n<p><strong>Hvorfor kj\u00f8pe Purple Queen Online?<\/strong><\/p>\n<p>Den beste m\u00e5ten \u00e5 f\u00e5 Purple Queen Online p\u00e5 er \u00e5 kj\u00f8pe den fra en p\u00e5litelig forhandler som har solgt narkotika i \u00e5revis. Du kan stole p\u00e5 dem fordi de vet hvordan de skal s\u00f8rge for at du f\u00e5r det beste stoffet for dine behov uten problemer eller bivirkninger. De har omfattende kunnskap om ulike typer medisiner og hvordan de virker p\u00e5 kroppen din, s\u00e5 de er i stand til \u00e5 finne den rette for deg raskt og enkelt.<\/p>\n<p>Du kan kj\u00f8pe Purple Queen online fra Good Dealers Meds. <\/p>\n","protected":false},"excerpt":{"rendered":"<p>Purple Queen er ren indica royalty. Ved \u00e5 kombinere de mest unnvikende og h\u00f8yt verdsatte lilla fenotypene av Kush-fjellstammer, har mesteroppdretterne hos Royal Queen Seeds utviklet en unik Kush-hybrid. Levende lilla farger, skarpe furu-aromaer og en dypt penetrerende, fysisk steinet effekt kan forventes fra Purple Queen.<\/p>\n","protected":false},"featured_media":1876,"comment_status":"open","ping_status":"closed","template":"","meta":{"inline_featured_image":false},"product_brand":[],"product_cat":[348],"product_tag":[451,481,460,459,463,464,465,466,467,468,469,470,471,472,473,474,475,476,477,461,457,458,479,462,480,478,454,456,453,455,489,490,452,483,484,486,411,485,487,488,482],"class_list":{"0":"post-1875","1":"product","2":"type-product","3":"status-publish","4":"has-post-thumbnail","6":"product_cat-marihuana","7":"product_tag-100-cannabis-olje-til-salg","8":"product_tag-billig-cannabis-fr-til-salg","9":"product_tag-cannabis-e-vske-til-salg","10":"product_tag-cannabis-e-sigaretter-til-salg","11":"product_tag-cannabis-for-sale-online","12":"product_tag-cannabis-for-sale-online-uk","13":"product_tag-cannabis-for-sale-uk","14":"product_tag-cannabis-grow-tents-for-sale","15":"product_tag-cannabis-lights-for-sale","16":"product_tag-cannabis-oil-for-sale","17":"product_tag-cannabis-oil-for-sale-online","18":"product_tag-cannabis-oil-for-sale-uk","19":"product_tag-cannabis-plant-food-for-sale","20":"product_tag-cannabis-plant-for-sale","21":"product_tag-cannabis-plants-for-sale","22":"product_tag-cannabis-plants-for-sale-uk","23":"product_tag-cannabis-pollen-for-sale","24":"product_tag-cannabis-resin-for-sale","25":"product_tag-cannabis-sale-uk","26":"product_tag-cannabis-spiselige-til-salg","27":"product_tag-cannabis-stiklinger-til-salg","28":"product_tag-cannabis-stiklinger-til-salg-uk","29":"product_tag-cannabis-terpener-til-salg","30":"product_tag-cannabis-til-salg","31":"product_tag-cannabis-vaporizer-til-salg","32":"product_tag-cannabis-fr-til-salg-i-england","33":"product_tag-cannabis-kapsler-til-salg","34":"product_tag-cannabis-kloner-til-salg","35":"product_tag-cannabis-knopper-til-salg","36":"product_tag-cannabis-sigaretter-til-salg","37":"product_tag-hvor-kan-jeg-f-cannabis","38":"product_tag-hvor-kan-bestille-cannabis","39":"product_tag-kan-jeg-kjpe-cannabis","40":"product_tag-lovlig-cannabis-til-salg","41":"product_tag-lovlig-cannabis-til-salg-uk","42":"product_tag-marihuana-fr-til-salg","43":"product_tag-marihuana-til-salg","44":"product_tag-marihuana-olje-til-salg","45":"product_tag-syntetisk-cannabis-til-salg","46":"product_tag-thc-cannabis-olje-til-salg","47":"product_tag-urte-cannabis-til-salg","49":"first","50":"instock","51":"shipping-taxable","52":"purchasable","53":"product-type-simple"},"yoast_head":"<!-- This site is optimized with the Yoast SEO Premium plugin v20.6 (Yoast SEO v27.4) - https:\/\/yoast.com\/product\/yoast-seo-premium-wordpress\/ -->\n<title>Kj\u00f8p Purple Queen Online - Bestill Marihuana |<\/title>\n<meta name=\"description\" content=\"\u00d8nsker \u00e5 kj\u00f8pe Purple Queen p\u00e5 nettet til rimelige priser &amp; f\u00e5 det levert p\u00e5 d\u00f8ren. Vi sender over hele verden, forn\u00f8yd garantert.\" \/>\n<meta name=\"robots\" content=\"index, follow, max-snippet:-1, max-image-preview:large, max-video-preview:-1\" \/>\n<link rel=\"canonical\" href=\"https:\/\/gooddealersmeds.com\/no\/product\/lilla-dronning\/\" \/>\n<meta property=\"og:locale\" content=\"en_US\" \/>\n<meta property=\"og:type\" content=\"article\" \/>\n<meta property=\"og:title\" content=\"Kj\u00f8p Purple Queen Online\" \/>\n<meta property=\"og:description\" content=\"\u00d8nsker \u00e5 kj\u00f8pe Purple Queen p\u00e5 nettet til rimelige priser &amp; f\u00e5 det levert p\u00e5 d\u00f8ren. Vi sender over hele verden, forn\u00f8yd garantert.\" \/>\n<meta property=\"og:url\" content=\"https:\/\/gooddealersmeds.com\/no\/product\/lilla-dronning\/\" \/>\n<meta property=\"og:site_name\" content=\"Good Dealers Meds\" \/>\n<meta property=\"article:modified_time\" content=\"2022-10-03T21:25:11+00:00\" \/>\n<meta property=\"og:image\" content=\"https:\/\/gooddealersmeds.com\/no\/wp-content\/uploads\/sites\/8\/2022\/06\/PURPLE-QUEEN.jpg\" \/>\n\t<meta property=\"og:image:width\" content=\"600\" \/>\n\t<meta property=\"og:image:height\" content=\"600\" \/>\n\t<meta property=\"og:image:type\" content=\"image\/jpeg\" \/>\n<meta name=\"twitter:card\" content=\"summary_large_image\" \/>\n<meta name=\"twitter:label1\" content=\"Est. reading time\" \/>\n\t<meta name=\"twitter:data1\" content=\"2 minutes\" \/>\n<script type=\"application\/ld+json\" class=\"yoast-schema-graph\">{\"@context\":\"https:\\\/\\\/schema.org\",\"@graph\":[{\"@type\":\"WebPage\",\"@id\":\"https:\\\/\\\/gooddealersmeds.com\\\/no\\\/product\\\/lilla-dronning\\\/\",\"url\":\"https:\\\/\\\/gooddealersmeds.com\\\/no\\\/product\\\/lilla-dronning\\\/\",\"name\":\"Kj\u00f8p Purple Queen Online - Bestill Marihuana |\",\"isPartOf\":{\"@id\":\"https:\\\/\\\/gooddealersmeds.com\\\/no\\\/#website\"},\"primaryImageOfPage\":{\"@id\":\"https:\\\/\\\/gooddealersmeds.com\\\/no\\\/product\\\/lilla-dronning\\\/#primaryimage\"},\"image\":{\"@id\":\"https:\\\/\\\/gooddealersmeds.com\\\/no\\\/product\\\/lilla-dronning\\\/#primaryimage\"},\"thumbnailUrl\":\"https:\\\/\\\/gooddealersmeds.com\\\/no\\\/wp-content\\\/uploads\\\/sites\\\/8\\\/2022\\\/06\\\/PURPLE-QUEEN.jpg\",\"datePublished\":\"2022-06-30T00:12:13+00:00\",\"dateModified\":\"2022-10-03T21:25:11+00:00\",\"description\":\"\u00d8nsker \u00e5 kj\u00f8pe Purple Queen p\u00e5 nettet til rimelige priser & f\u00e5 det levert p\u00e5 d\u00f8ren. Vi sender over hele verden, forn\u00f8yd garantert.\",\"breadcrumb\":{\"@id\":\"https:\\\/\\\/gooddealersmeds.com\\\/no\\\/product\\\/lilla-dronning\\\/#breadcrumb\"},\"inLanguage\":\"en-US\",\"potentialAction\":[{\"@type\":\"ReadAction\",\"target\":[\"https:\\\/\\\/gooddealersmeds.com\\\/no\\\/product\\\/lilla-dronning\\\/\"]}]},{\"@type\":\"ImageObject\",\"inLanguage\":\"en-US\",\"@id\":\"https:\\\/\\\/gooddealersmeds.com\\\/no\\\/product\\\/lilla-dronning\\\/#primaryimage\",\"url\":\"https:\\\/\\\/gooddealersmeds.com\\\/no\\\/wp-content\\\/uploads\\\/sites\\\/8\\\/2022\\\/06\\\/PURPLE-QUEEN.jpg\",\"contentUrl\":\"https:\\\/\\\/gooddealersmeds.com\\\/no\\\/wp-content\\\/uploads\\\/sites\\\/8\\\/2022\\\/06\\\/PURPLE-QUEEN.jpg\",\"width\":600,\"height\":600,\"caption\":\"Buy Purple Queen Online\"},{\"@type\":\"BreadcrumbList\",\"@id\":\"https:\\\/\\\/gooddealersmeds.com\\\/no\\\/product\\\/lilla-dronning\\\/#breadcrumb\",\"itemListElement\":[{\"@type\":\"ListItem\",\"position\":1,\"name\":\"Home\",\"item\":\"https:\\\/\\\/gooddealersmeds.com\\\/no\\\/\"},{\"@type\":\"ListItem\",\"position\":2,\"name\":\"Produkter\",\"item\":\"https:\\\/\\\/gooddealersmeds.com\\\/no\\\/produkter\\\/\"},{\"@type\":\"ListItem\",\"position\":3,\"name\":\"Kj\u00f8p Purple Queen Online\"}]},{\"@type\":\"WebSite\",\"@id\":\"https:\\\/\\\/gooddealersmeds.com\\\/no\\\/#website\",\"url\":\"https:\\\/\\\/gooddealersmeds.com\\\/no\\\/\",\"name\":\"Good Dealers Meds\",\"description\":\"All our best\",\"publisher\":{\"@id\":\"https:\\\/\\\/gooddealersmeds.com\\\/no\\\/#organization\"},\"potentialAction\":[{\"@type\":\"SearchAction\",\"target\":{\"@type\":\"EntryPoint\",\"urlTemplate\":\"https:\\\/\\\/gooddealersmeds.com\\\/no\\\/?s={search_term_string}\"},\"query-input\":{\"@type\":\"PropertyValueSpecification\",\"valueRequired\":true,\"valueName\":\"search_term_string\"}}],\"inLanguage\":\"en-US\"},{\"@type\":\"Organization\",\"@id\":\"https:\\\/\\\/gooddealersmeds.com\\\/no\\\/#organization\",\"name\":\"Good Dealers Meds\",\"url\":\"https:\\\/\\\/gooddealersmeds.com\\\/no\\\/\",\"logo\":{\"@type\":\"ImageObject\",\"inLanguage\":\"en-US\",\"@id\":\"https:\\\/\\\/gooddealersmeds.com\\\/no\\\/#\\\/schema\\\/logo\\\/image\\\/\",\"url\":\"https:\\\/\\\/gooddealersmeds.com\\\/no\\\/wp-content\\\/uploads\\\/sites\\\/8\\\/2022\\\/03\\\/gooddealersmeds__logo__20220317T222800Z.00.png\",\"contentUrl\":\"https:\\\/\\\/gooddealersmeds.com\\\/no\\\/wp-content\\\/uploads\\\/sites\\\/8\\\/2022\\\/03\\\/gooddealersmeds__logo__20220317T222800Z.00.png\",\"width\":500,\"height\":325,\"caption\":\"Good Dealers Meds\"},\"image\":{\"@id\":\"https:\\\/\\\/gooddealersmeds.com\\\/no\\\/#\\\/schema\\\/logo\\\/image\\\/\"}}]}<\/script>\n<!-- \/ Yoast SEO Premium plugin. -->","yoast_head_json":{"title":"Kj\u00f8p Purple Queen Online - Bestill Marihuana |","description":"\u00d8nsker \u00e5 kj\u00f8pe Purple Queen p\u00e5 nettet til rimelige priser & f\u00e5 det levert p\u00e5 d\u00f8ren. Vi sender over hele verden, forn\u00f8yd garantert.","robots":{"index":"index","follow":"follow","max-snippet":"max-snippet:-1","max-image-preview":"max-image-preview:large","max-video-preview":"max-video-preview:-1"},"canonical":"https:\/\/gooddealersmeds.com\/no\/product\/lilla-dronning\/","og_locale":"en_US","og_type":"article","og_title":"Kj\u00f8p Purple Queen Online","og_description":"\u00d8nsker \u00e5 kj\u00f8pe Purple Queen p\u00e5 nettet til rimelige priser & f\u00e5 det levert p\u00e5 d\u00f8ren. Vi sender over hele verden, forn\u00f8yd garantert.","og_url":"https:\/\/gooddealersmeds.com\/no\/product\/lilla-dronning\/","og_site_name":"Good Dealers Meds","article_modified_time":"2022-10-03T21:25:11+00:00","og_image":[{"width":600,"height":600,"url":"https:\/\/gooddealersmeds.com\/no\/wp-content\/uploads\/sites\/8\/2022\/06\/PURPLE-QUEEN.jpg","type":"image\/jpeg"}],"twitter_card":"summary_large_image","twitter_misc":{"Est. reading time":"2 minutes"},"schema":{"@context":"https:\/\/schema.org","@graph":[{"@type":"WebPage","@id":"https:\/\/gooddealersmeds.com\/no\/product\/lilla-dronning\/","url":"https:\/\/gooddealersmeds.com\/no\/product\/lilla-dronning\/","name":"Kj\u00f8p Purple Queen Online - Bestill Marihuana |","isPartOf":{"@id":"https:\/\/gooddealersmeds.com\/no\/#website"},"primaryImageOfPage":{"@id":"https:\/\/gooddealersmeds.com\/no\/product\/lilla-dronning\/#primaryimage"},"image":{"@id":"https:\/\/gooddealersmeds.com\/no\/product\/lilla-dronning\/#primaryimage"},"thumbnailUrl":"https:\/\/gooddealersmeds.com\/no\/wp-content\/uploads\/sites\/8\/2022\/06\/PURPLE-QUEEN.jpg","datePublished":"2022-06-30T00:12:13+00:00","dateModified":"2022-10-03T21:25:11+00:00","description":"\u00d8nsker \u00e5 kj\u00f8pe Purple Queen p\u00e5 nettet til rimelige priser & f\u00e5 det levert p\u00e5 d\u00f8ren. Vi sender over hele verden, forn\u00f8yd garantert.","breadcrumb":{"@id":"https:\/\/gooddealersmeds.com\/no\/product\/lilla-dronning\/#breadcrumb"},"inLanguage":"en-US","potentialAction":[{"@type":"ReadAction","target":["https:\/\/gooddealersmeds.com\/no\/product\/lilla-dronning\/"]}]},{"@type":"ImageObject","inLanguage":"en-US","@id":"https:\/\/gooddealersmeds.com\/no\/product\/lilla-dronning\/#primaryimage","url":"https:\/\/gooddealersmeds.com\/no\/wp-content\/uploads\/sites\/8\/2022\/06\/PURPLE-QUEEN.jpg","contentUrl":"https:\/\/gooddealersmeds.com\/no\/wp-content\/uploads\/sites\/8\/2022\/06\/PURPLE-QUEEN.jpg","width":600,"height":600,"caption":"Buy Purple Queen Online"},{"@type":"BreadcrumbList","@id":"https:\/\/gooddealersmeds.com\/no\/product\/lilla-dronning\/#breadcrumb","itemListElement":[{"@type":"ListItem","position":1,"name":"Home","item":"https:\/\/gooddealersmeds.com\/no\/"},{"@type":"ListItem","position":2,"name":"Produkter","item":"https:\/\/gooddealersmeds.com\/no\/produkter\/"},{"@type":"ListItem","position":3,"name":"Kj\u00f8p Purple Queen Online"}]},{"@type":"WebSite","@id":"https:\/\/gooddealersmeds.com\/no\/#website","url":"https:\/\/gooddealersmeds.com\/no\/","name":"Good Dealers Meds","description":"All our best","publisher":{"@id":"https:\/\/gooddealersmeds.com\/no\/#organization"},"potentialAction":[{"@type":"SearchAction","target":{"@type":"EntryPoint","urlTemplate":"https:\/\/gooddealersmeds.com\/no\/?s={search_term_string}"},"query-input":{"@type":"PropertyValueSpecification","valueRequired":true,"valueName":"search_term_string"}}],"inLanguage":"en-US"},{"@type":"Organization","@id":"https:\/\/gooddealersmeds.com\/no\/#organization","name":"Good Dealers Meds","url":"https:\/\/gooddealersmeds.com\/no\/","logo":{"@type":"ImageObject","inLanguage":"en-US","@id":"https:\/\/gooddealersmeds.com\/no\/#\/schema\/logo\/image\/","url":"https:\/\/gooddealersmeds.com\/no\/wp-content\/uploads\/sites\/8\/2022\/03\/gooddealersmeds__logo__20220317T222800Z.00.png","contentUrl":"https:\/\/gooddealersmeds.com\/no\/wp-content\/uploads\/sites\/8\/2022\/03\/gooddealersmeds__logo__20220317T222800Z.00.png","width":500,"height":325,"caption":"Good Dealers Meds"},"image":{"@id":"https:\/\/gooddealersmeds.com\/no\/#\/schema\/logo\/image\/"}}]}},"_links":{"self":[{"href":"https:\/\/gooddealersmeds.com\/no\/wp-json\/wp\/v2\/product\/1875","targetHints":{"allow":["GET"]}}],"collection":[{"href":"https:\/\/gooddealersmeds.com\/no\/wp-json\/wp\/v2\/product"}],"about":[{"href":"https:\/\/gooddealersmeds.com\/no\/wp-json\/wp\/v2\/types\/product"}],"replies":[{"embeddable":true,"href":"https:\/\/gooddealersmeds.com\/no\/wp-json\/wp\/v2\/comments?post=1875"}],"wp:featuredmedia":[{"embeddable":true,"href":"https:\/\/gooddealersmeds.com\/no\/wp-json\/wp\/v2\/media\/1876"}],"wp:attachment":[{"href":"https:\/\/gooddealersmeds.com\/no\/wp-json\/wp\/v2\/media?parent=1875"}],"wp:term":[{"taxonomy":"product_brand","embeddable":true,"href":"https:\/\/gooddealersmeds.com\/no\/wp-json\/wp\/v2\/product_brand?post=1875"},{"taxonomy":"product_cat","embeddable":true,"href":"https:\/\/gooddealersmeds.com\/no\/wp-json\/wp\/v2\/product_cat?post=1875"},{"taxonomy":"product_tag","embeddable":true,"href":"https:\/\/gooddealersmeds.com\/no\/wp-json\/wp\/v2\/product_tag?post=1875"}],"curies":[{"name":"wp","href":"https:\/\/api.w.org\/{rel}","templated":true}]}}