{"id":1873,"date":"2022-06-30T00:09:17","date_gmt":"2022-06-30T00:09:17","guid":{"rendered":"https:\/\/gooddealersmeds.com\/no\/?post_type=product&#038;p=1873"},"modified":"2022-10-03T21:25:20","modified_gmt":"2022-10-03T21:25:20","slug":"kjop-hulkberry-online","status":"publish","type":"product","link":"https:\/\/gooddealersmeds.com\/no\/product\/kjop-hulkberry-online\/","title":{"rendered":"Kj\u00f8p Hulkberry p\u00e5 nett"},"content":{"rendered":"<p>Kj\u00f8p Hulkberry Online fra butikken v\u00e5r. Denne damen er avkom av to h\u00f8yt ansette stammer. OG Kush og Strawberry Diesel slo seg sammen i fjellene i Colorado for \u00e5 skape denne kraftige fuktige stammen. Sluttresultatet er en sunn dose sirupsaktige, fruktige smaker. HulkBerry-pr\u00f8ver har vist seg \u00e5 inneholde 28 % THC. Mens de bare ble solgt i Colorado, ble de feminisert og selges n\u00e5 over hele verden.<\/p>\n<p>Stammens blader er komplekse, m\u00f8rk lilla og r\u00f8dbrune. Det st\u00e5r vakkert i kontrast til nuggenes livlige frodighet. Nugsene er ikke bare frodige; det er ogs\u00e5 et nett av m\u00f8rker\u00f8de h\u00e5r som er nesten brune og oransje som l\u00f8per p\u00e5 tvers av knoppen.<\/p>\n<p>HulkBerry er den siste stammen som dukket opp fra jakten p\u00e5 h\u00f8ypotente stammer. Hun leverer plutselig og uventet en overveldende cerebral. Hun setter deg i en psykoaktiv tilstand. Noen brukere kan synes hun er skremmende.<\/p>\n<p>Selv om denne belastningen gir en intens high, har den ogs\u00e5 en rekke medisinske fordeler. Dens styrke bekjemper stress, depresjon og frykt. Brukere kan ta sm\u00e5 doser til de er i stand til \u00e5 h\u00e5ndtere depresjonen. Andre rapporterer at belastningen \u00f8ker appetitten. Dens matretter er ideelle for folk som lider av kvalme.<\/p>\n<p>HulkBerry Feminized Seeds er en av de mest popul\u00e6re medisinske marihuana-stammene p\u00e5 markedet i dag. Disse fr\u00f8ene er kjent for sine kraftige medisinske egenskaper, som inkluderer smertelindring, angstlindring, depresjon og tap av appetitt. De er ogs\u00e5 kjent for \u00e5 ha et h\u00f8yt THC-innhold, noe som gj\u00f8r dem til et popul\u00e6rt valg blant medisinske marihuanapasienter.<\/p>\n<p>Bortsett fra sine medisinske egenskaper, er fr\u00f8ene ogs\u00e5 kjent for sin distinkte smak og aroma. Smaken og aromaen beskrives ofte som jordaktig og sitrusaktig. Fr\u00f8ene er popul\u00e6re blant b\u00e5de medisinske marihuanapasienter og fritidsmarihuanabrukere.<\/p>\n<p>Vi tilbyr hulkberry av h\u00f8y kvalitet, kj\u00f8p hulkberry online fra v\u00e5r <a href=\"https:\/\/gooddealersmeds.com\/no\/products\/\"> butikk<\/a>. Nettbutikken v\u00e5r gir ogs\u00e5 pasienter ressursene de trenger for \u00e5 h\u00e5ndtere sin ADHD og f\u00f8le seg mer i kontroll over livene sine.<\/p>\n","protected":false},"excerpt":{"rendered":"<p>HulkBerry er alter-egoet til The Incredible Hulk. Denne sinsemilla-superhelten er her for \u00e5 redde hodet. Et sted i Rocky Mountains i Colorado kolliderte de fuktige styrkene til OG Kush og Strawberry Diesel. N\u00e5 skyller THC-eksplosjonsb\u00f8lgen over Europa.<\/p>\n","protected":false},"featured_media":1874,"comment_status":"open","ping_status":"closed","template":"","meta":{"inline_featured_image":false},"product_brand":[],"product_cat":[348],"product_tag":[434,443,444,374,436,437,439,376,449,450,448,440,435,438,441,445,446,415,442,411,447,420],"class_list":{"0":"post-1873","1":"product","2":"type-product","3":"status-publish","4":"has-post-thumbnail","6":"product_cat-marihuana","7":"product_tag-amsterdam-luke","8":"product_tag-bestille-ganja-her","9":"product_tag-bestille-luke-p-nett","10":"product_tag-buy-cheap-weed-online","11":"product_tag-buy-weed-by-mail","12":"product_tag-buy-weed-near-me","13":"product_tag-cannbis-for-deg","14":"product_tag-ganja-for-sale","15":"product_tag-hvor-kan-f-marihuana-i-london","16":"product_tag-hvor-kan-f-luke-i-uk","17":"product_tag-hvor-kan-kjpe-marihuana","18":"product_tag-hvordan-bestille-weed-online","19":"product_tag-kjp-marihuana-online","20":"product_tag-kjp-ugress-p-nettet","21":"product_tag-kush-online-shop","22":"product_tag-kvalitet-cannbis-online","23":"product_tag-kvalitets-luke-p-nett","24":"product_tag-marihuana-leverandr","25":"product_tag-marihuana-p-nett","26":"product_tag-marihuana-til-salg","27":"product_tag-thc","28":"product_tag-luke-til-salg","30":"first","31":"instock","32":"shipping-taxable","33":"purchasable","34":"product-type-simple"},"yoast_head":"<!-- This site is optimized with the Yoast SEO Premium plugin v20.6 (Yoast SEO v27.5) - https:\/\/yoast.com\/product\/yoast-seo-premium-wordpress\/ -->\n<title>Kj\u00f8p Hulkberry Online | Kj\u00f8pe ugressstammer av h\u00f8y kvalitet p\u00e5 nett | Kush her<\/title>\n<meta name=\"description\" content=\"Kj\u00f8p Hulkberry Online, Vi leverer Weed av god kvalitet til rimelige priser kj\u00f8p her og f\u00e5 klasse A+stammer. Vi sender over hele Europa.\" \/>\n<meta name=\"robots\" content=\"index, follow, max-snippet:-1, max-image-preview:large, max-video-preview:-1\" \/>\n<link rel=\"canonical\" href=\"https:\/\/gooddealersmeds.com\/no\/product\/kjop-hulkberry-online\/\" \/>\n<meta property=\"og:locale\" content=\"en_US\" \/>\n<meta property=\"og:type\" content=\"article\" \/>\n<meta property=\"og:title\" content=\"Kj\u00f8p Hulkberry p\u00e5 nett\" \/>\n<meta property=\"og:description\" content=\"Kj\u00f8p Hulkberry Online, Vi leverer Weed av god kvalitet til rimelige priser kj\u00f8p her og f\u00e5 klasse A+stammer. Vi sender over hele Europa.\" \/>\n<meta property=\"og:url\" content=\"https:\/\/gooddealersmeds.com\/no\/product\/kjop-hulkberry-online\/\" \/>\n<meta property=\"og:site_name\" content=\"Good Dealers Meds\" \/>\n<meta property=\"article:modified_time\" content=\"2022-10-03T21:25:20+00:00\" \/>\n<meta property=\"og:image\" content=\"https:\/\/gooddealersmeds.com\/no\/wp-content\/uploads\/sites\/8\/2022\/06\/HULKBERRY.jpg\" \/>\n\t<meta property=\"og:image:width\" content=\"600\" \/>\n\t<meta property=\"og:image:height\" content=\"600\" \/>\n\t<meta property=\"og:image:type\" content=\"image\/jpeg\" \/>\n<meta name=\"twitter:card\" content=\"summary_large_image\" \/>\n<meta name=\"twitter:label1\" content=\"Est. reading time\" \/>\n\t<meta name=\"twitter:data1\" content=\"2 minutes\" \/>\n<script type=\"application\/ld+json\" class=\"yoast-schema-graph\">{\"@context\":\"https:\\\/\\\/schema.org\",\"@graph\":[{\"@type\":\"WebPage\",\"@id\":\"https:\\\/\\\/gooddealersmeds.com\\\/no\\\/product\\\/kjop-hulkberry-online\\\/\",\"url\":\"https:\\\/\\\/gooddealersmeds.com\\\/no\\\/product\\\/kjop-hulkberry-online\\\/\",\"name\":\"Kj\u00f8p Hulkberry Online | Kj\u00f8pe ugressstammer av h\u00f8y kvalitet p\u00e5 nett | Kush her\",\"isPartOf\":{\"@id\":\"https:\\\/\\\/gooddealersmeds.com\\\/no\\\/#website\"},\"primaryImageOfPage\":{\"@id\":\"https:\\\/\\\/gooddealersmeds.com\\\/no\\\/product\\\/kjop-hulkberry-online\\\/#primaryimage\"},\"image\":{\"@id\":\"https:\\\/\\\/gooddealersmeds.com\\\/no\\\/product\\\/kjop-hulkberry-online\\\/#primaryimage\"},\"thumbnailUrl\":\"https:\\\/\\\/gooddealersmeds.com\\\/no\\\/wp-content\\\/uploads\\\/sites\\\/8\\\/2022\\\/06\\\/HULKBERRY.jpg\",\"datePublished\":\"2022-06-30T00:09:17+00:00\",\"dateModified\":\"2022-10-03T21:25:20+00:00\",\"description\":\"Kj\u00f8p Hulkberry Online, Vi leverer Weed av god kvalitet til rimelige priser kj\u00f8p her og f\u00e5 klasse A+stammer. Vi sender over hele Europa.\",\"breadcrumb\":{\"@id\":\"https:\\\/\\\/gooddealersmeds.com\\\/no\\\/product\\\/kjop-hulkberry-online\\\/#breadcrumb\"},\"inLanguage\":\"en-US\",\"potentialAction\":[{\"@type\":\"ReadAction\",\"target\":[\"https:\\\/\\\/gooddealersmeds.com\\\/no\\\/product\\\/kjop-hulkberry-online\\\/\"]}]},{\"@type\":\"ImageObject\",\"inLanguage\":\"en-US\",\"@id\":\"https:\\\/\\\/gooddealersmeds.com\\\/no\\\/product\\\/kjop-hulkberry-online\\\/#primaryimage\",\"url\":\"https:\\\/\\\/gooddealersmeds.com\\\/no\\\/wp-content\\\/uploads\\\/sites\\\/8\\\/2022\\\/06\\\/HULKBERRY.jpg\",\"contentUrl\":\"https:\\\/\\\/gooddealersmeds.com\\\/no\\\/wp-content\\\/uploads\\\/sites\\\/8\\\/2022\\\/06\\\/HULKBERRY.jpg\",\"width\":600,\"height\":600,\"caption\":\"Buy Hulkberry Online\"},{\"@type\":\"BreadcrumbList\",\"@id\":\"https:\\\/\\\/gooddealersmeds.com\\\/no\\\/product\\\/kjop-hulkberry-online\\\/#breadcrumb\",\"itemListElement\":[{\"@type\":\"ListItem\",\"position\":1,\"name\":\"Home\",\"item\":\"https:\\\/\\\/gooddealersmeds.com\\\/no\\\/\"},{\"@type\":\"ListItem\",\"position\":2,\"name\":\"Produkter\",\"item\":\"https:\\\/\\\/gooddealersmeds.com\\\/no\\\/produkter\\\/\"},{\"@type\":\"ListItem\",\"position\":3,\"name\":\"Kj\u00f8p Hulkberry p\u00e5 nett\"}]},{\"@type\":\"WebSite\",\"@id\":\"https:\\\/\\\/gooddealersmeds.com\\\/no\\\/#website\",\"url\":\"https:\\\/\\\/gooddealersmeds.com\\\/no\\\/\",\"name\":\"Good Dealers Meds\",\"description\":\"All our best\",\"publisher\":{\"@id\":\"https:\\\/\\\/gooddealersmeds.com\\\/no\\\/#organization\"},\"potentialAction\":[{\"@type\":\"SearchAction\",\"target\":{\"@type\":\"EntryPoint\",\"urlTemplate\":\"https:\\\/\\\/gooddealersmeds.com\\\/no\\\/?s={search_term_string}\"},\"query-input\":{\"@type\":\"PropertyValueSpecification\",\"valueRequired\":true,\"valueName\":\"search_term_string\"}}],\"inLanguage\":\"en-US\"},{\"@type\":\"Organization\",\"@id\":\"https:\\\/\\\/gooddealersmeds.com\\\/no\\\/#organization\",\"name\":\"Good Dealers Meds\",\"url\":\"https:\\\/\\\/gooddealersmeds.com\\\/no\\\/\",\"logo\":{\"@type\":\"ImageObject\",\"inLanguage\":\"en-US\",\"@id\":\"https:\\\/\\\/gooddealersmeds.com\\\/no\\\/#\\\/schema\\\/logo\\\/image\\\/\",\"url\":\"https:\\\/\\\/gooddealersmeds.com\\\/no\\\/wp-content\\\/uploads\\\/sites\\\/8\\\/2022\\\/03\\\/gooddealersmeds__logo__20220317T222800Z.00.png\",\"contentUrl\":\"https:\\\/\\\/gooddealersmeds.com\\\/no\\\/wp-content\\\/uploads\\\/sites\\\/8\\\/2022\\\/03\\\/gooddealersmeds__logo__20220317T222800Z.00.png\",\"width\":500,\"height\":325,\"caption\":\"Good Dealers Meds\"},\"image\":{\"@id\":\"https:\\\/\\\/gooddealersmeds.com\\\/no\\\/#\\\/schema\\\/logo\\\/image\\\/\"}}]}<\/script>\n<!-- \/ Yoast SEO Premium plugin. -->","yoast_head_json":{"title":"Kj\u00f8p Hulkberry Online | Kj\u00f8pe ugressstammer av h\u00f8y kvalitet p\u00e5 nett | Kush her","description":"Kj\u00f8p Hulkberry Online, Vi leverer Weed av god kvalitet til rimelige priser kj\u00f8p her og f\u00e5 klasse A+stammer. Vi sender over hele Europa.","robots":{"index":"index","follow":"follow","max-snippet":"max-snippet:-1","max-image-preview":"max-image-preview:large","max-video-preview":"max-video-preview:-1"},"canonical":"https:\/\/gooddealersmeds.com\/no\/product\/kjop-hulkberry-online\/","og_locale":"en_US","og_type":"article","og_title":"Kj\u00f8p Hulkberry p\u00e5 nett","og_description":"Kj\u00f8p Hulkberry Online, Vi leverer Weed av god kvalitet til rimelige priser kj\u00f8p her og f\u00e5 klasse A+stammer. Vi sender over hele Europa.","og_url":"https:\/\/gooddealersmeds.com\/no\/product\/kjop-hulkberry-online\/","og_site_name":"Good Dealers Meds","article_modified_time":"2022-10-03T21:25:20+00:00","og_image":[{"width":600,"height":600,"url":"https:\/\/gooddealersmeds.com\/no\/wp-content\/uploads\/sites\/8\/2022\/06\/HULKBERRY.jpg","type":"image\/jpeg"}],"twitter_card":"summary_large_image","twitter_misc":{"Est. reading time":"2 minutes"},"schema":{"@context":"https:\/\/schema.org","@graph":[{"@type":"WebPage","@id":"https:\/\/gooddealersmeds.com\/no\/product\/kjop-hulkberry-online\/","url":"https:\/\/gooddealersmeds.com\/no\/product\/kjop-hulkberry-online\/","name":"Kj\u00f8p Hulkberry Online | Kj\u00f8pe ugressstammer av h\u00f8y kvalitet p\u00e5 nett | Kush her","isPartOf":{"@id":"https:\/\/gooddealersmeds.com\/no\/#website"},"primaryImageOfPage":{"@id":"https:\/\/gooddealersmeds.com\/no\/product\/kjop-hulkberry-online\/#primaryimage"},"image":{"@id":"https:\/\/gooddealersmeds.com\/no\/product\/kjop-hulkberry-online\/#primaryimage"},"thumbnailUrl":"https:\/\/gooddealersmeds.com\/no\/wp-content\/uploads\/sites\/8\/2022\/06\/HULKBERRY.jpg","datePublished":"2022-06-30T00:09:17+00:00","dateModified":"2022-10-03T21:25:20+00:00","description":"Kj\u00f8p Hulkberry Online, Vi leverer Weed av god kvalitet til rimelige priser kj\u00f8p her og f\u00e5 klasse A+stammer. Vi sender over hele Europa.","breadcrumb":{"@id":"https:\/\/gooddealersmeds.com\/no\/product\/kjop-hulkberry-online\/#breadcrumb"},"inLanguage":"en-US","potentialAction":[{"@type":"ReadAction","target":["https:\/\/gooddealersmeds.com\/no\/product\/kjop-hulkberry-online\/"]}]},{"@type":"ImageObject","inLanguage":"en-US","@id":"https:\/\/gooddealersmeds.com\/no\/product\/kjop-hulkberry-online\/#primaryimage","url":"https:\/\/gooddealersmeds.com\/no\/wp-content\/uploads\/sites\/8\/2022\/06\/HULKBERRY.jpg","contentUrl":"https:\/\/gooddealersmeds.com\/no\/wp-content\/uploads\/sites\/8\/2022\/06\/HULKBERRY.jpg","width":600,"height":600,"caption":"Buy Hulkberry Online"},{"@type":"BreadcrumbList","@id":"https:\/\/gooddealersmeds.com\/no\/product\/kjop-hulkberry-online\/#breadcrumb","itemListElement":[{"@type":"ListItem","position":1,"name":"Home","item":"https:\/\/gooddealersmeds.com\/no\/"},{"@type":"ListItem","position":2,"name":"Produkter","item":"https:\/\/gooddealersmeds.com\/no\/produkter\/"},{"@type":"ListItem","position":3,"name":"Kj\u00f8p Hulkberry p\u00e5 nett"}]},{"@type":"WebSite","@id":"https:\/\/gooddealersmeds.com\/no\/#website","url":"https:\/\/gooddealersmeds.com\/no\/","name":"Good Dealers Meds","description":"All our best","publisher":{"@id":"https:\/\/gooddealersmeds.com\/no\/#organization"},"potentialAction":[{"@type":"SearchAction","target":{"@type":"EntryPoint","urlTemplate":"https:\/\/gooddealersmeds.com\/no\/?s={search_term_string}"},"query-input":{"@type":"PropertyValueSpecification","valueRequired":true,"valueName":"search_term_string"}}],"inLanguage":"en-US"},{"@type":"Organization","@id":"https:\/\/gooddealersmeds.com\/no\/#organization","name":"Good Dealers Meds","url":"https:\/\/gooddealersmeds.com\/no\/","logo":{"@type":"ImageObject","inLanguage":"en-US","@id":"https:\/\/gooddealersmeds.com\/no\/#\/schema\/logo\/image\/","url":"https:\/\/gooddealersmeds.com\/no\/wp-content\/uploads\/sites\/8\/2022\/03\/gooddealersmeds__logo__20220317T222800Z.00.png","contentUrl":"https:\/\/gooddealersmeds.com\/no\/wp-content\/uploads\/sites\/8\/2022\/03\/gooddealersmeds__logo__20220317T222800Z.00.png","width":500,"height":325,"caption":"Good Dealers Meds"},"image":{"@id":"https:\/\/gooddealersmeds.com\/no\/#\/schema\/logo\/image\/"}}]}},"_links":{"self":[{"href":"https:\/\/gooddealersmeds.com\/no\/wp-json\/wp\/v2\/product\/1873","targetHints":{"allow":["GET"]}}],"collection":[{"href":"https:\/\/gooddealersmeds.com\/no\/wp-json\/wp\/v2\/product"}],"about":[{"href":"https:\/\/gooddealersmeds.com\/no\/wp-json\/wp\/v2\/types\/product"}],"replies":[{"embeddable":true,"href":"https:\/\/gooddealersmeds.com\/no\/wp-json\/wp\/v2\/comments?post=1873"}],"wp:featuredmedia":[{"embeddable":true,"href":"https:\/\/gooddealersmeds.com\/no\/wp-json\/wp\/v2\/media\/1874"}],"wp:attachment":[{"href":"https:\/\/gooddealersmeds.com\/no\/wp-json\/wp\/v2\/media?parent=1873"}],"wp:term":[{"taxonomy":"product_brand","embeddable":true,"href":"https:\/\/gooddealersmeds.com\/no\/wp-json\/wp\/v2\/product_brand?post=1873"},{"taxonomy":"product_cat","embeddable":true,"href":"https:\/\/gooddealersmeds.com\/no\/wp-json\/wp\/v2\/product_cat?post=1873"},{"taxonomy":"product_tag","embeddable":true,"href":"https:\/\/gooddealersmeds.com\/no\/wp-json\/wp\/v2\/product_tag?post=1873"}],"curies":[{"name":"wp","href":"https:\/\/api.w.org\/{rel}","templated":true}]}}