{"id":1871,"date":"2022-06-30T00:04:45","date_gmt":"2022-06-30T00:04:45","guid":{"rendered":"https:\/\/gooddealersmeds.com\/no\/?post_type=product&#038;p=1871"},"modified":"2022-10-03T21:25:28","modified_gmt":"2022-10-03T21:25:28","slug":"fett-banan","status":"publish","type":"product","link":"https:\/\/gooddealersmeds.com\/no\/product\/fett-banan\/","title":{"rendered":"Bestill Fat Banana Online"},"content":{"rendered":"<h1><strong>Kj\u00f8p Fat Banana Weed Strain Online<\/strong><\/h1>\n<p>Fat Banana Weed Strain er en stamme som er kjent for sine Indica-dominerende egenskaper. Fat Banana Til salgs, Den er kjent for \u00e5 v\u00e6re ekstremt avslappende og oppl\u00f8ftende, noe som gj\u00f8r den perfekt for de som \u00f8nsker \u00e5 slappe av etter en lang dag med jobb eller skole. Stammen har ogs\u00e5 en s\u00f8t lukt, noe som gj\u00f8r den lett \u00e5 identifisere n\u00e5r du leter etter den rette marihuanaen p\u00e5 et apotek.<\/p>\n<p>Fat Banana Weed Strain, ogs\u00e5 kjent som Banana OG, er en potent hybridstamme av cannabis som er kjent for sin fruktige, s\u00f8te aroma og smak. Beskrevet som smaker som bananer og tyggegummi, er den perfekt for \u00e5 behandle angst og depresjon. Beskrevet som smaker som bananer og tyggegummi, er den perfekt for \u00e5 behandle angst og depresjon.<\/p>\n<p>Fat Banana Weed Strain har vunnet flere priser for sin medisinske effektivitet og sin evne til \u00e5 hjelpe brukere med \u00e5 slappe av. Den kan ogs\u00e5 brukes til \u00e5 redusere stress og \u00f8ke fokus for \u00e5 forbedre produktiviteten p\u00e5 jobb eller skole.<\/p>\n<p>&nbsp;<\/p>\n<p><strong>Hvorfor bestille Fat Banana Weed Strain Online?<\/strong> <\/p>\n<p>&nbsp;<\/p>\n<p><a href=\"https:\/\/www.leafly.com\/strains\/fat-banana\">Fat Banana Weed Strain<\/a> er en av de beste varianter \u00e5 kj\u00f8pe p\u00e5 nett fordi det er enkelt \u00e5 finne, og det er ingen grunn til \u00e5 bekymre seg for \u00e5 bli dratt av en forhandler som selger falske weed. Faktisk, hvis du kj\u00f8per fra en anerkjent forhandler, vil de til og med sende produktet direkte hjem til deg. Like mye som vi elsker \u00e5 kj\u00f8pe fra apotek selv, trenger du noen ganger noe raskt og praktisk n\u00e5r du g\u00e5r tom for tid eller bare ikke har tid til \u00e5 kj\u00f8re rundt og lete etter noe spesifikt. Hvis det h\u00f8res ut som deg, kan Fat Banana Weed Strain v\u00e6re akkurat det du trenger!<\/p>\n<p>&nbsp;<\/p>\n<p><strong>De beste stedene \u00e5 kj\u00f8pe Fat Banana Weed Strain Online<\/strong><\/p>\n<p>Fordi denne stammen er s\u00e5 popul\u00e6r, er det mange m\u00e5ter du kan <a href=\"https:\/\/gooddealersmeds.com\/no\/product\/fat-banana\/\">kj\u00f8pe Fat Banana Weed Strain online uten \u00e5 bli svindlet av forhandlere som pr\u00f8ver \u00e5 selge deg d\u00e5rligere produkter<\/a>. Good Dealers Meds er det beste stedet \u00e5 kj\u00f8pe Fat Banana Weed Strain online.<\/p>\n","protected":false},"excerpt":{"rendered":"<p>Fat Banana er produktet av en superselektiv stammeutviklingsprosess som hadde som m\u00e5l \u00e5 hybridisere de st\u00f8rste, feteste Banana OG-pr\u00f8vene. N\u00e5 kan RQS tilby deg det beste fra gjengen. Fat Banana er stor p\u00e5 smak og inneholder en seri\u00f8s mengde cannabinoider.<\/p>\n","protected":false},"featured_media":1872,"comment_status":"open","ping_status":"closed","template":"","meta":{"inline_featured_image":false},"product_brand":[],"product_cat":[348],"product_tag":[396,400,398,407,397,401,431,433,432,403,406,405,402,404,399,408,409,410,425,413,415,411,412,414,416,419,417,418,420,421,428,426,429,424,427,423,422,430],"class_list":{"0":"post-1871","1":"product","2":"type-product","3":"status-publish","4":"has-post-thumbnail","6":"product_cat-marihuana","7":"product_tag-100-luke-til-salg","8":"product_tag-billig-luke-til-salg","9":"product_tag-buy-weed-online","10":"product_tag-er-ugress-lovlig","11":"product_tag-fordelene-av-ryke-marihuana","12":"product_tag-helse-fordeler-av-marihuana","13":"product_tag-hvor-kan-jeg-f-luke","14":"product_tag-hvor-bestille-luke","15":"product_tag-hvor-kan-kjpes-billig-ugress","16":"product_tag-hvor-mye-er-marihuana","17":"product_tag-hvordan-f-luke-p-nettet","18":"product_tag-hvordan-anskaffe-ugress","19":"product_tag-hvordan-kan-jeg-bestille-marihuana","20":"product_tag-hvordan-anskaffe-marihuana","21":"product_tag-kan-jeg-kjpe-luke","22":"product_tag-kush-til-salg","23":"product_tag-lovlig-ugress-til-salg","24":"product_tag-lovlig-ugress-for-salg","25":"product_tag-luke-planter-til-salg-uk","26":"product_tag-marihuana-helsefordeler","27":"product_tag-marihuana-leverandr","28":"product_tag-marihuana-til-salg","29":"product_tag-marihuana-til-salg-uk","30":"product_tag-marihuana-butikk","31":"product_tag-medisinske-fordeler-av-marihuana","32":"product_tag-nsker--kjpe-marihuana","33":"product_tag-ordering-weed-online","34":"product_tag-purchase-marijuana-online","35":"product_tag-luke-til-salg","36":"product_tag-luke-til-salg-i-england","37":"product_tag-ugress-butikk","38":"product_tag-ugress-harpiks-til-salg","39":"product_tag-ugress-leverandr","40":"product_tag-luke-planter-til-salg","41":"product_tag-luke-salg-uk","42":"product_tag-weed-grow-tents-for-sale","43":"product_tag-luke-til-salg-uk","44":"product_tag-weed-vaporizer-til-salg","46":"first","47":"instock","48":"shipping-taxable","49":"purchasable","50":"product-type-simple"},"yoast_head":"<!-- This site is optimized with the Yoast SEO Premium plugin v20.6 (Yoast SEO v27.3) - https:\/\/yoast.com\/product\/yoast-seo-premium-wordpress\/ -->\n<title>Fat Banana Til salgs - Bestill Cannabis Online |<\/title>\n<meta name=\"description\" content=\"Fat Banana til salgs er hybrid marihuana-stamme laget ved \u00e5 krysse OG Kush med Chiquita Banana. Kj\u00f8p den fra v\u00e5r Cannabis-butikk p\u00e5 nettet.\" \/>\n<meta name=\"robots\" content=\"index, follow, max-snippet:-1, max-image-preview:large, max-video-preview:-1\" \/>\n<link rel=\"canonical\" href=\"https:\/\/gooddealersmeds.com\/no\/product\/fett-banan\/\" \/>\n<meta property=\"og:locale\" content=\"en_US\" \/>\n<meta property=\"og:type\" content=\"article\" \/>\n<meta property=\"og:title\" content=\"Bestill Fat Banana Online\" \/>\n<meta property=\"og:description\" content=\"Fat Banana til salgs er hybrid marihuana-stamme laget ved \u00e5 krysse OG Kush med Chiquita Banana. Kj\u00f8p den fra v\u00e5r Cannabis-butikk p\u00e5 nettet.\" \/>\n<meta property=\"og:url\" content=\"https:\/\/gooddealersmeds.com\/no\/product\/fett-banan\/\" \/>\n<meta property=\"og:site_name\" content=\"Good Dealers Meds\" \/>\n<meta property=\"article:modified_time\" content=\"2022-10-03T21:25:28+00:00\" \/>\n<meta property=\"og:image\" content=\"https:\/\/gooddealersmeds.com\/no\/wp-content\/uploads\/sites\/8\/2022\/06\/FAT-BANANA.jpg\" \/>\n\t<meta property=\"og:image:width\" content=\"600\" \/>\n\t<meta property=\"og:image:height\" content=\"600\" \/>\n\t<meta property=\"og:image:type\" content=\"image\/jpeg\" \/>\n<meta name=\"twitter:card\" content=\"summary_large_image\" \/>\n<meta name=\"twitter:label1\" content=\"Est. reading time\" \/>\n\t<meta name=\"twitter:data1\" content=\"2 minutes\" \/>\n<script type=\"application\/ld+json\" class=\"yoast-schema-graph\">{\"@context\":\"https:\\\/\\\/schema.org\",\"@graph\":[{\"@type\":\"WebPage\",\"@id\":\"https:\\\/\\\/gooddealersmeds.com\\\/no\\\/product\\\/fett-banan\\\/\",\"url\":\"https:\\\/\\\/gooddealersmeds.com\\\/no\\\/product\\\/fett-banan\\\/\",\"name\":\"Fat Banana Til salgs - Bestill Cannabis Online |\",\"isPartOf\":{\"@id\":\"https:\\\/\\\/gooddealersmeds.com\\\/no\\\/#website\"},\"primaryImageOfPage\":{\"@id\":\"https:\\\/\\\/gooddealersmeds.com\\\/no\\\/product\\\/fett-banan\\\/#primaryimage\"},\"image\":{\"@id\":\"https:\\\/\\\/gooddealersmeds.com\\\/no\\\/product\\\/fett-banan\\\/#primaryimage\"},\"thumbnailUrl\":\"https:\\\/\\\/gooddealersmeds.com\\\/no\\\/wp-content\\\/uploads\\\/sites\\\/8\\\/2022\\\/06\\\/FAT-BANANA.jpg\",\"datePublished\":\"2022-06-30T00:04:45+00:00\",\"dateModified\":\"2022-10-03T21:25:28+00:00\",\"description\":\"Fat Banana til salgs er hybrid marihuana-stamme laget ved \u00e5 krysse OG Kush med Chiquita Banana. Kj\u00f8p den fra v\u00e5r Cannabis-butikk p\u00e5 nettet.\",\"breadcrumb\":{\"@id\":\"https:\\\/\\\/gooddealersmeds.com\\\/no\\\/product\\\/fett-banan\\\/#breadcrumb\"},\"inLanguage\":\"en-US\",\"potentialAction\":[{\"@type\":\"ReadAction\",\"target\":[\"https:\\\/\\\/gooddealersmeds.com\\\/no\\\/product\\\/fett-banan\\\/\"]}]},{\"@type\":\"ImageObject\",\"inLanguage\":\"en-US\",\"@id\":\"https:\\\/\\\/gooddealersmeds.com\\\/no\\\/product\\\/fett-banan\\\/#primaryimage\",\"url\":\"https:\\\/\\\/gooddealersmeds.com\\\/no\\\/wp-content\\\/uploads\\\/sites\\\/8\\\/2022\\\/06\\\/FAT-BANANA.jpg\",\"contentUrl\":\"https:\\\/\\\/gooddealersmeds.com\\\/no\\\/wp-content\\\/uploads\\\/sites\\\/8\\\/2022\\\/06\\\/FAT-BANANA.jpg\",\"width\":600,\"height\":600,\"caption\":\"Buy Fat Banana Online\"},{\"@type\":\"BreadcrumbList\",\"@id\":\"https:\\\/\\\/gooddealersmeds.com\\\/no\\\/product\\\/fett-banan\\\/#breadcrumb\",\"itemListElement\":[{\"@type\":\"ListItem\",\"position\":1,\"name\":\"Home\",\"item\":\"https:\\\/\\\/gooddealersmeds.com\\\/no\\\/\"},{\"@type\":\"ListItem\",\"position\":2,\"name\":\"Produkter\",\"item\":\"https:\\\/\\\/gooddealersmeds.com\\\/no\\\/produkter\\\/\"},{\"@type\":\"ListItem\",\"position\":3,\"name\":\"Bestill Fat Banana Online\"}]},{\"@type\":\"WebSite\",\"@id\":\"https:\\\/\\\/gooddealersmeds.com\\\/no\\\/#website\",\"url\":\"https:\\\/\\\/gooddealersmeds.com\\\/no\\\/\",\"name\":\"Good Dealers Meds\",\"description\":\"All our best\",\"publisher\":{\"@id\":\"https:\\\/\\\/gooddealersmeds.com\\\/no\\\/#organization\"},\"potentialAction\":[{\"@type\":\"SearchAction\",\"target\":{\"@type\":\"EntryPoint\",\"urlTemplate\":\"https:\\\/\\\/gooddealersmeds.com\\\/no\\\/?s={search_term_string}\"},\"query-input\":{\"@type\":\"PropertyValueSpecification\",\"valueRequired\":true,\"valueName\":\"search_term_string\"}}],\"inLanguage\":\"en-US\"},{\"@type\":\"Organization\",\"@id\":\"https:\\\/\\\/gooddealersmeds.com\\\/no\\\/#organization\",\"name\":\"Good Dealers Meds\",\"url\":\"https:\\\/\\\/gooddealersmeds.com\\\/no\\\/\",\"logo\":{\"@type\":\"ImageObject\",\"inLanguage\":\"en-US\",\"@id\":\"https:\\\/\\\/gooddealersmeds.com\\\/no\\\/#\\\/schema\\\/logo\\\/image\\\/\",\"url\":\"https:\\\/\\\/gooddealersmeds.com\\\/no\\\/wp-content\\\/uploads\\\/sites\\\/8\\\/2022\\\/03\\\/gooddealersmeds__logo__20220317T222800Z.00.png\",\"contentUrl\":\"https:\\\/\\\/gooddealersmeds.com\\\/no\\\/wp-content\\\/uploads\\\/sites\\\/8\\\/2022\\\/03\\\/gooddealersmeds__logo__20220317T222800Z.00.png\",\"width\":500,\"height\":325,\"caption\":\"Good Dealers Meds\"},\"image\":{\"@id\":\"https:\\\/\\\/gooddealersmeds.com\\\/no\\\/#\\\/schema\\\/logo\\\/image\\\/\"}}]}<\/script>\n<!-- \/ Yoast SEO Premium plugin. -->","yoast_head_json":{"title":"Fat Banana Til salgs - Bestill Cannabis Online |","description":"Fat Banana til salgs er hybrid marihuana-stamme laget ved \u00e5 krysse OG Kush med Chiquita Banana. Kj\u00f8p den fra v\u00e5r Cannabis-butikk p\u00e5 nettet.","robots":{"index":"index","follow":"follow","max-snippet":"max-snippet:-1","max-image-preview":"max-image-preview:large","max-video-preview":"max-video-preview:-1"},"canonical":"https:\/\/gooddealersmeds.com\/no\/product\/fett-banan\/","og_locale":"en_US","og_type":"article","og_title":"Bestill Fat Banana Online","og_description":"Fat Banana til salgs er hybrid marihuana-stamme laget ved \u00e5 krysse OG Kush med Chiquita Banana. Kj\u00f8p den fra v\u00e5r Cannabis-butikk p\u00e5 nettet.","og_url":"https:\/\/gooddealersmeds.com\/no\/product\/fett-banan\/","og_site_name":"Good Dealers Meds","article_modified_time":"2022-10-03T21:25:28+00:00","og_image":[{"width":600,"height":600,"url":"https:\/\/gooddealersmeds.com\/no\/wp-content\/uploads\/sites\/8\/2022\/06\/FAT-BANANA.jpg","type":"image\/jpeg"}],"twitter_card":"summary_large_image","twitter_misc":{"Est. reading time":"2 minutes"},"schema":{"@context":"https:\/\/schema.org","@graph":[{"@type":"WebPage","@id":"https:\/\/gooddealersmeds.com\/no\/product\/fett-banan\/","url":"https:\/\/gooddealersmeds.com\/no\/product\/fett-banan\/","name":"Fat Banana Til salgs - Bestill Cannabis Online |","isPartOf":{"@id":"https:\/\/gooddealersmeds.com\/no\/#website"},"primaryImageOfPage":{"@id":"https:\/\/gooddealersmeds.com\/no\/product\/fett-banan\/#primaryimage"},"image":{"@id":"https:\/\/gooddealersmeds.com\/no\/product\/fett-banan\/#primaryimage"},"thumbnailUrl":"https:\/\/gooddealersmeds.com\/no\/wp-content\/uploads\/sites\/8\/2022\/06\/FAT-BANANA.jpg","datePublished":"2022-06-30T00:04:45+00:00","dateModified":"2022-10-03T21:25:28+00:00","description":"Fat Banana til salgs er hybrid marihuana-stamme laget ved \u00e5 krysse OG Kush med Chiquita Banana. Kj\u00f8p den fra v\u00e5r Cannabis-butikk p\u00e5 nettet.","breadcrumb":{"@id":"https:\/\/gooddealersmeds.com\/no\/product\/fett-banan\/#breadcrumb"},"inLanguage":"en-US","potentialAction":[{"@type":"ReadAction","target":["https:\/\/gooddealersmeds.com\/no\/product\/fett-banan\/"]}]},{"@type":"ImageObject","inLanguage":"en-US","@id":"https:\/\/gooddealersmeds.com\/no\/product\/fett-banan\/#primaryimage","url":"https:\/\/gooddealersmeds.com\/no\/wp-content\/uploads\/sites\/8\/2022\/06\/FAT-BANANA.jpg","contentUrl":"https:\/\/gooddealersmeds.com\/no\/wp-content\/uploads\/sites\/8\/2022\/06\/FAT-BANANA.jpg","width":600,"height":600,"caption":"Buy Fat Banana Online"},{"@type":"BreadcrumbList","@id":"https:\/\/gooddealersmeds.com\/no\/product\/fett-banan\/#breadcrumb","itemListElement":[{"@type":"ListItem","position":1,"name":"Home","item":"https:\/\/gooddealersmeds.com\/no\/"},{"@type":"ListItem","position":2,"name":"Produkter","item":"https:\/\/gooddealersmeds.com\/no\/produkter\/"},{"@type":"ListItem","position":3,"name":"Bestill Fat Banana Online"}]},{"@type":"WebSite","@id":"https:\/\/gooddealersmeds.com\/no\/#website","url":"https:\/\/gooddealersmeds.com\/no\/","name":"Good Dealers Meds","description":"All our best","publisher":{"@id":"https:\/\/gooddealersmeds.com\/no\/#organization"},"potentialAction":[{"@type":"SearchAction","target":{"@type":"EntryPoint","urlTemplate":"https:\/\/gooddealersmeds.com\/no\/?s={search_term_string}"},"query-input":{"@type":"PropertyValueSpecification","valueRequired":true,"valueName":"search_term_string"}}],"inLanguage":"en-US"},{"@type":"Organization","@id":"https:\/\/gooddealersmeds.com\/no\/#organization","name":"Good Dealers Meds","url":"https:\/\/gooddealersmeds.com\/no\/","logo":{"@type":"ImageObject","inLanguage":"en-US","@id":"https:\/\/gooddealersmeds.com\/no\/#\/schema\/logo\/image\/","url":"https:\/\/gooddealersmeds.com\/no\/wp-content\/uploads\/sites\/8\/2022\/03\/gooddealersmeds__logo__20220317T222800Z.00.png","contentUrl":"https:\/\/gooddealersmeds.com\/no\/wp-content\/uploads\/sites\/8\/2022\/03\/gooddealersmeds__logo__20220317T222800Z.00.png","width":500,"height":325,"caption":"Good Dealers Meds"},"image":{"@id":"https:\/\/gooddealersmeds.com\/no\/#\/schema\/logo\/image\/"}}]}},"_links":{"self":[{"href":"https:\/\/gooddealersmeds.com\/no\/wp-json\/wp\/v2\/product\/1871","targetHints":{"allow":["GET"]}}],"collection":[{"href":"https:\/\/gooddealersmeds.com\/no\/wp-json\/wp\/v2\/product"}],"about":[{"href":"https:\/\/gooddealersmeds.com\/no\/wp-json\/wp\/v2\/types\/product"}],"replies":[{"embeddable":true,"href":"https:\/\/gooddealersmeds.com\/no\/wp-json\/wp\/v2\/comments?post=1871"}],"wp:featuredmedia":[{"embeddable":true,"href":"https:\/\/gooddealersmeds.com\/no\/wp-json\/wp\/v2\/media\/1872"}],"wp:attachment":[{"href":"https:\/\/gooddealersmeds.com\/no\/wp-json\/wp\/v2\/media?parent=1871"}],"wp:term":[{"taxonomy":"product_brand","embeddable":true,"href":"https:\/\/gooddealersmeds.com\/no\/wp-json\/wp\/v2\/product_brand?post=1871"},{"taxonomy":"product_cat","embeddable":true,"href":"https:\/\/gooddealersmeds.com\/no\/wp-json\/wp\/v2\/product_cat?post=1871"},{"taxonomy":"product_tag","embeddable":true,"href":"https:\/\/gooddealersmeds.com\/no\/wp-json\/wp\/v2\/product_tag?post=1871"}],"curies":[{"name":"wp","href":"https:\/\/api.w.org\/{rel}","templated":true}]}}