{"id":1869,"date":"2022-06-30T00:00:32","date_gmt":"2022-06-30T00:00:32","guid":{"rendered":"https:\/\/gooddealersmeds.com\/no\/?post_type=product&#038;p=1869"},"modified":"2022-10-03T21:25:37","modified_gmt":"2022-10-03T21:25:37","slug":"kjeks-gelato","status":"publish","type":"product","link":"https:\/\/gooddealersmeds.com\/no\/product\/kjeks-gelato\/","title":{"rendered":"Kj\u00f8p Cookies Gelato Online"},"content":{"rendered":"<h1><strong>Cookies Gelato Til salgs\u00a0\u00a0<\/strong><\/h1>\n<p>Cookies Gelato Online er et nettsted <a href=\"https:\/\/gooddealersmeds.com\/no\/product\/cookies-gelato\/\"> hvor du kan kj\u00f8pe cookie gelato p\u00e5 nettet<\/a>. Cookies Gelato Til salgs, Selskapet ble grunnlagt i 2016 og er basert i New York. Cookies Gelato Online selger en rekke forskjellige typer gelato, men deres mest popul\u00e6re produkt er cookies gelato. De selger ogs\u00e5 andre typer iskrem, men den mest popul\u00e6re typen is er kakegelato. Selskapet har eksistert i omtrent et \u00e5r n\u00e5 og vokser fortsatt veldig raskt! Cookies Gelato Online har blitt stadig mer popul\u00e6rt hver dag fordi det er enkelt \u00e5 kj\u00f8pe gelato online fra dem; du bare fyller ut et elektronisk skjema med all informasjonen din, s\u00e5 sender de bestillingen din med en gang!<\/p>\n<p><strong>\u00a0<\/strong><\/p>\n<h2><strong>Hvorfor Kj\u00f8pe Cookies Gelato Online?<\/strong><\/h2>\n<p>&nbsp;<\/p>\n<p>Det er en rekke grunner til at du b\u00f8r kj\u00f8pe informasjonskapsler gelato online fra Cookies Gelato Online:<\/p>\n<p> 1) Du f\u00e5r velge hvilken smak du vil ha.<\/p>\n<p>2) Du trenger ikke g\u00e5 hvor som helst eller forlate huset.<\/p>\n<p>3) Du kan f\u00e5 akkurat det du vil uten noe oppstyr rundt omkring.<\/p>\n<p>&nbsp;<\/p>\n<p><strong>Det beste stedet \u00e5 kj\u00f8pe informasjonskapsler Gelato Online?<\/strong><\/p>\n<p>&nbsp;<\/p>\n<p>Det er mange av dem! Men hvis du \u00f8nsker \u00e5 g\u00e5 p\u00e5 jakt og lande p\u00e5 bare ett sted som tilbyr deg den beste avtalen noensinne, er Good Dealers Meds stedet \u00e5 komme. Sjekk ut hele utvalget v\u00e5rt av rekreasjons- og medisinske medisiner for \u00e5 finne tilbudene du ikke kommer til \u00e5 angre p\u00e5 n\u00e5r du har brukt pengene dine.<\/p>\n","protected":false},"excerpt":{"rendered":"<p>Cookies Gelato er kj\u00e6rlighetsbarnet til to legendariske cannabisstammer. Hun arvet vanvittig styrke, en s\u00f8t smak og imponerende produktivitet.<\/p>\n","protected":false},"featured_media":1870,"comment_status":"open","ping_status":"closed","template":"","meta":{"inline_featured_image":false},"product_brand":[],"product_cat":[348],"product_tag":[369,387,370,371,372,373,374,375,388,376,377,378,379,380,394,381,389,390,383,384,385,386,392,391,382,393,395],"class_list":{"0":"post-1869","1":"product","2":"type-product","3":"status-publish","4":"has-post-thumbnail","6":"product_cat-marihuana","7":"product_tag-afghansk-kush","8":"product_tag-ananas-kush","9":"product_tag-ballsekk","10":"product_tag-beste-ugress-ledd","11":"product_tag-stort-bud","12":"product_tag-blbr-nam-nam","13":"product_tag-buy-cheap-weed-online","14":"product_tag-buy-wholesale-marijuana","15":"product_tag-flyvrak","16":"product_tag-ganja-for-sale","17":"product_tag-jente-speider-informasjonskapsler","18":"product_tag-bestefar-lilla","19":"product_tag-grnn-sprekk","20":"product_tag-hamp-til-salg","21":"product_tag-hvit-neshorn","22":"product_tag-kandy-kush","23":"product_tag-lilla-dis","24":"product_tag-lilla-kush","25":"product_tag-mango-kush","26":"product_tag-marihuana-planter","27":"product_tag-nordlys-5","28":"product_tag-og-kush","29":"product_tag-over-diesel","30":"product_tag-sensi-star-x-ak47","31":"product_tag-sitrondrpe","32":"product_tag-sur-og-kush","33":"product_tag-hvit-enke-x-nordlys","35":"first","36":"instock","37":"shipping-taxable","38":"purchasable","39":"product-type-simple"},"yoast_head":"<!-- This site is optimized with the Yoast SEO Premium plugin v20.6 (Yoast SEO v27.4) - https:\/\/yoast.com\/product\/yoast-seo-premium-wordpress\/ -->\n<title>Cookies Gelato Til salgs - Beste stedet \u00e5 kj\u00f8pe Weed |<\/title>\n<meta name=\"description\" content=\"Kj\u00f8p Gelato Cookies Weed Online fra. Gelato er en fristende hybrid cannabisstamme fra Cookie Fam og Sherbinski. Cookies Gelato til salgs\" \/>\n<meta name=\"robots\" content=\"index, follow, max-snippet:-1, max-image-preview:large, max-video-preview:-1\" \/>\n<link rel=\"canonical\" href=\"https:\/\/gooddealersmeds.com\/no\/product\/kjeks-gelato\/\" \/>\n<meta property=\"og:locale\" content=\"en_US\" \/>\n<meta property=\"og:type\" content=\"article\" \/>\n<meta property=\"og:title\" content=\"Kj\u00f8p Cookies Gelato Online\" \/>\n<meta property=\"og:description\" content=\"Kj\u00f8p Gelato Cookies Weed Online fra. Gelato er en fristende hybrid cannabisstamme fra Cookie Fam og Sherbinski. Cookies Gelato til salgs\" \/>\n<meta property=\"og:url\" content=\"https:\/\/gooddealersmeds.com\/no\/product\/kjeks-gelato\/\" \/>\n<meta property=\"og:site_name\" content=\"Good Dealers Meds\" \/>\n<meta property=\"article:modified_time\" content=\"2022-10-03T21:25:37+00:00\" \/>\n<meta property=\"og:image\" content=\"https:\/\/gooddealersmeds.com\/no\/wp-content\/uploads\/sites\/8\/2022\/06\/COOKIES-GELATO.jpg\" \/>\n\t<meta property=\"og:image:width\" content=\"600\" \/>\n\t<meta property=\"og:image:height\" content=\"600\" \/>\n\t<meta property=\"og:image:type\" content=\"image\/jpeg\" \/>\n<meta name=\"twitter:card\" content=\"summary_large_image\" \/>\n<meta name=\"twitter:label1\" content=\"Est. reading time\" \/>\n\t<meta name=\"twitter:data1\" content=\"1 minute\" \/>\n<script type=\"application\/ld+json\" class=\"yoast-schema-graph\">{\"@context\":\"https:\\\/\\\/schema.org\",\"@graph\":[{\"@type\":\"WebPage\",\"@id\":\"https:\\\/\\\/gooddealersmeds.com\\\/no\\\/product\\\/kjeks-gelato\\\/\",\"url\":\"https:\\\/\\\/gooddealersmeds.com\\\/no\\\/product\\\/kjeks-gelato\\\/\",\"name\":\"Cookies Gelato Til salgs - Beste stedet \u00e5 kj\u00f8pe Weed |\",\"isPartOf\":{\"@id\":\"https:\\\/\\\/gooddealersmeds.com\\\/no\\\/#website\"},\"primaryImageOfPage\":{\"@id\":\"https:\\\/\\\/gooddealersmeds.com\\\/no\\\/product\\\/kjeks-gelato\\\/#primaryimage\"},\"image\":{\"@id\":\"https:\\\/\\\/gooddealersmeds.com\\\/no\\\/product\\\/kjeks-gelato\\\/#primaryimage\"},\"thumbnailUrl\":\"https:\\\/\\\/gooddealersmeds.com\\\/no\\\/wp-content\\\/uploads\\\/sites\\\/8\\\/2022\\\/06\\\/COOKIES-GELATO.jpg\",\"datePublished\":\"2022-06-30T00:00:32+00:00\",\"dateModified\":\"2022-10-03T21:25:37+00:00\",\"description\":\"Kj\u00f8p Gelato Cookies Weed Online fra. Gelato er en fristende hybrid cannabisstamme fra Cookie Fam og Sherbinski. Cookies Gelato til salgs\",\"breadcrumb\":{\"@id\":\"https:\\\/\\\/gooddealersmeds.com\\\/no\\\/product\\\/kjeks-gelato\\\/#breadcrumb\"},\"inLanguage\":\"en-US\",\"potentialAction\":[{\"@type\":\"ReadAction\",\"target\":[\"https:\\\/\\\/gooddealersmeds.com\\\/no\\\/product\\\/kjeks-gelato\\\/\"]}]},{\"@type\":\"ImageObject\",\"inLanguage\":\"en-US\",\"@id\":\"https:\\\/\\\/gooddealersmeds.com\\\/no\\\/product\\\/kjeks-gelato\\\/#primaryimage\",\"url\":\"https:\\\/\\\/gooddealersmeds.com\\\/no\\\/wp-content\\\/uploads\\\/sites\\\/8\\\/2022\\\/06\\\/COOKIES-GELATO.jpg\",\"contentUrl\":\"https:\\\/\\\/gooddealersmeds.com\\\/no\\\/wp-content\\\/uploads\\\/sites\\\/8\\\/2022\\\/06\\\/COOKIES-GELATO.jpg\",\"width\":600,\"height\":600,\"caption\":\"Cookies Gelato\"},{\"@type\":\"BreadcrumbList\",\"@id\":\"https:\\\/\\\/gooddealersmeds.com\\\/no\\\/product\\\/kjeks-gelato\\\/#breadcrumb\",\"itemListElement\":[{\"@type\":\"ListItem\",\"position\":1,\"name\":\"Home\",\"item\":\"https:\\\/\\\/gooddealersmeds.com\\\/no\\\/\"},{\"@type\":\"ListItem\",\"position\":2,\"name\":\"Produkter\",\"item\":\"https:\\\/\\\/gooddealersmeds.com\\\/no\\\/produkter\\\/\"},{\"@type\":\"ListItem\",\"position\":3,\"name\":\"Kj\u00f8p Cookies Gelato Online\"}]},{\"@type\":\"WebSite\",\"@id\":\"https:\\\/\\\/gooddealersmeds.com\\\/no\\\/#website\",\"url\":\"https:\\\/\\\/gooddealersmeds.com\\\/no\\\/\",\"name\":\"Good Dealers Meds\",\"description\":\"All our best\",\"publisher\":{\"@id\":\"https:\\\/\\\/gooddealersmeds.com\\\/no\\\/#organization\"},\"potentialAction\":[{\"@type\":\"SearchAction\",\"target\":{\"@type\":\"EntryPoint\",\"urlTemplate\":\"https:\\\/\\\/gooddealersmeds.com\\\/no\\\/?s={search_term_string}\"},\"query-input\":{\"@type\":\"PropertyValueSpecification\",\"valueRequired\":true,\"valueName\":\"search_term_string\"}}],\"inLanguage\":\"en-US\"},{\"@type\":\"Organization\",\"@id\":\"https:\\\/\\\/gooddealersmeds.com\\\/no\\\/#organization\",\"name\":\"Good Dealers Meds\",\"url\":\"https:\\\/\\\/gooddealersmeds.com\\\/no\\\/\",\"logo\":{\"@type\":\"ImageObject\",\"inLanguage\":\"en-US\",\"@id\":\"https:\\\/\\\/gooddealersmeds.com\\\/no\\\/#\\\/schema\\\/logo\\\/image\\\/\",\"url\":\"https:\\\/\\\/gooddealersmeds.com\\\/no\\\/wp-content\\\/uploads\\\/sites\\\/8\\\/2022\\\/03\\\/gooddealersmeds__logo__20220317T222800Z.00.png\",\"contentUrl\":\"https:\\\/\\\/gooddealersmeds.com\\\/no\\\/wp-content\\\/uploads\\\/sites\\\/8\\\/2022\\\/03\\\/gooddealersmeds__logo__20220317T222800Z.00.png\",\"width\":500,\"height\":325,\"caption\":\"Good Dealers Meds\"},\"image\":{\"@id\":\"https:\\\/\\\/gooddealersmeds.com\\\/no\\\/#\\\/schema\\\/logo\\\/image\\\/\"}}]}<\/script>\n<!-- \/ Yoast SEO Premium plugin. -->","yoast_head_json":{"title":"Cookies Gelato Til salgs - Beste stedet \u00e5 kj\u00f8pe Weed |","description":"Kj\u00f8p Gelato Cookies Weed Online fra. Gelato er en fristende hybrid cannabisstamme fra Cookie Fam og Sherbinski. Cookies Gelato til salgs","robots":{"index":"index","follow":"follow","max-snippet":"max-snippet:-1","max-image-preview":"max-image-preview:large","max-video-preview":"max-video-preview:-1"},"canonical":"https:\/\/gooddealersmeds.com\/no\/product\/kjeks-gelato\/","og_locale":"en_US","og_type":"article","og_title":"Kj\u00f8p Cookies Gelato Online","og_description":"Kj\u00f8p Gelato Cookies Weed Online fra. Gelato er en fristende hybrid cannabisstamme fra Cookie Fam og Sherbinski. Cookies Gelato til salgs","og_url":"https:\/\/gooddealersmeds.com\/no\/product\/kjeks-gelato\/","og_site_name":"Good Dealers Meds","article_modified_time":"2022-10-03T21:25:37+00:00","og_image":[{"width":600,"height":600,"url":"https:\/\/gooddealersmeds.com\/no\/wp-content\/uploads\/sites\/8\/2022\/06\/COOKIES-GELATO.jpg","type":"image\/jpeg"}],"twitter_card":"summary_large_image","twitter_misc":{"Est. reading time":"1 minute"},"schema":{"@context":"https:\/\/schema.org","@graph":[{"@type":"WebPage","@id":"https:\/\/gooddealersmeds.com\/no\/product\/kjeks-gelato\/","url":"https:\/\/gooddealersmeds.com\/no\/product\/kjeks-gelato\/","name":"Cookies Gelato Til salgs - Beste stedet \u00e5 kj\u00f8pe Weed |","isPartOf":{"@id":"https:\/\/gooddealersmeds.com\/no\/#website"},"primaryImageOfPage":{"@id":"https:\/\/gooddealersmeds.com\/no\/product\/kjeks-gelato\/#primaryimage"},"image":{"@id":"https:\/\/gooddealersmeds.com\/no\/product\/kjeks-gelato\/#primaryimage"},"thumbnailUrl":"https:\/\/gooddealersmeds.com\/no\/wp-content\/uploads\/sites\/8\/2022\/06\/COOKIES-GELATO.jpg","datePublished":"2022-06-30T00:00:32+00:00","dateModified":"2022-10-03T21:25:37+00:00","description":"Kj\u00f8p Gelato Cookies Weed Online fra. Gelato er en fristende hybrid cannabisstamme fra Cookie Fam og Sherbinski. Cookies Gelato til salgs","breadcrumb":{"@id":"https:\/\/gooddealersmeds.com\/no\/product\/kjeks-gelato\/#breadcrumb"},"inLanguage":"en-US","potentialAction":[{"@type":"ReadAction","target":["https:\/\/gooddealersmeds.com\/no\/product\/kjeks-gelato\/"]}]},{"@type":"ImageObject","inLanguage":"en-US","@id":"https:\/\/gooddealersmeds.com\/no\/product\/kjeks-gelato\/#primaryimage","url":"https:\/\/gooddealersmeds.com\/no\/wp-content\/uploads\/sites\/8\/2022\/06\/COOKIES-GELATO.jpg","contentUrl":"https:\/\/gooddealersmeds.com\/no\/wp-content\/uploads\/sites\/8\/2022\/06\/COOKIES-GELATO.jpg","width":600,"height":600,"caption":"Cookies Gelato"},{"@type":"BreadcrumbList","@id":"https:\/\/gooddealersmeds.com\/no\/product\/kjeks-gelato\/#breadcrumb","itemListElement":[{"@type":"ListItem","position":1,"name":"Home","item":"https:\/\/gooddealersmeds.com\/no\/"},{"@type":"ListItem","position":2,"name":"Produkter","item":"https:\/\/gooddealersmeds.com\/no\/produkter\/"},{"@type":"ListItem","position":3,"name":"Kj\u00f8p Cookies Gelato Online"}]},{"@type":"WebSite","@id":"https:\/\/gooddealersmeds.com\/no\/#website","url":"https:\/\/gooddealersmeds.com\/no\/","name":"Good Dealers Meds","description":"All our best","publisher":{"@id":"https:\/\/gooddealersmeds.com\/no\/#organization"},"potentialAction":[{"@type":"SearchAction","target":{"@type":"EntryPoint","urlTemplate":"https:\/\/gooddealersmeds.com\/no\/?s={search_term_string}"},"query-input":{"@type":"PropertyValueSpecification","valueRequired":true,"valueName":"search_term_string"}}],"inLanguage":"en-US"},{"@type":"Organization","@id":"https:\/\/gooddealersmeds.com\/no\/#organization","name":"Good Dealers Meds","url":"https:\/\/gooddealersmeds.com\/no\/","logo":{"@type":"ImageObject","inLanguage":"en-US","@id":"https:\/\/gooddealersmeds.com\/no\/#\/schema\/logo\/image\/","url":"https:\/\/gooddealersmeds.com\/no\/wp-content\/uploads\/sites\/8\/2022\/03\/gooddealersmeds__logo__20220317T222800Z.00.png","contentUrl":"https:\/\/gooddealersmeds.com\/no\/wp-content\/uploads\/sites\/8\/2022\/03\/gooddealersmeds__logo__20220317T222800Z.00.png","width":500,"height":325,"caption":"Good Dealers Meds"},"image":{"@id":"https:\/\/gooddealersmeds.com\/no\/#\/schema\/logo\/image\/"}}]}},"_links":{"self":[{"href":"https:\/\/gooddealersmeds.com\/no\/wp-json\/wp\/v2\/product\/1869","targetHints":{"allow":["GET"]}}],"collection":[{"href":"https:\/\/gooddealersmeds.com\/no\/wp-json\/wp\/v2\/product"}],"about":[{"href":"https:\/\/gooddealersmeds.com\/no\/wp-json\/wp\/v2\/types\/product"}],"replies":[{"embeddable":true,"href":"https:\/\/gooddealersmeds.com\/no\/wp-json\/wp\/v2\/comments?post=1869"}],"wp:featuredmedia":[{"embeddable":true,"href":"https:\/\/gooddealersmeds.com\/no\/wp-json\/wp\/v2\/media\/1870"}],"wp:attachment":[{"href":"https:\/\/gooddealersmeds.com\/no\/wp-json\/wp\/v2\/media?parent=1869"}],"wp:term":[{"taxonomy":"product_brand","embeddable":true,"href":"https:\/\/gooddealersmeds.com\/no\/wp-json\/wp\/v2\/product_brand?post=1869"},{"taxonomy":"product_cat","embeddable":true,"href":"https:\/\/gooddealersmeds.com\/no\/wp-json\/wp\/v2\/product_cat?post=1869"},{"taxonomy":"product_tag","embeddable":true,"href":"https:\/\/gooddealersmeds.com\/no\/wp-json\/wp\/v2\/product_tag?post=1869"}],"curies":[{"name":"wp","href":"https:\/\/api.w.org\/{rel}","templated":true}]}}