{"id":1867,"date":"2022-06-29T23:56:03","date_gmt":"2022-06-29T23:56:03","guid":{"rendered":"https:\/\/gooddealersmeds.com\/no\/?post_type=product&#038;p=1867"},"modified":"2022-10-03T21:25:45","modified_gmt":"2022-10-03T21:25:45","slug":"hukommelsestap","status":"publish","type":"product","link":"https:\/\/gooddealersmeds.com\/no\/product\/hukommelsestap\/","title":{"rendered":"Kj\u00f8p Amnesia Haze Online"},"content":{"rendered":"<h1><strong>Kj\u00f8p Amnesia Haze Online <\/strong><\/h1>\n<p><strong>\u00a0<\/strong><\/p>\n<p><a href=\"https:\/\/gooddealersmeds.com\/no\/ product\/amnesia-haze\/\">Amnesia Haze Online<\/a> er de beste og mest effektive cannabisstammene du kan finne. Det er en Sativa-dominerende stamme med en fuktig aroma og smak. High er veldig sterk og vil vare i ca 2 timer. Den har et 60\/40 Sativa\/Indica-forhold med et THC-innhold p\u00e5 16 % og CBD-innhold p\u00e5 1 %.<\/p>\n<p>Amnesia Haze er en potent, full-body Indica-stamme som vokser i en buskete, tett form . Knoppene er dekket av gr\u00f8nne pistiller og oransje h\u00e5r. Knoppene har en sterk skunky aroma med hint av s\u00f8te frukter. Planten er middels stor, med lange, m\u00f8rkegr\u00f8nne blader. Blomstene har lilla pistiller og oransje h\u00e5r.<\/p>\n<p>Amnesia Haze er en myk h\u00f8y med effekter som varer i opptil to timer. Den er ideell for \u00e5 slappe av, lese eller se p\u00e5 filmer.<\/p>\n<p>High-en kommer sakte og bygges opp over tid ettersom THC-innholdet \u00f8ker gjennom opplevelsen. De cerebrale effektene inkluderer sterk eufori som kan v\u00e6re ledsaget av svimmelhet, avslapping og reduserte angstniv\u00e5er. Kroppseffekter inkluderer nummenhet i ekstremiteter, munnt\u00f8rrhet og kraftig synsforstyrrelse, noe som kan f\u00f8re til d\u00e5rlig kj\u00f8resikkerhet mens du bruker dette produktet.<\/p>\n<p><strong>\u00a0<\/strong><\/p>\n<p><strong>Hvorfor kj\u00f8pe Amnesia Haze Online <\/strong><\/p>\n<p><strong>\u00a0<\/strong><\/p>\n<p>N\u00e5r du skal kj\u00f8pe cannabis, er det mange grunner til at du b\u00f8r kj\u00f8pe Amnesia Haze p\u00e5 nettet .<\/p>\n<p>For det f\u00f8rste vil du kunne f\u00e5 tilgang til forskjellige stammer mens de fortsatt er p\u00e5 lager.<\/p>\n<p>For det andre kan du spare tid fordi det ikke er noen venteperioder eller begrensninger n\u00e5r det gjelder kj\u00f8pe produkter p\u00e5 nettet.<\/p>\n<p>For det tredje, hvis du \u00f8nsker \u00e5 kj\u00f8pe litt ekstra tilbeh\u00f8r som bonger eller vaporizers, s\u00e5 er dette en annen fordel og til slutt, for mange mennesker som ikke bor n\u00e6r nok da, er dette ikke et s\u00e5 stort problem heller fordi<\/p>\n<p><strong>\u00a0<\/strong><\/p>\n<p><strong>Det beste stedet \u00e5 kj\u00f8pe Amnesia Haze Online<\/strong><\/p>\n<p> Har du noen gang lurt p\u00e5 hva som er det beste stedet \u00e5 kj\u00f8pe Amnesia Haze Online? Du er ikke alene. Du kan bestille Amnesia Haze online fra Good Dealers Meds til de beste prisene. Bare legg inn bestillingen hos oss, len deg tilbake og slapp av. Du f\u00e5r bestillingen din levert innen den lovede tidsrammen.<\/p>\n","protected":false},"excerpt":{"rendered":"<p>Etter at disgenetikken kom til Holland og flere hybrider ble laget, ville en amerikansk expat senere kombinere en av disse hybridene med en hann avledet fra old school disfr\u00f8 som skaper Amnesia Haze.<\/p>\n","protected":false},"featured_media":1868,"comment_status":"open","ping_status":"closed","template":"","meta":{"inline_featured_image":false},"product_brand":[],"product_cat":[348],"product_tag":[349,350,361,368,362,364,365,367,366,363,355,357,358,356,359,352,353,351,354,360],"class_list":{"0":"post-1867","1":"product","2":"type-product","3":"status-publish","4":"has-post-thumbnail","6":"product_cat-marihuana","7":"product_tag-beste-ugress-lager--kjpe","8":"product_tag-buy-weed-edibles-online","9":"product_tag-hvor-kan-kjpe-luke","10":"product_tag-hvor-kan-kjpe-ugress-nr-meg","11":"product_tag-hvor-kan-kjpe-ugress-i-sterrike","12":"product_tag-hvor-kan-kjpe-ugress-i-polen","13":"product_tag-hvor-kan-kjpe-ugress-i-slovakia","14":"product_tag-hvor-kan-kjpes-weed-i-uk","15":"product_tag-hvor-kan-kjpe-ugress-i-sveits","16":"product_tag-hvor-kan-kjpe-luke-i-tyskland","17":"product_tag-hvordan-kjpe-luke","18":"product_tag-hvordan-kjpe-ugress-i-slovakia","19":"product_tag-hvordan-kjpe-ugress-i-slovenia","20":"product_tag-hvordan-kjpe-ugress-i-tyskland","21":"product_tag-how-to-kjpe-weed-online","22":"product_tag-kan-du-kjpe-ugress-i-sterrike","23":"product_tag-kan-du-kjpe-ugress-i-sveits","24":"product_tag-kan-du-kjpe-luke","25":"product_tag-kan-du-kjpe-ugress-p-nettet","26":"product_tag-luke-lager--kjpe","28":"first","29":"instock","30":"shipping-taxable","31":"purchasable","32":"product-type-simple"},"yoast_head":"<!-- This site is optimized with the Yoast SEO Premium plugin v20.6 (Yoast SEO v27.3) - https:\/\/yoast.com\/product\/yoast-seo-premium-wordpress\/ -->\n<title>Kj\u00f8p Amnesia Haze Online - Cannabisfr\u00f8 | Good Dealers Meds<\/title>\n<meta name=\"description\" content=\"Kj\u00f8p Amnesia Haze online stamme hos gode forhandlere medisiner og f\u00e5 de beste prisene. Det beste av sveitsisk hamp under ett tak. Kj\u00f8p online n\u00e5!\" \/>\n<meta name=\"robots\" content=\"index, follow, max-snippet:-1, max-image-preview:large, max-video-preview:-1\" \/>\n<link rel=\"canonical\" href=\"https:\/\/gooddealersmeds.com\/no\/product\/hukommelsestap\/\" \/>\n<meta property=\"og:locale\" content=\"en_US\" \/>\n<meta property=\"og:type\" content=\"article\" \/>\n<meta property=\"og:title\" content=\"Kj\u00f8p Amnesia Haze Online\" \/>\n<meta property=\"og:description\" content=\"Kj\u00f8p Amnesia Haze online stamme hos gode forhandlere medisiner og f\u00e5 de beste prisene. Det beste av sveitsisk hamp under ett tak. Kj\u00f8p online n\u00e5!\" \/>\n<meta property=\"og:url\" content=\"https:\/\/gooddealersmeds.com\/no\/product\/hukommelsestap\/\" \/>\n<meta property=\"og:site_name\" content=\"Good Dealers Meds\" \/>\n<meta property=\"article:modified_time\" content=\"2022-10-03T21:25:45+00:00\" \/>\n<meta property=\"og:image\" content=\"https:\/\/gooddealersmeds.com\/no\/wp-content\/uploads\/sites\/8\/2022\/06\/AMNESIA-HAZE.jpg\" \/>\n\t<meta property=\"og:image:width\" content=\"600\" \/>\n\t<meta property=\"og:image:height\" content=\"600\" \/>\n\t<meta property=\"og:image:type\" content=\"image\/jpeg\" \/>\n<meta name=\"twitter:card\" content=\"summary_large_image\" \/>\n<meta name=\"twitter:label1\" content=\"Est. reading time\" \/>\n\t<meta name=\"twitter:data1\" content=\"2 minutes\" \/>\n<script type=\"application\/ld+json\" class=\"yoast-schema-graph\">{\"@context\":\"https:\\\/\\\/schema.org\",\"@graph\":[{\"@type\":\"WebPage\",\"@id\":\"https:\\\/\\\/gooddealersmeds.com\\\/no\\\/product\\\/hukommelsestap\\\/\",\"url\":\"https:\\\/\\\/gooddealersmeds.com\\\/no\\\/product\\\/hukommelsestap\\\/\",\"name\":\"Kj\u00f8p Amnesia Haze Online - Cannabisfr\u00f8 | Good Dealers Meds\",\"isPartOf\":{\"@id\":\"https:\\\/\\\/gooddealersmeds.com\\\/no\\\/#website\"},\"primaryImageOfPage\":{\"@id\":\"https:\\\/\\\/gooddealersmeds.com\\\/no\\\/product\\\/hukommelsestap\\\/#primaryimage\"},\"image\":{\"@id\":\"https:\\\/\\\/gooddealersmeds.com\\\/no\\\/product\\\/hukommelsestap\\\/#primaryimage\"},\"thumbnailUrl\":\"https:\\\/\\\/gooddealersmeds.com\\\/no\\\/wp-content\\\/uploads\\\/sites\\\/8\\\/2022\\\/06\\\/AMNESIA-HAZE.jpg\",\"datePublished\":\"2022-06-29T23:56:03+00:00\",\"dateModified\":\"2022-10-03T21:25:45+00:00\",\"description\":\"Kj\u00f8p Amnesia Haze online stamme hos gode forhandlere medisiner og f\u00e5 de beste prisene. Det beste av sveitsisk hamp under ett tak. Kj\u00f8p online n\u00e5!\",\"breadcrumb\":{\"@id\":\"https:\\\/\\\/gooddealersmeds.com\\\/no\\\/product\\\/hukommelsestap\\\/#breadcrumb\"},\"inLanguage\":\"en-US\",\"potentialAction\":[{\"@type\":\"ReadAction\",\"target\":[\"https:\\\/\\\/gooddealersmeds.com\\\/no\\\/product\\\/hukommelsestap\\\/\"]}]},{\"@type\":\"ImageObject\",\"inLanguage\":\"en-US\",\"@id\":\"https:\\\/\\\/gooddealersmeds.com\\\/no\\\/product\\\/hukommelsestap\\\/#primaryimage\",\"url\":\"https:\\\/\\\/gooddealersmeds.com\\\/no\\\/wp-content\\\/uploads\\\/sites\\\/8\\\/2022\\\/06\\\/AMNESIA-HAZE.jpg\",\"contentUrl\":\"https:\\\/\\\/gooddealersmeds.com\\\/no\\\/wp-content\\\/uploads\\\/sites\\\/8\\\/2022\\\/06\\\/AMNESIA-HAZE.jpg\",\"width\":600,\"height\":600,\"caption\":\"Buy Amnesia Haze\"},{\"@type\":\"BreadcrumbList\",\"@id\":\"https:\\\/\\\/gooddealersmeds.com\\\/no\\\/product\\\/hukommelsestap\\\/#breadcrumb\",\"itemListElement\":[{\"@type\":\"ListItem\",\"position\":1,\"name\":\"Home\",\"item\":\"https:\\\/\\\/gooddealersmeds.com\\\/no\\\/\"},{\"@type\":\"ListItem\",\"position\":2,\"name\":\"Produkter\",\"item\":\"https:\\\/\\\/gooddealersmeds.com\\\/no\\\/produkter\\\/\"},{\"@type\":\"ListItem\",\"position\":3,\"name\":\"Kj\u00f8p Amnesia Haze Online\"}]},{\"@type\":\"WebSite\",\"@id\":\"https:\\\/\\\/gooddealersmeds.com\\\/no\\\/#website\",\"url\":\"https:\\\/\\\/gooddealersmeds.com\\\/no\\\/\",\"name\":\"Good Dealers Meds\",\"description\":\"All our best\",\"publisher\":{\"@id\":\"https:\\\/\\\/gooddealersmeds.com\\\/no\\\/#organization\"},\"potentialAction\":[{\"@type\":\"SearchAction\",\"target\":{\"@type\":\"EntryPoint\",\"urlTemplate\":\"https:\\\/\\\/gooddealersmeds.com\\\/no\\\/?s={search_term_string}\"},\"query-input\":{\"@type\":\"PropertyValueSpecification\",\"valueRequired\":true,\"valueName\":\"search_term_string\"}}],\"inLanguage\":\"en-US\"},{\"@type\":\"Organization\",\"@id\":\"https:\\\/\\\/gooddealersmeds.com\\\/no\\\/#organization\",\"name\":\"Good Dealers Meds\",\"url\":\"https:\\\/\\\/gooddealersmeds.com\\\/no\\\/\",\"logo\":{\"@type\":\"ImageObject\",\"inLanguage\":\"en-US\",\"@id\":\"https:\\\/\\\/gooddealersmeds.com\\\/no\\\/#\\\/schema\\\/logo\\\/image\\\/\",\"url\":\"https:\\\/\\\/gooddealersmeds.com\\\/no\\\/wp-content\\\/uploads\\\/sites\\\/8\\\/2022\\\/03\\\/gooddealersmeds__logo__20220317T222800Z.00.png\",\"contentUrl\":\"https:\\\/\\\/gooddealersmeds.com\\\/no\\\/wp-content\\\/uploads\\\/sites\\\/8\\\/2022\\\/03\\\/gooddealersmeds__logo__20220317T222800Z.00.png\",\"width\":500,\"height\":325,\"caption\":\"Good Dealers Meds\"},\"image\":{\"@id\":\"https:\\\/\\\/gooddealersmeds.com\\\/no\\\/#\\\/schema\\\/logo\\\/image\\\/\"}}]}<\/script>\n<!-- \/ Yoast SEO Premium plugin. -->","yoast_head_json":{"title":"Kj\u00f8p Amnesia Haze Online - Cannabisfr\u00f8 | Good Dealers Meds","description":"Kj\u00f8p Amnesia Haze online stamme hos gode forhandlere medisiner og f\u00e5 de beste prisene. Det beste av sveitsisk hamp under ett tak. Kj\u00f8p online n\u00e5!","robots":{"index":"index","follow":"follow","max-snippet":"max-snippet:-1","max-image-preview":"max-image-preview:large","max-video-preview":"max-video-preview:-1"},"canonical":"https:\/\/gooddealersmeds.com\/no\/product\/hukommelsestap\/","og_locale":"en_US","og_type":"article","og_title":"Kj\u00f8p Amnesia Haze Online","og_description":"Kj\u00f8p Amnesia Haze online stamme hos gode forhandlere medisiner og f\u00e5 de beste prisene. Det beste av sveitsisk hamp under ett tak. Kj\u00f8p online n\u00e5!","og_url":"https:\/\/gooddealersmeds.com\/no\/product\/hukommelsestap\/","og_site_name":"Good Dealers Meds","article_modified_time":"2022-10-03T21:25:45+00:00","og_image":[{"width":600,"height":600,"url":"https:\/\/gooddealersmeds.com\/no\/wp-content\/uploads\/sites\/8\/2022\/06\/AMNESIA-HAZE.jpg","type":"image\/jpeg"}],"twitter_card":"summary_large_image","twitter_misc":{"Est. reading time":"2 minutes"},"schema":{"@context":"https:\/\/schema.org","@graph":[{"@type":"WebPage","@id":"https:\/\/gooddealersmeds.com\/no\/product\/hukommelsestap\/","url":"https:\/\/gooddealersmeds.com\/no\/product\/hukommelsestap\/","name":"Kj\u00f8p Amnesia Haze Online - Cannabisfr\u00f8 | Good Dealers Meds","isPartOf":{"@id":"https:\/\/gooddealersmeds.com\/no\/#website"},"primaryImageOfPage":{"@id":"https:\/\/gooddealersmeds.com\/no\/product\/hukommelsestap\/#primaryimage"},"image":{"@id":"https:\/\/gooddealersmeds.com\/no\/product\/hukommelsestap\/#primaryimage"},"thumbnailUrl":"https:\/\/gooddealersmeds.com\/no\/wp-content\/uploads\/sites\/8\/2022\/06\/AMNESIA-HAZE.jpg","datePublished":"2022-06-29T23:56:03+00:00","dateModified":"2022-10-03T21:25:45+00:00","description":"Kj\u00f8p Amnesia Haze online stamme hos gode forhandlere medisiner og f\u00e5 de beste prisene. Det beste av sveitsisk hamp under ett tak. Kj\u00f8p online n\u00e5!","breadcrumb":{"@id":"https:\/\/gooddealersmeds.com\/no\/product\/hukommelsestap\/#breadcrumb"},"inLanguage":"en-US","potentialAction":[{"@type":"ReadAction","target":["https:\/\/gooddealersmeds.com\/no\/product\/hukommelsestap\/"]}]},{"@type":"ImageObject","inLanguage":"en-US","@id":"https:\/\/gooddealersmeds.com\/no\/product\/hukommelsestap\/#primaryimage","url":"https:\/\/gooddealersmeds.com\/no\/wp-content\/uploads\/sites\/8\/2022\/06\/AMNESIA-HAZE.jpg","contentUrl":"https:\/\/gooddealersmeds.com\/no\/wp-content\/uploads\/sites\/8\/2022\/06\/AMNESIA-HAZE.jpg","width":600,"height":600,"caption":"Buy Amnesia Haze"},{"@type":"BreadcrumbList","@id":"https:\/\/gooddealersmeds.com\/no\/product\/hukommelsestap\/#breadcrumb","itemListElement":[{"@type":"ListItem","position":1,"name":"Home","item":"https:\/\/gooddealersmeds.com\/no\/"},{"@type":"ListItem","position":2,"name":"Produkter","item":"https:\/\/gooddealersmeds.com\/no\/produkter\/"},{"@type":"ListItem","position":3,"name":"Kj\u00f8p Amnesia Haze Online"}]},{"@type":"WebSite","@id":"https:\/\/gooddealersmeds.com\/no\/#website","url":"https:\/\/gooddealersmeds.com\/no\/","name":"Good Dealers Meds","description":"All our best","publisher":{"@id":"https:\/\/gooddealersmeds.com\/no\/#organization"},"potentialAction":[{"@type":"SearchAction","target":{"@type":"EntryPoint","urlTemplate":"https:\/\/gooddealersmeds.com\/no\/?s={search_term_string}"},"query-input":{"@type":"PropertyValueSpecification","valueRequired":true,"valueName":"search_term_string"}}],"inLanguage":"en-US"},{"@type":"Organization","@id":"https:\/\/gooddealersmeds.com\/no\/#organization","name":"Good Dealers Meds","url":"https:\/\/gooddealersmeds.com\/no\/","logo":{"@type":"ImageObject","inLanguage":"en-US","@id":"https:\/\/gooddealersmeds.com\/no\/#\/schema\/logo\/image\/","url":"https:\/\/gooddealersmeds.com\/no\/wp-content\/uploads\/sites\/8\/2022\/03\/gooddealersmeds__logo__20220317T222800Z.00.png","contentUrl":"https:\/\/gooddealersmeds.com\/no\/wp-content\/uploads\/sites\/8\/2022\/03\/gooddealersmeds__logo__20220317T222800Z.00.png","width":500,"height":325,"caption":"Good Dealers Meds"},"image":{"@id":"https:\/\/gooddealersmeds.com\/no\/#\/schema\/logo\/image\/"}}]}},"_links":{"self":[{"href":"https:\/\/gooddealersmeds.com\/no\/wp-json\/wp\/v2\/product\/1867","targetHints":{"allow":["GET"]}}],"collection":[{"href":"https:\/\/gooddealersmeds.com\/no\/wp-json\/wp\/v2\/product"}],"about":[{"href":"https:\/\/gooddealersmeds.com\/no\/wp-json\/wp\/v2\/types\/product"}],"replies":[{"embeddable":true,"href":"https:\/\/gooddealersmeds.com\/no\/wp-json\/wp\/v2\/comments?post=1867"}],"wp:featuredmedia":[{"embeddable":true,"href":"https:\/\/gooddealersmeds.com\/no\/wp-json\/wp\/v2\/media\/1868"}],"wp:attachment":[{"href":"https:\/\/gooddealersmeds.com\/no\/wp-json\/wp\/v2\/media?parent=1867"}],"wp:term":[{"taxonomy":"product_brand","embeddable":true,"href":"https:\/\/gooddealersmeds.com\/no\/wp-json\/wp\/v2\/product_brand?post=1867"},{"taxonomy":"product_cat","embeddable":true,"href":"https:\/\/gooddealersmeds.com\/no\/wp-json\/wp\/v2\/product_cat?post=1867"},{"taxonomy":"product_tag","embeddable":true,"href":"https:\/\/gooddealersmeds.com\/no\/wp-json\/wp\/v2\/product_tag?post=1867"}],"curies":[{"name":"wp","href":"https:\/\/api.w.org\/{rel}","templated":true}]}}