{"id":1833,"date":"2022-06-22T20:57:16","date_gmt":"2022-06-22T20:57:16","guid":{"rendered":"https:\/\/gooddealersmeds.com\/no\/?post_type=product&#038;p=1833"},"modified":"2022-10-03T21:25:54","modified_gmt":"2022-10-03T21:25:54","slug":"rivotril","status":"publish","type":"product","link":"https:\/\/gooddealersmeds.com\/no\/product\/rivotril\/","title":{"rendered":"Kj\u00f8p Rivotril p\u00e5 nett"},"content":{"rendered":"<h1><strong>Kj\u00f8p Rivotril p\u00e5 nett<\/strong><\/h1>\n<p><a href=\"https:\/\/gooddealersmeds.com\/no\/product\/rivotril\/\">Rivotril<\/a> er et medikament som brukes i behandling av h\u00f8yt blodtrykk. Den er tilgjengelig som en tablett, en kapsel og en tablett med utvidet utgivelse. Medisinen tilh\u00f8rer gruppen kalsiumkanalblokkere. I motsetning til andre medisiner for h\u00f8yt blodtrykk, som slapper av i arteriene og reduserer hjertefrekvensen, blokkerer dette stoffet kalsiumkanaler i hjertet, noe som f\u00f8rer til en \u00f8kning i hjertefrekvens og blodtrykk.<\/p>\n<p>&nbsp;<\/p>\n<p>Rivotril er et medikament som kan brukes til \u00e5 behandle depresjon, angst og panikkanfall. Det virker ved \u00e5 blokkere visse kjemikalier i hjernen som kan for\u00e5rsake symptomene. Det er tilgjengelig som en nettbutikk.<\/p>\n<p>Medikamentet ble godkjent av U.S. Food and Drug Administration i 1987 og ble tilgjengelig p\u00e5 resept for \u00e5 behandle depresjon og <a href=\"https:\/\/www.apotheken -umschau.de\/medikamente\/beipackzettel\/rivotril-2-mg-tabletten-1874385.html\">angstlidelser<\/a>. Siden den gang har det blitt foreskrevet for andre tilstander som bipolar lidelse og panikkanfall ogs\u00e5.<\/p>\n<p><strong>\u00a0<\/strong><\/p>\n<p><strong>Hvorfor kj\u00f8pe Rivotril Online?<\/strong><\/p>\n<p><strong>\u00a0<\/strong><\/p>\n<p>Fordelene ved \u00e5 bruke dette stoffet inkluderer:<\/p>\n<p>1)\u00a0 Det er effektivt for \u00e5 kontrollere blodtrykket og redusere risikoen for hjerneslag<\/p>\n<p>2)\u00a0 Det hjelper med \u00e5 forebygge nyrestein ved \u00e5 regulere vannlating<\/p>\n<p>3)\u00a0 Med sine langvarige effekter kan det hjelpe deg med \u00e5 nyte bedre s\u00f8vn og redusere tretthet etter jobb timer<\/p>\n<p>4)\u00a0 Det bidrar til \u00e5 forhindre nyreskade p\u00e5 grunn av overfl\u00f8dig v\u00e6skeretensjon for\u00e5rsaket av h\u00f8yt blodtrykk<\/p>\n<p><strong>\u00a0<\/strong><\/p>\n<p><strong> Det beste stedet \u00e5 kj\u00f8pe Rivotril Online<\/strong><\/p>\n<p>Mange apotek gir Rivotril p\u00e5 nettet, men Great Dealers Meds er det beste stedet \u00e5 spore opp denne medisinen. Vi tilbyr alvorlige kostnader og et stort antall medisiner, inkludert Rivotril. Du kan ogs\u00e5 bestille Rivotril online gjennom Great Dealers Meds ved \u00e5 bes\u00f8ke v\u00e5r nettbutikkside.<\/p>\n","protected":false},"excerpt":{"rendered":"<p>Kj\u00f8p Rivotril 2mg p\u00e5 nettet, det er et benzodiazepin, noe som betyr at det har en beroligende effekt p\u00e5 hjernen. Det reduserer anfall, angst og brukes til \u00e5 behandle anfallsforstyrrelser. Rivotril bremser nerveaktiviteten i hjernen, slapper av i anspente muskler og kan hjelpe med s\u00f8vnvansker (s\u00f8vnl\u00f8shet). Rivotril 2mg er vanligvis foreskrevet for en kort periode hvis det brukes til \u00e5 behandle s\u00f8vnproblemer. Hvis du har tatt Clonazepam i lang tid eller i h\u00f8ye doser, kontakt legen din f\u00f8r du slutter.<\/p>\n","protected":false},"featured_media":1840,"comment_status":"open","ping_status":"closed","template":"","meta":{"inline_featured_image":false},"product_brand":[],"product_cat":[347],"product_tag":[338,340,339,341],"class_list":{"0":"post-1833","1":"product","2":"type-product","3":"status-publish","4":"has-post-thumbnail","6":"product_cat-opioid-smertestillende","7":"product_tag-barbiturater","8":"product_tag-forsknings-kjemikalier","9":"product_tag-nembutal","10":"product_tag-suicide-kits","12":"first","13":"instock","14":"shipping-taxable","15":"purchasable","16":"product-type-variable","17":"has-default-attributes"},"yoast_head":"<!-- This site is optimized with the Yoast SEO Premium plugin v20.6 (Yoast SEO v27.3) - https:\/\/yoast.com\/product\/yoast-seo-premium-wordpress\/ -->\n<title>Kj\u00f8p Rivotril Online (2mg) Clonazepam |<\/title>\n<meta name=\"description\" content=\"Kj\u00f8p Rivotril 2mg online fra Good Dealers Meds. Det brukes til \u00e5 behandle anfall, angst, og brukes til \u00e5 behandle anfallsforstyrrelser.\" \/>\n<meta name=\"robots\" content=\"index, follow, max-snippet:-1, max-image-preview:large, max-video-preview:-1\" \/>\n<link rel=\"canonical\" href=\"https:\/\/gooddealersmeds.com\/no\/product\/rivotril\/\" \/>\n<meta property=\"og:locale\" content=\"en_US\" \/>\n<meta property=\"og:type\" content=\"article\" \/>\n<meta property=\"og:title\" content=\"Kj\u00f8p Rivotril p\u00e5 nett\" \/>\n<meta property=\"og:description\" content=\"Kj\u00f8p Rivotril 2mg online fra Good Dealers Meds. Det brukes til \u00e5 behandle anfall, angst, og brukes til \u00e5 behandle anfallsforstyrrelser.\" \/>\n<meta property=\"og:url\" content=\"https:\/\/gooddealersmeds.com\/no\/product\/rivotril\/\" \/>\n<meta property=\"og:site_name\" content=\"Good Dealers Meds\" \/>\n<meta property=\"article:modified_time\" content=\"2022-10-03T21:25:54+00:00\" \/>\n<meta property=\"og:image\" content=\"https:\/\/gooddealersmeds.com\/no\/wp-content\/uploads\/sites\/8\/2022\/06\/Rivotril-2mg.webp\" \/>\n\t<meta property=\"og:image:width\" content=\"600\" \/>\n\t<meta property=\"og:image:height\" content=\"600\" \/>\n\t<meta property=\"og:image:type\" content=\"image\/webp\" \/>\n<meta name=\"twitter:card\" content=\"summary_large_image\" \/>\n<meta name=\"twitter:label1\" content=\"Est. reading time\" \/>\n\t<meta name=\"twitter:data1\" content=\"1 minute\" \/>\n<script type=\"application\/ld+json\" class=\"yoast-schema-graph\">{\"@context\":\"https:\\\/\\\/schema.org\",\"@graph\":[{\"@type\":\"WebPage\",\"@id\":\"https:\\\/\\\/gooddealersmeds.com\\\/no\\\/product\\\/rivotril\\\/\",\"url\":\"https:\\\/\\\/gooddealersmeds.com\\\/no\\\/product\\\/rivotril\\\/\",\"name\":\"Kj\u00f8p Rivotril Online (2mg) Clonazepam |\",\"isPartOf\":{\"@id\":\"https:\\\/\\\/gooddealersmeds.com\\\/no\\\/#website\"},\"primaryImageOfPage\":{\"@id\":\"https:\\\/\\\/gooddealersmeds.com\\\/no\\\/product\\\/rivotril\\\/#primaryimage\"},\"image\":{\"@id\":\"https:\\\/\\\/gooddealersmeds.com\\\/no\\\/product\\\/rivotril\\\/#primaryimage\"},\"thumbnailUrl\":\"https:\\\/\\\/gooddealersmeds.com\\\/no\\\/wp-content\\\/uploads\\\/sites\\\/8\\\/2022\\\/06\\\/Rivotril-2mg.webp\",\"datePublished\":\"2022-06-22T20:57:16+00:00\",\"dateModified\":\"2022-10-03T21:25:54+00:00\",\"description\":\"Kj\u00f8p Rivotril 2mg online fra Good Dealers Meds. Det brukes til \u00e5 behandle anfall, angst, og brukes til \u00e5 behandle anfallsforstyrrelser.\",\"breadcrumb\":{\"@id\":\"https:\\\/\\\/gooddealersmeds.com\\\/no\\\/product\\\/rivotril\\\/#breadcrumb\"},\"inLanguage\":\"en-US\",\"potentialAction\":[{\"@type\":\"ReadAction\",\"target\":[\"https:\\\/\\\/gooddealersmeds.com\\\/no\\\/product\\\/rivotril\\\/\"]}]},{\"@type\":\"ImageObject\",\"inLanguage\":\"en-US\",\"@id\":\"https:\\\/\\\/gooddealersmeds.com\\\/no\\\/product\\\/rivotril\\\/#primaryimage\",\"url\":\"https:\\\/\\\/gooddealersmeds.com\\\/no\\\/wp-content\\\/uploads\\\/sites\\\/8\\\/2022\\\/06\\\/Rivotril-2mg.webp\",\"contentUrl\":\"https:\\\/\\\/gooddealersmeds.com\\\/no\\\/wp-content\\\/uploads\\\/sites\\\/8\\\/2022\\\/06\\\/Rivotril-2mg.webp\",\"width\":600,\"height\":600,\"caption\":\"Buy Rivotril Online\"},{\"@type\":\"BreadcrumbList\",\"@id\":\"https:\\\/\\\/gooddealersmeds.com\\\/no\\\/product\\\/rivotril\\\/#breadcrumb\",\"itemListElement\":[{\"@type\":\"ListItem\",\"position\":1,\"name\":\"Home\",\"item\":\"https:\\\/\\\/gooddealersmeds.com\\\/no\\\/\"},{\"@type\":\"ListItem\",\"position\":2,\"name\":\"Produkter\",\"item\":\"https:\\\/\\\/gooddealersmeds.com\\\/no\\\/produkter\\\/\"},{\"@type\":\"ListItem\",\"position\":3,\"name\":\"Kj\u00f8p Rivotril p\u00e5 nett\"}]},{\"@type\":\"WebSite\",\"@id\":\"https:\\\/\\\/gooddealersmeds.com\\\/no\\\/#website\",\"url\":\"https:\\\/\\\/gooddealersmeds.com\\\/no\\\/\",\"name\":\"Good Dealers Meds\",\"description\":\"All our best\",\"publisher\":{\"@id\":\"https:\\\/\\\/gooddealersmeds.com\\\/no\\\/#organization\"},\"potentialAction\":[{\"@type\":\"SearchAction\",\"target\":{\"@type\":\"EntryPoint\",\"urlTemplate\":\"https:\\\/\\\/gooddealersmeds.com\\\/no\\\/?s={search_term_string}\"},\"query-input\":{\"@type\":\"PropertyValueSpecification\",\"valueRequired\":true,\"valueName\":\"search_term_string\"}}],\"inLanguage\":\"en-US\"},{\"@type\":\"Organization\",\"@id\":\"https:\\\/\\\/gooddealersmeds.com\\\/no\\\/#organization\",\"name\":\"Good Dealers Meds\",\"url\":\"https:\\\/\\\/gooddealersmeds.com\\\/no\\\/\",\"logo\":{\"@type\":\"ImageObject\",\"inLanguage\":\"en-US\",\"@id\":\"https:\\\/\\\/gooddealersmeds.com\\\/no\\\/#\\\/schema\\\/logo\\\/image\\\/\",\"url\":\"https:\\\/\\\/gooddealersmeds.com\\\/no\\\/wp-content\\\/uploads\\\/sites\\\/8\\\/2022\\\/03\\\/gooddealersmeds__logo__20220317T222800Z.00.png\",\"contentUrl\":\"https:\\\/\\\/gooddealersmeds.com\\\/no\\\/wp-content\\\/uploads\\\/sites\\\/8\\\/2022\\\/03\\\/gooddealersmeds__logo__20220317T222800Z.00.png\",\"width\":500,\"height\":325,\"caption\":\"Good Dealers Meds\"},\"image\":{\"@id\":\"https:\\\/\\\/gooddealersmeds.com\\\/no\\\/#\\\/schema\\\/logo\\\/image\\\/\"}}]}<\/script>\n<!-- \/ Yoast SEO Premium plugin. -->","yoast_head_json":{"title":"Kj\u00f8p Rivotril Online (2mg) Clonazepam |","description":"Kj\u00f8p Rivotril 2mg online fra Good Dealers Meds. Det brukes til \u00e5 behandle anfall, angst, og brukes til \u00e5 behandle anfallsforstyrrelser.","robots":{"index":"index","follow":"follow","max-snippet":"max-snippet:-1","max-image-preview":"max-image-preview:large","max-video-preview":"max-video-preview:-1"},"canonical":"https:\/\/gooddealersmeds.com\/no\/product\/rivotril\/","og_locale":"en_US","og_type":"article","og_title":"Kj\u00f8p Rivotril p\u00e5 nett","og_description":"Kj\u00f8p Rivotril 2mg online fra Good Dealers Meds. Det brukes til \u00e5 behandle anfall, angst, og brukes til \u00e5 behandle anfallsforstyrrelser.","og_url":"https:\/\/gooddealersmeds.com\/no\/product\/rivotril\/","og_site_name":"Good Dealers Meds","article_modified_time":"2022-10-03T21:25:54+00:00","og_image":[{"width":600,"height":600,"url":"https:\/\/gooddealersmeds.com\/no\/wp-content\/uploads\/sites\/8\/2022\/06\/Rivotril-2mg.webp","type":"image\/webp"}],"twitter_card":"summary_large_image","twitter_misc":{"Est. reading time":"1 minute"},"schema":{"@context":"https:\/\/schema.org","@graph":[{"@type":"WebPage","@id":"https:\/\/gooddealersmeds.com\/no\/product\/rivotril\/","url":"https:\/\/gooddealersmeds.com\/no\/product\/rivotril\/","name":"Kj\u00f8p Rivotril Online (2mg) Clonazepam |","isPartOf":{"@id":"https:\/\/gooddealersmeds.com\/no\/#website"},"primaryImageOfPage":{"@id":"https:\/\/gooddealersmeds.com\/no\/product\/rivotril\/#primaryimage"},"image":{"@id":"https:\/\/gooddealersmeds.com\/no\/product\/rivotril\/#primaryimage"},"thumbnailUrl":"https:\/\/gooddealersmeds.com\/no\/wp-content\/uploads\/sites\/8\/2022\/06\/Rivotril-2mg.webp","datePublished":"2022-06-22T20:57:16+00:00","dateModified":"2022-10-03T21:25:54+00:00","description":"Kj\u00f8p Rivotril 2mg online fra Good Dealers Meds. Det brukes til \u00e5 behandle anfall, angst, og brukes til \u00e5 behandle anfallsforstyrrelser.","breadcrumb":{"@id":"https:\/\/gooddealersmeds.com\/no\/product\/rivotril\/#breadcrumb"},"inLanguage":"en-US","potentialAction":[{"@type":"ReadAction","target":["https:\/\/gooddealersmeds.com\/no\/product\/rivotril\/"]}]},{"@type":"ImageObject","inLanguage":"en-US","@id":"https:\/\/gooddealersmeds.com\/no\/product\/rivotril\/#primaryimage","url":"https:\/\/gooddealersmeds.com\/no\/wp-content\/uploads\/sites\/8\/2022\/06\/Rivotril-2mg.webp","contentUrl":"https:\/\/gooddealersmeds.com\/no\/wp-content\/uploads\/sites\/8\/2022\/06\/Rivotril-2mg.webp","width":600,"height":600,"caption":"Buy Rivotril Online"},{"@type":"BreadcrumbList","@id":"https:\/\/gooddealersmeds.com\/no\/product\/rivotril\/#breadcrumb","itemListElement":[{"@type":"ListItem","position":1,"name":"Home","item":"https:\/\/gooddealersmeds.com\/no\/"},{"@type":"ListItem","position":2,"name":"Produkter","item":"https:\/\/gooddealersmeds.com\/no\/produkter\/"},{"@type":"ListItem","position":3,"name":"Kj\u00f8p Rivotril p\u00e5 nett"}]},{"@type":"WebSite","@id":"https:\/\/gooddealersmeds.com\/no\/#website","url":"https:\/\/gooddealersmeds.com\/no\/","name":"Good Dealers Meds","description":"All our best","publisher":{"@id":"https:\/\/gooddealersmeds.com\/no\/#organization"},"potentialAction":[{"@type":"SearchAction","target":{"@type":"EntryPoint","urlTemplate":"https:\/\/gooddealersmeds.com\/no\/?s={search_term_string}"},"query-input":{"@type":"PropertyValueSpecification","valueRequired":true,"valueName":"search_term_string"}}],"inLanguage":"en-US"},{"@type":"Organization","@id":"https:\/\/gooddealersmeds.com\/no\/#organization","name":"Good Dealers Meds","url":"https:\/\/gooddealersmeds.com\/no\/","logo":{"@type":"ImageObject","inLanguage":"en-US","@id":"https:\/\/gooddealersmeds.com\/no\/#\/schema\/logo\/image\/","url":"https:\/\/gooddealersmeds.com\/no\/wp-content\/uploads\/sites\/8\/2022\/03\/gooddealersmeds__logo__20220317T222800Z.00.png","contentUrl":"https:\/\/gooddealersmeds.com\/no\/wp-content\/uploads\/sites\/8\/2022\/03\/gooddealersmeds__logo__20220317T222800Z.00.png","width":500,"height":325,"caption":"Good Dealers Meds"},"image":{"@id":"https:\/\/gooddealersmeds.com\/no\/#\/schema\/logo\/image\/"}}]}},"_links":{"self":[{"href":"https:\/\/gooddealersmeds.com\/no\/wp-json\/wp\/v2\/product\/1833","targetHints":{"allow":["GET"]}}],"collection":[{"href":"https:\/\/gooddealersmeds.com\/no\/wp-json\/wp\/v2\/product"}],"about":[{"href":"https:\/\/gooddealersmeds.com\/no\/wp-json\/wp\/v2\/types\/product"}],"replies":[{"embeddable":true,"href":"https:\/\/gooddealersmeds.com\/no\/wp-json\/wp\/v2\/comments?post=1833"}],"wp:featuredmedia":[{"embeddable":true,"href":"https:\/\/gooddealersmeds.com\/no\/wp-json\/wp\/v2\/media\/1840"}],"wp:attachment":[{"href":"https:\/\/gooddealersmeds.com\/no\/wp-json\/wp\/v2\/media?parent=1833"}],"wp:term":[{"taxonomy":"product_brand","embeddable":true,"href":"https:\/\/gooddealersmeds.com\/no\/wp-json\/wp\/v2\/product_brand?post=1833"},{"taxonomy":"product_cat","embeddable":true,"href":"https:\/\/gooddealersmeds.com\/no\/wp-json\/wp\/v2\/product_cat?post=1833"},{"taxonomy":"product_tag","embeddable":true,"href":"https:\/\/gooddealersmeds.com\/no\/wp-json\/wp\/v2\/product_tag?post=1833"}],"curies":[{"name":"wp","href":"https:\/\/api.w.org\/{rel}","templated":true}]}}