{"id":1823,"date":"2022-06-22T20:56:09","date_gmt":"2022-06-22T20:56:09","guid":{"rendered":"https:\/\/gooddealersmeds.com\/no\/?post_type=product&#038;p=1823"},"modified":"2022-10-03T21:26:02","modified_gmt":"2022-10-03T21:26:02","slug":"nembutal-piller","status":"publish","type":"product","link":"https:\/\/gooddealersmeds.com\/no\/product\/nembutal-piller\/","title":{"rendered":"Kj\u00f8p Nembutal-piller p\u00e5 nett"},"content":{"rendered":"<p><strong>Kj\u00f8p Nembutal-piller p\u00e5 nett<\/strong><\/p>\n<p><strong>\u00a0<\/strong><\/p>\n<p>Nembutal-piller er en type barbiturat som brukes til \u00e5 behandle s\u00f8vnl\u00f8shet og angst . Legemidlet kan ogs\u00e5 brukes for andre tilstander som bestemmes av legen din.<\/p>\n<p>&nbsp;<\/p>\n<p>Nembutal-piller er tilgjengelige i forskjellige styrker (eller niv\u00e5er) avhengig av hvilken medisin du tar , noe som gj\u00f8r dem mer effektive enn de fleste andre typer sovemedisiner. Disse medisinene virker ved \u00e5 bremse aktiviteten i hjernen din, noe som gj\u00f8r at du f\u00f8ler deg d\u00f8sig eller sovner raskt. Noen opplever at de ikke kan sovne f\u00f8r de tar disse pillene, mens andre opplever at de kan sovne raskt og sovne gjennom natten med bare \u00e9n pille.<\/p>\n<p><strong>\u00a0<\/strong> <\/p>\n<p>&nbsp;<\/p>\n<p><strong>Hvorfor kj\u00f8pe Nembutal-piller p\u00e5 nettet<\/strong><\/p>\n<p>&nbsp;<\/p>\n<p>Nembutal kan kj\u00f8pes p\u00e5 nettet i stedet fra et lokalt apotek av en rekke \u00e5rsaker. For det f\u00f8rste vil det koste mindre enn om du dro dit personlig; for det andre er det praktisk \u00e5 bestille online n\u00e5r du trenger det; for det tredje sparer det tid fordi du ikke trenger \u00e5 vente ved en apotekdisk; For det fjerde kan du spare penger ved \u00e5 kj\u00f8pe medisinen din p\u00e5 nettet i stedet for \u00e5 betale utsalgspriser p\u00e5 apotek hver m\u00e5ned.<\/p>\n<p>&nbsp;<\/p>\n<p><strong>Det beste stedet \u00e5 bestille <\/strong><strong>Nembutal Pills Online<\/strong><\/p>\n<p>&nbsp;<\/p>\n<p>Mange apotek tilbyr Nembutal Pills online, men Good Dealers Meds er det beste stedet \u00e5 finne denne medisinen. Vi tilbyr konkurransedyktige priser og et bredt utvalg av legemidler, inkludert\u00a0 <a href=\"https:\/\/gooddealersmeds.com\/no\/product\/nembutal-pills\/\">Nembutal-piller<\/a>. Du kan ogs\u00e5 bestille sjeldne medisiner her ved \u00e5 klikke p\u00e5 &#8216;Bestill n\u00e5-knappen nedenfor.<\/p>\n","protected":false},"excerpt":{"rendered":"<p>Kj\u00f8p Nembutal-piller p\u00e5 nettet er et medikament klassifisert under en gruppe medikamenter som kalles barbiturater. Det ble ofte og mye brukt i l\u00f8pet av 1940- og 50-tallet som en sovepille eller som en anti-angstbehandling (beroligende). Selv om Nembutal-piller brukes til \u00e5 behandle s\u00f8vnl\u00f8shet, er de sv\u00e6rt d\u00f8delige ved overdose.<\/p>\n","protected":false},"featured_media":1831,"comment_status":"open","ping_status":"closed","template":"","meta":{"inline_featured_image":false},"product_brand":[],"product_cat":[343],"product_tag":[],"class_list":{"0":"post-1823","1":"product","2":"type-product","3":"status-publish","4":"has-post-thumbnail","6":"product_cat-andre","8":"first","9":"instock","10":"shipping-taxable","11":"purchasable","12":"product-type-variable","13":"has-default-attributes"},"yoast_head":"<!-- This site is optimized with the Yoast SEO Premium plugin v20.6 (Yoast SEO v27.5) - https:\/\/yoast.com\/product\/yoast-seo-premium-wordpress\/ -->\n<title>Bestill Nembutal-piller online - Nembutaldose | Good Dealers Meds<\/title>\n<meta name=\"description\" content=\"Bestill Nembutal-piller p\u00e5 nett, vi leverer Nembutal (Pentobarbital) av h\u00f8y kvalitet til de beste prisene. Kj\u00f8p n\u00e5 og f\u00e5 den levert p\u00e5 d\u00f8rstokken din.\" \/>\n<meta name=\"robots\" content=\"index, follow, max-snippet:-1, max-image-preview:large, max-video-preview:-1\" \/>\n<link rel=\"canonical\" href=\"https:\/\/gooddealersmeds.com\/no\/product\/nembutal-piller\/\" \/>\n<meta property=\"og:locale\" content=\"en_US\" \/>\n<meta property=\"og:type\" content=\"article\" \/>\n<meta property=\"og:title\" content=\"Kj\u00f8p Nembutal-piller p\u00e5 nett\" \/>\n<meta property=\"og:description\" content=\"Bestill Nembutal-piller p\u00e5 nett, vi leverer Nembutal (Pentobarbital) av h\u00f8y kvalitet til de beste prisene. Kj\u00f8p n\u00e5 og f\u00e5 den levert p\u00e5 d\u00f8rstokken din.\" \/>\n<meta property=\"og:url\" content=\"https:\/\/gooddealersmeds.com\/no\/product\/nembutal-piller\/\" \/>\n<meta property=\"og:site_name\" content=\"Good Dealers Meds\" \/>\n<meta property=\"article:modified_time\" content=\"2022-10-03T21:26:02+00:00\" \/>\n<meta property=\"og:image\" content=\"https:\/\/gooddealersmeds.com\/no\/wp-content\/uploads\/sites\/8\/2022\/06\/Nembutal-Pills.webp\" \/>\n\t<meta property=\"og:image:width\" content=\"1200\" \/>\n\t<meta property=\"og:image:height\" content=\"630\" \/>\n\t<meta property=\"og:image:type\" content=\"image\/webp\" \/>\n<meta name=\"twitter:card\" content=\"summary_large_image\" \/>\n<meta name=\"twitter:label1\" content=\"Est. reading time\" \/>\n\t<meta name=\"twitter:data1\" content=\"1 minute\" \/>\n<script type=\"application\/ld+json\" class=\"yoast-schema-graph\">{\"@context\":\"https:\\\/\\\/schema.org\",\"@graph\":[{\"@type\":\"WebPage\",\"@id\":\"https:\\\/\\\/gooddealersmeds.com\\\/no\\\/product\\\/nembutal-piller\\\/\",\"url\":\"https:\\\/\\\/gooddealersmeds.com\\\/no\\\/product\\\/nembutal-piller\\\/\",\"name\":\"Bestill Nembutal-piller online - Nembutaldose | Good Dealers Meds\",\"isPartOf\":{\"@id\":\"https:\\\/\\\/gooddealersmeds.com\\\/no\\\/#website\"},\"primaryImageOfPage\":{\"@id\":\"https:\\\/\\\/gooddealersmeds.com\\\/no\\\/product\\\/nembutal-piller\\\/#primaryimage\"},\"image\":{\"@id\":\"https:\\\/\\\/gooddealersmeds.com\\\/no\\\/product\\\/nembutal-piller\\\/#primaryimage\"},\"thumbnailUrl\":\"https:\\\/\\\/gooddealersmeds.com\\\/no\\\/wp-content\\\/uploads\\\/sites\\\/8\\\/2022\\\/06\\\/Nembutal-Pills.webp\",\"datePublished\":\"2022-06-22T20:56:09+00:00\",\"dateModified\":\"2022-10-03T21:26:02+00:00\",\"description\":\"Bestill Nembutal-piller p\u00e5 nett, vi leverer Nembutal (Pentobarbital) av h\u00f8y kvalitet til de beste prisene. Kj\u00f8p n\u00e5 og f\u00e5 den levert p\u00e5 d\u00f8rstokken din.\",\"breadcrumb\":{\"@id\":\"https:\\\/\\\/gooddealersmeds.com\\\/no\\\/product\\\/nembutal-piller\\\/#breadcrumb\"},\"inLanguage\":\"en-US\",\"potentialAction\":[{\"@type\":\"ReadAction\",\"target\":[\"https:\\\/\\\/gooddealersmeds.com\\\/no\\\/product\\\/nembutal-piller\\\/\"]}]},{\"@type\":\"ImageObject\",\"inLanguage\":\"en-US\",\"@id\":\"https:\\\/\\\/gooddealersmeds.com\\\/no\\\/product\\\/nembutal-piller\\\/#primaryimage\",\"url\":\"https:\\\/\\\/gooddealersmeds.com\\\/no\\\/wp-content\\\/uploads\\\/sites\\\/8\\\/2022\\\/06\\\/Nembutal-Pills.webp\",\"contentUrl\":\"https:\\\/\\\/gooddealersmeds.com\\\/no\\\/wp-content\\\/uploads\\\/sites\\\/8\\\/2022\\\/06\\\/Nembutal-Pills.webp\",\"width\":1200,\"height\":630,\"caption\":\"Nembutal Pills Online\"},{\"@type\":\"BreadcrumbList\",\"@id\":\"https:\\\/\\\/gooddealersmeds.com\\\/no\\\/product\\\/nembutal-piller\\\/#breadcrumb\",\"itemListElement\":[{\"@type\":\"ListItem\",\"position\":1,\"name\":\"Home\",\"item\":\"https:\\\/\\\/gooddealersmeds.com\\\/no\\\/\"},{\"@type\":\"ListItem\",\"position\":2,\"name\":\"Produkter\",\"item\":\"https:\\\/\\\/gooddealersmeds.com\\\/no\\\/produkter\\\/\"},{\"@type\":\"ListItem\",\"position\":3,\"name\":\"Kj\u00f8p Nembutal-piller p\u00e5 nett\"}]},{\"@type\":\"WebSite\",\"@id\":\"https:\\\/\\\/gooddealersmeds.com\\\/no\\\/#website\",\"url\":\"https:\\\/\\\/gooddealersmeds.com\\\/no\\\/\",\"name\":\"Good Dealers Meds\",\"description\":\"All our best\",\"publisher\":{\"@id\":\"https:\\\/\\\/gooddealersmeds.com\\\/no\\\/#organization\"},\"potentialAction\":[{\"@type\":\"SearchAction\",\"target\":{\"@type\":\"EntryPoint\",\"urlTemplate\":\"https:\\\/\\\/gooddealersmeds.com\\\/no\\\/?s={search_term_string}\"},\"query-input\":{\"@type\":\"PropertyValueSpecification\",\"valueRequired\":true,\"valueName\":\"search_term_string\"}}],\"inLanguage\":\"en-US\"},{\"@type\":\"Organization\",\"@id\":\"https:\\\/\\\/gooddealersmeds.com\\\/no\\\/#organization\",\"name\":\"Good Dealers Meds\",\"url\":\"https:\\\/\\\/gooddealersmeds.com\\\/no\\\/\",\"logo\":{\"@type\":\"ImageObject\",\"inLanguage\":\"en-US\",\"@id\":\"https:\\\/\\\/gooddealersmeds.com\\\/no\\\/#\\\/schema\\\/logo\\\/image\\\/\",\"url\":\"https:\\\/\\\/gooddealersmeds.com\\\/no\\\/wp-content\\\/uploads\\\/sites\\\/8\\\/2022\\\/03\\\/gooddealersmeds__logo__20220317T222800Z.00.png\",\"contentUrl\":\"https:\\\/\\\/gooddealersmeds.com\\\/no\\\/wp-content\\\/uploads\\\/sites\\\/8\\\/2022\\\/03\\\/gooddealersmeds__logo__20220317T222800Z.00.png\",\"width\":500,\"height\":325,\"caption\":\"Good Dealers Meds\"},\"image\":{\"@id\":\"https:\\\/\\\/gooddealersmeds.com\\\/no\\\/#\\\/schema\\\/logo\\\/image\\\/\"}}]}<\/script>\n<!-- \/ Yoast SEO Premium plugin. -->","yoast_head_json":{"title":"Bestill Nembutal-piller online - Nembutaldose | Good Dealers Meds","description":"Bestill Nembutal-piller p\u00e5 nett, vi leverer Nembutal (Pentobarbital) av h\u00f8y kvalitet til de beste prisene. Kj\u00f8p n\u00e5 og f\u00e5 den levert p\u00e5 d\u00f8rstokken din.","robots":{"index":"index","follow":"follow","max-snippet":"max-snippet:-1","max-image-preview":"max-image-preview:large","max-video-preview":"max-video-preview:-1"},"canonical":"https:\/\/gooddealersmeds.com\/no\/product\/nembutal-piller\/","og_locale":"en_US","og_type":"article","og_title":"Kj\u00f8p Nembutal-piller p\u00e5 nett","og_description":"Bestill Nembutal-piller p\u00e5 nett, vi leverer Nembutal (Pentobarbital) av h\u00f8y kvalitet til de beste prisene. Kj\u00f8p n\u00e5 og f\u00e5 den levert p\u00e5 d\u00f8rstokken din.","og_url":"https:\/\/gooddealersmeds.com\/no\/product\/nembutal-piller\/","og_site_name":"Good Dealers Meds","article_modified_time":"2022-10-03T21:26:02+00:00","og_image":[{"width":1200,"height":630,"url":"https:\/\/gooddealersmeds.com\/no\/wp-content\/uploads\/sites\/8\/2022\/06\/Nembutal-Pills.webp","type":"image\/webp"}],"twitter_card":"summary_large_image","twitter_misc":{"Est. reading time":"1 minute"},"schema":{"@context":"https:\/\/schema.org","@graph":[{"@type":"WebPage","@id":"https:\/\/gooddealersmeds.com\/no\/product\/nembutal-piller\/","url":"https:\/\/gooddealersmeds.com\/no\/product\/nembutal-piller\/","name":"Bestill Nembutal-piller online - Nembutaldose | Good Dealers Meds","isPartOf":{"@id":"https:\/\/gooddealersmeds.com\/no\/#website"},"primaryImageOfPage":{"@id":"https:\/\/gooddealersmeds.com\/no\/product\/nembutal-piller\/#primaryimage"},"image":{"@id":"https:\/\/gooddealersmeds.com\/no\/product\/nembutal-piller\/#primaryimage"},"thumbnailUrl":"https:\/\/gooddealersmeds.com\/no\/wp-content\/uploads\/sites\/8\/2022\/06\/Nembutal-Pills.webp","datePublished":"2022-06-22T20:56:09+00:00","dateModified":"2022-10-03T21:26:02+00:00","description":"Bestill Nembutal-piller p\u00e5 nett, vi leverer Nembutal (Pentobarbital) av h\u00f8y kvalitet til de beste prisene. Kj\u00f8p n\u00e5 og f\u00e5 den levert p\u00e5 d\u00f8rstokken din.","breadcrumb":{"@id":"https:\/\/gooddealersmeds.com\/no\/product\/nembutal-piller\/#breadcrumb"},"inLanguage":"en-US","potentialAction":[{"@type":"ReadAction","target":["https:\/\/gooddealersmeds.com\/no\/product\/nembutal-piller\/"]}]},{"@type":"ImageObject","inLanguage":"en-US","@id":"https:\/\/gooddealersmeds.com\/no\/product\/nembutal-piller\/#primaryimage","url":"https:\/\/gooddealersmeds.com\/no\/wp-content\/uploads\/sites\/8\/2022\/06\/Nembutal-Pills.webp","contentUrl":"https:\/\/gooddealersmeds.com\/no\/wp-content\/uploads\/sites\/8\/2022\/06\/Nembutal-Pills.webp","width":1200,"height":630,"caption":"Nembutal Pills Online"},{"@type":"BreadcrumbList","@id":"https:\/\/gooddealersmeds.com\/no\/product\/nembutal-piller\/#breadcrumb","itemListElement":[{"@type":"ListItem","position":1,"name":"Home","item":"https:\/\/gooddealersmeds.com\/no\/"},{"@type":"ListItem","position":2,"name":"Produkter","item":"https:\/\/gooddealersmeds.com\/no\/produkter\/"},{"@type":"ListItem","position":3,"name":"Kj\u00f8p Nembutal-piller p\u00e5 nett"}]},{"@type":"WebSite","@id":"https:\/\/gooddealersmeds.com\/no\/#website","url":"https:\/\/gooddealersmeds.com\/no\/","name":"Good Dealers Meds","description":"All our best","publisher":{"@id":"https:\/\/gooddealersmeds.com\/no\/#organization"},"potentialAction":[{"@type":"SearchAction","target":{"@type":"EntryPoint","urlTemplate":"https:\/\/gooddealersmeds.com\/no\/?s={search_term_string}"},"query-input":{"@type":"PropertyValueSpecification","valueRequired":true,"valueName":"search_term_string"}}],"inLanguage":"en-US"},{"@type":"Organization","@id":"https:\/\/gooddealersmeds.com\/no\/#organization","name":"Good Dealers Meds","url":"https:\/\/gooddealersmeds.com\/no\/","logo":{"@type":"ImageObject","inLanguage":"en-US","@id":"https:\/\/gooddealersmeds.com\/no\/#\/schema\/logo\/image\/","url":"https:\/\/gooddealersmeds.com\/no\/wp-content\/uploads\/sites\/8\/2022\/03\/gooddealersmeds__logo__20220317T222800Z.00.png","contentUrl":"https:\/\/gooddealersmeds.com\/no\/wp-content\/uploads\/sites\/8\/2022\/03\/gooddealersmeds__logo__20220317T222800Z.00.png","width":500,"height":325,"caption":"Good Dealers Meds"},"image":{"@id":"https:\/\/gooddealersmeds.com\/no\/#\/schema\/logo\/image\/"}}]}},"_links":{"self":[{"href":"https:\/\/gooddealersmeds.com\/no\/wp-json\/wp\/v2\/product\/1823","targetHints":{"allow":["GET"]}}],"collection":[{"href":"https:\/\/gooddealersmeds.com\/no\/wp-json\/wp\/v2\/product"}],"about":[{"href":"https:\/\/gooddealersmeds.com\/no\/wp-json\/wp\/v2\/types\/product"}],"replies":[{"embeddable":true,"href":"https:\/\/gooddealersmeds.com\/no\/wp-json\/wp\/v2\/comments?post=1823"}],"wp:featuredmedia":[{"embeddable":true,"href":"https:\/\/gooddealersmeds.com\/no\/wp-json\/wp\/v2\/media\/1831"}],"wp:attachment":[{"href":"https:\/\/gooddealersmeds.com\/no\/wp-json\/wp\/v2\/media?parent=1823"}],"wp:term":[{"taxonomy":"product_brand","embeddable":true,"href":"https:\/\/gooddealersmeds.com\/no\/wp-json\/wp\/v2\/product_brand?post=1823"},{"taxonomy":"product_cat","embeddable":true,"href":"https:\/\/gooddealersmeds.com\/no\/wp-json\/wp\/v2\/product_cat?post=1823"},{"taxonomy":"product_tag","embeddable":true,"href":"https:\/\/gooddealersmeds.com\/no\/wp-json\/wp\/v2\/product_tag?post=1823"}],"curies":[{"name":"wp","href":"https:\/\/api.w.org\/{rel}","templated":true}]}}