{"id":1818,"date":"2022-06-22T20:49:15","date_gmt":"2022-06-22T20:49:15","guid":{"rendered":"https:\/\/gooddealersmeds.com\/no\/?post_type=product&#038;p=1818"},"modified":"2022-10-03T21:26:09","modified_gmt":"2022-10-03T21:26:09","slug":"nembutal-oral-vaeske","status":"publish","type":"product","link":"https:\/\/gooddealersmeds.com\/no\/product\/nembutal-oral-vaeske\/","title":{"rendered":"Kj\u00f8p Nembutal Oral Liquid"},"content":{"rendered":"<p>Kj\u00f8p Nembutal Liquid\u00a0online, Nembutal Liquid har v\u00e6rt en av hovedfaktorene til at folk g\u00e5r inn for Nembutal Pentobarbital for oral bruk.<\/p>\n<p>Nembutal Liquid Phenobarbital (varenavn: Nembutal) er en barbituratmedisin. Det er ofte brukt som beroligende eller angstdempende medisin. I motsetning til moderne sovemedisiner er Nembutal ekstremt d\u00f8delig ved overdose.<\/p>\n<p>Pentobarbital (Nembutal) er et barbiturat. Barbiturater er svake syrer som raskt absorberes og distribueres i hele kroppen, med h\u00f8ye konsentrasjoner i hjernen, leveren og nyrene. Barbituraters lipidl\u00f8selighet er den viktigste faktoren i deres fordeling i kroppen. Jo mer lipidl\u00f8selig barbituratet er, desto raskere trenger det inn i alle kroppsvev. Det reduserer aktiviteten i hjernen og nervesystemet. Det brukes som et kortvarig beroligende middel for \u00e5 behandle s\u00f8vnl\u00f8shet eller for \u00e5 f\u00e5 deg til \u00e5 sove f\u00f8r operasjonen. Pentobarbital brukes ogs\u00e5 som akutt anfallsbehandling.<\/p>\n<p>Etter \u00e5 ha mottatt pentobarbital p\u00e5 sykehus vil pusten, blodtrykket, oksygenniv\u00e5et, nyrefunksjonen og andre vitale tegn bli n\u00f8ye overv\u00e5ket. Hvis pentobarbital har endret farge eller inneholder partikler, ikke bruk det. For ny medisin, kontakt apoteket.<\/p>\n<p>Hvis du bruker dette legemidlet over lengre tid, kan det hende du trenger hyppige medisinske tester. Ikke slutt \u00e5 bruke dette legemidlet plutselig etter langvarig bruk, eller du kan f\u00e5 ubehagelige abstinenssymptomer. Sp\u00f8r legen din hvordan du trygt kan slutte \u00e5 bruke pentobarbital.<\/p>\n<ul>\n<li>Oppbevares i romtemperatur borte fra fuktighet og varme.<\/li>\n<li>Ikke frys<\/li>\n<\/ul>\n<p>Barbiturater b\u00f8r brukes med forsiktighet hos pasienter som lider av akutte eller kroniske smerter, da paradoksal spenning eller maskering av viktige symptomer kan oppst\u00e5. Barbiturater, p\u00e5 den annen side, har en lang historie med bruk som beroligende midler i den postoperative kirurgiske perioden og som tillegg til kreftkjemoterapi.<\/p>\n<p>Du kan <a href=\"https:\/\/gooddealersmeds.com\/no \/product\/nembutal-oral-liquid\/\">kj\u00f8p Nembutal oral v\u00e6ske<\/a> fra nettbutikken v\u00e5r med sikker frakt.<\/p>\n","protected":false},"excerpt":{"rendered":"<p>Kj\u00f8p Pentobarbital online, Under merkenavnet Nembutal er pentobarbitalnatrium tilgjengelig som mikstur som folk kan ta oralt. Det kan gis av utdannede fagfolk p\u00e5 sykehus og klinikker, eller hjemme. Det har den bivirkningen at man f\u00f8ler seg d\u00f8sig, men b\u00f8r ikke f\u00f8re til blackout eller hukommelsestap. Dette produktet skal kun brukes under direkte tilsyn av en lege.<\/p>\n","protected":false},"featured_media":1822,"comment_status":"open","ping_status":"closed","template":"","meta":{"inline_featured_image":false},"product_brand":[],"product_cat":[343],"product_tag":[],"class_list":{"0":"post-1818","1":"product","2":"type-product","3":"status-publish","4":"has-post-thumbnail","6":"product_cat-andre","8":"first","9":"instock","10":"shipping-taxable","11":"purchasable","12":"product-type-variable","13":"has-default-attributes"},"yoast_head":"<!-- This site is optimized with the Yoast SEO Premium plugin v20.6 (Yoast SEO v27.5) - https:\/\/yoast.com\/product\/yoast-seo-premium-wordpress\/ -->\n<title>Kj\u00f8p Nembutal Oral Liquid Online (Pentobarbital) | Good Dealers Meds<\/title>\n<meta name=\"description\" content=\"Kj\u00f8p Nembutal Oral Liquid (Pentobarbital Sodium), et barbiturat som virker som et dempende middel, eller beroligende middel, som brukes p\u00e5 kort sikt for \u00e5 behandle s\u00f8vnl\u00f8shet.\" \/>\n<meta name=\"robots\" content=\"index, follow, max-snippet:-1, max-image-preview:large, max-video-preview:-1\" \/>\n<link rel=\"canonical\" href=\"https:\/\/gooddealersmeds.com\/no\/product\/nembutal-oral-vaeske\/\" \/>\n<meta property=\"og:locale\" content=\"en_US\" \/>\n<meta property=\"og:type\" content=\"article\" \/>\n<meta property=\"og:title\" content=\"Kj\u00f8p Nembutal Oral Liquid\" \/>\n<meta property=\"og:description\" content=\"Kj\u00f8p Nembutal Oral Liquid (Pentobarbital Sodium), et barbiturat som virker som et dempende middel, eller beroligende middel, som brukes p\u00e5 kort sikt for \u00e5 behandle s\u00f8vnl\u00f8shet.\" \/>\n<meta property=\"og:url\" content=\"https:\/\/gooddealersmeds.com\/no\/product\/nembutal-oral-vaeske\/\" \/>\n<meta property=\"og:site_name\" content=\"Good Dealers Meds\" \/>\n<meta property=\"article:modified_time\" content=\"2022-10-03T21:26:09+00:00\" \/>\n<meta property=\"og:image\" content=\"https:\/\/gooddealersmeds.com\/no\/wp-content\/uploads\/sites\/8\/2022\/06\/Buy-Nembutal-oral-Liquid.webp\" \/>\n\t<meta property=\"og:image:width\" content=\"600\" \/>\n\t<meta property=\"og:image:height\" content=\"600\" \/>\n\t<meta property=\"og:image:type\" content=\"image\/webp\" \/>\n<meta name=\"twitter:card\" content=\"summary_large_image\" \/>\n<meta name=\"twitter:label1\" content=\"Est. reading time\" \/>\n\t<meta name=\"twitter:data1\" content=\"1 minute\" \/>\n<script type=\"application\/ld+json\" class=\"yoast-schema-graph\">{\"@context\":\"https:\\\/\\\/schema.org\",\"@graph\":[{\"@type\":\"WebPage\",\"@id\":\"https:\\\/\\\/gooddealersmeds.com\\\/no\\\/product\\\/nembutal-oral-vaeske\\\/\",\"url\":\"https:\\\/\\\/gooddealersmeds.com\\\/no\\\/product\\\/nembutal-oral-vaeske\\\/\",\"name\":\"Kj\u00f8p Nembutal Oral Liquid Online (Pentobarbital) | Good Dealers Meds\",\"isPartOf\":{\"@id\":\"https:\\\/\\\/gooddealersmeds.com\\\/no\\\/#website\"},\"primaryImageOfPage\":{\"@id\":\"https:\\\/\\\/gooddealersmeds.com\\\/no\\\/product\\\/nembutal-oral-vaeske\\\/#primaryimage\"},\"image\":{\"@id\":\"https:\\\/\\\/gooddealersmeds.com\\\/no\\\/product\\\/nembutal-oral-vaeske\\\/#primaryimage\"},\"thumbnailUrl\":\"https:\\\/\\\/gooddealersmeds.com\\\/no\\\/wp-content\\\/uploads\\\/sites\\\/8\\\/2022\\\/06\\\/Buy-Nembutal-oral-Liquid.webp\",\"datePublished\":\"2022-06-22T20:49:15+00:00\",\"dateModified\":\"2022-10-03T21:26:09+00:00\",\"description\":\"Kj\u00f8p Nembutal Oral Liquid (Pentobarbital Sodium), et barbiturat som virker som et dempende middel, eller beroligende middel, som brukes p\u00e5 kort sikt for \u00e5 behandle s\u00f8vnl\u00f8shet.\",\"breadcrumb\":{\"@id\":\"https:\\\/\\\/gooddealersmeds.com\\\/no\\\/product\\\/nembutal-oral-vaeske\\\/#breadcrumb\"},\"inLanguage\":\"en-US\",\"potentialAction\":[{\"@type\":\"ReadAction\",\"target\":[\"https:\\\/\\\/gooddealersmeds.com\\\/no\\\/product\\\/nembutal-oral-vaeske\\\/\"]}]},{\"@type\":\"ImageObject\",\"inLanguage\":\"en-US\",\"@id\":\"https:\\\/\\\/gooddealersmeds.com\\\/no\\\/product\\\/nembutal-oral-vaeske\\\/#primaryimage\",\"url\":\"https:\\\/\\\/gooddealersmeds.com\\\/no\\\/wp-content\\\/uploads\\\/sites\\\/8\\\/2022\\\/06\\\/Buy-Nembutal-oral-Liquid.webp\",\"contentUrl\":\"https:\\\/\\\/gooddealersmeds.com\\\/no\\\/wp-content\\\/uploads\\\/sites\\\/8\\\/2022\\\/06\\\/Buy-Nembutal-oral-Liquid.webp\",\"width\":600,\"height\":600,\"caption\":\"Buy Nembutal Oral Liquid\"},{\"@type\":\"BreadcrumbList\",\"@id\":\"https:\\\/\\\/gooddealersmeds.com\\\/no\\\/product\\\/nembutal-oral-vaeske\\\/#breadcrumb\",\"itemListElement\":[{\"@type\":\"ListItem\",\"position\":1,\"name\":\"Home\",\"item\":\"https:\\\/\\\/gooddealersmeds.com\\\/no\\\/\"},{\"@type\":\"ListItem\",\"position\":2,\"name\":\"Produkter\",\"item\":\"https:\\\/\\\/gooddealersmeds.com\\\/no\\\/produkter\\\/\"},{\"@type\":\"ListItem\",\"position\":3,\"name\":\"Kj\u00f8p Nembutal Oral Liquid\"}]},{\"@type\":\"WebSite\",\"@id\":\"https:\\\/\\\/gooddealersmeds.com\\\/no\\\/#website\",\"url\":\"https:\\\/\\\/gooddealersmeds.com\\\/no\\\/\",\"name\":\"Good Dealers Meds\",\"description\":\"All our best\",\"publisher\":{\"@id\":\"https:\\\/\\\/gooddealersmeds.com\\\/no\\\/#organization\"},\"potentialAction\":[{\"@type\":\"SearchAction\",\"target\":{\"@type\":\"EntryPoint\",\"urlTemplate\":\"https:\\\/\\\/gooddealersmeds.com\\\/no\\\/?s={search_term_string}\"},\"query-input\":{\"@type\":\"PropertyValueSpecification\",\"valueRequired\":true,\"valueName\":\"search_term_string\"}}],\"inLanguage\":\"en-US\"},{\"@type\":\"Organization\",\"@id\":\"https:\\\/\\\/gooddealersmeds.com\\\/no\\\/#organization\",\"name\":\"Good Dealers Meds\",\"url\":\"https:\\\/\\\/gooddealersmeds.com\\\/no\\\/\",\"logo\":{\"@type\":\"ImageObject\",\"inLanguage\":\"en-US\",\"@id\":\"https:\\\/\\\/gooddealersmeds.com\\\/no\\\/#\\\/schema\\\/logo\\\/image\\\/\",\"url\":\"https:\\\/\\\/gooddealersmeds.com\\\/no\\\/wp-content\\\/uploads\\\/sites\\\/8\\\/2022\\\/03\\\/gooddealersmeds__logo__20220317T222800Z.00.png\",\"contentUrl\":\"https:\\\/\\\/gooddealersmeds.com\\\/no\\\/wp-content\\\/uploads\\\/sites\\\/8\\\/2022\\\/03\\\/gooddealersmeds__logo__20220317T222800Z.00.png\",\"width\":500,\"height\":325,\"caption\":\"Good Dealers Meds\"},\"image\":{\"@id\":\"https:\\\/\\\/gooddealersmeds.com\\\/no\\\/#\\\/schema\\\/logo\\\/image\\\/\"}}]}<\/script>\n<!-- \/ Yoast SEO Premium plugin. -->","yoast_head_json":{"title":"Kj\u00f8p Nembutal Oral Liquid Online (Pentobarbital) | Good Dealers Meds","description":"Kj\u00f8p Nembutal Oral Liquid (Pentobarbital Sodium), et barbiturat som virker som et dempende middel, eller beroligende middel, som brukes p\u00e5 kort sikt for \u00e5 behandle s\u00f8vnl\u00f8shet.","robots":{"index":"index","follow":"follow","max-snippet":"max-snippet:-1","max-image-preview":"max-image-preview:large","max-video-preview":"max-video-preview:-1"},"canonical":"https:\/\/gooddealersmeds.com\/no\/product\/nembutal-oral-vaeske\/","og_locale":"en_US","og_type":"article","og_title":"Kj\u00f8p Nembutal Oral Liquid","og_description":"Kj\u00f8p Nembutal Oral Liquid (Pentobarbital Sodium), et barbiturat som virker som et dempende middel, eller beroligende middel, som brukes p\u00e5 kort sikt for \u00e5 behandle s\u00f8vnl\u00f8shet.","og_url":"https:\/\/gooddealersmeds.com\/no\/product\/nembutal-oral-vaeske\/","og_site_name":"Good Dealers Meds","article_modified_time":"2022-10-03T21:26:09+00:00","og_image":[{"width":600,"height":600,"url":"https:\/\/gooddealersmeds.com\/no\/wp-content\/uploads\/sites\/8\/2022\/06\/Buy-Nembutal-oral-Liquid.webp","type":"image\/webp"}],"twitter_card":"summary_large_image","twitter_misc":{"Est. reading time":"1 minute"},"schema":{"@context":"https:\/\/schema.org","@graph":[{"@type":"WebPage","@id":"https:\/\/gooddealersmeds.com\/no\/product\/nembutal-oral-vaeske\/","url":"https:\/\/gooddealersmeds.com\/no\/product\/nembutal-oral-vaeske\/","name":"Kj\u00f8p Nembutal Oral Liquid Online (Pentobarbital) | Good Dealers Meds","isPartOf":{"@id":"https:\/\/gooddealersmeds.com\/no\/#website"},"primaryImageOfPage":{"@id":"https:\/\/gooddealersmeds.com\/no\/product\/nembutal-oral-vaeske\/#primaryimage"},"image":{"@id":"https:\/\/gooddealersmeds.com\/no\/product\/nembutal-oral-vaeske\/#primaryimage"},"thumbnailUrl":"https:\/\/gooddealersmeds.com\/no\/wp-content\/uploads\/sites\/8\/2022\/06\/Buy-Nembutal-oral-Liquid.webp","datePublished":"2022-06-22T20:49:15+00:00","dateModified":"2022-10-03T21:26:09+00:00","description":"Kj\u00f8p Nembutal Oral Liquid (Pentobarbital Sodium), et barbiturat som virker som et dempende middel, eller beroligende middel, som brukes p\u00e5 kort sikt for \u00e5 behandle s\u00f8vnl\u00f8shet.","breadcrumb":{"@id":"https:\/\/gooddealersmeds.com\/no\/product\/nembutal-oral-vaeske\/#breadcrumb"},"inLanguage":"en-US","potentialAction":[{"@type":"ReadAction","target":["https:\/\/gooddealersmeds.com\/no\/product\/nembutal-oral-vaeske\/"]}]},{"@type":"ImageObject","inLanguage":"en-US","@id":"https:\/\/gooddealersmeds.com\/no\/product\/nembutal-oral-vaeske\/#primaryimage","url":"https:\/\/gooddealersmeds.com\/no\/wp-content\/uploads\/sites\/8\/2022\/06\/Buy-Nembutal-oral-Liquid.webp","contentUrl":"https:\/\/gooddealersmeds.com\/no\/wp-content\/uploads\/sites\/8\/2022\/06\/Buy-Nembutal-oral-Liquid.webp","width":600,"height":600,"caption":"Buy Nembutal Oral Liquid"},{"@type":"BreadcrumbList","@id":"https:\/\/gooddealersmeds.com\/no\/product\/nembutal-oral-vaeske\/#breadcrumb","itemListElement":[{"@type":"ListItem","position":1,"name":"Home","item":"https:\/\/gooddealersmeds.com\/no\/"},{"@type":"ListItem","position":2,"name":"Produkter","item":"https:\/\/gooddealersmeds.com\/no\/produkter\/"},{"@type":"ListItem","position":3,"name":"Kj\u00f8p Nembutal Oral Liquid"}]},{"@type":"WebSite","@id":"https:\/\/gooddealersmeds.com\/no\/#website","url":"https:\/\/gooddealersmeds.com\/no\/","name":"Good Dealers Meds","description":"All our best","publisher":{"@id":"https:\/\/gooddealersmeds.com\/no\/#organization"},"potentialAction":[{"@type":"SearchAction","target":{"@type":"EntryPoint","urlTemplate":"https:\/\/gooddealersmeds.com\/no\/?s={search_term_string}"},"query-input":{"@type":"PropertyValueSpecification","valueRequired":true,"valueName":"search_term_string"}}],"inLanguage":"en-US"},{"@type":"Organization","@id":"https:\/\/gooddealersmeds.com\/no\/#organization","name":"Good Dealers Meds","url":"https:\/\/gooddealersmeds.com\/no\/","logo":{"@type":"ImageObject","inLanguage":"en-US","@id":"https:\/\/gooddealersmeds.com\/no\/#\/schema\/logo\/image\/","url":"https:\/\/gooddealersmeds.com\/no\/wp-content\/uploads\/sites\/8\/2022\/03\/gooddealersmeds__logo__20220317T222800Z.00.png","contentUrl":"https:\/\/gooddealersmeds.com\/no\/wp-content\/uploads\/sites\/8\/2022\/03\/gooddealersmeds__logo__20220317T222800Z.00.png","width":500,"height":325,"caption":"Good Dealers Meds"},"image":{"@id":"https:\/\/gooddealersmeds.com\/no\/#\/schema\/logo\/image\/"}}]}},"_links":{"self":[{"href":"https:\/\/gooddealersmeds.com\/no\/wp-json\/wp\/v2\/product\/1818","targetHints":{"allow":["GET"]}}],"collection":[{"href":"https:\/\/gooddealersmeds.com\/no\/wp-json\/wp\/v2\/product"}],"about":[{"href":"https:\/\/gooddealersmeds.com\/no\/wp-json\/wp\/v2\/types\/product"}],"replies":[{"embeddable":true,"href":"https:\/\/gooddealersmeds.com\/no\/wp-json\/wp\/v2\/comments?post=1818"}],"wp:featuredmedia":[{"embeddable":true,"href":"https:\/\/gooddealersmeds.com\/no\/wp-json\/wp\/v2\/media\/1822"}],"wp:attachment":[{"href":"https:\/\/gooddealersmeds.com\/no\/wp-json\/wp\/v2\/media?parent=1818"}],"wp:term":[{"taxonomy":"product_brand","embeddable":true,"href":"https:\/\/gooddealersmeds.com\/no\/wp-json\/wp\/v2\/product_brand?post=1818"},{"taxonomy":"product_cat","embeddable":true,"href":"https:\/\/gooddealersmeds.com\/no\/wp-json\/wp\/v2\/product_cat?post=1818"},{"taxonomy":"product_tag","embeddable":true,"href":"https:\/\/gooddealersmeds.com\/no\/wp-json\/wp\/v2\/product_tag?post=1818"}],"curies":[{"name":"wp","href":"https:\/\/api.w.org\/{rel}","templated":true}]}}