{"id":1799,"date":"2022-06-22T20:40:51","date_gmt":"2022-06-22T20:40:51","guid":{"rendered":"https:\/\/gooddealersmeds.com\/no\/?post_type=product&#038;p=1799"},"modified":"2022-10-03T21:26:16","modified_gmt":"2022-10-03T21:26:16","slug":"kjop-vyvanse-online","status":"publish","type":"product","link":"https:\/\/gooddealersmeds.com\/no\/product\/kjop-vyvanse-online\/","title":{"rendered":"Kj\u00f8p Vyvanse p\u00e5 nett"},"content":{"rendered":"<p>Kj\u00f8p Vyvanse Online fra butikken v\u00e5r. Lisdexamfetamine er det generiske navnet p\u00e5 Vyvanse. Lisdexamfetamin brukes til \u00e5 behandle oppmerksomhetsunderskudd hyperaktivitetsforstyrrelse (ADHD) som en del av en omfattende behandlingsplan som inkluderer psykologiske, sosiale og andre intervensjoner. Det kan hjelpe til med \u00e5 forbedre oppmerksomhetsspennet, holde fokus og redusere bevegelse. Overstadig spiseforstyrrelse kan ogs\u00e5 behandles med lisdexamfetamin (BED). Det kan hjelpe med \u00e5 redusere antall overspisingsdager.<\/p>\n<p>Dette er en sentralstimulerende medisin. Det antas \u00e5 fungere ved \u00e5 gjenopprette balansen mellom visse naturlige kjemikalier i hjernen (nevrotransmittere). P\u00e5 grunn av risikoen for alvorlige bivirkninger, anbefales ikke denne medisinen for vekttap.<\/p>\n<p><a href=\"https:\/\/gooddealersmeds.com\/no\/product\/buy-vyvanse-online\/\"> Vyvanse<\/a> er tilgjengelig som en hurtigvirkende eller sakte-frigj\u00f8rende tablett, samt en tyggetablett. Legemidlet begynner \u00e5 virke innen 2 timer etter administrering og varer vanligvis 10-12 timer. Det er ogs\u00e5 vanligvis foreskrevet i doser p\u00e5 10, 20 eller 30 mg piller eller tyggetabletter. Dette unng\u00e5r mange av problemene forbundet med Adderall, som \u00e5 fortelle brukere som ikke er i stand til \u00e5 ta piller om \u00e5 \u00e5pne kapslene.<\/p>\n<p>Vyvanse b\u00f8r tas en gang daglig om morgenen. Det er best \u00e5 ta det f\u00f8rst om morgenen fordi det kan forstyrre s\u00f8vnen senere p\u00e5 dagen. Hvis du eller barnet ditt tar eller nylig har tatt en monoaminoksidasehemmer, ikke ta Vyvanse. Vyvanse-bivirkninger inkluderer vanligvis redusert appetitt, s\u00f8vnvansker, vekttap og munnt\u00f8rrhet. Informer legen din hvis du har h\u00f8yt blodtrykk.<\/p>\n<p>De fleste som leter etter generisk vyvanse \u00f8nsker \u00e5 kj\u00f8pe og fylle p\u00e5 resepten fra en anerkjent kilde. V\u00e5rt oppdrag er \u00e5 tilby et sted hvor pasienter kan f\u00e5 medisinene sine uavhengig av forsikringsdekning eller \u00f8konomiske situasjon. Med v\u00e5r hjelp kan du enkelt skaffe generisk vyvanse online og administrere reseptene dine.<\/p>\n<p>Vi tilbyr ren vyvanse, kj\u00f8p vyvanse online fra v\u00e5r <a href=\"https:\/\/gooddealersmeds.com\/no\/products\/\">butikk<\/a>. Nettbutikken v\u00e5r gir ogs\u00e5 pasienter ressursene de trenger for \u00e5 h\u00e5ndtere sin ADHD og f\u00f8le seg mer i kontroll over livene sine.<\/p>\n","protected":false},"excerpt":{"rendered":"<p>Vyvanse kan foreskrives for behandling av oppmerksomhetsunderskudd hyperaktivitetsforstyrrelse (ADHD) hos voksne og barn fra seks \u00e5r og eldre, samt for moderat til alvorlig overspisingsforstyrrelse hos voksne. Sikkerheten og effekten av lisdexamfetamin dimesylat hos barn med ADHD tre til fem \u00e5r har ikke blitt fastsl\u00e5tt.<\/p>\n","protected":false},"featured_media":1801,"comment_status":"open","ping_status":"closed","template":"","meta":{"inline_featured_image":false},"product_brand":[],"product_cat":[346],"product_tag":[],"class_list":{"0":"post-1799","1":"product","2":"type-product","3":"status-publish","4":"has-post-thumbnail","6":"product_cat-sentralstimulerende-midler","7":"pa_pills-100-pills","8":"pa_pills-1000-pills","9":"pa_pills-30-pills","10":"pa_pills-300-pills","11":"pa_pills-50-pills","12":"pa_pills-500-pills","14":"first","15":"instock","16":"shipping-taxable","17":"purchasable","18":"product-type-variable","19":"has-default-attributes"},"yoast_head":"<!-- This site is optimized with the Yoast SEO Premium plugin v20.6 (Yoast SEO v27.3) - https:\/\/yoast.com\/product\/yoast-seo-premium-wordpress\/ -->\n<title>Kj\u00f8p Vyvanse Online - Best Quality Vyvanse | Gode \u200b\u200bforhandlere medisiner<\/title>\n<meta name=\"description\" content=\"Kj\u00f8p Vyvanse Online til en billig pris fra Good Dealers Meds for behandling av ADHD hos barn i alderen 6-12 \u00e5r, ungdom og voksne.\" \/>\n<meta name=\"robots\" content=\"index, follow, max-snippet:-1, max-image-preview:large, max-video-preview:-1\" \/>\n<link rel=\"canonical\" href=\"https:\/\/gooddealersmeds.com\/no\/product\/kjop-vyvanse-online\/\" \/>\n<meta property=\"og:locale\" content=\"en_US\" \/>\n<meta property=\"og:type\" content=\"article\" \/>\n<meta property=\"og:title\" content=\"Kj\u00f8p Vyvanse p\u00e5 nett\" \/>\n<meta property=\"og:description\" content=\"Kj\u00f8p Vyvanse Online til en billig pris fra Good Dealers Meds for behandling av ADHD hos barn i alderen 6-12 \u00e5r, ungdom og voksne.\" \/>\n<meta property=\"og:url\" content=\"https:\/\/gooddealersmeds.com\/no\/product\/kjop-vyvanse-online\/\" \/>\n<meta property=\"og:site_name\" content=\"Good Dealers Meds\" \/>\n<meta property=\"article:modified_time\" content=\"2022-10-03T21:26:16+00:00\" \/>\n<meta property=\"og:image\" content=\"https:\/\/gooddealersmeds.com\/no\/wp-content\/uploads\/sites\/8\/2022\/04\/Sept15Vyvanse-1.png\" \/>\n\t<meta property=\"og:image:width\" content=\"469\" \/>\n\t<meta property=\"og:image:height\" content=\"314\" \/>\n\t<meta property=\"og:image:type\" content=\"image\/png\" \/>\n<meta name=\"twitter:card\" content=\"summary_large_image\" \/>\n<meta name=\"twitter:label1\" content=\"Est. reading time\" \/>\n\t<meta name=\"twitter:data1\" content=\"2 minutes\" \/>\n<script type=\"application\/ld+json\" class=\"yoast-schema-graph\">{\"@context\":\"https:\\\/\\\/schema.org\",\"@graph\":[{\"@type\":\"WebPage\",\"@id\":\"https:\\\/\\\/gooddealersmeds.com\\\/no\\\/product\\\/kjop-vyvanse-online\\\/\",\"url\":\"https:\\\/\\\/gooddealersmeds.com\\\/no\\\/product\\\/kjop-vyvanse-online\\\/\",\"name\":\"Kj\u00f8p Vyvanse Online - Best Quality Vyvanse | Gode \u200b\u200bforhandlere medisiner\",\"isPartOf\":{\"@id\":\"https:\\\/\\\/gooddealersmeds.com\\\/no\\\/#website\"},\"primaryImageOfPage\":{\"@id\":\"https:\\\/\\\/gooddealersmeds.com\\\/no\\\/product\\\/kjop-vyvanse-online\\\/#primaryimage\"},\"image\":{\"@id\":\"https:\\\/\\\/gooddealersmeds.com\\\/no\\\/product\\\/kjop-vyvanse-online\\\/#primaryimage\"},\"thumbnailUrl\":\"https:\\\/\\\/gooddealersmeds.com\\\/no\\\/wp-content\\\/uploads\\\/sites\\\/8\\\/2022\\\/04\\\/Sept15Vyvanse-1.png\",\"datePublished\":\"2022-06-22T20:40:51+00:00\",\"dateModified\":\"2022-10-03T21:26:16+00:00\",\"description\":\"Kj\u00f8p Vyvanse Online til en billig pris fra Good Dealers Meds for behandling av ADHD hos barn i alderen 6-12 \u00e5r, ungdom og voksne.\",\"breadcrumb\":{\"@id\":\"https:\\\/\\\/gooddealersmeds.com\\\/no\\\/product\\\/kjop-vyvanse-online\\\/#breadcrumb\"},\"inLanguage\":\"en-US\",\"potentialAction\":[{\"@type\":\"ReadAction\",\"target\":[\"https:\\\/\\\/gooddealersmeds.com\\\/no\\\/product\\\/kjop-vyvanse-online\\\/\"]}]},{\"@type\":\"ImageObject\",\"inLanguage\":\"en-US\",\"@id\":\"https:\\\/\\\/gooddealersmeds.com\\\/no\\\/product\\\/kjop-vyvanse-online\\\/#primaryimage\",\"url\":\"https:\\\/\\\/gooddealersmeds.com\\\/no\\\/wp-content\\\/uploads\\\/sites\\\/8\\\/2022\\\/04\\\/Sept15Vyvanse-1.png\",\"contentUrl\":\"https:\\\/\\\/gooddealersmeds.com\\\/no\\\/wp-content\\\/uploads\\\/sites\\\/8\\\/2022\\\/04\\\/Sept15Vyvanse-1.png\",\"width\":469,\"height\":314,\"caption\":\"Buy Vyvanse Online\"},{\"@type\":\"BreadcrumbList\",\"@id\":\"https:\\\/\\\/gooddealersmeds.com\\\/no\\\/product\\\/kjop-vyvanse-online\\\/#breadcrumb\",\"itemListElement\":[{\"@type\":\"ListItem\",\"position\":1,\"name\":\"Home\",\"item\":\"https:\\\/\\\/gooddealersmeds.com\\\/no\\\/\"},{\"@type\":\"ListItem\",\"position\":2,\"name\":\"Produkter\",\"item\":\"https:\\\/\\\/gooddealersmeds.com\\\/no\\\/produkter\\\/\"},{\"@type\":\"ListItem\",\"position\":3,\"name\":\"Kj\u00f8p Vyvanse p\u00e5 nett\"}]},{\"@type\":\"WebSite\",\"@id\":\"https:\\\/\\\/gooddealersmeds.com\\\/no\\\/#website\",\"url\":\"https:\\\/\\\/gooddealersmeds.com\\\/no\\\/\",\"name\":\"Good Dealers Meds\",\"description\":\"All our best\",\"publisher\":{\"@id\":\"https:\\\/\\\/gooddealersmeds.com\\\/no\\\/#organization\"},\"potentialAction\":[{\"@type\":\"SearchAction\",\"target\":{\"@type\":\"EntryPoint\",\"urlTemplate\":\"https:\\\/\\\/gooddealersmeds.com\\\/no\\\/?s={search_term_string}\"},\"query-input\":{\"@type\":\"PropertyValueSpecification\",\"valueRequired\":true,\"valueName\":\"search_term_string\"}}],\"inLanguage\":\"en-US\"},{\"@type\":\"Organization\",\"@id\":\"https:\\\/\\\/gooddealersmeds.com\\\/no\\\/#organization\",\"name\":\"Good Dealers Meds\",\"url\":\"https:\\\/\\\/gooddealersmeds.com\\\/no\\\/\",\"logo\":{\"@type\":\"ImageObject\",\"inLanguage\":\"en-US\",\"@id\":\"https:\\\/\\\/gooddealersmeds.com\\\/no\\\/#\\\/schema\\\/logo\\\/image\\\/\",\"url\":\"https:\\\/\\\/gooddealersmeds.com\\\/no\\\/wp-content\\\/uploads\\\/sites\\\/8\\\/2022\\\/03\\\/gooddealersmeds__logo__20220317T222800Z.00.png\",\"contentUrl\":\"https:\\\/\\\/gooddealersmeds.com\\\/no\\\/wp-content\\\/uploads\\\/sites\\\/8\\\/2022\\\/03\\\/gooddealersmeds__logo__20220317T222800Z.00.png\",\"width\":500,\"height\":325,\"caption\":\"Good Dealers Meds\"},\"image\":{\"@id\":\"https:\\\/\\\/gooddealersmeds.com\\\/no\\\/#\\\/schema\\\/logo\\\/image\\\/\"}}]}<\/script>\n<!-- \/ Yoast SEO Premium plugin. -->","yoast_head_json":{"title":"Kj\u00f8p Vyvanse Online - Best Quality Vyvanse | Gode \u200b\u200bforhandlere medisiner","description":"Kj\u00f8p Vyvanse Online til en billig pris fra Good Dealers Meds for behandling av ADHD hos barn i alderen 6-12 \u00e5r, ungdom og voksne.","robots":{"index":"index","follow":"follow","max-snippet":"max-snippet:-1","max-image-preview":"max-image-preview:large","max-video-preview":"max-video-preview:-1"},"canonical":"https:\/\/gooddealersmeds.com\/no\/product\/kjop-vyvanse-online\/","og_locale":"en_US","og_type":"article","og_title":"Kj\u00f8p Vyvanse p\u00e5 nett","og_description":"Kj\u00f8p Vyvanse Online til en billig pris fra Good Dealers Meds for behandling av ADHD hos barn i alderen 6-12 \u00e5r, ungdom og voksne.","og_url":"https:\/\/gooddealersmeds.com\/no\/product\/kjop-vyvanse-online\/","og_site_name":"Good Dealers Meds","article_modified_time":"2022-10-03T21:26:16+00:00","og_image":[{"width":469,"height":314,"url":"https:\/\/gooddealersmeds.com\/no\/wp-content\/uploads\/sites\/8\/2022\/04\/Sept15Vyvanse-1.png","type":"image\/png"}],"twitter_card":"summary_large_image","twitter_misc":{"Est. reading time":"2 minutes"},"schema":{"@context":"https:\/\/schema.org","@graph":[{"@type":"WebPage","@id":"https:\/\/gooddealersmeds.com\/no\/product\/kjop-vyvanse-online\/","url":"https:\/\/gooddealersmeds.com\/no\/product\/kjop-vyvanse-online\/","name":"Kj\u00f8p Vyvanse Online - Best Quality Vyvanse | Gode \u200b\u200bforhandlere medisiner","isPartOf":{"@id":"https:\/\/gooddealersmeds.com\/no\/#website"},"primaryImageOfPage":{"@id":"https:\/\/gooddealersmeds.com\/no\/product\/kjop-vyvanse-online\/#primaryimage"},"image":{"@id":"https:\/\/gooddealersmeds.com\/no\/product\/kjop-vyvanse-online\/#primaryimage"},"thumbnailUrl":"https:\/\/gooddealersmeds.com\/no\/wp-content\/uploads\/sites\/8\/2022\/04\/Sept15Vyvanse-1.png","datePublished":"2022-06-22T20:40:51+00:00","dateModified":"2022-10-03T21:26:16+00:00","description":"Kj\u00f8p Vyvanse Online til en billig pris fra Good Dealers Meds for behandling av ADHD hos barn i alderen 6-12 \u00e5r, ungdom og voksne.","breadcrumb":{"@id":"https:\/\/gooddealersmeds.com\/no\/product\/kjop-vyvanse-online\/#breadcrumb"},"inLanguage":"en-US","potentialAction":[{"@type":"ReadAction","target":["https:\/\/gooddealersmeds.com\/no\/product\/kjop-vyvanse-online\/"]}]},{"@type":"ImageObject","inLanguage":"en-US","@id":"https:\/\/gooddealersmeds.com\/no\/product\/kjop-vyvanse-online\/#primaryimage","url":"https:\/\/gooddealersmeds.com\/no\/wp-content\/uploads\/sites\/8\/2022\/04\/Sept15Vyvanse-1.png","contentUrl":"https:\/\/gooddealersmeds.com\/no\/wp-content\/uploads\/sites\/8\/2022\/04\/Sept15Vyvanse-1.png","width":469,"height":314,"caption":"Buy Vyvanse Online"},{"@type":"BreadcrumbList","@id":"https:\/\/gooddealersmeds.com\/no\/product\/kjop-vyvanse-online\/#breadcrumb","itemListElement":[{"@type":"ListItem","position":1,"name":"Home","item":"https:\/\/gooddealersmeds.com\/no\/"},{"@type":"ListItem","position":2,"name":"Produkter","item":"https:\/\/gooddealersmeds.com\/no\/produkter\/"},{"@type":"ListItem","position":3,"name":"Kj\u00f8p Vyvanse p\u00e5 nett"}]},{"@type":"WebSite","@id":"https:\/\/gooddealersmeds.com\/no\/#website","url":"https:\/\/gooddealersmeds.com\/no\/","name":"Good Dealers Meds","description":"All our best","publisher":{"@id":"https:\/\/gooddealersmeds.com\/no\/#organization"},"potentialAction":[{"@type":"SearchAction","target":{"@type":"EntryPoint","urlTemplate":"https:\/\/gooddealersmeds.com\/no\/?s={search_term_string}"},"query-input":{"@type":"PropertyValueSpecification","valueRequired":true,"valueName":"search_term_string"}}],"inLanguage":"en-US"},{"@type":"Organization","@id":"https:\/\/gooddealersmeds.com\/no\/#organization","name":"Good Dealers Meds","url":"https:\/\/gooddealersmeds.com\/no\/","logo":{"@type":"ImageObject","inLanguage":"en-US","@id":"https:\/\/gooddealersmeds.com\/no\/#\/schema\/logo\/image\/","url":"https:\/\/gooddealersmeds.com\/no\/wp-content\/uploads\/sites\/8\/2022\/03\/gooddealersmeds__logo__20220317T222800Z.00.png","contentUrl":"https:\/\/gooddealersmeds.com\/no\/wp-content\/uploads\/sites\/8\/2022\/03\/gooddealersmeds__logo__20220317T222800Z.00.png","width":500,"height":325,"caption":"Good Dealers Meds"},"image":{"@id":"https:\/\/gooddealersmeds.com\/no\/#\/schema\/logo\/image\/"}}]}},"_links":{"self":[{"href":"https:\/\/gooddealersmeds.com\/no\/wp-json\/wp\/v2\/product\/1799","targetHints":{"allow":["GET"]}}],"collection":[{"href":"https:\/\/gooddealersmeds.com\/no\/wp-json\/wp\/v2\/product"}],"about":[{"href":"https:\/\/gooddealersmeds.com\/no\/wp-json\/wp\/v2\/types\/product"}],"replies":[{"embeddable":true,"href":"https:\/\/gooddealersmeds.com\/no\/wp-json\/wp\/v2\/comments?post=1799"}],"wp:featuredmedia":[{"embeddable":true,"href":"https:\/\/gooddealersmeds.com\/no\/wp-json\/wp\/v2\/media\/1801"}],"wp:attachment":[{"href":"https:\/\/gooddealersmeds.com\/no\/wp-json\/wp\/v2\/media?parent=1799"}],"wp:term":[{"taxonomy":"product_brand","embeddable":true,"href":"https:\/\/gooddealersmeds.com\/no\/wp-json\/wp\/v2\/product_brand?post=1799"},{"taxonomy":"product_cat","embeddable":true,"href":"https:\/\/gooddealersmeds.com\/no\/wp-json\/wp\/v2\/product_cat?post=1799"},{"taxonomy":"product_tag","embeddable":true,"href":"https:\/\/gooddealersmeds.com\/no\/wp-json\/wp\/v2\/product_tag?post=1799"}],"curies":[{"name":"wp","href":"https:\/\/api.w.org\/{rel}","templated":true}]}}