{"id":1791,"date":"2022-04-21T03:36:59","date_gmt":"2022-04-21T03:36:59","guid":{"rendered":"https:\/\/gooddealersmeds.com\/no\/?post_type=product&#038;p=1791"},"modified":"2022-10-03T21:26:23","modified_gmt":"2022-10-03T21:26:23","slug":"kjop-anesket-online","status":"publish","type":"product","link":"https:\/\/gooddealersmeds.com\/no\/product\/kjop-anesket-online\/","title":{"rendered":"Kj\u00f8p Anesket p\u00e5 nett"},"content":{"rendered":"<p>V\u00e5r hovedaktivitet p\u00e5 <a href=\"https:\/\/gooddealersmeds.com\/no\/\">Good Dealer Meds<\/a> er \u00e5 tilby aneskett for salg. Av denne grunn tilbyr eller leverer vi anesket med eller uten resept. Kunder fra hele verden kan kj\u00f8pe Anesket Online med eller uten resept. Imidlertid har denne medisinen samme effekt som ketamin. Det brukes til \u00e5 berolige pasienter under st\u00f8rre kirurgiske inngrep. Som et resultat tilh\u00f8rer det samme medisinske gruppe (bed\u00f8velse).<\/p>\n<p>Medikamentet kommer i et fargel\u00f8st hetteglass, er injiserbart og er ekstremt potent p\u00e5 grunn av dets hallusinogene og beroligende egenskaper. De fleste land over hele verden bruker anesket for salg som et muskelavslappende middel. Bortsett fra bruken som beroligende eller bed\u00f8velsesmiddel, kan medisinen v\u00e6re ganske gunstig i behandlingen av smerte, depresjon, og listen fortsetter.<\/p>\n<p>Anasket er et medikament som er godkjent av de fleste land og brukes over hele verden. V\u00e5re forsyninger kommer direkte fra produsenten. Dette er en laboratoriekontroll som vi leverer under merkenavnet Anesket.<\/p>\n<p><strong>Resept<\/strong><\/p>\n<p>Pure Anesket er et reseptbelagt legemiddel. Det er ganske potent, og de fleste bruker det under tilsyn av en medisinsk ekspert. Ikke \u00f8k dosen uten f\u00f8rst \u00e5 bes\u00f8ke legen din. Barn har ikke etablert bruken, s\u00e5 kontakt en ekspert en gang til. Hold denne medisinen unna ungdom. I tilfelle en giftoverdose, s\u00f8k legehjelp umiddelbart.<\/p>\n<p><strong>Bivirkning<\/strong><\/p>\n<p>De vanligste bivirkningene inkluderer utslett, kvalme eller oppkast. Informer legen din dersom du er gravid eller lider av alvorlig hjertesykdom eller nylig har hatt hjerneslag eller har f\u00e5tt alvorlig hode- eller hjerneskade. Det er trygt \u00e5 bruke hos ammende m\u00f8dre.<\/p>\n<p><strong>Levering<\/strong><\/p>\n<p>Good Dealers Meds er sv\u00e6rt kjent\u00a0 og\u00a0 p\u00e5litelig leverand\u00f8r av Pure Anesket 1000 mg \/ 10 ml til salgs . V\u00e5r levering er trygg, sikker, rask, garanti og 100% diskret levering. Ingen personlig informasjon om kunden avsl\u00f8res fra pakken.<\/p>\n<p>Du kan kj\u00f8pe <a href=\"https:\/\/gooddealersmeds.com\/no\/product\/buy-anesket-online\/\">Anesket<\/a> a&gt; online fra butikken v\u00e5r med sikker frakt over hele Europa.<\/p>\n","protected":false},"excerpt":{"rendered":"<p>Kj\u00f8p Anesket p\u00e5 nett som brukes til \u00e5 f\u00e5 deg til \u00e5 sove for operasjon og for \u00e5 forhindre smerte og ubehag. Kj\u00f8p Anesket online hos oss online billig.<\/p>\n","protected":false},"featured_media":1798,"comment_status":"open","ping_status":"closed","template":"","meta":{"inline_featured_image":false},"product_brand":[],"product_cat":[343],"product_tag":[],"class_list":{"0":"post-1791","1":"product","2":"type-product","3":"status-publish","4":"has-post-thumbnail","6":"product_cat-andre","7":"pa_pills-100-pills","8":"pa_pills-1000-pills","9":"pa_pills-30-pills","10":"pa_pills-300-pills","11":"pa_pills-50-pills","12":"pa_pills-500-pills","14":"first","15":"instock","16":"shipping-taxable","17":"purchasable","18":"product-type-variable","19":"has-default-attributes"},"yoast_head":"<!-- This site is optimized with the Yoast SEO Premium plugin v20.6 (Yoast SEO v27.4) - https:\/\/yoast.com\/product\/yoast-seo-premium-wordpress\/ -->\n<title>Kj\u00f8p Anesket p\u00e5 nett | Bestill Anesket online Good Dealers Meds<\/title>\n<meta name=\"description\" content=\"Kj\u00f8p Anesket Online Tilbys av gode forhandlere Medisiner som brukes til \u00e5 f\u00e5 deg til \u00e5 sove under st\u00f8rre kirurgiske inngrep og for \u00e5 forhindre smerte og ubehag.\" \/>\n<meta name=\"robots\" content=\"index, follow, max-snippet:-1, max-image-preview:large, max-video-preview:-1\" \/>\n<link rel=\"canonical\" href=\"https:\/\/gooddealersmeds.com\/no\/product\/kjop-anesket-online\/\" \/>\n<meta property=\"og:locale\" content=\"en_US\" \/>\n<meta property=\"og:type\" content=\"article\" \/>\n<meta property=\"og:title\" content=\"Kj\u00f8p Anesket p\u00e5 nett\" \/>\n<meta property=\"og:description\" content=\"Kj\u00f8p Anesket Online Tilbys av gode forhandlere Medisiner som brukes til \u00e5 f\u00e5 deg til \u00e5 sove under st\u00f8rre kirurgiske inngrep og for \u00e5 forhindre smerte og ubehag.\" \/>\n<meta property=\"og:url\" content=\"https:\/\/gooddealersmeds.com\/no\/product\/kjop-anesket-online\/\" \/>\n<meta property=\"og:site_name\" content=\"Good Dealers Meds\" \/>\n<meta property=\"article:modified_time\" content=\"2022-10-03T21:26:23+00:00\" \/>\n<meta property=\"og:image\" content=\"https:\/\/gooddealersmeds.com\/no\/wp-content\/uploads\/sites\/8\/2022\/04\/anesket-1000mg-10ml-for-sale.png\" \/>\n\t<meta property=\"og:image:width\" content=\"500\" \/>\n\t<meta property=\"og:image:height\" content=\"500\" \/>\n\t<meta property=\"og:image:type\" content=\"image\/png\" \/>\n<meta name=\"twitter:card\" content=\"summary_large_image\" \/>\n<meta name=\"twitter:label1\" content=\"Est. reading time\" \/>\n\t<meta name=\"twitter:data1\" content=\"2 minutes\" \/>\n<script type=\"application\/ld+json\" class=\"yoast-schema-graph\">{\"@context\":\"https:\\\/\\\/schema.org\",\"@graph\":[{\"@type\":\"WebPage\",\"@id\":\"https:\\\/\\\/gooddealersmeds.com\\\/no\\\/product\\\/kjop-anesket-online\\\/\",\"url\":\"https:\\\/\\\/gooddealersmeds.com\\\/no\\\/product\\\/kjop-anesket-online\\\/\",\"name\":\"Kj\u00f8p Anesket p\u00e5 nett | Bestill Anesket online Good Dealers Meds\",\"isPartOf\":{\"@id\":\"https:\\\/\\\/gooddealersmeds.com\\\/no\\\/#website\"},\"primaryImageOfPage\":{\"@id\":\"https:\\\/\\\/gooddealersmeds.com\\\/no\\\/product\\\/kjop-anesket-online\\\/#primaryimage\"},\"image\":{\"@id\":\"https:\\\/\\\/gooddealersmeds.com\\\/no\\\/product\\\/kjop-anesket-online\\\/#primaryimage\"},\"thumbnailUrl\":\"https:\\\/\\\/gooddealersmeds.com\\\/no\\\/wp-content\\\/uploads\\\/sites\\\/8\\\/2022\\\/04\\\/anesket-1000mg-10ml-for-sale.png\",\"datePublished\":\"2022-04-21T03:36:59+00:00\",\"dateModified\":\"2022-10-03T21:26:23+00:00\",\"description\":\"Kj\u00f8p Anesket Online Tilbys av gode forhandlere Medisiner som brukes til \u00e5 f\u00e5 deg til \u00e5 sove under st\u00f8rre kirurgiske inngrep og for \u00e5 forhindre smerte og ubehag.\",\"breadcrumb\":{\"@id\":\"https:\\\/\\\/gooddealersmeds.com\\\/no\\\/product\\\/kjop-anesket-online\\\/#breadcrumb\"},\"inLanguage\":\"en-US\",\"potentialAction\":[{\"@type\":\"ReadAction\",\"target\":[\"https:\\\/\\\/gooddealersmeds.com\\\/no\\\/product\\\/kjop-anesket-online\\\/\"]}]},{\"@type\":\"ImageObject\",\"inLanguage\":\"en-US\",\"@id\":\"https:\\\/\\\/gooddealersmeds.com\\\/no\\\/product\\\/kjop-anesket-online\\\/#primaryimage\",\"url\":\"https:\\\/\\\/gooddealersmeds.com\\\/no\\\/wp-content\\\/uploads\\\/sites\\\/8\\\/2022\\\/04\\\/anesket-1000mg-10ml-for-sale.png\",\"contentUrl\":\"https:\\\/\\\/gooddealersmeds.com\\\/no\\\/wp-content\\\/uploads\\\/sites\\\/8\\\/2022\\\/04\\\/anesket-1000mg-10ml-for-sale.png\",\"width\":500,\"height\":500,\"caption\":\"Buy Anesket online\"},{\"@type\":\"BreadcrumbList\",\"@id\":\"https:\\\/\\\/gooddealersmeds.com\\\/no\\\/product\\\/kjop-anesket-online\\\/#breadcrumb\",\"itemListElement\":[{\"@type\":\"ListItem\",\"position\":1,\"name\":\"Home\",\"item\":\"https:\\\/\\\/gooddealersmeds.com\\\/no\\\/\"},{\"@type\":\"ListItem\",\"position\":2,\"name\":\"Produkter\",\"item\":\"https:\\\/\\\/gooddealersmeds.com\\\/no\\\/produkter\\\/\"},{\"@type\":\"ListItem\",\"position\":3,\"name\":\"Kj\u00f8p Anesket p\u00e5 nett\"}]},{\"@type\":\"WebSite\",\"@id\":\"https:\\\/\\\/gooddealersmeds.com\\\/no\\\/#website\",\"url\":\"https:\\\/\\\/gooddealersmeds.com\\\/no\\\/\",\"name\":\"Good Dealers Meds\",\"description\":\"All our best\",\"publisher\":{\"@id\":\"https:\\\/\\\/gooddealersmeds.com\\\/no\\\/#organization\"},\"potentialAction\":[{\"@type\":\"SearchAction\",\"target\":{\"@type\":\"EntryPoint\",\"urlTemplate\":\"https:\\\/\\\/gooddealersmeds.com\\\/no\\\/?s={search_term_string}\"},\"query-input\":{\"@type\":\"PropertyValueSpecification\",\"valueRequired\":true,\"valueName\":\"search_term_string\"}}],\"inLanguage\":\"en-US\"},{\"@type\":\"Organization\",\"@id\":\"https:\\\/\\\/gooddealersmeds.com\\\/no\\\/#organization\",\"name\":\"Good Dealers Meds\",\"url\":\"https:\\\/\\\/gooddealersmeds.com\\\/no\\\/\",\"logo\":{\"@type\":\"ImageObject\",\"inLanguage\":\"en-US\",\"@id\":\"https:\\\/\\\/gooddealersmeds.com\\\/no\\\/#\\\/schema\\\/logo\\\/image\\\/\",\"url\":\"https:\\\/\\\/gooddealersmeds.com\\\/no\\\/wp-content\\\/uploads\\\/sites\\\/8\\\/2022\\\/03\\\/gooddealersmeds__logo__20220317T222800Z.00.png\",\"contentUrl\":\"https:\\\/\\\/gooddealersmeds.com\\\/no\\\/wp-content\\\/uploads\\\/sites\\\/8\\\/2022\\\/03\\\/gooddealersmeds__logo__20220317T222800Z.00.png\",\"width\":500,\"height\":325,\"caption\":\"Good Dealers Meds\"},\"image\":{\"@id\":\"https:\\\/\\\/gooddealersmeds.com\\\/no\\\/#\\\/schema\\\/logo\\\/image\\\/\"}}]}<\/script>\n<!-- \/ Yoast SEO Premium plugin. -->","yoast_head_json":{"title":"Kj\u00f8p Anesket p\u00e5 nett | Bestill Anesket online Good Dealers Meds","description":"Kj\u00f8p Anesket Online Tilbys av gode forhandlere Medisiner som brukes til \u00e5 f\u00e5 deg til \u00e5 sove under st\u00f8rre kirurgiske inngrep og for \u00e5 forhindre smerte og ubehag.","robots":{"index":"index","follow":"follow","max-snippet":"max-snippet:-1","max-image-preview":"max-image-preview:large","max-video-preview":"max-video-preview:-1"},"canonical":"https:\/\/gooddealersmeds.com\/no\/product\/kjop-anesket-online\/","og_locale":"en_US","og_type":"article","og_title":"Kj\u00f8p Anesket p\u00e5 nett","og_description":"Kj\u00f8p Anesket Online Tilbys av gode forhandlere Medisiner som brukes til \u00e5 f\u00e5 deg til \u00e5 sove under st\u00f8rre kirurgiske inngrep og for \u00e5 forhindre smerte og ubehag.","og_url":"https:\/\/gooddealersmeds.com\/no\/product\/kjop-anesket-online\/","og_site_name":"Good Dealers Meds","article_modified_time":"2022-10-03T21:26:23+00:00","og_image":[{"width":500,"height":500,"url":"https:\/\/gooddealersmeds.com\/no\/wp-content\/uploads\/sites\/8\/2022\/04\/anesket-1000mg-10ml-for-sale.png","type":"image\/png"}],"twitter_card":"summary_large_image","twitter_misc":{"Est. reading time":"2 minutes"},"schema":{"@context":"https:\/\/schema.org","@graph":[{"@type":"WebPage","@id":"https:\/\/gooddealersmeds.com\/no\/product\/kjop-anesket-online\/","url":"https:\/\/gooddealersmeds.com\/no\/product\/kjop-anesket-online\/","name":"Kj\u00f8p Anesket p\u00e5 nett | Bestill Anesket online Good Dealers Meds","isPartOf":{"@id":"https:\/\/gooddealersmeds.com\/no\/#website"},"primaryImageOfPage":{"@id":"https:\/\/gooddealersmeds.com\/no\/product\/kjop-anesket-online\/#primaryimage"},"image":{"@id":"https:\/\/gooddealersmeds.com\/no\/product\/kjop-anesket-online\/#primaryimage"},"thumbnailUrl":"https:\/\/gooddealersmeds.com\/no\/wp-content\/uploads\/sites\/8\/2022\/04\/anesket-1000mg-10ml-for-sale.png","datePublished":"2022-04-21T03:36:59+00:00","dateModified":"2022-10-03T21:26:23+00:00","description":"Kj\u00f8p Anesket Online Tilbys av gode forhandlere Medisiner som brukes til \u00e5 f\u00e5 deg til \u00e5 sove under st\u00f8rre kirurgiske inngrep og for \u00e5 forhindre smerte og ubehag.","breadcrumb":{"@id":"https:\/\/gooddealersmeds.com\/no\/product\/kjop-anesket-online\/#breadcrumb"},"inLanguage":"en-US","potentialAction":[{"@type":"ReadAction","target":["https:\/\/gooddealersmeds.com\/no\/product\/kjop-anesket-online\/"]}]},{"@type":"ImageObject","inLanguage":"en-US","@id":"https:\/\/gooddealersmeds.com\/no\/product\/kjop-anesket-online\/#primaryimage","url":"https:\/\/gooddealersmeds.com\/no\/wp-content\/uploads\/sites\/8\/2022\/04\/anesket-1000mg-10ml-for-sale.png","contentUrl":"https:\/\/gooddealersmeds.com\/no\/wp-content\/uploads\/sites\/8\/2022\/04\/anesket-1000mg-10ml-for-sale.png","width":500,"height":500,"caption":"Buy Anesket online"},{"@type":"BreadcrumbList","@id":"https:\/\/gooddealersmeds.com\/no\/product\/kjop-anesket-online\/#breadcrumb","itemListElement":[{"@type":"ListItem","position":1,"name":"Home","item":"https:\/\/gooddealersmeds.com\/no\/"},{"@type":"ListItem","position":2,"name":"Produkter","item":"https:\/\/gooddealersmeds.com\/no\/produkter\/"},{"@type":"ListItem","position":3,"name":"Kj\u00f8p Anesket p\u00e5 nett"}]},{"@type":"WebSite","@id":"https:\/\/gooddealersmeds.com\/no\/#website","url":"https:\/\/gooddealersmeds.com\/no\/","name":"Good Dealers Meds","description":"All our best","publisher":{"@id":"https:\/\/gooddealersmeds.com\/no\/#organization"},"potentialAction":[{"@type":"SearchAction","target":{"@type":"EntryPoint","urlTemplate":"https:\/\/gooddealersmeds.com\/no\/?s={search_term_string}"},"query-input":{"@type":"PropertyValueSpecification","valueRequired":true,"valueName":"search_term_string"}}],"inLanguage":"en-US"},{"@type":"Organization","@id":"https:\/\/gooddealersmeds.com\/no\/#organization","name":"Good Dealers Meds","url":"https:\/\/gooddealersmeds.com\/no\/","logo":{"@type":"ImageObject","inLanguage":"en-US","@id":"https:\/\/gooddealersmeds.com\/no\/#\/schema\/logo\/image\/","url":"https:\/\/gooddealersmeds.com\/no\/wp-content\/uploads\/sites\/8\/2022\/03\/gooddealersmeds__logo__20220317T222800Z.00.png","contentUrl":"https:\/\/gooddealersmeds.com\/no\/wp-content\/uploads\/sites\/8\/2022\/03\/gooddealersmeds__logo__20220317T222800Z.00.png","width":500,"height":325,"caption":"Good Dealers Meds"},"image":{"@id":"https:\/\/gooddealersmeds.com\/no\/#\/schema\/logo\/image\/"}}]}},"_links":{"self":[{"href":"https:\/\/gooddealersmeds.com\/no\/wp-json\/wp\/v2\/product\/1791","targetHints":{"allow":["GET"]}}],"collection":[{"href":"https:\/\/gooddealersmeds.com\/no\/wp-json\/wp\/v2\/product"}],"about":[{"href":"https:\/\/gooddealersmeds.com\/no\/wp-json\/wp\/v2\/types\/product"}],"replies":[{"embeddable":true,"href":"https:\/\/gooddealersmeds.com\/no\/wp-json\/wp\/v2\/comments?post=1791"}],"wp:featuredmedia":[{"embeddable":true,"href":"https:\/\/gooddealersmeds.com\/no\/wp-json\/wp\/v2\/media\/1798"}],"wp:attachment":[{"href":"https:\/\/gooddealersmeds.com\/no\/wp-json\/wp\/v2\/media?parent=1791"}],"wp:term":[{"taxonomy":"product_brand","embeddable":true,"href":"https:\/\/gooddealersmeds.com\/no\/wp-json\/wp\/v2\/product_brand?post=1791"},{"taxonomy":"product_cat","embeddable":true,"href":"https:\/\/gooddealersmeds.com\/no\/wp-json\/wp\/v2\/product_cat?post=1791"},{"taxonomy":"product_tag","embeddable":true,"href":"https:\/\/gooddealersmeds.com\/no\/wp-json\/wp\/v2\/product_tag?post=1791"}],"curies":[{"name":"wp","href":"https:\/\/api.w.org\/{rel}","templated":true}]}}