{"id":1749,"date":"2022-03-19T02:56:20","date_gmt":"2022-03-19T02:56:20","guid":{"rendered":"https:\/\/gooddealersmeds.com\/no\/?post_type=product&#038;p=1749"},"modified":"2022-10-03T21:26:29","modified_gmt":"2022-10-03T21:26:29","slug":"kjop-fentanyl-nesespray","status":"publish","type":"product","link":"https:\/\/gooddealersmeds.com\/no\/product\/kjop-fentanyl-nesespray\/","title":{"rendered":"Kj\u00f8p fentanyl nesespray"},"content":{"rendered":"<p>Kj\u00f8p fentanyl nesespray, brukt til \u00e5 behandle gjennombruddssmerter (smerte som oppst\u00e5r til tross for smertestillende behandling d\u00f8gnet rundt) hos kreftpasienter 18 \u00e5r eller eldre som tar regelmessige doser av en annen narkotisk (opiat) smertestillende medisin og er tolerante (vant til effekten av medisinen). Fentanyl tilh\u00f8rer klassen medikamenter kjent som narkotiske (opiat) analgetika. Det virker ved \u00e5 endre hvordan hjernen og nervesystemet reagerer p\u00e5 smerte.<\/p>\n<p>Denne medisinen er beregnet for bruk i nesen. Sjekk at du bruker nesesprayen riktig. Hvis du har sp\u00f8rsm\u00e5l, kontakt legen din eller helsepersonell. Ikke ta det oftere enn foreskrevet.<\/p>\n<p>Legen din vil starte deg med en lav dose fentanyl nesespray og gradvis \u00f8ke dosen til du finner dosen som vil lindre gjennombruddssmertene. Hvis du fortsatt har smerter 30 minutter etter at du har brukt fentanyl nesespray, kan legen din fortelle deg \u00e5 bruke en annen smertestillende medisin for \u00e5 lindre den smerten, og kan \u00f8ke dosen av fentanyl nesespray for \u00e5 behandle din neste smerteepisode. <em>Ikke \u00f8k dosen av fentanyl nesespray med mindre legen din forteller deg at du b\u00f8r<\/em>.<\/p>\n<p>Bivirkninger som du b\u00f8r rapportere til legen din eller helsepersonell s\u00e5 snart som mulig: <\/p>\n<ul>\n<li>Allergiske reaksjoner som hudutslett, kl\u00f8e eller elveblest, hevelse i ansikt, lepper eller tunge<\/li>\n<li>Pusteproblemer<\/li>\n<li>Forvirring<\/li>\n<li>Tegn og symptomer p\u00e5 lavt blodtrykk som svimmelhet; f\u00f8ler seg svak eller svimmel, faller; uvanlig svak eller tr\u00f8tt<\/li>\n<li>Vaner med \u00e5 tisse eller endring i urinmengden<\/li>\n<\/ul>\n<p>Oppbevar fentanyl nesespray i den barnesikrede beholderen, tett lukket og utilgjengelig av barn. Oppbevar den barnesikre beholderen og posen i pappesken den kom i n\u00e5r den ikke er i bruk.<\/p>\n<p>Kunder fra hele Europa kan enkelt kj\u00f8pe fentanyl nesespray fra nettbutikken v\u00e5r.<\/p>\n","protected":false},"excerpt":{"rendered":"<p>FENTANYL (FEN ta nil) er et smertestillende middel. Det brukes til \u00e5 behandle gjennombruddskreftsmerter som din langtidsvirkende smertemedisin ikke kontrollerer. Ikke bruk dette legemidlet mot smerter som vil forsvinne i l\u00f8pet av f\u00e5 dager, som smerte fra kirurgi, lege eller tannlegebes\u00f8k. Medisinen brukes kun av personer som har tatt en opioid eller narkotisk smertestillende medisin i minst en uke.<\/p>\n<p>&nbsp;<\/p>\n<p>Denne medisinen kan brukes til andre form\u00e5l; sp\u00f8r helsepersonell eller apotek hvis du har sp\u00f8rsm\u00e5l.<\/p>\n","protected":false},"featured_media":1755,"comment_status":"open","ping_status":"closed","template":"","meta":{"inline_featured_image":false},"product_brand":[],"product_cat":[347],"product_tag":[],"class_list":{"0":"post-1749","1":"product","2":"type-product","3":"status-publish","4":"has-post-thumbnail","6":"product_cat-opioid-smertestillende","8":"first","9":"instock","10":"shipping-taxable","11":"purchasable","12":"product-type-variable","13":"has-default-attributes"},"yoast_head":"<!-- This site is optimized with the Yoast SEO Premium plugin v20.6 (Yoast SEO v27.3) - https:\/\/yoast.com\/product\/yoast-seo-premium-wordpress\/ -->\n<title>Kj\u00f8p fentanyl nesespray | Good Dealers Meds<\/title>\n<meta name=\"description\" content=\"Kj\u00f8p Fentanyl Nesespray, vi leverer h\u00f8ykvalitets Fentanyl Nesespray til god og rimelig pris kontakt oss for mer informasjon.\" \/>\n<meta name=\"robots\" content=\"index, follow, max-snippet:-1, max-image-preview:large, max-video-preview:-1\" \/>\n<link rel=\"canonical\" href=\"https:\/\/gooddealersmeds.com\/no\/product\/kjop-fentanyl-nesespray\/\" \/>\n<meta property=\"og:locale\" content=\"en_US\" \/>\n<meta property=\"og:type\" content=\"article\" \/>\n<meta property=\"og:title\" content=\"Kj\u00f8p fentanyl nesespray\" \/>\n<meta property=\"og:description\" content=\"Kj\u00f8p Fentanyl Nesespray, vi leverer h\u00f8ykvalitets Fentanyl Nesespray til god og rimelig pris kontakt oss for mer informasjon.\" \/>\n<meta property=\"og:url\" content=\"https:\/\/gooddealersmeds.com\/no\/product\/kjop-fentanyl-nesespray\/\" \/>\n<meta property=\"og:site_name\" content=\"Good Dealers Meds\" \/>\n<meta property=\"article:modified_time\" content=\"2022-10-03T21:26:29+00:00\" \/>\n<meta property=\"og:image\" content=\"https:\/\/gooddealersmeds.com\/no\/wp-content\/uploads\/sites\/8\/2022\/03\/Fentanyl-Nasal-Spray-20201024234300-600x600-1.jpg\" \/>\n\t<meta property=\"og:image:width\" content=\"600\" \/>\n\t<meta property=\"og:image:height\" content=\"600\" \/>\n\t<meta property=\"og:image:type\" content=\"image\/jpeg\" \/>\n<meta name=\"twitter:card\" content=\"summary_large_image\" \/>\n<meta name=\"twitter:label1\" content=\"Est. reading time\" \/>\n\t<meta name=\"twitter:data1\" content=\"1 minute\" \/>\n<script type=\"application\/ld+json\" class=\"yoast-schema-graph\">{\"@context\":\"https:\\\/\\\/schema.org\",\"@graph\":[{\"@type\":\"WebPage\",\"@id\":\"https:\\\/\\\/gooddealersmeds.com\\\/no\\\/product\\\/kjop-fentanyl-nesespray\\\/\",\"url\":\"https:\\\/\\\/gooddealersmeds.com\\\/no\\\/product\\\/kjop-fentanyl-nesespray\\\/\",\"name\":\"Kj\u00f8p fentanyl nesespray | Good Dealers Meds\",\"isPartOf\":{\"@id\":\"https:\\\/\\\/gooddealersmeds.com\\\/no\\\/#website\"},\"primaryImageOfPage\":{\"@id\":\"https:\\\/\\\/gooddealersmeds.com\\\/no\\\/product\\\/kjop-fentanyl-nesespray\\\/#primaryimage\"},\"image\":{\"@id\":\"https:\\\/\\\/gooddealersmeds.com\\\/no\\\/product\\\/kjop-fentanyl-nesespray\\\/#primaryimage\"},\"thumbnailUrl\":\"https:\\\/\\\/gooddealersmeds.com\\\/no\\\/wp-content\\\/uploads\\\/sites\\\/8\\\/2022\\\/03\\\/Fentanyl-Nasal-Spray-20201024234300-600x600-1.jpg\",\"datePublished\":\"2022-03-19T02:56:20+00:00\",\"dateModified\":\"2022-10-03T21:26:29+00:00\",\"description\":\"Kj\u00f8p Fentanyl Nesespray, vi leverer h\u00f8ykvalitets Fentanyl Nesespray til god og rimelig pris kontakt oss for mer informasjon.\",\"breadcrumb\":{\"@id\":\"https:\\\/\\\/gooddealersmeds.com\\\/no\\\/product\\\/kjop-fentanyl-nesespray\\\/#breadcrumb\"},\"inLanguage\":\"en-US\",\"potentialAction\":[{\"@type\":\"ReadAction\",\"target\":[\"https:\\\/\\\/gooddealersmeds.com\\\/no\\\/product\\\/kjop-fentanyl-nesespray\\\/\"]}]},{\"@type\":\"ImageObject\",\"inLanguage\":\"en-US\",\"@id\":\"https:\\\/\\\/gooddealersmeds.com\\\/no\\\/product\\\/kjop-fentanyl-nesespray\\\/#primaryimage\",\"url\":\"https:\\\/\\\/gooddealersmeds.com\\\/no\\\/wp-content\\\/uploads\\\/sites\\\/8\\\/2022\\\/03\\\/Fentanyl-Nasal-Spray-20201024234300-600x600-1.jpg\",\"contentUrl\":\"https:\\\/\\\/gooddealersmeds.com\\\/no\\\/wp-content\\\/uploads\\\/sites\\\/8\\\/2022\\\/03\\\/Fentanyl-Nasal-Spray-20201024234300-600x600-1.jpg\",\"width\":600,\"height\":600},{\"@type\":\"BreadcrumbList\",\"@id\":\"https:\\\/\\\/gooddealersmeds.com\\\/no\\\/product\\\/kjop-fentanyl-nesespray\\\/#breadcrumb\",\"itemListElement\":[{\"@type\":\"ListItem\",\"position\":1,\"name\":\"Home\",\"item\":\"https:\\\/\\\/gooddealersmeds.com\\\/no\\\/\"},{\"@type\":\"ListItem\",\"position\":2,\"name\":\"Produkter\",\"item\":\"https:\\\/\\\/gooddealersmeds.com\\\/no\\\/produkter\\\/\"},{\"@type\":\"ListItem\",\"position\":3,\"name\":\"Kj\u00f8p fentanyl nesespray\"}]},{\"@type\":\"WebSite\",\"@id\":\"https:\\\/\\\/gooddealersmeds.com\\\/no\\\/#website\",\"url\":\"https:\\\/\\\/gooddealersmeds.com\\\/no\\\/\",\"name\":\"Good Dealers Meds\",\"description\":\"All our best\",\"publisher\":{\"@id\":\"https:\\\/\\\/gooddealersmeds.com\\\/no\\\/#organization\"},\"potentialAction\":[{\"@type\":\"SearchAction\",\"target\":{\"@type\":\"EntryPoint\",\"urlTemplate\":\"https:\\\/\\\/gooddealersmeds.com\\\/no\\\/?s={search_term_string}\"},\"query-input\":{\"@type\":\"PropertyValueSpecification\",\"valueRequired\":true,\"valueName\":\"search_term_string\"}}],\"inLanguage\":\"en-US\"},{\"@type\":\"Organization\",\"@id\":\"https:\\\/\\\/gooddealersmeds.com\\\/no\\\/#organization\",\"name\":\"Good Dealers Meds\",\"url\":\"https:\\\/\\\/gooddealersmeds.com\\\/no\\\/\",\"logo\":{\"@type\":\"ImageObject\",\"inLanguage\":\"en-US\",\"@id\":\"https:\\\/\\\/gooddealersmeds.com\\\/no\\\/#\\\/schema\\\/logo\\\/image\\\/\",\"url\":\"https:\\\/\\\/gooddealersmeds.com\\\/no\\\/wp-content\\\/uploads\\\/sites\\\/8\\\/2022\\\/03\\\/gooddealersmeds__logo__20220317T222800Z.00.png\",\"contentUrl\":\"https:\\\/\\\/gooddealersmeds.com\\\/no\\\/wp-content\\\/uploads\\\/sites\\\/8\\\/2022\\\/03\\\/gooddealersmeds__logo__20220317T222800Z.00.png\",\"width\":500,\"height\":325,\"caption\":\"Good Dealers Meds\"},\"image\":{\"@id\":\"https:\\\/\\\/gooddealersmeds.com\\\/no\\\/#\\\/schema\\\/logo\\\/image\\\/\"}}]}<\/script>\n<!-- \/ Yoast SEO Premium plugin. -->","yoast_head_json":{"title":"Kj\u00f8p fentanyl nesespray | Good Dealers Meds","description":"Kj\u00f8p Fentanyl Nesespray, vi leverer h\u00f8ykvalitets Fentanyl Nesespray til god og rimelig pris kontakt oss for mer informasjon.","robots":{"index":"index","follow":"follow","max-snippet":"max-snippet:-1","max-image-preview":"max-image-preview:large","max-video-preview":"max-video-preview:-1"},"canonical":"https:\/\/gooddealersmeds.com\/no\/product\/kjop-fentanyl-nesespray\/","og_locale":"en_US","og_type":"article","og_title":"Kj\u00f8p fentanyl nesespray","og_description":"Kj\u00f8p Fentanyl Nesespray, vi leverer h\u00f8ykvalitets Fentanyl Nesespray til god og rimelig pris kontakt oss for mer informasjon.","og_url":"https:\/\/gooddealersmeds.com\/no\/product\/kjop-fentanyl-nesespray\/","og_site_name":"Good Dealers Meds","article_modified_time":"2022-10-03T21:26:29+00:00","og_image":[{"width":600,"height":600,"url":"https:\/\/gooddealersmeds.com\/no\/wp-content\/uploads\/sites\/8\/2022\/03\/Fentanyl-Nasal-Spray-20201024234300-600x600-1.jpg","type":"image\/jpeg"}],"twitter_card":"summary_large_image","twitter_misc":{"Est. reading time":"1 minute"},"schema":{"@context":"https:\/\/schema.org","@graph":[{"@type":"WebPage","@id":"https:\/\/gooddealersmeds.com\/no\/product\/kjop-fentanyl-nesespray\/","url":"https:\/\/gooddealersmeds.com\/no\/product\/kjop-fentanyl-nesespray\/","name":"Kj\u00f8p fentanyl nesespray | Good Dealers Meds","isPartOf":{"@id":"https:\/\/gooddealersmeds.com\/no\/#website"},"primaryImageOfPage":{"@id":"https:\/\/gooddealersmeds.com\/no\/product\/kjop-fentanyl-nesespray\/#primaryimage"},"image":{"@id":"https:\/\/gooddealersmeds.com\/no\/product\/kjop-fentanyl-nesespray\/#primaryimage"},"thumbnailUrl":"https:\/\/gooddealersmeds.com\/no\/wp-content\/uploads\/sites\/8\/2022\/03\/Fentanyl-Nasal-Spray-20201024234300-600x600-1.jpg","datePublished":"2022-03-19T02:56:20+00:00","dateModified":"2022-10-03T21:26:29+00:00","description":"Kj\u00f8p Fentanyl Nesespray, vi leverer h\u00f8ykvalitets Fentanyl Nesespray til god og rimelig pris kontakt oss for mer informasjon.","breadcrumb":{"@id":"https:\/\/gooddealersmeds.com\/no\/product\/kjop-fentanyl-nesespray\/#breadcrumb"},"inLanguage":"en-US","potentialAction":[{"@type":"ReadAction","target":["https:\/\/gooddealersmeds.com\/no\/product\/kjop-fentanyl-nesespray\/"]}]},{"@type":"ImageObject","inLanguage":"en-US","@id":"https:\/\/gooddealersmeds.com\/no\/product\/kjop-fentanyl-nesespray\/#primaryimage","url":"https:\/\/gooddealersmeds.com\/no\/wp-content\/uploads\/sites\/8\/2022\/03\/Fentanyl-Nasal-Spray-20201024234300-600x600-1.jpg","contentUrl":"https:\/\/gooddealersmeds.com\/no\/wp-content\/uploads\/sites\/8\/2022\/03\/Fentanyl-Nasal-Spray-20201024234300-600x600-1.jpg","width":600,"height":600},{"@type":"BreadcrumbList","@id":"https:\/\/gooddealersmeds.com\/no\/product\/kjop-fentanyl-nesespray\/#breadcrumb","itemListElement":[{"@type":"ListItem","position":1,"name":"Home","item":"https:\/\/gooddealersmeds.com\/no\/"},{"@type":"ListItem","position":2,"name":"Produkter","item":"https:\/\/gooddealersmeds.com\/no\/produkter\/"},{"@type":"ListItem","position":3,"name":"Kj\u00f8p fentanyl nesespray"}]},{"@type":"WebSite","@id":"https:\/\/gooddealersmeds.com\/no\/#website","url":"https:\/\/gooddealersmeds.com\/no\/","name":"Good Dealers Meds","description":"All our best","publisher":{"@id":"https:\/\/gooddealersmeds.com\/no\/#organization"},"potentialAction":[{"@type":"SearchAction","target":{"@type":"EntryPoint","urlTemplate":"https:\/\/gooddealersmeds.com\/no\/?s={search_term_string}"},"query-input":{"@type":"PropertyValueSpecification","valueRequired":true,"valueName":"search_term_string"}}],"inLanguage":"en-US"},{"@type":"Organization","@id":"https:\/\/gooddealersmeds.com\/no\/#organization","name":"Good Dealers Meds","url":"https:\/\/gooddealersmeds.com\/no\/","logo":{"@type":"ImageObject","inLanguage":"en-US","@id":"https:\/\/gooddealersmeds.com\/no\/#\/schema\/logo\/image\/","url":"https:\/\/gooddealersmeds.com\/no\/wp-content\/uploads\/sites\/8\/2022\/03\/gooddealersmeds__logo__20220317T222800Z.00.png","contentUrl":"https:\/\/gooddealersmeds.com\/no\/wp-content\/uploads\/sites\/8\/2022\/03\/gooddealersmeds__logo__20220317T222800Z.00.png","width":500,"height":325,"caption":"Good Dealers Meds"},"image":{"@id":"https:\/\/gooddealersmeds.com\/no\/#\/schema\/logo\/image\/"}}]}},"_links":{"self":[{"href":"https:\/\/gooddealersmeds.com\/no\/wp-json\/wp\/v2\/product\/1749","targetHints":{"allow":["GET"]}}],"collection":[{"href":"https:\/\/gooddealersmeds.com\/no\/wp-json\/wp\/v2\/product"}],"about":[{"href":"https:\/\/gooddealersmeds.com\/no\/wp-json\/wp\/v2\/types\/product"}],"replies":[{"embeddable":true,"href":"https:\/\/gooddealersmeds.com\/no\/wp-json\/wp\/v2\/comments?post=1749"}],"wp:featuredmedia":[{"embeddable":true,"href":"https:\/\/gooddealersmeds.com\/no\/wp-json\/wp\/v2\/media\/1755"}],"wp:attachment":[{"href":"https:\/\/gooddealersmeds.com\/no\/wp-json\/wp\/v2\/media?parent=1749"}],"wp:term":[{"taxonomy":"product_brand","embeddable":true,"href":"https:\/\/gooddealersmeds.com\/no\/wp-json\/wp\/v2\/product_brand?post=1749"},{"taxonomy":"product_cat","embeddable":true,"href":"https:\/\/gooddealersmeds.com\/no\/wp-json\/wp\/v2\/product_cat?post=1749"},{"taxonomy":"product_tag","embeddable":true,"href":"https:\/\/gooddealersmeds.com\/no\/wp-json\/wp\/v2\/product_tag?post=1749"}],"curies":[{"name":"wp","href":"https:\/\/api.w.org\/{rel}","templated":true}]}}