{"id":1744,"date":"2022-03-19T02:44:47","date_gmt":"2022-03-19T02:44:47","guid":{"rendered":"https:\/\/gooddealersmeds.com\/no\/?post_type=product&#038;p=1744"},"modified":"2022-10-03T21:26:36","modified_gmt":"2022-10-03T21:26:36","slug":"kjop-lsd-nettbrett-online","status":"publish","type":"product","link":"https:\/\/gooddealersmeds.com\/no\/product\/kjop-lsd-nettbrett-online\/","title":{"rendered":"Kj\u00f8p LSD-tabletter p\u00e5 nett"},"content":{"rendered":"<h1>Kj\u00f8p 50mcg LSD-nettbrett p\u00e5 nettet.<\/h1>\n<p>Kj\u00f8p LSD-nettbrett p\u00e5 nett, bestill LSD-nettbrett i v\u00e5re LSD-nettbrett <a href=\"https:\/\/gooddealersmeds.com\/no\/products\/\"><span style=\"color: #333333\">butikk<\/span>.<\/a>\u00a0Hvis du \u00f8nsker \u00e5 kj\u00f8pe LSD-nettbrett med god kvalitet, ikke se lenger, du er p\u00e5 rett sted. V\u00e5re LSD-tabletter er de beste p\u00e5 markedet akkurat n\u00e5.<\/p>\n<p>Lysergic acid dieethylamide (LSD), ogs\u00e5 kjent som acid, er et psykedelisk stoff kjent for sin <span style=\"color: #333333\"><\/span> a style=&#8221;color: #333333&#8243; href=&#8221;https:\/\/adf.org.au\/drug-facts\/psychedelics\/&#8221;&gt;psykedeliske effekter<\/a><\/span>. LSD er den mest potente og beryktede av hallusinogener, og den som brakte denne klassen av rusmidler i offentligheten p\u00e5 1960-tallet. LSD ble opprinnelig syntetisert fra ergotalkaloider ekstrahert fra ergotsoppen Claviceps purpurea. Dette kan inkludere endret bevissthet om omgivelsene, oppfatninger og f\u00f8lelser, s\u00e5 vel som sensasjoner og bilder som virker ekte selv om de ikke er det. Det brukes hovedsakelig som et rekreasjonsmiddel og av \u00e5ndelige \u00e5rsaker.<\/p>\n<p>LSD er et rusmiddel som forandrer sinnet. Ved \u00e5 samhandle med serotoninreseptorene i hjernen, antas det at LSD for\u00e5rsaker dens karakteristiske hallusinogene effekter. Serotonin er en nevrotransmitter som hjelper til med \u00e5 regulere hum\u00f8ret og oppf\u00f8rselen din, regulerer sansene dine og modererer\u00a0tankene dine.<\/p>\n<p>Generisk navn: Lysergsyredietylamid<br \/> Vanlige navn eller gatenavn: LSD selges under mer enn 80 gatenavn inkludert syre, blotter, cid, doser, prikker og trips, samt navn som gjenspeiler designene p\u00e5 arkene med blotter-papir (for eksempel \u00ablilla drage\u00bb)<\/p>\n<p>&nbsp;<\/p>\n<p>&nbsp;<\/p>\n<pre><strong>Kj\u00f8p 50mcg LSD-tabletter p\u00e5 nett - kj\u00f8p LSD-tabletter, kj\u00f8p 50mcg LSD-tabletter, kj\u00f8p 50mcg LSD p\u00e5 nett, Hvor kan du kj\u00f8pe 50mcg LSD-tabletter, 50mcg LSD-tabletter til salgs, LSD tabletter til salgs, kj\u00f8p nettbrett p\u00e5 nett, hvor kan du kj\u00f8pe 50mcg LSD-tabletter p\u00e5 nett, 50mcg LSD-tabletter til salgs i usa, USA, canada,uk, kj\u00f8p, online, leverand\u00f8rer, trygg levering, Du kan fortsatt f\u00e5 50mcg LSD-tabletter, Er 50mcg LSD tabletter lovlige i usa, kj\u00f8p 50mcg LSD tabletter online usa, hvordan bestiller 50mcg LSD tabletter , Er 50mcg LSD tabletter lovlige i Canada<\/strong><\/pre>\n","protected":false},"excerpt":{"rendered":"<p>Kj\u00f8p 50mcg LSD-tabletter online fra Good Dealers Meds. LSD-nettbrett til salgs i USA og Canada til en veldig billig pris og f\u00e5 levering p\u00e5 d\u00f8ren innen tidsramme.<\/p>\n","protected":false},"featured_media":1748,"comment_status":"open","ping_status":"closed","template":"","meta":{"inline_featured_image":false},"product_brand":[],"product_cat":[345],"product_tag":[303,306,105,307,311,308,302,305,310,301,300,309,299,107,101,304,108,110,109,106,104],"class_list":{"0":"post-1744","1":"product","2":"type-product","3":"status-publish","4":"has-post-thumbnail","6":"product_cat-psykedeliske-stoffer","7":"product_tag-50mcg-lsd-tabletter-til-salg","8":"product_tag-50mcg-lsd-tabletter-til-salg-i-usa","9":"product_tag-canada","10":"product_tag-du-kan-fortsatt-f-50mcg-lsd-tabletter","11":"product_tag-is-50mcg-lsd-tabletter-legal-in-canada","12":"product_tag-is-50mcg-lsd-tabletter-legal-in-usa","13":"product_tag-hvor-kan-kjpes-50mcg-lsd-tabletter","14":"product_tag-hvor-kan-kjpe-50mcg-lsd-tabletter-online","15":"product_tag-hvordan-bestille-50mcg-lsd-tabletter","16":"product_tag-kjp-50mcg-lsd-online","17":"product_tag-kjp-50mcg-lsd-tabletter","18":"product_tag-kjp-50mcg-lsd-tabletter-online-usa","19":"product_tag-kjp-50mcg-lsd-tabletter-online-kjp-lsd-tabletter","20":"product_tag-kjpe","21":"product_tag-kjp-nettbrett-online","22":"product_tag-lsd-nettbrett-til-salg","23":"product_tag-p-nett","24":"product_tag-sikker-levering","25":"product_tag-suppliers","26":"product_tag-uk","27":"product_tag-usa","29":"first","30":"instock","31":"shipping-taxable","32":"purchasable","33":"product-type-variable","34":"has-default-attributes"},"yoast_head":"<!-- This site is optimized with the Yoast SEO Premium plugin v20.6 (Yoast SEO v27.4) - https:\/\/yoast.com\/product\/yoast-seo-premium-wordpress\/ -->\n<title>Kj\u00f8p LSD-tabletter p\u00e5 nett - nettbrett av beste kvalitet |<\/title>\n<meta name=\"description\" content=\"Kj\u00f8p 50mcg LSD-tabletter online fra Casadelamedicina-butikken. LSD-nettbrett til salgs i USA og Canada til billige priser, f\u00e5 levert p\u00e5 d\u00f8ren!\" \/>\n<meta name=\"robots\" content=\"index, follow, max-snippet:-1, max-image-preview:large, max-video-preview:-1\" \/>\n<link rel=\"canonical\" href=\"https:\/\/gooddealersmeds.com\/no\/product\/kjop-lsd-nettbrett-online\/\" \/>\n<meta property=\"og:locale\" content=\"en_US\" \/>\n<meta property=\"og:type\" content=\"article\" \/>\n<meta property=\"og:title\" content=\"Kj\u00f8p LSD-tabletter p\u00e5 nett\" \/>\n<meta property=\"og:description\" content=\"Kj\u00f8p 50mcg LSD-tabletter online fra Casadelamedicina-butikken. LSD-nettbrett til salgs i USA og Canada til billige priser, f\u00e5 levert p\u00e5 d\u00f8ren!\" \/>\n<meta property=\"og:url\" content=\"https:\/\/gooddealersmeds.com\/no\/product\/kjop-lsd-nettbrett-online\/\" \/>\n<meta property=\"og:site_name\" content=\"Good Dealers Meds\" \/>\n<meta property=\"article:modified_time\" content=\"2022-10-03T21:26:36+00:00\" \/>\n<meta property=\"og:image\" content=\"https:\/\/gooddealersmeds.com\/no\/wp-content\/uploads\/sites\/8\/2022\/03\/buy-50mcg-lsd-tablets-online.jpg\" \/>\n\t<meta property=\"og:image:width\" content=\"600\" \/>\n\t<meta property=\"og:image:height\" content=\"600\" \/>\n\t<meta property=\"og:image:type\" content=\"image\/jpeg\" \/>\n<meta name=\"twitter:card\" content=\"summary_large_image\" \/>\n<meta name=\"twitter:label1\" content=\"Est. reading time\" \/>\n\t<meta name=\"twitter:data1\" content=\"2 minutes\" \/>\n<script type=\"application\/ld+json\" class=\"yoast-schema-graph\">{\"@context\":\"https:\\\/\\\/schema.org\",\"@graph\":[{\"@type\":\"WebPage\",\"@id\":\"https:\\\/\\\/gooddealersmeds.com\\\/no\\\/product\\\/kjop-lsd-nettbrett-online\\\/\",\"url\":\"https:\\\/\\\/gooddealersmeds.com\\\/no\\\/product\\\/kjop-lsd-nettbrett-online\\\/\",\"name\":\"Kj\u00f8p LSD-tabletter p\u00e5 nett - nettbrett av beste kvalitet |\",\"isPartOf\":{\"@id\":\"https:\\\/\\\/gooddealersmeds.com\\\/no\\\/#website\"},\"primaryImageOfPage\":{\"@id\":\"https:\\\/\\\/gooddealersmeds.com\\\/no\\\/product\\\/kjop-lsd-nettbrett-online\\\/#primaryimage\"},\"image\":{\"@id\":\"https:\\\/\\\/gooddealersmeds.com\\\/no\\\/product\\\/kjop-lsd-nettbrett-online\\\/#primaryimage\"},\"thumbnailUrl\":\"https:\\\/\\\/gooddealersmeds.com\\\/no\\\/wp-content\\\/uploads\\\/sites\\\/8\\\/2022\\\/03\\\/buy-50mcg-lsd-tablets-online.jpg\",\"datePublished\":\"2022-03-19T02:44:47+00:00\",\"dateModified\":\"2022-10-03T21:26:36+00:00\",\"description\":\"Kj\u00f8p 50mcg LSD-tabletter online fra Casadelamedicina-butikken. LSD-nettbrett til salgs i USA og Canada til billige priser, f\u00e5 levert p\u00e5 d\u00f8ren!\",\"breadcrumb\":{\"@id\":\"https:\\\/\\\/gooddealersmeds.com\\\/no\\\/product\\\/kjop-lsd-nettbrett-online\\\/#breadcrumb\"},\"inLanguage\":\"en-US\",\"potentialAction\":[{\"@type\":\"ReadAction\",\"target\":[\"https:\\\/\\\/gooddealersmeds.com\\\/no\\\/product\\\/kjop-lsd-nettbrett-online\\\/\"]}]},{\"@type\":\"ImageObject\",\"inLanguage\":\"en-US\",\"@id\":\"https:\\\/\\\/gooddealersmeds.com\\\/no\\\/product\\\/kjop-lsd-nettbrett-online\\\/#primaryimage\",\"url\":\"https:\\\/\\\/gooddealersmeds.com\\\/no\\\/wp-content\\\/uploads\\\/sites\\\/8\\\/2022\\\/03\\\/buy-50mcg-lsd-tablets-online.jpg\",\"contentUrl\":\"https:\\\/\\\/gooddealersmeds.com\\\/no\\\/wp-content\\\/uploads\\\/sites\\\/8\\\/2022\\\/03\\\/buy-50mcg-lsd-tablets-online.jpg\",\"width\":600,\"height\":600,\"caption\":\"Buy LSD Tablets Online\"},{\"@type\":\"BreadcrumbList\",\"@id\":\"https:\\\/\\\/gooddealersmeds.com\\\/no\\\/product\\\/kjop-lsd-nettbrett-online\\\/#breadcrumb\",\"itemListElement\":[{\"@type\":\"ListItem\",\"position\":1,\"name\":\"Home\",\"item\":\"https:\\\/\\\/gooddealersmeds.com\\\/no\\\/\"},{\"@type\":\"ListItem\",\"position\":2,\"name\":\"Produkter\",\"item\":\"https:\\\/\\\/gooddealersmeds.com\\\/no\\\/produkter\\\/\"},{\"@type\":\"ListItem\",\"position\":3,\"name\":\"Kj\u00f8p LSD-tabletter p\u00e5 nett\"}]},{\"@type\":\"WebSite\",\"@id\":\"https:\\\/\\\/gooddealersmeds.com\\\/no\\\/#website\",\"url\":\"https:\\\/\\\/gooddealersmeds.com\\\/no\\\/\",\"name\":\"Good Dealers Meds\",\"description\":\"All our best\",\"publisher\":{\"@id\":\"https:\\\/\\\/gooddealersmeds.com\\\/no\\\/#organization\"},\"potentialAction\":[{\"@type\":\"SearchAction\",\"target\":{\"@type\":\"EntryPoint\",\"urlTemplate\":\"https:\\\/\\\/gooddealersmeds.com\\\/no\\\/?s={search_term_string}\"},\"query-input\":{\"@type\":\"PropertyValueSpecification\",\"valueRequired\":true,\"valueName\":\"search_term_string\"}}],\"inLanguage\":\"en-US\"},{\"@type\":\"Organization\",\"@id\":\"https:\\\/\\\/gooddealersmeds.com\\\/no\\\/#organization\",\"name\":\"Good Dealers Meds\",\"url\":\"https:\\\/\\\/gooddealersmeds.com\\\/no\\\/\",\"logo\":{\"@type\":\"ImageObject\",\"inLanguage\":\"en-US\",\"@id\":\"https:\\\/\\\/gooddealersmeds.com\\\/no\\\/#\\\/schema\\\/logo\\\/image\\\/\",\"url\":\"https:\\\/\\\/gooddealersmeds.com\\\/no\\\/wp-content\\\/uploads\\\/sites\\\/8\\\/2022\\\/03\\\/gooddealersmeds__logo__20220317T222800Z.00.png\",\"contentUrl\":\"https:\\\/\\\/gooddealersmeds.com\\\/no\\\/wp-content\\\/uploads\\\/sites\\\/8\\\/2022\\\/03\\\/gooddealersmeds__logo__20220317T222800Z.00.png\",\"width\":500,\"height\":325,\"caption\":\"Good Dealers Meds\"},\"image\":{\"@id\":\"https:\\\/\\\/gooddealersmeds.com\\\/no\\\/#\\\/schema\\\/logo\\\/image\\\/\"}}]}<\/script>\n<!-- \/ Yoast SEO Premium plugin. -->","yoast_head_json":{"title":"Kj\u00f8p LSD-tabletter p\u00e5 nett - nettbrett av beste kvalitet |","description":"Kj\u00f8p 50mcg LSD-tabletter online fra Casadelamedicina-butikken. LSD-nettbrett til salgs i USA og Canada til billige priser, f\u00e5 levert p\u00e5 d\u00f8ren!","robots":{"index":"index","follow":"follow","max-snippet":"max-snippet:-1","max-image-preview":"max-image-preview:large","max-video-preview":"max-video-preview:-1"},"canonical":"https:\/\/gooddealersmeds.com\/no\/product\/kjop-lsd-nettbrett-online\/","og_locale":"en_US","og_type":"article","og_title":"Kj\u00f8p LSD-tabletter p\u00e5 nett","og_description":"Kj\u00f8p 50mcg LSD-tabletter online fra Casadelamedicina-butikken. LSD-nettbrett til salgs i USA og Canada til billige priser, f\u00e5 levert p\u00e5 d\u00f8ren!","og_url":"https:\/\/gooddealersmeds.com\/no\/product\/kjop-lsd-nettbrett-online\/","og_site_name":"Good Dealers Meds","article_modified_time":"2022-10-03T21:26:36+00:00","og_image":[{"width":600,"height":600,"url":"https:\/\/gooddealersmeds.com\/no\/wp-content\/uploads\/sites\/8\/2022\/03\/buy-50mcg-lsd-tablets-online.jpg","type":"image\/jpeg"}],"twitter_card":"summary_large_image","twitter_misc":{"Est. reading time":"2 minutes"},"schema":{"@context":"https:\/\/schema.org","@graph":[{"@type":"WebPage","@id":"https:\/\/gooddealersmeds.com\/no\/product\/kjop-lsd-nettbrett-online\/","url":"https:\/\/gooddealersmeds.com\/no\/product\/kjop-lsd-nettbrett-online\/","name":"Kj\u00f8p LSD-tabletter p\u00e5 nett - nettbrett av beste kvalitet |","isPartOf":{"@id":"https:\/\/gooddealersmeds.com\/no\/#website"},"primaryImageOfPage":{"@id":"https:\/\/gooddealersmeds.com\/no\/product\/kjop-lsd-nettbrett-online\/#primaryimage"},"image":{"@id":"https:\/\/gooddealersmeds.com\/no\/product\/kjop-lsd-nettbrett-online\/#primaryimage"},"thumbnailUrl":"https:\/\/gooddealersmeds.com\/no\/wp-content\/uploads\/sites\/8\/2022\/03\/buy-50mcg-lsd-tablets-online.jpg","datePublished":"2022-03-19T02:44:47+00:00","dateModified":"2022-10-03T21:26:36+00:00","description":"Kj\u00f8p 50mcg LSD-tabletter online fra Casadelamedicina-butikken. LSD-nettbrett til salgs i USA og Canada til billige priser, f\u00e5 levert p\u00e5 d\u00f8ren!","breadcrumb":{"@id":"https:\/\/gooddealersmeds.com\/no\/product\/kjop-lsd-nettbrett-online\/#breadcrumb"},"inLanguage":"en-US","potentialAction":[{"@type":"ReadAction","target":["https:\/\/gooddealersmeds.com\/no\/product\/kjop-lsd-nettbrett-online\/"]}]},{"@type":"ImageObject","inLanguage":"en-US","@id":"https:\/\/gooddealersmeds.com\/no\/product\/kjop-lsd-nettbrett-online\/#primaryimage","url":"https:\/\/gooddealersmeds.com\/no\/wp-content\/uploads\/sites\/8\/2022\/03\/buy-50mcg-lsd-tablets-online.jpg","contentUrl":"https:\/\/gooddealersmeds.com\/no\/wp-content\/uploads\/sites\/8\/2022\/03\/buy-50mcg-lsd-tablets-online.jpg","width":600,"height":600,"caption":"Buy LSD Tablets Online"},{"@type":"BreadcrumbList","@id":"https:\/\/gooddealersmeds.com\/no\/product\/kjop-lsd-nettbrett-online\/#breadcrumb","itemListElement":[{"@type":"ListItem","position":1,"name":"Home","item":"https:\/\/gooddealersmeds.com\/no\/"},{"@type":"ListItem","position":2,"name":"Produkter","item":"https:\/\/gooddealersmeds.com\/no\/produkter\/"},{"@type":"ListItem","position":3,"name":"Kj\u00f8p LSD-tabletter p\u00e5 nett"}]},{"@type":"WebSite","@id":"https:\/\/gooddealersmeds.com\/no\/#website","url":"https:\/\/gooddealersmeds.com\/no\/","name":"Good Dealers Meds","description":"All our best","publisher":{"@id":"https:\/\/gooddealersmeds.com\/no\/#organization"},"potentialAction":[{"@type":"SearchAction","target":{"@type":"EntryPoint","urlTemplate":"https:\/\/gooddealersmeds.com\/no\/?s={search_term_string}"},"query-input":{"@type":"PropertyValueSpecification","valueRequired":true,"valueName":"search_term_string"}}],"inLanguage":"en-US"},{"@type":"Organization","@id":"https:\/\/gooddealersmeds.com\/no\/#organization","name":"Good Dealers Meds","url":"https:\/\/gooddealersmeds.com\/no\/","logo":{"@type":"ImageObject","inLanguage":"en-US","@id":"https:\/\/gooddealersmeds.com\/no\/#\/schema\/logo\/image\/","url":"https:\/\/gooddealersmeds.com\/no\/wp-content\/uploads\/sites\/8\/2022\/03\/gooddealersmeds__logo__20220317T222800Z.00.png","contentUrl":"https:\/\/gooddealersmeds.com\/no\/wp-content\/uploads\/sites\/8\/2022\/03\/gooddealersmeds__logo__20220317T222800Z.00.png","width":500,"height":325,"caption":"Good Dealers Meds"},"image":{"@id":"https:\/\/gooddealersmeds.com\/no\/#\/schema\/logo\/image\/"}}]}},"_links":{"self":[{"href":"https:\/\/gooddealersmeds.com\/no\/wp-json\/wp\/v2\/product\/1744","targetHints":{"allow":["GET"]}}],"collection":[{"href":"https:\/\/gooddealersmeds.com\/no\/wp-json\/wp\/v2\/product"}],"about":[{"href":"https:\/\/gooddealersmeds.com\/no\/wp-json\/wp\/v2\/types\/product"}],"replies":[{"embeddable":true,"href":"https:\/\/gooddealersmeds.com\/no\/wp-json\/wp\/v2\/comments?post=1744"}],"wp:featuredmedia":[{"embeddable":true,"href":"https:\/\/gooddealersmeds.com\/no\/wp-json\/wp\/v2\/media\/1748"}],"wp:attachment":[{"href":"https:\/\/gooddealersmeds.com\/no\/wp-json\/wp\/v2\/media?parent=1744"}],"wp:term":[{"taxonomy":"product_brand","embeddable":true,"href":"https:\/\/gooddealersmeds.com\/no\/wp-json\/wp\/v2\/product_brand?post=1744"},{"taxonomy":"product_cat","embeddable":true,"href":"https:\/\/gooddealersmeds.com\/no\/wp-json\/wp\/v2\/product_cat?post=1744"},{"taxonomy":"product_tag","embeddable":true,"href":"https:\/\/gooddealersmeds.com\/no\/wp-json\/wp\/v2\/product_tag?post=1744"}],"curies":[{"name":"wp","href":"https:\/\/api.w.org\/{rel}","templated":true}]}}