{"id":1728,"date":"2022-03-19T02:16:28","date_gmt":"2022-03-19T02:16:28","guid":{"rendered":"https:\/\/gooddealersmeds.com\/no\/?post_type=product&#038;p=1728"},"modified":"2022-10-03T21:26:43","modified_gmt":"2022-10-03T21:26:43","slug":"fentanyl-plaster","status":"publish","type":"product","link":"https:\/\/gooddealersmeds.com\/no\/product\/fentanyl-plaster\/","title":{"rendered":"Kj\u00f8p fentanylplaster p\u00e5 nett"},"content":{"rendered":"<p>Kj\u00f8p Fentanyl-plaster p\u00e5 nettet (ogs\u00e5 kjent som fentanil) er et sterkt syntetisk smertestillende middel med opioid med kort virkningstid. Det er en potent agonist ved -opioidreseptorer. Fentanyl er beregnet til \u00e5 v\u00e6re 50 til 100 ganger kraftigere enn morfin.<\/p>\n<p>Fentanyl tilh\u00f8rer en gruppe medisiner som kalles opioider. <a href=\"https:\/\/gooddealersmeds.com\/no\/product\/fentanyl-patches\/\">Fentanyl<\/a> brukes til \u00e5 behandle vedvarende kroniske (langvarige) alvorlige smerter for de som trenger konstant smertelindring og er bruker for tiden andre opioide (narkotiske) medisiner.<\/p>\n<p>Opioid smertestillende middel i fentanylplasteret kommer gradvis inn i kroppen din. Det kan ta opptil to dager f\u00f8r ditt f\u00f8rste fentanylplaster har noen \u00e5penbar effekt, men p\u00e5f\u00f8lgende plastre vil opprettholde denne effekten. Dette betyr at du kan holde smertelindringen i gang s\u00e5 lenge du husker \u00e5 skifte plaster hver tredje dag. Bytt plaster til samme tid hver dag.<\/p>\n<p>Opioider (som fentanylplaster) gir sjelden total smertelindring. Legen din, sykepleieren eller den lokale farmas\u00f8yten vil bestemme den beste tiln\u00e6rmingen for \u00e5 h\u00e5ndtere smerten og endre dosen for \u00e5 gi deg smertelindring mesteparten av tiden. De vil ogs\u00e5 ta sikte p\u00e5 \u00e5 holde de negative effektene p\u00e5 et minimum.<\/p>\n<p>Hvis disse bivirkningene vedvarer i mer enn noen f\u00e5 dager, kan legen din foreskrive ytterligere medisiner for \u00e5 hjelpe, for eksempel legemidler mot sykdom. Forstoppelse er en vanlig bivirkning som ikke vil forsvinne etter noen dager. For \u00e5 l\u00f8se forstoppelse kan det hende du m\u00e5 pr\u00f8ve et avf\u00f8ringsmiddel eller \u00f8ke mengden fiber og vann i kostholdet ditt.<\/p>\n<p>Kvalme, oppkast, forstoppelse, svimmelhet, svimmelhet, s\u00f8vnighet eller hodepine er alle mulige bivirkninger. Mildt ubehag, kl\u00f8e eller r\u00f8dhet kan ogs\u00e5 forekomme p\u00e5 p\u00e5f\u00f8ringsstedet. Noen av disse bivirkningene kan forsvinne etter en periode med bruk av dette stoffet. Informer legen din eller apoteket med en gang hvis noen av disse bivirkningene fortsetter eller forverres.<\/p>\n<p>Du kan kj\u00f8pe fentanylplaster online fra butikken v\u00e5r uten resept.<\/p>\n","protected":false},"excerpt":{"rendered":"<p>Fentanyl, ogs\u00e5 stavet fentanil, er et opioid som brukes som smertestillende medisin og sammen med andre medisiner for anestesi. Fentanyl brukes ogs\u00e5 som et rekreasjonsmiddel, ofte blandet med heroin eller kokain. Det har et raskt utbrudd og effekten varer vanligvis mindre enn to timer. Kj\u00f8p fentanyl p\u00e5 nett, kj\u00f8p fentanylplaster p\u00e5 nettet<\/p>\n<p>&nbsp;<\/p>\n<p><strong>5 patcher per boks<\/strong><\/p>\n","protected":false},"featured_media":1734,"comment_status":"open","ping_status":"closed","template":"","meta":{"inline_featured_image":false},"product_brand":[],"product_cat":[347],"product_tag":[97,297,298],"class_list":{"0":"post-1728","1":"product","2":"type-product","3":"status-publish","4":"has-post-thumbnail","6":"product_cat-opioid-smertestillende","7":"product_tag-kjp-fentanyl-online","8":"product_tag-kjp-fentanyl-gips","9":"product_tag-kjp-fentanyl-gips-online","11":"first","12":"instock","13":"featured","14":"shipping-taxable","15":"purchasable","16":"product-type-variable","17":"has-default-attributes"},"yoast_head":"<!-- This site is optimized with the Yoast SEO Premium plugin v20.6 (Yoast SEO v27.4) - https:\/\/yoast.com\/product\/yoast-seo-premium-wordpress\/ -->\n<title>Kj\u00f8p fentanylplaster online - fentanyl til salgs |<\/title>\n<meta name=\"description\" content=\"Kj\u00f8p Fentanyl-plaster p\u00e5 nett uten resept. Fentanyl, er et opioid som brukes som smertestillende medisin for anestesi eller vedvarende kronisk smerte.\" \/>\n<meta name=\"robots\" content=\"index, follow, max-snippet:-1, max-image-preview:large, max-video-preview:-1\" \/>\n<link rel=\"canonical\" href=\"https:\/\/gooddealersmeds.com\/no\/product\/fentanyl-plaster\/\" \/>\n<meta property=\"og:locale\" content=\"en_US\" \/>\n<meta property=\"og:type\" content=\"article\" \/>\n<meta property=\"og:title\" content=\"Kj\u00f8p fentanylplaster p\u00e5 nett\" \/>\n<meta property=\"og:description\" content=\"Kj\u00f8p Fentanyl-plaster p\u00e5 nett uten resept. Fentanyl, er et opioid som brukes som smertestillende medisin for anestesi eller vedvarende kronisk smerte.\" \/>\n<meta property=\"og:url\" content=\"https:\/\/gooddealersmeds.com\/no\/product\/fentanyl-plaster\/\" \/>\n<meta property=\"og:site_name\" content=\"Good Dealers Meds\" \/>\n<meta property=\"article:modified_time\" content=\"2022-10-03T21:26:43+00:00\" \/>\n<meta property=\"og:image\" content=\"https:\/\/gooddealersmeds.com\/no\/wp-content\/uploads\/sites\/8\/2022\/03\/Fentanyl-Patch-75mcg-e1573043473107-500x500-1.jpg\" \/>\n\t<meta property=\"og:image:width\" content=\"500\" \/>\n\t<meta property=\"og:image:height\" content=\"500\" \/>\n\t<meta property=\"og:image:type\" content=\"image\/jpeg\" \/>\n<meta name=\"twitter:card\" content=\"summary_large_image\" \/>\n<meta name=\"twitter:label1\" content=\"Est. reading time\" \/>\n\t<meta name=\"twitter:data1\" content=\"2 minutes\" \/>\n<script type=\"application\/ld+json\" class=\"yoast-schema-graph\">{\"@context\":\"https:\\\/\\\/schema.org\",\"@graph\":[{\"@type\":\"WebPage\",\"@id\":\"https:\\\/\\\/gooddealersmeds.com\\\/no\\\/product\\\/fentanyl-plaster\\\/\",\"url\":\"https:\\\/\\\/gooddealersmeds.com\\\/no\\\/product\\\/fentanyl-plaster\\\/\",\"name\":\"Kj\u00f8p fentanylplaster online - fentanyl til salgs |\",\"isPartOf\":{\"@id\":\"https:\\\/\\\/gooddealersmeds.com\\\/no\\\/#website\"},\"primaryImageOfPage\":{\"@id\":\"https:\\\/\\\/gooddealersmeds.com\\\/no\\\/product\\\/fentanyl-plaster\\\/#primaryimage\"},\"image\":{\"@id\":\"https:\\\/\\\/gooddealersmeds.com\\\/no\\\/product\\\/fentanyl-plaster\\\/#primaryimage\"},\"thumbnailUrl\":\"https:\\\/\\\/gooddealersmeds.com\\\/no\\\/wp-content\\\/uploads\\\/sites\\\/8\\\/2022\\\/03\\\/Fentanyl-Patch-75mcg-e1573043473107-500x500-1.jpg\",\"datePublished\":\"2022-03-19T02:16:28+00:00\",\"dateModified\":\"2022-10-03T21:26:43+00:00\",\"description\":\"Kj\u00f8p Fentanyl-plaster p\u00e5 nett uten resept. Fentanyl, er et opioid som brukes som smertestillende medisin for anestesi eller vedvarende kronisk smerte.\",\"breadcrumb\":{\"@id\":\"https:\\\/\\\/gooddealersmeds.com\\\/no\\\/product\\\/fentanyl-plaster\\\/#breadcrumb\"},\"inLanguage\":\"en-US\",\"potentialAction\":[{\"@type\":\"ReadAction\",\"target\":[\"https:\\\/\\\/gooddealersmeds.com\\\/no\\\/product\\\/fentanyl-plaster\\\/\"]}]},{\"@type\":\"ImageObject\",\"inLanguage\":\"en-US\",\"@id\":\"https:\\\/\\\/gooddealersmeds.com\\\/no\\\/product\\\/fentanyl-plaster\\\/#primaryimage\",\"url\":\"https:\\\/\\\/gooddealersmeds.com\\\/no\\\/wp-content\\\/uploads\\\/sites\\\/8\\\/2022\\\/03\\\/Fentanyl-Patch-75mcg-e1573043473107-500x500-1.jpg\",\"contentUrl\":\"https:\\\/\\\/gooddealersmeds.com\\\/no\\\/wp-content\\\/uploads\\\/sites\\\/8\\\/2022\\\/03\\\/Fentanyl-Patch-75mcg-e1573043473107-500x500-1.jpg\",\"width\":500,\"height\":500,\"caption\":\"Buy Fentanyl Online\"},{\"@type\":\"BreadcrumbList\",\"@id\":\"https:\\\/\\\/gooddealersmeds.com\\\/no\\\/product\\\/fentanyl-plaster\\\/#breadcrumb\",\"itemListElement\":[{\"@type\":\"ListItem\",\"position\":1,\"name\":\"Home\",\"item\":\"https:\\\/\\\/gooddealersmeds.com\\\/no\\\/\"},{\"@type\":\"ListItem\",\"position\":2,\"name\":\"Produkter\",\"item\":\"https:\\\/\\\/gooddealersmeds.com\\\/no\\\/produkter\\\/\"},{\"@type\":\"ListItem\",\"position\":3,\"name\":\"Kj\u00f8p fentanylplaster p\u00e5 nett\"}]},{\"@type\":\"WebSite\",\"@id\":\"https:\\\/\\\/gooddealersmeds.com\\\/no\\\/#website\",\"url\":\"https:\\\/\\\/gooddealersmeds.com\\\/no\\\/\",\"name\":\"Good Dealers Meds\",\"description\":\"All our best\",\"publisher\":{\"@id\":\"https:\\\/\\\/gooddealersmeds.com\\\/no\\\/#organization\"},\"potentialAction\":[{\"@type\":\"SearchAction\",\"target\":{\"@type\":\"EntryPoint\",\"urlTemplate\":\"https:\\\/\\\/gooddealersmeds.com\\\/no\\\/?s={search_term_string}\"},\"query-input\":{\"@type\":\"PropertyValueSpecification\",\"valueRequired\":true,\"valueName\":\"search_term_string\"}}],\"inLanguage\":\"en-US\"},{\"@type\":\"Organization\",\"@id\":\"https:\\\/\\\/gooddealersmeds.com\\\/no\\\/#organization\",\"name\":\"Good Dealers Meds\",\"url\":\"https:\\\/\\\/gooddealersmeds.com\\\/no\\\/\",\"logo\":{\"@type\":\"ImageObject\",\"inLanguage\":\"en-US\",\"@id\":\"https:\\\/\\\/gooddealersmeds.com\\\/no\\\/#\\\/schema\\\/logo\\\/image\\\/\",\"url\":\"https:\\\/\\\/gooddealersmeds.com\\\/no\\\/wp-content\\\/uploads\\\/sites\\\/8\\\/2022\\\/03\\\/gooddealersmeds__logo__20220317T222800Z.00.png\",\"contentUrl\":\"https:\\\/\\\/gooddealersmeds.com\\\/no\\\/wp-content\\\/uploads\\\/sites\\\/8\\\/2022\\\/03\\\/gooddealersmeds__logo__20220317T222800Z.00.png\",\"width\":500,\"height\":325,\"caption\":\"Good Dealers Meds\"},\"image\":{\"@id\":\"https:\\\/\\\/gooddealersmeds.com\\\/no\\\/#\\\/schema\\\/logo\\\/image\\\/\"}}]}<\/script>\n<!-- \/ Yoast SEO Premium plugin. -->","yoast_head_json":{"title":"Kj\u00f8p fentanylplaster online - fentanyl til salgs |","description":"Kj\u00f8p Fentanyl-plaster p\u00e5 nett uten resept. Fentanyl, er et opioid som brukes som smertestillende medisin for anestesi eller vedvarende kronisk smerte.","robots":{"index":"index","follow":"follow","max-snippet":"max-snippet:-1","max-image-preview":"max-image-preview:large","max-video-preview":"max-video-preview:-1"},"canonical":"https:\/\/gooddealersmeds.com\/no\/product\/fentanyl-plaster\/","og_locale":"en_US","og_type":"article","og_title":"Kj\u00f8p fentanylplaster p\u00e5 nett","og_description":"Kj\u00f8p Fentanyl-plaster p\u00e5 nett uten resept. Fentanyl, er et opioid som brukes som smertestillende medisin for anestesi eller vedvarende kronisk smerte.","og_url":"https:\/\/gooddealersmeds.com\/no\/product\/fentanyl-plaster\/","og_site_name":"Good Dealers Meds","article_modified_time":"2022-10-03T21:26:43+00:00","og_image":[{"width":500,"height":500,"url":"https:\/\/gooddealersmeds.com\/no\/wp-content\/uploads\/sites\/8\/2022\/03\/Fentanyl-Patch-75mcg-e1573043473107-500x500-1.jpg","type":"image\/jpeg"}],"twitter_card":"summary_large_image","twitter_misc":{"Est. reading time":"2 minutes"},"schema":{"@context":"https:\/\/schema.org","@graph":[{"@type":"WebPage","@id":"https:\/\/gooddealersmeds.com\/no\/product\/fentanyl-plaster\/","url":"https:\/\/gooddealersmeds.com\/no\/product\/fentanyl-plaster\/","name":"Kj\u00f8p fentanylplaster online - fentanyl til salgs |","isPartOf":{"@id":"https:\/\/gooddealersmeds.com\/no\/#website"},"primaryImageOfPage":{"@id":"https:\/\/gooddealersmeds.com\/no\/product\/fentanyl-plaster\/#primaryimage"},"image":{"@id":"https:\/\/gooddealersmeds.com\/no\/product\/fentanyl-plaster\/#primaryimage"},"thumbnailUrl":"https:\/\/gooddealersmeds.com\/no\/wp-content\/uploads\/sites\/8\/2022\/03\/Fentanyl-Patch-75mcg-e1573043473107-500x500-1.jpg","datePublished":"2022-03-19T02:16:28+00:00","dateModified":"2022-10-03T21:26:43+00:00","description":"Kj\u00f8p Fentanyl-plaster p\u00e5 nett uten resept. Fentanyl, er et opioid som brukes som smertestillende medisin for anestesi eller vedvarende kronisk smerte.","breadcrumb":{"@id":"https:\/\/gooddealersmeds.com\/no\/product\/fentanyl-plaster\/#breadcrumb"},"inLanguage":"en-US","potentialAction":[{"@type":"ReadAction","target":["https:\/\/gooddealersmeds.com\/no\/product\/fentanyl-plaster\/"]}]},{"@type":"ImageObject","inLanguage":"en-US","@id":"https:\/\/gooddealersmeds.com\/no\/product\/fentanyl-plaster\/#primaryimage","url":"https:\/\/gooddealersmeds.com\/no\/wp-content\/uploads\/sites\/8\/2022\/03\/Fentanyl-Patch-75mcg-e1573043473107-500x500-1.jpg","contentUrl":"https:\/\/gooddealersmeds.com\/no\/wp-content\/uploads\/sites\/8\/2022\/03\/Fentanyl-Patch-75mcg-e1573043473107-500x500-1.jpg","width":500,"height":500,"caption":"Buy Fentanyl Online"},{"@type":"BreadcrumbList","@id":"https:\/\/gooddealersmeds.com\/no\/product\/fentanyl-plaster\/#breadcrumb","itemListElement":[{"@type":"ListItem","position":1,"name":"Home","item":"https:\/\/gooddealersmeds.com\/no\/"},{"@type":"ListItem","position":2,"name":"Produkter","item":"https:\/\/gooddealersmeds.com\/no\/produkter\/"},{"@type":"ListItem","position":3,"name":"Kj\u00f8p fentanylplaster p\u00e5 nett"}]},{"@type":"WebSite","@id":"https:\/\/gooddealersmeds.com\/no\/#website","url":"https:\/\/gooddealersmeds.com\/no\/","name":"Good Dealers Meds","description":"All our best","publisher":{"@id":"https:\/\/gooddealersmeds.com\/no\/#organization"},"potentialAction":[{"@type":"SearchAction","target":{"@type":"EntryPoint","urlTemplate":"https:\/\/gooddealersmeds.com\/no\/?s={search_term_string}"},"query-input":{"@type":"PropertyValueSpecification","valueRequired":true,"valueName":"search_term_string"}}],"inLanguage":"en-US"},{"@type":"Organization","@id":"https:\/\/gooddealersmeds.com\/no\/#organization","name":"Good Dealers Meds","url":"https:\/\/gooddealersmeds.com\/no\/","logo":{"@type":"ImageObject","inLanguage":"en-US","@id":"https:\/\/gooddealersmeds.com\/no\/#\/schema\/logo\/image\/","url":"https:\/\/gooddealersmeds.com\/no\/wp-content\/uploads\/sites\/8\/2022\/03\/gooddealersmeds__logo__20220317T222800Z.00.png","contentUrl":"https:\/\/gooddealersmeds.com\/no\/wp-content\/uploads\/sites\/8\/2022\/03\/gooddealersmeds__logo__20220317T222800Z.00.png","width":500,"height":325,"caption":"Good Dealers Meds"},"image":{"@id":"https:\/\/gooddealersmeds.com\/no\/#\/schema\/logo\/image\/"}}]}},"_links":{"self":[{"href":"https:\/\/gooddealersmeds.com\/no\/wp-json\/wp\/v2\/product\/1728","targetHints":{"allow":["GET"]}}],"collection":[{"href":"https:\/\/gooddealersmeds.com\/no\/wp-json\/wp\/v2\/product"}],"about":[{"href":"https:\/\/gooddealersmeds.com\/no\/wp-json\/wp\/v2\/types\/product"}],"replies":[{"embeddable":true,"href":"https:\/\/gooddealersmeds.com\/no\/wp-json\/wp\/v2\/comments?post=1728"}],"wp:featuredmedia":[{"embeddable":true,"href":"https:\/\/gooddealersmeds.com\/no\/wp-json\/wp\/v2\/media\/1734"}],"wp:attachment":[{"href":"https:\/\/gooddealersmeds.com\/no\/wp-json\/wp\/v2\/media?parent=1728"}],"wp:term":[{"taxonomy":"product_brand","embeddable":true,"href":"https:\/\/gooddealersmeds.com\/no\/wp-json\/wp\/v2\/product_brand?post=1728"},{"taxonomy":"product_cat","embeddable":true,"href":"https:\/\/gooddealersmeds.com\/no\/wp-json\/wp\/v2\/product_cat?post=1728"},{"taxonomy":"product_tag","embeddable":true,"href":"https:\/\/gooddealersmeds.com\/no\/wp-json\/wp\/v2\/product_tag?post=1728"}],"curies":[{"name":"wp","href":"https:\/\/api.w.org\/{rel}","templated":true}]}}