{"id":1718,"date":"2022-03-19T01:50:33","date_gmt":"2022-03-19T01:50:33","guid":{"rendered":"https:\/\/gooddealersmeds.com\/no\/?post_type=product&#038;p=1718"},"modified":"2022-10-03T21:26:50","modified_gmt":"2022-10-03T21:26:50","slug":"kjop-morfin-sulfat-online","status":"publish","type":"product","link":"https:\/\/gooddealersmeds.com\/no\/product\/kjop-morfin-sulfat-online\/","title":{"rendered":"Kj\u00f8p morfinsulfat p\u00e5 nett"},"content":{"rendered":"<p>Kj\u00f8p morfinsulfat p\u00e5 nett. Morfin er et sterkt smertestillende middel. Det brukes til \u00e5 behandle alvorlig smerte. Dette legemidlet brukes til \u00e5 behandle alvorlige kroniske smerter (som p\u00e5 grunn av kreft). Morfin tilh\u00f8rer klassen opioidanalgetika. Det endrer hvordan kroppen din oppfatter og reagerer p\u00e5 smerte ved \u00e5 virke p\u00e5 hjernen. De h\u00f8yere styrker av dette legemidlet (90 og 120 milligram per kapsel) b\u00f8r kun brukes hvis du har tatt moderate til h\u00f8ye doser av opioid smertestillende medikamenter p\u00e5 regelmessig basis.<\/p>\n<p>&#8220;Aldri tygg, knus, eller l\u00f8s opp dette stoffet eller kapslenes innhold. Ikke bruk alkohol eller bruk andre alkoholholdige produkter mens du tar denne medisinen. \u00c5 ta Morfinsulfat sammen med alkohol eller knust, tygget eller oppl\u00f8st typer morfin med forlenget frigivelse kan f\u00f8re til en d\u00f8delig overdose.&#8221;<\/p>\n<p>F\u00f8r du begynner \u00e5 bruke morfin, og hver gang du f\u00e5r p\u00e5fyll, les medisinveiledningen utstedt av apoteket. R\u00e5df\u00f8r deg med legen din eller apoteket hvis du har sp\u00f8rsm\u00e5l.<\/p>\n<p>Morfin virker ved \u00e5 hindre smertesignaler fra \u00e5 n\u00e5 hjernen via nervene. Morfins mest utbredte bivirkninger er forstoppelse, kvalme og tretthet. Morfinavhengighet kan tenkes, men det er uvanlig hvis du tar det for \u00e5 h\u00e5ndtere smerte og legen vurderer medisinen din med jevne mellomrom.<\/p>\n<p>Morfin kan tas av barn og voksne i alle aldre. Imidlertid er det mer sannsynlig at babyer, sm\u00e5 barn og eldre mennesker f\u00e5r bivirkninger. Fortell legen din f\u00f8r du begynner med medisinen dersom du:<\/p>\n<ul>\n<li>noen gang har hatt en allergisk reaksjon p\u00e5 morfin eller andre legemidler<\/li>\n<li>Har pustevansker eller lungeproblemer<\/li>\n<li>Har en avhengighet av alkohol<\/li>\n<li>Har en tilstand som for\u00e5rsaker anfall eller anfall<\/li>\n<li>Har en hodeskade<\/li>\n<li>Har lave niv\u00e5er av skjoldbruskkjertelen<\/li>\n<li>Har binyreproblemer<\/li>\n<li>Har nyre- eller leverproblemer<\/li>\n<li>Har forst\u00f8rret prostata<\/li>\n<li>Har lavt blodtrykk<\/li>\n<\/ul>\n<p>Her kan du bestille morfinsulfat, en av de beste for \u00e5 frigj\u00f8re deg selv.<\/p>\n<p>Vi legger vekt p\u00e5 produktfortreffelighet og s\u00f8rger for at medisinen v\u00e5r er rimelig. N\u00e5r du handler p\u00e5 Medisiner og Chem Store, er personvernet ditt alltid sikret. Du kan enkelt kj\u00f8pe morfinsulfat online fra nettbutikken v\u00e5r.<\/p>\n","protected":false},"excerpt":{"rendered":"<p>Morfin brukes til \u00e5 lindre alvorlig smerte. Det tilh\u00f8rer en klasse legemidler kjent som opioidanalgetika. Det fungerer i hjernen for \u00e5 endre hvordan kroppen din f\u00f8les og reagerer p\u00e5 smerte.<\/p>\n","protected":false},"featured_media":1727,"comment_status":"open","ping_status":"closed","template":"","meta":{"inline_featured_image":false},"product_brand":[],"product_cat":[347],"product_tag":[],"class_list":{"0":"post-1718","1":"product","2":"type-product","3":"status-publish","4":"has-post-thumbnail","6":"product_cat-opioid-smertestillende","7":"pa_milliliters-100-ml","8":"pa_milliliters-250-ml","9":"pa_milliliters-50-ml","10":"pa_milliliters-500-ml","12":"first","13":"instock","14":"featured","15":"shipping-taxable","16":"purchasable","17":"product-type-variable","18":"has-default-attributes"},"yoast_head":"<!-- This site is optimized with the Yoast SEO Premium plugin v20.6 (Yoast SEO v27.3) - https:\/\/yoast.com\/product\/yoast-seo-premium-wordpress\/ -->\n<title>Kj\u00f8p morfinsulfat p\u00e5 nett |<\/title>\n<meta name=\"description\" content=\"Kj\u00f8p Morfinsulfat online hetteglass 50mg\/Ml 20ml fra Bell Medical Services til beste pris. Det brukes til \u00e5 lindre moderat til alvorlig smerte.\" \/>\n<meta name=\"robots\" content=\"index, follow, max-snippet:-1, max-image-preview:large, max-video-preview:-1\" \/>\n<link rel=\"canonical\" href=\"https:\/\/gooddealersmeds.com\/no\/product\/kjop-morfin-sulfat-online\/\" \/>\n<meta property=\"og:locale\" content=\"en_US\" \/>\n<meta property=\"og:type\" content=\"article\" \/>\n<meta property=\"og:title\" content=\"Kj\u00f8p morfinsulfat p\u00e5 nett\" \/>\n<meta property=\"og:description\" content=\"Kj\u00f8p Morfinsulfat online hetteglass 50mg\/Ml 20ml fra Bell Medical Services til beste pris. Det brukes til \u00e5 lindre moderat til alvorlig smerte.\" \/>\n<meta property=\"og:url\" content=\"https:\/\/gooddealersmeds.com\/no\/product\/kjop-morfin-sulfat-online\/\" \/>\n<meta property=\"og:site_name\" content=\"Good Dealers Meds\" \/>\n<meta property=\"article:modified_time\" content=\"2022-10-03T21:26:50+00:00\" \/>\n<meta property=\"og:image\" content=\"https:\/\/gooddealersmeds.com\/no\/wp-content\/uploads\/sites\/8\/2022\/03\/Morphine.jpeg\" \/>\n\t<meta property=\"og:image:width\" content=\"800\" \/>\n\t<meta property=\"og:image:height\" content=\"800\" \/>\n\t<meta property=\"og:image:type\" content=\"image\/jpeg\" \/>\n<meta name=\"twitter:card\" content=\"summary_large_image\" \/>\n<meta name=\"twitter:label1\" content=\"Est. reading time\" \/>\n\t<meta name=\"twitter:data1\" content=\"2 minutes\" \/>\n<script type=\"application\/ld+json\" class=\"yoast-schema-graph\">{\"@context\":\"https:\\\/\\\/schema.org\",\"@graph\":[{\"@type\":\"WebPage\",\"@id\":\"https:\\\/\\\/gooddealersmeds.com\\\/no\\\/product\\\/kjop-morfin-sulfat-online\\\/\",\"url\":\"https:\\\/\\\/gooddealersmeds.com\\\/no\\\/product\\\/kjop-morfin-sulfat-online\\\/\",\"name\":\"Kj\u00f8p morfinsulfat p\u00e5 nett |\",\"isPartOf\":{\"@id\":\"https:\\\/\\\/gooddealersmeds.com\\\/no\\\/#website\"},\"primaryImageOfPage\":{\"@id\":\"https:\\\/\\\/gooddealersmeds.com\\\/no\\\/product\\\/kjop-morfin-sulfat-online\\\/#primaryimage\"},\"image\":{\"@id\":\"https:\\\/\\\/gooddealersmeds.com\\\/no\\\/product\\\/kjop-morfin-sulfat-online\\\/#primaryimage\"},\"thumbnailUrl\":\"https:\\\/\\\/gooddealersmeds.com\\\/no\\\/wp-content\\\/uploads\\\/sites\\\/8\\\/2022\\\/03\\\/Morphine.jpeg\",\"datePublished\":\"2022-03-19T01:50:33+00:00\",\"dateModified\":\"2022-10-03T21:26:50+00:00\",\"description\":\"Kj\u00f8p Morfinsulfat online hetteglass 50mg\\\/Ml 20ml fra Bell Medical Services til beste pris. Det brukes til \u00e5 lindre moderat til alvorlig smerte.\",\"breadcrumb\":{\"@id\":\"https:\\\/\\\/gooddealersmeds.com\\\/no\\\/product\\\/kjop-morfin-sulfat-online\\\/#breadcrumb\"},\"inLanguage\":\"en-US\",\"potentialAction\":[{\"@type\":\"ReadAction\",\"target\":[\"https:\\\/\\\/gooddealersmeds.com\\\/no\\\/product\\\/kjop-morfin-sulfat-online\\\/\"]}]},{\"@type\":\"ImageObject\",\"inLanguage\":\"en-US\",\"@id\":\"https:\\\/\\\/gooddealersmeds.com\\\/no\\\/product\\\/kjop-morfin-sulfat-online\\\/#primaryimage\",\"url\":\"https:\\\/\\\/gooddealersmeds.com\\\/no\\\/wp-content\\\/uploads\\\/sites\\\/8\\\/2022\\\/03\\\/Morphine.jpeg\",\"contentUrl\":\"https:\\\/\\\/gooddealersmeds.com\\\/no\\\/wp-content\\\/uploads\\\/sites\\\/8\\\/2022\\\/03\\\/Morphine.jpeg\",\"width\":800,\"height\":800,\"caption\":\"Buy Morphine Sulfate Online\"},{\"@type\":\"BreadcrumbList\",\"@id\":\"https:\\\/\\\/gooddealersmeds.com\\\/no\\\/product\\\/kjop-morfin-sulfat-online\\\/#breadcrumb\",\"itemListElement\":[{\"@type\":\"ListItem\",\"position\":1,\"name\":\"Home\",\"item\":\"https:\\\/\\\/gooddealersmeds.com\\\/no\\\/\"},{\"@type\":\"ListItem\",\"position\":2,\"name\":\"Produkter\",\"item\":\"https:\\\/\\\/gooddealersmeds.com\\\/no\\\/produkter\\\/\"},{\"@type\":\"ListItem\",\"position\":3,\"name\":\"Kj\u00f8p morfinsulfat p\u00e5 nett\"}]},{\"@type\":\"WebSite\",\"@id\":\"https:\\\/\\\/gooddealersmeds.com\\\/no\\\/#website\",\"url\":\"https:\\\/\\\/gooddealersmeds.com\\\/no\\\/\",\"name\":\"Good Dealers Meds\",\"description\":\"All our best\",\"publisher\":{\"@id\":\"https:\\\/\\\/gooddealersmeds.com\\\/no\\\/#organization\"},\"potentialAction\":[{\"@type\":\"SearchAction\",\"target\":{\"@type\":\"EntryPoint\",\"urlTemplate\":\"https:\\\/\\\/gooddealersmeds.com\\\/no\\\/?s={search_term_string}\"},\"query-input\":{\"@type\":\"PropertyValueSpecification\",\"valueRequired\":true,\"valueName\":\"search_term_string\"}}],\"inLanguage\":\"en-US\"},{\"@type\":\"Organization\",\"@id\":\"https:\\\/\\\/gooddealersmeds.com\\\/no\\\/#organization\",\"name\":\"Good Dealers Meds\",\"url\":\"https:\\\/\\\/gooddealersmeds.com\\\/no\\\/\",\"logo\":{\"@type\":\"ImageObject\",\"inLanguage\":\"en-US\",\"@id\":\"https:\\\/\\\/gooddealersmeds.com\\\/no\\\/#\\\/schema\\\/logo\\\/image\\\/\",\"url\":\"https:\\\/\\\/gooddealersmeds.com\\\/no\\\/wp-content\\\/uploads\\\/sites\\\/8\\\/2022\\\/03\\\/gooddealersmeds__logo__20220317T222800Z.00.png\",\"contentUrl\":\"https:\\\/\\\/gooddealersmeds.com\\\/no\\\/wp-content\\\/uploads\\\/sites\\\/8\\\/2022\\\/03\\\/gooddealersmeds__logo__20220317T222800Z.00.png\",\"width\":500,\"height\":325,\"caption\":\"Good Dealers Meds\"},\"image\":{\"@id\":\"https:\\\/\\\/gooddealersmeds.com\\\/no\\\/#\\\/schema\\\/logo\\\/image\\\/\"}}]}<\/script>\n<!-- \/ Yoast SEO Premium plugin. -->","yoast_head_json":{"title":"Kj\u00f8p morfinsulfat p\u00e5 nett |","description":"Kj\u00f8p Morfinsulfat online hetteglass 50mg\/Ml 20ml fra Bell Medical Services til beste pris. Det brukes til \u00e5 lindre moderat til alvorlig smerte.","robots":{"index":"index","follow":"follow","max-snippet":"max-snippet:-1","max-image-preview":"max-image-preview:large","max-video-preview":"max-video-preview:-1"},"canonical":"https:\/\/gooddealersmeds.com\/no\/product\/kjop-morfin-sulfat-online\/","og_locale":"en_US","og_type":"article","og_title":"Kj\u00f8p morfinsulfat p\u00e5 nett","og_description":"Kj\u00f8p Morfinsulfat online hetteglass 50mg\/Ml 20ml fra Bell Medical Services til beste pris. Det brukes til \u00e5 lindre moderat til alvorlig smerte.","og_url":"https:\/\/gooddealersmeds.com\/no\/product\/kjop-morfin-sulfat-online\/","og_site_name":"Good Dealers Meds","article_modified_time":"2022-10-03T21:26:50+00:00","og_image":[{"width":800,"height":800,"url":"https:\/\/gooddealersmeds.com\/no\/wp-content\/uploads\/sites\/8\/2022\/03\/Morphine.jpeg","type":"image\/jpeg"}],"twitter_card":"summary_large_image","twitter_misc":{"Est. reading time":"2 minutes"},"schema":{"@context":"https:\/\/schema.org","@graph":[{"@type":"WebPage","@id":"https:\/\/gooddealersmeds.com\/no\/product\/kjop-morfin-sulfat-online\/","url":"https:\/\/gooddealersmeds.com\/no\/product\/kjop-morfin-sulfat-online\/","name":"Kj\u00f8p morfinsulfat p\u00e5 nett |","isPartOf":{"@id":"https:\/\/gooddealersmeds.com\/no\/#website"},"primaryImageOfPage":{"@id":"https:\/\/gooddealersmeds.com\/no\/product\/kjop-morfin-sulfat-online\/#primaryimage"},"image":{"@id":"https:\/\/gooddealersmeds.com\/no\/product\/kjop-morfin-sulfat-online\/#primaryimage"},"thumbnailUrl":"https:\/\/gooddealersmeds.com\/no\/wp-content\/uploads\/sites\/8\/2022\/03\/Morphine.jpeg","datePublished":"2022-03-19T01:50:33+00:00","dateModified":"2022-10-03T21:26:50+00:00","description":"Kj\u00f8p Morfinsulfat online hetteglass 50mg\/Ml 20ml fra Bell Medical Services til beste pris. Det brukes til \u00e5 lindre moderat til alvorlig smerte.","breadcrumb":{"@id":"https:\/\/gooddealersmeds.com\/no\/product\/kjop-morfin-sulfat-online\/#breadcrumb"},"inLanguage":"en-US","potentialAction":[{"@type":"ReadAction","target":["https:\/\/gooddealersmeds.com\/no\/product\/kjop-morfin-sulfat-online\/"]}]},{"@type":"ImageObject","inLanguage":"en-US","@id":"https:\/\/gooddealersmeds.com\/no\/product\/kjop-morfin-sulfat-online\/#primaryimage","url":"https:\/\/gooddealersmeds.com\/no\/wp-content\/uploads\/sites\/8\/2022\/03\/Morphine.jpeg","contentUrl":"https:\/\/gooddealersmeds.com\/no\/wp-content\/uploads\/sites\/8\/2022\/03\/Morphine.jpeg","width":800,"height":800,"caption":"Buy Morphine Sulfate Online"},{"@type":"BreadcrumbList","@id":"https:\/\/gooddealersmeds.com\/no\/product\/kjop-morfin-sulfat-online\/#breadcrumb","itemListElement":[{"@type":"ListItem","position":1,"name":"Home","item":"https:\/\/gooddealersmeds.com\/no\/"},{"@type":"ListItem","position":2,"name":"Produkter","item":"https:\/\/gooddealersmeds.com\/no\/produkter\/"},{"@type":"ListItem","position":3,"name":"Kj\u00f8p morfinsulfat p\u00e5 nett"}]},{"@type":"WebSite","@id":"https:\/\/gooddealersmeds.com\/no\/#website","url":"https:\/\/gooddealersmeds.com\/no\/","name":"Good Dealers Meds","description":"All our best","publisher":{"@id":"https:\/\/gooddealersmeds.com\/no\/#organization"},"potentialAction":[{"@type":"SearchAction","target":{"@type":"EntryPoint","urlTemplate":"https:\/\/gooddealersmeds.com\/no\/?s={search_term_string}"},"query-input":{"@type":"PropertyValueSpecification","valueRequired":true,"valueName":"search_term_string"}}],"inLanguage":"en-US"},{"@type":"Organization","@id":"https:\/\/gooddealersmeds.com\/no\/#organization","name":"Good Dealers Meds","url":"https:\/\/gooddealersmeds.com\/no\/","logo":{"@type":"ImageObject","inLanguage":"en-US","@id":"https:\/\/gooddealersmeds.com\/no\/#\/schema\/logo\/image\/","url":"https:\/\/gooddealersmeds.com\/no\/wp-content\/uploads\/sites\/8\/2022\/03\/gooddealersmeds__logo__20220317T222800Z.00.png","contentUrl":"https:\/\/gooddealersmeds.com\/no\/wp-content\/uploads\/sites\/8\/2022\/03\/gooddealersmeds__logo__20220317T222800Z.00.png","width":500,"height":325,"caption":"Good Dealers Meds"},"image":{"@id":"https:\/\/gooddealersmeds.com\/no\/#\/schema\/logo\/image\/"}}]}},"_links":{"self":[{"href":"https:\/\/gooddealersmeds.com\/no\/wp-json\/wp\/v2\/product\/1718","targetHints":{"allow":["GET"]}}],"collection":[{"href":"https:\/\/gooddealersmeds.com\/no\/wp-json\/wp\/v2\/product"}],"about":[{"href":"https:\/\/gooddealersmeds.com\/no\/wp-json\/wp\/v2\/types\/product"}],"replies":[{"embeddable":true,"href":"https:\/\/gooddealersmeds.com\/no\/wp-json\/wp\/v2\/comments?post=1718"}],"wp:featuredmedia":[{"embeddable":true,"href":"https:\/\/gooddealersmeds.com\/no\/wp-json\/wp\/v2\/media\/1727"}],"wp:attachment":[{"href":"https:\/\/gooddealersmeds.com\/no\/wp-json\/wp\/v2\/media?parent=1718"}],"wp:term":[{"taxonomy":"product_brand","embeddable":true,"href":"https:\/\/gooddealersmeds.com\/no\/wp-json\/wp\/v2\/product_brand?post=1718"},{"taxonomy":"product_cat","embeddable":true,"href":"https:\/\/gooddealersmeds.com\/no\/wp-json\/wp\/v2\/product_cat?post=1718"},{"taxonomy":"product_tag","embeddable":true,"href":"https:\/\/gooddealersmeds.com\/no\/wp-json\/wp\/v2\/product_tag?post=1718"}],"curies":[{"name":"wp","href":"https:\/\/api.w.org\/{rel}","templated":true}]}}