{"id":1715,"date":"2022-03-19T01:50:06","date_gmt":"2022-03-19T01:50:06","guid":{"rendered":"https:\/\/gooddealersmeds.com\/no\/?post_type=product&#038;p=1715"},"modified":"2022-10-03T21:26:58","modified_gmt":"2022-10-03T21:26:58","slug":"kjop-fentanyl-injeksjoner-online","status":"publish","type":"product","link":"https:\/\/gooddealersmeds.com\/no\/product\/kjop-fentanyl-injeksjoner-online\/","title":{"rendered":"Kj\u00f8p fentanylinjeksjoner p\u00e5 nett"},"content":{"rendered":"<h1><strong>Fentanylinjeksjon<\/strong><\/h1>\n<p>Injeksjoner med fentanyl brukes til \u00e5 behandle ekstrem smerte under og etter operasjonen. Det kan ogs\u00e5 tas sammen med andre medisiner rett f\u00f8r eller under operasjonen for \u00e5 \u00f8ke effektiviteten til bed\u00f8velsen (et bed\u00f8vende middel). Kj\u00f8p fentanyl-injeksjon p\u00e5 nettet<\/p>\n<p>&nbsp;<\/p>\n<p>Fentanyl er medlem av klassen medikamenter kjent som narkotiske smertestillende midler (smertemedisiner). Fentanyl er et potent opioidanalgetikum. Det virker for \u00e5 redusere smerte ved \u00e5 virke p\u00e5 hjernen eller sentralnervesystemet (CNS). CNS er ogs\u00e5 ansvarlig for flere av dens bivirkninger, inkludert s\u00f8vnighet og svimmelhet. fentanylinjeksjon til salgs &#8211; Fordelene med fentanylinjeksjon m\u00e5 vurderes opp mot farene n\u00e5r man bestemmer om den skal brukes. Dette er noe du og legen din vil bestemme.<\/p>\n<p>Fentanyl kan brukes til \u00e5 behandle alvorlig smerte. Det administreres n\u00e5r andre smertestillende midler er ineffektive eller ut\u00e5lelige. Den virker ved \u00e5 hindre hjernens mottak av smerte. Det er medlem av opioidklassen av legemidler.<\/p>\n<p>&nbsp;<\/p>\n<p>Denne medisinen kan ogs\u00e5 brukes til andre ting. Ta aldri mer medisin enn det som er anbefalt. Hvis du har pustevansker eller f\u00f8ler deg uvanlig svak eller s\u00f8vnig, ring umiddelbart etter n\u00f8dhjelp. Fentanylinjeksjon kan v\u00e6re d\u00e5rlig for deg hvis du noen gang har opplevd allergiske reaksjoner p\u00e5 fentanyl eller andre medisiner eller hvis du har pusteproblemer som astma eller en eksisterende lungetilstand. Du b\u00f8r unng\u00e5 fentanyl hvis du pr\u00f8ver \u00e5 bli gravid eller hvis du er gravid eller ammer. Det har v\u00e6rt relatert til flere problemer for babyen din i de tidlige stadiene av svangerskapet. Det er en sjanse for at hvis du bruker fentanyl mot slutten av svangerskapet, vil det uf\u00f8dte barnet ditt utvikle fentanylavhengighet eller oppleve abstinenssymptomer. Det er imidlertid viktig \u00e5 h\u00e5ndtere svangerskapsrelaterte smerter. Fentanyl kan v\u00e6re den beste l\u00f8sningen for enkelte gravide kvinner som har alvorlig ubehag. Den beste personen til \u00e5 veilede deg i \u00e5 ta det beste valget for deg og ditt uf\u00f8dte barn er legen din.<\/p>\n<p>&nbsp;<\/p>\n<p>Selv om du mener at den anbefalte dosen ikke er nok til \u00e5 behandle smerte, <a href=\"https:\/\/gooddealersmeds.com\/no\/product\/buy-fentanyl-injections-online\/\">bestill fentanylinjeksjon p\u00e5 nett<\/a>, det er viktig \u00e5 f\u00f8lge veiledningen n\u00f8yaktig. Hvis du tror du trenger en annen dose, kontakt legen din f\u00f8rst. For mye fentanyl kan v\u00e6re farlig. Mengden som kan for\u00e5rsake en overdose er forskjellig fra person til person. Akkurat som andre opioider, kan fentanyl-injeksjoner v\u00e6re vanedannende hvis man ikke er forsiktig.<\/p>\n","protected":false},"excerpt":{"rendered":"<p>Fentanyl Citrate Injection, USP er en steril, ikke-pyrogen, konserveringsmiddelfri vandig l\u00f8sning for intraven\u00f8s eller<br \/> intramuskul\u00e6r injeksjon<\/p>\n","protected":false},"featured_media":1725,"comment_status":"open","ping_status":"closed","template":"","meta":{"inline_featured_image":false},"product_brand":[],"product_cat":[347],"product_tag":[105,292,296,293,287,291,286,290,295,288,294,97,284,289,107,285,108,110,109,106,104],"class_list":{"0":"post-1715","1":"product","2":"type-product","3":"status-publish","4":"has-post-thumbnail","6":"product_cat-opioid-smertestillende","7":"product_tag-canada","8":"product_tag-du-kan-fortsatt-f-fentanyl-injeksjoner","9":"product_tag-er-fentanyl-injeksjoner-lovlig-i-canada","10":"product_tag-er-fentanyl-injeksjoner-lovlig-i-usa","11":"product_tag-fentanyl-injeksjoner-til-salg","12":"product_tag-fentanyl-injeksjoner-til-salg-i-usa","13":"product_tag-hvor-kan-kjpes-fentanyl-injeksjoner","14":"product_tag-hvor-kan-kjpes-fentanyl-injeksjoner-online","15":"product_tag-hvordan-bestille-fentanyl-injeksjoner","16":"product_tag-injeksjoner-til-salg","17":"product_tag-kjp-fentanyl-injeksjoner-online-usa","18":"product_tag-kjp-fentanyl-online","19":"product_tag-kjp-fentanyl-injeksjoner-online-kjp-injeksjoner","20":"product_tag-kjp-injeksjoner-online","21":"product_tag-kjpe","22":"product_tag-kjpe-fentanyl-injeksjoner","23":"product_tag-p-nett","24":"product_tag-sikker-levering","25":"product_tag-suppliers","26":"product_tag-uk","27":"product_tag-usa","28":"pa_milliliters-100-ml","29":"pa_milliliters-250-ml","30":"pa_milliliters-50-ml","31":"pa_milliliters-500-ml","33":"first","34":"instock","35":"featured","36":"shipping-taxable","37":"purchasable","38":"product-type-variable","39":"has-default-attributes"},"yoast_head":"<!-- This site is optimized with the Yoast SEO Premium plugin v20.6 (Yoast SEO v27.3) - https:\/\/yoast.com\/product\/yoast-seo-premium-wordpress\/ -->\n<title>Kj\u00f8p fentanylinjeksjon p\u00e5 nett - bestill fentanylinjeksjon | Good Dealers Meds<\/title>\n<meta name=\"description\" content=\"Kj\u00f8p fentanylinjeksjon online, USP er en steril, ikke-pyrogen, konserveringsmiddelfri vandig l\u00f8sning for intraven\u00f8s eller intramuskul\u00e6r injeksjon\" \/>\n<meta name=\"robots\" content=\"index, follow, max-snippet:-1, max-image-preview:large, max-video-preview:-1\" \/>\n<link rel=\"canonical\" href=\"https:\/\/gooddealersmeds.com\/no\/product\/kjop-fentanyl-injeksjoner-online\/\" \/>\n<meta property=\"og:locale\" content=\"en_US\" \/>\n<meta property=\"og:type\" content=\"article\" \/>\n<meta property=\"og:title\" content=\"Kj\u00f8p fentanylinjeksjoner p\u00e5 nett\" \/>\n<meta property=\"og:description\" content=\"Kj\u00f8p fentanylinjeksjon online, USP er en steril, ikke-pyrogen, konserveringsmiddelfri vandig l\u00f8sning for intraven\u00f8s eller intramuskul\u00e6r injeksjon\" \/>\n<meta property=\"og:url\" content=\"https:\/\/gooddealersmeds.com\/no\/product\/kjop-fentanyl-injeksjoner-online\/\" \/>\n<meta property=\"og:site_name\" content=\"Good Dealers Meds\" \/>\n<meta property=\"article:modified_time\" content=\"2022-10-03T21:26:58+00:00\" \/>\n<meta property=\"og:image\" content=\"https:\/\/gooddealersmeds.com\/no\/wp-content\/uploads\/sites\/8\/2022\/03\/buy-fentanyl-injections-online.jpg\" \/>\n\t<meta property=\"og:image:width\" content=\"600\" \/>\n\t<meta property=\"og:image:height\" content=\"600\" \/>\n\t<meta property=\"og:image:type\" content=\"image\/jpeg\" \/>\n<meta name=\"twitter:card\" content=\"summary_large_image\" \/>\n<meta name=\"twitter:label1\" content=\"Est. reading time\" \/>\n\t<meta name=\"twitter:data1\" content=\"2 minutes\" \/>\n<script type=\"application\/ld+json\" class=\"yoast-schema-graph\">{\"@context\":\"https:\\\/\\\/schema.org\",\"@graph\":[{\"@type\":\"WebPage\",\"@id\":\"https:\\\/\\\/gooddealersmeds.com\\\/no\\\/product\\\/kjop-fentanyl-injeksjoner-online\\\/\",\"url\":\"https:\\\/\\\/gooddealersmeds.com\\\/no\\\/product\\\/kjop-fentanyl-injeksjoner-online\\\/\",\"name\":\"Kj\u00f8p fentanylinjeksjon p\u00e5 nett - bestill fentanylinjeksjon | Good Dealers Meds\",\"isPartOf\":{\"@id\":\"https:\\\/\\\/gooddealersmeds.com\\\/no\\\/#website\"},\"primaryImageOfPage\":{\"@id\":\"https:\\\/\\\/gooddealersmeds.com\\\/no\\\/product\\\/kjop-fentanyl-injeksjoner-online\\\/#primaryimage\"},\"image\":{\"@id\":\"https:\\\/\\\/gooddealersmeds.com\\\/no\\\/product\\\/kjop-fentanyl-injeksjoner-online\\\/#primaryimage\"},\"thumbnailUrl\":\"https:\\\/\\\/gooddealersmeds.com\\\/no\\\/wp-content\\\/uploads\\\/sites\\\/8\\\/2022\\\/03\\\/buy-fentanyl-injections-online.jpg\",\"datePublished\":\"2022-03-19T01:50:06+00:00\",\"dateModified\":\"2022-10-03T21:26:58+00:00\",\"description\":\"Kj\u00f8p fentanylinjeksjon online, USP er en steril, ikke-pyrogen, konserveringsmiddelfri vandig l\u00f8sning for intraven\u00f8s eller intramuskul\u00e6r injeksjon\",\"breadcrumb\":{\"@id\":\"https:\\\/\\\/gooddealersmeds.com\\\/no\\\/product\\\/kjop-fentanyl-injeksjoner-online\\\/#breadcrumb\"},\"inLanguage\":\"en-US\",\"potentialAction\":[{\"@type\":\"ReadAction\",\"target\":[\"https:\\\/\\\/gooddealersmeds.com\\\/no\\\/product\\\/kjop-fentanyl-injeksjoner-online\\\/\"]}]},{\"@type\":\"ImageObject\",\"inLanguage\":\"en-US\",\"@id\":\"https:\\\/\\\/gooddealersmeds.com\\\/no\\\/product\\\/kjop-fentanyl-injeksjoner-online\\\/#primaryimage\",\"url\":\"https:\\\/\\\/gooddealersmeds.com\\\/no\\\/wp-content\\\/uploads\\\/sites\\\/8\\\/2022\\\/03\\\/buy-fentanyl-injections-online.jpg\",\"contentUrl\":\"https:\\\/\\\/gooddealersmeds.com\\\/no\\\/wp-content\\\/uploads\\\/sites\\\/8\\\/2022\\\/03\\\/buy-fentanyl-injections-online.jpg\",\"width\":600,\"height\":600,\"caption\":\"Buy fentanyl Injections Online\"},{\"@type\":\"BreadcrumbList\",\"@id\":\"https:\\\/\\\/gooddealersmeds.com\\\/no\\\/product\\\/kjop-fentanyl-injeksjoner-online\\\/#breadcrumb\",\"itemListElement\":[{\"@type\":\"ListItem\",\"position\":1,\"name\":\"Home\",\"item\":\"https:\\\/\\\/gooddealersmeds.com\\\/no\\\/\"},{\"@type\":\"ListItem\",\"position\":2,\"name\":\"Produkter\",\"item\":\"https:\\\/\\\/gooddealersmeds.com\\\/no\\\/produkter\\\/\"},{\"@type\":\"ListItem\",\"position\":3,\"name\":\"Kj\u00f8p fentanylinjeksjoner p\u00e5 nett\"}]},{\"@type\":\"WebSite\",\"@id\":\"https:\\\/\\\/gooddealersmeds.com\\\/no\\\/#website\",\"url\":\"https:\\\/\\\/gooddealersmeds.com\\\/no\\\/\",\"name\":\"Good Dealers Meds\",\"description\":\"All our best\",\"publisher\":{\"@id\":\"https:\\\/\\\/gooddealersmeds.com\\\/no\\\/#organization\"},\"potentialAction\":[{\"@type\":\"SearchAction\",\"target\":{\"@type\":\"EntryPoint\",\"urlTemplate\":\"https:\\\/\\\/gooddealersmeds.com\\\/no\\\/?s={search_term_string}\"},\"query-input\":{\"@type\":\"PropertyValueSpecification\",\"valueRequired\":true,\"valueName\":\"search_term_string\"}}],\"inLanguage\":\"en-US\"},{\"@type\":\"Organization\",\"@id\":\"https:\\\/\\\/gooddealersmeds.com\\\/no\\\/#organization\",\"name\":\"Good Dealers Meds\",\"url\":\"https:\\\/\\\/gooddealersmeds.com\\\/no\\\/\",\"logo\":{\"@type\":\"ImageObject\",\"inLanguage\":\"en-US\",\"@id\":\"https:\\\/\\\/gooddealersmeds.com\\\/no\\\/#\\\/schema\\\/logo\\\/image\\\/\",\"url\":\"https:\\\/\\\/gooddealersmeds.com\\\/no\\\/wp-content\\\/uploads\\\/sites\\\/8\\\/2022\\\/03\\\/gooddealersmeds__logo__20220317T222800Z.00.png\",\"contentUrl\":\"https:\\\/\\\/gooddealersmeds.com\\\/no\\\/wp-content\\\/uploads\\\/sites\\\/8\\\/2022\\\/03\\\/gooddealersmeds__logo__20220317T222800Z.00.png\",\"width\":500,\"height\":325,\"caption\":\"Good Dealers Meds\"},\"image\":{\"@id\":\"https:\\\/\\\/gooddealersmeds.com\\\/no\\\/#\\\/schema\\\/logo\\\/image\\\/\"}}]}<\/script>\n<!-- \/ Yoast SEO Premium plugin. -->","yoast_head_json":{"title":"Kj\u00f8p fentanylinjeksjon p\u00e5 nett - bestill fentanylinjeksjon | Good Dealers Meds","description":"Kj\u00f8p fentanylinjeksjon online, USP er en steril, ikke-pyrogen, konserveringsmiddelfri vandig l\u00f8sning for intraven\u00f8s eller intramuskul\u00e6r injeksjon","robots":{"index":"index","follow":"follow","max-snippet":"max-snippet:-1","max-image-preview":"max-image-preview:large","max-video-preview":"max-video-preview:-1"},"canonical":"https:\/\/gooddealersmeds.com\/no\/product\/kjop-fentanyl-injeksjoner-online\/","og_locale":"en_US","og_type":"article","og_title":"Kj\u00f8p fentanylinjeksjoner p\u00e5 nett","og_description":"Kj\u00f8p fentanylinjeksjon online, USP er en steril, ikke-pyrogen, konserveringsmiddelfri vandig l\u00f8sning for intraven\u00f8s eller intramuskul\u00e6r injeksjon","og_url":"https:\/\/gooddealersmeds.com\/no\/product\/kjop-fentanyl-injeksjoner-online\/","og_site_name":"Good Dealers Meds","article_modified_time":"2022-10-03T21:26:58+00:00","og_image":[{"width":600,"height":600,"url":"https:\/\/gooddealersmeds.com\/no\/wp-content\/uploads\/sites\/8\/2022\/03\/buy-fentanyl-injections-online.jpg","type":"image\/jpeg"}],"twitter_card":"summary_large_image","twitter_misc":{"Est. reading time":"2 minutes"},"schema":{"@context":"https:\/\/schema.org","@graph":[{"@type":"WebPage","@id":"https:\/\/gooddealersmeds.com\/no\/product\/kjop-fentanyl-injeksjoner-online\/","url":"https:\/\/gooddealersmeds.com\/no\/product\/kjop-fentanyl-injeksjoner-online\/","name":"Kj\u00f8p fentanylinjeksjon p\u00e5 nett - bestill fentanylinjeksjon | Good Dealers Meds","isPartOf":{"@id":"https:\/\/gooddealersmeds.com\/no\/#website"},"primaryImageOfPage":{"@id":"https:\/\/gooddealersmeds.com\/no\/product\/kjop-fentanyl-injeksjoner-online\/#primaryimage"},"image":{"@id":"https:\/\/gooddealersmeds.com\/no\/product\/kjop-fentanyl-injeksjoner-online\/#primaryimage"},"thumbnailUrl":"https:\/\/gooddealersmeds.com\/no\/wp-content\/uploads\/sites\/8\/2022\/03\/buy-fentanyl-injections-online.jpg","datePublished":"2022-03-19T01:50:06+00:00","dateModified":"2022-10-03T21:26:58+00:00","description":"Kj\u00f8p fentanylinjeksjon online, USP er en steril, ikke-pyrogen, konserveringsmiddelfri vandig l\u00f8sning for intraven\u00f8s eller intramuskul\u00e6r injeksjon","breadcrumb":{"@id":"https:\/\/gooddealersmeds.com\/no\/product\/kjop-fentanyl-injeksjoner-online\/#breadcrumb"},"inLanguage":"en-US","potentialAction":[{"@type":"ReadAction","target":["https:\/\/gooddealersmeds.com\/no\/product\/kjop-fentanyl-injeksjoner-online\/"]}]},{"@type":"ImageObject","inLanguage":"en-US","@id":"https:\/\/gooddealersmeds.com\/no\/product\/kjop-fentanyl-injeksjoner-online\/#primaryimage","url":"https:\/\/gooddealersmeds.com\/no\/wp-content\/uploads\/sites\/8\/2022\/03\/buy-fentanyl-injections-online.jpg","contentUrl":"https:\/\/gooddealersmeds.com\/no\/wp-content\/uploads\/sites\/8\/2022\/03\/buy-fentanyl-injections-online.jpg","width":600,"height":600,"caption":"Buy fentanyl Injections Online"},{"@type":"BreadcrumbList","@id":"https:\/\/gooddealersmeds.com\/no\/product\/kjop-fentanyl-injeksjoner-online\/#breadcrumb","itemListElement":[{"@type":"ListItem","position":1,"name":"Home","item":"https:\/\/gooddealersmeds.com\/no\/"},{"@type":"ListItem","position":2,"name":"Produkter","item":"https:\/\/gooddealersmeds.com\/no\/produkter\/"},{"@type":"ListItem","position":3,"name":"Kj\u00f8p fentanylinjeksjoner p\u00e5 nett"}]},{"@type":"WebSite","@id":"https:\/\/gooddealersmeds.com\/no\/#website","url":"https:\/\/gooddealersmeds.com\/no\/","name":"Good Dealers Meds","description":"All our best","publisher":{"@id":"https:\/\/gooddealersmeds.com\/no\/#organization"},"potentialAction":[{"@type":"SearchAction","target":{"@type":"EntryPoint","urlTemplate":"https:\/\/gooddealersmeds.com\/no\/?s={search_term_string}"},"query-input":{"@type":"PropertyValueSpecification","valueRequired":true,"valueName":"search_term_string"}}],"inLanguage":"en-US"},{"@type":"Organization","@id":"https:\/\/gooddealersmeds.com\/no\/#organization","name":"Good Dealers Meds","url":"https:\/\/gooddealersmeds.com\/no\/","logo":{"@type":"ImageObject","inLanguage":"en-US","@id":"https:\/\/gooddealersmeds.com\/no\/#\/schema\/logo\/image\/","url":"https:\/\/gooddealersmeds.com\/no\/wp-content\/uploads\/sites\/8\/2022\/03\/gooddealersmeds__logo__20220317T222800Z.00.png","contentUrl":"https:\/\/gooddealersmeds.com\/no\/wp-content\/uploads\/sites\/8\/2022\/03\/gooddealersmeds__logo__20220317T222800Z.00.png","width":500,"height":325,"caption":"Good Dealers Meds"},"image":{"@id":"https:\/\/gooddealersmeds.com\/no\/#\/schema\/logo\/image\/"}}]}},"_links":{"self":[{"href":"https:\/\/gooddealersmeds.com\/no\/wp-json\/wp\/v2\/product\/1715","targetHints":{"allow":["GET"]}}],"collection":[{"href":"https:\/\/gooddealersmeds.com\/no\/wp-json\/wp\/v2\/product"}],"about":[{"href":"https:\/\/gooddealersmeds.com\/no\/wp-json\/wp\/v2\/types\/product"}],"replies":[{"embeddable":true,"href":"https:\/\/gooddealersmeds.com\/no\/wp-json\/wp\/v2\/comments?post=1715"}],"wp:featuredmedia":[{"embeddable":true,"href":"https:\/\/gooddealersmeds.com\/no\/wp-json\/wp\/v2\/media\/1725"}],"wp:attachment":[{"href":"https:\/\/gooddealersmeds.com\/no\/wp-json\/wp\/v2\/media?parent=1715"}],"wp:term":[{"taxonomy":"product_brand","embeddable":true,"href":"https:\/\/gooddealersmeds.com\/no\/wp-json\/wp\/v2\/product_brand?post=1715"},{"taxonomy":"product_cat","embeddable":true,"href":"https:\/\/gooddealersmeds.com\/no\/wp-json\/wp\/v2\/product_cat?post=1715"},{"taxonomy":"product_tag","embeddable":true,"href":"https:\/\/gooddealersmeds.com\/no\/wp-json\/wp\/v2\/product_tag?post=1715"}],"curies":[{"name":"wp","href":"https:\/\/api.w.org\/{rel}","templated":true}]}}