{"id":1701,"date":"2022-03-19T01:31:58","date_gmt":"2022-03-19T01:31:58","guid":{"rendered":"https:\/\/gooddealersmeds.com\/no\/?post_type=product&#038;p=1701"},"modified":"2022-10-03T21:27:07","modified_gmt":"2022-10-03T21:27:07","slug":"kjop-ketamin-vaeske-pa-nettet","status":"publish","type":"product","link":"https:\/\/gooddealersmeds.com\/no\/product\/kjop-ketamin-vaeske-pa-nettet\/","title":{"rendered":"Kj\u00f8p ketamin v\u00e6ske p\u00e5 nett"},"content":{"rendered":"<p>Kj\u00f8p ketaminv\u00e6ske p\u00e5 nettet uten problemer og ingen skjulte avgifter hos industrikjemikalier p\u00e5 nettet. Ketamin er et unikt medikament, og folk har flippet ut, blitt skadet, ranet eller famlet fordi de ikke var klar over ketamins &#8220;disassosiative&#8221; egenskaper.<\/p>\n<p>Ketamin kan for\u00e5rsake uvirkelighetsopplevelser, s\u00e5 vel som visuelle og sensoriske forvrengninger, en forvrengt f\u00f8lelse av ens egen kropp, midlertidig merkelige tanker og overbevisninger, og oppstemthet eller surr.<\/p>\n<p>Selv om ketamin bare varer i 15-40 minutter, fjerner det bevisstheten fra kroppen, og gj\u00f8r den ikke i stand til \u00e5 f\u00f8le eller kontrollere kroppen din med sikkerhet. \u00c5 g\u00e5, l\u00f8pe eller i det hele tatt bevege seg kan v\u00e6re umulig, noe som kan v\u00e6re skadelig hvis du plutselig befinner deg i en farlig situasjon.<\/p>\n<p>Dissosiative medikamenter kan for\u00e5rsake forvrengning av syn, farge, lyd, selv og milj\u00f8. Ketamin kommer som en klar v\u00e6ske eller off-white pulver for intraven\u00f8s injeksjon eller nesespray.<\/p>\n<p>Hvorfor brukes ketamin medisinsk? Ketamin kan lindre smerte og for\u00e5rsake kortsiktig hukommelsestap (for eksempel hukommelsestap ved en medisinsk prosedyre).<\/p>\n<ul>\n<li><a href=\"https:\/\/gooddealersmeds.com\/no\/product\/buy -ketamine-liquid-online\/\">Ketamin<\/a>, gjennom blokkering ved N-metyl-D-aspartat (NMDA)-stedet, har rask handling for \u00e5 redusere symptomer p\u00e5 depresjon og akutte selvmordstanker.<\/li>\n<li>I kirurgi brukes det et induksjons- og vedlikeholdsmiddel for sedasjon og for \u00e5 gi generell anestesi.<\/li>\n<li>Det har ogs\u00e5 blitt brukt til smertekontroll ved branns\u00e5rbehandling, slagmarkskader og hos barn som ikke kan bruke andre anestesimidler. p\u00e5 grunn av bivirkninger eller allergier.<\/li>\n<\/ul>\n<p>Fordi store bivirkninger, som uregelmessig hjerterytme, kan oppst\u00e5, b\u00f8r amiodaron eller droxidopa brukes. Dette er ikke en utt\u00f8mmende liste over alle mulige interaksjoner. Sp\u00f8r legen din om ketamin kan forstyrre andre medisiner du tar. R\u00e5df\u00f8r deg med helsepersonell f\u00f8r du begynner eller slutter.<\/p>\n<p>Kj\u00f8p ketaminv\u00e6ske online fra <a href=\"https:\/\/gooddealersmeds.com\/no\">gooddealersmeds.com\/no<\/a>. Beste tilbud! Tilgjengelig ketaminpulver med h\u00f8y renhet og v\u00e6ske til injeksjon. Ingen resept n\u00f8dvendig. Diskret emballasje. Gratis levering over hele verden.<\/p>\n","protected":false},"excerpt":{"rendered":"<p>FLYTENDE KETAMIN TIL SALG er et bed\u00f8velsesmiddel, ketamin er faktisk en spesiell type bed\u00f8velse kjent som et dissosiativt bed\u00f8velsesmiddel.<\/p>\n","protected":false},"featured_media":1866,"comment_status":"open","ping_status":"closed","template":"","meta":{"inline_featured_image":false},"product_brand":[],"product_cat":[347],"product_tag":[278,267,264,265,266,268,269,270,271,272,273,274,275,276,277,279,280,281,282,283],"class_list":{"0":"post-1701","1":"product","2":"type-product","3":"status-publish","4":"has-post-thumbnail","6":"product_cat-opioid-smertestillende","7":"product_tag-hylle-pil","8":"product_tag-gymnopilus-gul","9":"product_tag-gymnopilus-aeruginosus","10":"product_tag-gymnopilus-luteofolius","11":"product_tag-gymnopilus-luteoviridis","12":"product_tag-gymnopilus-purpuratus","13":"product_tag-gymnopilus-viridans","14":"product_tag-inocybe-aeruginascens","15":"product_tag-latter-gym","16":"product_tag-mycena-cyanorrhiza","17":"product_tag-panaeolus-belte","18":"product_tag-panaeolus-cyanescens","19":"product_tag-pholiotina-cyanopus","20":"product_tag-pholiotina-smithii","21":"product_tag-pluteus-nigroviridis","22":"product_tag-pluteus-villosus","23":"product_tag-psilocybe-allenii","24":"product_tag-psilocybe-azurescens","25":"product_tag-psilocybe-mexicana","26":"product_tag-psilocybe-subaeruginosa","27":"pa_milliliters-100-ml","28":"pa_milliliters-250-ml","29":"pa_milliliters-50-ml","30":"pa_milliliters-500-ml","32":"first","33":"instock","34":"featured","35":"shipping-taxable","36":"purchasable","37":"product-type-variable","38":"has-default-attributes"},"yoast_head":"<!-- This site is optimized with the Yoast SEO Premium plugin v20.6 (Yoast SEO v27.4) - https:\/\/yoast.com\/product\/yoast-seo-premium-wordpress\/ -->\n<title>Kj\u00f8p ketamin v\u00e6ske p\u00e5 nett - ketamin til salgs | Gode \u200b\u200bforhandlere medisiner<\/title>\n<meta name=\"description\" content=\"Kj\u00f8p ketaminv\u00e6ske p\u00e5 nett; faktisk en spesiell type anestesi kjent som en dissosiativ anestesi som resulterer i delvis tap av f\u00f8lelse.\" \/>\n<meta name=\"robots\" content=\"index, follow, max-snippet:-1, max-image-preview:large, max-video-preview:-1\" \/>\n<link rel=\"canonical\" href=\"https:\/\/gooddealersmeds.com\/no\/product\/kjop-ketamin-vaeske-pa-nettet\/\" \/>\n<meta property=\"og:locale\" content=\"en_US\" \/>\n<meta property=\"og:type\" content=\"article\" \/>\n<meta property=\"og:title\" content=\"Kj\u00f8p ketamin v\u00e6ske p\u00e5 nett\" \/>\n<meta property=\"og:description\" content=\"Kj\u00f8p ketaminv\u00e6ske p\u00e5 nett; faktisk en spesiell type anestesi kjent som en dissosiativ anestesi som resulterer i delvis tap av f\u00f8lelse.\" \/>\n<meta property=\"og:url\" content=\"https:\/\/gooddealersmeds.com\/no\/product\/kjop-ketamin-vaeske-pa-nettet\/\" \/>\n<meta property=\"og:site_name\" content=\"Good Dealers Meds\" \/>\n<meta property=\"article:modified_time\" content=\"2022-10-03T21:27:07+00:00\" \/>\n<meta property=\"og:image\" content=\"https:\/\/gooddealersmeds.com\/no\/wp-content\/uploads\/sites\/8\/2022\/03\/page_1_thumb_large.jpg\" \/>\n\t<meta property=\"og:image:width\" content=\"480\" \/>\n\t<meta property=\"og:image:height\" content=\"360\" \/>\n\t<meta property=\"og:image:type\" content=\"image\/jpeg\" \/>\n<meta name=\"twitter:card\" content=\"summary_large_image\" \/>\n<meta name=\"twitter:label1\" content=\"Est. reading time\" \/>\n\t<meta name=\"twitter:data1\" content=\"2 minutes\" \/>\n<script type=\"application\/ld+json\" class=\"yoast-schema-graph\">{\"@context\":\"https:\\\/\\\/schema.org\",\"@graph\":[{\"@type\":\"WebPage\",\"@id\":\"https:\\\/\\\/gooddealersmeds.com\\\/no\\\/product\\\/kjop-ketamin-vaeske-pa-nettet\\\/\",\"url\":\"https:\\\/\\\/gooddealersmeds.com\\\/no\\\/product\\\/kjop-ketamin-vaeske-pa-nettet\\\/\",\"name\":\"Kj\u00f8p ketamin v\u00e6ske p\u00e5 nett - ketamin til salgs | Gode \u200b\u200bforhandlere medisiner\",\"isPartOf\":{\"@id\":\"https:\\\/\\\/gooddealersmeds.com\\\/no\\\/#website\"},\"primaryImageOfPage\":{\"@id\":\"https:\\\/\\\/gooddealersmeds.com\\\/no\\\/product\\\/kjop-ketamin-vaeske-pa-nettet\\\/#primaryimage\"},\"image\":{\"@id\":\"https:\\\/\\\/gooddealersmeds.com\\\/no\\\/product\\\/kjop-ketamin-vaeske-pa-nettet\\\/#primaryimage\"},\"thumbnailUrl\":\"https:\\\/\\\/gooddealersmeds.com\\\/no\\\/wp-content\\\/uploads\\\/sites\\\/8\\\/2022\\\/03\\\/page_1_thumb_large.jpg\",\"datePublished\":\"2022-03-19T01:31:58+00:00\",\"dateModified\":\"2022-10-03T21:27:07+00:00\",\"description\":\"Kj\u00f8p ketaminv\u00e6ske p\u00e5 nett; faktisk en spesiell type anestesi kjent som en dissosiativ anestesi som resulterer i delvis tap av f\u00f8lelse.\",\"breadcrumb\":{\"@id\":\"https:\\\/\\\/gooddealersmeds.com\\\/no\\\/product\\\/kjop-ketamin-vaeske-pa-nettet\\\/#breadcrumb\"},\"inLanguage\":\"en-US\",\"potentialAction\":[{\"@type\":\"ReadAction\",\"target\":[\"https:\\\/\\\/gooddealersmeds.com\\\/no\\\/product\\\/kjop-ketamin-vaeske-pa-nettet\\\/\"]}]},{\"@type\":\"ImageObject\",\"inLanguage\":\"en-US\",\"@id\":\"https:\\\/\\\/gooddealersmeds.com\\\/no\\\/product\\\/kjop-ketamin-vaeske-pa-nettet\\\/#primaryimage\",\"url\":\"https:\\\/\\\/gooddealersmeds.com\\\/no\\\/wp-content\\\/uploads\\\/sites\\\/8\\\/2022\\\/03\\\/page_1_thumb_large.jpg\",\"contentUrl\":\"https:\\\/\\\/gooddealersmeds.com\\\/no\\\/wp-content\\\/uploads\\\/sites\\\/8\\\/2022\\\/03\\\/page_1_thumb_large.jpg\",\"width\":480,\"height\":360,\"caption\":\"Buy Ketamine Liquid Online\"},{\"@type\":\"BreadcrumbList\",\"@id\":\"https:\\\/\\\/gooddealersmeds.com\\\/no\\\/product\\\/kjop-ketamin-vaeske-pa-nettet\\\/#breadcrumb\",\"itemListElement\":[{\"@type\":\"ListItem\",\"position\":1,\"name\":\"Home\",\"item\":\"https:\\\/\\\/gooddealersmeds.com\\\/no\\\/\"},{\"@type\":\"ListItem\",\"position\":2,\"name\":\"Produkter\",\"item\":\"https:\\\/\\\/gooddealersmeds.com\\\/no\\\/produkter\\\/\"},{\"@type\":\"ListItem\",\"position\":3,\"name\":\"Kj\u00f8p ketamin v\u00e6ske p\u00e5 nett\"}]},{\"@type\":\"WebSite\",\"@id\":\"https:\\\/\\\/gooddealersmeds.com\\\/no\\\/#website\",\"url\":\"https:\\\/\\\/gooddealersmeds.com\\\/no\\\/\",\"name\":\"Good Dealers Meds\",\"description\":\"All our best\",\"publisher\":{\"@id\":\"https:\\\/\\\/gooddealersmeds.com\\\/no\\\/#organization\"},\"potentialAction\":[{\"@type\":\"SearchAction\",\"target\":{\"@type\":\"EntryPoint\",\"urlTemplate\":\"https:\\\/\\\/gooddealersmeds.com\\\/no\\\/?s={search_term_string}\"},\"query-input\":{\"@type\":\"PropertyValueSpecification\",\"valueRequired\":true,\"valueName\":\"search_term_string\"}}],\"inLanguage\":\"en-US\"},{\"@type\":\"Organization\",\"@id\":\"https:\\\/\\\/gooddealersmeds.com\\\/no\\\/#organization\",\"name\":\"Good Dealers Meds\",\"url\":\"https:\\\/\\\/gooddealersmeds.com\\\/no\\\/\",\"logo\":{\"@type\":\"ImageObject\",\"inLanguage\":\"en-US\",\"@id\":\"https:\\\/\\\/gooddealersmeds.com\\\/no\\\/#\\\/schema\\\/logo\\\/image\\\/\",\"url\":\"https:\\\/\\\/gooddealersmeds.com\\\/no\\\/wp-content\\\/uploads\\\/sites\\\/8\\\/2022\\\/03\\\/gooddealersmeds__logo__20220317T222800Z.00.png\",\"contentUrl\":\"https:\\\/\\\/gooddealersmeds.com\\\/no\\\/wp-content\\\/uploads\\\/sites\\\/8\\\/2022\\\/03\\\/gooddealersmeds__logo__20220317T222800Z.00.png\",\"width\":500,\"height\":325,\"caption\":\"Good Dealers Meds\"},\"image\":{\"@id\":\"https:\\\/\\\/gooddealersmeds.com\\\/no\\\/#\\\/schema\\\/logo\\\/image\\\/\"}}]}<\/script>\n<!-- \/ Yoast SEO Premium plugin. -->","yoast_head_json":{"title":"Kj\u00f8p ketamin v\u00e6ske p\u00e5 nett - ketamin til salgs | Gode \u200b\u200bforhandlere medisiner","description":"Kj\u00f8p ketaminv\u00e6ske p\u00e5 nett; faktisk en spesiell type anestesi kjent som en dissosiativ anestesi som resulterer i delvis tap av f\u00f8lelse.","robots":{"index":"index","follow":"follow","max-snippet":"max-snippet:-1","max-image-preview":"max-image-preview:large","max-video-preview":"max-video-preview:-1"},"canonical":"https:\/\/gooddealersmeds.com\/no\/product\/kjop-ketamin-vaeske-pa-nettet\/","og_locale":"en_US","og_type":"article","og_title":"Kj\u00f8p ketamin v\u00e6ske p\u00e5 nett","og_description":"Kj\u00f8p ketaminv\u00e6ske p\u00e5 nett; faktisk en spesiell type anestesi kjent som en dissosiativ anestesi som resulterer i delvis tap av f\u00f8lelse.","og_url":"https:\/\/gooddealersmeds.com\/no\/product\/kjop-ketamin-vaeske-pa-nettet\/","og_site_name":"Good Dealers Meds","article_modified_time":"2022-10-03T21:27:07+00:00","og_image":[{"width":480,"height":360,"url":"https:\/\/gooddealersmeds.com\/no\/wp-content\/uploads\/sites\/8\/2022\/03\/page_1_thumb_large.jpg","type":"image\/jpeg"}],"twitter_card":"summary_large_image","twitter_misc":{"Est. reading time":"2 minutes"},"schema":{"@context":"https:\/\/schema.org","@graph":[{"@type":"WebPage","@id":"https:\/\/gooddealersmeds.com\/no\/product\/kjop-ketamin-vaeske-pa-nettet\/","url":"https:\/\/gooddealersmeds.com\/no\/product\/kjop-ketamin-vaeske-pa-nettet\/","name":"Kj\u00f8p ketamin v\u00e6ske p\u00e5 nett - ketamin til salgs | Gode \u200b\u200bforhandlere medisiner","isPartOf":{"@id":"https:\/\/gooddealersmeds.com\/no\/#website"},"primaryImageOfPage":{"@id":"https:\/\/gooddealersmeds.com\/no\/product\/kjop-ketamin-vaeske-pa-nettet\/#primaryimage"},"image":{"@id":"https:\/\/gooddealersmeds.com\/no\/product\/kjop-ketamin-vaeske-pa-nettet\/#primaryimage"},"thumbnailUrl":"https:\/\/gooddealersmeds.com\/no\/wp-content\/uploads\/sites\/8\/2022\/03\/page_1_thumb_large.jpg","datePublished":"2022-03-19T01:31:58+00:00","dateModified":"2022-10-03T21:27:07+00:00","description":"Kj\u00f8p ketaminv\u00e6ske p\u00e5 nett; faktisk en spesiell type anestesi kjent som en dissosiativ anestesi som resulterer i delvis tap av f\u00f8lelse.","breadcrumb":{"@id":"https:\/\/gooddealersmeds.com\/no\/product\/kjop-ketamin-vaeske-pa-nettet\/#breadcrumb"},"inLanguage":"en-US","potentialAction":[{"@type":"ReadAction","target":["https:\/\/gooddealersmeds.com\/no\/product\/kjop-ketamin-vaeske-pa-nettet\/"]}]},{"@type":"ImageObject","inLanguage":"en-US","@id":"https:\/\/gooddealersmeds.com\/no\/product\/kjop-ketamin-vaeske-pa-nettet\/#primaryimage","url":"https:\/\/gooddealersmeds.com\/no\/wp-content\/uploads\/sites\/8\/2022\/03\/page_1_thumb_large.jpg","contentUrl":"https:\/\/gooddealersmeds.com\/no\/wp-content\/uploads\/sites\/8\/2022\/03\/page_1_thumb_large.jpg","width":480,"height":360,"caption":"Buy Ketamine Liquid Online"},{"@type":"BreadcrumbList","@id":"https:\/\/gooddealersmeds.com\/no\/product\/kjop-ketamin-vaeske-pa-nettet\/#breadcrumb","itemListElement":[{"@type":"ListItem","position":1,"name":"Home","item":"https:\/\/gooddealersmeds.com\/no\/"},{"@type":"ListItem","position":2,"name":"Produkter","item":"https:\/\/gooddealersmeds.com\/no\/produkter\/"},{"@type":"ListItem","position":3,"name":"Kj\u00f8p ketamin v\u00e6ske p\u00e5 nett"}]},{"@type":"WebSite","@id":"https:\/\/gooddealersmeds.com\/no\/#website","url":"https:\/\/gooddealersmeds.com\/no\/","name":"Good Dealers Meds","description":"All our best","publisher":{"@id":"https:\/\/gooddealersmeds.com\/no\/#organization"},"potentialAction":[{"@type":"SearchAction","target":{"@type":"EntryPoint","urlTemplate":"https:\/\/gooddealersmeds.com\/no\/?s={search_term_string}"},"query-input":{"@type":"PropertyValueSpecification","valueRequired":true,"valueName":"search_term_string"}}],"inLanguage":"en-US"},{"@type":"Organization","@id":"https:\/\/gooddealersmeds.com\/no\/#organization","name":"Good Dealers Meds","url":"https:\/\/gooddealersmeds.com\/no\/","logo":{"@type":"ImageObject","inLanguage":"en-US","@id":"https:\/\/gooddealersmeds.com\/no\/#\/schema\/logo\/image\/","url":"https:\/\/gooddealersmeds.com\/no\/wp-content\/uploads\/sites\/8\/2022\/03\/gooddealersmeds__logo__20220317T222800Z.00.png","contentUrl":"https:\/\/gooddealersmeds.com\/no\/wp-content\/uploads\/sites\/8\/2022\/03\/gooddealersmeds__logo__20220317T222800Z.00.png","width":500,"height":325,"caption":"Good Dealers Meds"},"image":{"@id":"https:\/\/gooddealersmeds.com\/no\/#\/schema\/logo\/image\/"}}]}},"_links":{"self":[{"href":"https:\/\/gooddealersmeds.com\/no\/wp-json\/wp\/v2\/product\/1701","targetHints":{"allow":["GET"]}}],"collection":[{"href":"https:\/\/gooddealersmeds.com\/no\/wp-json\/wp\/v2\/product"}],"about":[{"href":"https:\/\/gooddealersmeds.com\/no\/wp-json\/wp\/v2\/types\/product"}],"replies":[{"embeddable":true,"href":"https:\/\/gooddealersmeds.com\/no\/wp-json\/wp\/v2\/comments?post=1701"}],"wp:featuredmedia":[{"embeddable":true,"href":"https:\/\/gooddealersmeds.com\/no\/wp-json\/wp\/v2\/media\/1866"}],"wp:attachment":[{"href":"https:\/\/gooddealersmeds.com\/no\/wp-json\/wp\/v2\/media?parent=1701"}],"wp:term":[{"taxonomy":"product_brand","embeddable":true,"href":"https:\/\/gooddealersmeds.com\/no\/wp-json\/wp\/v2\/product_brand?post=1701"},{"taxonomy":"product_cat","embeddable":true,"href":"https:\/\/gooddealersmeds.com\/no\/wp-json\/wp\/v2\/product_cat?post=1701"},{"taxonomy":"product_tag","embeddable":true,"href":"https:\/\/gooddealersmeds.com\/no\/wp-json\/wp\/v2\/product_tag?post=1701"}],"curies":[{"name":"wp","href":"https:\/\/api.w.org\/{rel}","templated":true}]}}