{"id":1689,"date":"2022-03-19T01:19:42","date_gmt":"2022-03-19T01:19:42","guid":{"rendered":"https:\/\/gooddealersmeds.com\/no\/?post_type=product&#038;p=1689"},"modified":"2022-10-03T21:27:17","modified_gmt":"2022-10-03T21:27:17","slug":"kjop-kokain-online","status":"publish","type":"product","link":"https:\/\/gooddealersmeds.com\/no\/product\/kjop-kokain-online\/","title":{"rendered":"Kj\u00f8p kokain p\u00e5 nett"},"content":{"rendered":"<p>Kunder fra hele Europa kan kj\u00f8pe kokain online fra nettstedet v\u00e5rt med eller uten resept. Kokain er et hvitt pulver. Det er et sentralnervesystemstimulerende middel som for\u00e5rsaker frigj\u00f8ring av h\u00f8ye niv\u00e5er av dopamin. Hjernen \u00abbel\u00f8nner\u00bb oss for \u00e5 engasjere oss i livsforbedrende atferd, ved \u00e5 frigj\u00f8re en flom av behagelige nevrokjemikalier.<\/p>\n<p>Kokain er et hvitt pulver med en bitter, bed\u00f8vende smak. Det kommer i 3 hovedformer: kokainhydroklorid, freebase og crack. Den kan sn\u00f8res opp i nesen eller blandes med vann og injiseres med en n\u00e5l. Det kan ogs\u00e5 injiseres, gnis inn i tannkj\u00f8ttet eller legges til mat og drikke. Kokain kan ogs\u00e5 gj\u00f8res til sm\u00e5 hvite steiner, kalt crack. Crack r\u00f8ykes i en liten glasspipe.<\/p>\n<p>Det setter fart p\u00e5 hele kroppen. Du kan f\u00f8le deg full av energi, glad og spent. Men da kan hum\u00f8ret ditt endre seg. Du kan bli sint, nerv\u00f8s og redd for at noen er ute etter \u00e5 ta deg. Kokain \u00f8ker hjertefrekvensen, pusten og blodtrykket. Opp-fasen er rask, f\u00f8rer til eufori og en f\u00f8lelse av makt og intellektuell kraft. Kokain kan etterligne \u00f8kt \u00e5rv\u00e5kenhet, hindre f\u00f8lelser av tretthet og fysisk sjokk. Du kan gj\u00f8re ting som ikke gir mening. Etter den &#8220;h\u00f8ye&#8221; av den g\u00e5r av, kan du &#8220;krasj&#8221; og f\u00f8le deg sliten og trist i flere dager. Du f\u00e5r ogs\u00e5 et sterkt sug etter \u00e5 ta stoffet igjen for \u00e5 pr\u00f8ve \u00e5 f\u00f8le deg bedre.<\/p>\n<p>Det er et sterkt vanedannende sentralstimulerende stoff laget av bladene til kokaplanten som er hjemmeh\u00f8rende i S\u00f8r-Amerika. Selv om helsepersonell kan bruke det til gyldige medisinske form\u00e5l, for eksempel lokalbed\u00f8velse for enkelte operasjoner, er kokain et ulovlig stoff. Det er lett \u00e5 miste kontrollen over bruken og bli avhengig. Da, selv om du f\u00e5r behandling, kan det v\u00e6re vanskelig \u00e5 holde seg unna stoffet. Folk som sluttet \u00e5 bruke kokain kan fortsatt f\u00f8le sterkt sug etter stoffet, noen ganger til og med \u00e5r senere.<\/p>\n<p>Du kan kj\u00f8pe kokain online fra v\u00e5r <a href=\"https:\/\/gooddealersmeds.com\/no\/products\/\">butikk<\/a> med sikker frakt over hele Europa.<\/p>\n<p>&nbsp;<\/p>\n","protected":false},"excerpt":{"rendered":"<p>Kj\u00f8p kokain p\u00e5 nett i butikken v\u00e5r n\u00e5, det er et sentralstimulerende stoff ekstrahert fra bladene til Erythroxylon coca Lam, en art av kokaplanten, som dyrkes i Andesregionen i S\u00f8r-Amerika. Det kan inntas i pulverkokainform, som vanligvis sn\u00f8res eller injiseres. Det kan ogs\u00e5 inntas i crack-kokainform, som vanligvis r\u00f8ykes, og i pastaform, som ogs\u00e5 r\u00f8kes.<\/p>\n","protected":false},"featured_media":1700,"comment_status":"open","ping_status":"closed","template":"","meta":{"inline_featured_image":false},"product_brand":[],"product_cat":[343],"product_tag":[243,244,245,246,247,249,250,251,252,253,254,255,259,260,592,590,241,257,258,242,256,248,589,261,262,591,263],"class_list":{"0":"post-1689","1":"product","2":"type-product","3":"status-publish","4":"has-post-thumbnail","6":"product_cat-andre","7":"product_tag-buy-cocaine-online","8":"product_tag-buy-dmt-online","9":"product_tag-buy-lysergic-acid-diethylamide","10":"product_tag-buy-malabar-magic-mushrooms","11":"product_tag-buy-mazatapec-magic-mushroom","12":"product_tag-buy-panaeolus-cyanescens-online","13":"product_tag-buy-psilocybe-azurenscens-online","14":"product_tag-buy-psilocybe-mckennaii-online","15":"product_tag-buy-psilocybe-mexicana-online","16":"product_tag-buy-psilocybe-stuntzil-online","17":"product_tag-buy-psilocybe-tempensis-online","18":"product_tag-buy-psilocybe-weilii-online","19":"product_tag-kirsebr-lime-gummi-bjrner","20":"product_tag-cookies-and-cream-chocolate","21":"product_tag-how-to-buy-cocaine-discreetly","22":"product_tag-hvor-kan-kjpes-kokain","23":"product_tag-kjp-albino-p-e-sopp","24":"product_tag-kjp-transkei-magisk-sopp","25":"product_tag-kjp-variant-pack-online","26":"product_tag-kjp-br-sur-stjerner","27":"product_tag-kjp-havsalt-mrk-sjokolade","28":"product_tag-kjp-metamfetamin-online","29":"product_tag-kokain-til-salg","30":"product_tag-mastermind-mrk-sjokolade-barer","31":"product_tag-penis-misunnelse-magisk-sopp","32":"product_tag-pure-cocaine-order-online","33":"product_tag-topp-lsd-til-salg","34":"pa_grams-1-kg-1000-g","35":"pa_grams-10-g","36":"pa_grams-100-g","37":"pa_grams-20-g","38":"pa_grams-200-g","39":"pa_grams-35-g","40":"pa_grams-50-g","41":"pa_grams-500-g","43":"first","44":"instock","45":"featured","46":"shipping-taxable","47":"purchasable","48":"product-type-variable","49":"has-default-attributes"},"yoast_head":"<!-- This site is optimized with the Yoast SEO Premium plugin v20.6 (Yoast SEO v27.3) - https:\/\/yoast.com\/product\/yoast-seo-premium-wordpress\/ -->\n<title>Kj\u00f8p kokain p\u00e5 nett - kokain til salgs | Gode \u200b\u200bforhandlere medisiner<\/title>\n<meta name=\"description\" content=\"Kj\u00f8p kokain online i butikken v\u00e5r n\u00e5, er et sentralstimulerende stoff utvunnet fra bladene til Erythroxylon coca Lam, en art av kokaplanten.\" \/>\n<meta name=\"robots\" content=\"index, follow, max-snippet:-1, max-image-preview:large, max-video-preview:-1\" \/>\n<link rel=\"canonical\" href=\"https:\/\/gooddealersmeds.com\/no\/product\/kjop-kokain-online\/\" \/>\n<meta property=\"og:locale\" content=\"en_US\" \/>\n<meta property=\"og:type\" content=\"article\" \/>\n<meta property=\"og:title\" content=\"Kj\u00f8p kokain p\u00e5 nett\" \/>\n<meta property=\"og:description\" content=\"Kj\u00f8p kokain online i butikken v\u00e5r n\u00e5, er et sentralstimulerende stoff utvunnet fra bladene til Erythroxylon coca Lam, en art av kokaplanten.\" \/>\n<meta property=\"og:url\" content=\"https:\/\/gooddealersmeds.com\/no\/product\/kjop-kokain-online\/\" \/>\n<meta property=\"og:site_name\" content=\"Good Dealers Meds\" \/>\n<meta property=\"article:modified_time\" content=\"2022-10-03T21:27:17+00:00\" \/>\n<meta property=\"og:image\" content=\"https:\/\/gooddealersmeds.com\/no\/wp-content\/uploads\/sites\/8\/2022\/03\/8097e257-2271-4a0c-9aeb-1705fa7333e8.jpg\" \/>\n\t<meta property=\"og:image:width\" content=\"687\" \/>\n\t<meta property=\"og:image:height\" content=\"687\" \/>\n\t<meta property=\"og:image:type\" content=\"image\/jpeg\" \/>\n<meta name=\"twitter:card\" content=\"summary_large_image\" \/>\n<meta name=\"twitter:label1\" content=\"Est. reading time\" \/>\n\t<meta name=\"twitter:data1\" content=\"2 minutes\" \/>\n<script type=\"application\/ld+json\" class=\"yoast-schema-graph\">{\"@context\":\"https:\\\/\\\/schema.org\",\"@graph\":[{\"@type\":\"WebPage\",\"@id\":\"https:\\\/\\\/gooddealersmeds.com\\\/no\\\/product\\\/kjop-kokain-online\\\/\",\"url\":\"https:\\\/\\\/gooddealersmeds.com\\\/no\\\/product\\\/kjop-kokain-online\\\/\",\"name\":\"Kj\u00f8p kokain p\u00e5 nett - kokain til salgs | Gode \u200b\u200bforhandlere medisiner\",\"isPartOf\":{\"@id\":\"https:\\\/\\\/gooddealersmeds.com\\\/no\\\/#website\"},\"primaryImageOfPage\":{\"@id\":\"https:\\\/\\\/gooddealersmeds.com\\\/no\\\/product\\\/kjop-kokain-online\\\/#primaryimage\"},\"image\":{\"@id\":\"https:\\\/\\\/gooddealersmeds.com\\\/no\\\/product\\\/kjop-kokain-online\\\/#primaryimage\"},\"thumbnailUrl\":\"https:\\\/\\\/gooddealersmeds.com\\\/no\\\/wp-content\\\/uploads\\\/sites\\\/8\\\/2022\\\/03\\\/8097e257-2271-4a0c-9aeb-1705fa7333e8.jpg\",\"datePublished\":\"2022-03-19T01:19:42+00:00\",\"dateModified\":\"2022-10-03T21:27:17+00:00\",\"description\":\"Kj\u00f8p kokain online i butikken v\u00e5r n\u00e5, er et sentralstimulerende stoff utvunnet fra bladene til Erythroxylon coca Lam, en art av kokaplanten.\",\"breadcrumb\":{\"@id\":\"https:\\\/\\\/gooddealersmeds.com\\\/no\\\/product\\\/kjop-kokain-online\\\/#breadcrumb\"},\"inLanguage\":\"en-US\",\"potentialAction\":[{\"@type\":\"ReadAction\",\"target\":[\"https:\\\/\\\/gooddealersmeds.com\\\/no\\\/product\\\/kjop-kokain-online\\\/\"]}]},{\"@type\":\"ImageObject\",\"inLanguage\":\"en-US\",\"@id\":\"https:\\\/\\\/gooddealersmeds.com\\\/no\\\/product\\\/kjop-kokain-online\\\/#primaryimage\",\"url\":\"https:\\\/\\\/gooddealersmeds.com\\\/no\\\/wp-content\\\/uploads\\\/sites\\\/8\\\/2022\\\/03\\\/8097e257-2271-4a0c-9aeb-1705fa7333e8.jpg\",\"contentUrl\":\"https:\\\/\\\/gooddealersmeds.com\\\/no\\\/wp-content\\\/uploads\\\/sites\\\/8\\\/2022\\\/03\\\/8097e257-2271-4a0c-9aeb-1705fa7333e8.jpg\",\"width\":687,\"height\":687,\"caption\":\"Buy Cocaine Online\"},{\"@type\":\"BreadcrumbList\",\"@id\":\"https:\\\/\\\/gooddealersmeds.com\\\/no\\\/product\\\/kjop-kokain-online\\\/#breadcrumb\",\"itemListElement\":[{\"@type\":\"ListItem\",\"position\":1,\"name\":\"Home\",\"item\":\"https:\\\/\\\/gooddealersmeds.com\\\/no\\\/\"},{\"@type\":\"ListItem\",\"position\":2,\"name\":\"Produkter\",\"item\":\"https:\\\/\\\/gooddealersmeds.com\\\/no\\\/produkter\\\/\"},{\"@type\":\"ListItem\",\"position\":3,\"name\":\"Kj\u00f8p kokain p\u00e5 nett\"}]},{\"@type\":\"WebSite\",\"@id\":\"https:\\\/\\\/gooddealersmeds.com\\\/no\\\/#website\",\"url\":\"https:\\\/\\\/gooddealersmeds.com\\\/no\\\/\",\"name\":\"Good Dealers Meds\",\"description\":\"All our best\",\"publisher\":{\"@id\":\"https:\\\/\\\/gooddealersmeds.com\\\/no\\\/#organization\"},\"potentialAction\":[{\"@type\":\"SearchAction\",\"target\":{\"@type\":\"EntryPoint\",\"urlTemplate\":\"https:\\\/\\\/gooddealersmeds.com\\\/no\\\/?s={search_term_string}\"},\"query-input\":{\"@type\":\"PropertyValueSpecification\",\"valueRequired\":true,\"valueName\":\"search_term_string\"}}],\"inLanguage\":\"en-US\"},{\"@type\":\"Organization\",\"@id\":\"https:\\\/\\\/gooddealersmeds.com\\\/no\\\/#organization\",\"name\":\"Good Dealers Meds\",\"url\":\"https:\\\/\\\/gooddealersmeds.com\\\/no\\\/\",\"logo\":{\"@type\":\"ImageObject\",\"inLanguage\":\"en-US\",\"@id\":\"https:\\\/\\\/gooddealersmeds.com\\\/no\\\/#\\\/schema\\\/logo\\\/image\\\/\",\"url\":\"https:\\\/\\\/gooddealersmeds.com\\\/no\\\/wp-content\\\/uploads\\\/sites\\\/8\\\/2022\\\/03\\\/gooddealersmeds__logo__20220317T222800Z.00.png\",\"contentUrl\":\"https:\\\/\\\/gooddealersmeds.com\\\/no\\\/wp-content\\\/uploads\\\/sites\\\/8\\\/2022\\\/03\\\/gooddealersmeds__logo__20220317T222800Z.00.png\",\"width\":500,\"height\":325,\"caption\":\"Good Dealers Meds\"},\"image\":{\"@id\":\"https:\\\/\\\/gooddealersmeds.com\\\/no\\\/#\\\/schema\\\/logo\\\/image\\\/\"}}]}<\/script>\n<!-- \/ Yoast SEO Premium plugin. -->","yoast_head_json":{"title":"Kj\u00f8p kokain p\u00e5 nett - kokain til salgs | Gode \u200b\u200bforhandlere medisiner","description":"Kj\u00f8p kokain online i butikken v\u00e5r n\u00e5, er et sentralstimulerende stoff utvunnet fra bladene til Erythroxylon coca Lam, en art av kokaplanten.","robots":{"index":"index","follow":"follow","max-snippet":"max-snippet:-1","max-image-preview":"max-image-preview:large","max-video-preview":"max-video-preview:-1"},"canonical":"https:\/\/gooddealersmeds.com\/no\/product\/kjop-kokain-online\/","og_locale":"en_US","og_type":"article","og_title":"Kj\u00f8p kokain p\u00e5 nett","og_description":"Kj\u00f8p kokain online i butikken v\u00e5r n\u00e5, er et sentralstimulerende stoff utvunnet fra bladene til Erythroxylon coca Lam, en art av kokaplanten.","og_url":"https:\/\/gooddealersmeds.com\/no\/product\/kjop-kokain-online\/","og_site_name":"Good Dealers Meds","article_modified_time":"2022-10-03T21:27:17+00:00","og_image":[{"width":687,"height":687,"url":"https:\/\/gooddealersmeds.com\/no\/wp-content\/uploads\/sites\/8\/2022\/03\/8097e257-2271-4a0c-9aeb-1705fa7333e8.jpg","type":"image\/jpeg"}],"twitter_card":"summary_large_image","twitter_misc":{"Est. reading time":"2 minutes"},"schema":{"@context":"https:\/\/schema.org","@graph":[{"@type":"WebPage","@id":"https:\/\/gooddealersmeds.com\/no\/product\/kjop-kokain-online\/","url":"https:\/\/gooddealersmeds.com\/no\/product\/kjop-kokain-online\/","name":"Kj\u00f8p kokain p\u00e5 nett - kokain til salgs | Gode \u200b\u200bforhandlere medisiner","isPartOf":{"@id":"https:\/\/gooddealersmeds.com\/no\/#website"},"primaryImageOfPage":{"@id":"https:\/\/gooddealersmeds.com\/no\/product\/kjop-kokain-online\/#primaryimage"},"image":{"@id":"https:\/\/gooddealersmeds.com\/no\/product\/kjop-kokain-online\/#primaryimage"},"thumbnailUrl":"https:\/\/gooddealersmeds.com\/no\/wp-content\/uploads\/sites\/8\/2022\/03\/8097e257-2271-4a0c-9aeb-1705fa7333e8.jpg","datePublished":"2022-03-19T01:19:42+00:00","dateModified":"2022-10-03T21:27:17+00:00","description":"Kj\u00f8p kokain online i butikken v\u00e5r n\u00e5, er et sentralstimulerende stoff utvunnet fra bladene til Erythroxylon coca Lam, en art av kokaplanten.","breadcrumb":{"@id":"https:\/\/gooddealersmeds.com\/no\/product\/kjop-kokain-online\/#breadcrumb"},"inLanguage":"en-US","potentialAction":[{"@type":"ReadAction","target":["https:\/\/gooddealersmeds.com\/no\/product\/kjop-kokain-online\/"]}]},{"@type":"ImageObject","inLanguage":"en-US","@id":"https:\/\/gooddealersmeds.com\/no\/product\/kjop-kokain-online\/#primaryimage","url":"https:\/\/gooddealersmeds.com\/no\/wp-content\/uploads\/sites\/8\/2022\/03\/8097e257-2271-4a0c-9aeb-1705fa7333e8.jpg","contentUrl":"https:\/\/gooddealersmeds.com\/no\/wp-content\/uploads\/sites\/8\/2022\/03\/8097e257-2271-4a0c-9aeb-1705fa7333e8.jpg","width":687,"height":687,"caption":"Buy Cocaine Online"},{"@type":"BreadcrumbList","@id":"https:\/\/gooddealersmeds.com\/no\/product\/kjop-kokain-online\/#breadcrumb","itemListElement":[{"@type":"ListItem","position":1,"name":"Home","item":"https:\/\/gooddealersmeds.com\/no\/"},{"@type":"ListItem","position":2,"name":"Produkter","item":"https:\/\/gooddealersmeds.com\/no\/produkter\/"},{"@type":"ListItem","position":3,"name":"Kj\u00f8p kokain p\u00e5 nett"}]},{"@type":"WebSite","@id":"https:\/\/gooddealersmeds.com\/no\/#website","url":"https:\/\/gooddealersmeds.com\/no\/","name":"Good Dealers Meds","description":"All our best","publisher":{"@id":"https:\/\/gooddealersmeds.com\/no\/#organization"},"potentialAction":[{"@type":"SearchAction","target":{"@type":"EntryPoint","urlTemplate":"https:\/\/gooddealersmeds.com\/no\/?s={search_term_string}"},"query-input":{"@type":"PropertyValueSpecification","valueRequired":true,"valueName":"search_term_string"}}],"inLanguage":"en-US"},{"@type":"Organization","@id":"https:\/\/gooddealersmeds.com\/no\/#organization","name":"Good Dealers Meds","url":"https:\/\/gooddealersmeds.com\/no\/","logo":{"@type":"ImageObject","inLanguage":"en-US","@id":"https:\/\/gooddealersmeds.com\/no\/#\/schema\/logo\/image\/","url":"https:\/\/gooddealersmeds.com\/no\/wp-content\/uploads\/sites\/8\/2022\/03\/gooddealersmeds__logo__20220317T222800Z.00.png","contentUrl":"https:\/\/gooddealersmeds.com\/no\/wp-content\/uploads\/sites\/8\/2022\/03\/gooddealersmeds__logo__20220317T222800Z.00.png","width":500,"height":325,"caption":"Good Dealers Meds"},"image":{"@id":"https:\/\/gooddealersmeds.com\/no\/#\/schema\/logo\/image\/"}}]}},"_links":{"self":[{"href":"https:\/\/gooddealersmeds.com\/no\/wp-json\/wp\/v2\/product\/1689","targetHints":{"allow":["GET"]}}],"collection":[{"href":"https:\/\/gooddealersmeds.com\/no\/wp-json\/wp\/v2\/product"}],"about":[{"href":"https:\/\/gooddealersmeds.com\/no\/wp-json\/wp\/v2\/types\/product"}],"replies":[{"embeddable":true,"href":"https:\/\/gooddealersmeds.com\/no\/wp-json\/wp\/v2\/comments?post=1689"}],"wp:featuredmedia":[{"embeddable":true,"href":"https:\/\/gooddealersmeds.com\/no\/wp-json\/wp\/v2\/media\/1700"}],"wp:attachment":[{"href":"https:\/\/gooddealersmeds.com\/no\/wp-json\/wp\/v2\/media?parent=1689"}],"wp:term":[{"taxonomy":"product_brand","embeddable":true,"href":"https:\/\/gooddealersmeds.com\/no\/wp-json\/wp\/v2\/product_brand?post=1689"},{"taxonomy":"product_cat","embeddable":true,"href":"https:\/\/gooddealersmeds.com\/no\/wp-json\/wp\/v2\/product_cat?post=1689"},{"taxonomy":"product_tag","embeddable":true,"href":"https:\/\/gooddealersmeds.com\/no\/wp-json\/wp\/v2\/product_tag?post=1689"}],"curies":[{"name":"wp","href":"https:\/\/api.w.org\/{rel}","templated":true}]}}