{"id":1678,"date":"2022-03-19T01:13:31","date_gmt":"2022-03-19T01:13:31","guid":{"rendered":"https:\/\/gooddealersmeds.com\/no\/?post_type=product&#038;p=1678"},"modified":"2022-10-03T21:27:24","modified_gmt":"2022-10-03T21:27:24","slug":"kjop-dmt-crystal-online","status":"publish","type":"product","link":"https:\/\/gooddealersmeds.com\/no\/product\/kjop-dmt-crystal-online\/","title":{"rendered":"Kj\u00f8p DMT Crystal Online"},"content":{"rendered":"<p>Kj\u00f8p DMT Crystal online fra butikken v\u00e5r. DMT er en psykedelisk og hallusinogene forbindelse avledet fra Ayahuasca-planten. DMT er et naturlig forekommende kjemikalie som finnes i en rekke dyr og planter.<\/p>\n<p>Det har ogs\u00e5 vist seg \u00e5 forekomme naturlig hos mennesker. DMT kommer hovedsakelig fra S\u00f8r-Amerika, n\u00e6rmere bestemt Amazonas regnskog. N\u00e5r det konsumeres, har DMT v\u00e6rt kjent for \u00e5 for\u00e5rsake en rekke visuelle og hallusinogene effekter. Det har ogs\u00e5 v\u00e6rt kjent for \u00e5 gi alle de mentale helsefordelene til andre psykedeliske stoffer.<\/p>\n<p>Kj\u00f8p DMT-krystaller p\u00e5 nett til en veldig god pris. Vi har kun DMT-krystaller til laboratoriebruk fordi de er omtrent 98,98 % rene. Dette indikerer at den er ekstremt sterk og, hvis den konsumeres, kan den skade individet.<\/p>\n<p>DMT-krystaller til salgs i Europa. Dette er DMT i krystallform. DMT Crystals er en forkortelse for N, N-Dimethyltryptamine. Det er et sterkt psykedelisk stoff med serotonerge effekter p\u00e5 den menneskelige hjernen som kan gi en rask og intens psykedelisk opplevelse kjent som en &#8220;DMT-tur&#8221;. DMT-opplevelser er typisk preget av visuelle hallusinasjoner, som ofte involverer kraftige enheter, og er ofte forbundet med dypere mening. Denne dype opplevelsen blir ofte referert til som et &#8220;DMT-gjennombrudd.&#8221; DMT i sin krystallform kan r\u00f8ykes, sniffes eller injiseres som et rekreasjonsmiddel.<\/p>\n<p>DMT er vanligvis ikke til oral bruk, bortsett fra n\u00e5r det kombineres med en monoaminoksidasehemmer. Det finnes flere absorpsjonsstrategier; for eksempel vil fordamping, infusjon eller insuffling av stoffet skape banebrytende pipedr\u00f8mmer for en kort tidsramme.<\/p>\n<p>DMT kan konsumeres som te (ayahuasca), men den vanligste m\u00e5ten \u00e5 konsumere DMT p\u00e5 er \u00e5 r\u00f8yke \/ fordampe det. N\u00e5r det r\u00f8ykes\/fordampes, er utbruddet raskt og effektene er intense og kortvarige.<\/p>\n<p>For \u00e5 redusere skader er det ikke tilr\u00e5delig \u00e5 kombinere stoffer. En kombinasjon av stoffer vil ikke n\u00f8dvendigvis gi en lik blanding av effekter. Og er egentlig et nytt medikament i seg selv.<\/p>\n<p>Du kan kj\u00f8pe DMT-krystall online fra butikken v\u00e5r.<\/p>\n<p>&nbsp;<\/p>\n","protected":false},"excerpt":{"rendered":"<p>N, N-Dimetyltryptamin er et kjemisk stoff som forekommer i mange planter og dyr, og som er b\u00e5de et derivat og en strukturell analog av tryptamin. Det kan konsumeres som et psykedelisk stoff og har historisk blitt tilberedt av ulike kulturer for rituelle form\u00e5l som et enteogen<\/p>\n","protected":false},"featured_media":2018,"comment_status":"open","ping_status":"closed","template":"","meta":{"inline_featured_image":false},"product_brand":[],"product_cat":[345],"product_tag":[],"class_list":{"0":"post-1678","1":"product","2":"type-product","3":"status-publish","4":"has-post-thumbnail","6":"product_cat-psykedeliske-stoffer","7":"pa_grams-1-kg-1000-g","8":"pa_grams-10-g","9":"pa_grams-100-g","10":"pa_grams-20-g","11":"pa_grams-200-g","12":"pa_grams-35-g","13":"pa_grams-50-g","14":"pa_grams-500-g","16":"first","17":"instock","18":"featured","19":"shipping-taxable","20":"purchasable","21":"product-type-variable","22":"has-default-attributes"},"yoast_head":"<!-- This site is optimized with the Yoast SEO Premium plugin v20.6 (Yoast SEO v27.3) - https:\/\/yoast.com\/product\/yoast-seo-premium-wordpress\/ -->\n<title>Kj\u00f8p DMT Crystal Online - Beste kvalitetsprodukter |<\/title>\n<meta name=\"description\" content=\"Kj\u00f8p DMT Crystal Online: DMT er et hallusinogent og psykedelisk stoff som endrer individets oppfatning av verden rundt dem.\" \/>\n<meta name=\"robots\" content=\"index, follow, max-snippet:-1, max-image-preview:large, max-video-preview:-1\" \/>\n<link rel=\"canonical\" href=\"https:\/\/gooddealersmeds.com\/no\/product\/kjop-dmt-crystal-online\/\" \/>\n<meta property=\"og:locale\" content=\"en_US\" \/>\n<meta property=\"og:type\" content=\"article\" \/>\n<meta property=\"og:title\" content=\"Kj\u00f8p DMT Crystal Online\" \/>\n<meta property=\"og:description\" content=\"Kj\u00f8p DMT Crystal Online: DMT er et hallusinogent og psykedelisk stoff som endrer individets oppfatning av verden rundt dem.\" \/>\n<meta property=\"og:url\" content=\"https:\/\/gooddealersmeds.com\/no\/product\/kjop-dmt-crystal-online\/\" \/>\n<meta property=\"og:site_name\" content=\"Good Dealers Meds\" \/>\n<meta property=\"article:modified_time\" content=\"2022-10-03T21:27:24+00:00\" \/>\n<meta property=\"og:image\" content=\"https:\/\/gooddealersmeds.com\/no\/wp-content\/uploads\/sites\/8\/2022\/03\/wcafo2x8fv051-scaled.webp\" \/>\n\t<meta property=\"og:image:width\" content=\"2560\" \/>\n\t<meta property=\"og:image:height\" content=\"1920\" \/>\n\t<meta property=\"og:image:type\" content=\"image\/webp\" \/>\n<meta name=\"twitter:card\" content=\"summary_large_image\" \/>\n<meta name=\"twitter:label1\" content=\"Est. reading time\" \/>\n\t<meta name=\"twitter:data1\" content=\"2 minutes\" \/>\n<script type=\"application\/ld+json\" class=\"yoast-schema-graph\">{\"@context\":\"https:\\\/\\\/schema.org\",\"@graph\":[{\"@type\":\"WebPage\",\"@id\":\"https:\\\/\\\/gooddealersmeds.com\\\/no\\\/product\\\/kjop-dmt-crystal-online\\\/\",\"url\":\"https:\\\/\\\/gooddealersmeds.com\\\/no\\\/product\\\/kjop-dmt-crystal-online\\\/\",\"name\":\"Kj\u00f8p DMT Crystal Online - Beste kvalitetsprodukter |\",\"isPartOf\":{\"@id\":\"https:\\\/\\\/gooddealersmeds.com\\\/no\\\/#website\"},\"primaryImageOfPage\":{\"@id\":\"https:\\\/\\\/gooddealersmeds.com\\\/no\\\/product\\\/kjop-dmt-crystal-online\\\/#primaryimage\"},\"image\":{\"@id\":\"https:\\\/\\\/gooddealersmeds.com\\\/no\\\/product\\\/kjop-dmt-crystal-online\\\/#primaryimage\"},\"thumbnailUrl\":\"https:\\\/\\\/gooddealersmeds.com\\\/no\\\/wp-content\\\/uploads\\\/sites\\\/8\\\/2022\\\/03\\\/wcafo2x8fv051-scaled.webp\",\"datePublished\":\"2022-03-19T01:13:31+00:00\",\"dateModified\":\"2022-10-03T21:27:24+00:00\",\"description\":\"Kj\u00f8p DMT Crystal Online: DMT er et hallusinogent og psykedelisk stoff som endrer individets oppfatning av verden rundt dem.\",\"breadcrumb\":{\"@id\":\"https:\\\/\\\/gooddealersmeds.com\\\/no\\\/product\\\/kjop-dmt-crystal-online\\\/#breadcrumb\"},\"inLanguage\":\"en-US\",\"potentialAction\":[{\"@type\":\"ReadAction\",\"target\":[\"https:\\\/\\\/gooddealersmeds.com\\\/no\\\/product\\\/kjop-dmt-crystal-online\\\/\"]}]},{\"@type\":\"ImageObject\",\"inLanguage\":\"en-US\",\"@id\":\"https:\\\/\\\/gooddealersmeds.com\\\/no\\\/product\\\/kjop-dmt-crystal-online\\\/#primaryimage\",\"url\":\"https:\\\/\\\/gooddealersmeds.com\\\/no\\\/wp-content\\\/uploads\\\/sites\\\/8\\\/2022\\\/03\\\/wcafo2x8fv051-scaled.webp\",\"contentUrl\":\"https:\\\/\\\/gooddealersmeds.com\\\/no\\\/wp-content\\\/uploads\\\/sites\\\/8\\\/2022\\\/03\\\/wcafo2x8fv051-scaled.webp\",\"width\":2560,\"height\":1920,\"caption\":\"Buy DMT Crystal Online\"},{\"@type\":\"BreadcrumbList\",\"@id\":\"https:\\\/\\\/gooddealersmeds.com\\\/no\\\/product\\\/kjop-dmt-crystal-online\\\/#breadcrumb\",\"itemListElement\":[{\"@type\":\"ListItem\",\"position\":1,\"name\":\"Home\",\"item\":\"https:\\\/\\\/gooddealersmeds.com\\\/no\\\/\"},{\"@type\":\"ListItem\",\"position\":2,\"name\":\"Produkter\",\"item\":\"https:\\\/\\\/gooddealersmeds.com\\\/no\\\/produkter\\\/\"},{\"@type\":\"ListItem\",\"position\":3,\"name\":\"Kj\u00f8p DMT Crystal Online\"}]},{\"@type\":\"WebSite\",\"@id\":\"https:\\\/\\\/gooddealersmeds.com\\\/no\\\/#website\",\"url\":\"https:\\\/\\\/gooddealersmeds.com\\\/no\\\/\",\"name\":\"Good Dealers Meds\",\"description\":\"All our best\",\"publisher\":{\"@id\":\"https:\\\/\\\/gooddealersmeds.com\\\/no\\\/#organization\"},\"potentialAction\":[{\"@type\":\"SearchAction\",\"target\":{\"@type\":\"EntryPoint\",\"urlTemplate\":\"https:\\\/\\\/gooddealersmeds.com\\\/no\\\/?s={search_term_string}\"},\"query-input\":{\"@type\":\"PropertyValueSpecification\",\"valueRequired\":true,\"valueName\":\"search_term_string\"}}],\"inLanguage\":\"en-US\"},{\"@type\":\"Organization\",\"@id\":\"https:\\\/\\\/gooddealersmeds.com\\\/no\\\/#organization\",\"name\":\"Good Dealers Meds\",\"url\":\"https:\\\/\\\/gooddealersmeds.com\\\/no\\\/\",\"logo\":{\"@type\":\"ImageObject\",\"inLanguage\":\"en-US\",\"@id\":\"https:\\\/\\\/gooddealersmeds.com\\\/no\\\/#\\\/schema\\\/logo\\\/image\\\/\",\"url\":\"https:\\\/\\\/gooddealersmeds.com\\\/no\\\/wp-content\\\/uploads\\\/sites\\\/8\\\/2022\\\/03\\\/gooddealersmeds__logo__20220317T222800Z.00.png\",\"contentUrl\":\"https:\\\/\\\/gooddealersmeds.com\\\/no\\\/wp-content\\\/uploads\\\/sites\\\/8\\\/2022\\\/03\\\/gooddealersmeds__logo__20220317T222800Z.00.png\",\"width\":500,\"height\":325,\"caption\":\"Good Dealers Meds\"},\"image\":{\"@id\":\"https:\\\/\\\/gooddealersmeds.com\\\/no\\\/#\\\/schema\\\/logo\\\/image\\\/\"}}]}<\/script>\n<!-- \/ Yoast SEO Premium plugin. -->","yoast_head_json":{"title":"Kj\u00f8p DMT Crystal Online - Beste kvalitetsprodukter |","description":"Kj\u00f8p DMT Crystal Online: DMT er et hallusinogent og psykedelisk stoff som endrer individets oppfatning av verden rundt dem.","robots":{"index":"index","follow":"follow","max-snippet":"max-snippet:-1","max-image-preview":"max-image-preview:large","max-video-preview":"max-video-preview:-1"},"canonical":"https:\/\/gooddealersmeds.com\/no\/product\/kjop-dmt-crystal-online\/","og_locale":"en_US","og_type":"article","og_title":"Kj\u00f8p DMT Crystal Online","og_description":"Kj\u00f8p DMT Crystal Online: DMT er et hallusinogent og psykedelisk stoff som endrer individets oppfatning av verden rundt dem.","og_url":"https:\/\/gooddealersmeds.com\/no\/product\/kjop-dmt-crystal-online\/","og_site_name":"Good Dealers Meds","article_modified_time":"2022-10-03T21:27:24+00:00","og_image":[{"width":2560,"height":1920,"url":"https:\/\/gooddealersmeds.com\/no\/wp-content\/uploads\/sites\/8\/2022\/03\/wcafo2x8fv051-scaled.webp","type":"image\/webp"}],"twitter_card":"summary_large_image","twitter_misc":{"Est. reading time":"2 minutes"},"schema":{"@context":"https:\/\/schema.org","@graph":[{"@type":"WebPage","@id":"https:\/\/gooddealersmeds.com\/no\/product\/kjop-dmt-crystal-online\/","url":"https:\/\/gooddealersmeds.com\/no\/product\/kjop-dmt-crystal-online\/","name":"Kj\u00f8p DMT Crystal Online - Beste kvalitetsprodukter |","isPartOf":{"@id":"https:\/\/gooddealersmeds.com\/no\/#website"},"primaryImageOfPage":{"@id":"https:\/\/gooddealersmeds.com\/no\/product\/kjop-dmt-crystal-online\/#primaryimage"},"image":{"@id":"https:\/\/gooddealersmeds.com\/no\/product\/kjop-dmt-crystal-online\/#primaryimage"},"thumbnailUrl":"https:\/\/gooddealersmeds.com\/no\/wp-content\/uploads\/sites\/8\/2022\/03\/wcafo2x8fv051-scaled.webp","datePublished":"2022-03-19T01:13:31+00:00","dateModified":"2022-10-03T21:27:24+00:00","description":"Kj\u00f8p DMT Crystal Online: DMT er et hallusinogent og psykedelisk stoff som endrer individets oppfatning av verden rundt dem.","breadcrumb":{"@id":"https:\/\/gooddealersmeds.com\/no\/product\/kjop-dmt-crystal-online\/#breadcrumb"},"inLanguage":"en-US","potentialAction":[{"@type":"ReadAction","target":["https:\/\/gooddealersmeds.com\/no\/product\/kjop-dmt-crystal-online\/"]}]},{"@type":"ImageObject","inLanguage":"en-US","@id":"https:\/\/gooddealersmeds.com\/no\/product\/kjop-dmt-crystal-online\/#primaryimage","url":"https:\/\/gooddealersmeds.com\/no\/wp-content\/uploads\/sites\/8\/2022\/03\/wcafo2x8fv051-scaled.webp","contentUrl":"https:\/\/gooddealersmeds.com\/no\/wp-content\/uploads\/sites\/8\/2022\/03\/wcafo2x8fv051-scaled.webp","width":2560,"height":1920,"caption":"Buy DMT Crystal Online"},{"@type":"BreadcrumbList","@id":"https:\/\/gooddealersmeds.com\/no\/product\/kjop-dmt-crystal-online\/#breadcrumb","itemListElement":[{"@type":"ListItem","position":1,"name":"Home","item":"https:\/\/gooddealersmeds.com\/no\/"},{"@type":"ListItem","position":2,"name":"Produkter","item":"https:\/\/gooddealersmeds.com\/no\/produkter\/"},{"@type":"ListItem","position":3,"name":"Kj\u00f8p DMT Crystal Online"}]},{"@type":"WebSite","@id":"https:\/\/gooddealersmeds.com\/no\/#website","url":"https:\/\/gooddealersmeds.com\/no\/","name":"Good Dealers Meds","description":"All our best","publisher":{"@id":"https:\/\/gooddealersmeds.com\/no\/#organization"},"potentialAction":[{"@type":"SearchAction","target":{"@type":"EntryPoint","urlTemplate":"https:\/\/gooddealersmeds.com\/no\/?s={search_term_string}"},"query-input":{"@type":"PropertyValueSpecification","valueRequired":true,"valueName":"search_term_string"}}],"inLanguage":"en-US"},{"@type":"Organization","@id":"https:\/\/gooddealersmeds.com\/no\/#organization","name":"Good Dealers Meds","url":"https:\/\/gooddealersmeds.com\/no\/","logo":{"@type":"ImageObject","inLanguage":"en-US","@id":"https:\/\/gooddealersmeds.com\/no\/#\/schema\/logo\/image\/","url":"https:\/\/gooddealersmeds.com\/no\/wp-content\/uploads\/sites\/8\/2022\/03\/gooddealersmeds__logo__20220317T222800Z.00.png","contentUrl":"https:\/\/gooddealersmeds.com\/no\/wp-content\/uploads\/sites\/8\/2022\/03\/gooddealersmeds__logo__20220317T222800Z.00.png","width":500,"height":325,"caption":"Good Dealers Meds"},"image":{"@id":"https:\/\/gooddealersmeds.com\/no\/#\/schema\/logo\/image\/"}}]}},"_links":{"self":[{"href":"https:\/\/gooddealersmeds.com\/no\/wp-json\/wp\/v2\/product\/1678","targetHints":{"allow":["GET"]}}],"collection":[{"href":"https:\/\/gooddealersmeds.com\/no\/wp-json\/wp\/v2\/product"}],"about":[{"href":"https:\/\/gooddealersmeds.com\/no\/wp-json\/wp\/v2\/types\/product"}],"replies":[{"embeddable":true,"href":"https:\/\/gooddealersmeds.com\/no\/wp-json\/wp\/v2\/comments?post=1678"}],"wp:featuredmedia":[{"embeddable":true,"href":"https:\/\/gooddealersmeds.com\/no\/wp-json\/wp\/v2\/media\/2018"}],"wp:attachment":[{"href":"https:\/\/gooddealersmeds.com\/no\/wp-json\/wp\/v2\/media?parent=1678"}],"wp:term":[{"taxonomy":"product_brand","embeddable":true,"href":"https:\/\/gooddealersmeds.com\/no\/wp-json\/wp\/v2\/product_brand?post=1678"},{"taxonomy":"product_cat","embeddable":true,"href":"https:\/\/gooddealersmeds.com\/no\/wp-json\/wp\/v2\/product_cat?post=1678"},{"taxonomy":"product_tag","embeddable":true,"href":"https:\/\/gooddealersmeds.com\/no\/wp-json\/wp\/v2\/product_tag?post=1678"}],"curies":[{"name":"wp","href":"https:\/\/api.w.org\/{rel}","templated":true}]}}