{"id":1667,"date":"2022-03-19T01:05:58","date_gmt":"2022-03-19T01:05:58","guid":{"rendered":"https:\/\/gooddealersmeds.com\/no\/?post_type=product&#038;p=1667"},"modified":"2022-10-03T21:27:33","modified_gmt":"2022-10-03T21:27:33","slug":"kjop-hvit-heroin-100-ren-pa-nett","status":"publish","type":"product","link":"https:\/\/gooddealersmeds.com\/no\/product\/kjop-hvit-heroin-100-ren-pa-nett\/","title":{"rendered":"Kj\u00f8p hvit heroin 100 % ren p\u00e5 nett"},"content":{"rendered":"<h1>Kj\u00f8p White Heroin 100% Pure Online<\/h1>\n<p>Kj\u00f8p White Heroine 100% Chees Online fra v\u00e5r <a href=\"https:\/\/gooddealersmeds.com\/no\/products\/\"><span style=\"color: #333333\">nettbutikk<\/span><\/a>. Heroin er et hvitt eller brunt pulver eller en svart, klebrig goo. Det er et\u00a0<span style=\"color: #333333\"><a id=\"anch_43\" style=\"color: #333333\" href=\"https:\/\/medlineplus.gov\/opioidmisuseandaddiction.html\">opioidmedisin<\/a> <\/span>\u00a0laget av morfin, et naturlig stoff i fr\u00f8bunnen til den asiatiske valmueplanten. Den kan blandes med vann og injiseres med en n\u00e5l. Heroin kan ogs\u00e5 r\u00f8ykes eller sn\u00f8ftes opp i nesen. Alle disse m\u00e5tene \u00e5 ta heroin p\u00e5 sender det til hjernen veldig raskt. Dette gj\u00f8r det veldig avhengighetsskapende. Kj\u00f8p hvit heroin p\u00e5 nett.<\/p>\n<p>Psykiske konsekvenser kan omfatte en sterk f\u00f8lelse av eufori, seksuell spenning, tap av tilknytning til virkeligheten eller raseri. Fysiske symptomer kan inkludere rask hjerterytme, svette og store flokker. Kj\u00f8p kokain p\u00e5 nett.<\/p>\n<p>Vi sender alle produkter direkte fra v\u00e5rt lager via en diskret frakttjeneste. Av sikkerhetsmessige \u00e5rsaker vil du motta v\u00e5rt beste kokain i narkotika-\/matemballasje eller glass. Avhenger av vekt og tilgjengelighet av emballasjematerialer.<\/p>\n<p>Fordi hvitt pulverisert heroin er lett l\u00f8selig i vann, skyter de fleste heroinbrukere stoffet. Noen snuser p\u00e5 det. Det r\u00f8ykes vanligvis ikke fordi det brenner ved en mye h\u00f8yere temperatur enn andre former for heroin.<\/p>\n<p>Hvitt heroinpulver lukter noen ganger eddik og smaker bittert. Det fine hvite pulveret kan lett forveksles med kokain.<\/p>\n<p>&nbsp;<\/p>\n<pre><strong>Kj\u00f8p hvit heroin 100 % ren p\u00e5 nett \u2013 kj\u00f8p hvit heroin, kj\u00f8p hvit heroin 100 % ren , kj\u00f8p Hvit heroin 100 % p\u00e5 nett, Hvor kan man kj\u00f8pe hvit heroin 100 % ren , Hvit heroin 100 % ren til salgs, Hvit heroin 100 % ren til salgs, kj\u00f8p hvit heroin p\u00e5 nett, hvor kan man kj\u00f8pe hvit heroin 100 % ren p\u00e5 nett, Hvit heroin 100 % ren til salgs i usa , USA, canada, Storbritannia, kj\u00f8p, online, leverand\u00f8rer, sikker levering, Du kan fortsatt f\u00e5 hvit heroin 100% ren , Er hvit heroin 100% ren lovlig i usa, kj\u00f8p hvit heroin 100% ren online usa, hvordan bestiller du hvit heroin 100 % ren , er hvit heroin 100 % ren lovlig i Canada<\/strong><\/pre>\n","protected":false},"excerpt":{"rendered":"<p>I disse dager har det blitt veldig vanskelig \u00e5 kj\u00f8pe hvit heroin 100 % ren p\u00e5 nettet. Men her p\u00e5 Kj\u00f8p heroin p\u00e5 nett kan du finne mange typer heroin tilgjengelig for salg med gratis frakt p\u00e5 engrosbestillinger.<\/p>\n","protected":false},"featured_media":1677,"comment_status":"open","ping_status":"closed","template":"","meta":{"inline_featured_image":false},"product_brand":[],"product_cat":[343],"product_tag":[227,226,225,235,230,105,233,237,234,229,232,228,231,236,107,108,110,109,106,104],"class_list":{"0":"post-1667","1":"product","2":"type-product","3":"status-publish","4":"has-post-thumbnail","6":"product_cat-andre","7":"product_tag-buy-white-heroin-100-online","8":"product_tag-buy-white-heroin-100-pure","9":"product_tag-buy-white-heroin-100-pure-online-buy-white-heroin","10":"product_tag-buy-white-heroin-100-pure-online-usa","11":"product_tag-buy-white-heroin-online","12":"product_tag-canada","13":"product_tag-du-kan-fortsatt-f-hvit-heroin-100-ren","14":"product_tag-er-hvit-heroin-100-ren-lovlig-i-canada","15":"product_tag-er-hvit-heroin-100-ren-lovlig-i-usa","16":"product_tag-hvit-heroin-100-ren-til-salg","17":"product_tag-hvit-heroin-100-ren-til-salg-i-usa","18":"product_tag-hvor-kan-kjpe-hvit-heroin-100-ren","19":"product_tag-hvor-kan-kjpe-hvit-heroin-100-pure-online","20":"product_tag-hvordan-bestille-hvit-heroin-100-ren","21":"product_tag-kjpe","22":"product_tag-p-nett","23":"product_tag-sikker-levering","24":"product_tag-suppliers","25":"product_tag-uk","26":"product_tag-usa","27":"pa_grams-1-kg-1000-g","28":"pa_grams-10-g","29":"pa_grams-100-g","30":"pa_grams-20-g","31":"pa_grams-200-g","32":"pa_grams-35-g","33":"pa_grams-50-g","34":"pa_grams-500-g","36":"first","37":"instock","38":"featured","39":"shipping-taxable","40":"purchasable","41":"product-type-variable","42":"has-default-attributes"},"yoast_head":"<!-- This site is optimized with the Yoast SEO Premium plugin v20.6 (Yoast SEO v27.3) - https:\/\/yoast.com\/product\/yoast-seo-premium-wordpress\/ -->\n<title>Kj\u00f8p hvit heroin p\u00e5 nett (100 % ren) | Heroin til salgs Good Dealers Meds<\/title>\n<meta name=\"description\" content=\"I disse dager har det blitt veldig vanskelig \u00e5 kj\u00f8pe hvit heroin 100 % ren p\u00e5 nett. Men her p\u00e5 Kj\u00f8p heroin p\u00e5 nett kan du finne mange typer heroin.\" \/>\n<meta name=\"robots\" content=\"index, follow, max-snippet:-1, max-image-preview:large, max-video-preview:-1\" \/>\n<link rel=\"canonical\" href=\"https:\/\/gooddealersmeds.com\/no\/product\/kjop-hvit-heroin-100-ren-pa-nett\/\" \/>\n<meta property=\"og:locale\" content=\"en_US\" \/>\n<meta property=\"og:type\" content=\"article\" \/>\n<meta property=\"og:title\" content=\"Kj\u00f8p hvit heroin 100 % ren p\u00e5 nett\" \/>\n<meta property=\"og:description\" content=\"I disse dager har det blitt veldig vanskelig \u00e5 kj\u00f8pe hvit heroin 100 % ren p\u00e5 nett. Men her p\u00e5 Kj\u00f8p heroin p\u00e5 nett kan du finne mange typer heroin.\" \/>\n<meta property=\"og:url\" content=\"https:\/\/gooddealersmeds.com\/no\/product\/kjop-hvit-heroin-100-ren-pa-nett\/\" \/>\n<meta property=\"og:site_name\" content=\"Good Dealers Meds\" \/>\n<meta property=\"article:modified_time\" content=\"2022-10-03T21:27:33+00:00\" \/>\n<meta property=\"og:image\" content=\"https:\/\/gooddealersmeds.com\/no\/wp-content\/uploads\/sites\/8\/2022\/03\/Buy-White-Heroin-100-pure-online.jpg\" \/>\n\t<meta property=\"og:image:width\" content=\"600\" \/>\n\t<meta property=\"og:image:height\" content=\"600\" \/>\n\t<meta property=\"og:image:type\" content=\"image\/jpeg\" \/>\n<meta name=\"twitter:card\" content=\"summary_large_image\" \/>\n<meta name=\"twitter:label1\" content=\"Est. reading time\" \/>\n\t<meta name=\"twitter:data1\" content=\"2 minutes\" \/>\n<script type=\"application\/ld+json\" class=\"yoast-schema-graph\">{\"@context\":\"https:\\\/\\\/schema.org\",\"@graph\":[{\"@type\":\"WebPage\",\"@id\":\"https:\\\/\\\/gooddealersmeds.com\\\/no\\\/product\\\/kjop-hvit-heroin-100-ren-pa-nett\\\/\",\"url\":\"https:\\\/\\\/gooddealersmeds.com\\\/no\\\/product\\\/kjop-hvit-heroin-100-ren-pa-nett\\\/\",\"name\":\"Kj\u00f8p hvit heroin p\u00e5 nett (100 % ren) | Heroin til salgs Good Dealers Meds\",\"isPartOf\":{\"@id\":\"https:\\\/\\\/gooddealersmeds.com\\\/no\\\/#website\"},\"primaryImageOfPage\":{\"@id\":\"https:\\\/\\\/gooddealersmeds.com\\\/no\\\/product\\\/kjop-hvit-heroin-100-ren-pa-nett\\\/#primaryimage\"},\"image\":{\"@id\":\"https:\\\/\\\/gooddealersmeds.com\\\/no\\\/product\\\/kjop-hvit-heroin-100-ren-pa-nett\\\/#primaryimage\"},\"thumbnailUrl\":\"https:\\\/\\\/gooddealersmeds.com\\\/no\\\/wp-content\\\/uploads\\\/sites\\\/8\\\/2022\\\/03\\\/Buy-White-Heroin-100-pure-online.jpg\",\"datePublished\":\"2022-03-19T01:05:58+00:00\",\"dateModified\":\"2022-10-03T21:27:33+00:00\",\"description\":\"I disse dager har det blitt veldig vanskelig \u00e5 kj\u00f8pe hvit heroin 100 % ren p\u00e5 nett. Men her p\u00e5 Kj\u00f8p heroin p\u00e5 nett kan du finne mange typer heroin.\",\"breadcrumb\":{\"@id\":\"https:\\\/\\\/gooddealersmeds.com\\\/no\\\/product\\\/kjop-hvit-heroin-100-ren-pa-nett\\\/#breadcrumb\"},\"inLanguage\":\"en-US\",\"potentialAction\":[{\"@type\":\"ReadAction\",\"target\":[\"https:\\\/\\\/gooddealersmeds.com\\\/no\\\/product\\\/kjop-hvit-heroin-100-ren-pa-nett\\\/\"]}]},{\"@type\":\"ImageObject\",\"inLanguage\":\"en-US\",\"@id\":\"https:\\\/\\\/gooddealersmeds.com\\\/no\\\/product\\\/kjop-hvit-heroin-100-ren-pa-nett\\\/#primaryimage\",\"url\":\"https:\\\/\\\/gooddealersmeds.com\\\/no\\\/wp-content\\\/uploads\\\/sites\\\/8\\\/2022\\\/03\\\/Buy-White-Heroin-100-pure-online.jpg\",\"contentUrl\":\"https:\\\/\\\/gooddealersmeds.com\\\/no\\\/wp-content\\\/uploads\\\/sites\\\/8\\\/2022\\\/03\\\/Buy-White-Heroin-100-pure-online.jpg\",\"width\":600,\"height\":600,\"caption\":\"Buy White Heroin Online\"},{\"@type\":\"BreadcrumbList\",\"@id\":\"https:\\\/\\\/gooddealersmeds.com\\\/no\\\/product\\\/kjop-hvit-heroin-100-ren-pa-nett\\\/#breadcrumb\",\"itemListElement\":[{\"@type\":\"ListItem\",\"position\":1,\"name\":\"Home\",\"item\":\"https:\\\/\\\/gooddealersmeds.com\\\/no\\\/\"},{\"@type\":\"ListItem\",\"position\":2,\"name\":\"Produkter\",\"item\":\"https:\\\/\\\/gooddealersmeds.com\\\/no\\\/produkter\\\/\"},{\"@type\":\"ListItem\",\"position\":3,\"name\":\"Kj\u00f8p hvit heroin 100 % ren p\u00e5 nett\"}]},{\"@type\":\"WebSite\",\"@id\":\"https:\\\/\\\/gooddealersmeds.com\\\/no\\\/#website\",\"url\":\"https:\\\/\\\/gooddealersmeds.com\\\/no\\\/\",\"name\":\"Good Dealers Meds\",\"description\":\"All our best\",\"publisher\":{\"@id\":\"https:\\\/\\\/gooddealersmeds.com\\\/no\\\/#organization\"},\"potentialAction\":[{\"@type\":\"SearchAction\",\"target\":{\"@type\":\"EntryPoint\",\"urlTemplate\":\"https:\\\/\\\/gooddealersmeds.com\\\/no\\\/?s={search_term_string}\"},\"query-input\":{\"@type\":\"PropertyValueSpecification\",\"valueRequired\":true,\"valueName\":\"search_term_string\"}}],\"inLanguage\":\"en-US\"},{\"@type\":\"Organization\",\"@id\":\"https:\\\/\\\/gooddealersmeds.com\\\/no\\\/#organization\",\"name\":\"Good Dealers Meds\",\"url\":\"https:\\\/\\\/gooddealersmeds.com\\\/no\\\/\",\"logo\":{\"@type\":\"ImageObject\",\"inLanguage\":\"en-US\",\"@id\":\"https:\\\/\\\/gooddealersmeds.com\\\/no\\\/#\\\/schema\\\/logo\\\/image\\\/\",\"url\":\"https:\\\/\\\/gooddealersmeds.com\\\/no\\\/wp-content\\\/uploads\\\/sites\\\/8\\\/2022\\\/03\\\/gooddealersmeds__logo__20220317T222800Z.00.png\",\"contentUrl\":\"https:\\\/\\\/gooddealersmeds.com\\\/no\\\/wp-content\\\/uploads\\\/sites\\\/8\\\/2022\\\/03\\\/gooddealersmeds__logo__20220317T222800Z.00.png\",\"width\":500,\"height\":325,\"caption\":\"Good Dealers Meds\"},\"image\":{\"@id\":\"https:\\\/\\\/gooddealersmeds.com\\\/no\\\/#\\\/schema\\\/logo\\\/image\\\/\"}}]}<\/script>\n<!-- \/ Yoast SEO Premium plugin. -->","yoast_head_json":{"title":"Kj\u00f8p hvit heroin p\u00e5 nett (100 % ren) | Heroin til salgs Good Dealers Meds","description":"I disse dager har det blitt veldig vanskelig \u00e5 kj\u00f8pe hvit heroin 100 % ren p\u00e5 nett. Men her p\u00e5 Kj\u00f8p heroin p\u00e5 nett kan du finne mange typer heroin.","robots":{"index":"index","follow":"follow","max-snippet":"max-snippet:-1","max-image-preview":"max-image-preview:large","max-video-preview":"max-video-preview:-1"},"canonical":"https:\/\/gooddealersmeds.com\/no\/product\/kjop-hvit-heroin-100-ren-pa-nett\/","og_locale":"en_US","og_type":"article","og_title":"Kj\u00f8p hvit heroin 100 % ren p\u00e5 nett","og_description":"I disse dager har det blitt veldig vanskelig \u00e5 kj\u00f8pe hvit heroin 100 % ren p\u00e5 nett. Men her p\u00e5 Kj\u00f8p heroin p\u00e5 nett kan du finne mange typer heroin.","og_url":"https:\/\/gooddealersmeds.com\/no\/product\/kjop-hvit-heroin-100-ren-pa-nett\/","og_site_name":"Good Dealers Meds","article_modified_time":"2022-10-03T21:27:33+00:00","og_image":[{"width":600,"height":600,"url":"https:\/\/gooddealersmeds.com\/no\/wp-content\/uploads\/sites\/8\/2022\/03\/Buy-White-Heroin-100-pure-online.jpg","type":"image\/jpeg"}],"twitter_card":"summary_large_image","twitter_misc":{"Est. reading time":"2 minutes"},"schema":{"@context":"https:\/\/schema.org","@graph":[{"@type":"WebPage","@id":"https:\/\/gooddealersmeds.com\/no\/product\/kjop-hvit-heroin-100-ren-pa-nett\/","url":"https:\/\/gooddealersmeds.com\/no\/product\/kjop-hvit-heroin-100-ren-pa-nett\/","name":"Kj\u00f8p hvit heroin p\u00e5 nett (100 % ren) | Heroin til salgs Good Dealers Meds","isPartOf":{"@id":"https:\/\/gooddealersmeds.com\/no\/#website"},"primaryImageOfPage":{"@id":"https:\/\/gooddealersmeds.com\/no\/product\/kjop-hvit-heroin-100-ren-pa-nett\/#primaryimage"},"image":{"@id":"https:\/\/gooddealersmeds.com\/no\/product\/kjop-hvit-heroin-100-ren-pa-nett\/#primaryimage"},"thumbnailUrl":"https:\/\/gooddealersmeds.com\/no\/wp-content\/uploads\/sites\/8\/2022\/03\/Buy-White-Heroin-100-pure-online.jpg","datePublished":"2022-03-19T01:05:58+00:00","dateModified":"2022-10-03T21:27:33+00:00","description":"I disse dager har det blitt veldig vanskelig \u00e5 kj\u00f8pe hvit heroin 100 % ren p\u00e5 nett. Men her p\u00e5 Kj\u00f8p heroin p\u00e5 nett kan du finne mange typer heroin.","breadcrumb":{"@id":"https:\/\/gooddealersmeds.com\/no\/product\/kjop-hvit-heroin-100-ren-pa-nett\/#breadcrumb"},"inLanguage":"en-US","potentialAction":[{"@type":"ReadAction","target":["https:\/\/gooddealersmeds.com\/no\/product\/kjop-hvit-heroin-100-ren-pa-nett\/"]}]},{"@type":"ImageObject","inLanguage":"en-US","@id":"https:\/\/gooddealersmeds.com\/no\/product\/kjop-hvit-heroin-100-ren-pa-nett\/#primaryimage","url":"https:\/\/gooddealersmeds.com\/no\/wp-content\/uploads\/sites\/8\/2022\/03\/Buy-White-Heroin-100-pure-online.jpg","contentUrl":"https:\/\/gooddealersmeds.com\/no\/wp-content\/uploads\/sites\/8\/2022\/03\/Buy-White-Heroin-100-pure-online.jpg","width":600,"height":600,"caption":"Buy White Heroin Online"},{"@type":"BreadcrumbList","@id":"https:\/\/gooddealersmeds.com\/no\/product\/kjop-hvit-heroin-100-ren-pa-nett\/#breadcrumb","itemListElement":[{"@type":"ListItem","position":1,"name":"Home","item":"https:\/\/gooddealersmeds.com\/no\/"},{"@type":"ListItem","position":2,"name":"Produkter","item":"https:\/\/gooddealersmeds.com\/no\/produkter\/"},{"@type":"ListItem","position":3,"name":"Kj\u00f8p hvit heroin 100 % ren p\u00e5 nett"}]},{"@type":"WebSite","@id":"https:\/\/gooddealersmeds.com\/no\/#website","url":"https:\/\/gooddealersmeds.com\/no\/","name":"Good Dealers Meds","description":"All our best","publisher":{"@id":"https:\/\/gooddealersmeds.com\/no\/#organization"},"potentialAction":[{"@type":"SearchAction","target":{"@type":"EntryPoint","urlTemplate":"https:\/\/gooddealersmeds.com\/no\/?s={search_term_string}"},"query-input":{"@type":"PropertyValueSpecification","valueRequired":true,"valueName":"search_term_string"}}],"inLanguage":"en-US"},{"@type":"Organization","@id":"https:\/\/gooddealersmeds.com\/no\/#organization","name":"Good Dealers Meds","url":"https:\/\/gooddealersmeds.com\/no\/","logo":{"@type":"ImageObject","inLanguage":"en-US","@id":"https:\/\/gooddealersmeds.com\/no\/#\/schema\/logo\/image\/","url":"https:\/\/gooddealersmeds.com\/no\/wp-content\/uploads\/sites\/8\/2022\/03\/gooddealersmeds__logo__20220317T222800Z.00.png","contentUrl":"https:\/\/gooddealersmeds.com\/no\/wp-content\/uploads\/sites\/8\/2022\/03\/gooddealersmeds__logo__20220317T222800Z.00.png","width":500,"height":325,"caption":"Good Dealers Meds"},"image":{"@id":"https:\/\/gooddealersmeds.com\/no\/#\/schema\/logo\/image\/"}}]}},"_links":{"self":[{"href":"https:\/\/gooddealersmeds.com\/no\/wp-json\/wp\/v2\/product\/1667","targetHints":{"allow":["GET"]}}],"collection":[{"href":"https:\/\/gooddealersmeds.com\/no\/wp-json\/wp\/v2\/product"}],"about":[{"href":"https:\/\/gooddealersmeds.com\/no\/wp-json\/wp\/v2\/types\/product"}],"replies":[{"embeddable":true,"href":"https:\/\/gooddealersmeds.com\/no\/wp-json\/wp\/v2\/comments?post=1667"}],"wp:featuredmedia":[{"embeddable":true,"href":"https:\/\/gooddealersmeds.com\/no\/wp-json\/wp\/v2\/media\/1677"}],"wp:attachment":[{"href":"https:\/\/gooddealersmeds.com\/no\/wp-json\/wp\/v2\/media?parent=1667"}],"wp:term":[{"taxonomy":"product_brand","embeddable":true,"href":"https:\/\/gooddealersmeds.com\/no\/wp-json\/wp\/v2\/product_brand?post=1667"},{"taxonomy":"product_cat","embeddable":true,"href":"https:\/\/gooddealersmeds.com\/no\/wp-json\/wp\/v2\/product_cat?post=1667"},{"taxonomy":"product_tag","embeddable":true,"href":"https:\/\/gooddealersmeds.com\/no\/wp-json\/wp\/v2\/product_tag?post=1667"}],"curies":[{"name":"wp","href":"https:\/\/api.w.org\/{rel}","templated":true}]}}