{"id":1657,"date":"2022-03-19T00:58:27","date_gmt":"2022-03-19T00:58:27","guid":{"rendered":"https:\/\/gooddealersmeds.com\/no\/?post_type=product&#038;p=1657"},"modified":"2022-10-03T21:27:40","modified_gmt":"2022-10-03T21:27:40","slug":"bestille-pulverisert-kokain-online-98-8-ren","status":"publish","type":"product","link":"https:\/\/gooddealersmeds.com\/no\/product\/bestille-pulverisert-kokain-online-98-8-ren\/","title":{"rendered":"Bestill pulverisert kokain online 98,8 % ren"},"content":{"rendered":"<h1>Kj\u00f8p kokainpulver p\u00e5 nett<\/h1>\n<p>Kj\u00f8p rent kokainpulver p\u00e5 nett i beste kvalitet fra v\u00e5r <a href=\"https:\/\/gooddealersmeds.com\/no\/products\/\"><span style=\"color: #333333\">nettbutikk<\/span><\/a>. Kokainpulver er den vanligste formen for kokain. Det er ogs\u00e5 kjent som et gatenarkotika p\u00e5 grunn av denne grunnen. Dette pulveret er laget av Coca-plantene som finnes i s\u00f8rlige land for det meste og ofte.<\/p>\n<p>Det er et kraftig sentralstimulerende middel som brukes i behandlingen av mange sykdommer ved \u00e5 virke direkte p\u00e5 den sentrale hjernen. Dette stimulerende middelet forbedrer de spesielle kjemikaliene i hjernen for \u00e5 utf\u00f8re noen \u00f8nskede handlinger p\u00e5 det menneskelige organsystemet. P\u00e5 grunn av flere funksjoner, er det for det meste brukt form for kokain i hele verden.<\/p>\n<p>Kokainpulver vs en annen form for kokain<\/p>\n<p>M\u00e5te \u00e5 bruke kokainpulver<\/p>\n<p> Kokainpulver er ikke bare nyttig for menneskekroppen. Men det er ogs\u00e5 mindre skadelig for menneskers helse som er n\u00f8kkeltrekket bak suksessen. Det brukes ofte ved \u00e5 blande med andre pro-medikamenter som fentanyl, talkum, etc. Men det kan v\u00e6re skadelig for menneskers helse n\u00e5r det brukes ved \u00e5 blande med fentanyl ukontrollert.<\/p>\n<p>S\u00e5 det b\u00f8r kontrolleres n\u00e5r du bruker et s\u00e5 kraftig pro-drug. Det er mange m\u00e5ter folk bruker denne pulverlignende snorkingen p\u00e5, r\u00f8yking i form av sigarett eller ved \u00e5 injisere direkte i venen. M\u00e5ten det skal brukes p\u00e5 avhenger av den fysiske og mentale tilstanden til mennesker.<\/p>\n<p>Noen brukte ogs\u00e5 dette pulveret ved \u00e5 blande det med brus, men det er en veldig farlig metode \u00e5 ta det.<\/p>\n<p>Medisinsk bruk av kokainpulver<\/p>\n<p>Kokainpulver \u00f8ker ogs\u00e5 det responsive systemet til menneskelig hjerne ved \u00e5 \u00f8ke mengden kjemikalier i den. Legene foreskriver denne medisinen n\u00e5r de har \u00e5 gj\u00f8re med mennesker som lider av latskap i bevegelser og handlinger. Kokainhydroklorid til salgs<\/p>\n<p>Det brukes ogs\u00e5 av leger i mange kirurgiske operasjoner for \u00e5 redusere smertef\u00f8lelsen. Den korte tidsbruken er veldig nyttig for mennesker fordi den gir menneskesinnet en f\u00f8lelse av lykke og energi. P\u00e5 grunn av disse funksjonene er det popul\u00e6rt blant alle slags mennesker i denne verden.<\/p>\n<p>Kokainpulver er tilgjengelig og lett tilgjengelig for alle p\u00e5 den elektroniske markedsplassen. Nettbutikken v\u00e5r har ogs\u00e5 \u00e5 gj\u00f8re med dette unike pulveret til sv\u00e6rt rimelige priser. Vi tilbyr ogs\u00e5 den raskeste leveringen av produktet rett utenfor d\u00f8ren.<\/p>\n<p>&nbsp;<\/p>\n<p>&nbsp;<\/p>\n<pre><strong>Bestill pulverisert kokain p\u00e5 nett 98,8 % ren - kj\u00f8p kokain i pulverform, kj\u00f8p kokain i pulverform p\u00e5 nett 98,8 % ren, kj\u00f8p kokain i pulverform p\u00e5 nettet, Hvor kan du kj\u00f8pe kokain i pulverform p\u00e5 nettet 98,8 % ren, kokain i pulverform p\u00e5 nett 98,8 % ren til salgs, pulverisert kokain p\u00e5 nettet 98,8 % ren til salgs, kj\u00f8p kokain i pulverform p\u00e5 nett , hvor kan man kj\u00f8pe pulverisert kokain p\u00e5 nett, pulverisert kokain p\u00e5 nett 98.8% ren til salgs i usa , USA, canada,uka, kj\u00f8p, online, leverand\u00f8rer, sikker levering, Du kan fortsatt f\u00e5 pulverisert kokain p\u00e5 nettet 98.8% ren, Er pulverisert kokain p\u00e5 nettet 98.8 % ren lovlig i usa, kj\u00f8p pulverisert kokain online 98,8 % ren online usa, hvordan bestille pulverisert kokain p\u00e5 nettet 98,8 % ren, Er pulverisert kokain p\u00e5 nett 98,8 % ren lovlig i Canada<\/strong><\/pre>\n","protected":false},"excerpt":{"rendered":"<p>Kj\u00f8p kokain i pulverform p\u00e5 nettet. Kj\u00f8p kokain, kokain, crak kokain. Rent hvitt pulver ukuttet og kuttet tilgjengelig p\u00e5 lager. Emballasje og frakt er sv\u00e6rt diskret og omg\u00e5r all skikk eller rettsh\u00e5ndhevelse. kj\u00f8p kokain p\u00e5 nettet,kokain til salgs, lovlig kokain, kj\u00f8p kokain p\u00e5 nettet med kredittkort, pulverisert kokain til salgs.<\/p>\n","protected":false},"featured_media":1666,"comment_status":"open","ping_status":"closed","template":"","meta":{"inline_featured_image":false},"product_brand":[],"product_cat":[343],"product_tag":[212,214,213,221,105,219,223,220,215,217,222,107,108,216,218,110,109],"class_list":{"0":"post-1657","1":"product","2":"type-product","3":"status-publish","4":"has-post-thumbnail","6":"product_cat-andre","7":"product_tag-bestille-pulverisert-kokain-online-98-8-ren-kjp-pulver-kokain","8":"product_tag-buy-powdered-cocaine-online","9":"product_tag-buy-powdered-cocaine-online-98-8-pure","10":"product_tag-buy-powdered-cocaine-online-98-8-pure-online-usa","11":"product_tag-canada","12":"product_tag-du-kan-fortsatt-f-pulverisert-kokain-online-98-8-ren","13":"product_tag-er-powdered-cocaine-online-98-8-pure-legal-in-canada","14":"product_tag-er-pulverisert-kokain-online-98-8-ren-lovlig-i-usa","15":"product_tag-hvor-kan-kjpe-pulverisert-kokain-online-98-8-ren","16":"product_tag-hvor-kan-kjpe-pulverisert-kokain-p-nettet","17":"product_tag-hvordan-bestille-pulverisert-kokain-online-98-8-pure","18":"product_tag-kjpe","19":"product_tag-p-nett","20":"product_tag-pulverisert-kokain-online-98-8-ren-til-salg","21":"product_tag-pulverisert-kokain-online-98-8-ren-til-salg-i-usa","22":"product_tag-sikker-levering","23":"product_tag-suppliers","24":"pa_grams-1-kg-1000-g","25":"pa_grams-10-g","26":"pa_grams-100-g","27":"pa_grams-20-g","28":"pa_grams-200-g","29":"pa_grams-35-g","30":"pa_grams-50-g","31":"pa_grams-500-g","33":"first","34":"instock","35":"featured","36":"shipping-taxable","37":"purchasable","38":"product-type-variable","39":"has-default-attributes"},"yoast_head":"<!-- This site is optimized with the Yoast SEO Premium plugin v20.6 (Yoast SEO v27.3) - https:\/\/yoast.com\/product\/yoast-seo-premium-wordpress\/ -->\n<title>Kj\u00f8p kokainpulver p\u00e5 nett (98,8 % ren) |<\/title>\n<meta name=\"description\" content=\"Kj\u00f8p rent kokainpulver p\u00e5 nett i beste kvalitet. Vi er den mest p\u00e5litelige og mest diskrete leverand\u00f8ren av billig crack-kokain p\u00e5 nett.\" \/>\n<meta name=\"robots\" content=\"index, follow, max-snippet:-1, max-image-preview:large, max-video-preview:-1\" \/>\n<link rel=\"canonical\" href=\"https:\/\/gooddealersmeds.com\/no\/product\/bestille-pulverisert-kokain-online-98-8-ren\/\" \/>\n<meta property=\"og:locale\" content=\"en_US\" \/>\n<meta property=\"og:type\" content=\"article\" \/>\n<meta property=\"og:title\" content=\"Bestill pulverisert kokain online 98,8 % ren\" \/>\n<meta property=\"og:description\" content=\"Kj\u00f8p rent kokainpulver p\u00e5 nett i beste kvalitet. Vi er den mest p\u00e5litelige og mest diskrete leverand\u00f8ren av billig crack-kokain p\u00e5 nett.\" \/>\n<meta property=\"og:url\" content=\"https:\/\/gooddealersmeds.com\/no\/product\/bestille-pulverisert-kokain-online-98-8-ren\/\" \/>\n<meta property=\"og:site_name\" content=\"Good Dealers Meds\" \/>\n<meta property=\"article:modified_time\" content=\"2022-10-03T21:27:40+00:00\" \/>\n<meta property=\"og:image\" content=\"https:\/\/gooddealersmeds.com\/no\/wp-content\/uploads\/sites\/8\/2022\/03\/coc.jpg\" \/>\n\t<meta property=\"og:image:width\" content=\"600\" \/>\n\t<meta property=\"og:image:height\" content=\"600\" \/>\n\t<meta property=\"og:image:type\" content=\"image\/jpeg\" \/>\n<meta name=\"twitter:card\" content=\"summary_large_image\" \/>\n<meta name=\"twitter:label1\" content=\"Est. reading time\" \/>\n\t<meta name=\"twitter:data1\" content=\"3 minutes\" \/>\n<script type=\"application\/ld+json\" class=\"yoast-schema-graph\">{\"@context\":\"https:\\\/\\\/schema.org\",\"@graph\":[{\"@type\":\"WebPage\",\"@id\":\"https:\\\/\\\/gooddealersmeds.com\\\/no\\\/product\\\/bestille-pulverisert-kokain-online-98-8-ren\\\/\",\"url\":\"https:\\\/\\\/gooddealersmeds.com\\\/no\\\/product\\\/bestille-pulverisert-kokain-online-98-8-ren\\\/\",\"name\":\"Kj\u00f8p kokainpulver p\u00e5 nett (98,8 % ren) |\",\"isPartOf\":{\"@id\":\"https:\\\/\\\/gooddealersmeds.com\\\/no\\\/#website\"},\"primaryImageOfPage\":{\"@id\":\"https:\\\/\\\/gooddealersmeds.com\\\/no\\\/product\\\/bestille-pulverisert-kokain-online-98-8-ren\\\/#primaryimage\"},\"image\":{\"@id\":\"https:\\\/\\\/gooddealersmeds.com\\\/no\\\/product\\\/bestille-pulverisert-kokain-online-98-8-ren\\\/#primaryimage\"},\"thumbnailUrl\":\"https:\\\/\\\/gooddealersmeds.com\\\/no\\\/wp-content\\\/uploads\\\/sites\\\/8\\\/2022\\\/03\\\/coc.jpg\",\"datePublished\":\"2022-03-19T00:58:27+00:00\",\"dateModified\":\"2022-10-03T21:27:40+00:00\",\"description\":\"Kj\u00f8p rent kokainpulver p\u00e5 nett i beste kvalitet. Vi er den mest p\u00e5litelige og mest diskrete leverand\u00f8ren av billig crack-kokain p\u00e5 nett.\",\"breadcrumb\":{\"@id\":\"https:\\\/\\\/gooddealersmeds.com\\\/no\\\/product\\\/bestille-pulverisert-kokain-online-98-8-ren\\\/#breadcrumb\"},\"inLanguage\":\"en-US\",\"potentialAction\":[{\"@type\":\"ReadAction\",\"target\":[\"https:\\\/\\\/gooddealersmeds.com\\\/no\\\/product\\\/bestille-pulverisert-kokain-online-98-8-ren\\\/\"]}]},{\"@type\":\"ImageObject\",\"inLanguage\":\"en-US\",\"@id\":\"https:\\\/\\\/gooddealersmeds.com\\\/no\\\/product\\\/bestille-pulverisert-kokain-online-98-8-ren\\\/#primaryimage\",\"url\":\"https:\\\/\\\/gooddealersmeds.com\\\/no\\\/wp-content\\\/uploads\\\/sites\\\/8\\\/2022\\\/03\\\/coc.jpg\",\"contentUrl\":\"https:\\\/\\\/gooddealersmeds.com\\\/no\\\/wp-content\\\/uploads\\\/sites\\\/8\\\/2022\\\/03\\\/coc.jpg\",\"width\":600,\"height\":600,\"caption\":\"Buy Cocaine Powder Online\"},{\"@type\":\"BreadcrumbList\",\"@id\":\"https:\\\/\\\/gooddealersmeds.com\\\/no\\\/product\\\/bestille-pulverisert-kokain-online-98-8-ren\\\/#breadcrumb\",\"itemListElement\":[{\"@type\":\"ListItem\",\"position\":1,\"name\":\"Home\",\"item\":\"https:\\\/\\\/gooddealersmeds.com\\\/no\\\/\"},{\"@type\":\"ListItem\",\"position\":2,\"name\":\"Produkter\",\"item\":\"https:\\\/\\\/gooddealersmeds.com\\\/no\\\/produkter\\\/\"},{\"@type\":\"ListItem\",\"position\":3,\"name\":\"Bestill pulverisert kokain online 98,8 % ren\"}]},{\"@type\":\"WebSite\",\"@id\":\"https:\\\/\\\/gooddealersmeds.com\\\/no\\\/#website\",\"url\":\"https:\\\/\\\/gooddealersmeds.com\\\/no\\\/\",\"name\":\"Good Dealers Meds\",\"description\":\"All our best\",\"publisher\":{\"@id\":\"https:\\\/\\\/gooddealersmeds.com\\\/no\\\/#organization\"},\"potentialAction\":[{\"@type\":\"SearchAction\",\"target\":{\"@type\":\"EntryPoint\",\"urlTemplate\":\"https:\\\/\\\/gooddealersmeds.com\\\/no\\\/?s={search_term_string}\"},\"query-input\":{\"@type\":\"PropertyValueSpecification\",\"valueRequired\":true,\"valueName\":\"search_term_string\"}}],\"inLanguage\":\"en-US\"},{\"@type\":\"Organization\",\"@id\":\"https:\\\/\\\/gooddealersmeds.com\\\/no\\\/#organization\",\"name\":\"Good Dealers Meds\",\"url\":\"https:\\\/\\\/gooddealersmeds.com\\\/no\\\/\",\"logo\":{\"@type\":\"ImageObject\",\"inLanguage\":\"en-US\",\"@id\":\"https:\\\/\\\/gooddealersmeds.com\\\/no\\\/#\\\/schema\\\/logo\\\/image\\\/\",\"url\":\"https:\\\/\\\/gooddealersmeds.com\\\/no\\\/wp-content\\\/uploads\\\/sites\\\/8\\\/2022\\\/03\\\/gooddealersmeds__logo__20220317T222800Z.00.png\",\"contentUrl\":\"https:\\\/\\\/gooddealersmeds.com\\\/no\\\/wp-content\\\/uploads\\\/sites\\\/8\\\/2022\\\/03\\\/gooddealersmeds__logo__20220317T222800Z.00.png\",\"width\":500,\"height\":325,\"caption\":\"Good Dealers Meds\"},\"image\":{\"@id\":\"https:\\\/\\\/gooddealersmeds.com\\\/no\\\/#\\\/schema\\\/logo\\\/image\\\/\"}}]}<\/script>\n<!-- \/ Yoast SEO Premium plugin. -->","yoast_head_json":{"title":"Kj\u00f8p kokainpulver p\u00e5 nett (98,8 % ren) |","description":"Kj\u00f8p rent kokainpulver p\u00e5 nett i beste kvalitet. Vi er den mest p\u00e5litelige og mest diskrete leverand\u00f8ren av billig crack-kokain p\u00e5 nett.","robots":{"index":"index","follow":"follow","max-snippet":"max-snippet:-1","max-image-preview":"max-image-preview:large","max-video-preview":"max-video-preview:-1"},"canonical":"https:\/\/gooddealersmeds.com\/no\/product\/bestille-pulverisert-kokain-online-98-8-ren\/","og_locale":"en_US","og_type":"article","og_title":"Bestill pulverisert kokain online 98,8 % ren","og_description":"Kj\u00f8p rent kokainpulver p\u00e5 nett i beste kvalitet. Vi er den mest p\u00e5litelige og mest diskrete leverand\u00f8ren av billig crack-kokain p\u00e5 nett.","og_url":"https:\/\/gooddealersmeds.com\/no\/product\/bestille-pulverisert-kokain-online-98-8-ren\/","og_site_name":"Good Dealers Meds","article_modified_time":"2022-10-03T21:27:40+00:00","og_image":[{"width":600,"height":600,"url":"https:\/\/gooddealersmeds.com\/no\/wp-content\/uploads\/sites\/8\/2022\/03\/coc.jpg","type":"image\/jpeg"}],"twitter_card":"summary_large_image","twitter_misc":{"Est. reading time":"3 minutes"},"schema":{"@context":"https:\/\/schema.org","@graph":[{"@type":"WebPage","@id":"https:\/\/gooddealersmeds.com\/no\/product\/bestille-pulverisert-kokain-online-98-8-ren\/","url":"https:\/\/gooddealersmeds.com\/no\/product\/bestille-pulverisert-kokain-online-98-8-ren\/","name":"Kj\u00f8p kokainpulver p\u00e5 nett (98,8 % ren) |","isPartOf":{"@id":"https:\/\/gooddealersmeds.com\/no\/#website"},"primaryImageOfPage":{"@id":"https:\/\/gooddealersmeds.com\/no\/product\/bestille-pulverisert-kokain-online-98-8-ren\/#primaryimage"},"image":{"@id":"https:\/\/gooddealersmeds.com\/no\/product\/bestille-pulverisert-kokain-online-98-8-ren\/#primaryimage"},"thumbnailUrl":"https:\/\/gooddealersmeds.com\/no\/wp-content\/uploads\/sites\/8\/2022\/03\/coc.jpg","datePublished":"2022-03-19T00:58:27+00:00","dateModified":"2022-10-03T21:27:40+00:00","description":"Kj\u00f8p rent kokainpulver p\u00e5 nett i beste kvalitet. Vi er den mest p\u00e5litelige og mest diskrete leverand\u00f8ren av billig crack-kokain p\u00e5 nett.","breadcrumb":{"@id":"https:\/\/gooddealersmeds.com\/no\/product\/bestille-pulverisert-kokain-online-98-8-ren\/#breadcrumb"},"inLanguage":"en-US","potentialAction":[{"@type":"ReadAction","target":["https:\/\/gooddealersmeds.com\/no\/product\/bestille-pulverisert-kokain-online-98-8-ren\/"]}]},{"@type":"ImageObject","inLanguage":"en-US","@id":"https:\/\/gooddealersmeds.com\/no\/product\/bestille-pulverisert-kokain-online-98-8-ren\/#primaryimage","url":"https:\/\/gooddealersmeds.com\/no\/wp-content\/uploads\/sites\/8\/2022\/03\/coc.jpg","contentUrl":"https:\/\/gooddealersmeds.com\/no\/wp-content\/uploads\/sites\/8\/2022\/03\/coc.jpg","width":600,"height":600,"caption":"Buy Cocaine Powder Online"},{"@type":"BreadcrumbList","@id":"https:\/\/gooddealersmeds.com\/no\/product\/bestille-pulverisert-kokain-online-98-8-ren\/#breadcrumb","itemListElement":[{"@type":"ListItem","position":1,"name":"Home","item":"https:\/\/gooddealersmeds.com\/no\/"},{"@type":"ListItem","position":2,"name":"Produkter","item":"https:\/\/gooddealersmeds.com\/no\/produkter\/"},{"@type":"ListItem","position":3,"name":"Bestill pulverisert kokain online 98,8 % ren"}]},{"@type":"WebSite","@id":"https:\/\/gooddealersmeds.com\/no\/#website","url":"https:\/\/gooddealersmeds.com\/no\/","name":"Good Dealers Meds","description":"All our best","publisher":{"@id":"https:\/\/gooddealersmeds.com\/no\/#organization"},"potentialAction":[{"@type":"SearchAction","target":{"@type":"EntryPoint","urlTemplate":"https:\/\/gooddealersmeds.com\/no\/?s={search_term_string}"},"query-input":{"@type":"PropertyValueSpecification","valueRequired":true,"valueName":"search_term_string"}}],"inLanguage":"en-US"},{"@type":"Organization","@id":"https:\/\/gooddealersmeds.com\/no\/#organization","name":"Good Dealers Meds","url":"https:\/\/gooddealersmeds.com\/no\/","logo":{"@type":"ImageObject","inLanguage":"en-US","@id":"https:\/\/gooddealersmeds.com\/no\/#\/schema\/logo\/image\/","url":"https:\/\/gooddealersmeds.com\/no\/wp-content\/uploads\/sites\/8\/2022\/03\/gooddealersmeds__logo__20220317T222800Z.00.png","contentUrl":"https:\/\/gooddealersmeds.com\/no\/wp-content\/uploads\/sites\/8\/2022\/03\/gooddealersmeds__logo__20220317T222800Z.00.png","width":500,"height":325,"caption":"Good Dealers Meds"},"image":{"@id":"https:\/\/gooddealersmeds.com\/no\/#\/schema\/logo\/image\/"}}]}},"_links":{"self":[{"href":"https:\/\/gooddealersmeds.com\/no\/wp-json\/wp\/v2\/product\/1657","targetHints":{"allow":["GET"]}}],"collection":[{"href":"https:\/\/gooddealersmeds.com\/no\/wp-json\/wp\/v2\/product"}],"about":[{"href":"https:\/\/gooddealersmeds.com\/no\/wp-json\/wp\/v2\/types\/product"}],"replies":[{"embeddable":true,"href":"https:\/\/gooddealersmeds.com\/no\/wp-json\/wp\/v2\/comments?post=1657"}],"wp:featuredmedia":[{"embeddable":true,"href":"https:\/\/gooddealersmeds.com\/no\/wp-json\/wp\/v2\/media\/1666"}],"wp:attachment":[{"href":"https:\/\/gooddealersmeds.com\/no\/wp-json\/wp\/v2\/media?parent=1657"}],"wp:term":[{"taxonomy":"product_brand","embeddable":true,"href":"https:\/\/gooddealersmeds.com\/no\/wp-json\/wp\/v2\/product_brand?post=1657"},{"taxonomy":"product_cat","embeddable":true,"href":"https:\/\/gooddealersmeds.com\/no\/wp-json\/wp\/v2\/product_cat?post=1657"},{"taxonomy":"product_tag","embeddable":true,"href":"https:\/\/gooddealersmeds.com\/no\/wp-json\/wp\/v2\/product_tag?post=1657"}],"curies":[{"name":"wp","href":"https:\/\/api.w.org\/{rel}","templated":true}]}}