{"id":1639,"date":"2022-03-19T00:39:57","date_gmt":"2022-03-19T00:39:57","guid":{"rendered":"https:\/\/gooddealersmeds.com\/no\/?post_type=product&#038;p=1639"},"modified":"2022-10-03T21:27:47","modified_gmt":"2022-10-03T21:27:47","slug":"kjop-fentanyl-pulver-pa-nettet","status":"publish","type":"product","link":"https:\/\/gooddealersmeds.com\/no\/product\/kjop-fentanyl-pulver-pa-nettet\/","title":{"rendered":"Kj\u00f8p fentanylpulver p\u00e5 nett"},"content":{"rendered":"<h1><b>Kj\u00f8p Fentanyl Powder Online<br \/> <\/b><\/h1>\n<p><strong><em>Kj\u00f8p Fentanyl Powder Online<\/em><\/strong>; Fentanyl er et medlem av pro-drug-familien kjent som opioid. Dette pulveret brukes i behandlingen av mange sykdommer. Det finnes i b\u00e5de piller og pulverform. Fentanylpulver er smertestillende middel som brukes for \u00e5 f\u00e5 lindring fra smerte.<\/p>\n<p>Fentanyl brukes ogs\u00e5 til \u00e5 redusere eller fjerne enhver type smerte, dvs. kronisk smerte ogs\u00e5. Det ble f\u00f8rst syntetisert p\u00e5 1960-tallet og kom p\u00e5 markedet som medisin. Da ble den brukt til mindre form\u00e5l. Men de siste \u00e5rene har det ikke bare blitt brukt som medisin, men ogs\u00e5 som medikament i noen tilfeller.<\/p>\n<p>Fentanylpulver sammenlignes ofte med det mest kjente pro-medikamentet som er kjent som morfin. Det er et sv\u00e6rt h\u00f8yt potensial pro-drug som brukes og produseres enn\u00e5 i det medisinske feltet.<\/p>\n<p>Fentanyl Powder er nesten 50-100 ganger sterkere pro-drug enn morfin. Dette er hoved\u00e5rsaken bak suksessen og bruken i s\u00e5 stor skala.<\/p>\n<p>Fentanylpulver virker direkte p\u00e5 hjernen og endrer f\u00f8lelsen av \u00e5 f\u00f8le smerte fullstendig. Det fjerner smerten permanent eller delvis fra kroppen avhengig av smertetilstanden. P\u00e5 grunn av dens h\u00f8ye styrke, brukes det ofte til \u00e5 behandle alle typer smerter, fra innledende til kroniske smerter.<\/p>\n<p>Dette er noen funksjoner p\u00e5 grunn av at mange leger bruker dette pro-medikamentet i sine behandlinger. Mange medisiner som brukes i kirurgiske operasjoner har en viss andel av dette pro-medikamentet for \u00e5 redusere smerten ved kirurgi.<\/p>\n<p>Fentanylpulver er ikke bare popul\u00e6rt blant leger, men ogs\u00e5 popul\u00e6rt blant folk som kommer til dansebarer og klubber. Folk bruker dette pro-druget for \u00e5 slappe av n\u00e5r de blir lei av arbeidet og \u00f8nsker \u00e5 nyte livet.<\/p>\n<p>Ingrediensene som brukes til \u00e5 lage dette pro-druget har ogs\u00e5 en egenskap som er nyttig for \u00e5 f\u00e5 skikkelig s\u00f8vn. P\u00e5 grunn av denne grunn har det blitt veldig popul\u00e6rt blant folk som st\u00e5r overfor problemer som depresjon.<\/p>\n<p>Fentanylpulver er lett tilgjengelig p\u00e5 nettmarkedet. V\u00e5r <span style=\"color: #333333\"><a style=\"color: #333333\" href=\"https:\/\/gooddealersmeds.com\/no\/\">nettbutikk<\/a><\/span> har ogs\u00e5 handel med dette pro-stoffet i b\u00e5de piller og pulverform. Butikken v\u00e5r tilbyr ogs\u00e5 levering av produktet p\u00e5 sv\u00e6rt kort tid p\u00e5 d\u00f8rstokken.<\/p>\n<p>&nbsp;<\/p>\n<p>&nbsp;<\/p>\n<pre><strong>Kj\u00f8p fentanylpulver Online - kj\u00f8p pulver , kj\u00f8p fentanyl pulver , kj\u00f8p fentanyl p\u00e5 nettet, Hvor kan man kj\u00f8pe fentanyl pulver , fentanyl pulver til salgs, pulver til salgs, kj\u00f8p pulver p\u00e5 nettet, hvor kan man kj\u00f8pe fentanyl pulver p\u00e5 nettet , fentanyl pulver til salgs i usa , USA, canada, uk, kj\u00f8p, online, leverand\u00f8rer, sikker levering, Du kan fortsatt f\u00e5 Fentanyl Powder , Er Fentanyl Powder lovlig i usa, kj\u00f8p Fentanyl Powder online usa, hvordan bestiller Fentanyl Powder , Er Fentanyl Powder lovlig i Canada<\/strong><\/pre>\n","protected":false},"excerpt":{"rendered":"<p>Fentanyl behandler alvorlige, vedvarende smerter som ikke kan kontrolleres med andre legemidler. Dette legemidlet er et narkotisk smertestillende middel.<br \/> Kj\u00f8p Fentanyl av h\u00f8y kvalitet online i dag til sv\u00e6rt lave premier fra Vi tilbyr diskret frakt og pengene-tilbake-garanti.<\/p>\n<p>produktprisen er som: per gram<\/p>\n","protected":false},"featured_media":1648,"comment_status":"open","ping_status":"closed","template":"","meta":{"inline_featured_image":false},"product_brand":[],"product_cat":[347],"product_tag":[203,105,206,210,207,201,205,200,204,209,97,199,198,208,107,108,202,110,109,106,104],"class_list":{"0":"post-1639","1":"product","2":"type-product","3":"status-publish","4":"has-post-thumbnail","6":"product_cat-opioid-smertestillende","7":"product_tag-buy-powder-online","8":"product_tag-canada","9":"product_tag-du-kan-fortsatt-f-fentanyl-pulver","10":"product_tag-er-fentanyl-pulver-lovlig-i-canada","11":"product_tag-er-fentanyl-pulver-lovlig-i-usa","12":"product_tag-fentanyl-pulver-til-salg","13":"product_tag-fentanyl-pulver-til-salg-i-usa","14":"product_tag-hvor-kan-kjpes-fentanyl-pulver","15":"product_tag-hvor-kan-kjpes-fentanyl-pulver-p-nettet","16":"product_tag-hvordan-bestille-fentanyl-pulver","17":"product_tag-kjp-fentanyl-online","18":"product_tag-kjpe-fentanyl-pulver","19":"product_tag-kjp-fentanyl-pulver-online-kjp-pulver","20":"product_tag-kjp-fentanyl-pulver-online-usa","21":"product_tag-kjpe","22":"product_tag-p-nett","23":"product_tag-pulver-til-salg","24":"product_tag-sikker-levering","25":"product_tag-suppliers","26":"product_tag-uk","27":"product_tag-usa","28":"pa_grams-1-kg-1000-g","29":"pa_grams-10-g","30":"pa_grams-100-g","31":"pa_grams-20-g","32":"pa_grams-200-g","33":"pa_grams-35-g","34":"pa_grams-50-g","35":"pa_grams-500-g","37":"first","38":"instock","39":"featured","40":"shipping-taxable","41":"purchasable","42":"product-type-variable","43":"has-default-attributes"},"yoast_head":"<!-- This site is optimized with the Yoast SEO Premium plugin v20.6 (Yoast SEO v27.3) - https:\/\/yoast.com\/product\/yoast-seo-premium-wordpress\/ -->\n<title>Kj\u00f8p fentanylpulver p\u00e5 nett | Gode \u200b\u200bforhandlere medisiner<\/title>\n<meta name=\"description\" content=\"Fentanylpulver er mye brukt som et ekstremt stoff. Kj\u00f8p Fentanyl Powder Online uten resept til de beste prisene fra Good Dealers Meds.\" \/>\n<meta name=\"robots\" content=\"index, follow, max-snippet:-1, max-image-preview:large, max-video-preview:-1\" \/>\n<link rel=\"canonical\" href=\"https:\/\/gooddealersmeds.com\/no\/product\/kjop-fentanyl-pulver-pa-nettet\/\" \/>\n<meta property=\"og:locale\" content=\"en_US\" \/>\n<meta property=\"og:type\" content=\"article\" \/>\n<meta property=\"og:title\" content=\"Kj\u00f8p fentanylpulver p\u00e5 nett\" \/>\n<meta property=\"og:description\" content=\"Fentanylpulver er mye brukt som et ekstremt stoff. Kj\u00f8p Fentanyl Powder Online uten resept til de beste prisene fra Good Dealers Meds.\" \/>\n<meta property=\"og:url\" content=\"https:\/\/gooddealersmeds.com\/no\/product\/kjop-fentanyl-pulver-pa-nettet\/\" \/>\n<meta property=\"og:site_name\" content=\"Good Dealers Meds\" \/>\n<meta property=\"article:modified_time\" content=\"2022-10-03T21:27:47+00:00\" \/>\n<meta property=\"og:image\" content=\"https:\/\/gooddealersmeds.com\/no\/wp-content\/uploads\/sites\/8\/2022\/03\/buy-metizolam-powder-online.jpg\" \/>\n\t<meta property=\"og:image:width\" content=\"600\" \/>\n\t<meta property=\"og:image:height\" content=\"600\" \/>\n\t<meta property=\"og:image:type\" content=\"image\/jpeg\" \/>\n<meta name=\"twitter:card\" content=\"summary_large_image\" \/>\n<meta name=\"twitter:label1\" content=\"Est. reading time\" \/>\n\t<meta name=\"twitter:data1\" content=\"2 minutes\" \/>\n<script type=\"application\/ld+json\" class=\"yoast-schema-graph\">{\"@context\":\"https:\\\/\\\/schema.org\",\"@graph\":[{\"@type\":\"WebPage\",\"@id\":\"https:\\\/\\\/gooddealersmeds.com\\\/no\\\/product\\\/kjop-fentanyl-pulver-pa-nettet\\\/\",\"url\":\"https:\\\/\\\/gooddealersmeds.com\\\/no\\\/product\\\/kjop-fentanyl-pulver-pa-nettet\\\/\",\"name\":\"Kj\u00f8p fentanylpulver p\u00e5 nett | Gode \u200b\u200bforhandlere medisiner\",\"isPartOf\":{\"@id\":\"https:\\\/\\\/gooddealersmeds.com\\\/no\\\/#website\"},\"primaryImageOfPage\":{\"@id\":\"https:\\\/\\\/gooddealersmeds.com\\\/no\\\/product\\\/kjop-fentanyl-pulver-pa-nettet\\\/#primaryimage\"},\"image\":{\"@id\":\"https:\\\/\\\/gooddealersmeds.com\\\/no\\\/product\\\/kjop-fentanyl-pulver-pa-nettet\\\/#primaryimage\"},\"thumbnailUrl\":\"https:\\\/\\\/gooddealersmeds.com\\\/no\\\/wp-content\\\/uploads\\\/sites\\\/8\\\/2022\\\/03\\\/buy-metizolam-powder-online.jpg\",\"datePublished\":\"2022-03-19T00:39:57+00:00\",\"dateModified\":\"2022-10-03T21:27:47+00:00\",\"description\":\"Fentanylpulver er mye brukt som et ekstremt stoff. Kj\u00f8p Fentanyl Powder Online uten resept til de beste prisene fra Good Dealers Meds.\",\"breadcrumb\":{\"@id\":\"https:\\\/\\\/gooddealersmeds.com\\\/no\\\/product\\\/kjop-fentanyl-pulver-pa-nettet\\\/#breadcrumb\"},\"inLanguage\":\"en-US\",\"potentialAction\":[{\"@type\":\"ReadAction\",\"target\":[\"https:\\\/\\\/gooddealersmeds.com\\\/no\\\/product\\\/kjop-fentanyl-pulver-pa-nettet\\\/\"]}]},{\"@type\":\"ImageObject\",\"inLanguage\":\"en-US\",\"@id\":\"https:\\\/\\\/gooddealersmeds.com\\\/no\\\/product\\\/kjop-fentanyl-pulver-pa-nettet\\\/#primaryimage\",\"url\":\"https:\\\/\\\/gooddealersmeds.com\\\/no\\\/wp-content\\\/uploads\\\/sites\\\/8\\\/2022\\\/03\\\/buy-metizolam-powder-online.jpg\",\"contentUrl\":\"https:\\\/\\\/gooddealersmeds.com\\\/no\\\/wp-content\\\/uploads\\\/sites\\\/8\\\/2022\\\/03\\\/buy-metizolam-powder-online.jpg\",\"width\":600,\"height\":600,\"caption\":\"Buy Fentanyl Powder Online\"},{\"@type\":\"BreadcrumbList\",\"@id\":\"https:\\\/\\\/gooddealersmeds.com\\\/no\\\/product\\\/kjop-fentanyl-pulver-pa-nettet\\\/#breadcrumb\",\"itemListElement\":[{\"@type\":\"ListItem\",\"position\":1,\"name\":\"Home\",\"item\":\"https:\\\/\\\/gooddealersmeds.com\\\/no\\\/\"},{\"@type\":\"ListItem\",\"position\":2,\"name\":\"Produkter\",\"item\":\"https:\\\/\\\/gooddealersmeds.com\\\/no\\\/produkter\\\/\"},{\"@type\":\"ListItem\",\"position\":3,\"name\":\"Kj\u00f8p fentanylpulver p\u00e5 nett\"}]},{\"@type\":\"WebSite\",\"@id\":\"https:\\\/\\\/gooddealersmeds.com\\\/no\\\/#website\",\"url\":\"https:\\\/\\\/gooddealersmeds.com\\\/no\\\/\",\"name\":\"Good Dealers Meds\",\"description\":\"All our best\",\"publisher\":{\"@id\":\"https:\\\/\\\/gooddealersmeds.com\\\/no\\\/#organization\"},\"potentialAction\":[{\"@type\":\"SearchAction\",\"target\":{\"@type\":\"EntryPoint\",\"urlTemplate\":\"https:\\\/\\\/gooddealersmeds.com\\\/no\\\/?s={search_term_string}\"},\"query-input\":{\"@type\":\"PropertyValueSpecification\",\"valueRequired\":true,\"valueName\":\"search_term_string\"}}],\"inLanguage\":\"en-US\"},{\"@type\":\"Organization\",\"@id\":\"https:\\\/\\\/gooddealersmeds.com\\\/no\\\/#organization\",\"name\":\"Good Dealers Meds\",\"url\":\"https:\\\/\\\/gooddealersmeds.com\\\/no\\\/\",\"logo\":{\"@type\":\"ImageObject\",\"inLanguage\":\"en-US\",\"@id\":\"https:\\\/\\\/gooddealersmeds.com\\\/no\\\/#\\\/schema\\\/logo\\\/image\\\/\",\"url\":\"https:\\\/\\\/gooddealersmeds.com\\\/no\\\/wp-content\\\/uploads\\\/sites\\\/8\\\/2022\\\/03\\\/gooddealersmeds__logo__20220317T222800Z.00.png\",\"contentUrl\":\"https:\\\/\\\/gooddealersmeds.com\\\/no\\\/wp-content\\\/uploads\\\/sites\\\/8\\\/2022\\\/03\\\/gooddealersmeds__logo__20220317T222800Z.00.png\",\"width\":500,\"height\":325,\"caption\":\"Good Dealers Meds\"},\"image\":{\"@id\":\"https:\\\/\\\/gooddealersmeds.com\\\/no\\\/#\\\/schema\\\/logo\\\/image\\\/\"}}]}<\/script>\n<!-- \/ Yoast SEO Premium plugin. -->","yoast_head_json":{"title":"Kj\u00f8p fentanylpulver p\u00e5 nett | Gode \u200b\u200bforhandlere medisiner","description":"Fentanylpulver er mye brukt som et ekstremt stoff. Kj\u00f8p Fentanyl Powder Online uten resept til de beste prisene fra Good Dealers Meds.","robots":{"index":"index","follow":"follow","max-snippet":"max-snippet:-1","max-image-preview":"max-image-preview:large","max-video-preview":"max-video-preview:-1"},"canonical":"https:\/\/gooddealersmeds.com\/no\/product\/kjop-fentanyl-pulver-pa-nettet\/","og_locale":"en_US","og_type":"article","og_title":"Kj\u00f8p fentanylpulver p\u00e5 nett","og_description":"Fentanylpulver er mye brukt som et ekstremt stoff. Kj\u00f8p Fentanyl Powder Online uten resept til de beste prisene fra Good Dealers Meds.","og_url":"https:\/\/gooddealersmeds.com\/no\/product\/kjop-fentanyl-pulver-pa-nettet\/","og_site_name":"Good Dealers Meds","article_modified_time":"2022-10-03T21:27:47+00:00","og_image":[{"width":600,"height":600,"url":"https:\/\/gooddealersmeds.com\/no\/wp-content\/uploads\/sites\/8\/2022\/03\/buy-metizolam-powder-online.jpg","type":"image\/jpeg"}],"twitter_card":"summary_large_image","twitter_misc":{"Est. reading time":"2 minutes"},"schema":{"@context":"https:\/\/schema.org","@graph":[{"@type":"WebPage","@id":"https:\/\/gooddealersmeds.com\/no\/product\/kjop-fentanyl-pulver-pa-nettet\/","url":"https:\/\/gooddealersmeds.com\/no\/product\/kjop-fentanyl-pulver-pa-nettet\/","name":"Kj\u00f8p fentanylpulver p\u00e5 nett | Gode \u200b\u200bforhandlere medisiner","isPartOf":{"@id":"https:\/\/gooddealersmeds.com\/no\/#website"},"primaryImageOfPage":{"@id":"https:\/\/gooddealersmeds.com\/no\/product\/kjop-fentanyl-pulver-pa-nettet\/#primaryimage"},"image":{"@id":"https:\/\/gooddealersmeds.com\/no\/product\/kjop-fentanyl-pulver-pa-nettet\/#primaryimage"},"thumbnailUrl":"https:\/\/gooddealersmeds.com\/no\/wp-content\/uploads\/sites\/8\/2022\/03\/buy-metizolam-powder-online.jpg","datePublished":"2022-03-19T00:39:57+00:00","dateModified":"2022-10-03T21:27:47+00:00","description":"Fentanylpulver er mye brukt som et ekstremt stoff. Kj\u00f8p Fentanyl Powder Online uten resept til de beste prisene fra Good Dealers Meds.","breadcrumb":{"@id":"https:\/\/gooddealersmeds.com\/no\/product\/kjop-fentanyl-pulver-pa-nettet\/#breadcrumb"},"inLanguage":"en-US","potentialAction":[{"@type":"ReadAction","target":["https:\/\/gooddealersmeds.com\/no\/product\/kjop-fentanyl-pulver-pa-nettet\/"]}]},{"@type":"ImageObject","inLanguage":"en-US","@id":"https:\/\/gooddealersmeds.com\/no\/product\/kjop-fentanyl-pulver-pa-nettet\/#primaryimage","url":"https:\/\/gooddealersmeds.com\/no\/wp-content\/uploads\/sites\/8\/2022\/03\/buy-metizolam-powder-online.jpg","contentUrl":"https:\/\/gooddealersmeds.com\/no\/wp-content\/uploads\/sites\/8\/2022\/03\/buy-metizolam-powder-online.jpg","width":600,"height":600,"caption":"Buy Fentanyl Powder Online"},{"@type":"BreadcrumbList","@id":"https:\/\/gooddealersmeds.com\/no\/product\/kjop-fentanyl-pulver-pa-nettet\/#breadcrumb","itemListElement":[{"@type":"ListItem","position":1,"name":"Home","item":"https:\/\/gooddealersmeds.com\/no\/"},{"@type":"ListItem","position":2,"name":"Produkter","item":"https:\/\/gooddealersmeds.com\/no\/produkter\/"},{"@type":"ListItem","position":3,"name":"Kj\u00f8p fentanylpulver p\u00e5 nett"}]},{"@type":"WebSite","@id":"https:\/\/gooddealersmeds.com\/no\/#website","url":"https:\/\/gooddealersmeds.com\/no\/","name":"Good Dealers Meds","description":"All our best","publisher":{"@id":"https:\/\/gooddealersmeds.com\/no\/#organization"},"potentialAction":[{"@type":"SearchAction","target":{"@type":"EntryPoint","urlTemplate":"https:\/\/gooddealersmeds.com\/no\/?s={search_term_string}"},"query-input":{"@type":"PropertyValueSpecification","valueRequired":true,"valueName":"search_term_string"}}],"inLanguage":"en-US"},{"@type":"Organization","@id":"https:\/\/gooddealersmeds.com\/no\/#organization","name":"Good Dealers Meds","url":"https:\/\/gooddealersmeds.com\/no\/","logo":{"@type":"ImageObject","inLanguage":"en-US","@id":"https:\/\/gooddealersmeds.com\/no\/#\/schema\/logo\/image\/","url":"https:\/\/gooddealersmeds.com\/no\/wp-content\/uploads\/sites\/8\/2022\/03\/gooddealersmeds__logo__20220317T222800Z.00.png","contentUrl":"https:\/\/gooddealersmeds.com\/no\/wp-content\/uploads\/sites\/8\/2022\/03\/gooddealersmeds__logo__20220317T222800Z.00.png","width":500,"height":325,"caption":"Good Dealers Meds"},"image":{"@id":"https:\/\/gooddealersmeds.com\/no\/#\/schema\/logo\/image\/"}}]}},"_links":{"self":[{"href":"https:\/\/gooddealersmeds.com\/no\/wp-json\/wp\/v2\/product\/1639","targetHints":{"allow":["GET"]}}],"collection":[{"href":"https:\/\/gooddealersmeds.com\/no\/wp-json\/wp\/v2\/product"}],"about":[{"href":"https:\/\/gooddealersmeds.com\/no\/wp-json\/wp\/v2\/types\/product"}],"replies":[{"embeddable":true,"href":"https:\/\/gooddealersmeds.com\/no\/wp-json\/wp\/v2\/comments?post=1639"}],"wp:featuredmedia":[{"embeddable":true,"href":"https:\/\/gooddealersmeds.com\/no\/wp-json\/wp\/v2\/media\/1648"}],"wp:attachment":[{"href":"https:\/\/gooddealersmeds.com\/no\/wp-json\/wp\/v2\/media?parent=1639"}],"wp:term":[{"taxonomy":"product_brand","embeddable":true,"href":"https:\/\/gooddealersmeds.com\/no\/wp-json\/wp\/v2\/product_brand?post=1639"},{"taxonomy":"product_cat","embeddable":true,"href":"https:\/\/gooddealersmeds.com\/no\/wp-json\/wp\/v2\/product_cat?post=1639"},{"taxonomy":"product_tag","embeddable":true,"href":"https:\/\/gooddealersmeds.com\/no\/wp-json\/wp\/v2\/product_tag?post=1639"}],"curies":[{"name":"wp","href":"https:\/\/api.w.org\/{rel}","templated":true}]}}