{"id":1627,"date":"2022-03-19T00:28:52","date_gmt":"2022-03-19T00:28:52","guid":{"rendered":"https:\/\/gooddealersmeds.com\/no\/?post_type=product&#038;p=1627"},"modified":"2022-10-03T21:27:54","modified_gmt":"2022-10-03T21:27:54","slug":"kjop-rene-mdma-krystaller-online","status":"publish","type":"product","link":"https:\/\/gooddealersmeds.com\/no\/product\/kjop-rene-mdma-krystaller-online\/","title":{"rendered":"Kj\u00f8p rene MDMA-krystaller p\u00e5 nett"},"content":{"rendered":"<p>Kj\u00f8p Pure Mdma Crystals Online fra butikken v\u00e5r. <a href=\"https:\/\/gooddealersmeds.com\/no\/product\/buy-pure-mdma-crystals-online\/\">MDMA<\/a> er et sentralstimulerende stoff med euforiske og lett hallusinogene egenskaper. MDMA kommer i to former, piller og pulver\/krystaller og kan tas oralt eller snort.<\/p>\n<p>Substans 3, 4-metylendioksymetamfetamin er et amfetaminderivat som har vunnet betydelig popularitet de siste \u00e5rene og har blitt det rekreative valg av stoff for mange ungdommer og unge voksne. Personer som tar MDMA beskriver en f\u00f8lelse av eufori, tap av hemming, en f\u00f8lelse av n\u00e6rhet og\/eller empati og \u00f8kt sensualitet. \u00abMolly\u00bb, pulver- eller krystallformen av MDMA, kjemikaliet som brukes i ecstasy, har v\u00e6rt et popul\u00e6rt stoff.<\/p>\n<p>Dosering vil avhenge av en rekke faktorer, inkludert toleranse, kj\u00f8nn og hvordan det tas (enten nasalt). eller muntlig). Dette er kun en veiledning.<\/p>\n<p>Anbefalt dose = 50 mg + kroppsvekten din i kilo<\/p>\n<p>Blant effektene som kan oppst\u00e5 som f\u00f8lge av MDMA-bruk er f\u00f8lgende:<\/p>\n<ul>\n<li>\u00d8kt vitalitet\/bevissthet<\/li>\n<li>Eufori<\/li>\n<li>\u00d8kt empati eller f\u00f8lelsen av \u00e5 v\u00e6re &#8220;elsket&#8221;<\/li>\n<li>\u00d8kt aktelse for musikk<\/li>\n<li>Hallusinasjoner av mild karakter<\/li>\n<li>Temperatur\u00f8kning<\/li>\n<li>Knypning av\u00a0kjeve, gnissing av tenner og tygging av tunge og kinn (gnissing)<\/li>\n<li>Kvalme\/oppkast<\/li>\n<li>Manglende evne til orgasme\/erektil dysfunksjon<\/li>\n<\/ul>\n<p>Bestillingen v\u00e5r er helt privat og sikker. Videre behandler vi v\u00e5re bestillinger med st\u00f8rste hensyn til ditt privatliv som klient. For det andre jobber vi hardt for \u00e5 holde leveringen s\u00e5 diskret som mulig. For din VIP-levering bruker vi et anerkjent fraktselskap.<\/p>\n<p>I tillegg kan vi forsikre pakken din for \u00e5 sikre dens sikkerhet under transport fra skipet til d\u00f8ren din. Til slutt holder vi all informasjonen din sikker og vil aldri gi den bort eller avsl\u00f8re den uten din tillatelse.<\/p>\n<p>Kunder over hele verden kan kj\u00f8pe rene MDMA-krystaller online med eller uten resept fra v\u00e5r <a href=\"https:\/\/gooddealersmeds.com\/no\/products\/\">butikk<\/a>.<\/p>\n","protected":false},"excerpt":{"rendered":"<p>Ecstasy\/Molly Crystals til salgs (kj\u00f8p Ecstasy\/Molly Crystals online). Kj\u00f8p rene MDMA-krystaller p\u00e5 nett, metylonkrystaller p\u00e5 nett, kj\u00f8p metylon p\u00e5 nettet, kj\u00f8p ecstasykrystaller p\u00e5 nett, kj\u00f8p Molly-krystaller p\u00e5 nett<\/p>\n","protected":false},"featured_media":1637,"comment_status":"open","ping_status":"closed","template":"","meta":{"inline_featured_image":false},"product_brand":[],"product_cat":[343],"product_tag":[185,191,187,194,197,195,188,192,196,186,107,189,190,193],"class_list":{"0":"post-1627","1":"product","2":"type-product","3":"status-publish","4":"has-post-thumbnail","6":"product_cat-andre","7":"product_tag-buy-pure-mdma-crystals-online-buy-pure-mdma-crystals","8":"product_tag-buy-pure-mdma-crystals-online-near-me","9":"product_tag-buy-pure-mdma-crystals-online-usa","10":"product_tag-du-kan-fortsatt-f-rene-mdma-krystaller","11":"product_tag-er-rene-mdma-krystaller-lovlige-i-canada","12":"product_tag-er-rene-mdma-krystaller-lovlige-i-usa","13":"product_tag-hvor-kan-kjpes-rene-mdma-krystaller","14":"product_tag-hvor-kan-kjpes-rene-mdma-krystaller-online","15":"product_tag-hvordan-bestille-rene-mdma-krystaller","16":"product_tag-kjp-rene-mdma-krystaller-usa","17":"product_tag-kjpe","18":"product_tag-rene-mdma-krystaller-til-salg","19":"product_tag-rene-mdma-krystaller-til-salg-nr-meg","20":"product_tag-rene-mdma-krystaller-til-salg-i-usa","21":"pa_grams-1-kg-1000-g","22":"pa_grams-100-g","23":"pa_grams-20-g","24":"pa_grams-200-g","25":"pa_grams-250-g","26":"pa_grams-35-g","27":"pa_grams-50-g","28":"pa_grams-500-g","30":"first","31":"instock","32":"featured","33":"shipping-taxable","34":"purchasable","35":"product-type-variable","36":"has-default-attributes"},"yoast_head":"<!-- This site is optimized with the Yoast SEO Premium plugin v20.6 (Yoast SEO v27.3) - https:\/\/yoast.com\/product\/yoast-seo-premium-wordpress\/ -->\n<title>Kj\u00f8p Pure MDMA Crystals Online | MDMA til salgsGood Dealers Meds<\/title>\n<meta name=\"description\" content=\"Kj\u00f8p rene MDMA-krystaller p\u00e5 nett. Vi selger Pure MDMA med billigere tilbud som kan kj\u00f8pes i bulk fra Good Dealers Meds og forblir anonyme.\" \/>\n<meta name=\"robots\" content=\"index, follow, max-snippet:-1, max-image-preview:large, max-video-preview:-1\" \/>\n<link rel=\"canonical\" href=\"https:\/\/gooddealersmeds.com\/no\/product\/kjop-rene-mdma-krystaller-online\/\" \/>\n<meta property=\"og:locale\" content=\"en_US\" \/>\n<meta property=\"og:type\" content=\"article\" \/>\n<meta property=\"og:title\" content=\"Kj\u00f8p rene MDMA-krystaller p\u00e5 nett\" \/>\n<meta property=\"og:description\" content=\"Kj\u00f8p rene MDMA-krystaller p\u00e5 nett. Vi selger Pure MDMA med billigere tilbud som kan kj\u00f8pes i bulk fra Good Dealers Meds og forblir anonyme.\" \/>\n<meta property=\"og:url\" content=\"https:\/\/gooddealersmeds.com\/no\/product\/kjop-rene-mdma-krystaller-online\/\" \/>\n<meta property=\"og:site_name\" content=\"Good Dealers Meds\" \/>\n<meta property=\"article:modified_time\" content=\"2022-10-03T21:27:54+00:00\" \/>\n<meta property=\"og:image\" content=\"https:\/\/gooddealersmeds.com\/no\/wp-content\/uploads\/sites\/8\/2022\/03\/Buy-pure-MDMA-Crystals-online.jpg\" \/>\n\t<meta property=\"og:image:width\" content=\"600\" \/>\n\t<meta property=\"og:image:height\" content=\"600\" \/>\n\t<meta property=\"og:image:type\" content=\"image\/jpeg\" \/>\n<meta name=\"twitter:card\" content=\"summary_large_image\" \/>\n<meta name=\"twitter:label1\" content=\"Est. reading time\" \/>\n\t<meta name=\"twitter:data1\" content=\"1 minute\" \/>\n<script type=\"application\/ld+json\" class=\"yoast-schema-graph\">{\"@context\":\"https:\\\/\\\/schema.org\",\"@graph\":[{\"@type\":\"WebPage\",\"@id\":\"https:\\\/\\\/gooddealersmeds.com\\\/no\\\/product\\\/kjop-rene-mdma-krystaller-online\\\/\",\"url\":\"https:\\\/\\\/gooddealersmeds.com\\\/no\\\/product\\\/kjop-rene-mdma-krystaller-online\\\/\",\"name\":\"Kj\u00f8p Pure MDMA Crystals Online | MDMA til salgsGood Dealers Meds\",\"isPartOf\":{\"@id\":\"https:\\\/\\\/gooddealersmeds.com\\\/no\\\/#website\"},\"primaryImageOfPage\":{\"@id\":\"https:\\\/\\\/gooddealersmeds.com\\\/no\\\/product\\\/kjop-rene-mdma-krystaller-online\\\/#primaryimage\"},\"image\":{\"@id\":\"https:\\\/\\\/gooddealersmeds.com\\\/no\\\/product\\\/kjop-rene-mdma-krystaller-online\\\/#primaryimage\"},\"thumbnailUrl\":\"https:\\\/\\\/gooddealersmeds.com\\\/no\\\/wp-content\\\/uploads\\\/sites\\\/8\\\/2022\\\/03\\\/Buy-pure-MDMA-Crystals-online.jpg\",\"datePublished\":\"2022-03-19T00:28:52+00:00\",\"dateModified\":\"2022-10-03T21:27:54+00:00\",\"description\":\"Kj\u00f8p rene MDMA-krystaller p\u00e5 nett. Vi selger Pure MDMA med billigere tilbud som kan kj\u00f8pes i bulk fra Good Dealers Meds og forblir anonyme.\",\"breadcrumb\":{\"@id\":\"https:\\\/\\\/gooddealersmeds.com\\\/no\\\/product\\\/kjop-rene-mdma-krystaller-online\\\/#breadcrumb\"},\"inLanguage\":\"en-US\",\"potentialAction\":[{\"@type\":\"ReadAction\",\"target\":[\"https:\\\/\\\/gooddealersmeds.com\\\/no\\\/product\\\/kjop-rene-mdma-krystaller-online\\\/\"]}]},{\"@type\":\"ImageObject\",\"inLanguage\":\"en-US\",\"@id\":\"https:\\\/\\\/gooddealersmeds.com\\\/no\\\/product\\\/kjop-rene-mdma-krystaller-online\\\/#primaryimage\",\"url\":\"https:\\\/\\\/gooddealersmeds.com\\\/no\\\/wp-content\\\/uploads\\\/sites\\\/8\\\/2022\\\/03\\\/Buy-pure-MDMA-Crystals-online.jpg\",\"contentUrl\":\"https:\\\/\\\/gooddealersmeds.com\\\/no\\\/wp-content\\\/uploads\\\/sites\\\/8\\\/2022\\\/03\\\/Buy-pure-MDMA-Crystals-online.jpg\",\"width\":600,\"height\":600,\"caption\":\"Buy MDMA Powder Online\"},{\"@type\":\"BreadcrumbList\",\"@id\":\"https:\\\/\\\/gooddealersmeds.com\\\/no\\\/product\\\/kjop-rene-mdma-krystaller-online\\\/#breadcrumb\",\"itemListElement\":[{\"@type\":\"ListItem\",\"position\":1,\"name\":\"Home\",\"item\":\"https:\\\/\\\/gooddealersmeds.com\\\/no\\\/\"},{\"@type\":\"ListItem\",\"position\":2,\"name\":\"Produkter\",\"item\":\"https:\\\/\\\/gooddealersmeds.com\\\/no\\\/produkter\\\/\"},{\"@type\":\"ListItem\",\"position\":3,\"name\":\"Kj\u00f8p rene MDMA-krystaller p\u00e5 nett\"}]},{\"@type\":\"WebSite\",\"@id\":\"https:\\\/\\\/gooddealersmeds.com\\\/no\\\/#website\",\"url\":\"https:\\\/\\\/gooddealersmeds.com\\\/no\\\/\",\"name\":\"Good Dealers Meds\",\"description\":\"All our best\",\"publisher\":{\"@id\":\"https:\\\/\\\/gooddealersmeds.com\\\/no\\\/#organization\"},\"potentialAction\":[{\"@type\":\"SearchAction\",\"target\":{\"@type\":\"EntryPoint\",\"urlTemplate\":\"https:\\\/\\\/gooddealersmeds.com\\\/no\\\/?s={search_term_string}\"},\"query-input\":{\"@type\":\"PropertyValueSpecification\",\"valueRequired\":true,\"valueName\":\"search_term_string\"}}],\"inLanguage\":\"en-US\"},{\"@type\":\"Organization\",\"@id\":\"https:\\\/\\\/gooddealersmeds.com\\\/no\\\/#organization\",\"name\":\"Good Dealers Meds\",\"url\":\"https:\\\/\\\/gooddealersmeds.com\\\/no\\\/\",\"logo\":{\"@type\":\"ImageObject\",\"inLanguage\":\"en-US\",\"@id\":\"https:\\\/\\\/gooddealersmeds.com\\\/no\\\/#\\\/schema\\\/logo\\\/image\\\/\",\"url\":\"https:\\\/\\\/gooddealersmeds.com\\\/no\\\/wp-content\\\/uploads\\\/sites\\\/8\\\/2022\\\/03\\\/gooddealersmeds__logo__20220317T222800Z.00.png\",\"contentUrl\":\"https:\\\/\\\/gooddealersmeds.com\\\/no\\\/wp-content\\\/uploads\\\/sites\\\/8\\\/2022\\\/03\\\/gooddealersmeds__logo__20220317T222800Z.00.png\",\"width\":500,\"height\":325,\"caption\":\"Good Dealers Meds\"},\"image\":{\"@id\":\"https:\\\/\\\/gooddealersmeds.com\\\/no\\\/#\\\/schema\\\/logo\\\/image\\\/\"}}]}<\/script>\n<!-- \/ Yoast SEO Premium plugin. -->","yoast_head_json":{"title":"Kj\u00f8p Pure MDMA Crystals Online | MDMA til salgsGood Dealers Meds","description":"Kj\u00f8p rene MDMA-krystaller p\u00e5 nett. Vi selger Pure MDMA med billigere tilbud som kan kj\u00f8pes i bulk fra Good Dealers Meds og forblir anonyme.","robots":{"index":"index","follow":"follow","max-snippet":"max-snippet:-1","max-image-preview":"max-image-preview:large","max-video-preview":"max-video-preview:-1"},"canonical":"https:\/\/gooddealersmeds.com\/no\/product\/kjop-rene-mdma-krystaller-online\/","og_locale":"en_US","og_type":"article","og_title":"Kj\u00f8p rene MDMA-krystaller p\u00e5 nett","og_description":"Kj\u00f8p rene MDMA-krystaller p\u00e5 nett. Vi selger Pure MDMA med billigere tilbud som kan kj\u00f8pes i bulk fra Good Dealers Meds og forblir anonyme.","og_url":"https:\/\/gooddealersmeds.com\/no\/product\/kjop-rene-mdma-krystaller-online\/","og_site_name":"Good Dealers Meds","article_modified_time":"2022-10-03T21:27:54+00:00","og_image":[{"width":600,"height":600,"url":"https:\/\/gooddealersmeds.com\/no\/wp-content\/uploads\/sites\/8\/2022\/03\/Buy-pure-MDMA-Crystals-online.jpg","type":"image\/jpeg"}],"twitter_card":"summary_large_image","twitter_misc":{"Est. reading time":"1 minute"},"schema":{"@context":"https:\/\/schema.org","@graph":[{"@type":"WebPage","@id":"https:\/\/gooddealersmeds.com\/no\/product\/kjop-rene-mdma-krystaller-online\/","url":"https:\/\/gooddealersmeds.com\/no\/product\/kjop-rene-mdma-krystaller-online\/","name":"Kj\u00f8p Pure MDMA Crystals Online | MDMA til salgsGood Dealers Meds","isPartOf":{"@id":"https:\/\/gooddealersmeds.com\/no\/#website"},"primaryImageOfPage":{"@id":"https:\/\/gooddealersmeds.com\/no\/product\/kjop-rene-mdma-krystaller-online\/#primaryimage"},"image":{"@id":"https:\/\/gooddealersmeds.com\/no\/product\/kjop-rene-mdma-krystaller-online\/#primaryimage"},"thumbnailUrl":"https:\/\/gooddealersmeds.com\/no\/wp-content\/uploads\/sites\/8\/2022\/03\/Buy-pure-MDMA-Crystals-online.jpg","datePublished":"2022-03-19T00:28:52+00:00","dateModified":"2022-10-03T21:27:54+00:00","description":"Kj\u00f8p rene MDMA-krystaller p\u00e5 nett. Vi selger Pure MDMA med billigere tilbud som kan kj\u00f8pes i bulk fra Good Dealers Meds og forblir anonyme.","breadcrumb":{"@id":"https:\/\/gooddealersmeds.com\/no\/product\/kjop-rene-mdma-krystaller-online\/#breadcrumb"},"inLanguage":"en-US","potentialAction":[{"@type":"ReadAction","target":["https:\/\/gooddealersmeds.com\/no\/product\/kjop-rene-mdma-krystaller-online\/"]}]},{"@type":"ImageObject","inLanguage":"en-US","@id":"https:\/\/gooddealersmeds.com\/no\/product\/kjop-rene-mdma-krystaller-online\/#primaryimage","url":"https:\/\/gooddealersmeds.com\/no\/wp-content\/uploads\/sites\/8\/2022\/03\/Buy-pure-MDMA-Crystals-online.jpg","contentUrl":"https:\/\/gooddealersmeds.com\/no\/wp-content\/uploads\/sites\/8\/2022\/03\/Buy-pure-MDMA-Crystals-online.jpg","width":600,"height":600,"caption":"Buy MDMA Powder Online"},{"@type":"BreadcrumbList","@id":"https:\/\/gooddealersmeds.com\/no\/product\/kjop-rene-mdma-krystaller-online\/#breadcrumb","itemListElement":[{"@type":"ListItem","position":1,"name":"Home","item":"https:\/\/gooddealersmeds.com\/no\/"},{"@type":"ListItem","position":2,"name":"Produkter","item":"https:\/\/gooddealersmeds.com\/no\/produkter\/"},{"@type":"ListItem","position":3,"name":"Kj\u00f8p rene MDMA-krystaller p\u00e5 nett"}]},{"@type":"WebSite","@id":"https:\/\/gooddealersmeds.com\/no\/#website","url":"https:\/\/gooddealersmeds.com\/no\/","name":"Good Dealers Meds","description":"All our best","publisher":{"@id":"https:\/\/gooddealersmeds.com\/no\/#organization"},"potentialAction":[{"@type":"SearchAction","target":{"@type":"EntryPoint","urlTemplate":"https:\/\/gooddealersmeds.com\/no\/?s={search_term_string}"},"query-input":{"@type":"PropertyValueSpecification","valueRequired":true,"valueName":"search_term_string"}}],"inLanguage":"en-US"},{"@type":"Organization","@id":"https:\/\/gooddealersmeds.com\/no\/#organization","name":"Good Dealers Meds","url":"https:\/\/gooddealersmeds.com\/no\/","logo":{"@type":"ImageObject","inLanguage":"en-US","@id":"https:\/\/gooddealersmeds.com\/no\/#\/schema\/logo\/image\/","url":"https:\/\/gooddealersmeds.com\/no\/wp-content\/uploads\/sites\/8\/2022\/03\/gooddealersmeds__logo__20220317T222800Z.00.png","contentUrl":"https:\/\/gooddealersmeds.com\/no\/wp-content\/uploads\/sites\/8\/2022\/03\/gooddealersmeds__logo__20220317T222800Z.00.png","width":500,"height":325,"caption":"Good Dealers Meds"},"image":{"@id":"https:\/\/gooddealersmeds.com\/no\/#\/schema\/logo\/image\/"}}]}},"_links":{"self":[{"href":"https:\/\/gooddealersmeds.com\/no\/wp-json\/wp\/v2\/product\/1627","targetHints":{"allow":["GET"]}}],"collection":[{"href":"https:\/\/gooddealersmeds.com\/no\/wp-json\/wp\/v2\/product"}],"about":[{"href":"https:\/\/gooddealersmeds.com\/no\/wp-json\/wp\/v2\/types\/product"}],"replies":[{"embeddable":true,"href":"https:\/\/gooddealersmeds.com\/no\/wp-json\/wp\/v2\/comments?post=1627"}],"wp:featuredmedia":[{"embeddable":true,"href":"https:\/\/gooddealersmeds.com\/no\/wp-json\/wp\/v2\/media\/1637"}],"wp:attachment":[{"href":"https:\/\/gooddealersmeds.com\/no\/wp-json\/wp\/v2\/media?parent=1627"}],"wp:term":[{"taxonomy":"product_brand","embeddable":true,"href":"https:\/\/gooddealersmeds.com\/no\/wp-json\/wp\/v2\/product_brand?post=1627"},{"taxonomy":"product_cat","embeddable":true,"href":"https:\/\/gooddealersmeds.com\/no\/wp-json\/wp\/v2\/product_cat?post=1627"},{"taxonomy":"product_tag","embeddable":true,"href":"https:\/\/gooddealersmeds.com\/no\/wp-json\/wp\/v2\/product_tag?post=1627"}],"curies":[{"name":"wp","href":"https:\/\/api.w.org\/{rel}","templated":true}]}}