{"id":1615,"date":"2022-03-19T00:11:34","date_gmt":"2022-03-19T00:11:34","guid":{"rendered":"https:\/\/gooddealersmeds.com\/no\/?post_type=product&#038;p=1615"},"modified":"2022-10-03T21:28:02","modified_gmt":"2022-10-03T21:28:02","slug":"kjop-crystal-meth-metamfetamin-online","status":"publish","type":"product","link":"https:\/\/gooddealersmeds.com\/no\/product\/kjop-crystal-meth-metamfetamin-online\/","title":{"rendered":"Kj\u00f8p Crystal Meth (metamfetamin) p\u00e5 nett"},"content":{"rendered":"<p>Is (crystal meth) er et metamfetamin, et medlem av amfetaminfamilien av narkotika. Det er et kraftig, sterkt vanedannende sentralstimulerende middel som p\u00e5virker sentralnervesystemet. Buy Crystal Meth Online er ulovlig handlet og solgt p\u00e5 grunn av deres mulighet for rekreasjonsbruk.<\/p>\n<p>Methamphetamine er et medlem av fenetylaminfamilien, som inkluderer en rekke stoffer som kan v\u00e6re stimulerende eller halluctinogener. Crystal meth er et sentralstimulerende middel som for\u00e5rsaker hypertensjon og takykardi med f\u00f8lelser av \u00f8kt selvtillit, omgjengelighet og energi. Metamfetamin har sporadisk terapeutisk bruk i behandlingen av narkolepsi og oppmerksomhetssvikt hyperaktivitetsforstyrrelse (ADHD).<\/p>\n<p>Ogs\u00e5 kjent som meth, kritt, is og krystall, blant mange andre termer, har det formen av en hvit , luktfritt, bittert smakende krystallinsk pulver som lett l\u00f8ses opp i vann eller alkohol. ble utviklet tidlig p\u00e5 1900-tallet fra det opprinnelige kjemikaliet, amfetamin, og ble opprinnelig brukt i neseavsvellende midler og bronkialinhalatorer.<\/p>\n<p>Dette relativt vanlige stoffet har fortsatt v\u00e6rt popul\u00e6rt blant rusmiddelbrukere fordi det virker raskt og produserer en intens euforisk f\u00f8lelse. Siden det enkelt kan lages i hjemmelaboratorier, er det en jevn og lett tilgjengelig str\u00f8m av produktet for de som blir avhengige.<\/p>\n<p>Akkurat som amfetamin, for\u00e5rsaker krystall meth \u00f8kt aktivitet og pratsomhet, nedsatt appetitt og en herlig f\u00f8lelse av velv\u00e6re eller eufori. Imidlertid skiller crystal meth seg fra amfetamin ved at ved sammenlignbare doser kommer langt flere mengder av stoffet inn i hjernen, noe som gj\u00f8r det til et mer effektivt sentralstimulerende middel. Det har ogs\u00e5 lengre varige og mer alvorlige effekter p\u00e5 sentralnervesystemet. Disse egenskapene gj\u00f8r det til et medikament med betydelig potensial for omfattende misbruk.<\/p>\n<p>Crystal meth kan r\u00f8ykes, sn\u00f8ftes, svelges eller injiseres. Den brukes ofte p\u00e5 fester fordi den \u00f8ker v\u00e5kenheten og lar deg v\u00e6re v\u00e5ken lenger enn normalt.<\/p>\n<p>Det kraftige hastverket folk f\u00e5r av \u00e5 bruke meth, gj\u00f8r at mange blir hekta helt fra starten av. N\u00e5r det brukes, oversv\u00f8mmer et kjemikalie kalt dopamin delene av hjernen som regulerer f\u00f8lelsen av nytelse. Brukere f\u00f8ler seg ogs\u00e5 trygge og energiske.<\/p>\n<p>Du kan bestille Crystal Meth online fra v\u00e5r <a href=\"https:\/\/gooddealersmeds.com\/no\/products\/\">butikk<\/a> med sikker frakt av alt over Europa.<\/p>\n","protected":false},"excerpt":{"rendered":"<p>Beste butikken for \u00e5 bestille glass. Du kan kj\u00f8pe <strong>crystal meth<\/strong> online n\u00e5 og f\u00e5 den levert til deg neste dag. Den nyeste eller siste formen for krystallmetamfetamin er nesten 100 prosent ren. Den er luktfri og kan r\u00f8ykes i glasspiper.<\/p>\n<p>Vi leverer produkter med h\u00f8y renhet med et meget godt og diskret fraktsystem. Med erfaring p\u00e5 12 \u00e5r med leveranse innen forskningskjemikalier; vi konsentrerer oss om sikkerhet.<\/p>\n<p>Vi er p\u00e5litelige, p\u00e5litelige, rask levering og h\u00f8ykvalitetsprodukter kun til en overkommelig pris.<\/p>\n","protected":false},"featured_media":1626,"comment_status":"open","ping_status":"closed","template":"","meta":{"inline_featured_image":false},"product_brand":[],"product_cat":[343],"product_tag":[176,178,169,173,171,179,172,166,164,167,165,107,177,168,183,182,170,174,181,175,108,184,180],"class_list":{"0":"post-1615","1":"product","2":"type-product","3":"status-publish","4":"has-post-thumbnail","6":"product_cat-andre","7":"product_tag-bestill-crystal-meth-online","8":"product_tag-bestille-krystall-metamfetamin","9":"product_tag-bestille-metamfetamin-online","10":"product_tag-hvor-kan-kjpe-crystal-meth","11":"product_tag-hvor-kan-kjpes-metamfetamin","12":"product_tag-kjp","13":"product_tag-kjp-forskning-kjemikalier-online-kjp-crystal-meth","14":"product_tag-kjp-meth-krystall","15":"product_tag-kjp-met-krystall-metamfetamin-billig-p-nettet","16":"product_tag-kjp-met-krystall-metamfetamin-online","17":"product_tag-kjp-meth-krystall-online","18":"product_tag-kjpe","19":"product_tag-kjpe-krystall-metamfetamin","20":"product_tag-kjpe-metamfetamin","21":"product_tag-krystall","22":"product_tag-metamfetamin","23":"product_tag-metamfetamin-til-salg","24":"product_tag-metamfetamin-til-salg-online","25":"product_tag-meth","26":"product_tag-order-meth","27":"product_tag-p-nett","28":"product_tag-pulver","29":"product_tag-sikker","30":"pa_grams-1-kg-1000-g","31":"pa_grams-100-g","32":"pa_grams-20-g","33":"pa_grams-200-g","34":"pa_grams-250-g","35":"pa_grams-35-g","36":"pa_grams-50-g","37":"pa_grams-500-g","39":"first","40":"instock","41":"featured","42":"shipping-taxable","43":"purchasable","44":"product-type-variable","45":"has-default-attributes"},"yoast_head":"<!-- This site is optimized with the Yoast SEO Premium plugin v20.6 (Yoast SEO v27.4) - https:\/\/yoast.com\/product\/yoast-seo-premium-wordpress\/ -->\n<title>Kj\u00f8p Crystal Meth Online (metamfetamin) | Gode \u200b\u200bforhandlere medisiner<\/title>\n<meta name=\"description\" content=\"Kj\u00f8p Crystal Meth Methamphetamine Online fra Good Dealers Meds. Vi leverer trygg og sikker frakt til USA, Canada og verden.\" \/>\n<meta name=\"robots\" content=\"index, follow, max-snippet:-1, max-image-preview:large, max-video-preview:-1\" \/>\n<link rel=\"canonical\" href=\"https:\/\/gooddealersmeds.com\/no\/product\/kjop-crystal-meth-metamfetamin-online\/\" \/>\n<meta property=\"og:locale\" content=\"en_US\" \/>\n<meta property=\"og:type\" content=\"article\" \/>\n<meta property=\"og:title\" content=\"Kj\u00f8p Crystal Meth (metamfetamin) p\u00e5 nett\" \/>\n<meta property=\"og:description\" content=\"Kj\u00f8p Crystal Meth Methamphetamine Online fra Good Dealers Meds. Vi leverer trygg og sikker frakt til USA, Canada og verden.\" \/>\n<meta property=\"og:url\" content=\"https:\/\/gooddealersmeds.com\/no\/product\/kjop-crystal-meth-metamfetamin-online\/\" \/>\n<meta property=\"og:site_name\" content=\"Good Dealers Meds\" \/>\n<meta property=\"article:modified_time\" content=\"2022-10-03T21:28:02+00:00\" \/>\n<meta property=\"og:image\" content=\"https:\/\/gooddealersmeds.com\/no\/wp-content\/uploads\/sites\/8\/2022\/03\/Buy-Crystal-Meth-Online.jpg\" \/>\n\t<meta property=\"og:image:width\" content=\"600\" \/>\n\t<meta property=\"og:image:height\" content=\"600\" \/>\n\t<meta property=\"og:image:type\" content=\"image\/jpeg\" \/>\n<meta name=\"twitter:card\" content=\"summary_large_image\" \/>\n<meta name=\"twitter:label1\" content=\"Est. reading time\" \/>\n\t<meta name=\"twitter:data1\" content=\"2 minutes\" \/>\n<script type=\"application\/ld+json\" class=\"yoast-schema-graph\">{\"@context\":\"https:\\\/\\\/schema.org\",\"@graph\":[{\"@type\":\"WebPage\",\"@id\":\"https:\\\/\\\/gooddealersmeds.com\\\/no\\\/product\\\/kjop-crystal-meth-metamfetamin-online\\\/\",\"url\":\"https:\\\/\\\/gooddealersmeds.com\\\/no\\\/product\\\/kjop-crystal-meth-metamfetamin-online\\\/\",\"name\":\"Kj\u00f8p Crystal Meth Online (metamfetamin) | Gode \u200b\u200bforhandlere medisiner\",\"isPartOf\":{\"@id\":\"https:\\\/\\\/gooddealersmeds.com\\\/no\\\/#website\"},\"primaryImageOfPage\":{\"@id\":\"https:\\\/\\\/gooddealersmeds.com\\\/no\\\/product\\\/kjop-crystal-meth-metamfetamin-online\\\/#primaryimage\"},\"image\":{\"@id\":\"https:\\\/\\\/gooddealersmeds.com\\\/no\\\/product\\\/kjop-crystal-meth-metamfetamin-online\\\/#primaryimage\"},\"thumbnailUrl\":\"https:\\\/\\\/gooddealersmeds.com\\\/no\\\/wp-content\\\/uploads\\\/sites\\\/8\\\/2022\\\/03\\\/Buy-Crystal-Meth-Online.jpg\",\"datePublished\":\"2022-03-19T00:11:34+00:00\",\"dateModified\":\"2022-10-03T21:28:02+00:00\",\"description\":\"Kj\u00f8p Crystal Meth Methamphetamine Online fra Good Dealers Meds. Vi leverer trygg og sikker frakt til USA, Canada og verden.\",\"breadcrumb\":{\"@id\":\"https:\\\/\\\/gooddealersmeds.com\\\/no\\\/product\\\/kjop-crystal-meth-metamfetamin-online\\\/#breadcrumb\"},\"inLanguage\":\"en-US\",\"potentialAction\":[{\"@type\":\"ReadAction\",\"target\":[\"https:\\\/\\\/gooddealersmeds.com\\\/no\\\/product\\\/kjop-crystal-meth-metamfetamin-online\\\/\"]}]},{\"@type\":\"ImageObject\",\"inLanguage\":\"en-US\",\"@id\":\"https:\\\/\\\/gooddealersmeds.com\\\/no\\\/product\\\/kjop-crystal-meth-metamfetamin-online\\\/#primaryimage\",\"url\":\"https:\\\/\\\/gooddealersmeds.com\\\/no\\\/wp-content\\\/uploads\\\/sites\\\/8\\\/2022\\\/03\\\/Buy-Crystal-Meth-Online.jpg\",\"contentUrl\":\"https:\\\/\\\/gooddealersmeds.com\\\/no\\\/wp-content\\\/uploads\\\/sites\\\/8\\\/2022\\\/03\\\/Buy-Crystal-Meth-Online.jpg\",\"width\":600,\"height\":600,\"caption\":\"Buy Crystal Meth Online\"},{\"@type\":\"BreadcrumbList\",\"@id\":\"https:\\\/\\\/gooddealersmeds.com\\\/no\\\/product\\\/kjop-crystal-meth-metamfetamin-online\\\/#breadcrumb\",\"itemListElement\":[{\"@type\":\"ListItem\",\"position\":1,\"name\":\"Home\",\"item\":\"https:\\\/\\\/gooddealersmeds.com\\\/no\\\/\"},{\"@type\":\"ListItem\",\"position\":2,\"name\":\"Produkter\",\"item\":\"https:\\\/\\\/gooddealersmeds.com\\\/no\\\/produkter\\\/\"},{\"@type\":\"ListItem\",\"position\":3,\"name\":\"Kj\u00f8p Crystal Meth (metamfetamin) p\u00e5 nett\"}]},{\"@type\":\"WebSite\",\"@id\":\"https:\\\/\\\/gooddealersmeds.com\\\/no\\\/#website\",\"url\":\"https:\\\/\\\/gooddealersmeds.com\\\/no\\\/\",\"name\":\"Good Dealers Meds\",\"description\":\"All our best\",\"publisher\":{\"@id\":\"https:\\\/\\\/gooddealersmeds.com\\\/no\\\/#organization\"},\"potentialAction\":[{\"@type\":\"SearchAction\",\"target\":{\"@type\":\"EntryPoint\",\"urlTemplate\":\"https:\\\/\\\/gooddealersmeds.com\\\/no\\\/?s={search_term_string}\"},\"query-input\":{\"@type\":\"PropertyValueSpecification\",\"valueRequired\":true,\"valueName\":\"search_term_string\"}}],\"inLanguage\":\"en-US\"},{\"@type\":\"Organization\",\"@id\":\"https:\\\/\\\/gooddealersmeds.com\\\/no\\\/#organization\",\"name\":\"Good Dealers Meds\",\"url\":\"https:\\\/\\\/gooddealersmeds.com\\\/no\\\/\",\"logo\":{\"@type\":\"ImageObject\",\"inLanguage\":\"en-US\",\"@id\":\"https:\\\/\\\/gooddealersmeds.com\\\/no\\\/#\\\/schema\\\/logo\\\/image\\\/\",\"url\":\"https:\\\/\\\/gooddealersmeds.com\\\/no\\\/wp-content\\\/uploads\\\/sites\\\/8\\\/2022\\\/03\\\/gooddealersmeds__logo__20220317T222800Z.00.png\",\"contentUrl\":\"https:\\\/\\\/gooddealersmeds.com\\\/no\\\/wp-content\\\/uploads\\\/sites\\\/8\\\/2022\\\/03\\\/gooddealersmeds__logo__20220317T222800Z.00.png\",\"width\":500,\"height\":325,\"caption\":\"Good Dealers Meds\"},\"image\":{\"@id\":\"https:\\\/\\\/gooddealersmeds.com\\\/no\\\/#\\\/schema\\\/logo\\\/image\\\/\"}}]}<\/script>\n<!-- \/ Yoast SEO Premium plugin. -->","yoast_head_json":{"title":"Kj\u00f8p Crystal Meth Online (metamfetamin) | Gode \u200b\u200bforhandlere medisiner","description":"Kj\u00f8p Crystal Meth Methamphetamine Online fra Good Dealers Meds. Vi leverer trygg og sikker frakt til USA, Canada og verden.","robots":{"index":"index","follow":"follow","max-snippet":"max-snippet:-1","max-image-preview":"max-image-preview:large","max-video-preview":"max-video-preview:-1"},"canonical":"https:\/\/gooddealersmeds.com\/no\/product\/kjop-crystal-meth-metamfetamin-online\/","og_locale":"en_US","og_type":"article","og_title":"Kj\u00f8p Crystal Meth (metamfetamin) p\u00e5 nett","og_description":"Kj\u00f8p Crystal Meth Methamphetamine Online fra Good Dealers Meds. Vi leverer trygg og sikker frakt til USA, Canada og verden.","og_url":"https:\/\/gooddealersmeds.com\/no\/product\/kjop-crystal-meth-metamfetamin-online\/","og_site_name":"Good Dealers Meds","article_modified_time":"2022-10-03T21:28:02+00:00","og_image":[{"width":600,"height":600,"url":"https:\/\/gooddealersmeds.com\/no\/wp-content\/uploads\/sites\/8\/2022\/03\/Buy-Crystal-Meth-Online.jpg","type":"image\/jpeg"}],"twitter_card":"summary_large_image","twitter_misc":{"Est. reading time":"2 minutes"},"schema":{"@context":"https:\/\/schema.org","@graph":[{"@type":"WebPage","@id":"https:\/\/gooddealersmeds.com\/no\/product\/kjop-crystal-meth-metamfetamin-online\/","url":"https:\/\/gooddealersmeds.com\/no\/product\/kjop-crystal-meth-metamfetamin-online\/","name":"Kj\u00f8p Crystal Meth Online (metamfetamin) | Gode \u200b\u200bforhandlere medisiner","isPartOf":{"@id":"https:\/\/gooddealersmeds.com\/no\/#website"},"primaryImageOfPage":{"@id":"https:\/\/gooddealersmeds.com\/no\/product\/kjop-crystal-meth-metamfetamin-online\/#primaryimage"},"image":{"@id":"https:\/\/gooddealersmeds.com\/no\/product\/kjop-crystal-meth-metamfetamin-online\/#primaryimage"},"thumbnailUrl":"https:\/\/gooddealersmeds.com\/no\/wp-content\/uploads\/sites\/8\/2022\/03\/Buy-Crystal-Meth-Online.jpg","datePublished":"2022-03-19T00:11:34+00:00","dateModified":"2022-10-03T21:28:02+00:00","description":"Kj\u00f8p Crystal Meth Methamphetamine Online fra Good Dealers Meds. Vi leverer trygg og sikker frakt til USA, Canada og verden.","breadcrumb":{"@id":"https:\/\/gooddealersmeds.com\/no\/product\/kjop-crystal-meth-metamfetamin-online\/#breadcrumb"},"inLanguage":"en-US","potentialAction":[{"@type":"ReadAction","target":["https:\/\/gooddealersmeds.com\/no\/product\/kjop-crystal-meth-metamfetamin-online\/"]}]},{"@type":"ImageObject","inLanguage":"en-US","@id":"https:\/\/gooddealersmeds.com\/no\/product\/kjop-crystal-meth-metamfetamin-online\/#primaryimage","url":"https:\/\/gooddealersmeds.com\/no\/wp-content\/uploads\/sites\/8\/2022\/03\/Buy-Crystal-Meth-Online.jpg","contentUrl":"https:\/\/gooddealersmeds.com\/no\/wp-content\/uploads\/sites\/8\/2022\/03\/Buy-Crystal-Meth-Online.jpg","width":600,"height":600,"caption":"Buy Crystal Meth Online"},{"@type":"BreadcrumbList","@id":"https:\/\/gooddealersmeds.com\/no\/product\/kjop-crystal-meth-metamfetamin-online\/#breadcrumb","itemListElement":[{"@type":"ListItem","position":1,"name":"Home","item":"https:\/\/gooddealersmeds.com\/no\/"},{"@type":"ListItem","position":2,"name":"Produkter","item":"https:\/\/gooddealersmeds.com\/no\/produkter\/"},{"@type":"ListItem","position":3,"name":"Kj\u00f8p Crystal Meth (metamfetamin) p\u00e5 nett"}]},{"@type":"WebSite","@id":"https:\/\/gooddealersmeds.com\/no\/#website","url":"https:\/\/gooddealersmeds.com\/no\/","name":"Good Dealers Meds","description":"All our best","publisher":{"@id":"https:\/\/gooddealersmeds.com\/no\/#organization"},"potentialAction":[{"@type":"SearchAction","target":{"@type":"EntryPoint","urlTemplate":"https:\/\/gooddealersmeds.com\/no\/?s={search_term_string}"},"query-input":{"@type":"PropertyValueSpecification","valueRequired":true,"valueName":"search_term_string"}}],"inLanguage":"en-US"},{"@type":"Organization","@id":"https:\/\/gooddealersmeds.com\/no\/#organization","name":"Good Dealers Meds","url":"https:\/\/gooddealersmeds.com\/no\/","logo":{"@type":"ImageObject","inLanguage":"en-US","@id":"https:\/\/gooddealersmeds.com\/no\/#\/schema\/logo\/image\/","url":"https:\/\/gooddealersmeds.com\/no\/wp-content\/uploads\/sites\/8\/2022\/03\/gooddealersmeds__logo__20220317T222800Z.00.png","contentUrl":"https:\/\/gooddealersmeds.com\/no\/wp-content\/uploads\/sites\/8\/2022\/03\/gooddealersmeds__logo__20220317T222800Z.00.png","width":500,"height":325,"caption":"Good Dealers Meds"},"image":{"@id":"https:\/\/gooddealersmeds.com\/no\/#\/schema\/logo\/image\/"}}]}},"_links":{"self":[{"href":"https:\/\/gooddealersmeds.com\/no\/wp-json\/wp\/v2\/product\/1615","targetHints":{"allow":["GET"]}}],"collection":[{"href":"https:\/\/gooddealersmeds.com\/no\/wp-json\/wp\/v2\/product"}],"about":[{"href":"https:\/\/gooddealersmeds.com\/no\/wp-json\/wp\/v2\/types\/product"}],"replies":[{"embeddable":true,"href":"https:\/\/gooddealersmeds.com\/no\/wp-json\/wp\/v2\/comments?post=1615"}],"wp:featuredmedia":[{"embeddable":true,"href":"https:\/\/gooddealersmeds.com\/no\/wp-json\/wp\/v2\/media\/1626"}],"wp:attachment":[{"href":"https:\/\/gooddealersmeds.com\/no\/wp-json\/wp\/v2\/media?parent=1615"}],"wp:term":[{"taxonomy":"product_brand","embeddable":true,"href":"https:\/\/gooddealersmeds.com\/no\/wp-json\/wp\/v2\/product_brand?post=1615"},{"taxonomy":"product_cat","embeddable":true,"href":"https:\/\/gooddealersmeds.com\/no\/wp-json\/wp\/v2\/product_cat?post=1615"},{"taxonomy":"product_tag","embeddable":true,"href":"https:\/\/gooddealersmeds.com\/no\/wp-json\/wp\/v2\/product_tag?post=1615"}],"curies":[{"name":"wp","href":"https:\/\/api.w.org\/{rel}","templated":true}]}}