{"id":1605,"date":"2022-03-19T00:01:04","date_gmt":"2022-03-19T00:01:04","guid":{"rendered":"https:\/\/gooddealersmeds.com\/no\/?post_type=product&#038;p=1605"},"modified":"2022-10-03T21:28:11","modified_gmt":"2022-10-03T21:28:11","slug":"kjop-4mmc-mephedrone-online","status":"publish","type":"product","link":"https:\/\/gooddealersmeds.com\/no\/product\/kjop-4mmc-mephedrone-online\/","title":{"rendered":"Kj\u00f8p 4MMC ( Mephedrone ) p\u00e5 nett"},"content":{"rendered":"<p>Kj\u00f8p mefedron online fra nettstedet v\u00e5rt med eller uten resept. Vi leverer forskningskjemikalier av h\u00f8y kvalitet. Kjemikaliene v\u00e5re er 99,5 % rene og er standardisert for b\u00e5de forskning og personlig bruk. Vi selger til sv\u00e6rt lave priser og tilbyr masserabatter. Fordi vi har direkte tilgang til et produksjonsanlegg, er v\u00e5re forskningskjemiske produkter sv\u00e6rt konkurransedyktige priser.<\/p>\n<p>Mephedrone <a href=\"https:\/\/gooddealersmeds.com\/no\/product\/buy-4mmc-mephedrone- online\/\">4MMC til salgs<\/a> p\u00e5 nettet. Det kalles ogs\u00e5 4-metylmetkatinon (4-MMC), eller 4-metylefedron, og m\u00e5 ikke forveksles<br \/> med metadon, som er et helt annet stoff. Det er et kiralt kjemikalie, og begge molekylene har lignende styrke som dopamintransportersubstrater. R-Mephedrone er et betydelig svakere substrat enn S-Mephedrone. Mephedrone er tilgjengelig for kj\u00f8p p\u00e5 nettet.<\/p>\n<p>Mephedrone (4-MMC) er mye brukt i forbindelse med brennevin. En musestudie s\u00e5 p\u00e5 interaksjonen mellom disse to stoffene og fokuserte p\u00e5 de psykostimulerende og bel\u00f8nningsegenskapene til 4-MMC. Det ble avsl\u00f8rt at lave doser brennevin (ikke-energigiver) fundamentalt forbedret de psykostimulerende effektene av 4-MMC. Denne effekten ble dempet av en \u00f8kning i synaptisk dopamin, siden haloperidol, men ikke ketanserin, hadde evnen til \u00e5 forhindre potensering av brennevin. En mindre, ikke-kompenserende del av brennevin ble ogs\u00e5 tilsatt 4-MMCs kompenserende egenskaper.<\/p>\n<p>Mefedron, som andre fenyletylaminer, fungerer som et dopamin (DA) og serotonin (5-HT) transport\u00f8rsubstrat, og avbryter vesikul\u00e6r lagring og betydelig \u00f8kning av dopamin- og serotoninniv\u00e5ene, noe som resulterer i potente psykostimulerende, enaktogene og hallusinogene effekter.<\/p>\n<p>Brukere av mefedron sier at det gir en f\u00f8lelse av stimulering, og at det \u00f8ker f\u00f8lgende funksjoner:<\/p>\n<p> p&gt; <\/p>\n<ul>\n<li>\u00c5rv\u00e5kenhet<\/li>\n<li>Rustl\u00f8shet<\/li>\n<li>Eufori<\/li>\n<li>Spenning<\/li>\n<li>Trangen til \u00e5 snakke<\/li>\n<li>\u00c5penhet<\/li>\n<li>Sexlyst<\/li>\n<\/ul>\n<p>\u00c5 bestille Mephedrone (4-MMC) p\u00e5 nettet er alltid en god avgj\u00f8relse siden det hjelper deg med \u00e5 spare b\u00e5de penger og tid. Og den eneste p\u00e5litelige m\u00e5ten \u00e5 kj\u00f8pe Mephedrone (4-MMC) p\u00e5 nettet er \u00e5 koble til et nettapotek. Du kan forvente f\u00f8rsteklasses kvalitetsprodukter og rettidig levering fra dem og f\u00f8ler ingen byrde av noe slag.<\/p>\n<p>Du kan enkelt kj\u00f8pe mefedron online fra v\u00e5r <a href=\"https:\/\/gooddealersmeds.com\/no \/products\/\">nettsted<\/a> med eller uten resept.<\/p>\n<p>&nbsp;<\/p>\n","protected":false},"excerpt":{"rendered":"<p><strong>Vi er her for \u00e5 hjelpe deg med alle dine behov og krav. Kom enkelt i kontakt med v\u00e5r nettbutikk og gj\u00f8r kj\u00f8pet ditt komfortabelt. Kravene dine er n\u00e5 bare et klikk unna. Ta kontakt med oss \u200b\u200bumiddelbart! (Kj\u00f8p Mephedrone 4MMC)<\/strong><\/p>\n<p>Vi leverer produkter med h\u00f8y renhet med et veldig godt og diskret fraktsystem. Med erfaring p\u00e5 12 \u00e5r med leveranse innen forskningskjemikalier; vi konsentrerer oss om sikkerhet.<\/p>\n","protected":false},"featured_media":1698,"comment_status":"open","ping_status":"closed","template":"","meta":{"inline_featured_image":false},"product_brand":[],"product_cat":[343],"product_tag":[158,161,120,121,149,129,135,132,137,160,155,105,124,128,125,118,147,119,145,151,148,136,123,150,127,117,116,122,126,131,144,134,133,143,107,156,130,153,142,141,157,162,146,152,139,154,138,163,108,140,110,159,109,106,104],"class_list":{"0":"post-1605","1":"product","2":"type-product","3":"status-publish","4":"has-post-thumbnail","6":"product_cat-andre","7":"product_tag-4-mmc-mefedron","8":"product_tag-4-metylmetkatinon-mefedron","9":"product_tag-4mmc-mefedron-til-salg","10":"product_tag-4mmc-mefedron-til-salg-i-usa","11":"product_tag-best-site-to-buy-mephedrone","12":"product_tag-buy-mephedrone-4mmc-online-buy-mephedrone","13":"product_tag-buy-mephedrone-bath-salts","14":"product_tag-buy-mephedrone-czech-republic","15":"product_tag-buy-mephedrone-from-china","16":"product_tag-buy-plant-fertiliser-mephedrone","17":"product_tag-buy-plant-food-online-mephedrone","18":"product_tag-canada","19":"product_tag-du-kan-fortsatt-f-4mmc-mefedron","20":"product_tag-er-4mmc-mefedron-i-canada","21":"product_tag-er-4mmc-mefedron-lovlig-i-usa","22":"product_tag-how-to-buy-4mmc-mephedrone-online","23":"product_tag-how-to-buy-mephedrone-online","24":"product_tag-hvor-kan-kjpe-4mmc-mefedron","25":"product_tag-hvor-kan-jeg-kjpe-mefedron","26":"product_tag-hvor-kan-jeg-kjpe-mefedron-i-usa","27":"product_tag-hvor-kan-jeg-kjpe-mephedrone-online","28":"product_tag-hvor-kan-jeg-kjpe-mephedrone-uk","29":"product_tag-hvor-kan-kjpe-4mmc-mephedrone-online","30":"product_tag-hvor-kan-kjpe-mefedron-i-usa","31":"product_tag-hvordan-bestiller-du-4mmc-mefedron","32":"product_tag-kjp-4mmc-mefedron-nr-meg","33":"product_tag-kjp-4mmc-mephedrone-online-buy-mephedrone","34":"product_tag-kjp-4mmc-mephedrone-online-n","35":"product_tag-kjp-4mmc-mephedrone-online-usa","36":"product_tag-kjp-mefedron-online","37":"product_tag-kjp-mefedron-plante-mat-for-marihuana-plante","38":"product_tag-kjp-mefedron-plante-mat-nettleverandr","39":"product_tag-kjp-mephedrone-online-usa","40":"product_tag-kjp-mephedrone-usa-mastercard","41":"product_tag-kjpe","42":"product_tag-kjp-mefedron-engros","43":"product_tag-kjp-mefedron-plante-mat","44":"product_tag-mefedron-plante-mat-kjp","45":"product_tag-kjp-mefedron-pulver","46":"product_tag-plante-mat-mefedron-leverandrer","47":"product_tag-mefedron-4-mmc","48":"product_tag-mefedron-4-metylmetkatinon","49":"product_tag-mefedron--kjpe","50":"product_tag-mefedron-kjp-online-usa","51":"product_tag-mefedron-plante-mat","52":"product_tag-mefedron-plante-mat-kjp-online","53":"product_tag-mefedron-til-salg","54":"product_tag-narkotika-forum-mefedron","55":"product_tag-p-nett","56":"product_tag-purchase-mephedrone-online","57":"product_tag-sikker-levering","58":"product_tag-snort-mefedron","59":"product_tag-suppliers","60":"product_tag-uk","61":"product_tag-usa","62":"pa_grams-1-kg-1000-g","63":"pa_grams-100-g","64":"pa_grams-20-g","65":"pa_grams-200-g","66":"pa_grams-250-g","67":"pa_grams-35-g","68":"pa_grams-50-g","69":"pa_grams-500-g","71":"first","72":"instock","73":"featured","74":"shipping-taxable","75":"purchasable","76":"product-type-variable","77":"has-default-attributes"},"yoast_head":"<!-- This site is optimized with the Yoast SEO Premium plugin v20.6 (Yoast SEO v27.3) - https:\/\/yoast.com\/product\/yoast-seo-premium-wordpress\/ -->\n<title>Kj\u00f8p Mephedrone Online (4MMC) | Gode \u200b\u200bforhandlere medisiner<\/title>\n<meta name=\"description\" content=\"Kj\u00f8p Mephedrone Online (4MMC). Kvalitetsmedisin og forskningskjemikalier tilgjengelig for kj\u00f8p online hos Good Dealers Meds.\" \/>\n<meta name=\"robots\" content=\"index, follow, max-snippet:-1, max-image-preview:large, max-video-preview:-1\" \/>\n<link rel=\"canonical\" href=\"https:\/\/gooddealersmeds.com\/no\/product\/kjop-4mmc-mephedrone-online\/\" \/>\n<meta property=\"og:locale\" content=\"en_US\" \/>\n<meta property=\"og:type\" content=\"article\" \/>\n<meta property=\"og:title\" content=\"Kj\u00f8p 4MMC ( Mephedrone ) p\u00e5 nett\" \/>\n<meta property=\"og:description\" content=\"Kj\u00f8p Mephedrone Online (4MMC). Kvalitetsmedisin og forskningskjemikalier tilgjengelig for kj\u00f8p online hos Good Dealers Meds.\" \/>\n<meta property=\"og:url\" content=\"https:\/\/gooddealersmeds.com\/no\/product\/kjop-4mmc-mephedrone-online\/\" \/>\n<meta property=\"og:site_name\" content=\"Good Dealers Meds\" \/>\n<meta property=\"article:modified_time\" content=\"2022-10-03T21:28:11+00:00\" \/>\n<meta property=\"og:image\" content=\"https:\/\/gooddealersmeds.com\/no\/wp-content\/uploads\/sites\/8\/2022\/03\/ff.jpg\" \/>\n\t<meta property=\"og:image:width\" content=\"550\" \/>\n\t<meta property=\"og:image:height\" content=\"412\" \/>\n\t<meta property=\"og:image:type\" content=\"image\/jpeg\" \/>\n<meta name=\"twitter:card\" content=\"summary_large_image\" \/>\n<meta name=\"twitter:label1\" content=\"Est. reading time\" \/>\n\t<meta name=\"twitter:data1\" content=\"2 minutes\" \/>\n<script type=\"application\/ld+json\" class=\"yoast-schema-graph\">{\"@context\":\"https:\\\/\\\/schema.org\",\"@graph\":[{\"@type\":\"WebPage\",\"@id\":\"https:\\\/\\\/gooddealersmeds.com\\\/no\\\/product\\\/kjop-4mmc-mephedrone-online\\\/\",\"url\":\"https:\\\/\\\/gooddealersmeds.com\\\/no\\\/product\\\/kjop-4mmc-mephedrone-online\\\/\",\"name\":\"Kj\u00f8p Mephedrone Online (4MMC) | Gode \u200b\u200bforhandlere medisiner\",\"isPartOf\":{\"@id\":\"https:\\\/\\\/gooddealersmeds.com\\\/no\\\/#website\"},\"primaryImageOfPage\":{\"@id\":\"https:\\\/\\\/gooddealersmeds.com\\\/no\\\/product\\\/kjop-4mmc-mephedrone-online\\\/#primaryimage\"},\"image\":{\"@id\":\"https:\\\/\\\/gooddealersmeds.com\\\/no\\\/product\\\/kjop-4mmc-mephedrone-online\\\/#primaryimage\"},\"thumbnailUrl\":\"https:\\\/\\\/gooddealersmeds.com\\\/no\\\/wp-content\\\/uploads\\\/sites\\\/8\\\/2022\\\/03\\\/ff.jpg\",\"datePublished\":\"2022-03-19T00:01:04+00:00\",\"dateModified\":\"2022-10-03T21:28:11+00:00\",\"description\":\"Kj\u00f8p Mephedrone Online (4MMC). Kvalitetsmedisin og forskningskjemikalier tilgjengelig for kj\u00f8p online hos Good Dealers Meds.\",\"breadcrumb\":{\"@id\":\"https:\\\/\\\/gooddealersmeds.com\\\/no\\\/product\\\/kjop-4mmc-mephedrone-online\\\/#breadcrumb\"},\"inLanguage\":\"en-US\",\"potentialAction\":[{\"@type\":\"ReadAction\",\"target\":[\"https:\\\/\\\/gooddealersmeds.com\\\/no\\\/product\\\/kjop-4mmc-mephedrone-online\\\/\"]}]},{\"@type\":\"ImageObject\",\"inLanguage\":\"en-US\",\"@id\":\"https:\\\/\\\/gooddealersmeds.com\\\/no\\\/product\\\/kjop-4mmc-mephedrone-online\\\/#primaryimage\",\"url\":\"https:\\\/\\\/gooddealersmeds.com\\\/no\\\/wp-content\\\/uploads\\\/sites\\\/8\\\/2022\\\/03\\\/ff.jpg\",\"contentUrl\":\"https:\\\/\\\/gooddealersmeds.com\\\/no\\\/wp-content\\\/uploads\\\/sites\\\/8\\\/2022\\\/03\\\/ff.jpg\",\"width\":550,\"height\":412,\"caption\":\"Buy 4MMC Mephedrone Online\"},{\"@type\":\"BreadcrumbList\",\"@id\":\"https:\\\/\\\/gooddealersmeds.com\\\/no\\\/product\\\/kjop-4mmc-mephedrone-online\\\/#breadcrumb\",\"itemListElement\":[{\"@type\":\"ListItem\",\"position\":1,\"name\":\"Home\",\"item\":\"https:\\\/\\\/gooddealersmeds.com\\\/no\\\/\"},{\"@type\":\"ListItem\",\"position\":2,\"name\":\"Produkter\",\"item\":\"https:\\\/\\\/gooddealersmeds.com\\\/no\\\/produkter\\\/\"},{\"@type\":\"ListItem\",\"position\":3,\"name\":\"Kj\u00f8p 4MMC ( Mephedrone ) p\u00e5 nett\"}]},{\"@type\":\"WebSite\",\"@id\":\"https:\\\/\\\/gooddealersmeds.com\\\/no\\\/#website\",\"url\":\"https:\\\/\\\/gooddealersmeds.com\\\/no\\\/\",\"name\":\"Good Dealers Meds\",\"description\":\"All our best\",\"publisher\":{\"@id\":\"https:\\\/\\\/gooddealersmeds.com\\\/no\\\/#organization\"},\"potentialAction\":[{\"@type\":\"SearchAction\",\"target\":{\"@type\":\"EntryPoint\",\"urlTemplate\":\"https:\\\/\\\/gooddealersmeds.com\\\/no\\\/?s={search_term_string}\"},\"query-input\":{\"@type\":\"PropertyValueSpecification\",\"valueRequired\":true,\"valueName\":\"search_term_string\"}}],\"inLanguage\":\"en-US\"},{\"@type\":\"Organization\",\"@id\":\"https:\\\/\\\/gooddealersmeds.com\\\/no\\\/#organization\",\"name\":\"Good Dealers Meds\",\"url\":\"https:\\\/\\\/gooddealersmeds.com\\\/no\\\/\",\"logo\":{\"@type\":\"ImageObject\",\"inLanguage\":\"en-US\",\"@id\":\"https:\\\/\\\/gooddealersmeds.com\\\/no\\\/#\\\/schema\\\/logo\\\/image\\\/\",\"url\":\"https:\\\/\\\/gooddealersmeds.com\\\/no\\\/wp-content\\\/uploads\\\/sites\\\/8\\\/2022\\\/03\\\/gooddealersmeds__logo__20220317T222800Z.00.png\",\"contentUrl\":\"https:\\\/\\\/gooddealersmeds.com\\\/no\\\/wp-content\\\/uploads\\\/sites\\\/8\\\/2022\\\/03\\\/gooddealersmeds__logo__20220317T222800Z.00.png\",\"width\":500,\"height\":325,\"caption\":\"Good Dealers Meds\"},\"image\":{\"@id\":\"https:\\\/\\\/gooddealersmeds.com\\\/no\\\/#\\\/schema\\\/logo\\\/image\\\/\"}}]}<\/script>\n<!-- \/ Yoast SEO Premium plugin. -->","yoast_head_json":{"title":"Kj\u00f8p Mephedrone Online (4MMC) | Gode \u200b\u200bforhandlere medisiner","description":"Kj\u00f8p Mephedrone Online (4MMC). Kvalitetsmedisin og forskningskjemikalier tilgjengelig for kj\u00f8p online hos Good Dealers Meds.","robots":{"index":"index","follow":"follow","max-snippet":"max-snippet:-1","max-image-preview":"max-image-preview:large","max-video-preview":"max-video-preview:-1"},"canonical":"https:\/\/gooddealersmeds.com\/no\/product\/kjop-4mmc-mephedrone-online\/","og_locale":"en_US","og_type":"article","og_title":"Kj\u00f8p 4MMC ( Mephedrone ) p\u00e5 nett","og_description":"Kj\u00f8p Mephedrone Online (4MMC). Kvalitetsmedisin og forskningskjemikalier tilgjengelig for kj\u00f8p online hos Good Dealers Meds.","og_url":"https:\/\/gooddealersmeds.com\/no\/product\/kjop-4mmc-mephedrone-online\/","og_site_name":"Good Dealers Meds","article_modified_time":"2022-10-03T21:28:11+00:00","og_image":[{"width":550,"height":412,"url":"https:\/\/gooddealersmeds.com\/no\/wp-content\/uploads\/sites\/8\/2022\/03\/ff.jpg","type":"image\/jpeg"}],"twitter_card":"summary_large_image","twitter_misc":{"Est. reading time":"2 minutes"},"schema":{"@context":"https:\/\/schema.org","@graph":[{"@type":"WebPage","@id":"https:\/\/gooddealersmeds.com\/no\/product\/kjop-4mmc-mephedrone-online\/","url":"https:\/\/gooddealersmeds.com\/no\/product\/kjop-4mmc-mephedrone-online\/","name":"Kj\u00f8p Mephedrone Online (4MMC) | Gode \u200b\u200bforhandlere medisiner","isPartOf":{"@id":"https:\/\/gooddealersmeds.com\/no\/#website"},"primaryImageOfPage":{"@id":"https:\/\/gooddealersmeds.com\/no\/product\/kjop-4mmc-mephedrone-online\/#primaryimage"},"image":{"@id":"https:\/\/gooddealersmeds.com\/no\/product\/kjop-4mmc-mephedrone-online\/#primaryimage"},"thumbnailUrl":"https:\/\/gooddealersmeds.com\/no\/wp-content\/uploads\/sites\/8\/2022\/03\/ff.jpg","datePublished":"2022-03-19T00:01:04+00:00","dateModified":"2022-10-03T21:28:11+00:00","description":"Kj\u00f8p Mephedrone Online (4MMC). Kvalitetsmedisin og forskningskjemikalier tilgjengelig for kj\u00f8p online hos Good Dealers Meds.","breadcrumb":{"@id":"https:\/\/gooddealersmeds.com\/no\/product\/kjop-4mmc-mephedrone-online\/#breadcrumb"},"inLanguage":"en-US","potentialAction":[{"@type":"ReadAction","target":["https:\/\/gooddealersmeds.com\/no\/product\/kjop-4mmc-mephedrone-online\/"]}]},{"@type":"ImageObject","inLanguage":"en-US","@id":"https:\/\/gooddealersmeds.com\/no\/product\/kjop-4mmc-mephedrone-online\/#primaryimage","url":"https:\/\/gooddealersmeds.com\/no\/wp-content\/uploads\/sites\/8\/2022\/03\/ff.jpg","contentUrl":"https:\/\/gooddealersmeds.com\/no\/wp-content\/uploads\/sites\/8\/2022\/03\/ff.jpg","width":550,"height":412,"caption":"Buy 4MMC Mephedrone Online"},{"@type":"BreadcrumbList","@id":"https:\/\/gooddealersmeds.com\/no\/product\/kjop-4mmc-mephedrone-online\/#breadcrumb","itemListElement":[{"@type":"ListItem","position":1,"name":"Home","item":"https:\/\/gooddealersmeds.com\/no\/"},{"@type":"ListItem","position":2,"name":"Produkter","item":"https:\/\/gooddealersmeds.com\/no\/produkter\/"},{"@type":"ListItem","position":3,"name":"Kj\u00f8p 4MMC ( Mephedrone ) p\u00e5 nett"}]},{"@type":"WebSite","@id":"https:\/\/gooddealersmeds.com\/no\/#website","url":"https:\/\/gooddealersmeds.com\/no\/","name":"Good Dealers Meds","description":"All our best","publisher":{"@id":"https:\/\/gooddealersmeds.com\/no\/#organization"},"potentialAction":[{"@type":"SearchAction","target":{"@type":"EntryPoint","urlTemplate":"https:\/\/gooddealersmeds.com\/no\/?s={search_term_string}"},"query-input":{"@type":"PropertyValueSpecification","valueRequired":true,"valueName":"search_term_string"}}],"inLanguage":"en-US"},{"@type":"Organization","@id":"https:\/\/gooddealersmeds.com\/no\/#organization","name":"Good Dealers Meds","url":"https:\/\/gooddealersmeds.com\/no\/","logo":{"@type":"ImageObject","inLanguage":"en-US","@id":"https:\/\/gooddealersmeds.com\/no\/#\/schema\/logo\/image\/","url":"https:\/\/gooddealersmeds.com\/no\/wp-content\/uploads\/sites\/8\/2022\/03\/gooddealersmeds__logo__20220317T222800Z.00.png","contentUrl":"https:\/\/gooddealersmeds.com\/no\/wp-content\/uploads\/sites\/8\/2022\/03\/gooddealersmeds__logo__20220317T222800Z.00.png","width":500,"height":325,"caption":"Good Dealers Meds"},"image":{"@id":"https:\/\/gooddealersmeds.com\/no\/#\/schema\/logo\/image\/"}}]}},"_links":{"self":[{"href":"https:\/\/gooddealersmeds.com\/no\/wp-json\/wp\/v2\/product\/1605","targetHints":{"allow":["GET"]}}],"collection":[{"href":"https:\/\/gooddealersmeds.com\/no\/wp-json\/wp\/v2\/product"}],"about":[{"href":"https:\/\/gooddealersmeds.com\/no\/wp-json\/wp\/v2\/types\/product"}],"replies":[{"embeddable":true,"href":"https:\/\/gooddealersmeds.com\/no\/wp-json\/wp\/v2\/comments?post=1605"}],"wp:featuredmedia":[{"embeddable":true,"href":"https:\/\/gooddealersmeds.com\/no\/wp-json\/wp\/v2\/media\/1698"}],"wp:attachment":[{"href":"https:\/\/gooddealersmeds.com\/no\/wp-json\/wp\/v2\/media?parent=1605"}],"wp:term":[{"taxonomy":"product_brand","embeddable":true,"href":"https:\/\/gooddealersmeds.com\/no\/wp-json\/wp\/v2\/product_brand?post=1605"},{"taxonomy":"product_cat","embeddable":true,"href":"https:\/\/gooddealersmeds.com\/no\/wp-json\/wp\/v2\/product_cat?post=1605"},{"taxonomy":"product_tag","embeddable":true,"href":"https:\/\/gooddealersmeds.com\/no\/wp-json\/wp\/v2\/product_tag?post=1605"}],"curies":[{"name":"wp","href":"https:\/\/api.w.org\/{rel}","templated":true}]}}