{"id":1588,"date":"2022-03-18T23:47:24","date_gmt":"2022-03-18T23:47:24","guid":{"rendered":"https:\/\/gooddealersmeds.com\/no\/?post_type=product&#038;p=1588"},"modified":"2022-10-03T21:28:18","modified_gmt":"2022-10-03T21:28:18","slug":"kjop-fentanyl-tabletter-online","status":"publish","type":"product","link":"https:\/\/gooddealersmeds.com\/no\/product\/kjop-fentanyl-tabletter-online\/","title":{"rendered":"Kj\u00f8p fentanyltabletter p\u00e5 nett"},"content":{"rendered":"<h1><strong>Fentanylpulver<\/strong><\/h1>\n<p>Fentanyl er medlem av klassen med legemidler kjent som fentanyl; det er et hurtigvirkende opioid (syntetisk opiat) medikament som lindrer smerte uten \u00e5 for\u00e5rsake tap av bevissthet (analgetisk) &#8211; Kj\u00f8p Fentanyl Tabletter Online. Funksjonen til sentralnervesystemet (CNS) og respirasjonsfunksjonen reduseres begge av fentanyl. Det er 50\u2013100 ganger sterkere enn morfin, men er veldig identisk med det.<\/p>\n<p>&nbsp;<\/p>\n<p>Pustingen til ofre for overdose av fentanyl kan bli anstrengt eller opph\u00f8re helt. En overdose oppst\u00e5r n\u00e5r et medikament gir alvorlige bivirkninger og livstruende symptomer. N\u00e5r personer overdoserer fentanyl, kan pusten reduseres eller stoppe. Dette kan redusere mengden oksygen som n\u00e5r cellene i kroppen, en tilstand som kalles hypoksi. Fentanyls styrke gj\u00f8r det avhengighetsskapende. N\u00e5r du bruker fentanyl p\u00e5 resept som anvist av en lege, kan en person utvikle avhengighet, som er preget av abstinenssymptomer etter \u00e5 ha stoppet medisinen. Selv om en person kan v\u00e6re avhengig av et stoff uten \u00e5 v\u00e6re avhengig av det, kan avhengighet av og til f\u00f8lge avhengighet av hjernen &#8211; Hvordan kan jeg kj\u00f8pe fentanyltablett. Det er det mest effektive smertestillende opioidmiddelet som n\u00e5 brukes i medisinsk behandling.<\/p>\n<p>Til tross for at fentanyl anses som trygt og effektivt n\u00e5r det brukes i et kontrollert medisinsk milj\u00f8, har stoffet et h\u00f8yt potensial for misbruk. Noen mennesker lager fentanylanaloger som ligner veldig p\u00e5 det originale legemidlet. Fentanyl binder seg til reseptorene i hjernen som kontrollerer smerte og f\u00f8lelser, akkurat som andre opioidmedisiner gj\u00f8r. Fentanyl for\u00e5rsaker vanligvis bivirkninger som kvalme, oppkast, forstoppelse, kl\u00f8e, d\u00f8sighet, forvirring og skader p\u00e5 grunn av manglende koordinering. Respirasjonsdepresjon, hallusinasjoner, serotonergt syndrom, lavt blodtrykk eller fremveksten av et problem med opioidbruk er eksempler p\u00e5 alvorlige negative effekter.<\/p>\n<p>I tillegg brukes det til behandling av vedvarende smerte, som kreftsmerter. . Pasienter som ikke kan ta morfin eller hvis pust er motstandsdyktig mot morfin, kan ogs\u00e5 bruke fentanyl for \u00e5 behandle symptomene sine. I palliative behandlingsmilj\u00f8er, hvor alvorlig smerte og kortpustethet m\u00e5 behandles med h\u00f8ystyrke opioider, er fentanyl spesielt nyttig for \u00e5 vise en kombinasjon.<\/p>\n<p>P\u00e5 grunn av den ekstremt varierende d\u00f8delige dosen i kombinasjon med andre medisiner, fentanyl utgj\u00f8r en eksepsjonelt h\u00f8y fare for overdosering hos mennesker. Overdoser er bare marginalt uforutsigbare i sin reneste form. Hvor kan du f\u00e5 tak i fentanyltabletter uten resept<\/p>\n<p><a href=\"https:\/\/gooddealersmeds.com\/no\/product\/buy-fentanyl-tablets-online\/\">Fentanylpiller til salgs<\/a> p\u00e5 GoodDealersMeds, Det ville v\u00e6re relevant \u00e5 understreke at de fordelaktige og rekreasjonsmessige egenskapene til de nevnte produktene avhenger av ansvarlig bruk.<\/p>\n","protected":false},"excerpt":{"rendered":"<h1>Kj\u00f8p fentanyl depotplaster<\/h1>\n<p>Risikoen for alvorlige bivirkninger (som langsom\/grunn pust, alvorlig d\u00f8sighet\/svimmelhet) kan \u00f8ke hvis dette legemidlet brukes sammen med andre produkter som ogs\u00e5 kan for\u00e5rsake d\u00f8sighet eller pusteproblemer.<\/p>\n","protected":false},"featured_media":1596,"comment_status":"open","ping_status":"closed","template":"","meta":{"inline_featured_image":false},"product_brand":[],"product_cat":[347],"product_tag":[111,115,112,99,103,98,102,114,97,113,95,96,101,100,110],"class_list":{"0":"post-1588","1":"product","2":"type-product","3":"status-publish","4":"has-post-thumbnail","6":"product_cat-opioid-smertestillende","7":"product_tag-du-kan-fortsatt-f-fentanyl-tabletter","8":"product_tag-er-fentanyl-tabletter-lovlig-i-canada","9":"product_tag-er-fentanyl-tabletter-lovlig-i-usa","10":"product_tag-fentanyl-tabletter-til-salg","11":"product_tag-fentanyl-tabletter-til-salg-i-usa","12":"product_tag-hvor-kan-kjpes-fentanyl-tabletter","13":"product_tag-hvor-kan-kjpes-fentanyl-tabletter-online","14":"product_tag-hvordan-bestille-fentanyl-tabletter","15":"product_tag-kjp-fentanyl-online","16":"product_tag-kjp-fentanyl-tabletter-online-usa","17":"product_tag-kjp-fentanyl-tabletter-online-kjp-tabletter","18":"product_tag-kjpe-fentanyl-tabletter","19":"product_tag-kjp-nettbrett-online","20":"product_tag-nettbrett-til-salg","21":"product_tag-sikker-levering","22":"pa_pills-100-pills","23":"pa_pills-1000-pills","24":"pa_pills-30-pills","25":"pa_pills-300-pills","26":"pa_pills-50-pills","27":"pa_pills-500-pills","29":"first","30":"instock","31":"featured","32":"shipping-taxable","33":"purchasable","34":"product-type-variable","35":"has-default-attributes"},"yoast_head":"<!-- This site is optimized with the Yoast SEO Premium plugin v20.6 (Yoast SEO v27.4) - https:\/\/yoast.com\/product\/yoast-seo-premium-wordpress\/ -->\n<title>Kj\u00f8p Fentanyl-tabletter p\u00e5 nett uten resept | Gode \u200b\u200bforhandlere medisiner<\/title>\n<meta name=\"description\" content=\"Kj\u00f8p Fentanyl-tabletter online fra GoodDealersMeds. Fentanylpiller til salgs over hele verden. Bestill n\u00e5 og f\u00e5 levering p\u00e5 d\u00f8rstokken.\" \/>\n<meta name=\"robots\" content=\"index, follow, max-snippet:-1, max-image-preview:large, max-video-preview:-1\" \/>\n<link rel=\"canonical\" href=\"https:\/\/gooddealersmeds.com\/no\/product\/kjop-fentanyl-tabletter-online\/\" \/>\n<meta property=\"og:locale\" content=\"en_US\" \/>\n<meta property=\"og:type\" content=\"article\" \/>\n<meta property=\"og:title\" content=\"Kj\u00f8p fentanyltabletter p\u00e5 nett\" \/>\n<meta property=\"og:description\" content=\"Kj\u00f8p Fentanyl-tabletter online fra GoodDealersMeds. Fentanylpiller til salgs over hele verden. Bestill n\u00e5 og f\u00e5 levering p\u00e5 d\u00f8rstokken.\" \/>\n<meta property=\"og:url\" content=\"https:\/\/gooddealersmeds.com\/no\/product\/kjop-fentanyl-tabletter-online\/\" \/>\n<meta property=\"og:site_name\" content=\"Good Dealers Meds\" \/>\n<meta property=\"article:modified_time\" content=\"2022-10-03T21:28:18+00:00\" \/>\n<meta property=\"og:image\" content=\"https:\/\/gooddealersmeds.com\/no\/wp-content\/uploads\/sites\/8\/2022\/03\/buy-fentanyl-tablets-online.jpg\" \/>\n\t<meta property=\"og:image:width\" content=\"600\" \/>\n\t<meta property=\"og:image:height\" content=\"600\" \/>\n\t<meta property=\"og:image:type\" content=\"image\/jpeg\" \/>\n<meta name=\"twitter:card\" content=\"summary_large_image\" \/>\n<meta name=\"twitter:label1\" content=\"Est. reading time\" \/>\n\t<meta name=\"twitter:data1\" content=\"2 minutes\" \/>\n<script type=\"application\/ld+json\" class=\"yoast-schema-graph\">{\"@context\":\"https:\\\/\\\/schema.org\",\"@graph\":[{\"@type\":\"WebPage\",\"@id\":\"https:\\\/\\\/gooddealersmeds.com\\\/no\\\/product\\\/kjop-fentanyl-tabletter-online\\\/\",\"url\":\"https:\\\/\\\/gooddealersmeds.com\\\/no\\\/product\\\/kjop-fentanyl-tabletter-online\\\/\",\"name\":\"Kj\u00f8p Fentanyl-tabletter p\u00e5 nett uten resept | Gode \u200b\u200bforhandlere medisiner\",\"isPartOf\":{\"@id\":\"https:\\\/\\\/gooddealersmeds.com\\\/no\\\/#website\"},\"primaryImageOfPage\":{\"@id\":\"https:\\\/\\\/gooddealersmeds.com\\\/no\\\/product\\\/kjop-fentanyl-tabletter-online\\\/#primaryimage\"},\"image\":{\"@id\":\"https:\\\/\\\/gooddealersmeds.com\\\/no\\\/product\\\/kjop-fentanyl-tabletter-online\\\/#primaryimage\"},\"thumbnailUrl\":\"https:\\\/\\\/gooddealersmeds.com\\\/no\\\/wp-content\\\/uploads\\\/sites\\\/8\\\/2022\\\/03\\\/buy-fentanyl-tablets-online.jpg\",\"datePublished\":\"2022-03-18T23:47:24+00:00\",\"dateModified\":\"2022-10-03T21:28:18+00:00\",\"description\":\"Kj\u00f8p Fentanyl-tabletter online fra GoodDealersMeds. Fentanylpiller til salgs over hele verden. Bestill n\u00e5 og f\u00e5 levering p\u00e5 d\u00f8rstokken.\",\"breadcrumb\":{\"@id\":\"https:\\\/\\\/gooddealersmeds.com\\\/no\\\/product\\\/kjop-fentanyl-tabletter-online\\\/#breadcrumb\"},\"inLanguage\":\"en-US\",\"potentialAction\":[{\"@type\":\"ReadAction\",\"target\":[\"https:\\\/\\\/gooddealersmeds.com\\\/no\\\/product\\\/kjop-fentanyl-tabletter-online\\\/\"]}]},{\"@type\":\"ImageObject\",\"inLanguage\":\"en-US\",\"@id\":\"https:\\\/\\\/gooddealersmeds.com\\\/no\\\/product\\\/kjop-fentanyl-tabletter-online\\\/#primaryimage\",\"url\":\"https:\\\/\\\/gooddealersmeds.com\\\/no\\\/wp-content\\\/uploads\\\/sites\\\/8\\\/2022\\\/03\\\/buy-fentanyl-tablets-online.jpg\",\"contentUrl\":\"https:\\\/\\\/gooddealersmeds.com\\\/no\\\/wp-content\\\/uploads\\\/sites\\\/8\\\/2022\\\/03\\\/buy-fentanyl-tablets-online.jpg\",\"width\":600,\"height\":600,\"caption\":\"Buy Fentanyl Tablets Online\"},{\"@type\":\"BreadcrumbList\",\"@id\":\"https:\\\/\\\/gooddealersmeds.com\\\/no\\\/product\\\/kjop-fentanyl-tabletter-online\\\/#breadcrumb\",\"itemListElement\":[{\"@type\":\"ListItem\",\"position\":1,\"name\":\"Home\",\"item\":\"https:\\\/\\\/gooddealersmeds.com\\\/no\\\/\"},{\"@type\":\"ListItem\",\"position\":2,\"name\":\"Produkter\",\"item\":\"https:\\\/\\\/gooddealersmeds.com\\\/no\\\/produkter\\\/\"},{\"@type\":\"ListItem\",\"position\":3,\"name\":\"Kj\u00f8p fentanyltabletter p\u00e5 nett\"}]},{\"@type\":\"WebSite\",\"@id\":\"https:\\\/\\\/gooddealersmeds.com\\\/no\\\/#website\",\"url\":\"https:\\\/\\\/gooddealersmeds.com\\\/no\\\/\",\"name\":\"Good Dealers Meds\",\"description\":\"All our best\",\"publisher\":{\"@id\":\"https:\\\/\\\/gooddealersmeds.com\\\/no\\\/#organization\"},\"potentialAction\":[{\"@type\":\"SearchAction\",\"target\":{\"@type\":\"EntryPoint\",\"urlTemplate\":\"https:\\\/\\\/gooddealersmeds.com\\\/no\\\/?s={search_term_string}\"},\"query-input\":{\"@type\":\"PropertyValueSpecification\",\"valueRequired\":true,\"valueName\":\"search_term_string\"}}],\"inLanguage\":\"en-US\"},{\"@type\":\"Organization\",\"@id\":\"https:\\\/\\\/gooddealersmeds.com\\\/no\\\/#organization\",\"name\":\"Good Dealers Meds\",\"url\":\"https:\\\/\\\/gooddealersmeds.com\\\/no\\\/\",\"logo\":{\"@type\":\"ImageObject\",\"inLanguage\":\"en-US\",\"@id\":\"https:\\\/\\\/gooddealersmeds.com\\\/no\\\/#\\\/schema\\\/logo\\\/image\\\/\",\"url\":\"https:\\\/\\\/gooddealersmeds.com\\\/no\\\/wp-content\\\/uploads\\\/sites\\\/8\\\/2022\\\/03\\\/gooddealersmeds__logo__20220317T222800Z.00.png\",\"contentUrl\":\"https:\\\/\\\/gooddealersmeds.com\\\/no\\\/wp-content\\\/uploads\\\/sites\\\/8\\\/2022\\\/03\\\/gooddealersmeds__logo__20220317T222800Z.00.png\",\"width\":500,\"height\":325,\"caption\":\"Good Dealers Meds\"},\"image\":{\"@id\":\"https:\\\/\\\/gooddealersmeds.com\\\/no\\\/#\\\/schema\\\/logo\\\/image\\\/\"}}]}<\/script>\n<!-- \/ Yoast SEO Premium plugin. -->","yoast_head_json":{"title":"Kj\u00f8p Fentanyl-tabletter p\u00e5 nett uten resept | Gode \u200b\u200bforhandlere medisiner","description":"Kj\u00f8p Fentanyl-tabletter online fra GoodDealersMeds. Fentanylpiller til salgs over hele verden. Bestill n\u00e5 og f\u00e5 levering p\u00e5 d\u00f8rstokken.","robots":{"index":"index","follow":"follow","max-snippet":"max-snippet:-1","max-image-preview":"max-image-preview:large","max-video-preview":"max-video-preview:-1"},"canonical":"https:\/\/gooddealersmeds.com\/no\/product\/kjop-fentanyl-tabletter-online\/","og_locale":"en_US","og_type":"article","og_title":"Kj\u00f8p fentanyltabletter p\u00e5 nett","og_description":"Kj\u00f8p Fentanyl-tabletter online fra GoodDealersMeds. Fentanylpiller til salgs over hele verden. Bestill n\u00e5 og f\u00e5 levering p\u00e5 d\u00f8rstokken.","og_url":"https:\/\/gooddealersmeds.com\/no\/product\/kjop-fentanyl-tabletter-online\/","og_site_name":"Good Dealers Meds","article_modified_time":"2022-10-03T21:28:18+00:00","og_image":[{"width":600,"height":600,"url":"https:\/\/gooddealersmeds.com\/no\/wp-content\/uploads\/sites\/8\/2022\/03\/buy-fentanyl-tablets-online.jpg","type":"image\/jpeg"}],"twitter_card":"summary_large_image","twitter_misc":{"Est. reading time":"2 minutes"},"schema":{"@context":"https:\/\/schema.org","@graph":[{"@type":"WebPage","@id":"https:\/\/gooddealersmeds.com\/no\/product\/kjop-fentanyl-tabletter-online\/","url":"https:\/\/gooddealersmeds.com\/no\/product\/kjop-fentanyl-tabletter-online\/","name":"Kj\u00f8p Fentanyl-tabletter p\u00e5 nett uten resept | Gode \u200b\u200bforhandlere medisiner","isPartOf":{"@id":"https:\/\/gooddealersmeds.com\/no\/#website"},"primaryImageOfPage":{"@id":"https:\/\/gooddealersmeds.com\/no\/product\/kjop-fentanyl-tabletter-online\/#primaryimage"},"image":{"@id":"https:\/\/gooddealersmeds.com\/no\/product\/kjop-fentanyl-tabletter-online\/#primaryimage"},"thumbnailUrl":"https:\/\/gooddealersmeds.com\/no\/wp-content\/uploads\/sites\/8\/2022\/03\/buy-fentanyl-tablets-online.jpg","datePublished":"2022-03-18T23:47:24+00:00","dateModified":"2022-10-03T21:28:18+00:00","description":"Kj\u00f8p Fentanyl-tabletter online fra GoodDealersMeds. Fentanylpiller til salgs over hele verden. Bestill n\u00e5 og f\u00e5 levering p\u00e5 d\u00f8rstokken.","breadcrumb":{"@id":"https:\/\/gooddealersmeds.com\/no\/product\/kjop-fentanyl-tabletter-online\/#breadcrumb"},"inLanguage":"en-US","potentialAction":[{"@type":"ReadAction","target":["https:\/\/gooddealersmeds.com\/no\/product\/kjop-fentanyl-tabletter-online\/"]}]},{"@type":"ImageObject","inLanguage":"en-US","@id":"https:\/\/gooddealersmeds.com\/no\/product\/kjop-fentanyl-tabletter-online\/#primaryimage","url":"https:\/\/gooddealersmeds.com\/no\/wp-content\/uploads\/sites\/8\/2022\/03\/buy-fentanyl-tablets-online.jpg","contentUrl":"https:\/\/gooddealersmeds.com\/no\/wp-content\/uploads\/sites\/8\/2022\/03\/buy-fentanyl-tablets-online.jpg","width":600,"height":600,"caption":"Buy Fentanyl Tablets Online"},{"@type":"BreadcrumbList","@id":"https:\/\/gooddealersmeds.com\/no\/product\/kjop-fentanyl-tabletter-online\/#breadcrumb","itemListElement":[{"@type":"ListItem","position":1,"name":"Home","item":"https:\/\/gooddealersmeds.com\/no\/"},{"@type":"ListItem","position":2,"name":"Produkter","item":"https:\/\/gooddealersmeds.com\/no\/produkter\/"},{"@type":"ListItem","position":3,"name":"Kj\u00f8p fentanyltabletter p\u00e5 nett"}]},{"@type":"WebSite","@id":"https:\/\/gooddealersmeds.com\/no\/#website","url":"https:\/\/gooddealersmeds.com\/no\/","name":"Good Dealers Meds","description":"All our best","publisher":{"@id":"https:\/\/gooddealersmeds.com\/no\/#organization"},"potentialAction":[{"@type":"SearchAction","target":{"@type":"EntryPoint","urlTemplate":"https:\/\/gooddealersmeds.com\/no\/?s={search_term_string}"},"query-input":{"@type":"PropertyValueSpecification","valueRequired":true,"valueName":"search_term_string"}}],"inLanguage":"en-US"},{"@type":"Organization","@id":"https:\/\/gooddealersmeds.com\/no\/#organization","name":"Good Dealers Meds","url":"https:\/\/gooddealersmeds.com\/no\/","logo":{"@type":"ImageObject","inLanguage":"en-US","@id":"https:\/\/gooddealersmeds.com\/no\/#\/schema\/logo\/image\/","url":"https:\/\/gooddealersmeds.com\/no\/wp-content\/uploads\/sites\/8\/2022\/03\/gooddealersmeds__logo__20220317T222800Z.00.png","contentUrl":"https:\/\/gooddealersmeds.com\/no\/wp-content\/uploads\/sites\/8\/2022\/03\/gooddealersmeds__logo__20220317T222800Z.00.png","width":500,"height":325,"caption":"Good Dealers Meds"},"image":{"@id":"https:\/\/gooddealersmeds.com\/no\/#\/schema\/logo\/image\/"}}]}},"_links":{"self":[{"href":"https:\/\/gooddealersmeds.com\/no\/wp-json\/wp\/v2\/product\/1588","targetHints":{"allow":["GET"]}}],"collection":[{"href":"https:\/\/gooddealersmeds.com\/no\/wp-json\/wp\/v2\/product"}],"about":[{"href":"https:\/\/gooddealersmeds.com\/no\/wp-json\/wp\/v2\/types\/product"}],"replies":[{"embeddable":true,"href":"https:\/\/gooddealersmeds.com\/no\/wp-json\/wp\/v2\/comments?post=1588"}],"wp:featuredmedia":[{"embeddable":true,"href":"https:\/\/gooddealersmeds.com\/no\/wp-json\/wp\/v2\/media\/1596"}],"wp:attachment":[{"href":"https:\/\/gooddealersmeds.com\/no\/wp-json\/wp\/v2\/media?parent=1588"}],"wp:term":[{"taxonomy":"product_brand","embeddable":true,"href":"https:\/\/gooddealersmeds.com\/no\/wp-json\/wp\/v2\/product_brand?post=1588"},{"taxonomy":"product_cat","embeddable":true,"href":"https:\/\/gooddealersmeds.com\/no\/wp-json\/wp\/v2\/product_cat?post=1588"},{"taxonomy":"product_tag","embeddable":true,"href":"https:\/\/gooddealersmeds.com\/no\/wp-json\/wp\/v2\/product_tag?post=1588"}],"curies":[{"name":"wp","href":"https:\/\/api.w.org\/{rel}","templated":true}]}}