{"id":1582,"date":"2022-03-18T23:46:33","date_gmt":"2022-03-18T23:46:33","guid":{"rendered":"https:\/\/gooddealersmeds.com\/no\/?post_type=product&#038;p=1582"},"modified":"2022-10-03T21:28:27","modified_gmt":"2022-10-03T21:28:27","slug":"amfetamin-kapsel","status":"publish","type":"product","link":"https:\/\/gooddealersmeds.com\/no\/product\/amfetamin-kapsel\/","title":{"rendered":"Kj\u00f8p amfetaminkapsel p\u00e5 nett"},"content":{"rendered":"<h3>Amfetamin<\/h3>\n<p>Amfetamin (kontraktert fra <u>a<\/u>lpha\u2013<u>m<\/u>ethyl<u>ph<\/u>en<u>et<\/u>hyl<u>amin<\/u>) er et sentralnervesystem (CNS) sentralstimulerende middel som blant annet markedsf\u00f8res under merkenavnet Evekeo. For det f\u00f8rste brukes det i behandlingen av ADHD, narkolepsi og fedme. Videre er amfetaminer sentralstimulerende stoffer, noe som betyr at de \u00f8ker hastigheten p\u00e5 meldingene som g\u00e5r mellom hjernen og kroppen. Amfetamin pulver. Bestill amfetamin p\u00e5 nett.<\/p>\n<p>I tillegg brukes amfetamin ogs\u00e5 som en atletisk ytelsesforsterker og kognitiv forsterker, og rekreasjonsmessig som et afrodisiakum og euforiserende middel. Dessuten er det reseptbelagte legemidler i mange land, og uautorisert besittelse og distribusjon av amfetamin er ofte strengt kontrollert p\u00e5 grunn av den betydelige helserisikoen forbundet med rekreasjonsbruk. Amfetaminpulver.<\/p>\n<h3>Tilleggsinformasjon<\/h3>\n<p>Noen typer amfetamin er lovlig foreskrevet av leger for \u00e5 behandle tilstander som ADHD og narkolepsi (der en person har en ukontrollerbar trang til \u00e5 sove).<\/p>\n<p>I tillegg varierer utseendet til amfetamin. Videre kan de v\u00e6re i form av et pulver, tabletter, krystaller og kapsler. Dessuten pakker vi i \u2018folie\u2019 (aluminiumsfolie), plastposer eller sm\u00e5 ballonger ved frakt. Bestill amfetamin p\u00e5 nett.<\/p>\n<p>Amfetaminpulver kan variere i farge fra hvitt til brunt, noen ganger kan det ha spor av gr\u00e5tt eller rosa. Den har en sterk lukt og bitter smak. I tillegg varierer amfetaminkapsler og tabletter betydelig i st\u00f8rrelse og farge. Amfetamin til salgs.<\/p>\n<p>I tillegg kan ulovlig produsert amfetamin v\u00e6re en blanding av narkotika, bindemidler, koffein og sukker. Bestill amfetamin p\u00e5 nett.<\/p>\n<h3>Hvordan du bruker<\/h3>\n<p>Amfetamin svelges vanligvis, injiseres eller r\u00f8ykes. De blir ogs\u00e5 sn\u00f8ftet. Kj\u00f8p amfetaminpulver p\u00e5 nett.<\/p>\n<h3>Effekter av amfetamin<\/h3>\n<p>For det f\u00f8rste p\u00e5virker amfetamin alle forskjellig, basert p\u00e5 st\u00f8rrelse, vekt og helse, om personen er vant til \u00e5 ta det, om andre rusmidler er tatt omtrent samtidig, mengden tatt, styrken p\u00e5 stoffet (varierer fra batch til batch med ulovlig produserte legemidler). Kj\u00f8p amfetamin p\u00e5 nett.<\/p>\n<p>Derfor kan effekten av amfetamin merkes umiddelbart (hvis det injiseres eller r\u00f8ykes) eller innen 30 minutter (hvis det sn\u00f8res eller svelges). Kj\u00f8p amfetamin p\u00e5 nett.<\/p>\n<p>I tillegg kan f\u00f8lgende effekter oppleves:<\/p>\n<ul>\n<li>Lykke og selvtillit<\/li>\n<li>Snakke mer og f\u00f8le seg energisk<\/li>\n<li>Gjenta enkle ting som kl\u00f8e og kl\u00f8ing<\/li>\n<li>Store pupiller og t\u00f8rr munn<\/li>\n<li>Rask hjerterytme og pust<\/li>\n<li>Tanngnissing<\/li>\n<li>Redusert appetitt<\/li>\n<li>Overdreven svette<\/li>\n<li>\u00d8kt sexlyst<\/li>\n<\/ul>\n<p>Videre bruk av et dempende medikament som alkohol, benzodiazepiner eller cannabis for \u00e5 hjelpe med down&#8217;-effekter kan resultere i en syklus av avhengighet av begge typer medikamenter. Kj\u00f8p i tillegg amfetamin p\u00e5 nett. <a href=\"https:\/\/gooddealersmeds.com\/no\/product\/amphetamine-capsule\/\">Amfetamin av h\u00f8y kvalitet til salgs<\/a><\/p>\n<h3>Amfetaminpsykose<\/h3>\n<p>Og h\u00f8y doser og hyppig tung bruk kan ogs\u00e5 skape en &#8216;amfetaminpsykose&#8217;, preget av paranoide vrangforestillinger, hallusinasjoner og aggressiv eller voldelig oppf\u00f8rsel som ikke er karakteristisk. Disse symptomene forsvinner vanligvis noen dager etter at personen slutter \u00e5 bruke amfetamin.<\/p>\n<h3>Blanding av amfetamin med andre rusmidler<\/h3>\n<p>For det f\u00f8rste kan medikamentinteraksjoner endre hvordan amfetamin virker eller \u00f8ke risikoen for alvorlige bivirkninger. Hold en liste over alle produktene du bruker (inkludert reseptbelagte\/reseptfrie legemidler og urteprodukter) og del den med oss:<\/p>\n<p>I tillegg kan amfetamin og enkelte antidepressiva \u00f8ke blodtrykket, noe som kan f\u00f8re til uregelmessig hjerterytme , hjertesvikt og hjerneslag. Amfetamin av beste kvalitet til salgs p\u00e5 nettet hos <span style=\"color: #333333\"><a style=\"color: #333333\" href=\"https:\/\/gooddealersmeds.com\/no\/\">Good Dealers Meds<\/a> <\/span>.<\/p>\n<p>Ogs\u00e5 \u00e5 blande amfetamin med alkohol, cannabis eller benzodiazepiner setter kroppen under en h\u00f8y grad av stress n\u00e5r den pr\u00f8ver \u00e5 h\u00e5ndtere de motstridende effektene av begge typer medikamenter, noe som kan f\u00f8re til en overdose. Amfetamin til salgs.<\/p>\n","protected":false},"excerpt":{"rendered":"<p>Kj\u00f8p amfetamin online fra en p\u00e5litelig leverand\u00f8r og f\u00e5 den beste kvaliteten. Vi gir deg den beste fraktopplevelsen. Kj\u00f8p metamfetamin.<\/p>\n","protected":false},"featured_media":1950,"comment_status":"open","ping_status":"closed","template":"","meta":{"inline_featured_image":false},"product_brand":[],"product_cat":[346],"product_tag":[],"class_list":{"0":"post-1582","1":"product","2":"type-product","3":"status-publish","4":"has-post-thumbnail","6":"product_cat-sentralstimulerende-midler","7":"pa_pills-100-pills","8":"pa_pills-1000-pills","9":"pa_pills-30-pills","10":"pa_pills-300-pills","11":"pa_pills-50-pills","12":"pa_pills-500-pills","14":"first","15":"instock","16":"featured","17":"shipping-taxable","18":"purchasable","19":"product-type-variable","20":"has-default-attributes"},"yoast_head":"<!-- This site is optimized with the Yoast SEO Premium plugin v20.6 (Yoast SEO v27.4) - https:\/\/yoast.com\/product\/yoast-seo-premium-wordpress\/ -->\n<title>Kj\u00f8p amfetamin p\u00e5 nett - Amfetamin til salgs | Gode \u200b\u200bforhandlere medisiner<\/title>\n<meta name=\"description\" content=\"Kj\u00f8p amfetamin p\u00e5 nett til billig pris fra Good Dealers Meds i beste kvalitet for behandling av ADHD, narkolepsi og fedme.\" \/>\n<meta name=\"robots\" content=\"index, follow, max-snippet:-1, max-image-preview:large, max-video-preview:-1\" \/>\n<link rel=\"canonical\" href=\"https:\/\/gooddealersmeds.com\/no\/product\/amfetamin-kapsel\/\" \/>\n<meta property=\"og:locale\" content=\"en_US\" \/>\n<meta property=\"og:type\" content=\"article\" \/>\n<meta property=\"og:title\" content=\"Kj\u00f8p amfetaminkapsel p\u00e5 nett\" \/>\n<meta property=\"og:description\" content=\"Kj\u00f8p amfetamin p\u00e5 nett til billig pris fra Good Dealers Meds i beste kvalitet for behandling av ADHD, narkolepsi og fedme.\" \/>\n<meta property=\"og:url\" content=\"https:\/\/gooddealersmeds.com\/no\/product\/amfetamin-kapsel\/\" \/>\n<meta property=\"og:site_name\" content=\"Good Dealers Meds\" \/>\n<meta property=\"article:modified_time\" content=\"2022-10-03T21:28:27+00:00\" \/>\n<meta property=\"og:image\" content=\"https:\/\/gooddealersmeds.com\/no\/wp-content\/uploads\/sites\/8\/2022\/03\/Amphetamine-Capsule.jpg\" \/>\n\t<meta property=\"og:image:width\" content=\"400\" \/>\n\t<meta property=\"og:image:height\" content=\"533\" \/>\n\t<meta property=\"og:image:type\" content=\"image\/jpeg\" \/>\n<meta name=\"twitter:card\" content=\"summary_large_image\" \/>\n<meta name=\"twitter:label1\" content=\"Est. reading time\" \/>\n\t<meta name=\"twitter:data1\" content=\"3 minutes\" \/>\n<script type=\"application\/ld+json\" class=\"yoast-schema-graph\">{\"@context\":\"https:\\\/\\\/schema.org\",\"@graph\":[{\"@type\":\"WebPage\",\"@id\":\"https:\\\/\\\/gooddealersmeds.com\\\/no\\\/product\\\/amfetamin-kapsel\\\/\",\"url\":\"https:\\\/\\\/gooddealersmeds.com\\\/no\\\/product\\\/amfetamin-kapsel\\\/\",\"name\":\"Kj\u00f8p amfetamin p\u00e5 nett - Amfetamin til salgs | Gode \u200b\u200bforhandlere medisiner\",\"isPartOf\":{\"@id\":\"https:\\\/\\\/gooddealersmeds.com\\\/no\\\/#website\"},\"primaryImageOfPage\":{\"@id\":\"https:\\\/\\\/gooddealersmeds.com\\\/no\\\/product\\\/amfetamin-kapsel\\\/#primaryimage\"},\"image\":{\"@id\":\"https:\\\/\\\/gooddealersmeds.com\\\/no\\\/product\\\/amfetamin-kapsel\\\/#primaryimage\"},\"thumbnailUrl\":\"https:\\\/\\\/gooddealersmeds.com\\\/no\\\/wp-content\\\/uploads\\\/sites\\\/8\\\/2022\\\/03\\\/Amphetamine-Capsule.jpg\",\"datePublished\":\"2022-03-18T23:46:33+00:00\",\"dateModified\":\"2022-10-03T21:28:27+00:00\",\"description\":\"Kj\u00f8p amfetamin p\u00e5 nett til billig pris fra Good Dealers Meds i beste kvalitet for behandling av ADHD, narkolepsi og fedme.\",\"breadcrumb\":{\"@id\":\"https:\\\/\\\/gooddealersmeds.com\\\/no\\\/product\\\/amfetamin-kapsel\\\/#breadcrumb\"},\"inLanguage\":\"en-US\",\"potentialAction\":[{\"@type\":\"ReadAction\",\"target\":[\"https:\\\/\\\/gooddealersmeds.com\\\/no\\\/product\\\/amfetamin-kapsel\\\/\"]}]},{\"@type\":\"ImageObject\",\"inLanguage\":\"en-US\",\"@id\":\"https:\\\/\\\/gooddealersmeds.com\\\/no\\\/product\\\/amfetamin-kapsel\\\/#primaryimage\",\"url\":\"https:\\\/\\\/gooddealersmeds.com\\\/no\\\/wp-content\\\/uploads\\\/sites\\\/8\\\/2022\\\/03\\\/Amphetamine-Capsule.jpg\",\"contentUrl\":\"https:\\\/\\\/gooddealersmeds.com\\\/no\\\/wp-content\\\/uploads\\\/sites\\\/8\\\/2022\\\/03\\\/Amphetamine-Capsule.jpg\",\"width\":400,\"height\":533,\"caption\":\"Buy Amphetamine Online\"},{\"@type\":\"BreadcrumbList\",\"@id\":\"https:\\\/\\\/gooddealersmeds.com\\\/no\\\/product\\\/amfetamin-kapsel\\\/#breadcrumb\",\"itemListElement\":[{\"@type\":\"ListItem\",\"position\":1,\"name\":\"Home\",\"item\":\"https:\\\/\\\/gooddealersmeds.com\\\/no\\\/\"},{\"@type\":\"ListItem\",\"position\":2,\"name\":\"Produkter\",\"item\":\"https:\\\/\\\/gooddealersmeds.com\\\/no\\\/produkter\\\/\"},{\"@type\":\"ListItem\",\"position\":3,\"name\":\"Kj\u00f8p amfetaminkapsel p\u00e5 nett\"}]},{\"@type\":\"WebSite\",\"@id\":\"https:\\\/\\\/gooddealersmeds.com\\\/no\\\/#website\",\"url\":\"https:\\\/\\\/gooddealersmeds.com\\\/no\\\/\",\"name\":\"Good Dealers Meds\",\"description\":\"All our best\",\"publisher\":{\"@id\":\"https:\\\/\\\/gooddealersmeds.com\\\/no\\\/#organization\"},\"potentialAction\":[{\"@type\":\"SearchAction\",\"target\":{\"@type\":\"EntryPoint\",\"urlTemplate\":\"https:\\\/\\\/gooddealersmeds.com\\\/no\\\/?s={search_term_string}\"},\"query-input\":{\"@type\":\"PropertyValueSpecification\",\"valueRequired\":true,\"valueName\":\"search_term_string\"}}],\"inLanguage\":\"en-US\"},{\"@type\":\"Organization\",\"@id\":\"https:\\\/\\\/gooddealersmeds.com\\\/no\\\/#organization\",\"name\":\"Good Dealers Meds\",\"url\":\"https:\\\/\\\/gooddealersmeds.com\\\/no\\\/\",\"logo\":{\"@type\":\"ImageObject\",\"inLanguage\":\"en-US\",\"@id\":\"https:\\\/\\\/gooddealersmeds.com\\\/no\\\/#\\\/schema\\\/logo\\\/image\\\/\",\"url\":\"https:\\\/\\\/gooddealersmeds.com\\\/no\\\/wp-content\\\/uploads\\\/sites\\\/8\\\/2022\\\/03\\\/gooddealersmeds__logo__20220317T222800Z.00.png\",\"contentUrl\":\"https:\\\/\\\/gooddealersmeds.com\\\/no\\\/wp-content\\\/uploads\\\/sites\\\/8\\\/2022\\\/03\\\/gooddealersmeds__logo__20220317T222800Z.00.png\",\"width\":500,\"height\":325,\"caption\":\"Good Dealers Meds\"},\"image\":{\"@id\":\"https:\\\/\\\/gooddealersmeds.com\\\/no\\\/#\\\/schema\\\/logo\\\/image\\\/\"}}]}<\/script>\n<!-- \/ Yoast SEO Premium plugin. -->","yoast_head_json":{"title":"Kj\u00f8p amfetamin p\u00e5 nett - Amfetamin til salgs | Gode \u200b\u200bforhandlere medisiner","description":"Kj\u00f8p amfetamin p\u00e5 nett til billig pris fra Good Dealers Meds i beste kvalitet for behandling av ADHD, narkolepsi og fedme.","robots":{"index":"index","follow":"follow","max-snippet":"max-snippet:-1","max-image-preview":"max-image-preview:large","max-video-preview":"max-video-preview:-1"},"canonical":"https:\/\/gooddealersmeds.com\/no\/product\/amfetamin-kapsel\/","og_locale":"en_US","og_type":"article","og_title":"Kj\u00f8p amfetaminkapsel p\u00e5 nett","og_description":"Kj\u00f8p amfetamin p\u00e5 nett til billig pris fra Good Dealers Meds i beste kvalitet for behandling av ADHD, narkolepsi og fedme.","og_url":"https:\/\/gooddealersmeds.com\/no\/product\/amfetamin-kapsel\/","og_site_name":"Good Dealers Meds","article_modified_time":"2022-10-03T21:28:27+00:00","og_image":[{"width":400,"height":533,"url":"https:\/\/gooddealersmeds.com\/no\/wp-content\/uploads\/sites\/8\/2022\/03\/Amphetamine-Capsule.jpg","type":"image\/jpeg"}],"twitter_card":"summary_large_image","twitter_misc":{"Est. reading time":"3 minutes"},"schema":{"@context":"https:\/\/schema.org","@graph":[{"@type":"WebPage","@id":"https:\/\/gooddealersmeds.com\/no\/product\/amfetamin-kapsel\/","url":"https:\/\/gooddealersmeds.com\/no\/product\/amfetamin-kapsel\/","name":"Kj\u00f8p amfetamin p\u00e5 nett - Amfetamin til salgs | Gode \u200b\u200bforhandlere medisiner","isPartOf":{"@id":"https:\/\/gooddealersmeds.com\/no\/#website"},"primaryImageOfPage":{"@id":"https:\/\/gooddealersmeds.com\/no\/product\/amfetamin-kapsel\/#primaryimage"},"image":{"@id":"https:\/\/gooddealersmeds.com\/no\/product\/amfetamin-kapsel\/#primaryimage"},"thumbnailUrl":"https:\/\/gooddealersmeds.com\/no\/wp-content\/uploads\/sites\/8\/2022\/03\/Amphetamine-Capsule.jpg","datePublished":"2022-03-18T23:46:33+00:00","dateModified":"2022-10-03T21:28:27+00:00","description":"Kj\u00f8p amfetamin p\u00e5 nett til billig pris fra Good Dealers Meds i beste kvalitet for behandling av ADHD, narkolepsi og fedme.","breadcrumb":{"@id":"https:\/\/gooddealersmeds.com\/no\/product\/amfetamin-kapsel\/#breadcrumb"},"inLanguage":"en-US","potentialAction":[{"@type":"ReadAction","target":["https:\/\/gooddealersmeds.com\/no\/product\/amfetamin-kapsel\/"]}]},{"@type":"ImageObject","inLanguage":"en-US","@id":"https:\/\/gooddealersmeds.com\/no\/product\/amfetamin-kapsel\/#primaryimage","url":"https:\/\/gooddealersmeds.com\/no\/wp-content\/uploads\/sites\/8\/2022\/03\/Amphetamine-Capsule.jpg","contentUrl":"https:\/\/gooddealersmeds.com\/no\/wp-content\/uploads\/sites\/8\/2022\/03\/Amphetamine-Capsule.jpg","width":400,"height":533,"caption":"Buy Amphetamine Online"},{"@type":"BreadcrumbList","@id":"https:\/\/gooddealersmeds.com\/no\/product\/amfetamin-kapsel\/#breadcrumb","itemListElement":[{"@type":"ListItem","position":1,"name":"Home","item":"https:\/\/gooddealersmeds.com\/no\/"},{"@type":"ListItem","position":2,"name":"Produkter","item":"https:\/\/gooddealersmeds.com\/no\/produkter\/"},{"@type":"ListItem","position":3,"name":"Kj\u00f8p amfetaminkapsel p\u00e5 nett"}]},{"@type":"WebSite","@id":"https:\/\/gooddealersmeds.com\/no\/#website","url":"https:\/\/gooddealersmeds.com\/no\/","name":"Good Dealers Meds","description":"All our best","publisher":{"@id":"https:\/\/gooddealersmeds.com\/no\/#organization"},"potentialAction":[{"@type":"SearchAction","target":{"@type":"EntryPoint","urlTemplate":"https:\/\/gooddealersmeds.com\/no\/?s={search_term_string}"},"query-input":{"@type":"PropertyValueSpecification","valueRequired":true,"valueName":"search_term_string"}}],"inLanguage":"en-US"},{"@type":"Organization","@id":"https:\/\/gooddealersmeds.com\/no\/#organization","name":"Good Dealers Meds","url":"https:\/\/gooddealersmeds.com\/no\/","logo":{"@type":"ImageObject","inLanguage":"en-US","@id":"https:\/\/gooddealersmeds.com\/no\/#\/schema\/logo\/image\/","url":"https:\/\/gooddealersmeds.com\/no\/wp-content\/uploads\/sites\/8\/2022\/03\/gooddealersmeds__logo__20220317T222800Z.00.png","contentUrl":"https:\/\/gooddealersmeds.com\/no\/wp-content\/uploads\/sites\/8\/2022\/03\/gooddealersmeds__logo__20220317T222800Z.00.png","width":500,"height":325,"caption":"Good Dealers Meds"},"image":{"@id":"https:\/\/gooddealersmeds.com\/no\/#\/schema\/logo\/image\/"}}]}},"_links":{"self":[{"href":"https:\/\/gooddealersmeds.com\/no\/wp-json\/wp\/v2\/product\/1582","targetHints":{"allow":["GET"]}}],"collection":[{"href":"https:\/\/gooddealersmeds.com\/no\/wp-json\/wp\/v2\/product"}],"about":[{"href":"https:\/\/gooddealersmeds.com\/no\/wp-json\/wp\/v2\/types\/product"}],"replies":[{"embeddable":true,"href":"https:\/\/gooddealersmeds.com\/no\/wp-json\/wp\/v2\/comments?post=1582"}],"wp:featuredmedia":[{"embeddable":true,"href":"https:\/\/gooddealersmeds.com\/no\/wp-json\/wp\/v2\/media\/1950"}],"wp:attachment":[{"href":"https:\/\/gooddealersmeds.com\/no\/wp-json\/wp\/v2\/media?parent=1582"}],"wp:term":[{"taxonomy":"product_brand","embeddable":true,"href":"https:\/\/gooddealersmeds.com\/no\/wp-json\/wp\/v2\/product_brand?post=1582"},{"taxonomy":"product_cat","embeddable":true,"href":"https:\/\/gooddealersmeds.com\/no\/wp-json\/wp\/v2\/product_cat?post=1582"},{"taxonomy":"product_tag","embeddable":true,"href":"https:\/\/gooddealersmeds.com\/no\/wp-json\/wp\/v2\/product_tag?post=1582"}],"curies":[{"name":"wp","href":"https:\/\/api.w.org\/{rel}","templated":true}]}}