{"id":1572,"date":"2022-03-18T01:52:51","date_gmt":"2022-03-18T01:52:51","guid":{"rendered":"https:\/\/gooddealersmeds.com\/no\/?post_type=product&#038;p=1572"},"modified":"2022-10-03T21:28:34","modified_gmt":"2022-10-03T21:28:34","slug":"mdma-ecstasy-eller-molly","status":"publish","type":"product","link":"https:\/\/gooddealersmeds.com\/no\/product\/mdma-ecstasy-eller-molly\/","title":{"rendered":"MDMA (Ecstasy eller Molly)"},"content":{"rendered":"<p><strong>Kj\u00f8p MDMA p\u00e5 nett (MOLLY\/ECSTASY)<\/strong><\/p>\n<p>&#8220;<strong><em>Kj\u00f8p MDMA p\u00e5 nett&#8221; <\/em><\/strong>fra <span><a style=\"color: #333333\" href=\"https:\/\/gooddealersmeds.com\/no\/\">Good Dealers Medis<\/a><\/span>. MDMA eller 3,4-metylendioksymetamfetamin ofte referert til som <a href=\"https:\/\/gooddealersmeds.com\/no\/product\/mdma-ecstasy-or-molly\/\">ecstasy<\/a> kan v\u00e6re et sinnsendrende stoff prim\u00e6rt brukt som <span style=\"color: #333333\"><a style=\"color: #333333\" href=\"https:\/\/en.wikipedia.org\/wiki\/Narcotic\">narkotikum<\/a><\/span>. \u00d8nskede effekter av MDMA inkluderer endrede sensasjoner og \u00f8kt energi, empati og nytelse.<\/p>\n<p>ABON MDMA-test er en rask, ett-trinns, immunokromatografisk analyse designet for kvalitativ p\u00e5visning av legemiddelmetabolitt i human urin ved et grensepunkt. konsentrasjon.<\/p>\n<p>St\u00f8rstedelen av tidligere forskning har konsentrert seg om farene knyttet til ikke-klinisk (&#8216;rekreasjonsmessig&#8217;) MDMA-bruk. Temaet om hvorvidt rekreasjons-MDMA-brukere kan oppleve noen gunstige langsiktige virkninger av MDMA-bruk tas opp av potensielle fordeler med MDMA-assistert psykoterapi.<\/p>\n<p><strong>HVORDAN P\u00c5VIRKER MDMA Hjernen?<\/strong><\/p>\n<p>MDMA \u00f8ker aktivitetene til tre hjernekjemikalier som er:<\/p>\n<ul>\n<li>DOPAMINE \u00f8ker energi\/aktivitet og fungerer som et system for \u00e5 styrke atferd.<\/li>\n<li>NOREPINEFRIN- \u00f8ker puls og vitale tegn, som er risikabelt for personer med hjerte- og karproblemer.<\/li>\n<li>SEROTONIN- p\u00e5virker hum\u00f8r, appetitt, s\u00f8vn og andre funksjoner. Det utl\u00f8ser ogs\u00e5 hormoner som kan p\u00e5virke seksuell opphisselse og tillit. Frigj\u00f8ring av enorme mengder serotonin kan sannsynligvis for\u00e5rsake f\u00f8lelsesmessig n\u00e6rhet, heve hum\u00f8r og empati som de som bruker MDMA opplever.<\/li>\n<\/ul>\n<p><strong>ANDRE HELSEEFFEKTER INKLUSIVE:<\/strong><\/p>\n<ul>\n<li>Kvalme<\/li>\n<li>Kramper i muskler<\/li>\n<li>Ufrivillig tenner sammenknyttet<\/li>\n<li>T\u00e5kesyn<\/li>\n<li>Frysninger<\/li>\n<li>Svette<\/li>\n<\/ul>\n","protected":false},"excerpt":{"rendered":"<p>MDMA eller 3,4-metylendioksymetamfetamin, ofte referert til som ecstasy, kan v\u00e6re et sinnsendrende stoff som hovedsakelig brukes som et narkotikum. \u00d8nskede effekter av MDMA inkluderer endrede sensasjoner og \u00f8kt energi, empati og nytelse.<\/p>\n","protected":false},"featured_media":1581,"comment_status":"open","ping_status":"closed","template":"","meta":{"inline_featured_image":false},"product_brand":[],"product_cat":[345],"product_tag":[],"class_list":{"0":"post-1572","1":"product","2":"type-product","3":"status-publish","4":"has-post-thumbnail","6":"product_cat-psykedeliske-stoffer","7":"pa_pills-100-pills","8":"pa_pills-1000-pills","9":"pa_pills-30-pills","10":"pa_pills-300-pills","11":"pa_pills-50-pills","12":"pa_pills-500-pills","14":"first","15":"instock","16":"featured","17":"shipping-taxable","18":"purchasable","19":"product-type-variable","20":"has-default-attributes"},"yoast_head":"<!-- This site is optimized with the Yoast SEO Premium plugin v20.6 (Yoast SEO v27.4) - https:\/\/yoast.com\/product\/yoast-seo-premium-wordpress\/ -->\n<title>Kj\u00f8p MDMA p\u00e5 nett uten resept | Gode \u200b\u200bforhandlere medisiner<\/title>\n<meta name=\"description\" content=\"Kj\u00f8p MDMA p\u00e5 nett ofte referert til som ecstasy kan v\u00e6re et sinnsendrende stoff som prim\u00e6rt brukes som et narkotikum fra Good Dealers Meds.\" \/>\n<meta name=\"robots\" content=\"index, follow, max-snippet:-1, max-image-preview:large, max-video-preview:-1\" \/>\n<link rel=\"canonical\" href=\"https:\/\/gooddealersmeds.com\/no\/product\/mdma-ecstasy-eller-molly\/\" \/>\n<meta property=\"og:locale\" content=\"en_US\" \/>\n<meta property=\"og:type\" content=\"article\" \/>\n<meta property=\"og:title\" content=\"MDMA (Ecstasy eller Molly)\" \/>\n<meta property=\"og:description\" content=\"Kj\u00f8p MDMA p\u00e5 nett ofte referert til som ecstasy kan v\u00e6re et sinnsendrende stoff som prim\u00e6rt brukes som et narkotikum fra Good Dealers Meds.\" \/>\n<meta property=\"og:url\" content=\"https:\/\/gooddealersmeds.com\/no\/product\/mdma-ecstasy-eller-molly\/\" \/>\n<meta property=\"og:site_name\" content=\"Good Dealers Meds\" \/>\n<meta property=\"article:modified_time\" content=\"2022-10-03T21:28:34+00:00\" \/>\n<meta property=\"og:image\" content=\"https:\/\/gooddealersmeds.com\/no\/wp-content\/uploads\/sites\/8\/2022\/03\/MDMA-Ecstasy-or-Molly-1.jpeg\" \/>\n\t<meta property=\"og:image:width\" content=\"600\" \/>\n\t<meta property=\"og:image:height\" content=\"600\" \/>\n\t<meta property=\"og:image:type\" content=\"image\/jpeg\" \/>\n<meta name=\"twitter:card\" content=\"summary_large_image\" \/>\n<meta name=\"twitter:label1\" content=\"Est. reading time\" \/>\n\t<meta name=\"twitter:data1\" content=\"1 minute\" \/>\n<script type=\"application\/ld+json\" class=\"yoast-schema-graph\">{\"@context\":\"https:\\\/\\\/schema.org\",\"@graph\":[{\"@type\":\"WebPage\",\"@id\":\"https:\\\/\\\/gooddealersmeds.com\\\/no\\\/product\\\/mdma-ecstasy-eller-molly\\\/\",\"url\":\"https:\\\/\\\/gooddealersmeds.com\\\/no\\\/product\\\/mdma-ecstasy-eller-molly\\\/\",\"name\":\"Kj\u00f8p MDMA p\u00e5 nett uten resept | Gode \u200b\u200bforhandlere medisiner\",\"isPartOf\":{\"@id\":\"https:\\\/\\\/gooddealersmeds.com\\\/no\\\/#website\"},\"primaryImageOfPage\":{\"@id\":\"https:\\\/\\\/gooddealersmeds.com\\\/no\\\/product\\\/mdma-ecstasy-eller-molly\\\/#primaryimage\"},\"image\":{\"@id\":\"https:\\\/\\\/gooddealersmeds.com\\\/no\\\/product\\\/mdma-ecstasy-eller-molly\\\/#primaryimage\"},\"thumbnailUrl\":\"https:\\\/\\\/gooddealersmeds.com\\\/no\\\/wp-content\\\/uploads\\\/sites\\\/8\\\/2022\\\/03\\\/MDMA-Ecstasy-or-Molly-1.jpeg\",\"datePublished\":\"2022-03-18T01:52:51+00:00\",\"dateModified\":\"2022-10-03T21:28:34+00:00\",\"description\":\"Kj\u00f8p MDMA p\u00e5 nett ofte referert til som ecstasy kan v\u00e6re et sinnsendrende stoff som prim\u00e6rt brukes som et narkotikum fra Good Dealers Meds.\",\"breadcrumb\":{\"@id\":\"https:\\\/\\\/gooddealersmeds.com\\\/no\\\/product\\\/mdma-ecstasy-eller-molly\\\/#breadcrumb\"},\"inLanguage\":\"en-US\",\"potentialAction\":[{\"@type\":\"ReadAction\",\"target\":[\"https:\\\/\\\/gooddealersmeds.com\\\/no\\\/product\\\/mdma-ecstasy-eller-molly\\\/\"]}]},{\"@type\":\"ImageObject\",\"inLanguage\":\"en-US\",\"@id\":\"https:\\\/\\\/gooddealersmeds.com\\\/no\\\/product\\\/mdma-ecstasy-eller-molly\\\/#primaryimage\",\"url\":\"https:\\\/\\\/gooddealersmeds.com\\\/no\\\/wp-content\\\/uploads\\\/sites\\\/8\\\/2022\\\/03\\\/MDMA-Ecstasy-or-Molly-1.jpeg\",\"contentUrl\":\"https:\\\/\\\/gooddealersmeds.com\\\/no\\\/wp-content\\\/uploads\\\/sites\\\/8\\\/2022\\\/03\\\/MDMA-Ecstasy-or-Molly-1.jpeg\",\"width\":600,\"height\":600,\"caption\":\"Buy MDMA Online\"},{\"@type\":\"BreadcrumbList\",\"@id\":\"https:\\\/\\\/gooddealersmeds.com\\\/no\\\/product\\\/mdma-ecstasy-eller-molly\\\/#breadcrumb\",\"itemListElement\":[{\"@type\":\"ListItem\",\"position\":1,\"name\":\"Home\",\"item\":\"https:\\\/\\\/gooddealersmeds.com\\\/no\\\/\"},{\"@type\":\"ListItem\",\"position\":2,\"name\":\"Produkter\",\"item\":\"https:\\\/\\\/gooddealersmeds.com\\\/no\\\/produkter\\\/\"},{\"@type\":\"ListItem\",\"position\":3,\"name\":\"MDMA (Ecstasy eller Molly)\"}]},{\"@type\":\"WebSite\",\"@id\":\"https:\\\/\\\/gooddealersmeds.com\\\/no\\\/#website\",\"url\":\"https:\\\/\\\/gooddealersmeds.com\\\/no\\\/\",\"name\":\"Good Dealers Meds\",\"description\":\"All our best\",\"publisher\":{\"@id\":\"https:\\\/\\\/gooddealersmeds.com\\\/no\\\/#organization\"},\"potentialAction\":[{\"@type\":\"SearchAction\",\"target\":{\"@type\":\"EntryPoint\",\"urlTemplate\":\"https:\\\/\\\/gooddealersmeds.com\\\/no\\\/?s={search_term_string}\"},\"query-input\":{\"@type\":\"PropertyValueSpecification\",\"valueRequired\":true,\"valueName\":\"search_term_string\"}}],\"inLanguage\":\"en-US\"},{\"@type\":\"Organization\",\"@id\":\"https:\\\/\\\/gooddealersmeds.com\\\/no\\\/#organization\",\"name\":\"Good Dealers Meds\",\"url\":\"https:\\\/\\\/gooddealersmeds.com\\\/no\\\/\",\"logo\":{\"@type\":\"ImageObject\",\"inLanguage\":\"en-US\",\"@id\":\"https:\\\/\\\/gooddealersmeds.com\\\/no\\\/#\\\/schema\\\/logo\\\/image\\\/\",\"url\":\"https:\\\/\\\/gooddealersmeds.com\\\/no\\\/wp-content\\\/uploads\\\/sites\\\/8\\\/2022\\\/03\\\/gooddealersmeds__logo__20220317T222800Z.00.png\",\"contentUrl\":\"https:\\\/\\\/gooddealersmeds.com\\\/no\\\/wp-content\\\/uploads\\\/sites\\\/8\\\/2022\\\/03\\\/gooddealersmeds__logo__20220317T222800Z.00.png\",\"width\":500,\"height\":325,\"caption\":\"Good Dealers Meds\"},\"image\":{\"@id\":\"https:\\\/\\\/gooddealersmeds.com\\\/no\\\/#\\\/schema\\\/logo\\\/image\\\/\"}}]}<\/script>\n<!-- \/ Yoast SEO Premium plugin. -->","yoast_head_json":{"title":"Kj\u00f8p MDMA p\u00e5 nett uten resept | Gode \u200b\u200bforhandlere medisiner","description":"Kj\u00f8p MDMA p\u00e5 nett ofte referert til som ecstasy kan v\u00e6re et sinnsendrende stoff som prim\u00e6rt brukes som et narkotikum fra Good Dealers Meds.","robots":{"index":"index","follow":"follow","max-snippet":"max-snippet:-1","max-image-preview":"max-image-preview:large","max-video-preview":"max-video-preview:-1"},"canonical":"https:\/\/gooddealersmeds.com\/no\/product\/mdma-ecstasy-eller-molly\/","og_locale":"en_US","og_type":"article","og_title":"MDMA (Ecstasy eller Molly)","og_description":"Kj\u00f8p MDMA p\u00e5 nett ofte referert til som ecstasy kan v\u00e6re et sinnsendrende stoff som prim\u00e6rt brukes som et narkotikum fra Good Dealers Meds.","og_url":"https:\/\/gooddealersmeds.com\/no\/product\/mdma-ecstasy-eller-molly\/","og_site_name":"Good Dealers Meds","article_modified_time":"2022-10-03T21:28:34+00:00","og_image":[{"width":600,"height":600,"url":"https:\/\/gooddealersmeds.com\/no\/wp-content\/uploads\/sites\/8\/2022\/03\/MDMA-Ecstasy-or-Molly-1.jpeg","type":"image\/jpeg"}],"twitter_card":"summary_large_image","twitter_misc":{"Est. reading time":"1 minute"},"schema":{"@context":"https:\/\/schema.org","@graph":[{"@type":"WebPage","@id":"https:\/\/gooddealersmeds.com\/no\/product\/mdma-ecstasy-eller-molly\/","url":"https:\/\/gooddealersmeds.com\/no\/product\/mdma-ecstasy-eller-molly\/","name":"Kj\u00f8p MDMA p\u00e5 nett uten resept | Gode \u200b\u200bforhandlere medisiner","isPartOf":{"@id":"https:\/\/gooddealersmeds.com\/no\/#website"},"primaryImageOfPage":{"@id":"https:\/\/gooddealersmeds.com\/no\/product\/mdma-ecstasy-eller-molly\/#primaryimage"},"image":{"@id":"https:\/\/gooddealersmeds.com\/no\/product\/mdma-ecstasy-eller-molly\/#primaryimage"},"thumbnailUrl":"https:\/\/gooddealersmeds.com\/no\/wp-content\/uploads\/sites\/8\/2022\/03\/MDMA-Ecstasy-or-Molly-1.jpeg","datePublished":"2022-03-18T01:52:51+00:00","dateModified":"2022-10-03T21:28:34+00:00","description":"Kj\u00f8p MDMA p\u00e5 nett ofte referert til som ecstasy kan v\u00e6re et sinnsendrende stoff som prim\u00e6rt brukes som et narkotikum fra Good Dealers Meds.","breadcrumb":{"@id":"https:\/\/gooddealersmeds.com\/no\/product\/mdma-ecstasy-eller-molly\/#breadcrumb"},"inLanguage":"en-US","potentialAction":[{"@type":"ReadAction","target":["https:\/\/gooddealersmeds.com\/no\/product\/mdma-ecstasy-eller-molly\/"]}]},{"@type":"ImageObject","inLanguage":"en-US","@id":"https:\/\/gooddealersmeds.com\/no\/product\/mdma-ecstasy-eller-molly\/#primaryimage","url":"https:\/\/gooddealersmeds.com\/no\/wp-content\/uploads\/sites\/8\/2022\/03\/MDMA-Ecstasy-or-Molly-1.jpeg","contentUrl":"https:\/\/gooddealersmeds.com\/no\/wp-content\/uploads\/sites\/8\/2022\/03\/MDMA-Ecstasy-or-Molly-1.jpeg","width":600,"height":600,"caption":"Buy MDMA Online"},{"@type":"BreadcrumbList","@id":"https:\/\/gooddealersmeds.com\/no\/product\/mdma-ecstasy-eller-molly\/#breadcrumb","itemListElement":[{"@type":"ListItem","position":1,"name":"Home","item":"https:\/\/gooddealersmeds.com\/no\/"},{"@type":"ListItem","position":2,"name":"Produkter","item":"https:\/\/gooddealersmeds.com\/no\/produkter\/"},{"@type":"ListItem","position":3,"name":"MDMA (Ecstasy eller Molly)"}]},{"@type":"WebSite","@id":"https:\/\/gooddealersmeds.com\/no\/#website","url":"https:\/\/gooddealersmeds.com\/no\/","name":"Good Dealers Meds","description":"All our best","publisher":{"@id":"https:\/\/gooddealersmeds.com\/no\/#organization"},"potentialAction":[{"@type":"SearchAction","target":{"@type":"EntryPoint","urlTemplate":"https:\/\/gooddealersmeds.com\/no\/?s={search_term_string}"},"query-input":{"@type":"PropertyValueSpecification","valueRequired":true,"valueName":"search_term_string"}}],"inLanguage":"en-US"},{"@type":"Organization","@id":"https:\/\/gooddealersmeds.com\/no\/#organization","name":"Good Dealers Meds","url":"https:\/\/gooddealersmeds.com\/no\/","logo":{"@type":"ImageObject","inLanguage":"en-US","@id":"https:\/\/gooddealersmeds.com\/no\/#\/schema\/logo\/image\/","url":"https:\/\/gooddealersmeds.com\/no\/wp-content\/uploads\/sites\/8\/2022\/03\/gooddealersmeds__logo__20220317T222800Z.00.png","contentUrl":"https:\/\/gooddealersmeds.com\/no\/wp-content\/uploads\/sites\/8\/2022\/03\/gooddealersmeds__logo__20220317T222800Z.00.png","width":500,"height":325,"caption":"Good Dealers Meds"},"image":{"@id":"https:\/\/gooddealersmeds.com\/no\/#\/schema\/logo\/image\/"}}]}},"_links":{"self":[{"href":"https:\/\/gooddealersmeds.com\/no\/wp-json\/wp\/v2\/product\/1572","targetHints":{"allow":["GET"]}}],"collection":[{"href":"https:\/\/gooddealersmeds.com\/no\/wp-json\/wp\/v2\/product"}],"about":[{"href":"https:\/\/gooddealersmeds.com\/no\/wp-json\/wp\/v2\/types\/product"}],"replies":[{"embeddable":true,"href":"https:\/\/gooddealersmeds.com\/no\/wp-json\/wp\/v2\/comments?post=1572"}],"wp:featuredmedia":[{"embeddable":true,"href":"https:\/\/gooddealersmeds.com\/no\/wp-json\/wp\/v2\/media\/1581"}],"wp:attachment":[{"href":"https:\/\/gooddealersmeds.com\/no\/wp-json\/wp\/v2\/media?parent=1572"}],"wp:term":[{"taxonomy":"product_brand","embeddable":true,"href":"https:\/\/gooddealersmeds.com\/no\/wp-json\/wp\/v2\/product_brand?post=1572"},{"taxonomy":"product_cat","embeddable":true,"href":"https:\/\/gooddealersmeds.com\/no\/wp-json\/wp\/v2\/product_cat?post=1572"},{"taxonomy":"product_tag","embeddable":true,"href":"https:\/\/gooddealersmeds.com\/no\/wp-json\/wp\/v2\/product_tag?post=1572"}],"curies":[{"name":"wp","href":"https:\/\/api.w.org\/{rel}","templated":true}]}}