{"id":1563,"date":"2022-03-18T01:19:50","date_gmt":"2022-03-18T01:19:50","guid":{"rendered":"https:\/\/gooddealersmeds.com\/no\/?post_type=product&#038;p=1563"},"modified":"2022-10-03T21:28:43","modified_gmt":"2022-10-03T21:28:43","slug":"kjop-amfetamin-pulver-pa-nett","status":"publish","type":"product","link":"https:\/\/gooddealersmeds.com\/no\/product\/kjop-amfetamin-pulver-pa-nett\/","title":{"rendered":"Kj\u00f8p amfetaminpulver p\u00e5 nett"},"content":{"rendered":"<p>Kj\u00f8p amfetaminpulver p\u00e5 nett. Amfetamin er stimulerende medisiner som stimulerer aktiviteten til visse hjernekjemikalier. Disse medisinene inneholder amfetamin, et sentralnervesystemstimulerende middel som brukes til \u00e5 behandle oppmerksomhetsunderskudd hyperaktivitetsforstyrrelse, narkolepsi og fedme. I de fleste tilfeller forenes to kjemikalier for \u00e5 danne den. Det er to av dem: levoamfetamin og dekstroamfetamin. Den faktiske medisinen som brukes til \u00e5 behandle ADHD er dekstroamfetamin. Levoamfetamin, derimot, er et psykostimulerende middel som fremmer \u00e5rv\u00e5kenhet og fokus.<\/p>\n<p>Deksamfetamin, sulfat og metamfetamin, en mer potent versjon av amfetamin, er andre eksempler. Imidlertid selges amfetaminholdige medisiner under en rekke merkenavn i Europa. <a href=\"https:\/\/gooddealersmeds.com\/no\/product\/buy-amphetamine-powder-online\/\">Amfetaminpulver til salgs<\/a> brukes til \u00e5 behandle oppmerksomhetsunderskudd hyperaktivitetsforstyrrelser via medisinsk av leger med anbefaling .<\/p>\n<p>Pudret svelges eller fnyses. Amfetaminsulfat er utilstrekkelig flyktig til \u00e5 kunne r\u00f8ykes I motsetning til hydrokloridsaltet av metamfetamin.<\/p>\n<p><strong>Effekter<\/strong><\/p>\n<p>For det f\u00f8rste p\u00e5virker det alle forskjellig, avhengig av st\u00f8rrelse, vekt, og helse, om individet er vant til \u00e5 ta det, om andre medikamenter tas samtidig, mengden som konsumeres og stoffets styrke (varierer fra batch til batch med ulovlig produserte legemidler).<\/p>\n<p>Som Som et resultat kan effekten merkes umiddelbart (hvis den injiseres eller r\u00f8ykes) eller innen 30 minutter (hvis den sn\u00f8res eller svelges).<\/p>\n<p>F\u00f8lgende effekter kan oppleves:<\/p>\n<ul>\n<li> Glede og selvtillit<\/li>\n<li>Snakke mer og f\u00f8le seg energisk<\/li>\n<li>Gjenta enkle ting som kl\u00f8e og kl\u00f8e<\/li>\n<li>Store pupiller og t\u00f8rr munn<\/li>\n<li>Rask hjerterytme og pust<\/li>\n<li>Tanngnissing<\/li>\n<li>Redusert appetitt<\/li>\n<li>Overdreven svette<\/li>\n<li>\u00d8kt sexlyst<\/li>\n<\/ul>\n<p> <strong>Hvordan virker amfetaminpulver?<\/strong><\/p>\n<p>T hans b\u00f8r tas i henhold til legens instruksjoner for medisinske behov. Start med minst mulig mengde for rekreasjonsform\u00e5l for \u00e5 sikre at stoffet ikke har en negativ p\u00e5virkning. Den milde dosen er 5-20 mg, mens alt over det anses som en sterk dose (40-70 mg).<\/p>\n<p><strong>Bivirkninger<\/strong><\/p>\n<p>Uregelmessig hjerterytme, h\u00f8yt blodtrykk og h\u00f8y temperatur. Det er ogs\u00e5 sjanser for at blod\u00e5rene sprekker, hjerteinfarkt eller hjerneslag. Til og med d\u00f8den kan inntreffe.<\/p>\n<p>Du kan kj\u00f8pe amfetaminpulver p\u00e5 nett fra v\u00e5r <a href=\"https:\/\/gooddealersmeds.com\/no\/products\/\">butikk<\/a> med sikker frakt over hele Europa .<\/p>\n","protected":false},"excerpt":{"rendered":"<p>Kj\u00f8p amfetaminpulver online fra en p\u00e5litelig leverand\u00f8r og f\u00e5 den beste kvaliteten. Vi gir deg den beste fraktopplevelsen. Kj\u00f8p metamfetamin.<\/p>\n","protected":false},"featured_media":1571,"comment_status":"open","ping_status":"closed","template":"","meta":{"inline_featured_image":false},"product_brand":[],"product_cat":[343],"product_tag":[],"class_list":{"0":"post-1563","1":"product","2":"type-product","3":"status-publish","4":"has-post-thumbnail","6":"product_cat-andre","7":"pa_grams-1-kg-1000-g","8":"pa_grams-100-g","9":"pa_grams-20-g","10":"pa_grams-200-g","11":"pa_grams-250-g","12":"pa_grams-35-g","13":"pa_grams-50-g","14":"pa_grams-500-g","16":"first","17":"instock","18":"featured","19":"shipping-taxable","20":"purchasable","21":"product-type-variable","22":"has-default-attributes"},"yoast_head":"<!-- This site is optimized with the Yoast SEO Premium plugin v20.6 (Yoast SEO v27.4) - https:\/\/yoast.com\/product\/yoast-seo-premium-wordpress\/ -->\n<title>Kj\u00f8p amfetaminpulver p\u00e5 nett | Gode \u200b\u200bforhandlere medisiner<\/title>\n<meta name=\"description\" content=\"Kj\u00f8p amfetaminpulver p\u00e5 nett fra en p\u00e5litelig leverand\u00f8r og f\u00e5 den beste kvaliteten. Vi gir deg den beste fraktopplevelsen.\" \/>\n<meta name=\"robots\" content=\"index, follow, max-snippet:-1, max-image-preview:large, max-video-preview:-1\" \/>\n<link rel=\"canonical\" href=\"https:\/\/gooddealersmeds.com\/no\/product\/kjop-amfetamin-pulver-pa-nett\/\" \/>\n<meta property=\"og:locale\" content=\"en_US\" \/>\n<meta property=\"og:type\" content=\"article\" \/>\n<meta property=\"og:title\" content=\"Kj\u00f8p amfetaminpulver p\u00e5 nett\" \/>\n<meta property=\"og:description\" content=\"Kj\u00f8p amfetaminpulver p\u00e5 nett fra en p\u00e5litelig leverand\u00f8r og f\u00e5 den beste kvaliteten. Vi gir deg den beste fraktopplevelsen.\" \/>\n<meta property=\"og:url\" content=\"https:\/\/gooddealersmeds.com\/no\/product\/kjop-amfetamin-pulver-pa-nett\/\" \/>\n<meta property=\"og:site_name\" content=\"Good Dealers Meds\" \/>\n<meta property=\"article:modified_time\" content=\"2022-10-03T21:28:43+00:00\" \/>\n<meta property=\"og:image\" content=\"https:\/\/gooddealersmeds.com\/no\/wp-content\/uploads\/sites\/8\/2022\/03\/AMPHETAMINE-POWDER.jpg\" \/>\n\t<meta property=\"og:image:width\" content=\"480\" \/>\n\t<meta property=\"og:image:height\" content=\"480\" \/>\n\t<meta property=\"og:image:type\" content=\"image\/jpeg\" \/>\n<meta name=\"twitter:card\" content=\"summary_large_image\" \/>\n<meta name=\"twitter:label1\" content=\"Est. reading time\" \/>\n\t<meta name=\"twitter:data1\" content=\"2 minutes\" \/>\n<script type=\"application\/ld+json\" class=\"yoast-schema-graph\">{\"@context\":\"https:\\\/\\\/schema.org\",\"@graph\":[{\"@type\":\"WebPage\",\"@id\":\"https:\\\/\\\/gooddealersmeds.com\\\/no\\\/product\\\/kjop-amfetamin-pulver-pa-nett\\\/\",\"url\":\"https:\\\/\\\/gooddealersmeds.com\\\/no\\\/product\\\/kjop-amfetamin-pulver-pa-nett\\\/\",\"name\":\"Kj\u00f8p amfetaminpulver p\u00e5 nett | Gode \u200b\u200bforhandlere medisiner\",\"isPartOf\":{\"@id\":\"https:\\\/\\\/gooddealersmeds.com\\\/no\\\/#website\"},\"primaryImageOfPage\":{\"@id\":\"https:\\\/\\\/gooddealersmeds.com\\\/no\\\/product\\\/kjop-amfetamin-pulver-pa-nett\\\/#primaryimage\"},\"image\":{\"@id\":\"https:\\\/\\\/gooddealersmeds.com\\\/no\\\/product\\\/kjop-amfetamin-pulver-pa-nett\\\/#primaryimage\"},\"thumbnailUrl\":\"https:\\\/\\\/gooddealersmeds.com\\\/no\\\/wp-content\\\/uploads\\\/sites\\\/8\\\/2022\\\/03\\\/AMPHETAMINE-POWDER.jpg\",\"datePublished\":\"2022-03-18T01:19:50+00:00\",\"dateModified\":\"2022-10-03T21:28:43+00:00\",\"description\":\"Kj\u00f8p amfetaminpulver p\u00e5 nett fra en p\u00e5litelig leverand\u00f8r og f\u00e5 den beste kvaliteten. Vi gir deg den beste fraktopplevelsen.\",\"breadcrumb\":{\"@id\":\"https:\\\/\\\/gooddealersmeds.com\\\/no\\\/product\\\/kjop-amfetamin-pulver-pa-nett\\\/#breadcrumb\"},\"inLanguage\":\"en-US\",\"potentialAction\":[{\"@type\":\"ReadAction\",\"target\":[\"https:\\\/\\\/gooddealersmeds.com\\\/no\\\/product\\\/kjop-amfetamin-pulver-pa-nett\\\/\"]}]},{\"@type\":\"ImageObject\",\"inLanguage\":\"en-US\",\"@id\":\"https:\\\/\\\/gooddealersmeds.com\\\/no\\\/product\\\/kjop-amfetamin-pulver-pa-nett\\\/#primaryimage\",\"url\":\"https:\\\/\\\/gooddealersmeds.com\\\/no\\\/wp-content\\\/uploads\\\/sites\\\/8\\\/2022\\\/03\\\/AMPHETAMINE-POWDER.jpg\",\"contentUrl\":\"https:\\\/\\\/gooddealersmeds.com\\\/no\\\/wp-content\\\/uploads\\\/sites\\\/8\\\/2022\\\/03\\\/AMPHETAMINE-POWDER.jpg\",\"width\":480,\"height\":480,\"caption\":\"Buy Amphetamine Powder Online\"},{\"@type\":\"BreadcrumbList\",\"@id\":\"https:\\\/\\\/gooddealersmeds.com\\\/no\\\/product\\\/kjop-amfetamin-pulver-pa-nett\\\/#breadcrumb\",\"itemListElement\":[{\"@type\":\"ListItem\",\"position\":1,\"name\":\"Home\",\"item\":\"https:\\\/\\\/gooddealersmeds.com\\\/no\\\/\"},{\"@type\":\"ListItem\",\"position\":2,\"name\":\"Produkter\",\"item\":\"https:\\\/\\\/gooddealersmeds.com\\\/no\\\/produkter\\\/\"},{\"@type\":\"ListItem\",\"position\":3,\"name\":\"Kj\u00f8p amfetaminpulver p\u00e5 nett\"}]},{\"@type\":\"WebSite\",\"@id\":\"https:\\\/\\\/gooddealersmeds.com\\\/no\\\/#website\",\"url\":\"https:\\\/\\\/gooddealersmeds.com\\\/no\\\/\",\"name\":\"Good Dealers Meds\",\"description\":\"All our best\",\"publisher\":{\"@id\":\"https:\\\/\\\/gooddealersmeds.com\\\/no\\\/#organization\"},\"potentialAction\":[{\"@type\":\"SearchAction\",\"target\":{\"@type\":\"EntryPoint\",\"urlTemplate\":\"https:\\\/\\\/gooddealersmeds.com\\\/no\\\/?s={search_term_string}\"},\"query-input\":{\"@type\":\"PropertyValueSpecification\",\"valueRequired\":true,\"valueName\":\"search_term_string\"}}],\"inLanguage\":\"en-US\"},{\"@type\":\"Organization\",\"@id\":\"https:\\\/\\\/gooddealersmeds.com\\\/no\\\/#organization\",\"name\":\"Good Dealers Meds\",\"url\":\"https:\\\/\\\/gooddealersmeds.com\\\/no\\\/\",\"logo\":{\"@type\":\"ImageObject\",\"inLanguage\":\"en-US\",\"@id\":\"https:\\\/\\\/gooddealersmeds.com\\\/no\\\/#\\\/schema\\\/logo\\\/image\\\/\",\"url\":\"https:\\\/\\\/gooddealersmeds.com\\\/no\\\/wp-content\\\/uploads\\\/sites\\\/8\\\/2022\\\/03\\\/gooddealersmeds__logo__20220317T222800Z.00.png\",\"contentUrl\":\"https:\\\/\\\/gooddealersmeds.com\\\/no\\\/wp-content\\\/uploads\\\/sites\\\/8\\\/2022\\\/03\\\/gooddealersmeds__logo__20220317T222800Z.00.png\",\"width\":500,\"height\":325,\"caption\":\"Good Dealers Meds\"},\"image\":{\"@id\":\"https:\\\/\\\/gooddealersmeds.com\\\/no\\\/#\\\/schema\\\/logo\\\/image\\\/\"}}]}<\/script>\n<!-- \/ Yoast SEO Premium plugin. -->","yoast_head_json":{"title":"Kj\u00f8p amfetaminpulver p\u00e5 nett | Gode \u200b\u200bforhandlere medisiner","description":"Kj\u00f8p amfetaminpulver p\u00e5 nett fra en p\u00e5litelig leverand\u00f8r og f\u00e5 den beste kvaliteten. Vi gir deg den beste fraktopplevelsen.","robots":{"index":"index","follow":"follow","max-snippet":"max-snippet:-1","max-image-preview":"max-image-preview:large","max-video-preview":"max-video-preview:-1"},"canonical":"https:\/\/gooddealersmeds.com\/no\/product\/kjop-amfetamin-pulver-pa-nett\/","og_locale":"en_US","og_type":"article","og_title":"Kj\u00f8p amfetaminpulver p\u00e5 nett","og_description":"Kj\u00f8p amfetaminpulver p\u00e5 nett fra en p\u00e5litelig leverand\u00f8r og f\u00e5 den beste kvaliteten. Vi gir deg den beste fraktopplevelsen.","og_url":"https:\/\/gooddealersmeds.com\/no\/product\/kjop-amfetamin-pulver-pa-nett\/","og_site_name":"Good Dealers Meds","article_modified_time":"2022-10-03T21:28:43+00:00","og_image":[{"width":480,"height":480,"url":"https:\/\/gooddealersmeds.com\/no\/wp-content\/uploads\/sites\/8\/2022\/03\/AMPHETAMINE-POWDER.jpg","type":"image\/jpeg"}],"twitter_card":"summary_large_image","twitter_misc":{"Est. reading time":"2 minutes"},"schema":{"@context":"https:\/\/schema.org","@graph":[{"@type":"WebPage","@id":"https:\/\/gooddealersmeds.com\/no\/product\/kjop-amfetamin-pulver-pa-nett\/","url":"https:\/\/gooddealersmeds.com\/no\/product\/kjop-amfetamin-pulver-pa-nett\/","name":"Kj\u00f8p amfetaminpulver p\u00e5 nett | Gode \u200b\u200bforhandlere medisiner","isPartOf":{"@id":"https:\/\/gooddealersmeds.com\/no\/#website"},"primaryImageOfPage":{"@id":"https:\/\/gooddealersmeds.com\/no\/product\/kjop-amfetamin-pulver-pa-nett\/#primaryimage"},"image":{"@id":"https:\/\/gooddealersmeds.com\/no\/product\/kjop-amfetamin-pulver-pa-nett\/#primaryimage"},"thumbnailUrl":"https:\/\/gooddealersmeds.com\/no\/wp-content\/uploads\/sites\/8\/2022\/03\/AMPHETAMINE-POWDER.jpg","datePublished":"2022-03-18T01:19:50+00:00","dateModified":"2022-10-03T21:28:43+00:00","description":"Kj\u00f8p amfetaminpulver p\u00e5 nett fra en p\u00e5litelig leverand\u00f8r og f\u00e5 den beste kvaliteten. Vi gir deg den beste fraktopplevelsen.","breadcrumb":{"@id":"https:\/\/gooddealersmeds.com\/no\/product\/kjop-amfetamin-pulver-pa-nett\/#breadcrumb"},"inLanguage":"en-US","potentialAction":[{"@type":"ReadAction","target":["https:\/\/gooddealersmeds.com\/no\/product\/kjop-amfetamin-pulver-pa-nett\/"]}]},{"@type":"ImageObject","inLanguage":"en-US","@id":"https:\/\/gooddealersmeds.com\/no\/product\/kjop-amfetamin-pulver-pa-nett\/#primaryimage","url":"https:\/\/gooddealersmeds.com\/no\/wp-content\/uploads\/sites\/8\/2022\/03\/AMPHETAMINE-POWDER.jpg","contentUrl":"https:\/\/gooddealersmeds.com\/no\/wp-content\/uploads\/sites\/8\/2022\/03\/AMPHETAMINE-POWDER.jpg","width":480,"height":480,"caption":"Buy Amphetamine Powder Online"},{"@type":"BreadcrumbList","@id":"https:\/\/gooddealersmeds.com\/no\/product\/kjop-amfetamin-pulver-pa-nett\/#breadcrumb","itemListElement":[{"@type":"ListItem","position":1,"name":"Home","item":"https:\/\/gooddealersmeds.com\/no\/"},{"@type":"ListItem","position":2,"name":"Produkter","item":"https:\/\/gooddealersmeds.com\/no\/produkter\/"},{"@type":"ListItem","position":3,"name":"Kj\u00f8p amfetaminpulver p\u00e5 nett"}]},{"@type":"WebSite","@id":"https:\/\/gooddealersmeds.com\/no\/#website","url":"https:\/\/gooddealersmeds.com\/no\/","name":"Good Dealers Meds","description":"All our best","publisher":{"@id":"https:\/\/gooddealersmeds.com\/no\/#organization"},"potentialAction":[{"@type":"SearchAction","target":{"@type":"EntryPoint","urlTemplate":"https:\/\/gooddealersmeds.com\/no\/?s={search_term_string}"},"query-input":{"@type":"PropertyValueSpecification","valueRequired":true,"valueName":"search_term_string"}}],"inLanguage":"en-US"},{"@type":"Organization","@id":"https:\/\/gooddealersmeds.com\/no\/#organization","name":"Good Dealers Meds","url":"https:\/\/gooddealersmeds.com\/no\/","logo":{"@type":"ImageObject","inLanguage":"en-US","@id":"https:\/\/gooddealersmeds.com\/no\/#\/schema\/logo\/image\/","url":"https:\/\/gooddealersmeds.com\/no\/wp-content\/uploads\/sites\/8\/2022\/03\/gooddealersmeds__logo__20220317T222800Z.00.png","contentUrl":"https:\/\/gooddealersmeds.com\/no\/wp-content\/uploads\/sites\/8\/2022\/03\/gooddealersmeds__logo__20220317T222800Z.00.png","width":500,"height":325,"caption":"Good Dealers Meds"},"image":{"@id":"https:\/\/gooddealersmeds.com\/no\/#\/schema\/logo\/image\/"}}]}},"_links":{"self":[{"href":"https:\/\/gooddealersmeds.com\/no\/wp-json\/wp\/v2\/product\/1563","targetHints":{"allow":["GET"]}}],"collection":[{"href":"https:\/\/gooddealersmeds.com\/no\/wp-json\/wp\/v2\/product"}],"about":[{"href":"https:\/\/gooddealersmeds.com\/no\/wp-json\/wp\/v2\/types\/product"}],"replies":[{"embeddable":true,"href":"https:\/\/gooddealersmeds.com\/no\/wp-json\/wp\/v2\/comments?post=1563"}],"wp:featuredmedia":[{"embeddable":true,"href":"https:\/\/gooddealersmeds.com\/no\/wp-json\/wp\/v2\/media\/1571"}],"wp:attachment":[{"href":"https:\/\/gooddealersmeds.com\/no\/wp-json\/wp\/v2\/media?parent=1563"}],"wp:term":[{"taxonomy":"product_brand","embeddable":true,"href":"https:\/\/gooddealersmeds.com\/no\/wp-json\/wp\/v2\/product_brand?post=1563"},{"taxonomy":"product_cat","embeddable":true,"href":"https:\/\/gooddealersmeds.com\/no\/wp-json\/wp\/v2\/product_cat?post=1563"},{"taxonomy":"product_tag","embeddable":true,"href":"https:\/\/gooddealersmeds.com\/no\/wp-json\/wp\/v2\/product_tag?post=1563"}],"curies":[{"name":"wp","href":"https:\/\/api.w.org\/{rel}","templated":true}]}}