{"id":1554,"date":"2022-03-18T00:49:43","date_gmt":"2022-03-18T00:49:43","guid":{"rendered":"https:\/\/gooddealersmeds.com\/no\/?post_type=product&#038;p=1554"},"modified":"2022-10-03T21:28:50","modified_gmt":"2022-10-03T21:28:50","slug":"efedrin-hcl","status":"publish","type":"product","link":"https:\/\/gooddealersmeds.com\/no\/product\/efedrin-hcl\/","title":{"rendered":"Kj\u00f8p efedrin HCL p\u00e5 nett"},"content":{"rendered":"<h1>Kj\u00f8p efedrin p\u00e5 nett uten resept med til overkommelig pris<\/h1>\n<p>Ephedrin er et medikament og et sentralstimulerende middel. Det brukes ofte for \u00e5 forhindre lavt blodtrykk under spinalbed\u00f8velse. Det har ogs\u00e5 blitt brukt for <a href=\"https:\/\/www.cdc.gov\/asthma\/faqs.htm\" target=\"_blank\" rel=\"noopener\"><span style=\"color: #333333\">astma<\/span><\/a>, narkolepsi og fedme, men er ikke den foretrukne behandlingen. Det er av uklar nytte ved nesetetthet. Det kan tas gjennom munnen eller ved injeksjon i en muskel, vene eller rett under huden. kj\u00f8p dette produktet hos oss, Start ved intraven\u00f8s bruk er raskt, mens injeksjon i en muskel kan ta 20 minutter, og gjennom munnen kan det ta en time f\u00f8r effekt. N\u00e5r det gis ved injeksjon, varer det omtrent en time, og n\u00e5r det tas gjennom munnen, kan det vare opptil fire timer. <a href=\"https:\/\/gooddealersmeds.com\/no\/product\/ephedrine-hcl\/\">efedrin til salgs<\/a> p\u00e5 nettet fra <span style=\"color: #333333\"><a style=\"color: #333333\" href=\"https:\/\/gooddealersmeds.com\/no\/\" target=\"_blank\" rel=\"noopener\">Good Dealers Medis<\/a><\/span>.<\/p>\n<p>Selv om det sannsynligvis er trygt under graviditet, er bruken av den i denne populasjonen er d\u00e5rlig studert. Bruk under amming anbefales ikke. Efedrin virker ved \u00e5 \u00f8ke aktiviteten til de \u03b1- og \u03b2-adrenerge reseptorene.<\/p>\n<p>Efedrin brukes til midlertidig lindring av kortpustethet, tetthet i brystet og hvesing p\u00e5 grunn av bronkial astma. Efedrin kan ogs\u00e5 brukes for andre tilstander som bestemmes av legen din.<\/p>\n<p>Efedrin er et avsvellende middel og bronkodilatator. Det virker ved \u00e5 redusere hevelse og sammentrekning av blod\u00e5rer i nesegangene og utvide lungeluftveiene, slik at du lettere kan puste.<\/p>\n<p>med erfaring og den genuine naturen til medisinene v\u00e5re har vi hjulpet mange pasienter \u00e5 f\u00e5 god helse. V\u00e5rt effektive team av farmas\u00f8yter og teknikere streber etter \u00e5 yte rask og vennlig service. Kvalitet og n\u00f8yaktighet er verdier vi nekter \u00e5 g\u00e5 p\u00e5 akkord med. kj\u00f8p efedrin p\u00e5 nett<\/p>\n","protected":false},"excerpt":{"rendered":"<p>Efedrin brukes til midlertidig lindring av kortpustethet, tetthet i brystet og hvesing p\u00e5 grunn av bronkial astma.<\/p>\n","protected":false},"featured_media":1562,"comment_status":"open","ping_status":"closed","template":"","meta":{"inline_featured_image":false},"product_brand":[],"product_cat":[346],"product_tag":[],"class_list":{"0":"post-1554","1":"product","2":"type-product","3":"status-publish","4":"has-post-thumbnail","6":"product_cat-sentralstimulerende-midler","7":"pa_pills-100-pills","8":"pa_pills-1000-pills","9":"pa_pills-30-pills","10":"pa_pills-300-pills","11":"pa_pills-50-pills","12":"pa_pills-500-pills","14":"first","15":"instock","16":"featured","17":"shipping-taxable","18":"purchasable","19":"product-type-variable","20":"has-default-attributes"},"yoast_head":"<!-- This site is optimized with the Yoast SEO Premium plugin v20.6 (Yoast SEO v27.4) - https:\/\/yoast.com\/product\/yoast-seo-premium-wordpress\/ -->\n<title>Kj\u00f8p efedrin p\u00e5 nett uten resept | Gode \u200b\u200bforhandlere medisiner<\/title>\n<meta name=\"description\" content=\"Kj\u00f8p efedrin p\u00e5 nett i beste kvalitet fra gode forhandlere Medisiner som brukes til midlertidig lindring av kortpustethet, tetthet i brystet og tungpustethet.\" \/>\n<meta name=\"robots\" content=\"index, follow, max-snippet:-1, max-image-preview:large, max-video-preview:-1\" \/>\n<link rel=\"canonical\" href=\"https:\/\/gooddealersmeds.com\/no\/product\/efedrin-hcl\/\" \/>\n<meta property=\"og:locale\" content=\"en_US\" \/>\n<meta property=\"og:type\" content=\"article\" \/>\n<meta property=\"og:title\" content=\"Kj\u00f8p efedrin HCL p\u00e5 nett\" \/>\n<meta property=\"og:description\" content=\"Kj\u00f8p efedrin p\u00e5 nett i beste kvalitet fra gode forhandlere Medisiner som brukes til midlertidig lindring av kortpustethet, tetthet i brystet og tungpustethet.\" \/>\n<meta property=\"og:url\" content=\"https:\/\/gooddealersmeds.com\/no\/product\/efedrin-hcl\/\" \/>\n<meta property=\"og:site_name\" content=\"Good Dealers Meds\" \/>\n<meta property=\"article:modified_time\" content=\"2022-10-03T21:28:50+00:00\" \/>\n<meta property=\"og:image\" content=\"https:\/\/gooddealersmeds.com\/no\/wp-content\/uploads\/sites\/8\/2022\/03\/buy-ephedrine-online.jpg\" \/>\n\t<meta property=\"og:image:width\" content=\"900\" \/>\n\t<meta property=\"og:image:height\" content=\"800\" \/>\n\t<meta property=\"og:image:type\" content=\"image\/jpeg\" \/>\n<meta name=\"twitter:card\" content=\"summary_large_image\" \/>\n<meta name=\"twitter:label1\" content=\"Est. reading time\" \/>\n\t<meta name=\"twitter:data1\" content=\"1 minute\" \/>\n<script type=\"application\/ld+json\" class=\"yoast-schema-graph\">{\"@context\":\"https:\\\/\\\/schema.org\",\"@graph\":[{\"@type\":\"WebPage\",\"@id\":\"https:\\\/\\\/gooddealersmeds.com\\\/no\\\/product\\\/efedrin-hcl\\\/\",\"url\":\"https:\\\/\\\/gooddealersmeds.com\\\/no\\\/product\\\/efedrin-hcl\\\/\",\"name\":\"Kj\u00f8p efedrin p\u00e5 nett uten resept | Gode \u200b\u200bforhandlere medisiner\",\"isPartOf\":{\"@id\":\"https:\\\/\\\/gooddealersmeds.com\\\/no\\\/#website\"},\"primaryImageOfPage\":{\"@id\":\"https:\\\/\\\/gooddealersmeds.com\\\/no\\\/product\\\/efedrin-hcl\\\/#primaryimage\"},\"image\":{\"@id\":\"https:\\\/\\\/gooddealersmeds.com\\\/no\\\/product\\\/efedrin-hcl\\\/#primaryimage\"},\"thumbnailUrl\":\"https:\\\/\\\/gooddealersmeds.com\\\/no\\\/wp-content\\\/uploads\\\/sites\\\/8\\\/2022\\\/03\\\/buy-ephedrine-online.jpg\",\"datePublished\":\"2022-03-18T00:49:43+00:00\",\"dateModified\":\"2022-10-03T21:28:50+00:00\",\"description\":\"Kj\u00f8p efedrin p\u00e5 nett i beste kvalitet fra gode forhandlere Medisiner som brukes til midlertidig lindring av kortpustethet, tetthet i brystet og tungpustethet.\",\"breadcrumb\":{\"@id\":\"https:\\\/\\\/gooddealersmeds.com\\\/no\\\/product\\\/efedrin-hcl\\\/#breadcrumb\"},\"inLanguage\":\"en-US\",\"potentialAction\":[{\"@type\":\"ReadAction\",\"target\":[\"https:\\\/\\\/gooddealersmeds.com\\\/no\\\/product\\\/efedrin-hcl\\\/\"]}]},{\"@type\":\"ImageObject\",\"inLanguage\":\"en-US\",\"@id\":\"https:\\\/\\\/gooddealersmeds.com\\\/no\\\/product\\\/efedrin-hcl\\\/#primaryimage\",\"url\":\"https:\\\/\\\/gooddealersmeds.com\\\/no\\\/wp-content\\\/uploads\\\/sites\\\/8\\\/2022\\\/03\\\/buy-ephedrine-online.jpg\",\"contentUrl\":\"https:\\\/\\\/gooddealersmeds.com\\\/no\\\/wp-content\\\/uploads\\\/sites\\\/8\\\/2022\\\/03\\\/buy-ephedrine-online.jpg\",\"width\":900,\"height\":800,\"caption\":\"Buy Ephedrine Online\"},{\"@type\":\"BreadcrumbList\",\"@id\":\"https:\\\/\\\/gooddealersmeds.com\\\/no\\\/product\\\/efedrin-hcl\\\/#breadcrumb\",\"itemListElement\":[{\"@type\":\"ListItem\",\"position\":1,\"name\":\"Home\",\"item\":\"https:\\\/\\\/gooddealersmeds.com\\\/no\\\/\"},{\"@type\":\"ListItem\",\"position\":2,\"name\":\"Produkter\",\"item\":\"https:\\\/\\\/gooddealersmeds.com\\\/no\\\/produkter\\\/\"},{\"@type\":\"ListItem\",\"position\":3,\"name\":\"Kj\u00f8p efedrin HCL p\u00e5 nett\"}]},{\"@type\":\"WebSite\",\"@id\":\"https:\\\/\\\/gooddealersmeds.com\\\/no\\\/#website\",\"url\":\"https:\\\/\\\/gooddealersmeds.com\\\/no\\\/\",\"name\":\"Good Dealers Meds\",\"description\":\"All our best\",\"publisher\":{\"@id\":\"https:\\\/\\\/gooddealersmeds.com\\\/no\\\/#organization\"},\"potentialAction\":[{\"@type\":\"SearchAction\",\"target\":{\"@type\":\"EntryPoint\",\"urlTemplate\":\"https:\\\/\\\/gooddealersmeds.com\\\/no\\\/?s={search_term_string}\"},\"query-input\":{\"@type\":\"PropertyValueSpecification\",\"valueRequired\":true,\"valueName\":\"search_term_string\"}}],\"inLanguage\":\"en-US\"},{\"@type\":\"Organization\",\"@id\":\"https:\\\/\\\/gooddealersmeds.com\\\/no\\\/#organization\",\"name\":\"Good Dealers Meds\",\"url\":\"https:\\\/\\\/gooddealersmeds.com\\\/no\\\/\",\"logo\":{\"@type\":\"ImageObject\",\"inLanguage\":\"en-US\",\"@id\":\"https:\\\/\\\/gooddealersmeds.com\\\/no\\\/#\\\/schema\\\/logo\\\/image\\\/\",\"url\":\"https:\\\/\\\/gooddealersmeds.com\\\/no\\\/wp-content\\\/uploads\\\/sites\\\/8\\\/2022\\\/03\\\/gooddealersmeds__logo__20220317T222800Z.00.png\",\"contentUrl\":\"https:\\\/\\\/gooddealersmeds.com\\\/no\\\/wp-content\\\/uploads\\\/sites\\\/8\\\/2022\\\/03\\\/gooddealersmeds__logo__20220317T222800Z.00.png\",\"width\":500,\"height\":325,\"caption\":\"Good Dealers Meds\"},\"image\":{\"@id\":\"https:\\\/\\\/gooddealersmeds.com\\\/no\\\/#\\\/schema\\\/logo\\\/image\\\/\"}}]}<\/script>\n<!-- \/ Yoast SEO Premium plugin. -->","yoast_head_json":{"title":"Kj\u00f8p efedrin p\u00e5 nett uten resept | Gode \u200b\u200bforhandlere medisiner","description":"Kj\u00f8p efedrin p\u00e5 nett i beste kvalitet fra gode forhandlere Medisiner som brukes til midlertidig lindring av kortpustethet, tetthet i brystet og tungpustethet.","robots":{"index":"index","follow":"follow","max-snippet":"max-snippet:-1","max-image-preview":"max-image-preview:large","max-video-preview":"max-video-preview:-1"},"canonical":"https:\/\/gooddealersmeds.com\/no\/product\/efedrin-hcl\/","og_locale":"en_US","og_type":"article","og_title":"Kj\u00f8p efedrin HCL p\u00e5 nett","og_description":"Kj\u00f8p efedrin p\u00e5 nett i beste kvalitet fra gode forhandlere Medisiner som brukes til midlertidig lindring av kortpustethet, tetthet i brystet og tungpustethet.","og_url":"https:\/\/gooddealersmeds.com\/no\/product\/efedrin-hcl\/","og_site_name":"Good Dealers Meds","article_modified_time":"2022-10-03T21:28:50+00:00","og_image":[{"width":900,"height":800,"url":"https:\/\/gooddealersmeds.com\/no\/wp-content\/uploads\/sites\/8\/2022\/03\/buy-ephedrine-online.jpg","type":"image\/jpeg"}],"twitter_card":"summary_large_image","twitter_misc":{"Est. reading time":"1 minute"},"schema":{"@context":"https:\/\/schema.org","@graph":[{"@type":"WebPage","@id":"https:\/\/gooddealersmeds.com\/no\/product\/efedrin-hcl\/","url":"https:\/\/gooddealersmeds.com\/no\/product\/efedrin-hcl\/","name":"Kj\u00f8p efedrin p\u00e5 nett uten resept | Gode \u200b\u200bforhandlere medisiner","isPartOf":{"@id":"https:\/\/gooddealersmeds.com\/no\/#website"},"primaryImageOfPage":{"@id":"https:\/\/gooddealersmeds.com\/no\/product\/efedrin-hcl\/#primaryimage"},"image":{"@id":"https:\/\/gooddealersmeds.com\/no\/product\/efedrin-hcl\/#primaryimage"},"thumbnailUrl":"https:\/\/gooddealersmeds.com\/no\/wp-content\/uploads\/sites\/8\/2022\/03\/buy-ephedrine-online.jpg","datePublished":"2022-03-18T00:49:43+00:00","dateModified":"2022-10-03T21:28:50+00:00","description":"Kj\u00f8p efedrin p\u00e5 nett i beste kvalitet fra gode forhandlere Medisiner som brukes til midlertidig lindring av kortpustethet, tetthet i brystet og tungpustethet.","breadcrumb":{"@id":"https:\/\/gooddealersmeds.com\/no\/product\/efedrin-hcl\/#breadcrumb"},"inLanguage":"en-US","potentialAction":[{"@type":"ReadAction","target":["https:\/\/gooddealersmeds.com\/no\/product\/efedrin-hcl\/"]}]},{"@type":"ImageObject","inLanguage":"en-US","@id":"https:\/\/gooddealersmeds.com\/no\/product\/efedrin-hcl\/#primaryimage","url":"https:\/\/gooddealersmeds.com\/no\/wp-content\/uploads\/sites\/8\/2022\/03\/buy-ephedrine-online.jpg","contentUrl":"https:\/\/gooddealersmeds.com\/no\/wp-content\/uploads\/sites\/8\/2022\/03\/buy-ephedrine-online.jpg","width":900,"height":800,"caption":"Buy Ephedrine Online"},{"@type":"BreadcrumbList","@id":"https:\/\/gooddealersmeds.com\/no\/product\/efedrin-hcl\/#breadcrumb","itemListElement":[{"@type":"ListItem","position":1,"name":"Home","item":"https:\/\/gooddealersmeds.com\/no\/"},{"@type":"ListItem","position":2,"name":"Produkter","item":"https:\/\/gooddealersmeds.com\/no\/produkter\/"},{"@type":"ListItem","position":3,"name":"Kj\u00f8p efedrin HCL p\u00e5 nett"}]},{"@type":"WebSite","@id":"https:\/\/gooddealersmeds.com\/no\/#website","url":"https:\/\/gooddealersmeds.com\/no\/","name":"Good Dealers Meds","description":"All our best","publisher":{"@id":"https:\/\/gooddealersmeds.com\/no\/#organization"},"potentialAction":[{"@type":"SearchAction","target":{"@type":"EntryPoint","urlTemplate":"https:\/\/gooddealersmeds.com\/no\/?s={search_term_string}"},"query-input":{"@type":"PropertyValueSpecification","valueRequired":true,"valueName":"search_term_string"}}],"inLanguage":"en-US"},{"@type":"Organization","@id":"https:\/\/gooddealersmeds.com\/no\/#organization","name":"Good Dealers Meds","url":"https:\/\/gooddealersmeds.com\/no\/","logo":{"@type":"ImageObject","inLanguage":"en-US","@id":"https:\/\/gooddealersmeds.com\/no\/#\/schema\/logo\/image\/","url":"https:\/\/gooddealersmeds.com\/no\/wp-content\/uploads\/sites\/8\/2022\/03\/gooddealersmeds__logo__20220317T222800Z.00.png","contentUrl":"https:\/\/gooddealersmeds.com\/no\/wp-content\/uploads\/sites\/8\/2022\/03\/gooddealersmeds__logo__20220317T222800Z.00.png","width":500,"height":325,"caption":"Good Dealers Meds"},"image":{"@id":"https:\/\/gooddealersmeds.com\/no\/#\/schema\/logo\/image\/"}}]}},"_links":{"self":[{"href":"https:\/\/gooddealersmeds.com\/no\/wp-json\/wp\/v2\/product\/1554","targetHints":{"allow":["GET"]}}],"collection":[{"href":"https:\/\/gooddealersmeds.com\/no\/wp-json\/wp\/v2\/product"}],"about":[{"href":"https:\/\/gooddealersmeds.com\/no\/wp-json\/wp\/v2\/types\/product"}],"replies":[{"embeddable":true,"href":"https:\/\/gooddealersmeds.com\/no\/wp-json\/wp\/v2\/comments?post=1554"}],"wp:featuredmedia":[{"embeddable":true,"href":"https:\/\/gooddealersmeds.com\/no\/wp-json\/wp\/v2\/media\/1562"}],"wp:attachment":[{"href":"https:\/\/gooddealersmeds.com\/no\/wp-json\/wp\/v2\/media?parent=1554"}],"wp:term":[{"taxonomy":"product_brand","embeddable":true,"href":"https:\/\/gooddealersmeds.com\/no\/wp-json\/wp\/v2\/product_brand?post=1554"},{"taxonomy":"product_cat","embeddable":true,"href":"https:\/\/gooddealersmeds.com\/no\/wp-json\/wp\/v2\/product_cat?post=1554"},{"taxonomy":"product_tag","embeddable":true,"href":"https:\/\/gooddealersmeds.com\/no\/wp-json\/wp\/v2\/product_tag?post=1554"}],"curies":[{"name":"wp","href":"https:\/\/api.w.org\/{rel}","templated":true}]}}