{"id":1544,"date":"2022-03-18T00:24:33","date_gmt":"2022-03-18T00:24:33","guid":{"rendered":"https:\/\/gooddealersmeds.com\/no\/?post_type=product&#038;p=1544"},"modified":"2022-10-03T21:28:59","modified_gmt":"2022-10-03T21:28:59","slug":"oxycontin","status":"publish","type":"product","link":"https:\/\/gooddealersmeds.com\/no\/product\/oxycontin\/","title":{"rendered":"Oxycontin til salgs"},"content":{"rendered":"<h1>Kj\u00f8p Oxycontin online<\/h1>\n<p class=\"p1\">&#8220;<em><strong>Kj\u00f8p Oxycontin online<\/strong><\/em>&#8220;, Denne medisinen brukes til \u00e5 lindre alvorlige p\u00e5g\u00e5ende smerter (f.eks. som p\u00e5 grunn av kreft). Oksykodon tilh\u00f8rer en klasse legemidler kjent som opioidanalgetika. Det fungerer i hjernen for \u00e5 endre hvordan kroppen din f\u00f8les og reagerer p\u00e5 smerte. <a href=\"https:\/\/gooddealersmeds.com\/no\/product\/oxycontin\/\">Kj\u00f8p Oxycontin<\/a> p\u00e5 nett, kj\u00f8p oxy p\u00e5 nett uten resept<\/p>\n<p class=\"p1\">De h\u00f8yere styrkene til dette stoffet (mer enn 40 milligram per tablett) b\u00f8r kun brukes hvis du regelmessig har tatt moderate til store mengder smertestillende opioidmedisiner. Disse styrkene kan for\u00e5rsake overdose (til og med d\u00f8d) hvis de tas av en person som ikke har tatt opioider regelmessig.<\/p>\n<p class=\"p1\">Ikke bruk oksykodon med utvidet frigivelse for \u00e5 lindre smerte som er mild. eller det forsvinner om noen dager. Denne medisinen er ikke til sporadisk (\u201cetter behov\u201d) bruk.<\/p>\n<p class=\"p1\">Denne medisinen brukes til \u00e5 lindre alvorlige vedvarende smerter (som p\u00e5 grunn av kreft). Oksykodon tilh\u00f8rer en klasse legemidler kjent som opioidanalgetika. Det fungerer i hjernen for \u00e5 endre hvordan kroppen din f\u00f8les og reagerer p\u00e5 smerte.<\/p>\n<p class=\"p1\">Ikke bruk oksykodon med utvidet frigivelse for \u00e5 lindre smerte som er mild eller som vil forsvinne i noen f\u00e5 dager. Denne medisinen er ikke til sporadisk (\u00abetter behov\u00bb) bruk.<\/p>\n<h3 class=\"p1\"><strong>Misbruk, misbruk og avledning av opioider<\/strong><\/h3>\n<p class=\" p1\">Oksykodon er en opioidagonist av morfintypen. Slike rusmidler ettersp\u00f8rres av rusmisbrukere og personer med avhengighetslidelser og er gjenstand for kriminell avledning. <span style=\"color: #000000\"><a style=\"color: #000000\" href=\"https:\/\/gooddealersmeds.com\/no\/products\/\">Oxycodone<\/a><\/span> kan misbrukes p\u00e5 en m\u00e5te som ligner p\u00e5 andre opioidagonister, lovlige eller ulovlige. Dette b\u00f8r vurderes ved forskrivning eller utlevering av OxyContin i situasjoner der legen eller farmas\u00f8yten er bekymret for \u00f8kt risiko for misbruk, misbruk eller avledning. OxyContin har blitt rapportert som misbrukt ved \u00e5 knuse, tygge, sn\u00f8fte eller injisere det oppl\u00f8ste produktet.<\/p>\n<h3 class=\"p1\"><strong>FORHOLDSREGLER<\/strong><\/h3>\n<p class=\"p1 \">Opioidanalgetika har en smal terapeutisk indeks i visse pasientpopulasjoner, spesielt n\u00e5r de kombineres med CNS-dempende legemidler, og b\u00f8r reserveres for tilfeller der fordelene med opioidanalgesi oppveier de kjente risikoene for respirasjonsdepresjon, endret mental tilstand og postural hypotensjon. Bruk av Oxycontin er forbundet med \u00f8kt potensiell risiko og b\u00f8r kun brukes med forsiktighet ved f\u00f8lgende tilstander: akutt alkoholisme; binyrebarksvikt (f.eks. Addisons sykdom); CNS-depresjon eller koma; delirium tremens; svekkede pasienter; kyphoscoliosis assosiert med respiratorisk depresjon; myxedema eller hypotyreose; prostatahypertrofi eller urethral striktur; alvorlig svekkelse av lever-, lunge- eller nyrefunksjon; og giftig psykose. Administrering av oksykodon kan skjule diagnosen eller det kliniske forl\u00f8pet hos pasienter med akutt <span style=\"color: #333333\"><a style=\"color: #333333\" href=\"https:\/\/www.mountsinai.org\/health -library\/symptoms\/abdominal-pain\">abdominale tilstander<\/a><\/span>. Oksykodon kan forverre kramper hos pasienter med konvulsive lidelser, og alle opioider kan indusere eller forverre anfall i enkelte kliniske omgivelser.<\/p>\n","protected":false},"excerpt":{"rendered":"<p>Oxycontin 40mg er et smertestillende middel. Det brukes til \u00e5 behandle konstant smerte som varer i mer enn noen f\u00e5 dager. Det brukes av personer som har tatt opioid eller narkotisk smertestillende medisin<\/p>\n","protected":false},"featured_media":1553,"comment_status":"open","ping_status":"closed","template":"","meta":{"inline_featured_image":false},"product_brand":[],"product_cat":[347],"product_tag":[85,88,89,86,87,91,92,90],"class_list":{"0":"post-1544","1":"product","2":"type-product","3":"status-publish","4":"has-post-thumbnail","6":"product_cat-opioid-smertestillende","7":"product_tag-buy-legal-oxycontin-online","8":"product_tag-buy-oxycontin-online-pharmacy","9":"product_tag-buy-oxycontin-online-uk","10":"product_tag-kjp-online-oxycontin","11":"product_tag-kjp-oxycontin-online-reseptfri","12":"product_tag-oxycontin-piller-til-salg","13":"product_tag-oxycontin-tabletter-til-salg","14":"product_tag-oxycontin-til-salg-australia","15":"pa_pills-100-pills","16":"pa_pills-1000-pills","17":"pa_pills-30-pills","18":"pa_pills-300-pills","19":"pa_pills-50-pills","20":"pa_pills-500-pills","22":"first","23":"instock","24":"featured","25":"shipping-taxable","26":"purchasable","27":"product-type-variable","28":"has-default-attributes"},"yoast_head":"<!-- This site is optimized with the Yoast SEO Premium plugin v20.6 (Yoast SEO v27.4) - https:\/\/yoast.com\/product\/yoast-seo-premium-wordpress\/ -->\n<title>Kj\u00f8p Oxycontin Online | Kj\u00f8p Oxy p\u00e5 nett uten resept<\/title>\n<meta name=\"description\" content=\"Oxycontin brukes til \u00e5 lindre alvorlig smerte. Det p\u00e5virker hjernen slik at kroppen kan motst\u00e5 smerte. kj\u00f8p Oxycontin online, kj\u00f8p oxy online.\" \/>\n<meta name=\"robots\" content=\"index, follow, max-snippet:-1, max-image-preview:large, max-video-preview:-1\" \/>\n<link rel=\"canonical\" href=\"https:\/\/gooddealersmeds.com\/no\/product\/oxycontin\/\" \/>\n<meta property=\"og:locale\" content=\"en_US\" \/>\n<meta property=\"og:type\" content=\"article\" \/>\n<meta property=\"og:title\" content=\"Oxycontin til salgs\" \/>\n<meta property=\"og:description\" content=\"Oxycontin brukes til \u00e5 lindre alvorlig smerte. Det p\u00e5virker hjernen slik at kroppen kan motst\u00e5 smerte. kj\u00f8p Oxycontin online, kj\u00f8p oxy online.\" \/>\n<meta property=\"og:url\" content=\"https:\/\/gooddealersmeds.com\/no\/product\/oxycontin\/\" \/>\n<meta property=\"og:site_name\" content=\"Good Dealers Meds\" \/>\n<meta property=\"article:modified_time\" content=\"2022-10-03T21:28:59+00:00\" \/>\n<meta property=\"og:image\" content=\"https:\/\/gooddealersmeds.com\/no\/wp-content\/uploads\/sites\/8\/2022\/03\/Buy-Oxycontin-online-one.jpg\" \/>\n\t<meta property=\"og:image:width\" content=\"600\" \/>\n\t<meta property=\"og:image:height\" content=\"450\" \/>\n\t<meta property=\"og:image:type\" content=\"image\/jpeg\" \/>\n<meta name=\"twitter:card\" content=\"summary_large_image\" \/>\n<meta name=\"twitter:label1\" content=\"Est. reading time\" \/>\n\t<meta name=\"twitter:data1\" content=\"2 minutes\" \/>\n<script type=\"application\/ld+json\" class=\"yoast-schema-graph\">{\"@context\":\"https:\\\/\\\/schema.org\",\"@graph\":[{\"@type\":\"WebPage\",\"@id\":\"https:\\\/\\\/gooddealersmeds.com\\\/no\\\/product\\\/oxycontin\\\/\",\"url\":\"https:\\\/\\\/gooddealersmeds.com\\\/no\\\/product\\\/oxycontin\\\/\",\"name\":\"Kj\u00f8p Oxycontin Online | Kj\u00f8p Oxy p\u00e5 nett uten resept\",\"isPartOf\":{\"@id\":\"https:\\\/\\\/gooddealersmeds.com\\\/no\\\/#website\"},\"primaryImageOfPage\":{\"@id\":\"https:\\\/\\\/gooddealersmeds.com\\\/no\\\/product\\\/oxycontin\\\/#primaryimage\"},\"image\":{\"@id\":\"https:\\\/\\\/gooddealersmeds.com\\\/no\\\/product\\\/oxycontin\\\/#primaryimage\"},\"thumbnailUrl\":\"https:\\\/\\\/gooddealersmeds.com\\\/no\\\/wp-content\\\/uploads\\\/sites\\\/8\\\/2022\\\/03\\\/Buy-Oxycontin-online-one.jpg\",\"datePublished\":\"2022-03-18T00:24:33+00:00\",\"dateModified\":\"2022-10-03T21:28:59+00:00\",\"description\":\"Oxycontin brukes til \u00e5 lindre alvorlig smerte. Det p\u00e5virker hjernen slik at kroppen kan motst\u00e5 smerte. kj\u00f8p Oxycontin online, kj\u00f8p oxy online.\",\"breadcrumb\":{\"@id\":\"https:\\\/\\\/gooddealersmeds.com\\\/no\\\/product\\\/oxycontin\\\/#breadcrumb\"},\"inLanguage\":\"en-US\",\"potentialAction\":[{\"@type\":\"ReadAction\",\"target\":[\"https:\\\/\\\/gooddealersmeds.com\\\/no\\\/product\\\/oxycontin\\\/\"]}]},{\"@type\":\"ImageObject\",\"inLanguage\":\"en-US\",\"@id\":\"https:\\\/\\\/gooddealersmeds.com\\\/no\\\/product\\\/oxycontin\\\/#primaryimage\",\"url\":\"https:\\\/\\\/gooddealersmeds.com\\\/no\\\/wp-content\\\/uploads\\\/sites\\\/8\\\/2022\\\/03\\\/Buy-Oxycontin-online-one.jpg\",\"contentUrl\":\"https:\\\/\\\/gooddealersmeds.com\\\/no\\\/wp-content\\\/uploads\\\/sites\\\/8\\\/2022\\\/03\\\/Buy-Oxycontin-online-one.jpg\",\"width\":600,\"height\":450,\"caption\":\"Buy Oxycontin Online\"},{\"@type\":\"BreadcrumbList\",\"@id\":\"https:\\\/\\\/gooddealersmeds.com\\\/no\\\/product\\\/oxycontin\\\/#breadcrumb\",\"itemListElement\":[{\"@type\":\"ListItem\",\"position\":1,\"name\":\"Home\",\"item\":\"https:\\\/\\\/gooddealersmeds.com\\\/no\\\/\"},{\"@type\":\"ListItem\",\"position\":2,\"name\":\"Produkter\",\"item\":\"https:\\\/\\\/gooddealersmeds.com\\\/no\\\/produkter\\\/\"},{\"@type\":\"ListItem\",\"position\":3,\"name\":\"Oxycontin til salgs\"}]},{\"@type\":\"WebSite\",\"@id\":\"https:\\\/\\\/gooddealersmeds.com\\\/no\\\/#website\",\"url\":\"https:\\\/\\\/gooddealersmeds.com\\\/no\\\/\",\"name\":\"Good Dealers Meds\",\"description\":\"All our best\",\"publisher\":{\"@id\":\"https:\\\/\\\/gooddealersmeds.com\\\/no\\\/#organization\"},\"potentialAction\":[{\"@type\":\"SearchAction\",\"target\":{\"@type\":\"EntryPoint\",\"urlTemplate\":\"https:\\\/\\\/gooddealersmeds.com\\\/no\\\/?s={search_term_string}\"},\"query-input\":{\"@type\":\"PropertyValueSpecification\",\"valueRequired\":true,\"valueName\":\"search_term_string\"}}],\"inLanguage\":\"en-US\"},{\"@type\":\"Organization\",\"@id\":\"https:\\\/\\\/gooddealersmeds.com\\\/no\\\/#organization\",\"name\":\"Good Dealers Meds\",\"url\":\"https:\\\/\\\/gooddealersmeds.com\\\/no\\\/\",\"logo\":{\"@type\":\"ImageObject\",\"inLanguage\":\"en-US\",\"@id\":\"https:\\\/\\\/gooddealersmeds.com\\\/no\\\/#\\\/schema\\\/logo\\\/image\\\/\",\"url\":\"https:\\\/\\\/gooddealersmeds.com\\\/no\\\/wp-content\\\/uploads\\\/sites\\\/8\\\/2022\\\/03\\\/gooddealersmeds__logo__20220317T222800Z.00.png\",\"contentUrl\":\"https:\\\/\\\/gooddealersmeds.com\\\/no\\\/wp-content\\\/uploads\\\/sites\\\/8\\\/2022\\\/03\\\/gooddealersmeds__logo__20220317T222800Z.00.png\",\"width\":500,\"height\":325,\"caption\":\"Good Dealers Meds\"},\"image\":{\"@id\":\"https:\\\/\\\/gooddealersmeds.com\\\/no\\\/#\\\/schema\\\/logo\\\/image\\\/\"}}]}<\/script>\n<!-- \/ Yoast SEO Premium plugin. -->","yoast_head_json":{"title":"Kj\u00f8p Oxycontin Online | Kj\u00f8p Oxy p\u00e5 nett uten resept","description":"Oxycontin brukes til \u00e5 lindre alvorlig smerte. Det p\u00e5virker hjernen slik at kroppen kan motst\u00e5 smerte. kj\u00f8p Oxycontin online, kj\u00f8p oxy online.","robots":{"index":"index","follow":"follow","max-snippet":"max-snippet:-1","max-image-preview":"max-image-preview:large","max-video-preview":"max-video-preview:-1"},"canonical":"https:\/\/gooddealersmeds.com\/no\/product\/oxycontin\/","og_locale":"en_US","og_type":"article","og_title":"Oxycontin til salgs","og_description":"Oxycontin brukes til \u00e5 lindre alvorlig smerte. Det p\u00e5virker hjernen slik at kroppen kan motst\u00e5 smerte. kj\u00f8p Oxycontin online, kj\u00f8p oxy online.","og_url":"https:\/\/gooddealersmeds.com\/no\/product\/oxycontin\/","og_site_name":"Good Dealers Meds","article_modified_time":"2022-10-03T21:28:59+00:00","og_image":[{"width":600,"height":450,"url":"https:\/\/gooddealersmeds.com\/no\/wp-content\/uploads\/sites\/8\/2022\/03\/Buy-Oxycontin-online-one.jpg","type":"image\/jpeg"}],"twitter_card":"summary_large_image","twitter_misc":{"Est. reading time":"2 minutes"},"schema":{"@context":"https:\/\/schema.org","@graph":[{"@type":"WebPage","@id":"https:\/\/gooddealersmeds.com\/no\/product\/oxycontin\/","url":"https:\/\/gooddealersmeds.com\/no\/product\/oxycontin\/","name":"Kj\u00f8p Oxycontin Online | Kj\u00f8p Oxy p\u00e5 nett uten resept","isPartOf":{"@id":"https:\/\/gooddealersmeds.com\/no\/#website"},"primaryImageOfPage":{"@id":"https:\/\/gooddealersmeds.com\/no\/product\/oxycontin\/#primaryimage"},"image":{"@id":"https:\/\/gooddealersmeds.com\/no\/product\/oxycontin\/#primaryimage"},"thumbnailUrl":"https:\/\/gooddealersmeds.com\/no\/wp-content\/uploads\/sites\/8\/2022\/03\/Buy-Oxycontin-online-one.jpg","datePublished":"2022-03-18T00:24:33+00:00","dateModified":"2022-10-03T21:28:59+00:00","description":"Oxycontin brukes til \u00e5 lindre alvorlig smerte. Det p\u00e5virker hjernen slik at kroppen kan motst\u00e5 smerte. kj\u00f8p Oxycontin online, kj\u00f8p oxy online.","breadcrumb":{"@id":"https:\/\/gooddealersmeds.com\/no\/product\/oxycontin\/#breadcrumb"},"inLanguage":"en-US","potentialAction":[{"@type":"ReadAction","target":["https:\/\/gooddealersmeds.com\/no\/product\/oxycontin\/"]}]},{"@type":"ImageObject","inLanguage":"en-US","@id":"https:\/\/gooddealersmeds.com\/no\/product\/oxycontin\/#primaryimage","url":"https:\/\/gooddealersmeds.com\/no\/wp-content\/uploads\/sites\/8\/2022\/03\/Buy-Oxycontin-online-one.jpg","contentUrl":"https:\/\/gooddealersmeds.com\/no\/wp-content\/uploads\/sites\/8\/2022\/03\/Buy-Oxycontin-online-one.jpg","width":600,"height":450,"caption":"Buy Oxycontin Online"},{"@type":"BreadcrumbList","@id":"https:\/\/gooddealersmeds.com\/no\/product\/oxycontin\/#breadcrumb","itemListElement":[{"@type":"ListItem","position":1,"name":"Home","item":"https:\/\/gooddealersmeds.com\/no\/"},{"@type":"ListItem","position":2,"name":"Produkter","item":"https:\/\/gooddealersmeds.com\/no\/produkter\/"},{"@type":"ListItem","position":3,"name":"Oxycontin til salgs"}]},{"@type":"WebSite","@id":"https:\/\/gooddealersmeds.com\/no\/#website","url":"https:\/\/gooddealersmeds.com\/no\/","name":"Good Dealers Meds","description":"All our best","publisher":{"@id":"https:\/\/gooddealersmeds.com\/no\/#organization"},"potentialAction":[{"@type":"SearchAction","target":{"@type":"EntryPoint","urlTemplate":"https:\/\/gooddealersmeds.com\/no\/?s={search_term_string}"},"query-input":{"@type":"PropertyValueSpecification","valueRequired":true,"valueName":"search_term_string"}}],"inLanguage":"en-US"},{"@type":"Organization","@id":"https:\/\/gooddealersmeds.com\/no\/#organization","name":"Good Dealers Meds","url":"https:\/\/gooddealersmeds.com\/no\/","logo":{"@type":"ImageObject","inLanguage":"en-US","@id":"https:\/\/gooddealersmeds.com\/no\/#\/schema\/logo\/image\/","url":"https:\/\/gooddealersmeds.com\/no\/wp-content\/uploads\/sites\/8\/2022\/03\/gooddealersmeds__logo__20220317T222800Z.00.png","contentUrl":"https:\/\/gooddealersmeds.com\/no\/wp-content\/uploads\/sites\/8\/2022\/03\/gooddealersmeds__logo__20220317T222800Z.00.png","width":500,"height":325,"caption":"Good Dealers Meds"},"image":{"@id":"https:\/\/gooddealersmeds.com\/no\/#\/schema\/logo\/image\/"}}]}},"_links":{"self":[{"href":"https:\/\/gooddealersmeds.com\/no\/wp-json\/wp\/v2\/product\/1544","targetHints":{"allow":["GET"]}}],"collection":[{"href":"https:\/\/gooddealersmeds.com\/no\/wp-json\/wp\/v2\/product"}],"about":[{"href":"https:\/\/gooddealersmeds.com\/no\/wp-json\/wp\/v2\/types\/product"}],"replies":[{"embeddable":true,"href":"https:\/\/gooddealersmeds.com\/no\/wp-json\/wp\/v2\/comments?post=1544"}],"wp:featuredmedia":[{"embeddable":true,"href":"https:\/\/gooddealersmeds.com\/no\/wp-json\/wp\/v2\/media\/1553"}],"wp:attachment":[{"href":"https:\/\/gooddealersmeds.com\/no\/wp-json\/wp\/v2\/media?parent=1544"}],"wp:term":[{"taxonomy":"product_brand","embeddable":true,"href":"https:\/\/gooddealersmeds.com\/no\/wp-json\/wp\/v2\/product_brand?post=1544"},{"taxonomy":"product_cat","embeddable":true,"href":"https:\/\/gooddealersmeds.com\/no\/wp-json\/wp\/v2\/product_cat?post=1544"},{"taxonomy":"product_tag","embeddable":true,"href":"https:\/\/gooddealersmeds.com\/no\/wp-json\/wp\/v2\/product_tag?post=1544"}],"curies":[{"name":"wp","href":"https:\/\/api.w.org\/{rel}","templated":true}]}}