{"id":1524,"date":"2022-03-17T23:13:27","date_gmt":"2022-03-17T23:13:27","guid":{"rendered":"https:\/\/gooddealersmeds.com\/no\/?post_type=product&#038;p=1524"},"modified":"2022-10-03T21:29:14","modified_gmt":"2022-10-03T21:29:14","slug":"kjop-adderall-online","status":"publish","type":"product","link":"https:\/\/gooddealersmeds.com\/no\/product\/kjop-adderall-online\/","title":{"rendered":"Kj\u00f8p Adderall p\u00e5 nett"},"content":{"rendered":"<p>De fleste kunder som s\u00f8ker etter en 30-dagers forsyning av generisk Adderall, foretrekker \u00e5 kj\u00f8pe og fylle p\u00e5 resepten fra en anerkjent kilde. V\u00e5rt m\u00e5l er \u00e5 tilby et sted hvor pasienter kan f\u00e5 sine resepter uavhengig av deres forsikringsdekning eller \u00f8konomiske situasjon. Med v\u00e5r hjelp kan du enkelt kj\u00f8pe Adderall online og administrere reseptene dine!<\/p>\n<p>Generisk Adderall (dekstroamfetamin\/amfetamin) er en blanding av to sentralnervesystemstimulerende legemidler som brukes til \u00e5 behandle oppmerksomhetsunderskudd hyperaktivitetsforstyrrelse &#8211; ADHD. Det virker ved \u00e5 \u00f8ke noradrenalin og dopamin, to naturlig forekommende kjemikalier i hjernen som stimulerer hjerneaktivitet og kan hjelpe deg \u00e5 v\u00e6re oppmerksom, holde fokus p\u00e5 en oppgave og kontrollere atferdsproblemer. Det virker ved \u00e5 endre mengden av visse kjemiske molekyler i hjernen.<\/p>\n<p>Amfetamin\/dekstroamfetamin tilh\u00f8rer klassen sentralstimulerende stoffer. Det kan ogs\u00e5 hjelpe med arbeidsorganisering og utvikling av lytteferdigheter. Denne medisinen brukes ogs\u00e5 til \u00e5 behandle en spesifikk s\u00f8vnforstyrrelse kjent som narkolepsi for \u00e5 hjelpe deg med \u00e5 holde deg v\u00e5ken i l\u00f8pet av dagen. Det b\u00f8r ikke brukes til \u00e5 behandle tretthet eller til \u00e5 utsette \u00e5 legge seg p\u00e5 de som ikke har s\u00f8vnproblemer.<\/p>\n<p>Doseringen er basert p\u00e5 din medisinske tilstand og respons p\u00e5 behandlingen. For \u00e5 f\u00e5 st\u00f8rst utbytte av dette stoffet, ta det ofte. Ta det til samme tid(er) hver dag for \u00e5 hjelpe til med hukommelsen. Inaktive kjemikalier i dette produktet kan for\u00e5rsake allergiske reaksjoner eller andre komplikasjoner.<\/p>\n<p>Med riktig nettapotek kan du finne p\u00e5fyll for <a href=\"https:\/\/gooddealersmeds.com\/no\/product\/buy -adderall-online\/\">Adderall<\/a> resept til rimelige priser. Vi \u00f8nsker \u00e5 bryte ned barrierer mellom pasienter og medisinene de trenger for \u00e5 leve livet med minimale bivirkninger. Ved \u00e5 kj\u00f8pe generisk Adderall hos oss f\u00e5r du tilgang til den rimeligste m\u00e5ten \u00e5 f\u00e5 ADHD-medisiner p\u00e5.<\/p>\n<p>Du kan kj\u00f8pe Adderall online fra v\u00e5r <a href=\"https:\/\/gooddealersmeds.com \/no\/products\/\">butikk<\/a> med sikker frakt i hele Europa.<\/p>\n","protected":false},"excerpt":{"rendered":"<p>ADHD og narkolepsi er to hovedlidelser som kan \u00f8delegge felleslivet til mennesker over hele verden. ADHD generelt er oppmerksomhetsunderskudd hypersensitivitetsforstyrrelse, hvor de fleste kanskje ikke er i stand til \u00e5 ta hensyn til eller fokusere p\u00e5 visse oppgaver og ting i livet. Dette skyldes ubalansen i hjernekjemikaliene som f\u00f8rer til uoppmerksomhet. Man kan bruke Adderall-medisiner for \u00e5 behandle problemet med uoppmerksomhet, narkolepsi og hyperaktivitet. F\u00f8lelsen av distraksjon er sv\u00e6rt vanlig ved ADHD-lidelser og med narkolepsi; folk har en tendens til \u00e5 sove selv under de rare timene. Med alt som er sagt, kan Adderall bli en vane hvis den misbrukes uten riktig konsultasjon av en lege. Pass ogs\u00e5 p\u00e5 \u00e5 ikke gi Adderall 30 mg til ukjente fremmede eller venner med historie med narkotikaavhengighet og misbruk.<\/p>\n","protected":false},"featured_media":1532,"comment_status":"open","ping_status":"closed","template":"","meta":{"inline_featured_image":false},"product_brand":[],"product_cat":[346],"product_tag":[],"class_list":{"0":"post-1524","1":"product","2":"type-product","3":"status-publish","4":"has-post-thumbnail","6":"product_cat-sentralstimulerende-midler","7":"pa_pills-100-pills","8":"pa_pills-1000-pills","9":"pa_pills-30-pills","10":"pa_pills-300-pills","11":"pa_pills-50-pills","12":"pa_pills-500-pills","14":"first","15":"instock","16":"featured","17":"shipping-taxable","18":"purchasable","19":"product-type-variable","20":"has-default-attributes"},"yoast_head":"<!-- This site is optimized with the Yoast SEO Premium plugin v20.6 (Yoast SEO v27.3) - https:\/\/yoast.com\/product\/yoast-seo-premium-wordpress\/ -->\n<title>Kj\u00f8p Adderall Online - Billig Adderall til salgs 30mg | Gode \u200b\u200bforhandlere medisiner<\/title>\n<meta name=\"description\" content=\"Kj\u00f8p adderall online 30mg uten resept til billig pris fra Good Dealers Meds for behandling av ADHD og narkolepsi.\" \/>\n<meta name=\"robots\" content=\"index, follow, max-snippet:-1, max-image-preview:large, max-video-preview:-1\" \/>\n<link rel=\"canonical\" href=\"https:\/\/gooddealersmeds.com\/no\/product\/kjop-adderall-online\/\" \/>\n<meta property=\"og:locale\" content=\"en_US\" \/>\n<meta property=\"og:type\" content=\"article\" \/>\n<meta property=\"og:title\" content=\"Kj\u00f8p Adderall p\u00e5 nett\" \/>\n<meta property=\"og:description\" content=\"Kj\u00f8p adderall online 30mg uten resept til billig pris fra Good Dealers Meds for behandling av ADHD og narkolepsi.\" \/>\n<meta property=\"og:url\" content=\"https:\/\/gooddealersmeds.com\/no\/product\/kjop-adderall-online\/\" \/>\n<meta property=\"og:site_name\" content=\"Good Dealers Meds\" \/>\n<meta property=\"article:modified_time\" content=\"2022-10-03T21:29:14+00:00\" \/>\n<meta property=\"og:image\" content=\"https:\/\/gooddealersmeds.com\/no\/wp-content\/uploads\/sites\/8\/2022\/03\/buy-adderall-online1.jpg\" \/>\n\t<meta property=\"og:image:width\" content=\"300\" \/>\n\t<meta property=\"og:image:height\" content=\"300\" \/>\n\t<meta property=\"og:image:type\" content=\"image\/jpeg\" \/>\n<meta name=\"twitter:card\" content=\"summary_large_image\" \/>\n<meta name=\"twitter:label1\" content=\"Est. reading time\" \/>\n\t<meta name=\"twitter:data1\" content=\"1 minute\" \/>\n<script type=\"application\/ld+json\" class=\"yoast-schema-graph\">{\"@context\":\"https:\\\/\\\/schema.org\",\"@graph\":[{\"@type\":\"WebPage\",\"@id\":\"https:\\\/\\\/gooddealersmeds.com\\\/no\\\/product\\\/kjop-adderall-online\\\/\",\"url\":\"https:\\\/\\\/gooddealersmeds.com\\\/no\\\/product\\\/kjop-adderall-online\\\/\",\"name\":\"Kj\u00f8p Adderall Online - Billig Adderall til salgs 30mg | Gode \u200b\u200bforhandlere medisiner\",\"isPartOf\":{\"@id\":\"https:\\\/\\\/gooddealersmeds.com\\\/no\\\/#website\"},\"primaryImageOfPage\":{\"@id\":\"https:\\\/\\\/gooddealersmeds.com\\\/no\\\/product\\\/kjop-adderall-online\\\/#primaryimage\"},\"image\":{\"@id\":\"https:\\\/\\\/gooddealersmeds.com\\\/no\\\/product\\\/kjop-adderall-online\\\/#primaryimage\"},\"thumbnailUrl\":\"https:\\\/\\\/gooddealersmeds.com\\\/no\\\/wp-content\\\/uploads\\\/sites\\\/8\\\/2022\\\/03\\\/buy-adderall-online1.jpg\",\"datePublished\":\"2022-03-17T23:13:27+00:00\",\"dateModified\":\"2022-10-03T21:29:14+00:00\",\"description\":\"Kj\u00f8p adderall online 30mg uten resept til billig pris fra Good Dealers Meds for behandling av ADHD og narkolepsi.\",\"breadcrumb\":{\"@id\":\"https:\\\/\\\/gooddealersmeds.com\\\/no\\\/product\\\/kjop-adderall-online\\\/#breadcrumb\"},\"inLanguage\":\"en-US\",\"potentialAction\":[{\"@type\":\"ReadAction\",\"target\":[\"https:\\\/\\\/gooddealersmeds.com\\\/no\\\/product\\\/kjop-adderall-online\\\/\"]}]},{\"@type\":\"ImageObject\",\"inLanguage\":\"en-US\",\"@id\":\"https:\\\/\\\/gooddealersmeds.com\\\/no\\\/product\\\/kjop-adderall-online\\\/#primaryimage\",\"url\":\"https:\\\/\\\/gooddealersmeds.com\\\/no\\\/wp-content\\\/uploads\\\/sites\\\/8\\\/2022\\\/03\\\/buy-adderall-online1.jpg\",\"contentUrl\":\"https:\\\/\\\/gooddealersmeds.com\\\/no\\\/wp-content\\\/uploads\\\/sites\\\/8\\\/2022\\\/03\\\/buy-adderall-online1.jpg\",\"width\":300,\"height\":300,\"caption\":\"Buy Adderall Online\"},{\"@type\":\"BreadcrumbList\",\"@id\":\"https:\\\/\\\/gooddealersmeds.com\\\/no\\\/product\\\/kjop-adderall-online\\\/#breadcrumb\",\"itemListElement\":[{\"@type\":\"ListItem\",\"position\":1,\"name\":\"Home\",\"item\":\"https:\\\/\\\/gooddealersmeds.com\\\/no\\\/\"},{\"@type\":\"ListItem\",\"position\":2,\"name\":\"Produkter\",\"item\":\"https:\\\/\\\/gooddealersmeds.com\\\/no\\\/produkter\\\/\"},{\"@type\":\"ListItem\",\"position\":3,\"name\":\"Kj\u00f8p Adderall p\u00e5 nett\"}]},{\"@type\":\"WebSite\",\"@id\":\"https:\\\/\\\/gooddealersmeds.com\\\/no\\\/#website\",\"url\":\"https:\\\/\\\/gooddealersmeds.com\\\/no\\\/\",\"name\":\"Good Dealers Meds\",\"description\":\"All our best\",\"publisher\":{\"@id\":\"https:\\\/\\\/gooddealersmeds.com\\\/no\\\/#organization\"},\"potentialAction\":[{\"@type\":\"SearchAction\",\"target\":{\"@type\":\"EntryPoint\",\"urlTemplate\":\"https:\\\/\\\/gooddealersmeds.com\\\/no\\\/?s={search_term_string}\"},\"query-input\":{\"@type\":\"PropertyValueSpecification\",\"valueRequired\":true,\"valueName\":\"search_term_string\"}}],\"inLanguage\":\"en-US\"},{\"@type\":\"Organization\",\"@id\":\"https:\\\/\\\/gooddealersmeds.com\\\/no\\\/#organization\",\"name\":\"Good Dealers Meds\",\"url\":\"https:\\\/\\\/gooddealersmeds.com\\\/no\\\/\",\"logo\":{\"@type\":\"ImageObject\",\"inLanguage\":\"en-US\",\"@id\":\"https:\\\/\\\/gooddealersmeds.com\\\/no\\\/#\\\/schema\\\/logo\\\/image\\\/\",\"url\":\"https:\\\/\\\/gooddealersmeds.com\\\/no\\\/wp-content\\\/uploads\\\/sites\\\/8\\\/2022\\\/03\\\/gooddealersmeds__logo__20220317T222800Z.00.png\",\"contentUrl\":\"https:\\\/\\\/gooddealersmeds.com\\\/no\\\/wp-content\\\/uploads\\\/sites\\\/8\\\/2022\\\/03\\\/gooddealersmeds__logo__20220317T222800Z.00.png\",\"width\":500,\"height\":325,\"caption\":\"Good Dealers Meds\"},\"image\":{\"@id\":\"https:\\\/\\\/gooddealersmeds.com\\\/no\\\/#\\\/schema\\\/logo\\\/image\\\/\"}}]}<\/script>\n<!-- \/ Yoast SEO Premium plugin. -->","yoast_head_json":{"title":"Kj\u00f8p Adderall Online - Billig Adderall til salgs 30mg | Gode \u200b\u200bforhandlere medisiner","description":"Kj\u00f8p adderall online 30mg uten resept til billig pris fra Good Dealers Meds for behandling av ADHD og narkolepsi.","robots":{"index":"index","follow":"follow","max-snippet":"max-snippet:-1","max-image-preview":"max-image-preview:large","max-video-preview":"max-video-preview:-1"},"canonical":"https:\/\/gooddealersmeds.com\/no\/product\/kjop-adderall-online\/","og_locale":"en_US","og_type":"article","og_title":"Kj\u00f8p Adderall p\u00e5 nett","og_description":"Kj\u00f8p adderall online 30mg uten resept til billig pris fra Good Dealers Meds for behandling av ADHD og narkolepsi.","og_url":"https:\/\/gooddealersmeds.com\/no\/product\/kjop-adderall-online\/","og_site_name":"Good Dealers Meds","article_modified_time":"2022-10-03T21:29:14+00:00","og_image":[{"width":300,"height":300,"url":"https:\/\/gooddealersmeds.com\/no\/wp-content\/uploads\/sites\/8\/2022\/03\/buy-adderall-online1.jpg","type":"image\/jpeg"}],"twitter_card":"summary_large_image","twitter_misc":{"Est. reading time":"1 minute"},"schema":{"@context":"https:\/\/schema.org","@graph":[{"@type":"WebPage","@id":"https:\/\/gooddealersmeds.com\/no\/product\/kjop-adderall-online\/","url":"https:\/\/gooddealersmeds.com\/no\/product\/kjop-adderall-online\/","name":"Kj\u00f8p Adderall Online - Billig Adderall til salgs 30mg | Gode \u200b\u200bforhandlere medisiner","isPartOf":{"@id":"https:\/\/gooddealersmeds.com\/no\/#website"},"primaryImageOfPage":{"@id":"https:\/\/gooddealersmeds.com\/no\/product\/kjop-adderall-online\/#primaryimage"},"image":{"@id":"https:\/\/gooddealersmeds.com\/no\/product\/kjop-adderall-online\/#primaryimage"},"thumbnailUrl":"https:\/\/gooddealersmeds.com\/no\/wp-content\/uploads\/sites\/8\/2022\/03\/buy-adderall-online1.jpg","datePublished":"2022-03-17T23:13:27+00:00","dateModified":"2022-10-03T21:29:14+00:00","description":"Kj\u00f8p adderall online 30mg uten resept til billig pris fra Good Dealers Meds for behandling av ADHD og narkolepsi.","breadcrumb":{"@id":"https:\/\/gooddealersmeds.com\/no\/product\/kjop-adderall-online\/#breadcrumb"},"inLanguage":"en-US","potentialAction":[{"@type":"ReadAction","target":["https:\/\/gooddealersmeds.com\/no\/product\/kjop-adderall-online\/"]}]},{"@type":"ImageObject","inLanguage":"en-US","@id":"https:\/\/gooddealersmeds.com\/no\/product\/kjop-adderall-online\/#primaryimage","url":"https:\/\/gooddealersmeds.com\/no\/wp-content\/uploads\/sites\/8\/2022\/03\/buy-adderall-online1.jpg","contentUrl":"https:\/\/gooddealersmeds.com\/no\/wp-content\/uploads\/sites\/8\/2022\/03\/buy-adderall-online1.jpg","width":300,"height":300,"caption":"Buy Adderall Online"},{"@type":"BreadcrumbList","@id":"https:\/\/gooddealersmeds.com\/no\/product\/kjop-adderall-online\/#breadcrumb","itemListElement":[{"@type":"ListItem","position":1,"name":"Home","item":"https:\/\/gooddealersmeds.com\/no\/"},{"@type":"ListItem","position":2,"name":"Produkter","item":"https:\/\/gooddealersmeds.com\/no\/produkter\/"},{"@type":"ListItem","position":3,"name":"Kj\u00f8p Adderall p\u00e5 nett"}]},{"@type":"WebSite","@id":"https:\/\/gooddealersmeds.com\/no\/#website","url":"https:\/\/gooddealersmeds.com\/no\/","name":"Good Dealers Meds","description":"All our best","publisher":{"@id":"https:\/\/gooddealersmeds.com\/no\/#organization"},"potentialAction":[{"@type":"SearchAction","target":{"@type":"EntryPoint","urlTemplate":"https:\/\/gooddealersmeds.com\/no\/?s={search_term_string}"},"query-input":{"@type":"PropertyValueSpecification","valueRequired":true,"valueName":"search_term_string"}}],"inLanguage":"en-US"},{"@type":"Organization","@id":"https:\/\/gooddealersmeds.com\/no\/#organization","name":"Good Dealers Meds","url":"https:\/\/gooddealersmeds.com\/no\/","logo":{"@type":"ImageObject","inLanguage":"en-US","@id":"https:\/\/gooddealersmeds.com\/no\/#\/schema\/logo\/image\/","url":"https:\/\/gooddealersmeds.com\/no\/wp-content\/uploads\/sites\/8\/2022\/03\/gooddealersmeds__logo__20220317T222800Z.00.png","contentUrl":"https:\/\/gooddealersmeds.com\/no\/wp-content\/uploads\/sites\/8\/2022\/03\/gooddealersmeds__logo__20220317T222800Z.00.png","width":500,"height":325,"caption":"Good Dealers Meds"},"image":{"@id":"https:\/\/gooddealersmeds.com\/no\/#\/schema\/logo\/image\/"}}]}},"_links":{"self":[{"href":"https:\/\/gooddealersmeds.com\/no\/wp-json\/wp\/v2\/product\/1524","targetHints":{"allow":["GET"]}}],"collection":[{"href":"https:\/\/gooddealersmeds.com\/no\/wp-json\/wp\/v2\/product"}],"about":[{"href":"https:\/\/gooddealersmeds.com\/no\/wp-json\/wp\/v2\/types\/product"}],"replies":[{"embeddable":true,"href":"https:\/\/gooddealersmeds.com\/no\/wp-json\/wp\/v2\/comments?post=1524"}],"wp:featuredmedia":[{"embeddable":true,"href":"https:\/\/gooddealersmeds.com\/no\/wp-json\/wp\/v2\/media\/1532"}],"wp:attachment":[{"href":"https:\/\/gooddealersmeds.com\/no\/wp-json\/wp\/v2\/media?parent=1524"}],"wp:term":[{"taxonomy":"product_brand","embeddable":true,"href":"https:\/\/gooddealersmeds.com\/no\/wp-json\/wp\/v2\/product_brand?post=1524"},{"taxonomy":"product_cat","embeddable":true,"href":"https:\/\/gooddealersmeds.com\/no\/wp-json\/wp\/v2\/product_cat?post=1524"},{"taxonomy":"product_tag","embeddable":true,"href":"https:\/\/gooddealersmeds.com\/no\/wp-json\/wp\/v2\/product_tag?post=1524"}],"curies":[{"name":"wp","href":"https:\/\/api.w.org\/{rel}","templated":true}]}}