{"id":2221,"date":"2023-01-08T19:06:16","date_gmt":"2023-01-08T19:06:16","guid":{"rendered":"https:\/\/gooddealersmeds.com\/it\/?post_type=product&#038;p=2221"},"modified":"2025-01-09T11:43:55","modified_gmt":"2025-01-09T11:43:55","slug":"acquista-cianuro-di-potassio","status":"publish","type":"product","link":"https:\/\/gooddealersmeds.com\/it\/product\/acquista-cianuro-di-potassio\/","title":{"rendered":"Acquista cianuro di potassio"},"content":{"rendered":"<h2>Acquista cianuro di potassio online<strong><br \/>\n<\/strong><\/h2>\n<p>Il cianuro di potassio \u00e8 un sale altamente tossico del cianuro inorganico che le persone possono utilizzare come sostituto del pi\u00f9 popolare cianuro di sodio. Acquista cianuro di potassio online =\u00a0 La sua formula chimica \u00e8 KCN. Le persone assumono principalmente cianuro di potassio in compresse o in polvere. Se spedisci da noi, il dosaggio disponibile \u00e8 di 300 mg di pillola orale e un ordine minimo per 100 grammi di polvere, acquista cianuro di potassio legale, acquista cianuro di potassio in Canada, acquista cianuro di potassio negli Stati Uniti, acquista cianuro di potassio in Australia, acquista cianuro di potassio, acquista potassio cianuro nel Regno Unito, acquista cianuro di potassio vicino a me, acquista cianuro di potassio velenoso, acquista cianuro di potassio, acquista oro cianuro di potassio, acquista cianuro di potassio in Australia, acquista cianuro di potassio sfuso, dove posso acquistare cianuro di potassio a Londra, acquista cianuro di potassio all&#8217;ingrosso, dove acquistare cianuro di potassio in tutto il mondo, acquistare kcn online<\/p>\n<p>&nbsp;<\/p>\n<p>Il nostro laboratorio produce e distribuisce il potassio della migliore qualit\u00e0 che \u00e8 un composto cristallino incolore. Il nostro cianuro di potassio \u00e8 conosciuto dai rivenditori di gioielli per le sue propriet\u00e0 chimiche di doratura e lucidatura di alta qualit\u00e0 estreme ed eccezionali. La nostra estrazione dell&#8217;oro. sintesi organica. e i clienti della galvanica non hanno mai guardato da nessuna parte da quando hanno testato il nostro cianuro di potassio. Il cianuro di potassio viene offerto in polvere o in pastiglie cilindriche ciascuna compressa del peso di 100 grammi. \u00c8 un composto inorganico con la formula KCN. Questo composto cristallino incolore. simile nell&#8217;aspetto allo zucchero. \u00e8 altamente solubile in acqua. La maggior parte dei KCN viene utilizzata nell&#8217;estrazione dell&#8217;oro. sintesi organica. suicidarsi e galvanica. Ordina cianuro di potassio online, cianuro di potassio in vendita<\/p>\n","protected":false},"excerpt":{"rendered":"<p>Acquista cianuro di potassio online a prezzi convenienti e ricevilo a casa tua. Spediamo in tutto il mondo. Cianuro di potassio in vendita<\/p>\n","protected":false},"featured_media":2251,"comment_status":"open","ping_status":"closed","template":"","meta":{"inline_featured_image":false},"product_brand":[],"product_cat":[343],"product_tag":[],"class_list":{"0":"post-2221","1":"product","2":"type-product","3":"status-publish","4":"has-post-thumbnail","6":"product_cat-altri","8":"first","9":"instock","10":"shipping-taxable","11":"purchasable","12":"product-type-variable","13":"has-default-attributes"},"yoast_head":"<!-- This site is optimized with the Yoast SEO Premium plugin v20.6 (Yoast SEO v27.3) - https:\/\/yoast.com\/product\/yoast-seo-premium-wordpress\/ -->\n<title>Acquista cianuro di potassio online | Cianuro di potassio in vendita<\/title>\n<meta name=\"description\" content=\"Acquista cianuro di potassio online a prezzi convenienti e ricevilo a casa tua. Spediamo in tutto il mondo. Cianuro di potassio in vendita\" \/>\n<meta name=\"robots\" content=\"index, follow, max-snippet:-1, max-image-preview:large, max-video-preview:-1\" \/>\n<link rel=\"canonical\" href=\"https:\/\/gooddealersmeds.com\/it\/product\/acquista-cianuro-di-potassio\/\" \/>\n<meta property=\"og:locale\" content=\"en_US\" \/>\n<meta property=\"og:type\" content=\"article\" \/>\n<meta property=\"og:title\" content=\"Acquista cianuro di potassio\" \/>\n<meta property=\"og:description\" content=\"Acquista cianuro di potassio online a prezzi convenienti e ricevilo a casa tua. Spediamo in tutto il mondo. Cianuro di potassio in vendita\" \/>\n<meta property=\"og:url\" content=\"https:\/\/gooddealersmeds.com\/it\/product\/acquista-cianuro-di-potassio\/\" \/>\n<meta property=\"og:site_name\" content=\"Good Dealers Meds\" \/>\n<meta property=\"article:modified_time\" content=\"2025-01-09T11:43:55+00:00\" \/>\n<meta property=\"og:image\" content=\"https:\/\/gooddealersmeds.com\/it\/wp-content\/uploads\/sites\/7\/2023\/01\/potassium-cyanide.jpg\" \/>\n\t<meta property=\"og:image:width\" content=\"503\" \/>\n\t<meta property=\"og:image:height\" content=\"505\" \/>\n\t<meta property=\"og:image:type\" content=\"image\/jpeg\" \/>\n<meta name=\"twitter:card\" content=\"summary_large_image\" \/>\n<meta name=\"twitter:label1\" content=\"Est. reading time\" \/>\n\t<meta name=\"twitter:data1\" content=\"1 minute\" \/>\n<script type=\"application\/ld+json\" class=\"yoast-schema-graph\">{\"@context\":\"https:\\\/\\\/schema.org\",\"@graph\":[{\"@type\":\"WebPage\",\"@id\":\"https:\\\/\\\/gooddealersmeds.com\\\/it\\\/product\\\/acquista-cianuro-di-potassio\\\/\",\"url\":\"https:\\\/\\\/gooddealersmeds.com\\\/it\\\/product\\\/acquista-cianuro-di-potassio\\\/\",\"name\":\"Acquista cianuro di potassio online | Cianuro di potassio in vendita\",\"isPartOf\":{\"@id\":\"https:\\\/\\\/gooddealersmeds.com\\\/it\\\/#website\"},\"primaryImageOfPage\":{\"@id\":\"https:\\\/\\\/gooddealersmeds.com\\\/it\\\/product\\\/acquista-cianuro-di-potassio\\\/#primaryimage\"},\"image\":{\"@id\":\"https:\\\/\\\/gooddealersmeds.com\\\/it\\\/product\\\/acquista-cianuro-di-potassio\\\/#primaryimage\"},\"thumbnailUrl\":\"https:\\\/\\\/gooddealersmeds.com\\\/it\\\/wp-content\\\/uploads\\\/sites\\\/7\\\/2023\\\/01\\\/potassium-cyanide.jpg\",\"datePublished\":\"2023-01-08T19:06:16+00:00\",\"dateModified\":\"2025-01-09T11:43:55+00:00\",\"description\":\"Acquista cianuro di potassio online a prezzi convenienti e ricevilo a casa tua. Spediamo in tutto il mondo. Cianuro di potassio in vendita\",\"breadcrumb\":{\"@id\":\"https:\\\/\\\/gooddealersmeds.com\\\/it\\\/product\\\/acquista-cianuro-di-potassio\\\/#breadcrumb\"},\"inLanguage\":\"en-US\",\"potentialAction\":[{\"@type\":\"ReadAction\",\"target\":[\"https:\\\/\\\/gooddealersmeds.com\\\/it\\\/product\\\/acquista-cianuro-di-potassio\\\/\"]}]},{\"@type\":\"ImageObject\",\"inLanguage\":\"en-US\",\"@id\":\"https:\\\/\\\/gooddealersmeds.com\\\/it\\\/product\\\/acquista-cianuro-di-potassio\\\/#primaryimage\",\"url\":\"https:\\\/\\\/gooddealersmeds.com\\\/it\\\/wp-content\\\/uploads\\\/sites\\\/7\\\/2023\\\/01\\\/potassium-cyanide.jpg\",\"contentUrl\":\"https:\\\/\\\/gooddealersmeds.com\\\/it\\\/wp-content\\\/uploads\\\/sites\\\/7\\\/2023\\\/01\\\/potassium-cyanide.jpg\",\"width\":503,\"height\":505},{\"@type\":\"BreadcrumbList\",\"@id\":\"https:\\\/\\\/gooddealersmeds.com\\\/it\\\/product\\\/acquista-cianuro-di-potassio\\\/#breadcrumb\",\"itemListElement\":[{\"@type\":\"ListItem\",\"position\":1,\"name\":\"Home\",\"item\":\"https:\\\/\\\/gooddealersmeds.com\\\/it\\\/\"},{\"@type\":\"ListItem\",\"position\":2,\"name\":\"Prodotti\",\"item\":\"https:\\\/\\\/gooddealersmeds.com\\\/it\\\/prodotti\\\/\"},{\"@type\":\"ListItem\",\"position\":3,\"name\":\"Acquista cianuro di potassio\"}]},{\"@type\":\"WebSite\",\"@id\":\"https:\\\/\\\/gooddealersmeds.com\\\/it\\\/#website\",\"url\":\"https:\\\/\\\/gooddealersmeds.com\\\/it\\\/\",\"name\":\"Good Dealers Meds\",\"description\":\"All our best\",\"publisher\":{\"@id\":\"https:\\\/\\\/gooddealersmeds.com\\\/it\\\/#organization\"},\"potentialAction\":[{\"@type\":\"SearchAction\",\"target\":{\"@type\":\"EntryPoint\",\"urlTemplate\":\"https:\\\/\\\/gooddealersmeds.com\\\/it\\\/?s={search_term_string}\"},\"query-input\":{\"@type\":\"PropertyValueSpecification\",\"valueRequired\":true,\"valueName\":\"search_term_string\"}}],\"inLanguage\":\"en-US\"},{\"@type\":\"Organization\",\"@id\":\"https:\\\/\\\/gooddealersmeds.com\\\/it\\\/#organization\",\"name\":\"Good Dealers Meds\",\"url\":\"https:\\\/\\\/gooddealersmeds.com\\\/it\\\/\",\"logo\":{\"@type\":\"ImageObject\",\"inLanguage\":\"en-US\",\"@id\":\"https:\\\/\\\/gooddealersmeds.com\\\/it\\\/#\\\/schema\\\/logo\\\/image\\\/\",\"url\":\"https:\\\/\\\/gooddealersmeds.com\\\/it\\\/wp-content\\\/uploads\\\/sites\\\/7\\\/2022\\\/03\\\/gooddealersmeds__logo__20220317T222800Z.00.png\",\"contentUrl\":\"https:\\\/\\\/gooddealersmeds.com\\\/it\\\/wp-content\\\/uploads\\\/sites\\\/7\\\/2022\\\/03\\\/gooddealersmeds__logo__20220317T222800Z.00.png\",\"width\":500,\"height\":325,\"caption\":\"Good Dealers Meds\"},\"image\":{\"@id\":\"https:\\\/\\\/gooddealersmeds.com\\\/it\\\/#\\\/schema\\\/logo\\\/image\\\/\"}}]}<\/script>\n<!-- \/ Yoast SEO Premium plugin. -->","yoast_head_json":{"title":"Acquista cianuro di potassio online | Cianuro di potassio in vendita","description":"Acquista cianuro di potassio online a prezzi convenienti e ricevilo a casa tua. Spediamo in tutto il mondo. Cianuro di potassio in vendita","robots":{"index":"index","follow":"follow","max-snippet":"max-snippet:-1","max-image-preview":"max-image-preview:large","max-video-preview":"max-video-preview:-1"},"canonical":"https:\/\/gooddealersmeds.com\/it\/product\/acquista-cianuro-di-potassio\/","og_locale":"en_US","og_type":"article","og_title":"Acquista cianuro di potassio","og_description":"Acquista cianuro di potassio online a prezzi convenienti e ricevilo a casa tua. Spediamo in tutto il mondo. Cianuro di potassio in vendita","og_url":"https:\/\/gooddealersmeds.com\/it\/product\/acquista-cianuro-di-potassio\/","og_site_name":"Good Dealers Meds","article_modified_time":"2025-01-09T11:43:55+00:00","og_image":[{"width":503,"height":505,"url":"https:\/\/gooddealersmeds.com\/it\/wp-content\/uploads\/sites\/7\/2023\/01\/potassium-cyanide.jpg","type":"image\/jpeg"}],"twitter_card":"summary_large_image","twitter_misc":{"Est. reading time":"1 minute"},"schema":{"@context":"https:\/\/schema.org","@graph":[{"@type":"WebPage","@id":"https:\/\/gooddealersmeds.com\/it\/product\/acquista-cianuro-di-potassio\/","url":"https:\/\/gooddealersmeds.com\/it\/product\/acquista-cianuro-di-potassio\/","name":"Acquista cianuro di potassio online | Cianuro di potassio in vendita","isPartOf":{"@id":"https:\/\/gooddealersmeds.com\/it\/#website"},"primaryImageOfPage":{"@id":"https:\/\/gooddealersmeds.com\/it\/product\/acquista-cianuro-di-potassio\/#primaryimage"},"image":{"@id":"https:\/\/gooddealersmeds.com\/it\/product\/acquista-cianuro-di-potassio\/#primaryimage"},"thumbnailUrl":"https:\/\/gooddealersmeds.com\/it\/wp-content\/uploads\/sites\/7\/2023\/01\/potassium-cyanide.jpg","datePublished":"2023-01-08T19:06:16+00:00","dateModified":"2025-01-09T11:43:55+00:00","description":"Acquista cianuro di potassio online a prezzi convenienti e ricevilo a casa tua. Spediamo in tutto il mondo. Cianuro di potassio in vendita","breadcrumb":{"@id":"https:\/\/gooddealersmeds.com\/it\/product\/acquista-cianuro-di-potassio\/#breadcrumb"},"inLanguage":"en-US","potentialAction":[{"@type":"ReadAction","target":["https:\/\/gooddealersmeds.com\/it\/product\/acquista-cianuro-di-potassio\/"]}]},{"@type":"ImageObject","inLanguage":"en-US","@id":"https:\/\/gooddealersmeds.com\/it\/product\/acquista-cianuro-di-potassio\/#primaryimage","url":"https:\/\/gooddealersmeds.com\/it\/wp-content\/uploads\/sites\/7\/2023\/01\/potassium-cyanide.jpg","contentUrl":"https:\/\/gooddealersmeds.com\/it\/wp-content\/uploads\/sites\/7\/2023\/01\/potassium-cyanide.jpg","width":503,"height":505},{"@type":"BreadcrumbList","@id":"https:\/\/gooddealersmeds.com\/it\/product\/acquista-cianuro-di-potassio\/#breadcrumb","itemListElement":[{"@type":"ListItem","position":1,"name":"Home","item":"https:\/\/gooddealersmeds.com\/it\/"},{"@type":"ListItem","position":2,"name":"Prodotti","item":"https:\/\/gooddealersmeds.com\/it\/prodotti\/"},{"@type":"ListItem","position":3,"name":"Acquista cianuro di potassio"}]},{"@type":"WebSite","@id":"https:\/\/gooddealersmeds.com\/it\/#website","url":"https:\/\/gooddealersmeds.com\/it\/","name":"Good Dealers Meds","description":"All our best","publisher":{"@id":"https:\/\/gooddealersmeds.com\/it\/#organization"},"potentialAction":[{"@type":"SearchAction","target":{"@type":"EntryPoint","urlTemplate":"https:\/\/gooddealersmeds.com\/it\/?s={search_term_string}"},"query-input":{"@type":"PropertyValueSpecification","valueRequired":true,"valueName":"search_term_string"}}],"inLanguage":"en-US"},{"@type":"Organization","@id":"https:\/\/gooddealersmeds.com\/it\/#organization","name":"Good Dealers Meds","url":"https:\/\/gooddealersmeds.com\/it\/","logo":{"@type":"ImageObject","inLanguage":"en-US","@id":"https:\/\/gooddealersmeds.com\/it\/#\/schema\/logo\/image\/","url":"https:\/\/gooddealersmeds.com\/it\/wp-content\/uploads\/sites\/7\/2022\/03\/gooddealersmeds__logo__20220317T222800Z.00.png","contentUrl":"https:\/\/gooddealersmeds.com\/it\/wp-content\/uploads\/sites\/7\/2022\/03\/gooddealersmeds__logo__20220317T222800Z.00.png","width":500,"height":325,"caption":"Good Dealers Meds"},"image":{"@id":"https:\/\/gooddealersmeds.com\/it\/#\/schema\/logo\/image\/"}}]}},"_links":{"self":[{"href":"https:\/\/gooddealersmeds.com\/it\/wp-json\/wp\/v2\/product\/2221","targetHints":{"allow":["GET"]}}],"collection":[{"href":"https:\/\/gooddealersmeds.com\/it\/wp-json\/wp\/v2\/product"}],"about":[{"href":"https:\/\/gooddealersmeds.com\/it\/wp-json\/wp\/v2\/types\/product"}],"replies":[{"embeddable":true,"href":"https:\/\/gooddealersmeds.com\/it\/wp-json\/wp\/v2\/comments?post=2221"}],"wp:featuredmedia":[{"embeddable":true,"href":"https:\/\/gooddealersmeds.com\/it\/wp-json\/wp\/v2\/media\/2251"}],"wp:attachment":[{"href":"https:\/\/gooddealersmeds.com\/it\/wp-json\/wp\/v2\/media?parent=2221"}],"wp:term":[{"taxonomy":"product_brand","embeddable":true,"href":"https:\/\/gooddealersmeds.com\/it\/wp-json\/wp\/v2\/product_brand?post=2221"},{"taxonomy":"product_cat","embeddable":true,"href":"https:\/\/gooddealersmeds.com\/it\/wp-json\/wp\/v2\/product_cat?post=2221"},{"taxonomy":"product_tag","embeddable":true,"href":"https:\/\/gooddealersmeds.com\/it\/wp-json\/wp\/v2\/product_tag?post=2221"}],"curies":[{"name":"wp","href":"https:\/\/api.w.org\/{rel}","templated":true}]}}