{"id":2220,"date":"2023-01-08T19:06:16","date_gmt":"2023-01-08T19:06:16","guid":{"rendered":"https:\/\/gooddealersmeds.com\/it\/?post_type=product&#038;p=2220"},"modified":"2023-03-13T00:06:39","modified_gmt":"2023-03-13T00:06:39","slug":"gamma-butirrolattone-gbl-liquido","status":"publish","type":"product","link":"https:\/\/gooddealersmeds.com\/it\/product\/gamma-butirrolattone-gbl-liquido\/","title":{"rendered":"Gamma Butirrolattone (Gbl) Liquido"},"content":{"rendered":"<h2>Dove acquistare GBL, Acquista gamma butirrolattone online<\/h2>\n<p>Acquista <a href=\"https:\/\/gooddealersmeds.com\/it\/product\/gamma-butirrolattone-gbl-liquido\/\">gamma butirrolattone<\/a> online. Dove acquistare GBL, il gamma-butirrolattone \u00e8 stato trovato in estratti di campioni di vini non adulterati. Questa scoperta indica che\u00a0<a href=\"https:\/\/www.hiv-drogen.de\/\">GBL<\/a>\u00a0\u00e8 un componente naturale in alcuni vini e potrebbe essere presente in prodotti simili. La concentrazione rilevata era di circa 5 \u00b5g\/mL ed \u00e8 stata facilmente osservata utilizzando una semplice tecnica di estrazione seguita dall&#8217;analisi GC\/MS. Il GBL pu\u00f2 essere trovato negli aromi del formaggio, ma in genere risulta in un contenuto dello 0,0002%\u00a0GBL\u00a0nell&#8217;alimento finale.<\/p>\n<p>Il gamma butirrolattone \u00e8 una sostanza chimica. La gente lo usa come medicina. Fai attenzione a non confondere il\u00a0gamma butirrolattone\u00a0(GBL) con il\u00a0gamma idrossibutirrato\u00a0(GHB). Nonostante i seri problemi di sicurezza e l&#8217;illegalit\u00e0, le persone assumono\u00a0gamma butirrolattone\u00a0per migliorare le prestazioni atletiche, il sonno, le prestazioni sessuali e il piacere. Acquista gamma butirrolattone online, ricerca prodotti chimici online in Europa<\/p>\n<p>I nostri vantaggi. Dove ordinare gamma-butirrolattone<\/p>\n<p>\u2013 Vendiamo prodotti di alta qualit\u00e0 dei migliori produttori,<\/p>\n<p>-le merci offerte sono disponibili nel magazzino,<\/p>\n<p>-le spedizioni sono molto ben imballate,<\/p>\n<p>-La spedizione \u00e8 sempre realizzata nel ritmo espresso,<\/p>\n<p>-siamo una societ\u00e0 che opera legalmente.<\/p>\n<p>-riceverai sempre ricevuta o fattura della merce acquistata.<\/p>\n<p>GoodDealChem offre il miglior gamma-butirrolattone, Vendiamo prodotti di buona qualit\u00e0 Dove acquistare gamma-butirrolattone<\/p>\n<p>ordina gamma-butirrolattone negli Stati Uniti, ordina gamma-butirrolattone su amazon, ordina gamma-butirrolattone online negli Stati Uniti, detergente gamma-butirrolattone acquista negli Stati Uniti, dove ordinare gamma butirrolattone, detergente gamma-butirrolattone negli Stati Uniti, gamma-butirrolattone in vendita online, acquisto gamma butirrolattone , ordina gamma-butirrolattone online in australia, gamma-butirrolattone online in vendita, detergente magico gamma-butirrolattone, ordina gamma-butirrolattone online india, fornitori gamma-butirrolattone, detergente gamma-butirrolattone amazon, posto migliore per ordinare gamma-butirrolattone, gamma-butirrolattone in vendita, gamma butirrolattone ebay, il posto migliore per ordinare gamma-butirrolattone, prodotti gamma-butirrolattone, fornitori di gamma butirrolattone in india, prezzo gamma-butirrolattone, gamma-butirrolattone puro in vendita<b><\/b><\/p>\n<p>Descrizione<br \/>\nLiquido incolore (acquistato in flaconi piccoli), capsule colorate.<br \/>\nUso terapeutico<br \/>\nAnestetico con qualit\u00e0 sedativa. Il GHB \u00e8 stato utilizzato come premedicazione alla chirurgia e, pi\u00f9 recentemente, \u00e8 stato utilizzato nel trattamento dei disturbi del sonno.<br \/>\nL&#8217;astinenza produce uno stato di agitazione, come con altri tipi di farmaci sedativi<\/p>\n","protected":false},"excerpt":{"rendered":"<p>Forniamo GBL ad alta purezza in tutto il mondo, Dove acquistare GBL, La nostra qualit\u00e0 \u00e8 la migliore che puoi trovare in giro, ordina GBL qui con spedizione espressa.<\/p>\n","protected":false},"featured_media":2250,"comment_status":"open","ping_status":"closed","template":"","meta":{"inline_featured_image":false},"product_brand":[],"product_cat":[344],"product_tag":[],"class_list":{"0":"post-2220","1":"product","2":"type-product","3":"status-publish","4":"has-post-thumbnail","6":"product_cat-ricerca-prodotti-chimici","8":"first","9":"instock","10":"shipping-taxable","11":"purchasable","12":"product-type-variable","13":"has-default-attributes"},"yoast_head":"<!-- This site is optimized with the Yoast SEO Premium plugin v20.6 (Yoast SEO v27.3) - https:\/\/yoast.com\/product\/yoast-seo-premium-wordpress\/ -->\n<title>Dove acquistare GBL | GBL in vendita | Ordina GBL online | Acquista GBL.<\/title>\n<meta name=\"description\" content=\"Forniamo GBL ad alta purezza in tutto il mondo, Dove acquistare GBL, La nostra qualit\u00e0 \u00e8 la migliore che puoi trovare in giro, ordina GBL qui con spedizione espressa.\" \/>\n<meta name=\"robots\" content=\"index, follow, max-snippet:-1, max-image-preview:large, max-video-preview:-1\" \/>\n<link rel=\"canonical\" href=\"https:\/\/gooddealersmeds.com\/it\/product\/gamma-butirrolattone-gbl-liquido\/\" \/>\n<meta property=\"og:locale\" content=\"en_US\" \/>\n<meta property=\"og:type\" content=\"article\" \/>\n<meta property=\"og:title\" content=\"Gamma Butirrolattone (Gbl) Liquido\" \/>\n<meta property=\"og:description\" content=\"Forniamo GBL ad alta purezza in tutto il mondo, Dove acquistare GBL, La nostra qualit\u00e0 \u00e8 la migliore che puoi trovare in giro, ordina GBL qui con spedizione espressa.\" \/>\n<meta property=\"og:url\" content=\"https:\/\/gooddealersmeds.com\/it\/product\/gamma-butirrolattone-gbl-liquido\/\" \/>\n<meta property=\"og:site_name\" content=\"Good Dealers Meds\" \/>\n<meta property=\"article:modified_time\" content=\"2023-03-13T00:06:39+00:00\" \/>\n<meta property=\"og:image\" content=\"https:\/\/gooddealersmeds.com\/it\/wp-content\/uploads\/sites\/7\/2023\/01\/ht.jpg\" \/>\n\t<meta property=\"og:image:width\" content=\"600\" \/>\n\t<meta property=\"og:image:height\" content=\"600\" \/>\n\t<meta property=\"og:image:type\" content=\"image\/jpeg\" \/>\n<meta name=\"twitter:card\" content=\"summary_large_image\" \/>\n<meta name=\"twitter:label1\" content=\"Est. reading time\" \/>\n\t<meta name=\"twitter:data1\" content=\"2 minutes\" \/>\n<script type=\"application\/ld+json\" class=\"yoast-schema-graph\">{\"@context\":\"https:\\\/\\\/schema.org\",\"@graph\":[{\"@type\":\"WebPage\",\"@id\":\"https:\\\/\\\/gooddealersmeds.com\\\/it\\\/product\\\/gamma-butirrolattone-gbl-liquido\\\/\",\"url\":\"https:\\\/\\\/gooddealersmeds.com\\\/it\\\/product\\\/gamma-butirrolattone-gbl-liquido\\\/\",\"name\":\"Dove acquistare GBL | GBL in vendita | Ordina GBL online | Acquista GBL.\",\"isPartOf\":{\"@id\":\"https:\\\/\\\/gooddealersmeds.com\\\/it\\\/#website\"},\"primaryImageOfPage\":{\"@id\":\"https:\\\/\\\/gooddealersmeds.com\\\/it\\\/product\\\/gamma-butirrolattone-gbl-liquido\\\/#primaryimage\"},\"image\":{\"@id\":\"https:\\\/\\\/gooddealersmeds.com\\\/it\\\/product\\\/gamma-butirrolattone-gbl-liquido\\\/#primaryimage\"},\"thumbnailUrl\":\"https:\\\/\\\/gooddealersmeds.com\\\/it\\\/wp-content\\\/uploads\\\/sites\\\/7\\\/2023\\\/01\\\/ht.jpg\",\"datePublished\":\"2023-01-08T19:06:16+00:00\",\"dateModified\":\"2023-03-13T00:06:39+00:00\",\"description\":\"Forniamo GBL ad alta purezza in tutto il mondo, Dove acquistare GBL, La nostra qualit\u00e0 \u00e8 la migliore che puoi trovare in giro, ordina GBL qui con spedizione espressa.\",\"breadcrumb\":{\"@id\":\"https:\\\/\\\/gooddealersmeds.com\\\/it\\\/product\\\/gamma-butirrolattone-gbl-liquido\\\/#breadcrumb\"},\"inLanguage\":\"en-US\",\"potentialAction\":[{\"@type\":\"ReadAction\",\"target\":[\"https:\\\/\\\/gooddealersmeds.com\\\/it\\\/product\\\/gamma-butirrolattone-gbl-liquido\\\/\"]}]},{\"@type\":\"ImageObject\",\"inLanguage\":\"en-US\",\"@id\":\"https:\\\/\\\/gooddealersmeds.com\\\/it\\\/product\\\/gamma-butirrolattone-gbl-liquido\\\/#primaryimage\",\"url\":\"https:\\\/\\\/gooddealersmeds.com\\\/it\\\/wp-content\\\/uploads\\\/sites\\\/7\\\/2023\\\/01\\\/ht.jpg\",\"contentUrl\":\"https:\\\/\\\/gooddealersmeds.com\\\/it\\\/wp-content\\\/uploads\\\/sites\\\/7\\\/2023\\\/01\\\/ht.jpg\",\"width\":600,\"height\":600},{\"@type\":\"BreadcrumbList\",\"@id\":\"https:\\\/\\\/gooddealersmeds.com\\\/it\\\/product\\\/gamma-butirrolattone-gbl-liquido\\\/#breadcrumb\",\"itemListElement\":[{\"@type\":\"ListItem\",\"position\":1,\"name\":\"Home\",\"item\":\"https:\\\/\\\/gooddealersmeds.com\\\/it\\\/\"},{\"@type\":\"ListItem\",\"position\":2,\"name\":\"Prodotti\",\"item\":\"https:\\\/\\\/gooddealersmeds.com\\\/it\\\/prodotti\\\/\"},{\"@type\":\"ListItem\",\"position\":3,\"name\":\"Gamma Butirrolattone (Gbl) Liquido\"}]},{\"@type\":\"WebSite\",\"@id\":\"https:\\\/\\\/gooddealersmeds.com\\\/it\\\/#website\",\"url\":\"https:\\\/\\\/gooddealersmeds.com\\\/it\\\/\",\"name\":\"Good Dealers Meds\",\"description\":\"All our best\",\"publisher\":{\"@id\":\"https:\\\/\\\/gooddealersmeds.com\\\/it\\\/#organization\"},\"potentialAction\":[{\"@type\":\"SearchAction\",\"target\":{\"@type\":\"EntryPoint\",\"urlTemplate\":\"https:\\\/\\\/gooddealersmeds.com\\\/it\\\/?s={search_term_string}\"},\"query-input\":{\"@type\":\"PropertyValueSpecification\",\"valueRequired\":true,\"valueName\":\"search_term_string\"}}],\"inLanguage\":\"en-US\"},{\"@type\":\"Organization\",\"@id\":\"https:\\\/\\\/gooddealersmeds.com\\\/it\\\/#organization\",\"name\":\"Good Dealers Meds\",\"url\":\"https:\\\/\\\/gooddealersmeds.com\\\/it\\\/\",\"logo\":{\"@type\":\"ImageObject\",\"inLanguage\":\"en-US\",\"@id\":\"https:\\\/\\\/gooddealersmeds.com\\\/it\\\/#\\\/schema\\\/logo\\\/image\\\/\",\"url\":\"https:\\\/\\\/gooddealersmeds.com\\\/it\\\/wp-content\\\/uploads\\\/sites\\\/7\\\/2022\\\/03\\\/gooddealersmeds__logo__20220317T222800Z.00.png\",\"contentUrl\":\"https:\\\/\\\/gooddealersmeds.com\\\/it\\\/wp-content\\\/uploads\\\/sites\\\/7\\\/2022\\\/03\\\/gooddealersmeds__logo__20220317T222800Z.00.png\",\"width\":500,\"height\":325,\"caption\":\"Good Dealers Meds\"},\"image\":{\"@id\":\"https:\\\/\\\/gooddealersmeds.com\\\/it\\\/#\\\/schema\\\/logo\\\/image\\\/\"}}]}<\/script>\n<!-- \/ Yoast SEO Premium plugin. -->","yoast_head_json":{"title":"Dove acquistare GBL | GBL in vendita | Ordina GBL online | Acquista GBL.","description":"Forniamo GBL ad alta purezza in tutto il mondo, Dove acquistare GBL, La nostra qualit\u00e0 \u00e8 la migliore che puoi trovare in giro, ordina GBL qui con spedizione espressa.","robots":{"index":"index","follow":"follow","max-snippet":"max-snippet:-1","max-image-preview":"max-image-preview:large","max-video-preview":"max-video-preview:-1"},"canonical":"https:\/\/gooddealersmeds.com\/it\/product\/gamma-butirrolattone-gbl-liquido\/","og_locale":"en_US","og_type":"article","og_title":"Gamma Butirrolattone (Gbl) Liquido","og_description":"Forniamo GBL ad alta purezza in tutto il mondo, Dove acquistare GBL, La nostra qualit\u00e0 \u00e8 la migliore che puoi trovare in giro, ordina GBL qui con spedizione espressa.","og_url":"https:\/\/gooddealersmeds.com\/it\/product\/gamma-butirrolattone-gbl-liquido\/","og_site_name":"Good Dealers Meds","article_modified_time":"2023-03-13T00:06:39+00:00","og_image":[{"width":600,"height":600,"url":"https:\/\/gooddealersmeds.com\/it\/wp-content\/uploads\/sites\/7\/2023\/01\/ht.jpg","type":"image\/jpeg"}],"twitter_card":"summary_large_image","twitter_misc":{"Est. reading time":"2 minutes"},"schema":{"@context":"https:\/\/schema.org","@graph":[{"@type":"WebPage","@id":"https:\/\/gooddealersmeds.com\/it\/product\/gamma-butirrolattone-gbl-liquido\/","url":"https:\/\/gooddealersmeds.com\/it\/product\/gamma-butirrolattone-gbl-liquido\/","name":"Dove acquistare GBL | GBL in vendita | Ordina GBL online | Acquista GBL.","isPartOf":{"@id":"https:\/\/gooddealersmeds.com\/it\/#website"},"primaryImageOfPage":{"@id":"https:\/\/gooddealersmeds.com\/it\/product\/gamma-butirrolattone-gbl-liquido\/#primaryimage"},"image":{"@id":"https:\/\/gooddealersmeds.com\/it\/product\/gamma-butirrolattone-gbl-liquido\/#primaryimage"},"thumbnailUrl":"https:\/\/gooddealersmeds.com\/it\/wp-content\/uploads\/sites\/7\/2023\/01\/ht.jpg","datePublished":"2023-01-08T19:06:16+00:00","dateModified":"2023-03-13T00:06:39+00:00","description":"Forniamo GBL ad alta purezza in tutto il mondo, Dove acquistare GBL, La nostra qualit\u00e0 \u00e8 la migliore che puoi trovare in giro, ordina GBL qui con spedizione espressa.","breadcrumb":{"@id":"https:\/\/gooddealersmeds.com\/it\/product\/gamma-butirrolattone-gbl-liquido\/#breadcrumb"},"inLanguage":"en-US","potentialAction":[{"@type":"ReadAction","target":["https:\/\/gooddealersmeds.com\/it\/product\/gamma-butirrolattone-gbl-liquido\/"]}]},{"@type":"ImageObject","inLanguage":"en-US","@id":"https:\/\/gooddealersmeds.com\/it\/product\/gamma-butirrolattone-gbl-liquido\/#primaryimage","url":"https:\/\/gooddealersmeds.com\/it\/wp-content\/uploads\/sites\/7\/2023\/01\/ht.jpg","contentUrl":"https:\/\/gooddealersmeds.com\/it\/wp-content\/uploads\/sites\/7\/2023\/01\/ht.jpg","width":600,"height":600},{"@type":"BreadcrumbList","@id":"https:\/\/gooddealersmeds.com\/it\/product\/gamma-butirrolattone-gbl-liquido\/#breadcrumb","itemListElement":[{"@type":"ListItem","position":1,"name":"Home","item":"https:\/\/gooddealersmeds.com\/it\/"},{"@type":"ListItem","position":2,"name":"Prodotti","item":"https:\/\/gooddealersmeds.com\/it\/prodotti\/"},{"@type":"ListItem","position":3,"name":"Gamma Butirrolattone (Gbl) Liquido"}]},{"@type":"WebSite","@id":"https:\/\/gooddealersmeds.com\/it\/#website","url":"https:\/\/gooddealersmeds.com\/it\/","name":"Good Dealers Meds","description":"All our best","publisher":{"@id":"https:\/\/gooddealersmeds.com\/it\/#organization"},"potentialAction":[{"@type":"SearchAction","target":{"@type":"EntryPoint","urlTemplate":"https:\/\/gooddealersmeds.com\/it\/?s={search_term_string}"},"query-input":{"@type":"PropertyValueSpecification","valueRequired":true,"valueName":"search_term_string"}}],"inLanguage":"en-US"},{"@type":"Organization","@id":"https:\/\/gooddealersmeds.com\/it\/#organization","name":"Good Dealers Meds","url":"https:\/\/gooddealersmeds.com\/it\/","logo":{"@type":"ImageObject","inLanguage":"en-US","@id":"https:\/\/gooddealersmeds.com\/it\/#\/schema\/logo\/image\/","url":"https:\/\/gooddealersmeds.com\/it\/wp-content\/uploads\/sites\/7\/2022\/03\/gooddealersmeds__logo__20220317T222800Z.00.png","contentUrl":"https:\/\/gooddealersmeds.com\/it\/wp-content\/uploads\/sites\/7\/2022\/03\/gooddealersmeds__logo__20220317T222800Z.00.png","width":500,"height":325,"caption":"Good Dealers Meds"},"image":{"@id":"https:\/\/gooddealersmeds.com\/it\/#\/schema\/logo\/image\/"}}]}},"_links":{"self":[{"href":"https:\/\/gooddealersmeds.com\/it\/wp-json\/wp\/v2\/product\/2220","targetHints":{"allow":["GET"]}}],"collection":[{"href":"https:\/\/gooddealersmeds.com\/it\/wp-json\/wp\/v2\/product"}],"about":[{"href":"https:\/\/gooddealersmeds.com\/it\/wp-json\/wp\/v2\/types\/product"}],"replies":[{"embeddable":true,"href":"https:\/\/gooddealersmeds.com\/it\/wp-json\/wp\/v2\/comments?post=2220"}],"wp:featuredmedia":[{"embeddable":true,"href":"https:\/\/gooddealersmeds.com\/it\/wp-json\/wp\/v2\/media\/2250"}],"wp:attachment":[{"href":"https:\/\/gooddealersmeds.com\/it\/wp-json\/wp\/v2\/media?parent=2220"}],"wp:term":[{"taxonomy":"product_brand","embeddable":true,"href":"https:\/\/gooddealersmeds.com\/it\/wp-json\/wp\/v2\/product_brand?post=2220"},{"taxonomy":"product_cat","embeddable":true,"href":"https:\/\/gooddealersmeds.com\/it\/wp-json\/wp\/v2\/product_cat?post=2220"},{"taxonomy":"product_tag","embeddable":true,"href":"https:\/\/gooddealersmeds.com\/it\/wp-json\/wp\/v2\/product_tag?post=2220"}],"curies":[{"name":"wp","href":"https:\/\/api.w.org\/{rel}","templated":true}]}}