{"id":2219,"date":"2023-01-08T19:06:16","date_gmt":"2023-01-08T19:06:16","guid":{"rendered":"https:\/\/gooddealersmeds.com\/it\/?post_type=product&#038;p=2219"},"modified":"2023-03-13T00:07:42","modified_gmt":"2023-03-13T00:07:42","slug":"ordina-apaan-alfa-fenilacetoacetonitrile-online","status":"publish","type":"product","link":"https:\/\/gooddealersmeds.com\/it\/product\/ordina-apaan-alfa-fenilacetoacetonitrile-online\/","title":{"rendered":"Ordina APAAN (alfa-fenilacetoacetonitrile) online"},"content":{"rendered":"<h2>Acquista APAAN (alfa-fenilacetoacetonitrile) online \u2013 Ordina APAAN online<\/h2>\n<p>Ordina APAAN online. APAAN (chiamato anche: apane) o alfa-fenilacetoacetonitrile (inglese: alfa-fenilacetoacetonitrile) \u00e8 un composto organico utilizzato nella produzione di diversi prodotti farmaceutici. APAAN contiene un gruppo nitrile e un anello benzenico (gruppo fenile).<\/p>\n<p>La sostanza funge da precursore di farmaci per la produzione della sostanza fenilacetone (nota anche come BMK = benzil metil chetone) e viene utilizzata per la produzione della metanfetamina stimolante e dell&#8217;anfetamina. Ci sono altri modi per fare la metanfetamina. In particolare, il Dipartimento di Stato americano cita i Paesi Bassi come luogo in cui viene utilizzato l&#8217;APAAN. [1] L&#8217;Osservatorio europeo delle droghe e delle tossicodipendenze (OEDT) cita specificamente la Polonia. Acquista APAAN (<a href=\"https:\/\/nl.wikipedia.org\/wiki\/APAAN\">alfa-fenilacetoacetonitrile<\/a>) online<\/p>\n<p>&nbsp;<\/p>\n<p>Di solito, individuare qualsiasi cosa disponibile per l&#8217;acquisto non \u00e8 mai una cosa difficile. Il problema arriva con l&#8217;acquisto di quella cosa. Quando si tratta di APAAN, ci sono cos\u00ec tanti venditori l\u00e0 fuori che promettono di venderti il prodotto a un prezzo molto conveniente. Tuttavia, dovresti notare che l&#8217;APAAN \u00e8 una sostanza controllata nella maggior parte delle nazioni e non \u00e8 possibile che sia cos\u00ec facilmente accessibile. Ci sono troppi rischi coinvolti quando si tratta della vendita di APAAN, e questi potrebbero essere truffatori che cercano di defraudarti dei tuoi soldi guadagnati duramente.<\/p>\n<h3>Allora, dove trovi APAAN in vendita?<\/h3>\n<p>Un modo semplice per ottenere\u00a0APAAN\u00a0\u00e8 farlo da un negozio online. Man mano che il business online continua a crescere, diventa pi\u00f9 facile ottenere anche sostanze controllate. Tutto quello che devi fare \u00e8 individuare una buona azienda online che consegner\u00e0 discretamente il tuo prodotto. Siamo una di queste aziende.<\/p>\n<p>Vendiamo APAAN e altre sostanze correlate a un prezzo molto conveniente. Dopo essere stati in attivit\u00e0 per un lungo periodo, sappiamo esattamente cosa vogliono e meritano tutti i nostri clienti. Ci occupiamo di servizi e prodotti di qualit\u00e0. Ogni volta che acquisti da noi, otterrai il meglio.<\/p>\n<p>Quando si tratta di consegne, ci assicuriamo che siano discrete e il pi\u00f9 veloci possibile. Il pacco viene spedito entro 24 ore dalla ricezione del pagamento e lo spediamo tramite un corriere di consegna rapida in modo da ricevere il pacco in meno di cinque giorni dalla spedizione. Riceverai anche un&#8217;e-mail contenente il numero di tracciamento del tuo pacco. Effettuiamo anche rimborsi per pacchi che potrebbero perdersi lungo il percorso o rotti. Tuttavia, possiamo garantire che questi casi sono molto pochi poich\u00e9 ci impegniamo ogni giorno per offrirti solo i servizi di qualit\u00e0 che meriti. Quando si tratta di spese di spedizione, includeranno le spese di imballaggio e gestione, nonch\u00e9 i costi di spedizione. Nota che le tue spese di spedizione dipenderanno dalla quantit\u00e0 che hai ordinato e dalla destinazione del tuo pacco.<\/p>\n<p>Ci assicuriamo inoltre che la tua sicurezza venga presa in considerazione. Spediamo in modo discreto e diretto per assicurarci che il tuo pacco non entri in contatto con nessuno. Abbiamo anche investito nella pi\u00f9 recente tecnologia di crittografia per proteggere le tue informazioni personali e finanziarie da qualsiasi hacker.<\/p>\n","protected":false},"excerpt":{"rendered":"<p>Ordina APAAN online, siamo un fornitore affidabile e affidabile di APAAN, con consegna rapida100% garantito e affidabile. Acquista APAAN a buon mercato online.<\/p>\n","protected":false},"featured_media":2249,"comment_status":"open","ping_status":"closed","template":"","meta":{"inline_featured_image":false},"product_brand":[],"product_cat":[344],"product_tag":[655,652,657,656,653,654],"class_list":{"0":"post-2219","1":"product","2":"type-product","3":"status-publish","4":"has-post-thumbnail","6":"product_cat-ricerca-prodotti-chimici","7":"product_tag-acquista-apaan-online","8":"product_tag-alfa-fenilacetoacetonitrile-prezzo-allingrosso","9":"product_tag-dove-acquistare-apaan-online","10":"product_tag-ordina-apaan-a-buoni-prezzi","11":"product_tag-produttori-apaan-online","12":"product_tag-vendita-intera-apaan-online","14":"first","15":"instock","16":"shipping-taxable","17":"purchasable","18":"product-type-variable","19":"has-default-attributes"},"yoast_head":"<!-- This site is optimized with the Yoast SEO Premium plugin v20.6 (Yoast SEO v27.3) - https:\/\/yoast.com\/product\/yoast-seo-premium-wordpress\/ -->\n<title>Ordina APAAN online | APAAN in vendita | Acquista APAAN a buon mercat<\/title>\n<meta name=\"description\" content=\"Ordina APAAN online, siamo un fornitore affidabile e affidabile di APAAN, con consegna rapida100% garantito e affidabile. Acquista APAAN a buon mercato online.\" \/>\n<meta name=\"robots\" content=\"index, follow, max-snippet:-1, max-image-preview:large, max-video-preview:-1\" \/>\n<link rel=\"canonical\" href=\"https:\/\/gooddealersmeds.com\/it\/product\/ordina-apaan-alfa-fenilacetoacetonitrile-online\/\" \/>\n<meta property=\"og:locale\" content=\"en_US\" \/>\n<meta property=\"og:type\" content=\"article\" \/>\n<meta property=\"og:title\" content=\"Ordina APAAN (alfa-fenilacetoacetonitrile) online\" \/>\n<meta property=\"og:description\" content=\"Ordina APAAN online, siamo un fornitore affidabile e affidabile di APAAN, con consegna rapida100% garantito e affidabile. Acquista APAAN a buon mercato online.\" \/>\n<meta property=\"og:url\" content=\"https:\/\/gooddealersmeds.com\/it\/product\/ordina-apaan-alfa-fenilacetoacetonitrile-online\/\" \/>\n<meta property=\"og:site_name\" content=\"Good Dealers Meds\" \/>\n<meta property=\"article:modified_time\" content=\"2023-03-13T00:07:42+00:00\" \/>\n<meta property=\"og:image\" content=\"https:\/\/gooddealersmeds.com\/it\/wp-content\/uploads\/sites\/7\/2023\/01\/apaan.jpg\" \/>\n\t<meta property=\"og:image:width\" content=\"600\" \/>\n\t<meta property=\"og:image:height\" content=\"600\" \/>\n\t<meta property=\"og:image:type\" content=\"image\/jpeg\" \/>\n<meta name=\"twitter:card\" content=\"summary_large_image\" \/>\n<meta name=\"twitter:label1\" content=\"Est. reading time\" \/>\n\t<meta name=\"twitter:data1\" content=\"2 minutes\" \/>\n<script type=\"application\/ld+json\" class=\"yoast-schema-graph\">{\"@context\":\"https:\\\/\\\/schema.org\",\"@graph\":[{\"@type\":\"WebPage\",\"@id\":\"https:\\\/\\\/gooddealersmeds.com\\\/it\\\/product\\\/ordina-apaan-alfa-fenilacetoacetonitrile-online\\\/\",\"url\":\"https:\\\/\\\/gooddealersmeds.com\\\/it\\\/product\\\/ordina-apaan-alfa-fenilacetoacetonitrile-online\\\/\",\"name\":\"Ordina APAAN online | APAAN in vendita | Acquista APAAN a buon mercat\",\"isPartOf\":{\"@id\":\"https:\\\/\\\/gooddealersmeds.com\\\/it\\\/#website\"},\"primaryImageOfPage\":{\"@id\":\"https:\\\/\\\/gooddealersmeds.com\\\/it\\\/product\\\/ordina-apaan-alfa-fenilacetoacetonitrile-online\\\/#primaryimage\"},\"image\":{\"@id\":\"https:\\\/\\\/gooddealersmeds.com\\\/it\\\/product\\\/ordina-apaan-alfa-fenilacetoacetonitrile-online\\\/#primaryimage\"},\"thumbnailUrl\":\"https:\\\/\\\/gooddealersmeds.com\\\/it\\\/wp-content\\\/uploads\\\/sites\\\/7\\\/2023\\\/01\\\/apaan.jpg\",\"datePublished\":\"2023-01-08T19:06:16+00:00\",\"dateModified\":\"2023-03-13T00:07:42+00:00\",\"description\":\"Ordina APAAN online, siamo un fornitore affidabile e affidabile di APAAN, con consegna rapida100% garantito e affidabile. Acquista APAAN a buon mercato online.\",\"breadcrumb\":{\"@id\":\"https:\\\/\\\/gooddealersmeds.com\\\/it\\\/product\\\/ordina-apaan-alfa-fenilacetoacetonitrile-online\\\/#breadcrumb\"},\"inLanguage\":\"en-US\",\"potentialAction\":[{\"@type\":\"ReadAction\",\"target\":[\"https:\\\/\\\/gooddealersmeds.com\\\/it\\\/product\\\/ordina-apaan-alfa-fenilacetoacetonitrile-online\\\/\"]}]},{\"@type\":\"ImageObject\",\"inLanguage\":\"en-US\",\"@id\":\"https:\\\/\\\/gooddealersmeds.com\\\/it\\\/product\\\/ordina-apaan-alfa-fenilacetoacetonitrile-online\\\/#primaryimage\",\"url\":\"https:\\\/\\\/gooddealersmeds.com\\\/it\\\/wp-content\\\/uploads\\\/sites\\\/7\\\/2023\\\/01\\\/apaan.jpg\",\"contentUrl\":\"https:\\\/\\\/gooddealersmeds.com\\\/it\\\/wp-content\\\/uploads\\\/sites\\\/7\\\/2023\\\/01\\\/apaan.jpg\",\"width\":600,\"height\":600},{\"@type\":\"BreadcrumbList\",\"@id\":\"https:\\\/\\\/gooddealersmeds.com\\\/it\\\/product\\\/ordina-apaan-alfa-fenilacetoacetonitrile-online\\\/#breadcrumb\",\"itemListElement\":[{\"@type\":\"ListItem\",\"position\":1,\"name\":\"Home\",\"item\":\"https:\\\/\\\/gooddealersmeds.com\\\/it\\\/\"},{\"@type\":\"ListItem\",\"position\":2,\"name\":\"Prodotti\",\"item\":\"https:\\\/\\\/gooddealersmeds.com\\\/it\\\/prodotti\\\/\"},{\"@type\":\"ListItem\",\"position\":3,\"name\":\"Ordina APAAN (alfa-fenilacetoacetonitrile) online\"}]},{\"@type\":\"WebSite\",\"@id\":\"https:\\\/\\\/gooddealersmeds.com\\\/it\\\/#website\",\"url\":\"https:\\\/\\\/gooddealersmeds.com\\\/it\\\/\",\"name\":\"Good Dealers Meds\",\"description\":\"All our best\",\"publisher\":{\"@id\":\"https:\\\/\\\/gooddealersmeds.com\\\/it\\\/#organization\"},\"potentialAction\":[{\"@type\":\"SearchAction\",\"target\":{\"@type\":\"EntryPoint\",\"urlTemplate\":\"https:\\\/\\\/gooddealersmeds.com\\\/it\\\/?s={search_term_string}\"},\"query-input\":{\"@type\":\"PropertyValueSpecification\",\"valueRequired\":true,\"valueName\":\"search_term_string\"}}],\"inLanguage\":\"en-US\"},{\"@type\":\"Organization\",\"@id\":\"https:\\\/\\\/gooddealersmeds.com\\\/it\\\/#organization\",\"name\":\"Good Dealers Meds\",\"url\":\"https:\\\/\\\/gooddealersmeds.com\\\/it\\\/\",\"logo\":{\"@type\":\"ImageObject\",\"inLanguage\":\"en-US\",\"@id\":\"https:\\\/\\\/gooddealersmeds.com\\\/it\\\/#\\\/schema\\\/logo\\\/image\\\/\",\"url\":\"https:\\\/\\\/gooddealersmeds.com\\\/it\\\/wp-content\\\/uploads\\\/sites\\\/7\\\/2022\\\/03\\\/gooddealersmeds__logo__20220317T222800Z.00.png\",\"contentUrl\":\"https:\\\/\\\/gooddealersmeds.com\\\/it\\\/wp-content\\\/uploads\\\/sites\\\/7\\\/2022\\\/03\\\/gooddealersmeds__logo__20220317T222800Z.00.png\",\"width\":500,\"height\":325,\"caption\":\"Good Dealers Meds\"},\"image\":{\"@id\":\"https:\\\/\\\/gooddealersmeds.com\\\/it\\\/#\\\/schema\\\/logo\\\/image\\\/\"}}]}<\/script>\n<!-- \/ Yoast SEO Premium plugin. -->","yoast_head_json":{"title":"Ordina APAAN online | APAAN in vendita | Acquista APAAN a buon mercat","description":"Ordina APAAN online, siamo un fornitore affidabile e affidabile di APAAN, con consegna rapida100% garantito e affidabile. Acquista APAAN a buon mercato online.","robots":{"index":"index","follow":"follow","max-snippet":"max-snippet:-1","max-image-preview":"max-image-preview:large","max-video-preview":"max-video-preview:-1"},"canonical":"https:\/\/gooddealersmeds.com\/it\/product\/ordina-apaan-alfa-fenilacetoacetonitrile-online\/","og_locale":"en_US","og_type":"article","og_title":"Ordina APAAN (alfa-fenilacetoacetonitrile) online","og_description":"Ordina APAAN online, siamo un fornitore affidabile e affidabile di APAAN, con consegna rapida100% garantito e affidabile. Acquista APAAN a buon mercato online.","og_url":"https:\/\/gooddealersmeds.com\/it\/product\/ordina-apaan-alfa-fenilacetoacetonitrile-online\/","og_site_name":"Good Dealers Meds","article_modified_time":"2023-03-13T00:07:42+00:00","og_image":[{"width":600,"height":600,"url":"https:\/\/gooddealersmeds.com\/it\/wp-content\/uploads\/sites\/7\/2023\/01\/apaan.jpg","type":"image\/jpeg"}],"twitter_card":"summary_large_image","twitter_misc":{"Est. reading time":"2 minutes"},"schema":{"@context":"https:\/\/schema.org","@graph":[{"@type":"WebPage","@id":"https:\/\/gooddealersmeds.com\/it\/product\/ordina-apaan-alfa-fenilacetoacetonitrile-online\/","url":"https:\/\/gooddealersmeds.com\/it\/product\/ordina-apaan-alfa-fenilacetoacetonitrile-online\/","name":"Ordina APAAN online | APAAN in vendita | Acquista APAAN a buon mercat","isPartOf":{"@id":"https:\/\/gooddealersmeds.com\/it\/#website"},"primaryImageOfPage":{"@id":"https:\/\/gooddealersmeds.com\/it\/product\/ordina-apaan-alfa-fenilacetoacetonitrile-online\/#primaryimage"},"image":{"@id":"https:\/\/gooddealersmeds.com\/it\/product\/ordina-apaan-alfa-fenilacetoacetonitrile-online\/#primaryimage"},"thumbnailUrl":"https:\/\/gooddealersmeds.com\/it\/wp-content\/uploads\/sites\/7\/2023\/01\/apaan.jpg","datePublished":"2023-01-08T19:06:16+00:00","dateModified":"2023-03-13T00:07:42+00:00","description":"Ordina APAAN online, siamo un fornitore affidabile e affidabile di APAAN, con consegna rapida100% garantito e affidabile. Acquista APAAN a buon mercato online.","breadcrumb":{"@id":"https:\/\/gooddealersmeds.com\/it\/product\/ordina-apaan-alfa-fenilacetoacetonitrile-online\/#breadcrumb"},"inLanguage":"en-US","potentialAction":[{"@type":"ReadAction","target":["https:\/\/gooddealersmeds.com\/it\/product\/ordina-apaan-alfa-fenilacetoacetonitrile-online\/"]}]},{"@type":"ImageObject","inLanguage":"en-US","@id":"https:\/\/gooddealersmeds.com\/it\/product\/ordina-apaan-alfa-fenilacetoacetonitrile-online\/#primaryimage","url":"https:\/\/gooddealersmeds.com\/it\/wp-content\/uploads\/sites\/7\/2023\/01\/apaan.jpg","contentUrl":"https:\/\/gooddealersmeds.com\/it\/wp-content\/uploads\/sites\/7\/2023\/01\/apaan.jpg","width":600,"height":600},{"@type":"BreadcrumbList","@id":"https:\/\/gooddealersmeds.com\/it\/product\/ordina-apaan-alfa-fenilacetoacetonitrile-online\/#breadcrumb","itemListElement":[{"@type":"ListItem","position":1,"name":"Home","item":"https:\/\/gooddealersmeds.com\/it\/"},{"@type":"ListItem","position":2,"name":"Prodotti","item":"https:\/\/gooddealersmeds.com\/it\/prodotti\/"},{"@type":"ListItem","position":3,"name":"Ordina APAAN (alfa-fenilacetoacetonitrile) online"}]},{"@type":"WebSite","@id":"https:\/\/gooddealersmeds.com\/it\/#website","url":"https:\/\/gooddealersmeds.com\/it\/","name":"Good Dealers Meds","description":"All our best","publisher":{"@id":"https:\/\/gooddealersmeds.com\/it\/#organization"},"potentialAction":[{"@type":"SearchAction","target":{"@type":"EntryPoint","urlTemplate":"https:\/\/gooddealersmeds.com\/it\/?s={search_term_string}"},"query-input":{"@type":"PropertyValueSpecification","valueRequired":true,"valueName":"search_term_string"}}],"inLanguage":"en-US"},{"@type":"Organization","@id":"https:\/\/gooddealersmeds.com\/it\/#organization","name":"Good Dealers Meds","url":"https:\/\/gooddealersmeds.com\/it\/","logo":{"@type":"ImageObject","inLanguage":"en-US","@id":"https:\/\/gooddealersmeds.com\/it\/#\/schema\/logo\/image\/","url":"https:\/\/gooddealersmeds.com\/it\/wp-content\/uploads\/sites\/7\/2022\/03\/gooddealersmeds__logo__20220317T222800Z.00.png","contentUrl":"https:\/\/gooddealersmeds.com\/it\/wp-content\/uploads\/sites\/7\/2022\/03\/gooddealersmeds__logo__20220317T222800Z.00.png","width":500,"height":325,"caption":"Good Dealers Meds"},"image":{"@id":"https:\/\/gooddealersmeds.com\/it\/#\/schema\/logo\/image\/"}}]}},"_links":{"self":[{"href":"https:\/\/gooddealersmeds.com\/it\/wp-json\/wp\/v2\/product\/2219","targetHints":{"allow":["GET"]}}],"collection":[{"href":"https:\/\/gooddealersmeds.com\/it\/wp-json\/wp\/v2\/product"}],"about":[{"href":"https:\/\/gooddealersmeds.com\/it\/wp-json\/wp\/v2\/types\/product"}],"replies":[{"embeddable":true,"href":"https:\/\/gooddealersmeds.com\/it\/wp-json\/wp\/v2\/comments?post=2219"}],"wp:featuredmedia":[{"embeddable":true,"href":"https:\/\/gooddealersmeds.com\/it\/wp-json\/wp\/v2\/media\/2249"}],"wp:attachment":[{"href":"https:\/\/gooddealersmeds.com\/it\/wp-json\/wp\/v2\/media?parent=2219"}],"wp:term":[{"taxonomy":"product_brand","embeddable":true,"href":"https:\/\/gooddealersmeds.com\/it\/wp-json\/wp\/v2\/product_brand?post=2219"},{"taxonomy":"product_cat","embeddable":true,"href":"https:\/\/gooddealersmeds.com\/it\/wp-json\/wp\/v2\/product_cat?post=2219"},{"taxonomy":"product_tag","embeddable":true,"href":"https:\/\/gooddealersmeds.com\/it\/wp-json\/wp\/v2\/product_tag?post=2219"}],"curies":[{"name":"wp","href":"https:\/\/api.w.org\/{rel}","templated":true}]}}