{"id":2218,"date":"2023-01-08T19:06:15","date_gmt":"2023-01-08T19:06:15","guid":{"rendered":"https:\/\/gooddealersmeds.com\/it\/?post_type=product&#038;p=2218"},"modified":"2023-03-13T00:21:02","modified_gmt":"2023-03-13T00:21:02","slug":"liquido-fenilacetone-in-vendita","status":"publish","type":"product","link":"https:\/\/gooddealersmeds.com\/it\/product\/liquido-fenilacetone-in-vendita\/","title":{"rendered":"Liquido fenilacetone in vendita"},"content":{"rendered":"<h2>Acquista fenilacetone online &#8211; Liquido fenilacetone in vendita<\/h2>\n<p>Il benzilmetilchetone (fenilacetone) \u00e8 un composto organico con la formula chimica C6H5CH2COCH3. Fenilacetone liquido in vendita, inoltre \u00e8 un olio incolore solubile in solventi organici. Inoltre questa sostanza \u00e8 utilizzata nella produzione di metanfetamine e anfetamine, dove \u00e8 comunemente nota come\u00a0<a href=\"https:\/\/en.wikipedia.org\/wiki\/Phenylacetone\">P2P<\/a>. Anche il precursore pi\u00f9 popolare dell&#8217;anfetamina e della metanfetamina \u00e8 il fenil-2-propanone o\u00a0fenilacetone. Inoltre esiste un&#8217;incredibile gamma di vie sintetiche verso questo composto, sia per la struttura relativamente semplice del composto, sia per la sua popolarit\u00e0. Infine, molte delle sintesi possono anche essere modificate per produrre fenil-2-propanoni sostituiti, come il sempre popolare precursore dell&#8217;MDMA MDP2P (3,4-metilendiossifenil-2-propanone) utilizzando materiali di partenza con i desiderabili sostituenti aromatici.<\/p>\n<p>Ordine fenilacetone<br \/>\nDove posso acquistare fenilacetone<br \/>\nFenilacetone in vendita<br \/>\nFenilacetone<br \/>\nacquistare fenilacetone online<br \/>\nFenilacetone acquista qui<br \/>\nordina il fenilacetone online<br \/>\nFenilacetone economico in vendita<br \/>\nFenilacetone qui<br \/>\nFenilacetone vicino a me<br \/>\nFenilacetone dove ordinare<br \/>\nDistributore di fenilacetone<br \/>\nordinare il fenilacetone online<br \/>\nAcquistare fenilacetone online<br \/>\n\u00e8 legale il fenilacetone<br \/>\nFornitore legittimo di fenilacetone<\/p>\n<p>&nbsp;<\/p>\n<p>Siamo determinanti nel fornire ai nostri preziosi clienti fenilacetone di eccellente qualit\u00e0 che \u00e8 disponibile con le seguenti specifiche:-<br \/>\nCAS:103-79-7<br \/>\nFormula molecolare: C9H10O<br \/>\nFormula Peso: 134.18<\/p>\n<p>Quando il 2-nitro-1-fenilpropano \u00e8 stato trattato con microsomi di fegato di coniglio, si \u00e8 scoperto che il fenilacetone era il principale metabolita prodotto. L&#8217;aumento del prodotto con proteine microsomiali e la dipendenza da NADPH e ossigeno sono serviti come prova che il processo era enzimatico. Inoltre, l&#8217;induzione del fenobarbital ha aumentato significativamente la produzione di fenilacetone. Il processo \u00e8 stato inibito dal monossido di carbonio, che indica la presenza di un metalloenzima. H2(18)O esperimenti hanno dimostrato che l&#8217;ossigeno carbonilico proveniva dall&#8217;acqua. Si ipotizza che un processo enzimatico preceda l&#8217;idrolisi chimica di un intermedio, probabilmente un acido nitronico secondario, nel metabolismo microsomiale del 2-nitro-1-fenilpropano.<\/p>\n","protected":false},"excerpt":{"rendered":"<p>Siamo i migliori fornitori di fenilacetone a prezzi convenienti e garantiamo la consegna. Ordina la migliore qualit\u00e0, fenilacetone liquido in vendita.<\/p>\n","protected":false},"featured_media":2248,"comment_status":"open","ping_status":"closed","template":"","meta":{"inline_featured_image":false},"product_brand":[],"product_cat":[344],"product_tag":[662,661,663,659,658,660,674,666,675,676,665,673,667,668,672,669,670,664,631,671],"class_list":{"0":"post-2218","1":"product","2":"type-product","3":"status-publish","4":"has-post-thumbnail","6":"product_cat-ricerca-prodotti-chimici","7":"product_tag-come-fare-fenilacetone","8":"product_tag-come-ottenere-fenilacetone","9":"product_tag-come-preparare-fenilacetone","10":"product_tag-comprare-cristallo-di-fenilacetone","11":"product_tag-comprare-fenilacetone","12":"product_tag-comprare-fenilacetone-liquido","13":"product_tag-cose-il-fenilacetone","14":"product_tag-cristallo-di-fenilacetone","15":"product_tag-dove-posso-acquistare-il-fenilacetone","16":"product_tag-dove-posso-ordinare-il-fenilacetone","17":"product_tag-fenilacetone-e-metilammina","18":"product_tag-fenilacetone-in-meth","19":"product_tag-fenilacetone-in-vendita","20":"product_tag-fornitore-legittimo-di-fenilacetone","21":"product_tag-fornitori-di-fenilacetone","22":"product_tag-liquido-fenilacetone","23":"product_tag-liquido-fenilacetone-in-vendita","24":"product_tag-ordinare-fenilacetone-online","25":"product_tag-p2p","26":"product_tag-prezzo-fenilacetone","28":"first","29":"instock","30":"shipping-taxable","31":"purchasable","32":"product-type-variable","33":"has-default-attributes"},"yoast_head":"<!-- This site is optimized with the Yoast SEO Premium plugin v20.6 (Yoast SEO v27.3) - https:\/\/yoast.com\/product\/yoast-seo-premium-wordpress\/ -->\n<title>Liquido fenilacetone in vendita | Fenilacetone | Acquista fenilacetone qui<\/title>\n<meta name=\"description\" content=\"Siamo i migliori fornitori di fenilacetone a prezzi convenienti e garantiamo la consegna. Ordina la migliore qualit\u00e0, fenilacetone liquido in vendita.\" \/>\n<meta name=\"robots\" content=\"index, follow, max-snippet:-1, max-image-preview:large, max-video-preview:-1\" \/>\n<link rel=\"canonical\" href=\"https:\/\/gooddealersmeds.com\/it\/product\/liquido-fenilacetone-in-vendita\/\" \/>\n<meta property=\"og:locale\" content=\"en_US\" \/>\n<meta property=\"og:type\" content=\"article\" \/>\n<meta property=\"og:title\" content=\"Liquido fenilacetone in vendita\" \/>\n<meta property=\"og:description\" content=\"Siamo i migliori fornitori di fenilacetone a prezzi convenienti e garantiamo la consegna. Ordina la migliore qualit\u00e0, fenilacetone liquido in vendita.\" \/>\n<meta property=\"og:url\" content=\"https:\/\/gooddealersmeds.com\/it\/product\/liquido-fenilacetone-in-vendita\/\" \/>\n<meta property=\"og:site_name\" content=\"Good Dealers Meds\" \/>\n<meta property=\"article:modified_time\" content=\"2023-03-13T00:21:02+00:00\" \/>\n<meta property=\"og:image\" content=\"https:\/\/gooddealersmeds.com\/it\/wp-content\/uploads\/sites\/7\/2023\/01\/Phenylacetone-Liquid.jpg\" \/>\n\t<meta property=\"og:image:width\" content=\"600\" \/>\n\t<meta property=\"og:image:height\" content=\"600\" \/>\n\t<meta property=\"og:image:type\" content=\"image\/jpeg\" \/>\n<meta name=\"twitter:card\" content=\"summary_large_image\" \/>\n<meta name=\"twitter:label1\" content=\"Est. reading time\" \/>\n\t<meta name=\"twitter:data1\" content=\"2 minutes\" \/>\n<script type=\"application\/ld+json\" class=\"yoast-schema-graph\">{\"@context\":\"https:\\\/\\\/schema.org\",\"@graph\":[{\"@type\":\"WebPage\",\"@id\":\"https:\\\/\\\/gooddealersmeds.com\\\/it\\\/product\\\/liquido-fenilacetone-in-vendita\\\/\",\"url\":\"https:\\\/\\\/gooddealersmeds.com\\\/it\\\/product\\\/liquido-fenilacetone-in-vendita\\\/\",\"name\":\"Liquido fenilacetone in vendita | Fenilacetone | Acquista fenilacetone qui\",\"isPartOf\":{\"@id\":\"https:\\\/\\\/gooddealersmeds.com\\\/it\\\/#website\"},\"primaryImageOfPage\":{\"@id\":\"https:\\\/\\\/gooddealersmeds.com\\\/it\\\/product\\\/liquido-fenilacetone-in-vendita\\\/#primaryimage\"},\"image\":{\"@id\":\"https:\\\/\\\/gooddealersmeds.com\\\/it\\\/product\\\/liquido-fenilacetone-in-vendita\\\/#primaryimage\"},\"thumbnailUrl\":\"https:\\\/\\\/gooddealersmeds.com\\\/it\\\/wp-content\\\/uploads\\\/sites\\\/7\\\/2023\\\/01\\\/Phenylacetone-Liquid.jpg\",\"datePublished\":\"2023-01-08T19:06:15+00:00\",\"dateModified\":\"2023-03-13T00:21:02+00:00\",\"description\":\"Siamo i migliori fornitori di fenilacetone a prezzi convenienti e garantiamo la consegna. Ordina la migliore qualit\u00e0, fenilacetone liquido in vendita.\",\"breadcrumb\":{\"@id\":\"https:\\\/\\\/gooddealersmeds.com\\\/it\\\/product\\\/liquido-fenilacetone-in-vendita\\\/#breadcrumb\"},\"inLanguage\":\"en-US\",\"potentialAction\":[{\"@type\":\"ReadAction\",\"target\":[\"https:\\\/\\\/gooddealersmeds.com\\\/it\\\/product\\\/liquido-fenilacetone-in-vendita\\\/\"]}]},{\"@type\":\"ImageObject\",\"inLanguage\":\"en-US\",\"@id\":\"https:\\\/\\\/gooddealersmeds.com\\\/it\\\/product\\\/liquido-fenilacetone-in-vendita\\\/#primaryimage\",\"url\":\"https:\\\/\\\/gooddealersmeds.com\\\/it\\\/wp-content\\\/uploads\\\/sites\\\/7\\\/2023\\\/01\\\/Phenylacetone-Liquid.jpg\",\"contentUrl\":\"https:\\\/\\\/gooddealersmeds.com\\\/it\\\/wp-content\\\/uploads\\\/sites\\\/7\\\/2023\\\/01\\\/Phenylacetone-Liquid.jpg\",\"width\":600,\"height\":600},{\"@type\":\"BreadcrumbList\",\"@id\":\"https:\\\/\\\/gooddealersmeds.com\\\/it\\\/product\\\/liquido-fenilacetone-in-vendita\\\/#breadcrumb\",\"itemListElement\":[{\"@type\":\"ListItem\",\"position\":1,\"name\":\"Home\",\"item\":\"https:\\\/\\\/gooddealersmeds.com\\\/it\\\/\"},{\"@type\":\"ListItem\",\"position\":2,\"name\":\"Prodotti\",\"item\":\"https:\\\/\\\/gooddealersmeds.com\\\/it\\\/prodotti\\\/\"},{\"@type\":\"ListItem\",\"position\":3,\"name\":\"Liquido fenilacetone in vendita\"}]},{\"@type\":\"WebSite\",\"@id\":\"https:\\\/\\\/gooddealersmeds.com\\\/it\\\/#website\",\"url\":\"https:\\\/\\\/gooddealersmeds.com\\\/it\\\/\",\"name\":\"Good Dealers Meds\",\"description\":\"All our best\",\"publisher\":{\"@id\":\"https:\\\/\\\/gooddealersmeds.com\\\/it\\\/#organization\"},\"potentialAction\":[{\"@type\":\"SearchAction\",\"target\":{\"@type\":\"EntryPoint\",\"urlTemplate\":\"https:\\\/\\\/gooddealersmeds.com\\\/it\\\/?s={search_term_string}\"},\"query-input\":{\"@type\":\"PropertyValueSpecification\",\"valueRequired\":true,\"valueName\":\"search_term_string\"}}],\"inLanguage\":\"en-US\"},{\"@type\":\"Organization\",\"@id\":\"https:\\\/\\\/gooddealersmeds.com\\\/it\\\/#organization\",\"name\":\"Good Dealers Meds\",\"url\":\"https:\\\/\\\/gooddealersmeds.com\\\/it\\\/\",\"logo\":{\"@type\":\"ImageObject\",\"inLanguage\":\"en-US\",\"@id\":\"https:\\\/\\\/gooddealersmeds.com\\\/it\\\/#\\\/schema\\\/logo\\\/image\\\/\",\"url\":\"https:\\\/\\\/gooddealersmeds.com\\\/it\\\/wp-content\\\/uploads\\\/sites\\\/7\\\/2022\\\/03\\\/gooddealersmeds__logo__20220317T222800Z.00.png\",\"contentUrl\":\"https:\\\/\\\/gooddealersmeds.com\\\/it\\\/wp-content\\\/uploads\\\/sites\\\/7\\\/2022\\\/03\\\/gooddealersmeds__logo__20220317T222800Z.00.png\",\"width\":500,\"height\":325,\"caption\":\"Good Dealers Meds\"},\"image\":{\"@id\":\"https:\\\/\\\/gooddealersmeds.com\\\/it\\\/#\\\/schema\\\/logo\\\/image\\\/\"}}]}<\/script>\n<!-- \/ Yoast SEO Premium plugin. -->","yoast_head_json":{"title":"Liquido fenilacetone in vendita | Fenilacetone | Acquista fenilacetone qui","description":"Siamo i migliori fornitori di fenilacetone a prezzi convenienti e garantiamo la consegna. Ordina la migliore qualit\u00e0, fenilacetone liquido in vendita.","robots":{"index":"index","follow":"follow","max-snippet":"max-snippet:-1","max-image-preview":"max-image-preview:large","max-video-preview":"max-video-preview:-1"},"canonical":"https:\/\/gooddealersmeds.com\/it\/product\/liquido-fenilacetone-in-vendita\/","og_locale":"en_US","og_type":"article","og_title":"Liquido fenilacetone in vendita","og_description":"Siamo i migliori fornitori di fenilacetone a prezzi convenienti e garantiamo la consegna. Ordina la migliore qualit\u00e0, fenilacetone liquido in vendita.","og_url":"https:\/\/gooddealersmeds.com\/it\/product\/liquido-fenilacetone-in-vendita\/","og_site_name":"Good Dealers Meds","article_modified_time":"2023-03-13T00:21:02+00:00","og_image":[{"width":600,"height":600,"url":"https:\/\/gooddealersmeds.com\/it\/wp-content\/uploads\/sites\/7\/2023\/01\/Phenylacetone-Liquid.jpg","type":"image\/jpeg"}],"twitter_card":"summary_large_image","twitter_misc":{"Est. reading time":"2 minutes"},"schema":{"@context":"https:\/\/schema.org","@graph":[{"@type":"WebPage","@id":"https:\/\/gooddealersmeds.com\/it\/product\/liquido-fenilacetone-in-vendita\/","url":"https:\/\/gooddealersmeds.com\/it\/product\/liquido-fenilacetone-in-vendita\/","name":"Liquido fenilacetone in vendita | Fenilacetone | Acquista fenilacetone qui","isPartOf":{"@id":"https:\/\/gooddealersmeds.com\/it\/#website"},"primaryImageOfPage":{"@id":"https:\/\/gooddealersmeds.com\/it\/product\/liquido-fenilacetone-in-vendita\/#primaryimage"},"image":{"@id":"https:\/\/gooddealersmeds.com\/it\/product\/liquido-fenilacetone-in-vendita\/#primaryimage"},"thumbnailUrl":"https:\/\/gooddealersmeds.com\/it\/wp-content\/uploads\/sites\/7\/2023\/01\/Phenylacetone-Liquid.jpg","datePublished":"2023-01-08T19:06:15+00:00","dateModified":"2023-03-13T00:21:02+00:00","description":"Siamo i migliori fornitori di fenilacetone a prezzi convenienti e garantiamo la consegna. Ordina la migliore qualit\u00e0, fenilacetone liquido in vendita.","breadcrumb":{"@id":"https:\/\/gooddealersmeds.com\/it\/product\/liquido-fenilacetone-in-vendita\/#breadcrumb"},"inLanguage":"en-US","potentialAction":[{"@type":"ReadAction","target":["https:\/\/gooddealersmeds.com\/it\/product\/liquido-fenilacetone-in-vendita\/"]}]},{"@type":"ImageObject","inLanguage":"en-US","@id":"https:\/\/gooddealersmeds.com\/it\/product\/liquido-fenilacetone-in-vendita\/#primaryimage","url":"https:\/\/gooddealersmeds.com\/it\/wp-content\/uploads\/sites\/7\/2023\/01\/Phenylacetone-Liquid.jpg","contentUrl":"https:\/\/gooddealersmeds.com\/it\/wp-content\/uploads\/sites\/7\/2023\/01\/Phenylacetone-Liquid.jpg","width":600,"height":600},{"@type":"BreadcrumbList","@id":"https:\/\/gooddealersmeds.com\/it\/product\/liquido-fenilacetone-in-vendita\/#breadcrumb","itemListElement":[{"@type":"ListItem","position":1,"name":"Home","item":"https:\/\/gooddealersmeds.com\/it\/"},{"@type":"ListItem","position":2,"name":"Prodotti","item":"https:\/\/gooddealersmeds.com\/it\/prodotti\/"},{"@type":"ListItem","position":3,"name":"Liquido fenilacetone in vendita"}]},{"@type":"WebSite","@id":"https:\/\/gooddealersmeds.com\/it\/#website","url":"https:\/\/gooddealersmeds.com\/it\/","name":"Good Dealers Meds","description":"All our best","publisher":{"@id":"https:\/\/gooddealersmeds.com\/it\/#organization"},"potentialAction":[{"@type":"SearchAction","target":{"@type":"EntryPoint","urlTemplate":"https:\/\/gooddealersmeds.com\/it\/?s={search_term_string}"},"query-input":{"@type":"PropertyValueSpecification","valueRequired":true,"valueName":"search_term_string"}}],"inLanguage":"en-US"},{"@type":"Organization","@id":"https:\/\/gooddealersmeds.com\/it\/#organization","name":"Good Dealers Meds","url":"https:\/\/gooddealersmeds.com\/it\/","logo":{"@type":"ImageObject","inLanguage":"en-US","@id":"https:\/\/gooddealersmeds.com\/it\/#\/schema\/logo\/image\/","url":"https:\/\/gooddealersmeds.com\/it\/wp-content\/uploads\/sites\/7\/2022\/03\/gooddealersmeds__logo__20220317T222800Z.00.png","contentUrl":"https:\/\/gooddealersmeds.com\/it\/wp-content\/uploads\/sites\/7\/2022\/03\/gooddealersmeds__logo__20220317T222800Z.00.png","width":500,"height":325,"caption":"Good Dealers Meds"},"image":{"@id":"https:\/\/gooddealersmeds.com\/it\/#\/schema\/logo\/image\/"}}]}},"_links":{"self":[{"href":"https:\/\/gooddealersmeds.com\/it\/wp-json\/wp\/v2\/product\/2218","targetHints":{"allow":["GET"]}}],"collection":[{"href":"https:\/\/gooddealersmeds.com\/it\/wp-json\/wp\/v2\/product"}],"about":[{"href":"https:\/\/gooddealersmeds.com\/it\/wp-json\/wp\/v2\/types\/product"}],"replies":[{"embeddable":true,"href":"https:\/\/gooddealersmeds.com\/it\/wp-json\/wp\/v2\/comments?post=2218"}],"wp:featuredmedia":[{"embeddable":true,"href":"https:\/\/gooddealersmeds.com\/it\/wp-json\/wp\/v2\/media\/2248"}],"wp:attachment":[{"href":"https:\/\/gooddealersmeds.com\/it\/wp-json\/wp\/v2\/media?parent=2218"}],"wp:term":[{"taxonomy":"product_brand","embeddable":true,"href":"https:\/\/gooddealersmeds.com\/it\/wp-json\/wp\/v2\/product_brand?post=2218"},{"taxonomy":"product_cat","embeddable":true,"href":"https:\/\/gooddealersmeds.com\/it\/wp-json\/wp\/v2\/product_cat?post=2218"},{"taxonomy":"product_tag","embeddable":true,"href":"https:\/\/gooddealersmeds.com\/it\/wp-json\/wp\/v2\/product_tag?post=2218"}],"curies":[{"name":"wp","href":"https:\/\/api.w.org\/{rel}","templated":true}]}}