{"id":2217,"date":"2023-01-08T19:06:15","date_gmt":"2023-01-08T19:06:15","guid":{"rendered":"https:\/\/gooddealersmeds.com\/it\/?post_type=product&#038;p=2217"},"modified":"2023-03-13T00:19:52","modified_gmt":"2023-03-13T00:19:52","slug":"acquista-olio-pmk-piperonil-metil-chetone","status":"publish","type":"product","link":"https:\/\/gooddealersmeds.com\/it\/product\/acquista-olio-pmk-piperonil-metil-chetone\/","title":{"rendered":"Acquista olio PMK (piperonil metil chetone)."},"content":{"rendered":"<h2>Acquista olio PMK (Piperonyl Methyl Ketone) online<\/h2>\n<p>Acquista olio PMK (<a href=\"https:\/\/gooddealersmeds.com\/it\/product\/acquista-olio-pmk-piperonil-metil-chetone\/\">piperonil metil chetone<\/a>)\u00a0online. 3,4-Metilendiossifenilpropan-2-one o piperonil metil chetone (MDP2P o PMK) \u00e8 un composto chimico costituito da una porzione di fenilacetone sostituita con un gruppo funzionale metilendiossi. Di solito \u00e8 sintetizzato dal safrolo (al contrario del 3-[3,4-(metilendiossi)fenil]-2-propene) o dall&#8217;isomero isosafrolo mediante ossidazione utilizzando il metodo di ossidazione di Wacker o l&#8217;ossidazione del perossiacido. MDP2P \u00e8 instabile a temperatura ambiente e deve essere posto nel congelatore per una corretta conservazione.<\/p>\n<p>MDP2P \u00e8 un precursore nella sintesi chimica della classe di composti metilendiossifenetilammina (MDxx), di cui un classico esempio \u00e8 la 3,4-metilendiossi-N-metilanfetamina (MDMA), ed \u00e8 anche un intermedio tra la famiglia MDxx e la pi\u00f9 lontana precursore, safrolo o isosafrolo. A causa delle sue assegnazioni alle classi chimiche MDxx, MDP2P, nonch\u00e9 safrolo e isosafrolo, \u00e8 elencato nelle sostanze chimiche della Tabella I ai sensi del Controlled Substances Act (USAA) della United States Drug Administration che dirige le sostanze chimiche e la legge sui prodotti chimici. Tratta di persone (CDTA). \u00c8 anche considerato un materiale di partenza di categoria 1 nell&#8217;Unione europea.<\/p>\n<p>&nbsp;<\/p>\n<p>3, 4-Metilendiossifenilpropan-2-one<br \/>\nPMK<br \/>\nMDP2P<br \/>\nNSC 16688<br \/>\nPVI-2<\/p>\n<h3>Dove puoi ordinare PMK?<\/h3>\n<p>Ti sei appena svegliato forse di notte e la tua mente \u00e8 rimasta incantata da un buon pensiero: \u201cposso fare la mia molly\/ecstasy? Beh, puoi, ma \u00e8 difficile di quanto pensi. Hai bisogno di alcuni precursori come PMK per farlo O forse non vuoi che PMK produca MDMA? Lo vuoi per scopi di ricerca o cose del genere. Dove puoi comprarlo? O dove otterrai <a href=\"https:\/\/en.wikipedia.org\/wiki\/JWH-250\">PMK<\/a>?<\/p>\n","protected":false},"excerpt":{"rendered":"<p>Acquista olio PMK online, siamo un fornitore affidabile e affidabile di olio PMK (piperonil metil chetone), con consegna rapida garantita al 100% e amp; di fiducia.<\/p>\n","protected":false},"featured_media":2247,"comment_status":"open","ping_status":"closed","template":"","meta":{"inline_featured_image":false},"product_brand":[],"product_cat":[344],"product_tag":[],"class_list":{"0":"post-2217","1":"product","2":"type-product","3":"status-publish","4":"has-post-thumbnail","6":"product_cat-ricerca-prodotti-chimici","8":"first","9":"instock","10":"shipping-taxable","11":"purchasable","12":"product-type-variable","13":"has-default-attributes"},"yoast_head":"<!-- This site is optimized with the Yoast SEO Premium plugin v20.6 (Yoast SEO v27.3) - https:\/\/yoast.com\/product\/yoast-seo-premium-wordpress\/ -->\n<title>Acquista olio PMK online | Ordina l&#039;olio PMK (Piperonyl Methyl Ketone)<\/title>\n<meta name=\"description\" content=\"Acquista olio PMK online, siamo un fornitore affidabile e affidabile di olio PMK (piperonil metil chetone), con consegna rapida garantita al 100% e affidabile.\" \/>\n<meta name=\"robots\" content=\"index, follow, max-snippet:-1, max-image-preview:large, max-video-preview:-1\" \/>\n<link rel=\"canonical\" href=\"https:\/\/gooddealersmeds.com\/it\/product\/acquista-olio-pmk-piperonil-metil-chetone\/\" \/>\n<meta property=\"og:locale\" content=\"en_US\" \/>\n<meta property=\"og:type\" content=\"article\" \/>\n<meta property=\"og:title\" content=\"Acquista olio PMK (piperonil metil chetone).\" \/>\n<meta property=\"og:description\" content=\"Acquista olio PMK online, siamo un fornitore affidabile e affidabile di olio PMK (piperonil metil chetone), con consegna rapida garantita al 100% e affidabile.\" \/>\n<meta property=\"og:url\" content=\"https:\/\/gooddealersmeds.com\/it\/product\/acquista-olio-pmk-piperonil-metil-chetone\/\" \/>\n<meta property=\"og:site_name\" content=\"Good Dealers Meds\" \/>\n<meta property=\"article:modified_time\" content=\"2023-03-13T00:19:52+00:00\" \/>\n<meta property=\"og:image\" content=\"https:\/\/gooddealersmeds.com\/it\/wp-content\/uploads\/sites\/7\/2023\/01\/PMK-Piperonyl-Methyl-Ketone-Oil-1.jpg\" \/>\n\t<meta property=\"og:image:width\" content=\"600\" \/>\n\t<meta property=\"og:image:height\" content=\"600\" \/>\n\t<meta property=\"og:image:type\" content=\"image\/jpeg\" \/>\n<meta name=\"twitter:card\" content=\"summary_large_image\" \/>\n<meta name=\"twitter:label1\" content=\"Est. reading time\" \/>\n\t<meta name=\"twitter:data1\" content=\"1 minute\" \/>\n<script type=\"application\/ld+json\" class=\"yoast-schema-graph\">{\"@context\":\"https:\\\/\\\/schema.org\",\"@graph\":[{\"@type\":\"WebPage\",\"@id\":\"https:\\\/\\\/gooddealersmeds.com\\\/it\\\/product\\\/acquista-olio-pmk-piperonil-metil-chetone\\\/\",\"url\":\"https:\\\/\\\/gooddealersmeds.com\\\/it\\\/product\\\/acquista-olio-pmk-piperonil-metil-chetone\\\/\",\"name\":\"Acquista olio PMK online | Ordina l'olio PMK (Piperonyl Methyl Ketone)\",\"isPartOf\":{\"@id\":\"https:\\\/\\\/gooddealersmeds.com\\\/it\\\/#website\"},\"primaryImageOfPage\":{\"@id\":\"https:\\\/\\\/gooddealersmeds.com\\\/it\\\/product\\\/acquista-olio-pmk-piperonil-metil-chetone\\\/#primaryimage\"},\"image\":{\"@id\":\"https:\\\/\\\/gooddealersmeds.com\\\/it\\\/product\\\/acquista-olio-pmk-piperonil-metil-chetone\\\/#primaryimage\"},\"thumbnailUrl\":\"https:\\\/\\\/gooddealersmeds.com\\\/it\\\/wp-content\\\/uploads\\\/sites\\\/7\\\/2023\\\/01\\\/PMK-Piperonyl-Methyl-Ketone-Oil-1.jpg\",\"datePublished\":\"2023-01-08T19:06:15+00:00\",\"dateModified\":\"2023-03-13T00:19:52+00:00\",\"description\":\"Acquista olio PMK online, siamo un fornitore affidabile e affidabile di olio PMK (piperonil metil chetone), con consegna rapida garantita al 100% e affidabile.\",\"breadcrumb\":{\"@id\":\"https:\\\/\\\/gooddealersmeds.com\\\/it\\\/product\\\/acquista-olio-pmk-piperonil-metil-chetone\\\/#breadcrumb\"},\"inLanguage\":\"en-US\",\"potentialAction\":[{\"@type\":\"ReadAction\",\"target\":[\"https:\\\/\\\/gooddealersmeds.com\\\/it\\\/product\\\/acquista-olio-pmk-piperonil-metil-chetone\\\/\"]}]},{\"@type\":\"ImageObject\",\"inLanguage\":\"en-US\",\"@id\":\"https:\\\/\\\/gooddealersmeds.com\\\/it\\\/product\\\/acquista-olio-pmk-piperonil-metil-chetone\\\/#primaryimage\",\"url\":\"https:\\\/\\\/gooddealersmeds.com\\\/it\\\/wp-content\\\/uploads\\\/sites\\\/7\\\/2023\\\/01\\\/PMK-Piperonyl-Methyl-Ketone-Oil-1.jpg\",\"contentUrl\":\"https:\\\/\\\/gooddealersmeds.com\\\/it\\\/wp-content\\\/uploads\\\/sites\\\/7\\\/2023\\\/01\\\/PMK-Piperonyl-Methyl-Ketone-Oil-1.jpg\",\"width\":600,\"height\":600},{\"@type\":\"BreadcrumbList\",\"@id\":\"https:\\\/\\\/gooddealersmeds.com\\\/it\\\/product\\\/acquista-olio-pmk-piperonil-metil-chetone\\\/#breadcrumb\",\"itemListElement\":[{\"@type\":\"ListItem\",\"position\":1,\"name\":\"Home\",\"item\":\"https:\\\/\\\/gooddealersmeds.com\\\/it\\\/\"},{\"@type\":\"ListItem\",\"position\":2,\"name\":\"Prodotti\",\"item\":\"https:\\\/\\\/gooddealersmeds.com\\\/it\\\/prodotti\\\/\"},{\"@type\":\"ListItem\",\"position\":3,\"name\":\"Acquista olio PMK (piperonil metil chetone).\"}]},{\"@type\":\"WebSite\",\"@id\":\"https:\\\/\\\/gooddealersmeds.com\\\/it\\\/#website\",\"url\":\"https:\\\/\\\/gooddealersmeds.com\\\/it\\\/\",\"name\":\"Good Dealers Meds\",\"description\":\"All our best\",\"publisher\":{\"@id\":\"https:\\\/\\\/gooddealersmeds.com\\\/it\\\/#organization\"},\"potentialAction\":[{\"@type\":\"SearchAction\",\"target\":{\"@type\":\"EntryPoint\",\"urlTemplate\":\"https:\\\/\\\/gooddealersmeds.com\\\/it\\\/?s={search_term_string}\"},\"query-input\":{\"@type\":\"PropertyValueSpecification\",\"valueRequired\":true,\"valueName\":\"search_term_string\"}}],\"inLanguage\":\"en-US\"},{\"@type\":\"Organization\",\"@id\":\"https:\\\/\\\/gooddealersmeds.com\\\/it\\\/#organization\",\"name\":\"Good Dealers Meds\",\"url\":\"https:\\\/\\\/gooddealersmeds.com\\\/it\\\/\",\"logo\":{\"@type\":\"ImageObject\",\"inLanguage\":\"en-US\",\"@id\":\"https:\\\/\\\/gooddealersmeds.com\\\/it\\\/#\\\/schema\\\/logo\\\/image\\\/\",\"url\":\"https:\\\/\\\/gooddealersmeds.com\\\/it\\\/wp-content\\\/uploads\\\/sites\\\/7\\\/2022\\\/03\\\/gooddealersmeds__logo__20220317T222800Z.00.png\",\"contentUrl\":\"https:\\\/\\\/gooddealersmeds.com\\\/it\\\/wp-content\\\/uploads\\\/sites\\\/7\\\/2022\\\/03\\\/gooddealersmeds__logo__20220317T222800Z.00.png\",\"width\":500,\"height\":325,\"caption\":\"Good Dealers Meds\"},\"image\":{\"@id\":\"https:\\\/\\\/gooddealersmeds.com\\\/it\\\/#\\\/schema\\\/logo\\\/image\\\/\"}}]}<\/script>\n<!-- \/ Yoast SEO Premium plugin. -->","yoast_head_json":{"title":"Acquista olio PMK online | Ordina l'olio PMK (Piperonyl Methyl Ketone)","description":"Acquista olio PMK online, siamo un fornitore affidabile e affidabile di olio PMK (piperonil metil chetone), con consegna rapida garantita al 100% e affidabile.","robots":{"index":"index","follow":"follow","max-snippet":"max-snippet:-1","max-image-preview":"max-image-preview:large","max-video-preview":"max-video-preview:-1"},"canonical":"https:\/\/gooddealersmeds.com\/it\/product\/acquista-olio-pmk-piperonil-metil-chetone\/","og_locale":"en_US","og_type":"article","og_title":"Acquista olio PMK (piperonil metil chetone).","og_description":"Acquista olio PMK online, siamo un fornitore affidabile e affidabile di olio PMK (piperonil metil chetone), con consegna rapida garantita al 100% e affidabile.","og_url":"https:\/\/gooddealersmeds.com\/it\/product\/acquista-olio-pmk-piperonil-metil-chetone\/","og_site_name":"Good Dealers Meds","article_modified_time":"2023-03-13T00:19:52+00:00","og_image":[{"width":600,"height":600,"url":"https:\/\/gooddealersmeds.com\/it\/wp-content\/uploads\/sites\/7\/2023\/01\/PMK-Piperonyl-Methyl-Ketone-Oil-1.jpg","type":"image\/jpeg"}],"twitter_card":"summary_large_image","twitter_misc":{"Est. reading time":"1 minute"},"schema":{"@context":"https:\/\/schema.org","@graph":[{"@type":"WebPage","@id":"https:\/\/gooddealersmeds.com\/it\/product\/acquista-olio-pmk-piperonil-metil-chetone\/","url":"https:\/\/gooddealersmeds.com\/it\/product\/acquista-olio-pmk-piperonil-metil-chetone\/","name":"Acquista olio PMK online | Ordina l'olio PMK (Piperonyl Methyl Ketone)","isPartOf":{"@id":"https:\/\/gooddealersmeds.com\/it\/#website"},"primaryImageOfPage":{"@id":"https:\/\/gooddealersmeds.com\/it\/product\/acquista-olio-pmk-piperonil-metil-chetone\/#primaryimage"},"image":{"@id":"https:\/\/gooddealersmeds.com\/it\/product\/acquista-olio-pmk-piperonil-metil-chetone\/#primaryimage"},"thumbnailUrl":"https:\/\/gooddealersmeds.com\/it\/wp-content\/uploads\/sites\/7\/2023\/01\/PMK-Piperonyl-Methyl-Ketone-Oil-1.jpg","datePublished":"2023-01-08T19:06:15+00:00","dateModified":"2023-03-13T00:19:52+00:00","description":"Acquista olio PMK online, siamo un fornitore affidabile e affidabile di olio PMK (piperonil metil chetone), con consegna rapida garantita al 100% e affidabile.","breadcrumb":{"@id":"https:\/\/gooddealersmeds.com\/it\/product\/acquista-olio-pmk-piperonil-metil-chetone\/#breadcrumb"},"inLanguage":"en-US","potentialAction":[{"@type":"ReadAction","target":["https:\/\/gooddealersmeds.com\/it\/product\/acquista-olio-pmk-piperonil-metil-chetone\/"]}]},{"@type":"ImageObject","inLanguage":"en-US","@id":"https:\/\/gooddealersmeds.com\/it\/product\/acquista-olio-pmk-piperonil-metil-chetone\/#primaryimage","url":"https:\/\/gooddealersmeds.com\/it\/wp-content\/uploads\/sites\/7\/2023\/01\/PMK-Piperonyl-Methyl-Ketone-Oil-1.jpg","contentUrl":"https:\/\/gooddealersmeds.com\/it\/wp-content\/uploads\/sites\/7\/2023\/01\/PMK-Piperonyl-Methyl-Ketone-Oil-1.jpg","width":600,"height":600},{"@type":"BreadcrumbList","@id":"https:\/\/gooddealersmeds.com\/it\/product\/acquista-olio-pmk-piperonil-metil-chetone\/#breadcrumb","itemListElement":[{"@type":"ListItem","position":1,"name":"Home","item":"https:\/\/gooddealersmeds.com\/it\/"},{"@type":"ListItem","position":2,"name":"Prodotti","item":"https:\/\/gooddealersmeds.com\/it\/prodotti\/"},{"@type":"ListItem","position":3,"name":"Acquista olio PMK (piperonil metil chetone)."}]},{"@type":"WebSite","@id":"https:\/\/gooddealersmeds.com\/it\/#website","url":"https:\/\/gooddealersmeds.com\/it\/","name":"Good Dealers Meds","description":"All our best","publisher":{"@id":"https:\/\/gooddealersmeds.com\/it\/#organization"},"potentialAction":[{"@type":"SearchAction","target":{"@type":"EntryPoint","urlTemplate":"https:\/\/gooddealersmeds.com\/it\/?s={search_term_string}"},"query-input":{"@type":"PropertyValueSpecification","valueRequired":true,"valueName":"search_term_string"}}],"inLanguage":"en-US"},{"@type":"Organization","@id":"https:\/\/gooddealersmeds.com\/it\/#organization","name":"Good Dealers Meds","url":"https:\/\/gooddealersmeds.com\/it\/","logo":{"@type":"ImageObject","inLanguage":"en-US","@id":"https:\/\/gooddealersmeds.com\/it\/#\/schema\/logo\/image\/","url":"https:\/\/gooddealersmeds.com\/it\/wp-content\/uploads\/sites\/7\/2022\/03\/gooddealersmeds__logo__20220317T222800Z.00.png","contentUrl":"https:\/\/gooddealersmeds.com\/it\/wp-content\/uploads\/sites\/7\/2022\/03\/gooddealersmeds__logo__20220317T222800Z.00.png","width":500,"height":325,"caption":"Good Dealers Meds"},"image":{"@id":"https:\/\/gooddealersmeds.com\/it\/#\/schema\/logo\/image\/"}}]}},"_links":{"self":[{"href":"https:\/\/gooddealersmeds.com\/it\/wp-json\/wp\/v2\/product\/2217","targetHints":{"allow":["GET"]}}],"collection":[{"href":"https:\/\/gooddealersmeds.com\/it\/wp-json\/wp\/v2\/product"}],"about":[{"href":"https:\/\/gooddealersmeds.com\/it\/wp-json\/wp\/v2\/types\/product"}],"replies":[{"embeddable":true,"href":"https:\/\/gooddealersmeds.com\/it\/wp-json\/wp\/v2\/comments?post=2217"}],"wp:featuredmedia":[{"embeddable":true,"href":"https:\/\/gooddealersmeds.com\/it\/wp-json\/wp\/v2\/media\/2247"}],"wp:attachment":[{"href":"https:\/\/gooddealersmeds.com\/it\/wp-json\/wp\/v2\/media?parent=2217"}],"wp:term":[{"taxonomy":"product_brand","embeddable":true,"href":"https:\/\/gooddealersmeds.com\/it\/wp-json\/wp\/v2\/product_brand?post=2217"},{"taxonomy":"product_cat","embeddable":true,"href":"https:\/\/gooddealersmeds.com\/it\/wp-json\/wp\/v2\/product_cat?post=2217"},{"taxonomy":"product_tag","embeddable":true,"href":"https:\/\/gooddealersmeds.com\/it\/wp-json\/wp\/v2\/product_tag?post=2217"}],"curies":[{"name":"wp","href":"https:\/\/api.w.org\/{rel}","templated":true}]}}