{"id":2216,"date":"2023-01-08T19:06:15","date_gmt":"2023-01-08T19:06:15","guid":{"rendered":"https:\/\/gooddealersmeds.com\/it\/?post_type=product&#038;p=2216"},"modified":"2023-03-13T00:17:09","modified_gmt":"2023-03-13T00:17:09","slug":"acquista-jwh-250-online","status":"publish","type":"product","link":"https:\/\/gooddealersmeds.com\/it\/product\/acquista-jwh-250-online\/","title":{"rendered":"Acquista JWH-250 online"},"content":{"rendered":"<h2>Acquista JWH-250 in linea<\/h2>\n<p>JWH-250 \u00e8 un cannabimimetico indolico che mostra un&#8217;elevata affinit\u00e0 per i recettori dei cannabinoidi centrali e periferici. L&#8217;acquisto online di JWH-250 \u00e8 stato identificato come un componente di diversi prodotti di &#8220;incenso alle erbe&#8221;, spesso venduti come &#8220;non umani&#8221;. JWH-250 appartiene alla categoria dei farmaci agonisti sintetici dei recettori dei cannabinoidi (SCRA) e ha effetti simili al THC. La quantit\u00e0 di JWH-250 in un pacchetto pu\u00f2 variare in modo significativo, aumentando la possibilit\u00e0 di un sovradosaggio perch\u00e9 i consumatori non sono pienamente consapevoli di cosa c&#8217;\u00e8 in questo prodotto a base di erbe. Gli effetti da sovradosaggio riportati includono tachicardia, ipertensione, agitazione, allucinazioni, lieve aumento della glicemia, ipokaliemia e vomito. <a href=\"https:\/\/gooddealersmeds.com\/it\/product\/acquista-jwh-250-online\/\">JWH-250<\/a>.<\/p>\n<p>&nbsp;<\/p>\n<p>Acquista JWH-250 online. JWH-250 \u00e8 un agonista sintetico del recettore dei <a href=\"https:\/\/en.wikipedia.org\/wiki\/JWH-250\">cannabinoidi<\/a> che \u00e8 stato rilevato nei prodotti dalla fine degli anni 2000. \u00c8 stato creato dal Dr. John W. Huffman e un rapporto su di esso \u00e8 stato pubblicato nel 2005 da Huffman et al. Acquista JWH-250 in linea<\/p>\n<p>&nbsp;<\/p>\n<p>Il farmaco \u00e8 un fenilacetilindolo e funziona come agonista dei recettori CB1 e CB2. Ha un&#8217;affinit\u00e0 di ~ 11 nM a CB1 e ~ 33 nM a CB2.<\/p>\n<p>Pochi anni dopo la sua prima menzione in letteratura,\u00a0JWH-250\u00a0apparve sul mercato.<\/p>\n<p>\u00c8 stato rilevato anche in polveri e miscele vendute via Internet a ricercatori in Giappone. Quei campioni contenevano 77-165 mg per prodotto.<\/p>\n<p>A causa del modo in cui \u00e8 stato venduto, \u00e8 probabile che le persone abbiano incontrato JWH-250 senza rendersene conto.<\/p>\n<p>Massa molare:\u00a0335,439\u00a0g\/mol<\/p>\n<p>ID ChEMBL:\u00a0188031<\/p>\n<p>ID ChemSpider:\u00a023256117<\/p>\n<p>ID cliente PubChem:\u00a044397540<\/p>\n<p>Formula:\u00a0C22H25NO2<\/p>\n<p>&nbsp;<\/p>\n<p>acquista JWH-250 legittimo per la pagina web di vendita, come acquistare a buon mercato JWH-250 spedizione in tutto il mondo, farmaco JWH-250 in vendita, sali da bagno JWH-250 in vendita, JWH-250 in vendita, cibo per piante JWH-250 in vendita, qualit\u00e0 JWH -250 in vendita, JWH-250 acquistare siti Web, dove acquistare JWH-250, ordinare JWH-250, vendita JWH-250, dove posso acquistare JWH-250, JWH-250 dove acquistare, il posto migliore per acquistare JWH-250 , fornitori mJWH-250, acquisto JWH-250, puro JWH-250, negozio JWH-250, negozio JWH-250, JWH-250 all&#8217;ingrosso, JWH-250 acquisto, JWH-250 in vendita, acquisto JWH-250, acquisto JWH economico -250 online, acquista mefedrone economico online, dove acquistare JWH-250 economico, acquista JWH-250 economico per uso vegetale, dove acquistare JWH-250 per uso personale, acquista JWH-250 economico, dove acquistare JWH-250 in vendita , acquista JWH-250 all&#8217;ingrosso, acquista JWH-250 a prezzi convenienti, acquista JWH-250 per uso personale, acquista JWH-250 in vendita, qualit\u00e0 JWH-250 in vendita, acquista JWH-250 su internet,<\/p>\n","protected":false},"excerpt":{"rendered":"<p>JWH-250 \u00e8 un cannabimimetico indolico che mostra un&#8217;elevata affinit\u00e0 per i recettori dei cannabinoidi centrali e periferici. L&#8217;acquisto online di JWH-250 \u00e8 stato identificato come un componente di diversi prodotti di &#8220;incenso alle erbe&#8221;, spesso venduti come &#8220;non umani&#8221;.<\/p>\n","protected":false},"featured_media":2246,"comment_status":"open","ping_status":"closed","template":"","meta":{"inline_featured_image":false},"product_brand":[],"product_cat":[344],"product_tag":[],"class_list":{"0":"post-2216","1":"product","2":"type-product","3":"status-publish","4":"has-post-thumbnail","6":"product_cat-ricerca-prodotti-chimici","8":"first","9":"instock","10":"shipping-taxable","11":"purchasable","12":"product-type-variable","13":"has-default-attributes"},"yoast_head":"<!-- This site is optimized with the Yoast SEO Premium plugin v20.6 (Yoast SEO v27.4) - https:\/\/yoast.com\/product\/yoast-seo-premium-wordpress\/ -->\n<title>Acquista JWH-250 in linea | Ordina JWH-250 | JWH-250 in vendita<\/title>\n<meta name=\"description\" content=\"Acquista JWH-250 in linea a un prezzo accessibile, siamo un fornitore affidabile e affidabile di JWH-250, con consegna rapida100% garantito e affidabile.\" \/>\n<meta name=\"robots\" content=\"index, follow, max-snippet:-1, max-image-preview:large, max-video-preview:-1\" \/>\n<link rel=\"canonical\" href=\"https:\/\/gooddealersmeds.com\/it\/product\/acquista-jwh-250-online\/\" \/>\n<meta property=\"og:locale\" content=\"en_US\" \/>\n<meta property=\"og:type\" content=\"article\" \/>\n<meta property=\"og:title\" content=\"Acquista JWH-250 online\" \/>\n<meta property=\"og:description\" content=\"Acquista JWH-250 in linea a un prezzo accessibile, siamo un fornitore affidabile e affidabile di JWH-250, con consegna rapida100% garantito e affidabile.\" \/>\n<meta property=\"og:url\" content=\"https:\/\/gooddealersmeds.com\/it\/product\/acquista-jwh-250-online\/\" \/>\n<meta property=\"og:site_name\" content=\"Good Dealers Meds\" \/>\n<meta property=\"article:modified_time\" content=\"2023-03-13T00:17:09+00:00\" \/>\n<meta property=\"og:image\" content=\"https:\/\/gooddealersmeds.com\/it\/wp-content\/uploads\/sites\/7\/2023\/01\/jhw.png\" \/>\n\t<meta property=\"og:image:width\" content=\"267\" \/>\n\t<meta property=\"og:image:height\" content=\"189\" \/>\n\t<meta property=\"og:image:type\" content=\"image\/png\" \/>\n<meta name=\"twitter:card\" content=\"summary_large_image\" \/>\n<meta name=\"twitter:label1\" content=\"Est. reading time\" \/>\n\t<meta name=\"twitter:data1\" content=\"2 minutes\" \/>\n<script type=\"application\/ld+json\" class=\"yoast-schema-graph\">{\"@context\":\"https:\\\/\\\/schema.org\",\"@graph\":[{\"@type\":\"WebPage\",\"@id\":\"https:\\\/\\\/gooddealersmeds.com\\\/it\\\/product\\\/acquista-jwh-250-online\\\/\",\"url\":\"https:\\\/\\\/gooddealersmeds.com\\\/it\\\/product\\\/acquista-jwh-250-online\\\/\",\"name\":\"Acquista JWH-250 in linea | Ordina JWH-250 | JWH-250 in vendita\",\"isPartOf\":{\"@id\":\"https:\\\/\\\/gooddealersmeds.com\\\/it\\\/#website\"},\"primaryImageOfPage\":{\"@id\":\"https:\\\/\\\/gooddealersmeds.com\\\/it\\\/product\\\/acquista-jwh-250-online\\\/#primaryimage\"},\"image\":{\"@id\":\"https:\\\/\\\/gooddealersmeds.com\\\/it\\\/product\\\/acquista-jwh-250-online\\\/#primaryimage\"},\"thumbnailUrl\":\"https:\\\/\\\/gooddealersmeds.com\\\/it\\\/wp-content\\\/uploads\\\/sites\\\/7\\\/2023\\\/01\\\/jhw.png\",\"datePublished\":\"2023-01-08T19:06:15+00:00\",\"dateModified\":\"2023-03-13T00:17:09+00:00\",\"description\":\"Acquista JWH-250 in linea a un prezzo accessibile, siamo un fornitore affidabile e affidabile di JWH-250, con consegna rapida100% garantito e affidabile.\",\"breadcrumb\":{\"@id\":\"https:\\\/\\\/gooddealersmeds.com\\\/it\\\/product\\\/acquista-jwh-250-online\\\/#breadcrumb\"},\"inLanguage\":\"en-US\",\"potentialAction\":[{\"@type\":\"ReadAction\",\"target\":[\"https:\\\/\\\/gooddealersmeds.com\\\/it\\\/product\\\/acquista-jwh-250-online\\\/\"]}]},{\"@type\":\"ImageObject\",\"inLanguage\":\"en-US\",\"@id\":\"https:\\\/\\\/gooddealersmeds.com\\\/it\\\/product\\\/acquista-jwh-250-online\\\/#primaryimage\",\"url\":\"https:\\\/\\\/gooddealersmeds.com\\\/it\\\/wp-content\\\/uploads\\\/sites\\\/7\\\/2023\\\/01\\\/jhw.png\",\"contentUrl\":\"https:\\\/\\\/gooddealersmeds.com\\\/it\\\/wp-content\\\/uploads\\\/sites\\\/7\\\/2023\\\/01\\\/jhw.png\",\"width\":267,\"height\":189},{\"@type\":\"BreadcrumbList\",\"@id\":\"https:\\\/\\\/gooddealersmeds.com\\\/it\\\/product\\\/acquista-jwh-250-online\\\/#breadcrumb\",\"itemListElement\":[{\"@type\":\"ListItem\",\"position\":1,\"name\":\"Home\",\"item\":\"https:\\\/\\\/gooddealersmeds.com\\\/it\\\/\"},{\"@type\":\"ListItem\",\"position\":2,\"name\":\"Prodotti\",\"item\":\"https:\\\/\\\/gooddealersmeds.com\\\/it\\\/prodotti\\\/\"},{\"@type\":\"ListItem\",\"position\":3,\"name\":\"Acquista JWH-250 online\"}]},{\"@type\":\"WebSite\",\"@id\":\"https:\\\/\\\/gooddealersmeds.com\\\/it\\\/#website\",\"url\":\"https:\\\/\\\/gooddealersmeds.com\\\/it\\\/\",\"name\":\"Good Dealers Meds\",\"description\":\"All our best\",\"publisher\":{\"@id\":\"https:\\\/\\\/gooddealersmeds.com\\\/it\\\/#organization\"},\"potentialAction\":[{\"@type\":\"SearchAction\",\"target\":{\"@type\":\"EntryPoint\",\"urlTemplate\":\"https:\\\/\\\/gooddealersmeds.com\\\/it\\\/?s={search_term_string}\"},\"query-input\":{\"@type\":\"PropertyValueSpecification\",\"valueRequired\":true,\"valueName\":\"search_term_string\"}}],\"inLanguage\":\"en-US\"},{\"@type\":\"Organization\",\"@id\":\"https:\\\/\\\/gooddealersmeds.com\\\/it\\\/#organization\",\"name\":\"Good Dealers Meds\",\"url\":\"https:\\\/\\\/gooddealersmeds.com\\\/it\\\/\",\"logo\":{\"@type\":\"ImageObject\",\"inLanguage\":\"en-US\",\"@id\":\"https:\\\/\\\/gooddealersmeds.com\\\/it\\\/#\\\/schema\\\/logo\\\/image\\\/\",\"url\":\"https:\\\/\\\/gooddealersmeds.com\\\/it\\\/wp-content\\\/uploads\\\/sites\\\/7\\\/2022\\\/03\\\/gooddealersmeds__logo__20220317T222800Z.00.png\",\"contentUrl\":\"https:\\\/\\\/gooddealersmeds.com\\\/it\\\/wp-content\\\/uploads\\\/sites\\\/7\\\/2022\\\/03\\\/gooddealersmeds__logo__20220317T222800Z.00.png\",\"width\":500,\"height\":325,\"caption\":\"Good Dealers Meds\"},\"image\":{\"@id\":\"https:\\\/\\\/gooddealersmeds.com\\\/it\\\/#\\\/schema\\\/logo\\\/image\\\/\"}}]}<\/script>\n<!-- \/ Yoast SEO Premium plugin. -->","yoast_head_json":{"title":"Acquista JWH-250 in linea | Ordina JWH-250 | JWH-250 in vendita","description":"Acquista JWH-250 in linea a un prezzo accessibile, siamo un fornitore affidabile e affidabile di JWH-250, con consegna rapida100% garantito e affidabile.","robots":{"index":"index","follow":"follow","max-snippet":"max-snippet:-1","max-image-preview":"max-image-preview:large","max-video-preview":"max-video-preview:-1"},"canonical":"https:\/\/gooddealersmeds.com\/it\/product\/acquista-jwh-250-online\/","og_locale":"en_US","og_type":"article","og_title":"Acquista JWH-250 online","og_description":"Acquista JWH-250 in linea a un prezzo accessibile, siamo un fornitore affidabile e affidabile di JWH-250, con consegna rapida100% garantito e affidabile.","og_url":"https:\/\/gooddealersmeds.com\/it\/product\/acquista-jwh-250-online\/","og_site_name":"Good Dealers Meds","article_modified_time":"2023-03-13T00:17:09+00:00","og_image":[{"width":267,"height":189,"url":"https:\/\/gooddealersmeds.com\/it\/wp-content\/uploads\/sites\/7\/2023\/01\/jhw.png","type":"image\/png"}],"twitter_card":"summary_large_image","twitter_misc":{"Est. reading time":"2 minutes"},"schema":{"@context":"https:\/\/schema.org","@graph":[{"@type":"WebPage","@id":"https:\/\/gooddealersmeds.com\/it\/product\/acquista-jwh-250-online\/","url":"https:\/\/gooddealersmeds.com\/it\/product\/acquista-jwh-250-online\/","name":"Acquista JWH-250 in linea | Ordina JWH-250 | JWH-250 in vendita","isPartOf":{"@id":"https:\/\/gooddealersmeds.com\/it\/#website"},"primaryImageOfPage":{"@id":"https:\/\/gooddealersmeds.com\/it\/product\/acquista-jwh-250-online\/#primaryimage"},"image":{"@id":"https:\/\/gooddealersmeds.com\/it\/product\/acquista-jwh-250-online\/#primaryimage"},"thumbnailUrl":"https:\/\/gooddealersmeds.com\/it\/wp-content\/uploads\/sites\/7\/2023\/01\/jhw.png","datePublished":"2023-01-08T19:06:15+00:00","dateModified":"2023-03-13T00:17:09+00:00","description":"Acquista JWH-250 in linea a un prezzo accessibile, siamo un fornitore affidabile e affidabile di JWH-250, con consegna rapida100% garantito e affidabile.","breadcrumb":{"@id":"https:\/\/gooddealersmeds.com\/it\/product\/acquista-jwh-250-online\/#breadcrumb"},"inLanguage":"en-US","potentialAction":[{"@type":"ReadAction","target":["https:\/\/gooddealersmeds.com\/it\/product\/acquista-jwh-250-online\/"]}]},{"@type":"ImageObject","inLanguage":"en-US","@id":"https:\/\/gooddealersmeds.com\/it\/product\/acquista-jwh-250-online\/#primaryimage","url":"https:\/\/gooddealersmeds.com\/it\/wp-content\/uploads\/sites\/7\/2023\/01\/jhw.png","contentUrl":"https:\/\/gooddealersmeds.com\/it\/wp-content\/uploads\/sites\/7\/2023\/01\/jhw.png","width":267,"height":189},{"@type":"BreadcrumbList","@id":"https:\/\/gooddealersmeds.com\/it\/product\/acquista-jwh-250-online\/#breadcrumb","itemListElement":[{"@type":"ListItem","position":1,"name":"Home","item":"https:\/\/gooddealersmeds.com\/it\/"},{"@type":"ListItem","position":2,"name":"Prodotti","item":"https:\/\/gooddealersmeds.com\/it\/prodotti\/"},{"@type":"ListItem","position":3,"name":"Acquista JWH-250 online"}]},{"@type":"WebSite","@id":"https:\/\/gooddealersmeds.com\/it\/#website","url":"https:\/\/gooddealersmeds.com\/it\/","name":"Good Dealers Meds","description":"All our best","publisher":{"@id":"https:\/\/gooddealersmeds.com\/it\/#organization"},"potentialAction":[{"@type":"SearchAction","target":{"@type":"EntryPoint","urlTemplate":"https:\/\/gooddealersmeds.com\/it\/?s={search_term_string}"},"query-input":{"@type":"PropertyValueSpecification","valueRequired":true,"valueName":"search_term_string"}}],"inLanguage":"en-US"},{"@type":"Organization","@id":"https:\/\/gooddealersmeds.com\/it\/#organization","name":"Good Dealers Meds","url":"https:\/\/gooddealersmeds.com\/it\/","logo":{"@type":"ImageObject","inLanguage":"en-US","@id":"https:\/\/gooddealersmeds.com\/it\/#\/schema\/logo\/image\/","url":"https:\/\/gooddealersmeds.com\/it\/wp-content\/uploads\/sites\/7\/2022\/03\/gooddealersmeds__logo__20220317T222800Z.00.png","contentUrl":"https:\/\/gooddealersmeds.com\/it\/wp-content\/uploads\/sites\/7\/2022\/03\/gooddealersmeds__logo__20220317T222800Z.00.png","width":500,"height":325,"caption":"Good Dealers Meds"},"image":{"@id":"https:\/\/gooddealersmeds.com\/it\/#\/schema\/logo\/image\/"}}]}},"_links":{"self":[{"href":"https:\/\/gooddealersmeds.com\/it\/wp-json\/wp\/v2\/product\/2216","targetHints":{"allow":["GET"]}}],"collection":[{"href":"https:\/\/gooddealersmeds.com\/it\/wp-json\/wp\/v2\/product"}],"about":[{"href":"https:\/\/gooddealersmeds.com\/it\/wp-json\/wp\/v2\/types\/product"}],"replies":[{"embeddable":true,"href":"https:\/\/gooddealersmeds.com\/it\/wp-json\/wp\/v2\/comments?post=2216"}],"wp:featuredmedia":[{"embeddable":true,"href":"https:\/\/gooddealersmeds.com\/it\/wp-json\/wp\/v2\/media\/2246"}],"wp:attachment":[{"href":"https:\/\/gooddealersmeds.com\/it\/wp-json\/wp\/v2\/media?parent=2216"}],"wp:term":[{"taxonomy":"product_brand","embeddable":true,"href":"https:\/\/gooddealersmeds.com\/it\/wp-json\/wp\/v2\/product_brand?post=2216"},{"taxonomy":"product_cat","embeddable":true,"href":"https:\/\/gooddealersmeds.com\/it\/wp-json\/wp\/v2\/product_cat?post=2216"},{"taxonomy":"product_tag","embeddable":true,"href":"https:\/\/gooddealersmeds.com\/it\/wp-json\/wp\/v2\/product_tag?post=2216"}],"curies":[{"name":"wp","href":"https:\/\/api.w.org\/{rel}","templated":true}]}}