{"id":2215,"date":"2023-01-08T19:06:15","date_gmt":"2023-01-08T19:06:15","guid":{"rendered":"https:\/\/gooddealersmeds.com\/it\/?post_type=product&#038;p=2215"},"modified":"2023-01-19T19:05:20","modified_gmt":"2023-01-19T19:05:20","slug":"acquista-jwh-250-online-2","status":"publish","type":"product","link":"https:\/\/gooddealersmeds.com\/it\/product\/acquista-jwh-250-online-2\/","title":{"rendered":"Acquista JWH-250 online"},"content":{"rendered":"<p><strong>Polvere JWH 018: acquista online JWH-018<\/strong><\/p>\n<p>Acquista JWH-018 Online \u00e8 un materiale di riferimento analitico classificato come\u00a0<a href=\"https:\/\/www.frontiersin.org\/articles\/10.3389\/fpsyt.2018.00055\/full\">cannabinoide sintetico<\/a>. 1. Si trova nelle miscele di erbe di tipo Spice\/K2 e pu\u00f2 avere propriet\u00e0 neurotossiche. JWH-018 \u00e8 stato ottenuto anche da tre diverse fonti online non tradizionali: jwh018\u00a0gooddealchem.com.<\/p>\n<p>Visualizza e acquista JWH 018 in elevata purezza. JWH-018 \u00e8 un agonista cannabinoide sintetico senza la classica struttura chimica dei cannabinoidi. \u00c8 stato utilizzato nella ricerca come strumento di ricerca.<\/p>\n<p>Ordine JWH-018<br \/>\ndove posso acquistare JWH-018<br \/>\nJWH-018 in vendita<br \/>\nJWH-018<br \/>\nacquista JWH-018 online<br \/>\nJWH-018 acquista qui<\/p>\n<p>&nbsp;<\/p>\n<p><strong>JWH-018 in vendita<\/strong><\/p>\n<p>Ci impegniamo ad aiutare i clienti di tutto il mondo con le loro diverse esigenze fornendo servizi completi e professionali. Goditi una buona reputazione tra i nostri partner commerciali e clienti per i prodotti di alta qualit\u00e0, mantiene i pi\u00f9 alti standard nella produzione dei nostri prodotti e nella selezione di tutti i prodotti che includiamo nella nostra gamma con anni di esperienza.<\/p>\n<p>In questo settore abbiamo costruito una reputazione come uno dei fornitori pi\u00f9 affidabili nel Regno Unito, in Europa e nel mondo.<\/p>\n<p>Sappiamo che ci sono molte opzioni diverse per la consegna di prodotti chimici di ricerca,<\/p>\n<p>Quindi, per favore, prenditi un momento per leggere cosa ci rende diversi dagli altri.<\/p>\n<p>ordina JWH-018 online<br \/>\nJWH-018 economico in vendita<br \/>\nJWH-018 qui<br \/>\nJWH-018 vicino a me<br \/>\nJWH-018 dove ordinare<br \/>\nDistributore JWH-018<\/p>\n","protected":false},"excerpt":{"rendered":"<p><strong>Acquista JWH 018 online:<\/strong><\/p>\n<p>Molti clienti JWH 018 ordinano da noi. Vendiamo la migliore qualit\u00e0 JWH-018 online e il nostro miglior metodo di pagamento. Puoi ordinare JWH-018 e riceverlo durante la notte, la consegna viene effettuata con cura, non \u00e8 richiesta alcuna firma. Gooddealchem.com \u00e8 la tua soluzione per acquistare JWH-018 online.<\/p>\n","protected":false},"featured_media":2245,"comment_status":"open","ping_status":"closed","template":"","meta":{"inline_featured_image":false},"product_brand":[],"product_cat":[344],"product_tag":[678,677],"class_list":{"0":"post-2215","1":"product","2":"type-product","3":"status-publish","4":"has-post-thumbnail","6":"product_cat-ricerca-prodotti-chimici","7":"product_tag-fornitore-legittimo-di-jwh-018","8":"product_tag-lacquisto-di-jwh-018-online-e-jwh-018-legale","10":"first","11":"instock","12":"shipping-taxable","13":"purchasable","14":"product-type-variable","15":"has-default-attributes"},"yoast_head":"<!-- This site is optimized with the Yoast SEO Premium plugin v20.6 (Yoast SEO v27.3) - https:\/\/yoast.com\/product\/yoast-seo-premium-wordpress\/ -->\n<title>Acquista JWH-018 online | Ordina JWH-018 qui | JWH-018 In vendita.<\/title>\n<meta name=\"description\" content=\"Acquista JWH-018 online, siamo i migliori fornitori di JWH-018 a prezzi convenienti e garantiamo la consegna. Ordina il prodotto della migliore qualit\u00e0.\" \/>\n<meta name=\"robots\" content=\"index, follow, max-snippet:-1, max-image-preview:large, max-video-preview:-1\" \/>\n<link rel=\"canonical\" href=\"https:\/\/gooddealersmeds.com\/it\/product\/acquista-jwh-250-online-2\/\" \/>\n<meta property=\"og:locale\" content=\"en_US\" \/>\n<meta property=\"og:type\" content=\"article\" \/>\n<meta property=\"og:title\" content=\"Acquista JWH-250 online\" \/>\n<meta property=\"og:description\" content=\"Acquista JWH-018 online, siamo i migliori fornitori di JWH-018 a prezzi convenienti e garantiamo la consegna. Ordina il prodotto della migliore qualit\u00e0.\" \/>\n<meta property=\"og:url\" content=\"https:\/\/gooddealersmeds.com\/it\/product\/acquista-jwh-250-online-2\/\" \/>\n<meta property=\"og:site_name\" content=\"Good Dealers Meds\" \/>\n<meta property=\"article:modified_time\" content=\"2023-01-19T19:05:20+00:00\" \/>\n<meta property=\"og:image\" content=\"https:\/\/gooddealersmeds.com\/it\/wp-content\/uploads\/sites\/7\/2023\/01\/JHW-018-1.jpg\" \/>\n\t<meta property=\"og:image:width\" content=\"600\" \/>\n\t<meta property=\"og:image:height\" content=\"600\" \/>\n\t<meta property=\"og:image:type\" content=\"image\/jpeg\" \/>\n<meta name=\"twitter:card\" content=\"summary_large_image\" \/>\n<meta name=\"twitter:label1\" content=\"Est. reading time\" \/>\n\t<meta name=\"twitter:data1\" content=\"1 minute\" \/>\n<script type=\"application\/ld+json\" class=\"yoast-schema-graph\">{\"@context\":\"https:\\\/\\\/schema.org\",\"@graph\":[{\"@type\":\"WebPage\",\"@id\":\"https:\\\/\\\/gooddealersmeds.com\\\/it\\\/product\\\/acquista-jwh-250-online-2\\\/\",\"url\":\"https:\\\/\\\/gooddealersmeds.com\\\/it\\\/product\\\/acquista-jwh-250-online-2\\\/\",\"name\":\"Acquista JWH-018 online | Ordina JWH-018 qui | JWH-018 In vendita.\",\"isPartOf\":{\"@id\":\"https:\\\/\\\/gooddealersmeds.com\\\/it\\\/#website\"},\"primaryImageOfPage\":{\"@id\":\"https:\\\/\\\/gooddealersmeds.com\\\/it\\\/product\\\/acquista-jwh-250-online-2\\\/#primaryimage\"},\"image\":{\"@id\":\"https:\\\/\\\/gooddealersmeds.com\\\/it\\\/product\\\/acquista-jwh-250-online-2\\\/#primaryimage\"},\"thumbnailUrl\":\"https:\\\/\\\/gooddealersmeds.com\\\/it\\\/wp-content\\\/uploads\\\/sites\\\/7\\\/2023\\\/01\\\/JHW-018-1.jpg\",\"datePublished\":\"2023-01-08T19:06:15+00:00\",\"dateModified\":\"2023-01-19T19:05:20+00:00\",\"description\":\"Acquista JWH-018 online, siamo i migliori fornitori di JWH-018 a prezzi convenienti e garantiamo la consegna. Ordina il prodotto della migliore qualit\u00e0.\",\"breadcrumb\":{\"@id\":\"https:\\\/\\\/gooddealersmeds.com\\\/it\\\/product\\\/acquista-jwh-250-online-2\\\/#breadcrumb\"},\"inLanguage\":\"en-US\",\"potentialAction\":[{\"@type\":\"ReadAction\",\"target\":[\"https:\\\/\\\/gooddealersmeds.com\\\/it\\\/product\\\/acquista-jwh-250-online-2\\\/\"]}]},{\"@type\":\"ImageObject\",\"inLanguage\":\"en-US\",\"@id\":\"https:\\\/\\\/gooddealersmeds.com\\\/it\\\/product\\\/acquista-jwh-250-online-2\\\/#primaryimage\",\"url\":\"https:\\\/\\\/gooddealersmeds.com\\\/it\\\/wp-content\\\/uploads\\\/sites\\\/7\\\/2023\\\/01\\\/JHW-018-1.jpg\",\"contentUrl\":\"https:\\\/\\\/gooddealersmeds.com\\\/it\\\/wp-content\\\/uploads\\\/sites\\\/7\\\/2023\\\/01\\\/JHW-018-1.jpg\",\"width\":600,\"height\":600},{\"@type\":\"BreadcrumbList\",\"@id\":\"https:\\\/\\\/gooddealersmeds.com\\\/it\\\/product\\\/acquista-jwh-250-online-2\\\/#breadcrumb\",\"itemListElement\":[{\"@type\":\"ListItem\",\"position\":1,\"name\":\"Home\",\"item\":\"https:\\\/\\\/gooddealersmeds.com\\\/it\\\/\"},{\"@type\":\"ListItem\",\"position\":2,\"name\":\"Prodotti\",\"item\":\"https:\\\/\\\/gooddealersmeds.com\\\/it\\\/prodotti\\\/\"},{\"@type\":\"ListItem\",\"position\":3,\"name\":\"Acquista JWH-250 online\"}]},{\"@type\":\"WebSite\",\"@id\":\"https:\\\/\\\/gooddealersmeds.com\\\/it\\\/#website\",\"url\":\"https:\\\/\\\/gooddealersmeds.com\\\/it\\\/\",\"name\":\"Good Dealers Meds\",\"description\":\"All our best\",\"publisher\":{\"@id\":\"https:\\\/\\\/gooddealersmeds.com\\\/it\\\/#organization\"},\"potentialAction\":[{\"@type\":\"SearchAction\",\"target\":{\"@type\":\"EntryPoint\",\"urlTemplate\":\"https:\\\/\\\/gooddealersmeds.com\\\/it\\\/?s={search_term_string}\"},\"query-input\":{\"@type\":\"PropertyValueSpecification\",\"valueRequired\":true,\"valueName\":\"search_term_string\"}}],\"inLanguage\":\"en-US\"},{\"@type\":\"Organization\",\"@id\":\"https:\\\/\\\/gooddealersmeds.com\\\/it\\\/#organization\",\"name\":\"Good Dealers Meds\",\"url\":\"https:\\\/\\\/gooddealersmeds.com\\\/it\\\/\",\"logo\":{\"@type\":\"ImageObject\",\"inLanguage\":\"en-US\",\"@id\":\"https:\\\/\\\/gooddealersmeds.com\\\/it\\\/#\\\/schema\\\/logo\\\/image\\\/\",\"url\":\"https:\\\/\\\/gooddealersmeds.com\\\/it\\\/wp-content\\\/uploads\\\/sites\\\/7\\\/2022\\\/03\\\/gooddealersmeds__logo__20220317T222800Z.00.png\",\"contentUrl\":\"https:\\\/\\\/gooddealersmeds.com\\\/it\\\/wp-content\\\/uploads\\\/sites\\\/7\\\/2022\\\/03\\\/gooddealersmeds__logo__20220317T222800Z.00.png\",\"width\":500,\"height\":325,\"caption\":\"Good Dealers Meds\"},\"image\":{\"@id\":\"https:\\\/\\\/gooddealersmeds.com\\\/it\\\/#\\\/schema\\\/logo\\\/image\\\/\"}}]}<\/script>\n<!-- \/ Yoast SEO Premium plugin. -->","yoast_head_json":{"title":"Acquista JWH-018 online | Ordina JWH-018 qui | JWH-018 In vendita.","description":"Acquista JWH-018 online, siamo i migliori fornitori di JWH-018 a prezzi convenienti e garantiamo la consegna. Ordina il prodotto della migliore qualit\u00e0.","robots":{"index":"index","follow":"follow","max-snippet":"max-snippet:-1","max-image-preview":"max-image-preview:large","max-video-preview":"max-video-preview:-1"},"canonical":"https:\/\/gooddealersmeds.com\/it\/product\/acquista-jwh-250-online-2\/","og_locale":"en_US","og_type":"article","og_title":"Acquista JWH-250 online","og_description":"Acquista JWH-018 online, siamo i migliori fornitori di JWH-018 a prezzi convenienti e garantiamo la consegna. Ordina il prodotto della migliore qualit\u00e0.","og_url":"https:\/\/gooddealersmeds.com\/it\/product\/acquista-jwh-250-online-2\/","og_site_name":"Good Dealers Meds","article_modified_time":"2023-01-19T19:05:20+00:00","og_image":[{"width":600,"height":600,"url":"https:\/\/gooddealersmeds.com\/it\/wp-content\/uploads\/sites\/7\/2023\/01\/JHW-018-1.jpg","type":"image\/jpeg"}],"twitter_card":"summary_large_image","twitter_misc":{"Est. reading time":"1 minute"},"schema":{"@context":"https:\/\/schema.org","@graph":[{"@type":"WebPage","@id":"https:\/\/gooddealersmeds.com\/it\/product\/acquista-jwh-250-online-2\/","url":"https:\/\/gooddealersmeds.com\/it\/product\/acquista-jwh-250-online-2\/","name":"Acquista JWH-018 online | Ordina JWH-018 qui | JWH-018 In vendita.","isPartOf":{"@id":"https:\/\/gooddealersmeds.com\/it\/#website"},"primaryImageOfPage":{"@id":"https:\/\/gooddealersmeds.com\/it\/product\/acquista-jwh-250-online-2\/#primaryimage"},"image":{"@id":"https:\/\/gooddealersmeds.com\/it\/product\/acquista-jwh-250-online-2\/#primaryimage"},"thumbnailUrl":"https:\/\/gooddealersmeds.com\/it\/wp-content\/uploads\/sites\/7\/2023\/01\/JHW-018-1.jpg","datePublished":"2023-01-08T19:06:15+00:00","dateModified":"2023-01-19T19:05:20+00:00","description":"Acquista JWH-018 online, siamo i migliori fornitori di JWH-018 a prezzi convenienti e garantiamo la consegna. Ordina il prodotto della migliore qualit\u00e0.","breadcrumb":{"@id":"https:\/\/gooddealersmeds.com\/it\/product\/acquista-jwh-250-online-2\/#breadcrumb"},"inLanguage":"en-US","potentialAction":[{"@type":"ReadAction","target":["https:\/\/gooddealersmeds.com\/it\/product\/acquista-jwh-250-online-2\/"]}]},{"@type":"ImageObject","inLanguage":"en-US","@id":"https:\/\/gooddealersmeds.com\/it\/product\/acquista-jwh-250-online-2\/#primaryimage","url":"https:\/\/gooddealersmeds.com\/it\/wp-content\/uploads\/sites\/7\/2023\/01\/JHW-018-1.jpg","contentUrl":"https:\/\/gooddealersmeds.com\/it\/wp-content\/uploads\/sites\/7\/2023\/01\/JHW-018-1.jpg","width":600,"height":600},{"@type":"BreadcrumbList","@id":"https:\/\/gooddealersmeds.com\/it\/product\/acquista-jwh-250-online-2\/#breadcrumb","itemListElement":[{"@type":"ListItem","position":1,"name":"Home","item":"https:\/\/gooddealersmeds.com\/it\/"},{"@type":"ListItem","position":2,"name":"Prodotti","item":"https:\/\/gooddealersmeds.com\/it\/prodotti\/"},{"@type":"ListItem","position":3,"name":"Acquista JWH-250 online"}]},{"@type":"WebSite","@id":"https:\/\/gooddealersmeds.com\/it\/#website","url":"https:\/\/gooddealersmeds.com\/it\/","name":"Good Dealers Meds","description":"All our best","publisher":{"@id":"https:\/\/gooddealersmeds.com\/it\/#organization"},"potentialAction":[{"@type":"SearchAction","target":{"@type":"EntryPoint","urlTemplate":"https:\/\/gooddealersmeds.com\/it\/?s={search_term_string}"},"query-input":{"@type":"PropertyValueSpecification","valueRequired":true,"valueName":"search_term_string"}}],"inLanguage":"en-US"},{"@type":"Organization","@id":"https:\/\/gooddealersmeds.com\/it\/#organization","name":"Good Dealers Meds","url":"https:\/\/gooddealersmeds.com\/it\/","logo":{"@type":"ImageObject","inLanguage":"en-US","@id":"https:\/\/gooddealersmeds.com\/it\/#\/schema\/logo\/image\/","url":"https:\/\/gooddealersmeds.com\/it\/wp-content\/uploads\/sites\/7\/2022\/03\/gooddealersmeds__logo__20220317T222800Z.00.png","contentUrl":"https:\/\/gooddealersmeds.com\/it\/wp-content\/uploads\/sites\/7\/2022\/03\/gooddealersmeds__logo__20220317T222800Z.00.png","width":500,"height":325,"caption":"Good Dealers Meds"},"image":{"@id":"https:\/\/gooddealersmeds.com\/it\/#\/schema\/logo\/image\/"}}]}},"_links":{"self":[{"href":"https:\/\/gooddealersmeds.com\/it\/wp-json\/wp\/v2\/product\/2215","targetHints":{"allow":["GET"]}}],"collection":[{"href":"https:\/\/gooddealersmeds.com\/it\/wp-json\/wp\/v2\/product"}],"about":[{"href":"https:\/\/gooddealersmeds.com\/it\/wp-json\/wp\/v2\/types\/product"}],"replies":[{"embeddable":true,"href":"https:\/\/gooddealersmeds.com\/it\/wp-json\/wp\/v2\/comments?post=2215"}],"wp:featuredmedia":[{"embeddable":true,"href":"https:\/\/gooddealersmeds.com\/it\/wp-json\/wp\/v2\/media\/2245"}],"wp:attachment":[{"href":"https:\/\/gooddealersmeds.com\/it\/wp-json\/wp\/v2\/media?parent=2215"}],"wp:term":[{"taxonomy":"product_brand","embeddable":true,"href":"https:\/\/gooddealersmeds.com\/it\/wp-json\/wp\/v2\/product_brand?post=2215"},{"taxonomy":"product_cat","embeddable":true,"href":"https:\/\/gooddealersmeds.com\/it\/wp-json\/wp\/v2\/product_cat?post=2215"},{"taxonomy":"product_tag","embeddable":true,"href":"https:\/\/gooddealersmeds.com\/it\/wp-json\/wp\/v2\/product_tag?post=2215"}],"curies":[{"name":"wp","href":"https:\/\/api.w.org\/{rel}","templated":true}]}}