{"id":2212,"date":"2023-01-08T19:06:15","date_gmt":"2023-01-08T19:06:15","guid":{"rendered":"https:\/\/gooddealersmeds.com\/it\/?post_type=product&#038;p=2212"},"modified":"2023-03-13T00:13:40","modified_gmt":"2023-03-13T00:13:40","slug":"olio-di-benzilmetilchetone-bmk","status":"publish","type":"product","link":"https:\/\/gooddealersmeds.com\/it\/product\/olio-di-benzilmetilchetone-bmk\/","title":{"rendered":"Olio di benzilmetilchetone (BMK)."},"content":{"rendered":"<h2><strong>Dove ordinare l&#8217;olio BMK<\/strong><\/h2>\n<p>Forniamo su grande e piccola scala. Dove ordinare l&#8217;olio BMK Trattiamo solo con acquirenti seri. Si prega di non contattarci se non si intende acquistare. Forniamo in Europa e nel resto del mondo, acquistiamo strada, aereo e facciamo anche consegne e la consegna \u00e8 garantita al 100%. Per maggiori dettagli sui nostri prodotti e su come effettuare l&#8217;ordine e ordinare i contatti di seguito: CAS 4676-39-5; A-olio; <a href=\"https:\/\/gooddealersmeds.com\/it\/product\/olio-di-benzilmetilchetone-bmk\/\">BMK Olio<\/a>; Fenilacetone; PMK olio; Olio MDP2P; CAS 103-79-7<\/p>\n<p>ACQUISTA OLIO DI BENZILMETILCHETONE (BMK).<\/p>\n<p>Benzilmetilchetone (BMK) in polvere<\/p>\n<p>Olio di benzilmetilchetone (BMK).<\/p>\n<p>Fenilacetone: polvere<\/p>\n<p>Acquista fenilacetone purezza 99,34%.<\/p>\n<p>Il fenilacetone (noto anche come 2-fenil-2one,\u00a0<a href=\"https:\/\/pubs.rsc.org\/\">benzil mentil metil chetone<\/a> o benzil-chetone bromuro) \u00e8 un composto organico. \u00c8 un olio chiaro con un indice di rifrazione di 1,5168. Questo Sunstance nella produzione di metafetamine e anfetamine come materia prima o intermedio, dove viene comunemente indicato anche come P2P. Acquista olio di fenilacetone in vendita online.<\/p>\n<p>Il fenilacetone \u00e8 un composto organico che \u00e8 un olio trasparente con un indice di rifrazione di 1,5168. Questa roba \u00e8 usata nella produzione di metanfetamine e anfetamine dove \u00e8 comunemente nota come P2P. Il fenilacetone \u00e8 il prodotto di rimozione dell&#8217;anfetamina nel corpo umano. Il fenilacetone ha anche altri nomi come fenilpropan-2-one, benzil metil chetone o metil benzil chetone.<\/p>\n<h3>UTILIZZI DELL&#8217;OLIO BMK<\/h3>\n<p>Diversi prodotti farmaceutici sono prodotti utilizzando questo fenil 2 propanone<\/p>\n<p>\u00c8 usato come agente aromatizzante negli alimenti.<\/p>\n<p>\u00c8 usato come produzione di sostanze chimiche come la metanfetamina e l&#8217;anfetamina come ingrediente di partenza.<\/p>\n<h3>DOVE ACQUISTARE OLIO DI BMK O OLIO DI FENILACETONE IN VENDITA ONLINE?<\/h3>\n<p>Acquista olio bmk, ordina olio bmk, ordine olio bmk economico, bmk in vendita, acquista olio bmk china, BMK china,<\/p>\n","protected":false},"excerpt":{"rendered":"<p>Forniamo olio BMK su larga e piccola scala, dove ordinare olio BMK, trattiamo solo con acquirenti seri. contattaci per acquistare olio BMK<\/p>\n","protected":false},"featured_media":2242,"comment_status":"open","ping_status":"closed","template":"","meta":{"inline_featured_image":false},"product_brand":[],"product_cat":[344],"product_tag":[690,605,691,689],"class_list":{"0":"post-2212","1":"product","2":"type-product","3":"status-publish","4":"has-post-thumbnail","6":"product_cat-ricerca-prodotti-chimici","7":"product_tag-acquista-olio-bmk","8":"product_tag-bmk-oil","9":"product_tag-dove-ordinare-olio-bmk","10":"product_tag-olio-bmk-in-vendita","12":"first","13":"instock","14":"shipping-taxable","15":"purchasable","16":"product-type-variable","17":"has-default-attributes"},"yoast_head":"<!-- This site is optimized with the Yoast SEO Premium plugin v20.6 (Yoast SEO v27.3) - https:\/\/yoast.com\/product\/yoast-seo-premium-wordpress\/ -->\n<title>Dove ordinare l&#039;olio BMK | Acquista olio BMK | Olio BMK in vendita<\/title>\n<meta name=\"description\" content=\"Forniamo olio BMK su larga e piccola scala, Dove ordinare l&#039;olio BMK, trattiamo solo con acquirenti seri. contattaci per acquistare olio BMK\" \/>\n<meta name=\"robots\" content=\"index, follow, max-snippet:-1, max-image-preview:large, max-video-preview:-1\" \/>\n<link rel=\"canonical\" href=\"https:\/\/gooddealersmeds.com\/it\/product\/olio-di-benzilmetilchetone-bmk\/\" \/>\n<meta property=\"og:locale\" content=\"en_US\" \/>\n<meta property=\"og:type\" content=\"article\" \/>\n<meta property=\"og:title\" content=\"Olio di benzilmetilchetone (BMK).\" \/>\n<meta property=\"og:description\" content=\"Forniamo olio BMK su larga e piccola scala, Dove ordinare l&#039;olio BMK, trattiamo solo con acquirenti seri. contattaci per acquistare olio BMK\" \/>\n<meta property=\"og:url\" content=\"https:\/\/gooddealersmeds.com\/it\/product\/olio-di-benzilmetilchetone-bmk\/\" \/>\n<meta property=\"og:site_name\" content=\"Good Dealers Meds\" \/>\n<meta property=\"article:modified_time\" content=\"2023-03-13T00:13:40+00:00\" \/>\n<meta property=\"og:image\" content=\"https:\/\/gooddealersmeds.com\/it\/wp-content\/uploads\/sites\/7\/2023\/01\/bmk-oil.jpg\" \/>\n\t<meta property=\"og:image:width\" content=\"600\" \/>\n\t<meta property=\"og:image:height\" content=\"600\" \/>\n\t<meta property=\"og:image:type\" content=\"image\/jpeg\" \/>\n<meta name=\"twitter:card\" content=\"summary_large_image\" \/>\n<meta name=\"twitter:label1\" content=\"Est. reading time\" \/>\n\t<meta name=\"twitter:data1\" content=\"1 minute\" \/>\n<script type=\"application\/ld+json\" class=\"yoast-schema-graph\">{\"@context\":\"https:\\\/\\\/schema.org\",\"@graph\":[{\"@type\":\"WebPage\",\"@id\":\"https:\\\/\\\/gooddealersmeds.com\\\/it\\\/product\\\/olio-di-benzilmetilchetone-bmk\\\/\",\"url\":\"https:\\\/\\\/gooddealersmeds.com\\\/it\\\/product\\\/olio-di-benzilmetilchetone-bmk\\\/\",\"name\":\"Dove ordinare l'olio BMK | Acquista olio BMK | Olio BMK in vendita\",\"isPartOf\":{\"@id\":\"https:\\\/\\\/gooddealersmeds.com\\\/it\\\/#website\"},\"primaryImageOfPage\":{\"@id\":\"https:\\\/\\\/gooddealersmeds.com\\\/it\\\/product\\\/olio-di-benzilmetilchetone-bmk\\\/#primaryimage\"},\"image\":{\"@id\":\"https:\\\/\\\/gooddealersmeds.com\\\/it\\\/product\\\/olio-di-benzilmetilchetone-bmk\\\/#primaryimage\"},\"thumbnailUrl\":\"https:\\\/\\\/gooddealersmeds.com\\\/it\\\/wp-content\\\/uploads\\\/sites\\\/7\\\/2023\\\/01\\\/bmk-oil.jpg\",\"datePublished\":\"2023-01-08T19:06:15+00:00\",\"dateModified\":\"2023-03-13T00:13:40+00:00\",\"description\":\"Forniamo olio BMK su larga e piccola scala, Dove ordinare l'olio BMK, trattiamo solo con acquirenti seri. contattaci per acquistare olio BMK\",\"breadcrumb\":{\"@id\":\"https:\\\/\\\/gooddealersmeds.com\\\/it\\\/product\\\/olio-di-benzilmetilchetone-bmk\\\/#breadcrumb\"},\"inLanguage\":\"en-US\",\"potentialAction\":[{\"@type\":\"ReadAction\",\"target\":[\"https:\\\/\\\/gooddealersmeds.com\\\/it\\\/product\\\/olio-di-benzilmetilchetone-bmk\\\/\"]}]},{\"@type\":\"ImageObject\",\"inLanguage\":\"en-US\",\"@id\":\"https:\\\/\\\/gooddealersmeds.com\\\/it\\\/product\\\/olio-di-benzilmetilchetone-bmk\\\/#primaryimage\",\"url\":\"https:\\\/\\\/gooddealersmeds.com\\\/it\\\/wp-content\\\/uploads\\\/sites\\\/7\\\/2023\\\/01\\\/bmk-oil.jpg\",\"contentUrl\":\"https:\\\/\\\/gooddealersmeds.com\\\/it\\\/wp-content\\\/uploads\\\/sites\\\/7\\\/2023\\\/01\\\/bmk-oil.jpg\",\"width\":600,\"height\":600},{\"@type\":\"BreadcrumbList\",\"@id\":\"https:\\\/\\\/gooddealersmeds.com\\\/it\\\/product\\\/olio-di-benzilmetilchetone-bmk\\\/#breadcrumb\",\"itemListElement\":[{\"@type\":\"ListItem\",\"position\":1,\"name\":\"Home\",\"item\":\"https:\\\/\\\/gooddealersmeds.com\\\/it\\\/\"},{\"@type\":\"ListItem\",\"position\":2,\"name\":\"Prodotti\",\"item\":\"https:\\\/\\\/gooddealersmeds.com\\\/it\\\/prodotti\\\/\"},{\"@type\":\"ListItem\",\"position\":3,\"name\":\"Olio di benzilmetilchetone (BMK).\"}]},{\"@type\":\"WebSite\",\"@id\":\"https:\\\/\\\/gooddealersmeds.com\\\/it\\\/#website\",\"url\":\"https:\\\/\\\/gooddealersmeds.com\\\/it\\\/\",\"name\":\"Good Dealers Meds\",\"description\":\"All our best\",\"publisher\":{\"@id\":\"https:\\\/\\\/gooddealersmeds.com\\\/it\\\/#organization\"},\"potentialAction\":[{\"@type\":\"SearchAction\",\"target\":{\"@type\":\"EntryPoint\",\"urlTemplate\":\"https:\\\/\\\/gooddealersmeds.com\\\/it\\\/?s={search_term_string}\"},\"query-input\":{\"@type\":\"PropertyValueSpecification\",\"valueRequired\":true,\"valueName\":\"search_term_string\"}}],\"inLanguage\":\"en-US\"},{\"@type\":\"Organization\",\"@id\":\"https:\\\/\\\/gooddealersmeds.com\\\/it\\\/#organization\",\"name\":\"Good Dealers Meds\",\"url\":\"https:\\\/\\\/gooddealersmeds.com\\\/it\\\/\",\"logo\":{\"@type\":\"ImageObject\",\"inLanguage\":\"en-US\",\"@id\":\"https:\\\/\\\/gooddealersmeds.com\\\/it\\\/#\\\/schema\\\/logo\\\/image\\\/\",\"url\":\"https:\\\/\\\/gooddealersmeds.com\\\/it\\\/wp-content\\\/uploads\\\/sites\\\/7\\\/2022\\\/03\\\/gooddealersmeds__logo__20220317T222800Z.00.png\",\"contentUrl\":\"https:\\\/\\\/gooddealersmeds.com\\\/it\\\/wp-content\\\/uploads\\\/sites\\\/7\\\/2022\\\/03\\\/gooddealersmeds__logo__20220317T222800Z.00.png\",\"width\":500,\"height\":325,\"caption\":\"Good Dealers Meds\"},\"image\":{\"@id\":\"https:\\\/\\\/gooddealersmeds.com\\\/it\\\/#\\\/schema\\\/logo\\\/image\\\/\"}}]}<\/script>\n<!-- \/ Yoast SEO Premium plugin. -->","yoast_head_json":{"title":"Dove ordinare l'olio BMK | Acquista olio BMK | Olio BMK in vendita","description":"Forniamo olio BMK su larga e piccola scala, Dove ordinare l'olio BMK, trattiamo solo con acquirenti seri. contattaci per acquistare olio BMK","robots":{"index":"index","follow":"follow","max-snippet":"max-snippet:-1","max-image-preview":"max-image-preview:large","max-video-preview":"max-video-preview:-1"},"canonical":"https:\/\/gooddealersmeds.com\/it\/product\/olio-di-benzilmetilchetone-bmk\/","og_locale":"en_US","og_type":"article","og_title":"Olio di benzilmetilchetone (BMK).","og_description":"Forniamo olio BMK su larga e piccola scala, Dove ordinare l'olio BMK, trattiamo solo con acquirenti seri. contattaci per acquistare olio BMK","og_url":"https:\/\/gooddealersmeds.com\/it\/product\/olio-di-benzilmetilchetone-bmk\/","og_site_name":"Good Dealers Meds","article_modified_time":"2023-03-13T00:13:40+00:00","og_image":[{"width":600,"height":600,"url":"https:\/\/gooddealersmeds.com\/it\/wp-content\/uploads\/sites\/7\/2023\/01\/bmk-oil.jpg","type":"image\/jpeg"}],"twitter_card":"summary_large_image","twitter_misc":{"Est. reading time":"1 minute"},"schema":{"@context":"https:\/\/schema.org","@graph":[{"@type":"WebPage","@id":"https:\/\/gooddealersmeds.com\/it\/product\/olio-di-benzilmetilchetone-bmk\/","url":"https:\/\/gooddealersmeds.com\/it\/product\/olio-di-benzilmetilchetone-bmk\/","name":"Dove ordinare l'olio BMK | Acquista olio BMK | Olio BMK in vendita","isPartOf":{"@id":"https:\/\/gooddealersmeds.com\/it\/#website"},"primaryImageOfPage":{"@id":"https:\/\/gooddealersmeds.com\/it\/product\/olio-di-benzilmetilchetone-bmk\/#primaryimage"},"image":{"@id":"https:\/\/gooddealersmeds.com\/it\/product\/olio-di-benzilmetilchetone-bmk\/#primaryimage"},"thumbnailUrl":"https:\/\/gooddealersmeds.com\/it\/wp-content\/uploads\/sites\/7\/2023\/01\/bmk-oil.jpg","datePublished":"2023-01-08T19:06:15+00:00","dateModified":"2023-03-13T00:13:40+00:00","description":"Forniamo olio BMK su larga e piccola scala, Dove ordinare l'olio BMK, trattiamo solo con acquirenti seri. contattaci per acquistare olio BMK","breadcrumb":{"@id":"https:\/\/gooddealersmeds.com\/it\/product\/olio-di-benzilmetilchetone-bmk\/#breadcrumb"},"inLanguage":"en-US","potentialAction":[{"@type":"ReadAction","target":["https:\/\/gooddealersmeds.com\/it\/product\/olio-di-benzilmetilchetone-bmk\/"]}]},{"@type":"ImageObject","inLanguage":"en-US","@id":"https:\/\/gooddealersmeds.com\/it\/product\/olio-di-benzilmetilchetone-bmk\/#primaryimage","url":"https:\/\/gooddealersmeds.com\/it\/wp-content\/uploads\/sites\/7\/2023\/01\/bmk-oil.jpg","contentUrl":"https:\/\/gooddealersmeds.com\/it\/wp-content\/uploads\/sites\/7\/2023\/01\/bmk-oil.jpg","width":600,"height":600},{"@type":"BreadcrumbList","@id":"https:\/\/gooddealersmeds.com\/it\/product\/olio-di-benzilmetilchetone-bmk\/#breadcrumb","itemListElement":[{"@type":"ListItem","position":1,"name":"Home","item":"https:\/\/gooddealersmeds.com\/it\/"},{"@type":"ListItem","position":2,"name":"Prodotti","item":"https:\/\/gooddealersmeds.com\/it\/prodotti\/"},{"@type":"ListItem","position":3,"name":"Olio di benzilmetilchetone (BMK)."}]},{"@type":"WebSite","@id":"https:\/\/gooddealersmeds.com\/it\/#website","url":"https:\/\/gooddealersmeds.com\/it\/","name":"Good Dealers Meds","description":"All our best","publisher":{"@id":"https:\/\/gooddealersmeds.com\/it\/#organization"},"potentialAction":[{"@type":"SearchAction","target":{"@type":"EntryPoint","urlTemplate":"https:\/\/gooddealersmeds.com\/it\/?s={search_term_string}"},"query-input":{"@type":"PropertyValueSpecification","valueRequired":true,"valueName":"search_term_string"}}],"inLanguage":"en-US"},{"@type":"Organization","@id":"https:\/\/gooddealersmeds.com\/it\/#organization","name":"Good Dealers Meds","url":"https:\/\/gooddealersmeds.com\/it\/","logo":{"@type":"ImageObject","inLanguage":"en-US","@id":"https:\/\/gooddealersmeds.com\/it\/#\/schema\/logo\/image\/","url":"https:\/\/gooddealersmeds.com\/it\/wp-content\/uploads\/sites\/7\/2022\/03\/gooddealersmeds__logo__20220317T222800Z.00.png","contentUrl":"https:\/\/gooddealersmeds.com\/it\/wp-content\/uploads\/sites\/7\/2022\/03\/gooddealersmeds__logo__20220317T222800Z.00.png","width":500,"height":325,"caption":"Good Dealers Meds"},"image":{"@id":"https:\/\/gooddealersmeds.com\/it\/#\/schema\/logo\/image\/"}}]}},"_links":{"self":[{"href":"https:\/\/gooddealersmeds.com\/it\/wp-json\/wp\/v2\/product\/2212","targetHints":{"allow":["GET"]}}],"collection":[{"href":"https:\/\/gooddealersmeds.com\/it\/wp-json\/wp\/v2\/product"}],"about":[{"href":"https:\/\/gooddealersmeds.com\/it\/wp-json\/wp\/v2\/types\/product"}],"replies":[{"embeddable":true,"href":"https:\/\/gooddealersmeds.com\/it\/wp-json\/wp\/v2\/comments?post=2212"}],"wp:featuredmedia":[{"embeddable":true,"href":"https:\/\/gooddealersmeds.com\/it\/wp-json\/wp\/v2\/media\/2242"}],"wp:attachment":[{"href":"https:\/\/gooddealersmeds.com\/it\/wp-json\/wp\/v2\/media?parent=2212"}],"wp:term":[{"taxonomy":"product_brand","embeddable":true,"href":"https:\/\/gooddealersmeds.com\/it\/wp-json\/wp\/v2\/product_brand?post=2212"},{"taxonomy":"product_cat","embeddable":true,"href":"https:\/\/gooddealersmeds.com\/it\/wp-json\/wp\/v2\/product_cat?post=2212"},{"taxonomy":"product_tag","embeddable":true,"href":"https:\/\/gooddealersmeds.com\/it\/wp-json\/wp\/v2\/product_tag?post=2212"}],"curies":[{"name":"wp","href":"https:\/\/api.w.org\/{rel}","templated":true}]}}