{"id":2009,"date":"2022-07-03T14:50:24","date_gmt":"2022-07-03T14:50:24","guid":{"rendered":"https:\/\/gooddealersmeds.com\/it\/?post_type=product&#038;p=2009"},"modified":"2022-12-29T19:49:43","modified_gmt":"2022-12-29T19:49:43","slug":"buy-liquid-lsd-200ug-drop-online","status":"publish","type":"product","link":"https:\/\/gooddealersmeds.com\/it\/product\/buy-liquid-lsd-200ug-drop-online\/","title":{"rendered":"Acquista LSD liquido 200ug Gocce online"},"content":{"rendered":"<h2>Acquisto di gocce da 200 ug di LSD liquido online da noi.<\/h2>\n<p>Stai cercando un modo per Acquista Gocce di LSD liquido online?<\/p>\n<p><a href=\"https:\/\/gooddealersmeds.com\/it\/product\/buy -liquid-lsd-200ug-drop-online\/\">Liquid LSD 200ug drop<\/a> \u00e8 un farmaco che pu\u00f2 essere utilizzato per scopi ricreativi e terapeutici.<\/p>\n<p>Beh, ci sono due modi principali: tramite aggiungendo gocce direttamente sotto la lingua o mescolandolo con alcol o acqua e bevendolo come un cocktail. Quest&#8217;ultimo metodo \u00e8 generalmente considerato pi\u00f9 pericoloso perch\u00e9 richiede pi\u00f9 cautela e produce un effetto pi\u00f9 forte sul corpo pi\u00f9 rapidamente di quanto sia necessario per qualsiasi altra sostanza, ma se non \u00e8 qualcosa che ti preoccupa troppo, allora vai avanti e usa entrambi metodo!<\/p>\n<p>Ricorda, anche una singola goccia di <a href=\"https:\/\/it.wikipedia.org\/wiki\/LSD\">LSD<\/a> liquido pu\u00f2 essere troppo forte.<\/p>\n<p>Se sei nuovo in questo, vai con una goccia. \u00c8 ancora molto forte e avr\u00e0 un buon effetto sul tuo corpo, ma non durer\u00e0 a lungo.<\/p>\n<p><strong>Perch\u00e9 ordinare Liquid LSD 200ug gocce Online?<\/strong><\/p>\n<p>Sappiamo che acquistare LSD liquido non \u00e8 cos\u00ec semplice come colpire il tuo spacciatore locale. Ci vogliono tempo, conoscenza e denaro e se stai cercando di acquistare online, probabilmente dovrai avere a che fare con venditori loschi che cercano di fregarti.<\/p>\n<p>Non importa dove vivi in \u200b\u200bquesto mondo , sarai in grado di trovare una fonte affidabile di LSD e altri farmaci senza problemi.<\/p>\n<p><strong>Dove acquistare LSD liquido 200ug gocce Online?<\/strong><\/p>\n<p>Per raccogliere i benefici di questa stessa medicina, avrai bisogno di una goccia di LSD da 200 ug liquido. Puoi acquistarlo online su Good Dealers Meds. Acquista Gocce di LSD liquido<\/p>\n<p>Abbiamo le migliori offerte su Internet e i nostri prezzi sono sempre competitivi. Abbiamo oltre 10\u00a0anni di esperienza nel settore, quindi fidati di noi quando diciamo che stai ottenendo un ottimo affare. Quindi la tua ricerca per acquistare il Liquid LSD 200ug Drops online \u00e8 finita!<\/p>\n","protected":false},"excerpt":{"rendered":"<p><strong>LSD sta per dietilamide dell&#8217;acido lisergico<\/strong><\/p>\n<p>\u00c8 un farmaco che si presenta come un liquido trasparente incolore. \u00c8 disponibile in gocce liquide. L&#8217;LSD viene solitamente assunto per via orale. Alcune persone lo inalano attraverso il naso (sbuffano) o lo iniettano in una vena (sparando). LSD liquido 200ug e goccia in vendita online a buon mercato. L&#8217;acquisto di LSD \u00e8 molto semplice sul nostro sito Web, \u00e8 facilmente disponibile nel negozio online.<\/p>\n<p>1 ml = 20 gocce = 20 assorbenti<\/p>\n","protected":false},"featured_media":2010,"comment_status":"open","ping_status":"closed","template":"","meta":{"inline_featured_image":false},"product_brand":[],"product_cat":[345],"product_tag":[574,580,107,585,105,586,575,576,577,581,583,587,584,582,579,578],"class_list":{"0":"post-2009","1":"product","2":"type-product","3":"status-publish","4":"has-post-thumbnail","6":"product_cat-droghe-psichedeliche","7":"product_tag-buy-liquid-lsd-200ug-drop-online-buy-liquid-lsd","8":"product_tag-buy-liquid-lsd-200ug-online","9":"product_tag-acquistare","10":"product_tag-buy-liquid-lsd-200ug-drop-pills-online-usa","11":"product_tag-canada","12":"product_tag-how-to-order-liquid-lsd-200ug-drop","13":"product_tag-buy-liquid-lsd-200ug-drop","14":"product_tag-buy-liquid-lsd-online","15":"product_tag-dove-acquistare-liquido-lsd-200ug-drop","16":"product_tag-dove-acquistare-liquido-lsd-200ug-drop-online","17":"product_tag-puoi-ancora-ottenere-liquid-lsd-200ug-drop","18":"product_tag-is-liquid-lsd-200ug-drop-legal-in-canada","19":"product_tag-is-liquid-lsd-200ug-drop-legal-in-usa","20":"product_tag-liquido-lsd-200ug-drop-in-vendita-negli-usa","21":"product_tag-liquido-lsd-in-vendita","22":"product_tag-liquido-lsd-200ug-drop-in-vendita","24":"first","25":"instock","26":"shipping-taxable","27":"purchasable","28":"product-type-variable","29":"has-default-attributes"},"yoast_head":"<!-- This site is optimized with the Yoast SEO Premium plugin v20.6 (Yoast SEO v27.3) - https:\/\/yoast.com\/product\/yoast-seo-premium-wordpress\/ -->\n<title>Acquista Gocce di LSD liquido (200ug) | Ordina una goccia di LSD<\/title>\n<meta name=\"description\" content=\"Acquista Gocce di LSD liquido online a prezzi economici con la massima purezza. \u00c8 facilmente disponibile sul negozio online d&#039;Europa.\" \/>\n<meta name=\"robots\" content=\"index, follow, max-snippet:-1, max-image-preview:large, max-video-preview:-1\" \/>\n<link rel=\"canonical\" href=\"https:\/\/gooddealersmeds.com\/it\/product\/buy-liquid-lsd-200ug-drop-online\/\" \/>\n<meta property=\"og:locale\" content=\"en_US\" \/>\n<meta property=\"og:type\" content=\"article\" \/>\n<meta property=\"og:title\" content=\"Acquista LSD liquido 200ug Gocce online\" \/>\n<meta property=\"og:description\" content=\"Acquista Gocce di LSD liquido online a prezzi economici con la massima purezza. \u00c8 facilmente disponibile sul negozio online d&#039;Europa.\" \/>\n<meta property=\"og:url\" content=\"https:\/\/gooddealersmeds.com\/it\/product\/buy-liquid-lsd-200ug-drop-online\/\" \/>\n<meta property=\"og:site_name\" content=\"Good Dealers Meds\" \/>\n<meta property=\"article:modified_time\" content=\"2022-12-29T19:49:43+00:00\" \/>\n<meta property=\"og:image\" content=\"https:\/\/gooddealersmeds.com\/it\/wp-content\/uploads\/sites\/7\/2022\/07\/buy-liquid-lsd-200ug-drop-online-cheap-1.jpg\" \/>\n\t<meta property=\"og:image:width\" content=\"600\" \/>\n\t<meta property=\"og:image:height\" content=\"600\" \/>\n\t<meta property=\"og:image:type\" content=\"image\/jpeg\" \/>\n<meta name=\"twitter:card\" content=\"summary_large_image\" \/>\n<meta name=\"twitter:label1\" content=\"Est. reading time\" \/>\n\t<meta name=\"twitter:data1\" content=\"1 minute\" \/>\n<script type=\"application\/ld+json\" class=\"yoast-schema-graph\">{\"@context\":\"https:\\\/\\\/schema.org\",\"@graph\":[{\"@type\":\"WebPage\",\"@id\":\"https:\\\/\\\/gooddealersmeds.com\\\/it\\\/product\\\/buy-liquid-lsd-200ug-drop-online\\\/\",\"url\":\"https:\\\/\\\/gooddealersmeds.com\\\/it\\\/product\\\/buy-liquid-lsd-200ug-drop-online\\\/\",\"name\":\"Acquista Gocce di LSD liquido (200ug) | Ordina una goccia di LSD\",\"isPartOf\":{\"@id\":\"https:\\\/\\\/gooddealersmeds.com\\\/it\\\/#website\"},\"primaryImageOfPage\":{\"@id\":\"https:\\\/\\\/gooddealersmeds.com\\\/it\\\/product\\\/buy-liquid-lsd-200ug-drop-online\\\/#primaryimage\"},\"image\":{\"@id\":\"https:\\\/\\\/gooddealersmeds.com\\\/it\\\/product\\\/buy-liquid-lsd-200ug-drop-online\\\/#primaryimage\"},\"thumbnailUrl\":\"https:\\\/\\\/gooddealersmeds.com\\\/it\\\/wp-content\\\/uploads\\\/sites\\\/7\\\/2022\\\/07\\\/buy-liquid-lsd-200ug-drop-online-cheap-1.jpg\",\"datePublished\":\"2022-07-03T14:50:24+00:00\",\"dateModified\":\"2022-12-29T19:49:43+00:00\",\"description\":\"Acquista Gocce di LSD liquido online a prezzi economici con la massima purezza. \u00c8 facilmente disponibile sul negozio online d'Europa.\",\"breadcrumb\":{\"@id\":\"https:\\\/\\\/gooddealersmeds.com\\\/it\\\/product\\\/buy-liquid-lsd-200ug-drop-online\\\/#breadcrumb\"},\"inLanguage\":\"en-US\",\"potentialAction\":[{\"@type\":\"ReadAction\",\"target\":[\"https:\\\/\\\/gooddealersmeds.com\\\/it\\\/product\\\/buy-liquid-lsd-200ug-drop-online\\\/\"]}]},{\"@type\":\"ImageObject\",\"inLanguage\":\"en-US\",\"@id\":\"https:\\\/\\\/gooddealersmeds.com\\\/it\\\/product\\\/buy-liquid-lsd-200ug-drop-online\\\/#primaryimage\",\"url\":\"https:\\\/\\\/gooddealersmeds.com\\\/it\\\/wp-content\\\/uploads\\\/sites\\\/7\\\/2022\\\/07\\\/buy-liquid-lsd-200ug-drop-online-cheap-1.jpg\",\"contentUrl\":\"https:\\\/\\\/gooddealersmeds.com\\\/it\\\/wp-content\\\/uploads\\\/sites\\\/7\\\/2022\\\/07\\\/buy-liquid-lsd-200ug-drop-online-cheap-1.jpg\",\"width\":600,\"height\":600,\"caption\":\"Buy liquid LSD Drop\"},{\"@type\":\"BreadcrumbList\",\"@id\":\"https:\\\/\\\/gooddealersmeds.com\\\/it\\\/product\\\/buy-liquid-lsd-200ug-drop-online\\\/#breadcrumb\",\"itemListElement\":[{\"@type\":\"ListItem\",\"position\":1,\"name\":\"Home\",\"item\":\"https:\\\/\\\/gooddealersmeds.com\\\/it\\\/\"},{\"@type\":\"ListItem\",\"position\":2,\"name\":\"Prodotti\",\"item\":\"https:\\\/\\\/gooddealersmeds.com\\\/it\\\/prodotti\\\/\"},{\"@type\":\"ListItem\",\"position\":3,\"name\":\"Acquista LSD liquido 200ug Gocce online\"}]},{\"@type\":\"WebSite\",\"@id\":\"https:\\\/\\\/gooddealersmeds.com\\\/it\\\/#website\",\"url\":\"https:\\\/\\\/gooddealersmeds.com\\\/it\\\/\",\"name\":\"Good Dealers Meds\",\"description\":\"All our best\",\"publisher\":{\"@id\":\"https:\\\/\\\/gooddealersmeds.com\\\/it\\\/#organization\"},\"potentialAction\":[{\"@type\":\"SearchAction\",\"target\":{\"@type\":\"EntryPoint\",\"urlTemplate\":\"https:\\\/\\\/gooddealersmeds.com\\\/it\\\/?s={search_term_string}\"},\"query-input\":{\"@type\":\"PropertyValueSpecification\",\"valueRequired\":true,\"valueName\":\"search_term_string\"}}],\"inLanguage\":\"en-US\"},{\"@type\":\"Organization\",\"@id\":\"https:\\\/\\\/gooddealersmeds.com\\\/it\\\/#organization\",\"name\":\"Good Dealers Meds\",\"url\":\"https:\\\/\\\/gooddealersmeds.com\\\/it\\\/\",\"logo\":{\"@type\":\"ImageObject\",\"inLanguage\":\"en-US\",\"@id\":\"https:\\\/\\\/gooddealersmeds.com\\\/it\\\/#\\\/schema\\\/logo\\\/image\\\/\",\"url\":\"https:\\\/\\\/gooddealersmeds.com\\\/it\\\/wp-content\\\/uploads\\\/sites\\\/7\\\/2022\\\/03\\\/gooddealersmeds__logo__20220317T222800Z.00.png\",\"contentUrl\":\"https:\\\/\\\/gooddealersmeds.com\\\/it\\\/wp-content\\\/uploads\\\/sites\\\/7\\\/2022\\\/03\\\/gooddealersmeds__logo__20220317T222800Z.00.png\",\"width\":500,\"height\":325,\"caption\":\"Good Dealers Meds\"},\"image\":{\"@id\":\"https:\\\/\\\/gooddealersmeds.com\\\/it\\\/#\\\/schema\\\/logo\\\/image\\\/\"}}]}<\/script>\n<!-- \/ Yoast SEO Premium plugin. -->","yoast_head_json":{"title":"Acquista Gocce di LSD liquido (200ug) | Ordina una goccia di LSD","description":"Acquista Gocce di LSD liquido online a prezzi economici con la massima purezza. \u00c8 facilmente disponibile sul negozio online d'Europa.","robots":{"index":"index","follow":"follow","max-snippet":"max-snippet:-1","max-image-preview":"max-image-preview:large","max-video-preview":"max-video-preview:-1"},"canonical":"https:\/\/gooddealersmeds.com\/it\/product\/buy-liquid-lsd-200ug-drop-online\/","og_locale":"en_US","og_type":"article","og_title":"Acquista LSD liquido 200ug Gocce online","og_description":"Acquista Gocce di LSD liquido online a prezzi economici con la massima purezza. \u00c8 facilmente disponibile sul negozio online d'Europa.","og_url":"https:\/\/gooddealersmeds.com\/it\/product\/buy-liquid-lsd-200ug-drop-online\/","og_site_name":"Good Dealers Meds","article_modified_time":"2022-12-29T19:49:43+00:00","og_image":[{"width":600,"height":600,"url":"https:\/\/gooddealersmeds.com\/it\/wp-content\/uploads\/sites\/7\/2022\/07\/buy-liquid-lsd-200ug-drop-online-cheap-1.jpg","type":"image\/jpeg"}],"twitter_card":"summary_large_image","twitter_misc":{"Est. reading time":"1 minute"},"schema":{"@context":"https:\/\/schema.org","@graph":[{"@type":"WebPage","@id":"https:\/\/gooddealersmeds.com\/it\/product\/buy-liquid-lsd-200ug-drop-online\/","url":"https:\/\/gooddealersmeds.com\/it\/product\/buy-liquid-lsd-200ug-drop-online\/","name":"Acquista Gocce di LSD liquido (200ug) | Ordina una goccia di LSD","isPartOf":{"@id":"https:\/\/gooddealersmeds.com\/it\/#website"},"primaryImageOfPage":{"@id":"https:\/\/gooddealersmeds.com\/it\/product\/buy-liquid-lsd-200ug-drop-online\/#primaryimage"},"image":{"@id":"https:\/\/gooddealersmeds.com\/it\/product\/buy-liquid-lsd-200ug-drop-online\/#primaryimage"},"thumbnailUrl":"https:\/\/gooddealersmeds.com\/it\/wp-content\/uploads\/sites\/7\/2022\/07\/buy-liquid-lsd-200ug-drop-online-cheap-1.jpg","datePublished":"2022-07-03T14:50:24+00:00","dateModified":"2022-12-29T19:49:43+00:00","description":"Acquista Gocce di LSD liquido online a prezzi economici con la massima purezza. \u00c8 facilmente disponibile sul negozio online d'Europa.","breadcrumb":{"@id":"https:\/\/gooddealersmeds.com\/it\/product\/buy-liquid-lsd-200ug-drop-online\/#breadcrumb"},"inLanguage":"en-US","potentialAction":[{"@type":"ReadAction","target":["https:\/\/gooddealersmeds.com\/it\/product\/buy-liquid-lsd-200ug-drop-online\/"]}]},{"@type":"ImageObject","inLanguage":"en-US","@id":"https:\/\/gooddealersmeds.com\/it\/product\/buy-liquid-lsd-200ug-drop-online\/#primaryimage","url":"https:\/\/gooddealersmeds.com\/it\/wp-content\/uploads\/sites\/7\/2022\/07\/buy-liquid-lsd-200ug-drop-online-cheap-1.jpg","contentUrl":"https:\/\/gooddealersmeds.com\/it\/wp-content\/uploads\/sites\/7\/2022\/07\/buy-liquid-lsd-200ug-drop-online-cheap-1.jpg","width":600,"height":600,"caption":"Buy liquid LSD Drop"},{"@type":"BreadcrumbList","@id":"https:\/\/gooddealersmeds.com\/it\/product\/buy-liquid-lsd-200ug-drop-online\/#breadcrumb","itemListElement":[{"@type":"ListItem","position":1,"name":"Home","item":"https:\/\/gooddealersmeds.com\/it\/"},{"@type":"ListItem","position":2,"name":"Prodotti","item":"https:\/\/gooddealersmeds.com\/it\/prodotti\/"},{"@type":"ListItem","position":3,"name":"Acquista LSD liquido 200ug Gocce online"}]},{"@type":"WebSite","@id":"https:\/\/gooddealersmeds.com\/it\/#website","url":"https:\/\/gooddealersmeds.com\/it\/","name":"Good Dealers Meds","description":"All our best","publisher":{"@id":"https:\/\/gooddealersmeds.com\/it\/#organization"},"potentialAction":[{"@type":"SearchAction","target":{"@type":"EntryPoint","urlTemplate":"https:\/\/gooddealersmeds.com\/it\/?s={search_term_string}"},"query-input":{"@type":"PropertyValueSpecification","valueRequired":true,"valueName":"search_term_string"}}],"inLanguage":"en-US"},{"@type":"Organization","@id":"https:\/\/gooddealersmeds.com\/it\/#organization","name":"Good Dealers Meds","url":"https:\/\/gooddealersmeds.com\/it\/","logo":{"@type":"ImageObject","inLanguage":"en-US","@id":"https:\/\/gooddealersmeds.com\/it\/#\/schema\/logo\/image\/","url":"https:\/\/gooddealersmeds.com\/it\/wp-content\/uploads\/sites\/7\/2022\/03\/gooddealersmeds__logo__20220317T222800Z.00.png","contentUrl":"https:\/\/gooddealersmeds.com\/it\/wp-content\/uploads\/sites\/7\/2022\/03\/gooddealersmeds__logo__20220317T222800Z.00.png","width":500,"height":325,"caption":"Good Dealers Meds"},"image":{"@id":"https:\/\/gooddealersmeds.com\/it\/#\/schema\/logo\/image\/"}}]}},"_links":{"self":[{"href":"https:\/\/gooddealersmeds.com\/it\/wp-json\/wp\/v2\/product\/2009","targetHints":{"allow":["GET"]}}],"collection":[{"href":"https:\/\/gooddealersmeds.com\/it\/wp-json\/wp\/v2\/product"}],"about":[{"href":"https:\/\/gooddealersmeds.com\/it\/wp-json\/wp\/v2\/types\/product"}],"replies":[{"embeddable":true,"href":"https:\/\/gooddealersmeds.com\/it\/wp-json\/wp\/v2\/comments?post=2009"}],"wp:featuredmedia":[{"embeddable":true,"href":"https:\/\/gooddealersmeds.com\/it\/wp-json\/wp\/v2\/media\/2010"}],"wp:attachment":[{"href":"https:\/\/gooddealersmeds.com\/it\/wp-json\/wp\/v2\/media?parent=2009"}],"wp:term":[{"taxonomy":"product_brand","embeddable":true,"href":"https:\/\/gooddealersmeds.com\/it\/wp-json\/wp\/v2\/product_brand?post=2009"},{"taxonomy":"product_cat","embeddable":true,"href":"https:\/\/gooddealersmeds.com\/it\/wp-json\/wp\/v2\/product_cat?post=2009"},{"taxonomy":"product_tag","embeddable":true,"href":"https:\/\/gooddealersmeds.com\/it\/wp-json\/wp\/v2\/product_tag?post=2009"}],"curies":[{"name":"wp","href":"https:\/\/api.w.org\/{rel}","templated":true}]}}