{"id":2002,"date":"2022-08-01T19:12:36","date_gmt":"2022-08-01T19:12:36","guid":{"rendered":"https:\/\/gooddealersmeds.com\/it\/?post_type=product&#038;p=2002"},"modified":"2022-12-29T19:26:14","modified_gmt":"2022-12-29T19:26:14","slug":"comprare-qualita-fenciclidina-pcp-liquido","status":"publish","type":"product","link":"https:\/\/gooddealersmeds.com\/it\/product\/comprare-qualita-fenciclidina-pcp-liquido\/","title":{"rendered":"Acquista un liquido di fenciclidina di qualit\u00e0 (PCP)."},"content":{"rendered":"<h2>Fenciclidina liquida (PCP)<\/h2>\n<p>La fenciclidina liquida (<a href=\"https:\/\/www.nembutalgroup.com\/it\/prodotti\/\">PCP<\/a>) \u00e8 una droga psichedelica considerata per la sua capacit\u00e0 di alterare la realt\u00e0. \u00c8 una droga ricreativa; pu\u00f2 anche essere iniettato poich\u00e9 \u00e8 allo stato liquido Acquista online il liquido di fenciclidina. Potrebbe anche essere miscelato con tabacco o marijuana a seconda delle preferenze individuali, dove ordinare Phenciclidine Liquid. La fenciclidina \u00e8 un membro della classe dei farmaci arilcicloesilammina ed \u00e8 un anestetico dissociativo. Aiuta a ridurre significativamente il dolore a seconda della dose assunta; potrebbe anche agire come anestetico, stimolante o depressivo. Effetti collaterali come visione offuscata, vomito e vertigini possono essere associati all&#8217;assunzione di dosi significativamente elevate. Se usato con moderazione ti fa sentire distaccato dalla realt\u00e0 e d\u00e0 una sensazione di euforia. \u00c8 noto che imita quasi come se avessi una forza sovrumana e non avessi paura di nulla.<\/p>\n<h2>Utilizzo di fenciclidina<\/h2>\n<p>Il liquido di fenciclidina (PCP) ha un tempo di reazione veloce quando iniettato direttamente nel corpo. In genere si consuma dopo 6-24 ore a seconda del dosaggio utilizzato. Il pericolo di effetti collaterali significativi e sovradosaggio aumenta quando il PCP \u00e8 combinato con altri farmaci, compresa la prescrizione, <a href=\"https:\/\/gooddealersmeds.com\/it\/product\/buy-quality-phencyclidine-pcp-liquid\/\">PCP in vendita da banco (OTC)<\/a> e altri oppioidi ricreativi. Ci\u00f2 \u00e8 particolarmente vero quando si combinano farmaci che deprimono il sistema nervoso centrale. Potrebbe rallentare notevolmente la respirazione e causare un aumento della pressione sanguigna.<\/p>\n<h3>Dose di PCP<\/h3>\n<p>Il liquido di fenciclidina (PCP) non deve essere usato spesso perch\u00e9 l&#8217;uso frequente ea lungo termine potrebbe avere effetti sgradevoli. Non dovrebbe essere usato da solo perch\u00e9 l&#8217;utente potrebbe sperimentare allucinazioni che potrebbero portare a comportamenti strani e confusione; avere un compagno o una compagnia sarebbe eccellente e vantaggioso in caso di qualsiasi problema. Rimani sempre idratato quando usi il PCP per evitare la disidratazione e la temperatura corporea elevata. \u00c8 sempre una buona idea evitare di mescolare il PCP con l&#8217;alcol. C&#8217;\u00e8 il rischio di diventare dipendenti da questo farmaco soprattutto quando lo si utilizza costantemente, dovrebbe essere assunto a dosi moderate e puoi contattare i nostri medici per ottenere un&#8217;adeguata istruzione sull&#8217;uso, Acquista online il liquido di fenciclidina<\/p>\n","protected":false},"excerpt":{"rendered":"<p>Fenciclidina liquida (PCP) La fenciclidina liquida (PCP) \u00e8 una droga psichedelica considerata per la sua capacit\u00e0 di alterare la realt\u00e0. \u00c8 una droga ricreativa; pu\u00f2 anche essere iniettato poich\u00e9 \u00e8 allo stato liquido Acquista online il liquido di fenciclidina. Potrebbe anche essere miscelato con tabacco o marijuana a seconda delle preferenze individuali, dove ordinare Phenciclidine&#8230;<\/p>\n","protected":false},"featured_media":2003,"comment_status":"open","ping_status":"closed","template":"","meta":{"inline_featured_image":false},"product_brand":[],"product_cat":[345],"product_tag":[],"class_list":{"0":"post-2002","1":"product","2":"type-product","3":"status-publish","4":"has-post-thumbnail","6":"product_cat-droghe-psichedeliche","8":"first","9":"instock","10":"shipping-taxable","11":"product-type-simple"},"yoast_head":"<!-- This site is optimized with the Yoast SEO Premium plugin v20.6 (Yoast SEO v27.3) - https:\/\/yoast.com\/product\/yoast-seo-premium-wordpress\/ -->\n<title>Acquista online il liquido di fenciclidina - Ordina PCP | Good Dealers Meds<\/title>\n<meta name=\"description\" content=\"Acquista online il liquido di fenciclidina (noto anche come polvere d&#039;angelo) a un prezzo accessibile da fornitori fidati con la massima purezza.\" \/>\n<meta name=\"robots\" content=\"index, follow, max-snippet:-1, max-image-preview:large, max-video-preview:-1\" \/>\n<link rel=\"canonical\" href=\"https:\/\/gooddealersmeds.com\/it\/product\/comprare-qualita-fenciclidina-pcp-liquido\/\" \/>\n<meta property=\"og:locale\" content=\"en_US\" \/>\n<meta property=\"og:type\" content=\"article\" \/>\n<meta property=\"og:title\" content=\"Acquista un liquido di fenciclidina di qualit\u00e0 (PCP).\" \/>\n<meta property=\"og:description\" content=\"Acquista online il liquido di fenciclidina (noto anche come polvere d&#039;angelo) a un prezzo accessibile da fornitori fidati con la massima purezza.\" \/>\n<meta property=\"og:url\" content=\"https:\/\/gooddealersmeds.com\/it\/product\/comprare-qualita-fenciclidina-pcp-liquido\/\" \/>\n<meta property=\"og:site_name\" content=\"Good Dealers Meds\" \/>\n<meta property=\"article:modified_time\" content=\"2022-12-29T19:26:14+00:00\" \/>\n<meta property=\"og:image\" content=\"https:\/\/gooddealersmeds.com\/it\/wp-content\/uploads\/sites\/7\/2022\/07\/pcp-angel-dust-solution.jpg\" \/>\n\t<meta property=\"og:image:width\" content=\"718\" \/>\n\t<meta property=\"og:image:height\" content=\"539\" \/>\n\t<meta property=\"og:image:type\" content=\"image\/jpeg\" \/>\n<meta name=\"twitter:card\" content=\"summary_large_image\" \/>\n<meta name=\"twitter:label1\" content=\"Est. reading time\" \/>\n\t<meta name=\"twitter:data1\" content=\"2 minutes\" \/>\n<script type=\"application\/ld+json\" class=\"yoast-schema-graph\">{\"@context\":\"https:\\\/\\\/schema.org\",\"@graph\":[{\"@type\":\"WebPage\",\"@id\":\"https:\\\/\\\/gooddealersmeds.com\\\/it\\\/product\\\/comprare-qualita-fenciclidina-pcp-liquido\\\/\",\"url\":\"https:\\\/\\\/gooddealersmeds.com\\\/it\\\/product\\\/comprare-qualita-fenciclidina-pcp-liquido\\\/\",\"name\":\"Acquista online il liquido di fenciclidina - Ordina PCP | Good Dealers Meds\",\"isPartOf\":{\"@id\":\"https:\\\/\\\/gooddealersmeds.com\\\/it\\\/#website\"},\"primaryImageOfPage\":{\"@id\":\"https:\\\/\\\/gooddealersmeds.com\\\/it\\\/product\\\/comprare-qualita-fenciclidina-pcp-liquido\\\/#primaryimage\"},\"image\":{\"@id\":\"https:\\\/\\\/gooddealersmeds.com\\\/it\\\/product\\\/comprare-qualita-fenciclidina-pcp-liquido\\\/#primaryimage\"},\"thumbnailUrl\":\"https:\\\/\\\/gooddealersmeds.com\\\/it\\\/wp-content\\\/uploads\\\/sites\\\/7\\\/2022\\\/07\\\/pcp-angel-dust-solution.jpg\",\"datePublished\":\"2022-08-01T19:12:36+00:00\",\"dateModified\":\"2022-12-29T19:26:14+00:00\",\"description\":\"Acquista online il liquido di fenciclidina (noto anche come polvere d'angelo) a un prezzo accessibile da fornitori fidati con la massima purezza.\",\"breadcrumb\":{\"@id\":\"https:\\\/\\\/gooddealersmeds.com\\\/it\\\/product\\\/comprare-qualita-fenciclidina-pcp-liquido\\\/#breadcrumb\"},\"inLanguage\":\"en-US\",\"potentialAction\":[{\"@type\":\"ReadAction\",\"target\":[\"https:\\\/\\\/gooddealersmeds.com\\\/it\\\/product\\\/comprare-qualita-fenciclidina-pcp-liquido\\\/\"]}]},{\"@type\":\"ImageObject\",\"inLanguage\":\"en-US\",\"@id\":\"https:\\\/\\\/gooddealersmeds.com\\\/it\\\/product\\\/comprare-qualita-fenciclidina-pcp-liquido\\\/#primaryimage\",\"url\":\"https:\\\/\\\/gooddealersmeds.com\\\/it\\\/wp-content\\\/uploads\\\/sites\\\/7\\\/2022\\\/07\\\/pcp-angel-dust-solution.jpg\",\"contentUrl\":\"https:\\\/\\\/gooddealersmeds.com\\\/it\\\/wp-content\\\/uploads\\\/sites\\\/7\\\/2022\\\/07\\\/pcp-angel-dust-solution.jpg\",\"width\":718,\"height\":539,\"caption\":\"buy pcp powder\"},{\"@type\":\"BreadcrumbList\",\"@id\":\"https:\\\/\\\/gooddealersmeds.com\\\/it\\\/product\\\/comprare-qualita-fenciclidina-pcp-liquido\\\/#breadcrumb\",\"itemListElement\":[{\"@type\":\"ListItem\",\"position\":1,\"name\":\"Home\",\"item\":\"https:\\\/\\\/gooddealersmeds.com\\\/it\\\/\"},{\"@type\":\"ListItem\",\"position\":2,\"name\":\"Prodotti\",\"item\":\"https:\\\/\\\/gooddealersmeds.com\\\/it\\\/prodotti\\\/\"},{\"@type\":\"ListItem\",\"position\":3,\"name\":\"Acquista un liquido di fenciclidina di qualit\u00e0 (PCP).\"}]},{\"@type\":\"WebSite\",\"@id\":\"https:\\\/\\\/gooddealersmeds.com\\\/it\\\/#website\",\"url\":\"https:\\\/\\\/gooddealersmeds.com\\\/it\\\/\",\"name\":\"Good Dealers Meds\",\"description\":\"All our best\",\"publisher\":{\"@id\":\"https:\\\/\\\/gooddealersmeds.com\\\/it\\\/#organization\"},\"potentialAction\":[{\"@type\":\"SearchAction\",\"target\":{\"@type\":\"EntryPoint\",\"urlTemplate\":\"https:\\\/\\\/gooddealersmeds.com\\\/it\\\/?s={search_term_string}\"},\"query-input\":{\"@type\":\"PropertyValueSpecification\",\"valueRequired\":true,\"valueName\":\"search_term_string\"}}],\"inLanguage\":\"en-US\"},{\"@type\":\"Organization\",\"@id\":\"https:\\\/\\\/gooddealersmeds.com\\\/it\\\/#organization\",\"name\":\"Good Dealers Meds\",\"url\":\"https:\\\/\\\/gooddealersmeds.com\\\/it\\\/\",\"logo\":{\"@type\":\"ImageObject\",\"inLanguage\":\"en-US\",\"@id\":\"https:\\\/\\\/gooddealersmeds.com\\\/it\\\/#\\\/schema\\\/logo\\\/image\\\/\",\"url\":\"https:\\\/\\\/gooddealersmeds.com\\\/it\\\/wp-content\\\/uploads\\\/sites\\\/7\\\/2022\\\/03\\\/gooddealersmeds__logo__20220317T222800Z.00.png\",\"contentUrl\":\"https:\\\/\\\/gooddealersmeds.com\\\/it\\\/wp-content\\\/uploads\\\/sites\\\/7\\\/2022\\\/03\\\/gooddealersmeds__logo__20220317T222800Z.00.png\",\"width\":500,\"height\":325,\"caption\":\"Good Dealers Meds\"},\"image\":{\"@id\":\"https:\\\/\\\/gooddealersmeds.com\\\/it\\\/#\\\/schema\\\/logo\\\/image\\\/\"}}]}<\/script>\n<!-- \/ Yoast SEO Premium plugin. -->","yoast_head_json":{"title":"Acquista online il liquido di fenciclidina - Ordina PCP | Good Dealers Meds","description":"Acquista online il liquido di fenciclidina (noto anche come polvere d'angelo) a un prezzo accessibile da fornitori fidati con la massima purezza.","robots":{"index":"index","follow":"follow","max-snippet":"max-snippet:-1","max-image-preview":"max-image-preview:large","max-video-preview":"max-video-preview:-1"},"canonical":"https:\/\/gooddealersmeds.com\/it\/product\/comprare-qualita-fenciclidina-pcp-liquido\/","og_locale":"en_US","og_type":"article","og_title":"Acquista un liquido di fenciclidina di qualit\u00e0 (PCP).","og_description":"Acquista online il liquido di fenciclidina (noto anche come polvere d'angelo) a un prezzo accessibile da fornitori fidati con la massima purezza.","og_url":"https:\/\/gooddealersmeds.com\/it\/product\/comprare-qualita-fenciclidina-pcp-liquido\/","og_site_name":"Good Dealers Meds","article_modified_time":"2022-12-29T19:26:14+00:00","og_image":[{"width":718,"height":539,"url":"https:\/\/gooddealersmeds.com\/it\/wp-content\/uploads\/sites\/7\/2022\/07\/pcp-angel-dust-solution.jpg","type":"image\/jpeg"}],"twitter_card":"summary_large_image","twitter_misc":{"Est. reading time":"2 minutes"},"schema":{"@context":"https:\/\/schema.org","@graph":[{"@type":"WebPage","@id":"https:\/\/gooddealersmeds.com\/it\/product\/comprare-qualita-fenciclidina-pcp-liquido\/","url":"https:\/\/gooddealersmeds.com\/it\/product\/comprare-qualita-fenciclidina-pcp-liquido\/","name":"Acquista online il liquido di fenciclidina - Ordina PCP | Good Dealers Meds","isPartOf":{"@id":"https:\/\/gooddealersmeds.com\/it\/#website"},"primaryImageOfPage":{"@id":"https:\/\/gooddealersmeds.com\/it\/product\/comprare-qualita-fenciclidina-pcp-liquido\/#primaryimage"},"image":{"@id":"https:\/\/gooddealersmeds.com\/it\/product\/comprare-qualita-fenciclidina-pcp-liquido\/#primaryimage"},"thumbnailUrl":"https:\/\/gooddealersmeds.com\/it\/wp-content\/uploads\/sites\/7\/2022\/07\/pcp-angel-dust-solution.jpg","datePublished":"2022-08-01T19:12:36+00:00","dateModified":"2022-12-29T19:26:14+00:00","description":"Acquista online il liquido di fenciclidina (noto anche come polvere d'angelo) a un prezzo accessibile da fornitori fidati con la massima purezza.","breadcrumb":{"@id":"https:\/\/gooddealersmeds.com\/it\/product\/comprare-qualita-fenciclidina-pcp-liquido\/#breadcrumb"},"inLanguage":"en-US","potentialAction":[{"@type":"ReadAction","target":["https:\/\/gooddealersmeds.com\/it\/product\/comprare-qualita-fenciclidina-pcp-liquido\/"]}]},{"@type":"ImageObject","inLanguage":"en-US","@id":"https:\/\/gooddealersmeds.com\/it\/product\/comprare-qualita-fenciclidina-pcp-liquido\/#primaryimage","url":"https:\/\/gooddealersmeds.com\/it\/wp-content\/uploads\/sites\/7\/2022\/07\/pcp-angel-dust-solution.jpg","contentUrl":"https:\/\/gooddealersmeds.com\/it\/wp-content\/uploads\/sites\/7\/2022\/07\/pcp-angel-dust-solution.jpg","width":718,"height":539,"caption":"buy pcp powder"},{"@type":"BreadcrumbList","@id":"https:\/\/gooddealersmeds.com\/it\/product\/comprare-qualita-fenciclidina-pcp-liquido\/#breadcrumb","itemListElement":[{"@type":"ListItem","position":1,"name":"Home","item":"https:\/\/gooddealersmeds.com\/it\/"},{"@type":"ListItem","position":2,"name":"Prodotti","item":"https:\/\/gooddealersmeds.com\/it\/prodotti\/"},{"@type":"ListItem","position":3,"name":"Acquista un liquido di fenciclidina di qualit\u00e0 (PCP)."}]},{"@type":"WebSite","@id":"https:\/\/gooddealersmeds.com\/it\/#website","url":"https:\/\/gooddealersmeds.com\/it\/","name":"Good Dealers Meds","description":"All our best","publisher":{"@id":"https:\/\/gooddealersmeds.com\/it\/#organization"},"potentialAction":[{"@type":"SearchAction","target":{"@type":"EntryPoint","urlTemplate":"https:\/\/gooddealersmeds.com\/it\/?s={search_term_string}"},"query-input":{"@type":"PropertyValueSpecification","valueRequired":true,"valueName":"search_term_string"}}],"inLanguage":"en-US"},{"@type":"Organization","@id":"https:\/\/gooddealersmeds.com\/it\/#organization","name":"Good Dealers Meds","url":"https:\/\/gooddealersmeds.com\/it\/","logo":{"@type":"ImageObject","inLanguage":"en-US","@id":"https:\/\/gooddealersmeds.com\/it\/#\/schema\/logo\/image\/","url":"https:\/\/gooddealersmeds.com\/it\/wp-content\/uploads\/sites\/7\/2022\/03\/gooddealersmeds__logo__20220317T222800Z.00.png","contentUrl":"https:\/\/gooddealersmeds.com\/it\/wp-content\/uploads\/sites\/7\/2022\/03\/gooddealersmeds__logo__20220317T222800Z.00.png","width":500,"height":325,"caption":"Good Dealers Meds"},"image":{"@id":"https:\/\/gooddealersmeds.com\/it\/#\/schema\/logo\/image\/"}}]}},"_links":{"self":[{"href":"https:\/\/gooddealersmeds.com\/it\/wp-json\/wp\/v2\/product\/2002","targetHints":{"allow":["GET"]}}],"collection":[{"href":"https:\/\/gooddealersmeds.com\/it\/wp-json\/wp\/v2\/product"}],"about":[{"href":"https:\/\/gooddealersmeds.com\/it\/wp-json\/wp\/v2\/types\/product"}],"replies":[{"embeddable":true,"href":"https:\/\/gooddealersmeds.com\/it\/wp-json\/wp\/v2\/comments?post=2002"}],"wp:featuredmedia":[{"embeddable":true,"href":"https:\/\/gooddealersmeds.com\/it\/wp-json\/wp\/v2\/media\/2003"}],"wp:attachment":[{"href":"https:\/\/gooddealersmeds.com\/it\/wp-json\/wp\/v2\/media?parent=2002"}],"wp:term":[{"taxonomy":"product_brand","embeddable":true,"href":"https:\/\/gooddealersmeds.com\/it\/wp-json\/wp\/v2\/product_brand?post=2002"},{"taxonomy":"product_cat","embeddable":true,"href":"https:\/\/gooddealersmeds.com\/it\/wp-json\/wp\/v2\/product_cat?post=2002"},{"taxonomy":"product_tag","embeddable":true,"href":"https:\/\/gooddealersmeds.com\/it\/wp-json\/wp\/v2\/product_tag?post=2002"}],"curies":[{"name":"wp","href":"https:\/\/api.w.org\/{rel}","templated":true}]}}