{"id":2001,"date":"2022-07-03T14:45:15","date_gmt":"2022-07-03T14:45:15","guid":{"rendered":"https:\/\/gooddealersmeds.com\/it\/?post_type=product&#038;p=2001"},"modified":"2022-12-29T20:07:36","modified_gmt":"2022-12-29T20:07:36","slug":"comprare-ketamina-polvere-online","status":"publish","type":"product","link":"https:\/\/gooddealersmeds.com\/it\/product\/comprare-ketamina-polvere-online\/","title":{"rendered":"Acquista online la polvere di ketamina"},"content":{"rendered":"<h2>Che cos&#8217;\u00e8 la polvere di ketamina e come funziona<\/h2>\n<p>La ketamina \u00e8 un anestetico dissociativo. Viene utilizzato dai medici per iniziare l&#8217;anestesia generale &#8211; Acquista polvere di ketamina online. Pu\u00f2 essere usato per trattare la depressione nei pazienti che non rispondono bene ad altre forme di trattamento. Pu\u00f2 essere usato per trattare i problemi di ansia. L&#8217;alcol e la ketamina sono depressivi del sistema nervoso centrale e, in quanto tali, la ketamina combinata con l&#8217;alcol non \u00e8 consigliabile perch\u00e9 potrebbe avere effetti fatali. \u00c8 una popolare droga ricreativa che pu\u00f2 produrre un senso di euforia quando viene assunta. Pu\u00f2 anche essere usato per alleviare il dolore, specialmente quando altri farmaci sembrano non portare a termine il lavoro. La ketamina non funziona come altri anestetici che bloccano i segnali del dolore, agisce in modo tale da disconnettere il cervello dal corpo. Ostacola la capacit\u00e0 del cervello di elaborare i segnali del dolore. La ketamina \u00e8 nota per aumentare l&#8217;attivit\u00e0 neurale e alcuni studi hanno dimostrato che pu\u00f2. <a href=\"https:\/\/gooddealersmeds.com\/it\/product\/buy-ketamina-powder-online\/\">Come posso ordinare la ketamina<\/a><\/p>\n<h2>Qual \u00e8 il posto giusto per acquistare la ketamina?<\/h2>\n<p>essere usato per curare alcune malattie mentali. Pu\u00f2 essere utilizzato per alleviare il dolore derivante da ustioni. Pu\u00f2 essere usato per curare le ferite riportate sul campo di battaglia. \u00c8 stato anche utilizzato per la gestione del dolore nei bambini che non possono usare altri anestetici a causa di effetti avversi o allergie. L&#8217;effetto si sente solitamente pochi minuti dopo l&#8217;assunzione. Il tempo di reazione dipende dalla modalit\u00e0 d&#8217;uso: polvere di ketamina in vendita. Una volta preso, il tempo necessario per iniziare a funzionare varia da pochi secondi a 30 minuti. \u00c8 stato riferito che i consumatori di ketamina sperimentano uno sballo che potrebbe farli sentire felici e a proprio agio. Inoltre, potrebbero sentirsi distaccati dal loro corpo a causa del fatto che \u00e8 un anestetico dissociativo. Il farmaco ha un impatto sui recettori della glutammina e ripara e riattiva le sinapsi, quindi migliora l&#8217;adattabilit\u00e0 del cervello che pu\u00f2 aiutare a superare la depressione.<\/p>\n<h3>Come ordinare la ketamina e come usarla<\/h3>\n<p>\u00c8 stato segnalato che la ketamina rende efficaci gli antidepressivi o la psicoterapia anche se all&#8217;inizio non erano cos\u00ec efficaci. Ci\u00f2 potrebbe anche spiegare perch\u00e9 la ketamina pu\u00f2 rendere efficaci gli antidepressivi o la psicoterapia dopo che non lo erano prima. Alcuni utenti affermano che d\u00e0 una bella sensazione e li fa sentire tutt&#8217;uno con il cosmo. Prendendolo in compagnia di amici in una calma &#8211; ordina la polvere di ketamina qui, un ambiente rilassato pu\u00f2 essere spirituale e calmante; prenderlo in un club pu\u00f2 essere esaltante con una maggiore energia e un buon sballo.<\/p>\n<p>&nbsp;<\/p>\n<p>La ketamina pu\u00f2 anche avere altri effetti collaterali sfavorevoli, come ansia, vertigini o perdita di equilibrio. \u00c8 anche una droga molto avvincente, \u00e8 inodore e incolore e pu\u00f2 essere usata per danneggiare se non si presta attenzione. Ketamina in vendita Consulta i nostri medici per un consiglio adeguato.<\/p>\n","protected":false},"excerpt":{"rendered":"<p>Acquista la polvere di ketamina online. Acquista polvere di ketamina HCL in vendita online &#8211; polvere di ketamina in vendita online &#8211; Ordina polvere di ketamina<\/p>\n","protected":false},"featured_media":2008,"comment_status":"open","ping_status":"closed","template":"","meta":{"inline_featured_image":false},"product_brand":[],"product_cat":[345],"product_tag":[203,107,563,562,561,571,105,572,110,564,567,109,108,573,570,568,566,569,104,106,565],"class_list":{"0":"post-2001","1":"product","2":"type-product","3":"status-publish","4":"has-post-thumbnail","6":"product_cat-droghe-psichedeliche","7":"product_tag-compra-polvere-online","8":"product_tag-acquistare","9":"product_tag-buy-ketamine-online","10":"product_tag-buy-ketamine-powder","11":"product_tag-buy-ketamine-powder-online-buy-powder","12":"product_tag-buy-ketamine-powder-online-usa","13":"product_tag-canada","14":"product_tag-come-ordinare-la-polvere-di-ketamina","15":"product_tag-consegna-sicura","16":"product_tag-dove-acquistare-la-ketamina-in-polvere","17":"product_tag-dove-acquistare-la-polvere-di-ketamina-online","18":"product_tag-fornitori","19":"product_tag-in-linea","20":"product_tag-is-ketamine-powder-legal-in-canada","21":"product_tag-is-ketamine-powder-legal-in-usa","22":"product_tag-ketamina-polvere-in-vendita-negli-usa","23":"product_tag-ketamina-in-vendita","24":"product_tag-puoi-ancora-prendere-la-polvere-di-ketamina","25":"product_tag-stati-uniti-damerica","26":"product_tag-uk","27":"product_tag-ketamina-polvere-in-vendita","29":"first","30":"instock","31":"shipping-taxable","32":"purchasable","33":"product-type-variable","34":"has-default-attributes"},"yoast_head":"<!-- This site is optimized with the Yoast SEO Premium plugin v20.6 (Yoast SEO v27.3) - https:\/\/yoast.com\/product\/yoast-seo-premium-wordpress\/ -->\n<title>Acquista polvere di ketamina | Ketamina in vendita | Good Dealers Meds<\/title>\n<meta name=\"description\" content=\"Acquista online la polvere di ketamina. Ketamina HCL in vendita \u2013 Ordina la ketamina a un prezzo accessibile con soddisfazione garantita e consegna rapida.\" \/>\n<meta name=\"robots\" content=\"index, follow, max-snippet:-1, max-image-preview:large, max-video-preview:-1\" \/>\n<link rel=\"canonical\" href=\"https:\/\/gooddealersmeds.com\/it\/product\/comprare-ketamina-polvere-online\/\" \/>\n<meta property=\"og:locale\" content=\"en_US\" \/>\n<meta property=\"og:type\" content=\"article\" \/>\n<meta property=\"og:title\" content=\"Acquista online la polvere di ketamina\" \/>\n<meta property=\"og:description\" content=\"Acquista online la polvere di ketamina. Ketamina HCL in vendita \u2013 Ordina la ketamina a un prezzo accessibile con soddisfazione garantita e consegna rapida.\" \/>\n<meta property=\"og:url\" content=\"https:\/\/gooddealersmeds.com\/it\/product\/comprare-ketamina-polvere-online\/\" \/>\n<meta property=\"og:site_name\" content=\"Good Dealers Meds\" \/>\n<meta property=\"article:modified_time\" content=\"2022-12-29T20:07:36+00:00\" \/>\n<meta property=\"og:image\" content=\"https:\/\/gooddealersmeds.com\/it\/wp-content\/uploads\/sites\/7\/2022\/07\/ketamine-powder.jpg\" \/>\n\t<meta property=\"og:image:width\" content=\"600\" \/>\n\t<meta property=\"og:image:height\" content=\"600\" \/>\n\t<meta property=\"og:image:type\" content=\"image\/jpeg\" \/>\n<meta name=\"twitter:card\" content=\"summary_large_image\" \/>\n<meta name=\"twitter:label1\" content=\"Est. reading time\" \/>\n\t<meta name=\"twitter:data1\" content=\"2 minutes\" \/>\n<script type=\"application\/ld+json\" class=\"yoast-schema-graph\">{\"@context\":\"https:\\\/\\\/schema.org\",\"@graph\":[{\"@type\":\"WebPage\",\"@id\":\"https:\\\/\\\/gooddealersmeds.com\\\/it\\\/product\\\/comprare-ketamina-polvere-online\\\/\",\"url\":\"https:\\\/\\\/gooddealersmeds.com\\\/it\\\/product\\\/comprare-ketamina-polvere-online\\\/\",\"name\":\"Acquista polvere di ketamina | Ketamina in vendita | Good Dealers Meds\",\"isPartOf\":{\"@id\":\"https:\\\/\\\/gooddealersmeds.com\\\/it\\\/#website\"},\"primaryImageOfPage\":{\"@id\":\"https:\\\/\\\/gooddealersmeds.com\\\/it\\\/product\\\/comprare-ketamina-polvere-online\\\/#primaryimage\"},\"image\":{\"@id\":\"https:\\\/\\\/gooddealersmeds.com\\\/it\\\/product\\\/comprare-ketamina-polvere-online\\\/#primaryimage\"},\"thumbnailUrl\":\"https:\\\/\\\/gooddealersmeds.com\\\/it\\\/wp-content\\\/uploads\\\/sites\\\/7\\\/2022\\\/07\\\/ketamine-powder.jpg\",\"datePublished\":\"2022-07-03T14:45:15+00:00\",\"dateModified\":\"2022-12-29T20:07:36+00:00\",\"description\":\"Acquista online la polvere di ketamina. Ketamina HCL in vendita \u2013 Ordina la ketamina a un prezzo accessibile con soddisfazione garantita e consegna rapida.\",\"breadcrumb\":{\"@id\":\"https:\\\/\\\/gooddealersmeds.com\\\/it\\\/product\\\/comprare-ketamina-polvere-online\\\/#breadcrumb\"},\"inLanguage\":\"en-US\",\"potentialAction\":[{\"@type\":\"ReadAction\",\"target\":[\"https:\\\/\\\/gooddealersmeds.com\\\/it\\\/product\\\/comprare-ketamina-polvere-online\\\/\"]}]},{\"@type\":\"ImageObject\",\"inLanguage\":\"en-US\",\"@id\":\"https:\\\/\\\/gooddealersmeds.com\\\/it\\\/product\\\/comprare-ketamina-polvere-online\\\/#primaryimage\",\"url\":\"https:\\\/\\\/gooddealersmeds.com\\\/it\\\/wp-content\\\/uploads\\\/sites\\\/7\\\/2022\\\/07\\\/ketamine-powder.jpg\",\"contentUrl\":\"https:\\\/\\\/gooddealersmeds.com\\\/it\\\/wp-content\\\/uploads\\\/sites\\\/7\\\/2022\\\/07\\\/ketamine-powder.jpg\",\"width\":600,\"height\":600,\"caption\":\"Buy Ketamine Powder Online\"},{\"@type\":\"BreadcrumbList\",\"@id\":\"https:\\\/\\\/gooddealersmeds.com\\\/it\\\/product\\\/comprare-ketamina-polvere-online\\\/#breadcrumb\",\"itemListElement\":[{\"@type\":\"ListItem\",\"position\":1,\"name\":\"Home\",\"item\":\"https:\\\/\\\/gooddealersmeds.com\\\/it\\\/\"},{\"@type\":\"ListItem\",\"position\":2,\"name\":\"Prodotti\",\"item\":\"https:\\\/\\\/gooddealersmeds.com\\\/it\\\/prodotti\\\/\"},{\"@type\":\"ListItem\",\"position\":3,\"name\":\"Acquista online la polvere di ketamina\"}]},{\"@type\":\"WebSite\",\"@id\":\"https:\\\/\\\/gooddealersmeds.com\\\/it\\\/#website\",\"url\":\"https:\\\/\\\/gooddealersmeds.com\\\/it\\\/\",\"name\":\"Good Dealers Meds\",\"description\":\"All our best\",\"publisher\":{\"@id\":\"https:\\\/\\\/gooddealersmeds.com\\\/it\\\/#organization\"},\"potentialAction\":[{\"@type\":\"SearchAction\",\"target\":{\"@type\":\"EntryPoint\",\"urlTemplate\":\"https:\\\/\\\/gooddealersmeds.com\\\/it\\\/?s={search_term_string}\"},\"query-input\":{\"@type\":\"PropertyValueSpecification\",\"valueRequired\":true,\"valueName\":\"search_term_string\"}}],\"inLanguage\":\"en-US\"},{\"@type\":\"Organization\",\"@id\":\"https:\\\/\\\/gooddealersmeds.com\\\/it\\\/#organization\",\"name\":\"Good Dealers Meds\",\"url\":\"https:\\\/\\\/gooddealersmeds.com\\\/it\\\/\",\"logo\":{\"@type\":\"ImageObject\",\"inLanguage\":\"en-US\",\"@id\":\"https:\\\/\\\/gooddealersmeds.com\\\/it\\\/#\\\/schema\\\/logo\\\/image\\\/\",\"url\":\"https:\\\/\\\/gooddealersmeds.com\\\/it\\\/wp-content\\\/uploads\\\/sites\\\/7\\\/2022\\\/03\\\/gooddealersmeds__logo__20220317T222800Z.00.png\",\"contentUrl\":\"https:\\\/\\\/gooddealersmeds.com\\\/it\\\/wp-content\\\/uploads\\\/sites\\\/7\\\/2022\\\/03\\\/gooddealersmeds__logo__20220317T222800Z.00.png\",\"width\":500,\"height\":325,\"caption\":\"Good Dealers Meds\"},\"image\":{\"@id\":\"https:\\\/\\\/gooddealersmeds.com\\\/it\\\/#\\\/schema\\\/logo\\\/image\\\/\"}}]}<\/script>\n<!-- \/ Yoast SEO Premium plugin. -->","yoast_head_json":{"title":"Acquista polvere di ketamina | Ketamina in vendita | Good Dealers Meds","description":"Acquista online la polvere di ketamina. Ketamina HCL in vendita \u2013 Ordina la ketamina a un prezzo accessibile con soddisfazione garantita e consegna rapida.","robots":{"index":"index","follow":"follow","max-snippet":"max-snippet:-1","max-image-preview":"max-image-preview:large","max-video-preview":"max-video-preview:-1"},"canonical":"https:\/\/gooddealersmeds.com\/it\/product\/comprare-ketamina-polvere-online\/","og_locale":"en_US","og_type":"article","og_title":"Acquista online la polvere di ketamina","og_description":"Acquista online la polvere di ketamina. Ketamina HCL in vendita \u2013 Ordina la ketamina a un prezzo accessibile con soddisfazione garantita e consegna rapida.","og_url":"https:\/\/gooddealersmeds.com\/it\/product\/comprare-ketamina-polvere-online\/","og_site_name":"Good Dealers Meds","article_modified_time":"2022-12-29T20:07:36+00:00","og_image":[{"width":600,"height":600,"url":"https:\/\/gooddealersmeds.com\/it\/wp-content\/uploads\/sites\/7\/2022\/07\/ketamine-powder.jpg","type":"image\/jpeg"}],"twitter_card":"summary_large_image","twitter_misc":{"Est. reading time":"2 minutes"},"schema":{"@context":"https:\/\/schema.org","@graph":[{"@type":"WebPage","@id":"https:\/\/gooddealersmeds.com\/it\/product\/comprare-ketamina-polvere-online\/","url":"https:\/\/gooddealersmeds.com\/it\/product\/comprare-ketamina-polvere-online\/","name":"Acquista polvere di ketamina | Ketamina in vendita | Good Dealers Meds","isPartOf":{"@id":"https:\/\/gooddealersmeds.com\/it\/#website"},"primaryImageOfPage":{"@id":"https:\/\/gooddealersmeds.com\/it\/product\/comprare-ketamina-polvere-online\/#primaryimage"},"image":{"@id":"https:\/\/gooddealersmeds.com\/it\/product\/comprare-ketamina-polvere-online\/#primaryimage"},"thumbnailUrl":"https:\/\/gooddealersmeds.com\/it\/wp-content\/uploads\/sites\/7\/2022\/07\/ketamine-powder.jpg","datePublished":"2022-07-03T14:45:15+00:00","dateModified":"2022-12-29T20:07:36+00:00","description":"Acquista online la polvere di ketamina. Ketamina HCL in vendita \u2013 Ordina la ketamina a un prezzo accessibile con soddisfazione garantita e consegna rapida.","breadcrumb":{"@id":"https:\/\/gooddealersmeds.com\/it\/product\/comprare-ketamina-polvere-online\/#breadcrumb"},"inLanguage":"en-US","potentialAction":[{"@type":"ReadAction","target":["https:\/\/gooddealersmeds.com\/it\/product\/comprare-ketamina-polvere-online\/"]}]},{"@type":"ImageObject","inLanguage":"en-US","@id":"https:\/\/gooddealersmeds.com\/it\/product\/comprare-ketamina-polvere-online\/#primaryimage","url":"https:\/\/gooddealersmeds.com\/it\/wp-content\/uploads\/sites\/7\/2022\/07\/ketamine-powder.jpg","contentUrl":"https:\/\/gooddealersmeds.com\/it\/wp-content\/uploads\/sites\/7\/2022\/07\/ketamine-powder.jpg","width":600,"height":600,"caption":"Buy Ketamine Powder Online"},{"@type":"BreadcrumbList","@id":"https:\/\/gooddealersmeds.com\/it\/product\/comprare-ketamina-polvere-online\/#breadcrumb","itemListElement":[{"@type":"ListItem","position":1,"name":"Home","item":"https:\/\/gooddealersmeds.com\/it\/"},{"@type":"ListItem","position":2,"name":"Prodotti","item":"https:\/\/gooddealersmeds.com\/it\/prodotti\/"},{"@type":"ListItem","position":3,"name":"Acquista online la polvere di ketamina"}]},{"@type":"WebSite","@id":"https:\/\/gooddealersmeds.com\/it\/#website","url":"https:\/\/gooddealersmeds.com\/it\/","name":"Good Dealers Meds","description":"All our best","publisher":{"@id":"https:\/\/gooddealersmeds.com\/it\/#organization"},"potentialAction":[{"@type":"SearchAction","target":{"@type":"EntryPoint","urlTemplate":"https:\/\/gooddealersmeds.com\/it\/?s={search_term_string}"},"query-input":{"@type":"PropertyValueSpecification","valueRequired":true,"valueName":"search_term_string"}}],"inLanguage":"en-US"},{"@type":"Organization","@id":"https:\/\/gooddealersmeds.com\/it\/#organization","name":"Good Dealers Meds","url":"https:\/\/gooddealersmeds.com\/it\/","logo":{"@type":"ImageObject","inLanguage":"en-US","@id":"https:\/\/gooddealersmeds.com\/it\/#\/schema\/logo\/image\/","url":"https:\/\/gooddealersmeds.com\/it\/wp-content\/uploads\/sites\/7\/2022\/03\/gooddealersmeds__logo__20220317T222800Z.00.png","contentUrl":"https:\/\/gooddealersmeds.com\/it\/wp-content\/uploads\/sites\/7\/2022\/03\/gooddealersmeds__logo__20220317T222800Z.00.png","width":500,"height":325,"caption":"Good Dealers Meds"},"image":{"@id":"https:\/\/gooddealersmeds.com\/it\/#\/schema\/logo\/image\/"}}]}},"_links":{"self":[{"href":"https:\/\/gooddealersmeds.com\/it\/wp-json\/wp\/v2\/product\/2001","targetHints":{"allow":["GET"]}}],"collection":[{"href":"https:\/\/gooddealersmeds.com\/it\/wp-json\/wp\/v2\/product"}],"about":[{"href":"https:\/\/gooddealersmeds.com\/it\/wp-json\/wp\/v2\/types\/product"}],"replies":[{"embeddable":true,"href":"https:\/\/gooddealersmeds.com\/it\/wp-json\/wp\/v2\/comments?post=2001"}],"wp:featuredmedia":[{"embeddable":true,"href":"https:\/\/gooddealersmeds.com\/it\/wp-json\/wp\/v2\/media\/2008"}],"wp:attachment":[{"href":"https:\/\/gooddealersmeds.com\/it\/wp-json\/wp\/v2\/media?parent=2001"}],"wp:term":[{"taxonomy":"product_brand","embeddable":true,"href":"https:\/\/gooddealersmeds.com\/it\/wp-json\/wp\/v2\/product_brand?post=2001"},{"taxonomy":"product_cat","embeddable":true,"href":"https:\/\/gooddealersmeds.com\/it\/wp-json\/wp\/v2\/product_cat?post=2001"},{"taxonomy":"product_tag","embeddable":true,"href":"https:\/\/gooddealersmeds.com\/it\/wp-json\/wp\/v2\/product_tag?post=2001"}],"curies":[{"name":"wp","href":"https:\/\/api.w.org\/{rel}","templated":true}]}}