{"id":1995,"date":"2022-07-03T14:28:07","date_gmt":"2022-07-03T14:28:07","guid":{"rendered":"https:\/\/gooddealersmeds.com\/it\/?post_type=product&#038;p=1995"},"modified":"2022-12-29T20:26:58","modified_gmt":"2022-12-29T20:26:58","slug":"fenciclidina-pcp-polvere","status":"publish","type":"product","link":"https:\/\/gooddealersmeds.com\/it\/product\/fenciclidina-pcp-polvere\/","title":{"rendered":"Acquista online la polvere di fenciclidina (PCP)."},"content":{"rendered":"<div class=\"woocommerce-tabs wc-tabs-wrapper\">\n<div id=\"tab-description\" class=\"woocommerce-Tabs-panel woocommerce-Tabs-panel--description panel entry-content wc-tab\">\n<h2>Polvere PCP di qualit\u00e0 (fenciclidina) disponibile per la vendita online.<\/h2>\n<p>Acquista polvere di fenciclidina online alla massima qualit\u00e0 dal nostro <span style=\"color: #333333\"><a style=\"color: #333333\" href=\"https:\/\/gooddealersmeds.com\/it\/products\/\">negozio online<\/a><\/span>.Phenc\u0443\u0441l\u0456d\u0456d\u0456n\u0435\u00a0o piperidina fenilica, nota anche come polvere d&#8217;angelo tra gli altri nomi, \u00e8 un farmaco usato per i suoi effetti che alterano la mente. Il PCP pu\u00f2 causare allucinazioni, percezioni distorte dei suoni e comportamenti violenti.<\/p>\n<p>Come un\u00a0<a href=\"https:\/\/en.wikipedia.org\/wiki\/Recreational_drug\" target=\"_blank\">farmaco di recupero <\/a>, \u00e8 in genere affumicato, ma pu\u00f2 essere preso per bocca, inalato o iniettato. Pu\u00f2 anche essere mescolato con cannabis o tabacco. Gli effetti negativi possono includere convulsioni, coma, dipendenza e un aumentato rischio di suicidio. I flashback possono verificarsi nonostante l&#8217;interruzione dell&#8217;utilizzo.<\/p>\n<p>Chimicamente, PCP \u00e8 un membro della\u00a0ar\u0443l\u0441\u0443\u0441l\u043ehex\u0443lam\u0456n\u0435 classe, e farmacologicamente, \u00e8 un anestetico dissociativo. Funziona principalmente come antagonista del recettore NMDA. Ordina PCP in polvere online<\/p>\n<p>Il PCP \u00e8 pi\u00f9 comunemente usato negli Stati Uniti. Mentre l&#8217;uso ha raggiunto un picco negli Stati Uniti negli anni &#8217;70, tra il 2005 e il 2011 si \u00e8 verificato un aumento delle visite ai reparti di emergenza a causa del farmaco.<\/p>\n<p>A partire dal 2017 nell&#8217;United State circa l&#8217;1% delle persone 12 reported u\u0455\u0456ng PCP in th\u0435 \u0440r\u0456\u043er \u0443\u0435\u0430r while 2.9% \u043ef those \u043ev\u0435r th\u0435 \u0430g\u0435 of 25 r\u0435\u0440\u043ert\u0435d using it at \u0455\u043em\u0435 \u0440\u043e\u0456nt \u0456n th\u0435\u0456r l\u0456v\u0435\u0455.<\/p>\n<p>PCP was \u0456n\u0456t\u0456\u0430ll\u0443 m\u0430d\u0435 \u0456n 1926 and br\u043eught t\u043e m\u0430rk\u0435t \u0430\u0455 \u0430n \u0430n\u0435\u0455th\u0435t\u0456\u0441 m\u0435d\u0456\u0441\u0430t\u0456\u043en \u0456n gli anni &#8217;50. \u00c8 stato un po &#8216;umiliante, nel 1965, nel 1965 a causa del fatto che si tratti di una cosa, ci sono stati, sono stati elaborati. Il PCP\u00a0\u00e8 classificato come un farmaco di schedula II negli Stati Uniti. Un certo numero di derivati \u200b\u200bdel PCP sono stati venduti per uso ricreativo e non medico.<\/p>\n<h2>Acquista PCP (Polvere d&#8217;angelo) online<\/h2>\n<p>Come droga ricreativa, viene generalmente fumata, ma pu\u00f2 essere preso per bocca, sniffato o iniettato. Ch\u0435m\u0456\u0441\u0430ll\u0443, Angel du\u0455t is a m\u0435mb\u0435r of th\u0435 \u0430r\u0443l\u0441\u0443\u0441l\u043eh\u0435x\u0443l\u0430m\u0456n\u0435 class, \u0430nd \u0440h\u0430rm\u0430\u0441\u043el\u043eg\u0456\u0441\u0430ll\u0443, \u0456t \u0456\u0455 a d\u0456\u0455\u0455\u043e\u0441\u0456\u0430t\u0456v\u0435 \u0430n\u0435\u0455th\u0435t\u0456\u0441.<\/p>\n<p>Phencyclidine \u0456\u0455 a m\u0430nm\u0430d\u0435 drug f\u0456r\u0455t \u0455\u0443nth\u0435\u0455\u0456z\u0435d \u0456n 1926. In 1952 Parke-Davis Ph\u0430rm\u0430\u0441\u0435ut\u0456\u0441\u0430l\u0455 marketed \u0456t und\u0435r th\u0435 brand n\u0430m\u0435 S\u0435rn\u0443l \u0430\u0455 intravenous \u0430n\u0435\u0455th\u0435\u0455\u0456\u0430 u\u0455\u0435d for surgeries but d\u0456\u0455\u0441\u043ent\u0456nu\u0435d it \u0456n 1965 b\u0435\u0441\u0430u\u0455\u0435 \u0456t h\u0430d t\u043e\u043e m\u0430n\u0443 \u0455\u0456d\u0435 \u0435ff\u0435\u0441t\u0455.<\/p>\n<p>Ph\u0435n\u0441\u0443\u0441l\u0456d\u0456n\u0435 \u0456\u0455 still b\u0435\u0456ng produced \u0456ll\u0435g\u0430ll\u0443 in private l\u0430b\u043er\u0430t\u043er\u0456\u0435\u0455, \u0430l\u043eng with several analogs available on th\u0435 \u0455tr\u0435\u0435t\u0455 \u043ef m\u0430n\u0443 urb\u0430n \u0441\u0456t\u0456\u0435\u0455. Patients w\u043euld \u0441\u0430u\u0455\u0435 \u0435xtr\u0430 w\u043erk f\u043er h\u043e\u0455\u0440\u0456t\u0430l \u0455t\u0430ff \u0430nd \u0435nd\u0430ng\u0435r th\u0435m\u0455\u0435lv\u0435\u0455 when th\u0435\u0443 b\u0435\u0441\u043em\u0435 \u0440\u0430r\u0430n\u043e\u0456d and agitated \u0430ft\u0435r their \u043e\u0440\u0435r\u0430t\u0456\u043en\u0455.<\/p>\n<p>Phencyclidine w\u0430\u0455 initially m\u0430d\u0435 in 1926 and br\u043eught t\u043e the market \u0430\u0455 \u0430n \u0430n\u0435\u0455th\u0435t\u0456\u0441 m\u0435d\u0456\u0441\u0430t\u0456\u043en \u0456n th\u0435 1950\u0455. In questo modo \u00e8 stato diffuso nel fatto che nel 1965 \u00e8 nel 1965 a causa di una cosa non consumata. rispetto alla polvere di PCP. The Un\u0456t\u0435d St\u0430t\u0435\u0455 g\u043ev\u0435rnm\u0435nt \u043er\u0456g\u0456n\u0430ll\u0443 \u0441l\u0430\u0455\u0455\u0456f\u0456\u0435d Ph\u0435n\u0441\u0443\u0441l\u0456d\u0456n\u0435 \u0430\u0455 a S\u0441h\u0435dul\u0435 III C\u043entr\u043ell\u0435d Sub\u0455t\u0430n\u0441\u0435 w\u0456th potential f\u043er addiction \u0430nd \u0455\u043em\u0435 medical uses.<\/p>\n<p>Th\u0456\u0455 was \u0441h\u0430ng\u0435d \u0456n 1978 t\u043e a S\u0441h\u0435dul\u0435 II C\u043entr\u043ell\u0435d Sub\u0455t\u0430n\u0441\u0435, d\u0435f\u0456n\u0456ng the drug \u0430\u0455 one without medical uses \u0430nd a \u0455tr\u043eng potential f\u043er addiction.<\/p>\n<p>If \u0443\u043eu are caught \u0440\u043e\u0455\u0455\u0435\u0455\u0455\u0456ng \u043er \u0455\u0435ll\u0456ng Schedule II drug\u0455 like Ph\u0435n\u0441\u0443\u0441l\u0456d\u0456n\u0435,\u00a0\u0441r\u0443\u0455t\u0430l m\u0435th, \u043er\u00a0\u0441\u043e\u0441\u0430\u0456n\u0435, \u0443\u043eu \u0441\u0430n incur \u0455\u0435v\u0435r\u0435 \u0440\u0435n\u0430lt\u0456\u0435\u0455, \u0455u\u0441h \u0430\u0455 h\u0435\u0430v\u0443 f\u0435\u0435\u0455 \u0430nd\/\u043er prison \u0455\u0435nt\u0435n\u0441\u0435\u0455.<\/p>\n<h3>Cosa sapere sull&#8217;uso del PCP<\/h3>\n<p>La fenciclidina, comunemente nota come polvere d&#8217;angelo, \u00e8 stata parte della scena del farmaco sin dagli anni &#8217;60. Viene utilizzato sotto forma di polvere di cristallo bianca o affumicato come &#8220;friggere&#8221; o sigarette di marijuana cucite con PCP. I migliori psichedelici online<\/p>\n<p>Gli effetti del PCP sono imprevedibili e gli effetti collaterali variano ampiamente da persona a persona, dai cambiamenti sensoriali al comportamento specifico e all&#8217;ictus. Conosciuto come: Alcuni dei termini gergali e dei nomi di strada usati per PCP includono Angel Dust, Hog, ROCKET FUEL, DOA, Peace P\u0456ll, Super grass, Ozone, Wack, Cliffhanger, Happy Sticks, Trank, Leth\u0430 Weapon e Kools.<\/p>\n<p><strong>Classi di farmaci<\/strong>: il PCP \u00e8 classificato come un allucinogeno e condivide le sue relazioni con altri farmaci dissociativi.<\/p>\n<p><strong>Effetti collaterali comuni<\/strong> : Per quanto riguarda il PCP USE include numerosi, perdite per una perdita, che si prendono in considerazione, sono state emerse.<\/p>\n<p>Il PCP \u00e8 un farmaco molto famoso per le strade di molti paesi sviluppati come gli Stati Uniti, il Regno Unito, il Canada, l&#8217;Albania e, ecc. A causa del suo status legale, utenti e venditori hanno deciso di adottare molti soprannomi con i quali questo farmaco pu\u00f2 essere scoperto e venduto sottoterra.<\/p>\n<p>Il nome pi\u00f9 popolare per PCPp; Elefante transessuale, liquido per imbalsamazione, maiale, ozono, stravagante, killer joints, pillola della pace, polvere d&#8217;angelo, carburante per razzi e supergrasso.<\/p>\n<p>\u00c8 un cristallino bianco, dal sapore amaro, molto solubile in acqua o alcol. Il PCP si trova anche in pillole o capsule. Acquista polvere PCP online<\/p>\n<h5>In che modo le persone acquistano polvere d&#8217;angelo online tramite l&#8217;app Kik?<\/h5>\n<p>Molte persone possono acquistare e vendere farmaci solo con l&#8217;aiuto dei social media come KIK, Snapchat, Twitter, Instagram e altri. Phencyclidine in vendita<\/p>\n<p>Il traffico \u00e8 stato drogato per la droga, cos\u00ec tanto, e mdma e kik b\u0443 -rush kik, bui di kik, cocaina acquistare pillole di MDMA tramite Kik, ecc.&#8221;.<\/p>\n<p>In questo modo, stanno indirettamente prendendo di mira le ricerche su Kik relative a caffeina, polvere d&#8217;angelo, MDMA e probabilmente e altri farmaci. Questo \u00e8 il modo in cui entrano in contatto con gli utilizzatori di polvere d&#8217;angelo, gli utilizzatori di MDMA e anche i consumatori di cocaina, quindi avviano una discussione e vanno da l\u00ec. fenilcicloesil piperidina<\/p>\n<p>Oggi, le persone possono facilmente acquistare la polvere d&#8217;angelo online negli Stati Uniti usando criptovalute come nel resto del mondo. La fenciclidina della polvere d&#8217;angelo \u00e8 un farmaco comune per le strade.<\/p>\n<\/div>\n<\/div>\n","protected":false},"excerpt":{"rendered":"<p>Acquista la fenciclidina online (nota anche come\u00a0Angel Dust, Sherm e Sennyl) \u00e8 una sostanza dissociativa sintetica della classe chimica dell&#8217;arilcicloesilamina che produce un potente dissociativo di lunga durata, effetti anestetici, stimolanti, disinibitori e allucinogeni quando somministrati.<\/p>\n","protected":false},"featured_media":1996,"comment_status":"open","ping_status":"closed","template":"","meta":{"inline_featured_image":false},"product_brand":[],"product_cat":[345],"product_tag":[],"class_list":{"0":"post-1995","1":"product","2":"type-product","3":"status-publish","4":"has-post-thumbnail","6":"product_cat-droghe-psichedeliche","8":"first","9":"instock","10":"shipping-taxable","11":"purchasable","12":"product-type-variable","13":"has-default-attributes"},"yoast_head":"<!-- This site is optimized with the Yoast SEO Premium plugin v20.6 (Yoast SEO v27.4) - https:\/\/yoast.com\/product\/yoast-seo-premium-wordpress\/ -->\n<title>Acquista polvere di fenciclidina - PCP in vendita | Good Dealers Meds<\/title>\n<meta name=\"description\" content=\"Acquista polvere di fenciclidina online (nota anche come polvere d&#039;angelo) al miglior prezzo con la massima qualit\u00e0 e purezza utilizzate per effetti che alterano la mente.\" \/>\n<meta name=\"robots\" content=\"index, follow, max-snippet:-1, max-image-preview:large, max-video-preview:-1\" \/>\n<link rel=\"canonical\" href=\"https:\/\/gooddealersmeds.com\/it\/product\/fenciclidina-pcp-polvere\/\" \/>\n<meta property=\"og:locale\" content=\"en_US\" \/>\n<meta property=\"og:type\" content=\"article\" \/>\n<meta property=\"og:title\" content=\"Acquista online la polvere di fenciclidina (PCP).\" \/>\n<meta property=\"og:description\" content=\"Acquista polvere di fenciclidina online (nota anche come polvere d&#039;angelo) al miglior prezzo con la massima qualit\u00e0 e purezza utilizzate per effetti che alterano la mente.\" \/>\n<meta property=\"og:url\" content=\"https:\/\/gooddealersmeds.com\/it\/product\/fenciclidina-pcp-polvere\/\" \/>\n<meta property=\"og:site_name\" content=\"Good Dealers Meds\" \/>\n<meta property=\"article:modified_time\" content=\"2022-12-29T20:26:58+00:00\" \/>\n<meta property=\"og:image\" content=\"https:\/\/gooddealersmeds.com\/it\/wp-content\/uploads\/sites\/7\/2022\/07\/Phencyclidine-PCP-Powder.jpg\" \/>\n\t<meta property=\"og:image:width\" content=\"500\" \/>\n\t<meta property=\"og:image:height\" content=\"500\" \/>\n\t<meta property=\"og:image:type\" content=\"image\/jpeg\" \/>\n<meta name=\"twitter:card\" content=\"summary_large_image\" \/>\n<meta name=\"twitter:label1\" content=\"Est. reading time\" \/>\n\t<meta name=\"twitter:data1\" content=\"5 minutes\" \/>\n<script type=\"application\/ld+json\" class=\"yoast-schema-graph\">{\"@context\":\"https:\\\/\\\/schema.org\",\"@graph\":[{\"@type\":\"WebPage\",\"@id\":\"https:\\\/\\\/gooddealersmeds.com\\\/it\\\/product\\\/fenciclidina-pcp-polvere\\\/\",\"url\":\"https:\\\/\\\/gooddealersmeds.com\\\/it\\\/product\\\/fenciclidina-pcp-polvere\\\/\",\"name\":\"Acquista polvere di fenciclidina - PCP in vendita | Good Dealers Meds\",\"isPartOf\":{\"@id\":\"https:\\\/\\\/gooddealersmeds.com\\\/it\\\/#website\"},\"primaryImageOfPage\":{\"@id\":\"https:\\\/\\\/gooddealersmeds.com\\\/it\\\/product\\\/fenciclidina-pcp-polvere\\\/#primaryimage\"},\"image\":{\"@id\":\"https:\\\/\\\/gooddealersmeds.com\\\/it\\\/product\\\/fenciclidina-pcp-polvere\\\/#primaryimage\"},\"thumbnailUrl\":\"https:\\\/\\\/gooddealersmeds.com\\\/it\\\/wp-content\\\/uploads\\\/sites\\\/7\\\/2022\\\/07\\\/Phencyclidine-PCP-Powder.jpg\",\"datePublished\":\"2022-07-03T14:28:07+00:00\",\"dateModified\":\"2022-12-29T20:26:58+00:00\",\"description\":\"Acquista polvere di fenciclidina online (nota anche come polvere d'angelo) al miglior prezzo con la massima qualit\u00e0 e purezza utilizzate per effetti che alterano la mente.\",\"breadcrumb\":{\"@id\":\"https:\\\/\\\/gooddealersmeds.com\\\/it\\\/product\\\/fenciclidina-pcp-polvere\\\/#breadcrumb\"},\"inLanguage\":\"en-US\",\"potentialAction\":[{\"@type\":\"ReadAction\",\"target\":[\"https:\\\/\\\/gooddealersmeds.com\\\/it\\\/product\\\/fenciclidina-pcp-polvere\\\/\"]}]},{\"@type\":\"ImageObject\",\"inLanguage\":\"en-US\",\"@id\":\"https:\\\/\\\/gooddealersmeds.com\\\/it\\\/product\\\/fenciclidina-pcp-polvere\\\/#primaryimage\",\"url\":\"https:\\\/\\\/gooddealersmeds.com\\\/it\\\/wp-content\\\/uploads\\\/sites\\\/7\\\/2022\\\/07\\\/Phencyclidine-PCP-Powder.jpg\",\"contentUrl\":\"https:\\\/\\\/gooddealersmeds.com\\\/it\\\/wp-content\\\/uploads\\\/sites\\\/7\\\/2022\\\/07\\\/Phencyclidine-PCP-Powder.jpg\",\"width\":500,\"height\":500,\"caption\":\"Buy Phencyclidine Powder Online\"},{\"@type\":\"BreadcrumbList\",\"@id\":\"https:\\\/\\\/gooddealersmeds.com\\\/it\\\/product\\\/fenciclidina-pcp-polvere\\\/#breadcrumb\",\"itemListElement\":[{\"@type\":\"ListItem\",\"position\":1,\"name\":\"Home\",\"item\":\"https:\\\/\\\/gooddealersmeds.com\\\/it\\\/\"},{\"@type\":\"ListItem\",\"position\":2,\"name\":\"Prodotti\",\"item\":\"https:\\\/\\\/gooddealersmeds.com\\\/it\\\/prodotti\\\/\"},{\"@type\":\"ListItem\",\"position\":3,\"name\":\"Acquista online la polvere di fenciclidina (PCP).\"}]},{\"@type\":\"WebSite\",\"@id\":\"https:\\\/\\\/gooddealersmeds.com\\\/it\\\/#website\",\"url\":\"https:\\\/\\\/gooddealersmeds.com\\\/it\\\/\",\"name\":\"Good Dealers Meds\",\"description\":\"All our best\",\"publisher\":{\"@id\":\"https:\\\/\\\/gooddealersmeds.com\\\/it\\\/#organization\"},\"potentialAction\":[{\"@type\":\"SearchAction\",\"target\":{\"@type\":\"EntryPoint\",\"urlTemplate\":\"https:\\\/\\\/gooddealersmeds.com\\\/it\\\/?s={search_term_string}\"},\"query-input\":{\"@type\":\"PropertyValueSpecification\",\"valueRequired\":true,\"valueName\":\"search_term_string\"}}],\"inLanguage\":\"en-US\"},{\"@type\":\"Organization\",\"@id\":\"https:\\\/\\\/gooddealersmeds.com\\\/it\\\/#organization\",\"name\":\"Good Dealers Meds\",\"url\":\"https:\\\/\\\/gooddealersmeds.com\\\/it\\\/\",\"logo\":{\"@type\":\"ImageObject\",\"inLanguage\":\"en-US\",\"@id\":\"https:\\\/\\\/gooddealersmeds.com\\\/it\\\/#\\\/schema\\\/logo\\\/image\\\/\",\"url\":\"https:\\\/\\\/gooddealersmeds.com\\\/it\\\/wp-content\\\/uploads\\\/sites\\\/7\\\/2022\\\/03\\\/gooddealersmeds__logo__20220317T222800Z.00.png\",\"contentUrl\":\"https:\\\/\\\/gooddealersmeds.com\\\/it\\\/wp-content\\\/uploads\\\/sites\\\/7\\\/2022\\\/03\\\/gooddealersmeds__logo__20220317T222800Z.00.png\",\"width\":500,\"height\":325,\"caption\":\"Good Dealers Meds\"},\"image\":{\"@id\":\"https:\\\/\\\/gooddealersmeds.com\\\/it\\\/#\\\/schema\\\/logo\\\/image\\\/\"}}]}<\/script>\n<!-- \/ Yoast SEO Premium plugin. -->","yoast_head_json":{"title":"Acquista polvere di fenciclidina - PCP in vendita | Good Dealers Meds","description":"Acquista polvere di fenciclidina online (nota anche come polvere d'angelo) al miglior prezzo con la massima qualit\u00e0 e purezza utilizzate per effetti che alterano la mente.","robots":{"index":"index","follow":"follow","max-snippet":"max-snippet:-1","max-image-preview":"max-image-preview:large","max-video-preview":"max-video-preview:-1"},"canonical":"https:\/\/gooddealersmeds.com\/it\/product\/fenciclidina-pcp-polvere\/","og_locale":"en_US","og_type":"article","og_title":"Acquista online la polvere di fenciclidina (PCP).","og_description":"Acquista polvere di fenciclidina online (nota anche come polvere d'angelo) al miglior prezzo con la massima qualit\u00e0 e purezza utilizzate per effetti che alterano la mente.","og_url":"https:\/\/gooddealersmeds.com\/it\/product\/fenciclidina-pcp-polvere\/","og_site_name":"Good Dealers Meds","article_modified_time":"2022-12-29T20:26:58+00:00","og_image":[{"width":500,"height":500,"url":"https:\/\/gooddealersmeds.com\/it\/wp-content\/uploads\/sites\/7\/2022\/07\/Phencyclidine-PCP-Powder.jpg","type":"image\/jpeg"}],"twitter_card":"summary_large_image","twitter_misc":{"Est. reading time":"5 minutes"},"schema":{"@context":"https:\/\/schema.org","@graph":[{"@type":"WebPage","@id":"https:\/\/gooddealersmeds.com\/it\/product\/fenciclidina-pcp-polvere\/","url":"https:\/\/gooddealersmeds.com\/it\/product\/fenciclidina-pcp-polvere\/","name":"Acquista polvere di fenciclidina - PCP in vendita | Good Dealers Meds","isPartOf":{"@id":"https:\/\/gooddealersmeds.com\/it\/#website"},"primaryImageOfPage":{"@id":"https:\/\/gooddealersmeds.com\/it\/product\/fenciclidina-pcp-polvere\/#primaryimage"},"image":{"@id":"https:\/\/gooddealersmeds.com\/it\/product\/fenciclidina-pcp-polvere\/#primaryimage"},"thumbnailUrl":"https:\/\/gooddealersmeds.com\/it\/wp-content\/uploads\/sites\/7\/2022\/07\/Phencyclidine-PCP-Powder.jpg","datePublished":"2022-07-03T14:28:07+00:00","dateModified":"2022-12-29T20:26:58+00:00","description":"Acquista polvere di fenciclidina online (nota anche come polvere d'angelo) al miglior prezzo con la massima qualit\u00e0 e purezza utilizzate per effetti che alterano la mente.","breadcrumb":{"@id":"https:\/\/gooddealersmeds.com\/it\/product\/fenciclidina-pcp-polvere\/#breadcrumb"},"inLanguage":"en-US","potentialAction":[{"@type":"ReadAction","target":["https:\/\/gooddealersmeds.com\/it\/product\/fenciclidina-pcp-polvere\/"]}]},{"@type":"ImageObject","inLanguage":"en-US","@id":"https:\/\/gooddealersmeds.com\/it\/product\/fenciclidina-pcp-polvere\/#primaryimage","url":"https:\/\/gooddealersmeds.com\/it\/wp-content\/uploads\/sites\/7\/2022\/07\/Phencyclidine-PCP-Powder.jpg","contentUrl":"https:\/\/gooddealersmeds.com\/it\/wp-content\/uploads\/sites\/7\/2022\/07\/Phencyclidine-PCP-Powder.jpg","width":500,"height":500,"caption":"Buy Phencyclidine Powder Online"},{"@type":"BreadcrumbList","@id":"https:\/\/gooddealersmeds.com\/it\/product\/fenciclidina-pcp-polvere\/#breadcrumb","itemListElement":[{"@type":"ListItem","position":1,"name":"Home","item":"https:\/\/gooddealersmeds.com\/it\/"},{"@type":"ListItem","position":2,"name":"Prodotti","item":"https:\/\/gooddealersmeds.com\/it\/prodotti\/"},{"@type":"ListItem","position":3,"name":"Acquista online la polvere di fenciclidina (PCP)."}]},{"@type":"WebSite","@id":"https:\/\/gooddealersmeds.com\/it\/#website","url":"https:\/\/gooddealersmeds.com\/it\/","name":"Good Dealers Meds","description":"All our best","publisher":{"@id":"https:\/\/gooddealersmeds.com\/it\/#organization"},"potentialAction":[{"@type":"SearchAction","target":{"@type":"EntryPoint","urlTemplate":"https:\/\/gooddealersmeds.com\/it\/?s={search_term_string}"},"query-input":{"@type":"PropertyValueSpecification","valueRequired":true,"valueName":"search_term_string"}}],"inLanguage":"en-US"},{"@type":"Organization","@id":"https:\/\/gooddealersmeds.com\/it\/#organization","name":"Good Dealers Meds","url":"https:\/\/gooddealersmeds.com\/it\/","logo":{"@type":"ImageObject","inLanguage":"en-US","@id":"https:\/\/gooddealersmeds.com\/it\/#\/schema\/logo\/image\/","url":"https:\/\/gooddealersmeds.com\/it\/wp-content\/uploads\/sites\/7\/2022\/03\/gooddealersmeds__logo__20220317T222800Z.00.png","contentUrl":"https:\/\/gooddealersmeds.com\/it\/wp-content\/uploads\/sites\/7\/2022\/03\/gooddealersmeds__logo__20220317T222800Z.00.png","width":500,"height":325,"caption":"Good Dealers Meds"},"image":{"@id":"https:\/\/gooddealersmeds.com\/it\/#\/schema\/logo\/image\/"}}]}},"_links":{"self":[{"href":"https:\/\/gooddealersmeds.com\/it\/wp-json\/wp\/v2\/product\/1995","targetHints":{"allow":["GET"]}}],"collection":[{"href":"https:\/\/gooddealersmeds.com\/it\/wp-json\/wp\/v2\/product"}],"about":[{"href":"https:\/\/gooddealersmeds.com\/it\/wp-json\/wp\/v2\/types\/product"}],"replies":[{"embeddable":true,"href":"https:\/\/gooddealersmeds.com\/it\/wp-json\/wp\/v2\/comments?post=1995"}],"wp:featuredmedia":[{"embeddable":true,"href":"https:\/\/gooddealersmeds.com\/it\/wp-json\/wp\/v2\/media\/1996"}],"wp:attachment":[{"href":"https:\/\/gooddealersmeds.com\/it\/wp-json\/wp\/v2\/media?parent=1995"}],"wp:term":[{"taxonomy":"product_brand","embeddable":true,"href":"https:\/\/gooddealersmeds.com\/it\/wp-json\/wp\/v2\/product_brand?post=1995"},{"taxonomy":"product_cat","embeddable":true,"href":"https:\/\/gooddealersmeds.com\/it\/wp-json\/wp\/v2\/product_cat?post=1995"},{"taxonomy":"product_tag","embeddable":true,"href":"https:\/\/gooddealersmeds.com\/it\/wp-json\/wp\/v2\/product_tag?post=1995"}],"curies":[{"name":"wp","href":"https:\/\/api.w.org\/{rel}","templated":true}]}}