{"id":1986,"date":"2022-07-03T13:54:43","date_gmt":"2022-07-03T13:54:43","guid":{"rendered":"https:\/\/gooddealersmeds.com\/it\/?post_type=product&#038;p=1986"},"modified":"2022-12-29T20:45:39","modified_gmt":"2022-12-29T20:45:39","slug":"al-lad-150mcg-carta-assorbente","status":"publish","type":"product","link":"https:\/\/gooddealersmeds.com\/it\/product\/al-lad-150mcg-carta-assorbente\/","title":{"rendered":"Acquista le carte assorbenti AL-LAD 150mcg"},"content":{"rendered":"<h2>Acquistare assorbenti AL-LAD 150mcg online su Good Dearlers Meds.<\/h2>\n<p>AL-LAD 150mcg blotters online \u00e8 una sostanza chimica psichedelica della classe Lysergamide. Rispetto a 1P-LSD e LSD-25, ha allucinazioni visive intensificate e lievi effetti psicologici. Questo \u00e8 stato sviluppato per la prima volta a met\u00e0 degli anni &#8217;80 a scopo di ricerca. Questo \u00e8 stato sviluppato per la prima volta a met\u00e0 degli anni &#8217;80 a scopo di ricerca. Questo \u00e8 stato sviluppato per la prima volta a met\u00e0 degli anni &#8217;80 a scopo di ricerca. Tuttavia, ora \u00e8 diventato disponibile per uso ricreativo.<\/p>\n<p>AL-LAD 150mcg Blotters Online \u00e8 spesso indicato come il pi\u00f9 &#8220;ricreativo&#8221; degli analoghi della lisergamide.<\/p>\n<p>\u00c8 anche noto come potente entactogeno, che ti fa sentire pi\u00f9 vicino a te stesso e agli altri, e una dose bassa pu\u00f2 produrre effetti forti senza causare alcun disagio fisico.<\/p>\n<p>&nbsp;<\/p>\n<p><strong>Perch\u00e9 acquistare carte assorbenti AL-LAD 150mcg online?<\/strong><\/p>\n<p>&nbsp;<\/p>\n<p>AL-LAD \u00e8 spesso usato da persone che cercano un&#8217;alternativa all&#8217;LSD a causa della sua maggiore potenza, effetti pi\u00f9 lievi e costo pi\u00f9 basso. \u00c8 un&#8217;idea perfetta acquistare prodotti chimici di ricerca online per risparmiare denaro. Nessun costo nascosto \u00e8 associato a nessuno di questi prodotti, poich\u00e9 sono venduti a un prezzo accessibile. Come ulteriore comodit\u00e0, puoi farteli consegnare direttamente a casa tua senza dover affrontare alcun problema.<\/p>\n<p><strong>\u00a0<\/strong><\/p>\n<p><strong>Il posto migliore per acquistare carte assorbenti AL-LAD 150mcg online<\/strong><\/p>\n<p>Se vuoi <a href=\"https:\/\/gooddealersmeds.com\/it\/product\/al-lad-150mcg-blotters\/\">acquista Al-LAD 150mcg Blotter online<\/a>, sei appena arrivato nel posto migliore. GoodDealersMeds offre assorbenti AL-LAD 150mcg a prezzi convenienti su tutti gli ordini effettuati tramite il nostro sito Web OPPURE tramite chiamate ricevute al numero +31645886273.<\/p>\n<p>Acquista assorbenti AL-LAD 150mcg online oggi per risparmiare qualche soldo.<\/p>\n","protected":false},"excerpt":{"rendered":"<p><strong>Carte assorbenti AL-LAD in vendita<\/strong><\/p>\n<p>AL-LAD, tecnicamente indicato come dietilammide dell&#8217;acido 6-allil-6-nor-lisergico, \u00e8 un analogo relativamente nuovo dell&#8217;LSD-25. Si presume che abbia un meccanismo d&#8217;azione simile, che agisce principalmente legandosi ai recettori della serotonina del cervello. Si pensa anche che sia un profarmaco dell&#8217;LSD-25, sebbene ci\u00f2 non sia stato confermato in laboratorio.<\/p>\n","protected":false},"featured_media":1987,"comment_status":"open","ping_status":"closed","template":"","meta":{"inline_featured_image":false},"product_brand":[],"product_cat":[345],"product_tag":[],"class_list":{"0":"post-1986","1":"product","2":"type-product","3":"status-publish","4":"has-post-thumbnail","6":"product_cat-droghe-psichedeliche","8":"first","9":"instock","10":"shipping-taxable","11":"purchasable","12":"product-type-variable","13":"has-default-attributes"},"yoast_head":"<!-- This site is optimized with the Yoast SEO Premium plugin v20.6 (Yoast SEO v27.3) - https:\/\/yoast.com\/product\/yoast-seo-premium-wordpress\/ -->\n<title>Acquista le carte assorbenti AL-LAD | Ordine AL-LAD - Good Dealers Meds<\/title>\n<meta name=\"description\" content=\"Acquista le carte assorbenti AL-LAD Online (6-allyl-6-nor-LSD o N-AN-ally-nor-lysergic) \u00e8 una sostanza chimica psichedelica della classe Lysergamide.\" \/>\n<meta name=\"robots\" content=\"index, follow, max-snippet:-1, max-image-preview:large, max-video-preview:-1\" \/>\n<link rel=\"canonical\" href=\"https:\/\/gooddealersmeds.com\/it\/product\/al-lad-150mcg-carta-assorbente\/\" \/>\n<meta property=\"og:locale\" content=\"en_US\" \/>\n<meta property=\"og:type\" content=\"article\" \/>\n<meta property=\"og:title\" content=\"Acquista le carte assorbenti AL-LAD 150mcg\" \/>\n<meta property=\"og:description\" content=\"Acquista le carte assorbenti AL-LAD Online (6-allyl-6-nor-LSD o N-AN-ally-nor-lysergic) \u00e8 una sostanza chimica psichedelica della classe Lysergamide.\" \/>\n<meta property=\"og:url\" content=\"https:\/\/gooddealersmeds.com\/it\/product\/al-lad-150mcg-carta-assorbente\/\" \/>\n<meta property=\"og:site_name\" content=\"Good Dealers Meds\" \/>\n<meta property=\"article:modified_time\" content=\"2022-12-29T20:45:39+00:00\" \/>\n<meta property=\"og:image\" content=\"https:\/\/gooddealersmeds.com\/it\/wp-content\/uploads\/sites\/7\/2022\/07\/AL-LAD-150mcg-Blotters.webp\" \/>\n\t<meta property=\"og:image:width\" content=\"1553\" \/>\n\t<meta property=\"og:image:height\" content=\"1553\" \/>\n\t<meta property=\"og:image:type\" content=\"image\/webp\" \/>\n<meta name=\"twitter:card\" content=\"summary_large_image\" \/>\n<meta name=\"twitter:label1\" content=\"Est. reading time\" \/>\n\t<meta name=\"twitter:data1\" content=\"1 minute\" \/>\n<script type=\"application\/ld+json\" class=\"yoast-schema-graph\">{\"@context\":\"https:\\\/\\\/schema.org\",\"@graph\":[{\"@type\":\"WebPage\",\"@id\":\"https:\\\/\\\/gooddealersmeds.com\\\/it\\\/product\\\/al-lad-150mcg-carta-assorbente\\\/\",\"url\":\"https:\\\/\\\/gooddealersmeds.com\\\/it\\\/product\\\/al-lad-150mcg-carta-assorbente\\\/\",\"name\":\"Acquista le carte assorbenti AL-LAD | Ordine AL-LAD - Good Dealers Meds\",\"isPartOf\":{\"@id\":\"https:\\\/\\\/gooddealersmeds.com\\\/it\\\/#website\"},\"primaryImageOfPage\":{\"@id\":\"https:\\\/\\\/gooddealersmeds.com\\\/it\\\/product\\\/al-lad-150mcg-carta-assorbente\\\/#primaryimage\"},\"image\":{\"@id\":\"https:\\\/\\\/gooddealersmeds.com\\\/it\\\/product\\\/al-lad-150mcg-carta-assorbente\\\/#primaryimage\"},\"thumbnailUrl\":\"https:\\\/\\\/gooddealersmeds.com\\\/it\\\/wp-content\\\/uploads\\\/sites\\\/7\\\/2022\\\/07\\\/AL-LAD-150mcg-Blotters.webp\",\"datePublished\":\"2022-07-03T13:54:43+00:00\",\"dateModified\":\"2022-12-29T20:45:39+00:00\",\"description\":\"Acquista le carte assorbenti AL-LAD Online (6-allyl-6-nor-LSD o N-AN-ally-nor-lysergic) \u00e8 una sostanza chimica psichedelica della classe Lysergamide.\",\"breadcrumb\":{\"@id\":\"https:\\\/\\\/gooddealersmeds.com\\\/it\\\/product\\\/al-lad-150mcg-carta-assorbente\\\/#breadcrumb\"},\"inLanguage\":\"en-US\",\"potentialAction\":[{\"@type\":\"ReadAction\",\"target\":[\"https:\\\/\\\/gooddealersmeds.com\\\/it\\\/product\\\/al-lad-150mcg-carta-assorbente\\\/\"]}]},{\"@type\":\"ImageObject\",\"inLanguage\":\"en-US\",\"@id\":\"https:\\\/\\\/gooddealersmeds.com\\\/it\\\/product\\\/al-lad-150mcg-carta-assorbente\\\/#primaryimage\",\"url\":\"https:\\\/\\\/gooddealersmeds.com\\\/it\\\/wp-content\\\/uploads\\\/sites\\\/7\\\/2022\\\/07\\\/AL-LAD-150mcg-Blotters.webp\",\"contentUrl\":\"https:\\\/\\\/gooddealersmeds.com\\\/it\\\/wp-content\\\/uploads\\\/sites\\\/7\\\/2022\\\/07\\\/AL-LAD-150mcg-Blotters.webp\",\"width\":1553,\"height\":1553,\"caption\":\"AL-LAD Blotters\"},{\"@type\":\"BreadcrumbList\",\"@id\":\"https:\\\/\\\/gooddealersmeds.com\\\/it\\\/product\\\/al-lad-150mcg-carta-assorbente\\\/#breadcrumb\",\"itemListElement\":[{\"@type\":\"ListItem\",\"position\":1,\"name\":\"Home\",\"item\":\"https:\\\/\\\/gooddealersmeds.com\\\/it\\\/\"},{\"@type\":\"ListItem\",\"position\":2,\"name\":\"Prodotti\",\"item\":\"https:\\\/\\\/gooddealersmeds.com\\\/it\\\/prodotti\\\/\"},{\"@type\":\"ListItem\",\"position\":3,\"name\":\"Acquista le carte assorbenti AL-LAD 150mcg\"}]},{\"@type\":\"WebSite\",\"@id\":\"https:\\\/\\\/gooddealersmeds.com\\\/it\\\/#website\",\"url\":\"https:\\\/\\\/gooddealersmeds.com\\\/it\\\/\",\"name\":\"Good Dealers Meds\",\"description\":\"All our best\",\"publisher\":{\"@id\":\"https:\\\/\\\/gooddealersmeds.com\\\/it\\\/#organization\"},\"potentialAction\":[{\"@type\":\"SearchAction\",\"target\":{\"@type\":\"EntryPoint\",\"urlTemplate\":\"https:\\\/\\\/gooddealersmeds.com\\\/it\\\/?s={search_term_string}\"},\"query-input\":{\"@type\":\"PropertyValueSpecification\",\"valueRequired\":true,\"valueName\":\"search_term_string\"}}],\"inLanguage\":\"en-US\"},{\"@type\":\"Organization\",\"@id\":\"https:\\\/\\\/gooddealersmeds.com\\\/it\\\/#organization\",\"name\":\"Good Dealers Meds\",\"url\":\"https:\\\/\\\/gooddealersmeds.com\\\/it\\\/\",\"logo\":{\"@type\":\"ImageObject\",\"inLanguage\":\"en-US\",\"@id\":\"https:\\\/\\\/gooddealersmeds.com\\\/it\\\/#\\\/schema\\\/logo\\\/image\\\/\",\"url\":\"https:\\\/\\\/gooddealersmeds.com\\\/it\\\/wp-content\\\/uploads\\\/sites\\\/7\\\/2022\\\/03\\\/gooddealersmeds__logo__20220317T222800Z.00.png\",\"contentUrl\":\"https:\\\/\\\/gooddealersmeds.com\\\/it\\\/wp-content\\\/uploads\\\/sites\\\/7\\\/2022\\\/03\\\/gooddealersmeds__logo__20220317T222800Z.00.png\",\"width\":500,\"height\":325,\"caption\":\"Good Dealers Meds\"},\"image\":{\"@id\":\"https:\\\/\\\/gooddealersmeds.com\\\/it\\\/#\\\/schema\\\/logo\\\/image\\\/\"}}]}<\/script>\n<!-- \/ Yoast SEO Premium plugin. -->","yoast_head_json":{"title":"Acquista le carte assorbenti AL-LAD | Ordine AL-LAD - Good Dealers Meds","description":"Acquista le carte assorbenti AL-LAD Online (6-allyl-6-nor-LSD o N-AN-ally-nor-lysergic) \u00e8 una sostanza chimica psichedelica della classe Lysergamide.","robots":{"index":"index","follow":"follow","max-snippet":"max-snippet:-1","max-image-preview":"max-image-preview:large","max-video-preview":"max-video-preview:-1"},"canonical":"https:\/\/gooddealersmeds.com\/it\/product\/al-lad-150mcg-carta-assorbente\/","og_locale":"en_US","og_type":"article","og_title":"Acquista le carte assorbenti AL-LAD 150mcg","og_description":"Acquista le carte assorbenti AL-LAD Online (6-allyl-6-nor-LSD o N-AN-ally-nor-lysergic) \u00e8 una sostanza chimica psichedelica della classe Lysergamide.","og_url":"https:\/\/gooddealersmeds.com\/it\/product\/al-lad-150mcg-carta-assorbente\/","og_site_name":"Good Dealers Meds","article_modified_time":"2022-12-29T20:45:39+00:00","og_image":[{"width":1553,"height":1553,"url":"https:\/\/gooddealersmeds.com\/it\/wp-content\/uploads\/sites\/7\/2022\/07\/AL-LAD-150mcg-Blotters.webp","type":"image\/webp"}],"twitter_card":"summary_large_image","twitter_misc":{"Est. reading time":"1 minute"},"schema":{"@context":"https:\/\/schema.org","@graph":[{"@type":"WebPage","@id":"https:\/\/gooddealersmeds.com\/it\/product\/al-lad-150mcg-carta-assorbente\/","url":"https:\/\/gooddealersmeds.com\/it\/product\/al-lad-150mcg-carta-assorbente\/","name":"Acquista le carte assorbenti AL-LAD | Ordine AL-LAD - Good Dealers Meds","isPartOf":{"@id":"https:\/\/gooddealersmeds.com\/it\/#website"},"primaryImageOfPage":{"@id":"https:\/\/gooddealersmeds.com\/it\/product\/al-lad-150mcg-carta-assorbente\/#primaryimage"},"image":{"@id":"https:\/\/gooddealersmeds.com\/it\/product\/al-lad-150mcg-carta-assorbente\/#primaryimage"},"thumbnailUrl":"https:\/\/gooddealersmeds.com\/it\/wp-content\/uploads\/sites\/7\/2022\/07\/AL-LAD-150mcg-Blotters.webp","datePublished":"2022-07-03T13:54:43+00:00","dateModified":"2022-12-29T20:45:39+00:00","description":"Acquista le carte assorbenti AL-LAD Online (6-allyl-6-nor-LSD o N-AN-ally-nor-lysergic) \u00e8 una sostanza chimica psichedelica della classe Lysergamide.","breadcrumb":{"@id":"https:\/\/gooddealersmeds.com\/it\/product\/al-lad-150mcg-carta-assorbente\/#breadcrumb"},"inLanguage":"en-US","potentialAction":[{"@type":"ReadAction","target":["https:\/\/gooddealersmeds.com\/it\/product\/al-lad-150mcg-carta-assorbente\/"]}]},{"@type":"ImageObject","inLanguage":"en-US","@id":"https:\/\/gooddealersmeds.com\/it\/product\/al-lad-150mcg-carta-assorbente\/#primaryimage","url":"https:\/\/gooddealersmeds.com\/it\/wp-content\/uploads\/sites\/7\/2022\/07\/AL-LAD-150mcg-Blotters.webp","contentUrl":"https:\/\/gooddealersmeds.com\/it\/wp-content\/uploads\/sites\/7\/2022\/07\/AL-LAD-150mcg-Blotters.webp","width":1553,"height":1553,"caption":"AL-LAD Blotters"},{"@type":"BreadcrumbList","@id":"https:\/\/gooddealersmeds.com\/it\/product\/al-lad-150mcg-carta-assorbente\/#breadcrumb","itemListElement":[{"@type":"ListItem","position":1,"name":"Home","item":"https:\/\/gooddealersmeds.com\/it\/"},{"@type":"ListItem","position":2,"name":"Prodotti","item":"https:\/\/gooddealersmeds.com\/it\/prodotti\/"},{"@type":"ListItem","position":3,"name":"Acquista le carte assorbenti AL-LAD 150mcg"}]},{"@type":"WebSite","@id":"https:\/\/gooddealersmeds.com\/it\/#website","url":"https:\/\/gooddealersmeds.com\/it\/","name":"Good Dealers Meds","description":"All our best","publisher":{"@id":"https:\/\/gooddealersmeds.com\/it\/#organization"},"potentialAction":[{"@type":"SearchAction","target":{"@type":"EntryPoint","urlTemplate":"https:\/\/gooddealersmeds.com\/it\/?s={search_term_string}"},"query-input":{"@type":"PropertyValueSpecification","valueRequired":true,"valueName":"search_term_string"}}],"inLanguage":"en-US"},{"@type":"Organization","@id":"https:\/\/gooddealersmeds.com\/it\/#organization","name":"Good Dealers Meds","url":"https:\/\/gooddealersmeds.com\/it\/","logo":{"@type":"ImageObject","inLanguage":"en-US","@id":"https:\/\/gooddealersmeds.com\/it\/#\/schema\/logo\/image\/","url":"https:\/\/gooddealersmeds.com\/it\/wp-content\/uploads\/sites\/7\/2022\/03\/gooddealersmeds__logo__20220317T222800Z.00.png","contentUrl":"https:\/\/gooddealersmeds.com\/it\/wp-content\/uploads\/sites\/7\/2022\/03\/gooddealersmeds__logo__20220317T222800Z.00.png","width":500,"height":325,"caption":"Good Dealers Meds"},"image":{"@id":"https:\/\/gooddealersmeds.com\/it\/#\/schema\/logo\/image\/"}}]}},"_links":{"self":[{"href":"https:\/\/gooddealersmeds.com\/it\/wp-json\/wp\/v2\/product\/1986","targetHints":{"allow":["GET"]}}],"collection":[{"href":"https:\/\/gooddealersmeds.com\/it\/wp-json\/wp\/v2\/product"}],"about":[{"href":"https:\/\/gooddealersmeds.com\/it\/wp-json\/wp\/v2\/types\/product"}],"replies":[{"embeddable":true,"href":"https:\/\/gooddealersmeds.com\/it\/wp-json\/wp\/v2\/comments?post=1986"}],"wp:featuredmedia":[{"embeddable":true,"href":"https:\/\/gooddealersmeds.com\/it\/wp-json\/wp\/v2\/media\/1987"}],"wp:attachment":[{"href":"https:\/\/gooddealersmeds.com\/it\/wp-json\/wp\/v2\/media?parent=1986"}],"wp:term":[{"taxonomy":"product_brand","embeddable":true,"href":"https:\/\/gooddealersmeds.com\/it\/wp-json\/wp\/v2\/product_brand?post=1986"},{"taxonomy":"product_cat","embeddable":true,"href":"https:\/\/gooddealersmeds.com\/it\/wp-json\/wp\/v2\/product_cat?post=1986"},{"taxonomy":"product_tag","embeddable":true,"href":"https:\/\/gooddealersmeds.com\/it\/wp-json\/wp\/v2\/product_tag?post=1986"}],"curies":[{"name":"wp","href":"https:\/\/api.w.org\/{rel}","templated":true}]}}