{"id":1984,"date":"2022-07-03T13:39:25","date_gmt":"2022-07-03T13:39:25","guid":{"rendered":"https:\/\/gooddealersmeds.com\/it\/?post_type=product&#038;p=1984"},"modified":"2022-12-29T20:51:44","modified_gmt":"2022-12-29T20:51:44","slug":"buy-gamma-idrossibutirrato-ghb-liquid","status":"publish","type":"product","link":"https:\/\/gooddealersmeds.com\/it\/product\/buy-gamma-idrossibutirrato-ghb-liquid\/","title":{"rendered":"Acquista il liquido gamma idrossibutirrato (GHB)."},"content":{"rendered":"<h2>Acquista GHB liquido online con garanzia<\/h2>\n<p>Gamma Hydroxybutyrate (GHB) \u00e8 un sedativo che pu\u00f2 essere assunto per via orale, tramite iniezione o vaporizzato in un vaporizzatore per farmaci. \u00c8 un liquido limpido con effetti sedativi e pu\u00f2 causare sonnolenza e ridotta funzionalit\u00e0 motoria. Dove acquistare il liquido GHB<\/p>\n<p>GHB \u00e8 talvolta indicato come un &#8220;designer drugs&#8221; o &#8220;<a href=\"https:\/\/gooddealersmeds.com\/it\/product\/buy-gamma-hydroxybutyrate-ghb-liquid \/\">ecstasy liquida<\/a>&#8221; perch\u00e9 \u00e8 stata originariamente sviluppata negli anni &#8217;60 dagli scienziati. Lo scopo originale del GHB era aiutare le persone affette da narcolessia ad addormentarsi pi\u00f9 facilmente; tuttavia, questo farmaco divenne presto popolare tra i frequentatori di club e i clubber che lo usavano come droga per godersi l&#8217;ubriachezza senza effettivamente intossicarsi. Da allora, il GHB \u00e8 stato utilizzato in molti altri modi: per il trattamento dell&#8217;eccessiva sonnolenza diurna e talvolta degli oppioidi.<\/p>\n<p><strong>\u00a0<\/strong><\/p>\n<h2>Perch\u00e9 acquistare GHB online?<\/h2>\n<p><strong>\u00a0<\/strong><\/p>\n<p>Ci sono molte ragioni dietro l&#8217;acquisto del liquido GHB online. Vediamone alcuni:<\/p>\n<ul>\n<li>Acquistando GHB online, puoi acquistare il tuo farmaco a prezzi interessanti. A volte le farmacie online offrono anche carte fedelt\u00e0 o codici promozionali per usufruire delle opportunit\u00e0 di sconto.<\/li>\n<li>Troverai diversi siti Web online che vendono liquidi GHB. Quindi, \u00e8 pi\u00f9 facile confrontare i prezzi online.<\/li>\n<li>Farmaci come il Gamma Hydroxybutyrate (GHB) sono spesso rari da trovare nelle farmacie. Quindi, puoi acquistarli online.<\/li>\n<li>Ricevi il tuo ordine semplicemente toccando alcuni pulsanti: \u00e8 cos\u00ec facile!<\/li>\n<\/ul>\n<p><strong>\u00a0<\/strong><\/p>\n<h3>Dove posso acquistare GHB online?<\/h3>\n<p>&nbsp;<\/p>\n<p>Molte farmacie forniscono GHB online, ma il posto migliore \u00e8 GoodDealersMeds. Offriamo la spedizione gratuita in modo da poter ordinare i tuoi farmaci preferiti in modo rapido e conveniente da qualsiasi parte del mondo. Dove acquistare il liquido GHB<\/p>\n","protected":false},"excerpt":{"rendered":"<p>Il gamma-idrossibutirrato \u00e8 un sedativo usato sia come coadiuvante del sonno da prescrizione che come intossicante ricreativo dove assumere il GHB. \u00c8 noto per la sua capacit\u00e0 di indurre un breve (diverse ore) sonno simile al coma a dosi elevate.<\/p>\n","protected":false},"featured_media":1985,"comment_status":"open","ping_status":"closed","template":"","meta":{"inline_featured_image":false},"product_brand":[],"product_cat":[345],"product_tag":[525,539,555,549,546,547,551,541,552,523,527,526,545,537,550,553,524,528,544,540,548,536,531,532,543,534,542,535,533,554,530,538,529],"class_list":{"0":"post-1984","1":"product","2":"type-product","3":"status-publish","4":"has-post-thumbnail","6":"product_cat-droghe-psichedeliche","7":"product_tag-a-buon-mercato-dieldrin-on-line","8":"product_tag-acquista-gamma-idrossibutirrato-online","9":"product_tag-compra-metilesanamina-online","10":"product_tag-buy-retail-gamma-butirrolattone","11":"product_tag-buy-wholesale-gamma-butirrolattone","12":"product_tag-comprare-allingrosso-gamma-butirrolattone-online","13":"product_tag-comprare-bromometano-online","14":"product_tag-buy-legal-gamma-idrossibutirrato-online","15":"product_tag-allingrosso-bromometano-online","16":"product_tag-buy-dieldrin-online","17":"product_tag-buy-endosulfan-online","18":"product_tag-come-acquistare-dieldrin-online","19":"product_tag-come-acquistare-gamma-butirrolattone","20":"product_tag-come-ordinare-ghb-online","21":"product_tag-dove-acquistare-al-dettaglio-gamma-butirrolattone-online","22":"product_tag-dove-acquistare-bromometano-online","23":"product_tag-dove-acquistare-dieldrin-online","24":"product_tag-dove-acquistare-endosulfan-online","25":"product_tag-dove-acquistare-gamma-butirrolattone","26":"product_tag-dove-acquistare-gamma-idrossibutirrato-online","27":"product_tag-dove-acquistare-all-ingrosso-gamma-butirrolattone","28":"product_tag-dove-ordinare-ghb-online","29":"product_tag-gamma-butirrolattone-come-farmaco","30":"product_tag-gamma-butirrolattone-in-vendita","31":"product_tag-gamma-butyrolactone-whole-sale","32":"product_tag-gamma-hydroxybutyrate-buy","33":"product_tag-a-buon-mercato-gamma-idrossibutirrato-online","34":"product_tag-ghb-buy-canada","35":"product_tag-ghb-buy-australia","36":"product_tag-legal-bromomethane-online","37":"product_tag-legale-endosulfan-online","38":"product_tag-legale-gamma-idrossibutirrato-online","39":"product_tag-allingrosso-endosulfan-on-line","41":"first","42":"instock","43":"shipping-taxable","44":"purchasable","45":"product-type-simple"},"yoast_head":"<!-- This site is optimized with the Yoast SEO Premium plugin v20.6 (Yoast SEO v27.3) - https:\/\/yoast.com\/product\/yoast-seo-premium-wordpress\/ -->\n<title>Dove acquistare il liquido GHB | Vendo liquido GHB | Good Dealers Meds<\/title>\n<meta name=\"description\" content=\"Dove acquistare il liquido GHB dai nostri rivenditori, usato sia come coadiuvante del sonno da prescrizione che come intossicante ricreativo.\" \/>\n<meta name=\"robots\" content=\"index, follow, max-snippet:-1, max-image-preview:large, max-video-preview:-1\" \/>\n<link rel=\"canonical\" href=\"https:\/\/gooddealersmeds.com\/it\/product\/buy-gamma-idrossibutirrato-ghb-liquid\/\" \/>\n<meta property=\"og:locale\" content=\"en_US\" \/>\n<meta property=\"og:type\" content=\"article\" \/>\n<meta property=\"og:title\" content=\"Acquista il liquido gamma idrossibutirrato (GHB).\" \/>\n<meta property=\"og:description\" content=\"Dove acquistare il liquido GHB dai nostri rivenditori, usato sia come coadiuvante del sonno da prescrizione che come intossicante ricreativo.\" \/>\n<meta property=\"og:url\" content=\"https:\/\/gooddealersmeds.com\/it\/product\/buy-gamma-idrossibutirrato-ghb-liquid\/\" \/>\n<meta property=\"og:site_name\" content=\"Good Dealers Meds\" \/>\n<meta property=\"article:modified_time\" content=\"2022-12-29T20:51:44+00:00\" \/>\n<meta property=\"og:image\" content=\"https:\/\/gooddealersmeds.com\/it\/wp-content\/uploads\/sites\/7\/2022\/07\/Buy-Gamma-Hydroxybutyrate-Ghb-Liquid.jpg\" \/>\n\t<meta property=\"og:image:width\" content=\"600\" \/>\n\t<meta property=\"og:image:height\" content=\"600\" \/>\n\t<meta property=\"og:image:type\" content=\"image\/jpeg\" \/>\n<meta name=\"twitter:card\" content=\"summary_large_image\" \/>\n<meta name=\"twitter:label1\" content=\"Est. reading time\" \/>\n\t<meta name=\"twitter:data1\" content=\"1 minute\" \/>\n<script type=\"application\/ld+json\" class=\"yoast-schema-graph\">{\"@context\":\"https:\\\/\\\/schema.org\",\"@graph\":[{\"@type\":\"WebPage\",\"@id\":\"https:\\\/\\\/gooddealersmeds.com\\\/it\\\/product\\\/buy-gamma-idrossibutirrato-ghb-liquid\\\/\",\"url\":\"https:\\\/\\\/gooddealersmeds.com\\\/it\\\/product\\\/buy-gamma-idrossibutirrato-ghb-liquid\\\/\",\"name\":\"Dove acquistare il liquido GHB | Vendo liquido GHB | Good Dealers Meds\",\"isPartOf\":{\"@id\":\"https:\\\/\\\/gooddealersmeds.com\\\/it\\\/#website\"},\"primaryImageOfPage\":{\"@id\":\"https:\\\/\\\/gooddealersmeds.com\\\/it\\\/product\\\/buy-gamma-idrossibutirrato-ghb-liquid\\\/#primaryimage\"},\"image\":{\"@id\":\"https:\\\/\\\/gooddealersmeds.com\\\/it\\\/product\\\/buy-gamma-idrossibutirrato-ghb-liquid\\\/#primaryimage\"},\"thumbnailUrl\":\"https:\\\/\\\/gooddealersmeds.com\\\/it\\\/wp-content\\\/uploads\\\/sites\\\/7\\\/2022\\\/07\\\/Buy-Gamma-Hydroxybutyrate-Ghb-Liquid.jpg\",\"datePublished\":\"2022-07-03T13:39:25+00:00\",\"dateModified\":\"2022-12-29T20:51:44+00:00\",\"description\":\"Dove acquistare il liquido GHB dai nostri rivenditori, usato sia come coadiuvante del sonno da prescrizione che come intossicante ricreativo.\",\"breadcrumb\":{\"@id\":\"https:\\\/\\\/gooddealersmeds.com\\\/it\\\/product\\\/buy-gamma-idrossibutirrato-ghb-liquid\\\/#breadcrumb\"},\"inLanguage\":\"en-US\",\"potentialAction\":[{\"@type\":\"ReadAction\",\"target\":[\"https:\\\/\\\/gooddealersmeds.com\\\/it\\\/product\\\/buy-gamma-idrossibutirrato-ghb-liquid\\\/\"]}]},{\"@type\":\"ImageObject\",\"inLanguage\":\"en-US\",\"@id\":\"https:\\\/\\\/gooddealersmeds.com\\\/it\\\/product\\\/buy-gamma-idrossibutirrato-ghb-liquid\\\/#primaryimage\",\"url\":\"https:\\\/\\\/gooddealersmeds.com\\\/it\\\/wp-content\\\/uploads\\\/sites\\\/7\\\/2022\\\/07\\\/Buy-Gamma-Hydroxybutyrate-Ghb-Liquid.jpg\",\"contentUrl\":\"https:\\\/\\\/gooddealersmeds.com\\\/it\\\/wp-content\\\/uploads\\\/sites\\\/7\\\/2022\\\/07\\\/Buy-Gamma-Hydroxybutyrate-Ghb-Liquid.jpg\",\"width\":600,\"height\":600,\"caption\":\"Buy Gamma Hydroxybutyrate Liquid\"},{\"@type\":\"BreadcrumbList\",\"@id\":\"https:\\\/\\\/gooddealersmeds.com\\\/it\\\/product\\\/buy-gamma-idrossibutirrato-ghb-liquid\\\/#breadcrumb\",\"itemListElement\":[{\"@type\":\"ListItem\",\"position\":1,\"name\":\"Home\",\"item\":\"https:\\\/\\\/gooddealersmeds.com\\\/it\\\/\"},{\"@type\":\"ListItem\",\"position\":2,\"name\":\"Prodotti\",\"item\":\"https:\\\/\\\/gooddealersmeds.com\\\/it\\\/prodotti\\\/\"},{\"@type\":\"ListItem\",\"position\":3,\"name\":\"Acquista il liquido gamma idrossibutirrato (GHB).\"}]},{\"@type\":\"WebSite\",\"@id\":\"https:\\\/\\\/gooddealersmeds.com\\\/it\\\/#website\",\"url\":\"https:\\\/\\\/gooddealersmeds.com\\\/it\\\/\",\"name\":\"Good Dealers Meds\",\"description\":\"All our best\",\"publisher\":{\"@id\":\"https:\\\/\\\/gooddealersmeds.com\\\/it\\\/#organization\"},\"potentialAction\":[{\"@type\":\"SearchAction\",\"target\":{\"@type\":\"EntryPoint\",\"urlTemplate\":\"https:\\\/\\\/gooddealersmeds.com\\\/it\\\/?s={search_term_string}\"},\"query-input\":{\"@type\":\"PropertyValueSpecification\",\"valueRequired\":true,\"valueName\":\"search_term_string\"}}],\"inLanguage\":\"en-US\"},{\"@type\":\"Organization\",\"@id\":\"https:\\\/\\\/gooddealersmeds.com\\\/it\\\/#organization\",\"name\":\"Good Dealers Meds\",\"url\":\"https:\\\/\\\/gooddealersmeds.com\\\/it\\\/\",\"logo\":{\"@type\":\"ImageObject\",\"inLanguage\":\"en-US\",\"@id\":\"https:\\\/\\\/gooddealersmeds.com\\\/it\\\/#\\\/schema\\\/logo\\\/image\\\/\",\"url\":\"https:\\\/\\\/gooddealersmeds.com\\\/it\\\/wp-content\\\/uploads\\\/sites\\\/7\\\/2022\\\/03\\\/gooddealersmeds__logo__20220317T222800Z.00.png\",\"contentUrl\":\"https:\\\/\\\/gooddealersmeds.com\\\/it\\\/wp-content\\\/uploads\\\/sites\\\/7\\\/2022\\\/03\\\/gooddealersmeds__logo__20220317T222800Z.00.png\",\"width\":500,\"height\":325,\"caption\":\"Good Dealers Meds\"},\"image\":{\"@id\":\"https:\\\/\\\/gooddealersmeds.com\\\/it\\\/#\\\/schema\\\/logo\\\/image\\\/\"}}]}<\/script>\n<!-- \/ Yoast SEO Premium plugin. -->","yoast_head_json":{"title":"Dove acquistare il liquido GHB | Vendo liquido GHB | Good Dealers Meds","description":"Dove acquistare il liquido GHB dai nostri rivenditori, usato sia come coadiuvante del sonno da prescrizione che come intossicante ricreativo.","robots":{"index":"index","follow":"follow","max-snippet":"max-snippet:-1","max-image-preview":"max-image-preview:large","max-video-preview":"max-video-preview:-1"},"canonical":"https:\/\/gooddealersmeds.com\/it\/product\/buy-gamma-idrossibutirrato-ghb-liquid\/","og_locale":"en_US","og_type":"article","og_title":"Acquista il liquido gamma idrossibutirrato (GHB).","og_description":"Dove acquistare il liquido GHB dai nostri rivenditori, usato sia come coadiuvante del sonno da prescrizione che come intossicante ricreativo.","og_url":"https:\/\/gooddealersmeds.com\/it\/product\/buy-gamma-idrossibutirrato-ghb-liquid\/","og_site_name":"Good Dealers Meds","article_modified_time":"2022-12-29T20:51:44+00:00","og_image":[{"width":600,"height":600,"url":"https:\/\/gooddealersmeds.com\/it\/wp-content\/uploads\/sites\/7\/2022\/07\/Buy-Gamma-Hydroxybutyrate-Ghb-Liquid.jpg","type":"image\/jpeg"}],"twitter_card":"summary_large_image","twitter_misc":{"Est. reading time":"1 minute"},"schema":{"@context":"https:\/\/schema.org","@graph":[{"@type":"WebPage","@id":"https:\/\/gooddealersmeds.com\/it\/product\/buy-gamma-idrossibutirrato-ghb-liquid\/","url":"https:\/\/gooddealersmeds.com\/it\/product\/buy-gamma-idrossibutirrato-ghb-liquid\/","name":"Dove acquistare il liquido GHB | Vendo liquido GHB | Good Dealers Meds","isPartOf":{"@id":"https:\/\/gooddealersmeds.com\/it\/#website"},"primaryImageOfPage":{"@id":"https:\/\/gooddealersmeds.com\/it\/product\/buy-gamma-idrossibutirrato-ghb-liquid\/#primaryimage"},"image":{"@id":"https:\/\/gooddealersmeds.com\/it\/product\/buy-gamma-idrossibutirrato-ghb-liquid\/#primaryimage"},"thumbnailUrl":"https:\/\/gooddealersmeds.com\/it\/wp-content\/uploads\/sites\/7\/2022\/07\/Buy-Gamma-Hydroxybutyrate-Ghb-Liquid.jpg","datePublished":"2022-07-03T13:39:25+00:00","dateModified":"2022-12-29T20:51:44+00:00","description":"Dove acquistare il liquido GHB dai nostri rivenditori, usato sia come coadiuvante del sonno da prescrizione che come intossicante ricreativo.","breadcrumb":{"@id":"https:\/\/gooddealersmeds.com\/it\/product\/buy-gamma-idrossibutirrato-ghb-liquid\/#breadcrumb"},"inLanguage":"en-US","potentialAction":[{"@type":"ReadAction","target":["https:\/\/gooddealersmeds.com\/it\/product\/buy-gamma-idrossibutirrato-ghb-liquid\/"]}]},{"@type":"ImageObject","inLanguage":"en-US","@id":"https:\/\/gooddealersmeds.com\/it\/product\/buy-gamma-idrossibutirrato-ghb-liquid\/#primaryimage","url":"https:\/\/gooddealersmeds.com\/it\/wp-content\/uploads\/sites\/7\/2022\/07\/Buy-Gamma-Hydroxybutyrate-Ghb-Liquid.jpg","contentUrl":"https:\/\/gooddealersmeds.com\/it\/wp-content\/uploads\/sites\/7\/2022\/07\/Buy-Gamma-Hydroxybutyrate-Ghb-Liquid.jpg","width":600,"height":600,"caption":"Buy Gamma Hydroxybutyrate Liquid"},{"@type":"BreadcrumbList","@id":"https:\/\/gooddealersmeds.com\/it\/product\/buy-gamma-idrossibutirrato-ghb-liquid\/#breadcrumb","itemListElement":[{"@type":"ListItem","position":1,"name":"Home","item":"https:\/\/gooddealersmeds.com\/it\/"},{"@type":"ListItem","position":2,"name":"Prodotti","item":"https:\/\/gooddealersmeds.com\/it\/prodotti\/"},{"@type":"ListItem","position":3,"name":"Acquista il liquido gamma idrossibutirrato (GHB)."}]},{"@type":"WebSite","@id":"https:\/\/gooddealersmeds.com\/it\/#website","url":"https:\/\/gooddealersmeds.com\/it\/","name":"Good Dealers Meds","description":"All our best","publisher":{"@id":"https:\/\/gooddealersmeds.com\/it\/#organization"},"potentialAction":[{"@type":"SearchAction","target":{"@type":"EntryPoint","urlTemplate":"https:\/\/gooddealersmeds.com\/it\/?s={search_term_string}"},"query-input":{"@type":"PropertyValueSpecification","valueRequired":true,"valueName":"search_term_string"}}],"inLanguage":"en-US"},{"@type":"Organization","@id":"https:\/\/gooddealersmeds.com\/it\/#organization","name":"Good Dealers Meds","url":"https:\/\/gooddealersmeds.com\/it\/","logo":{"@type":"ImageObject","inLanguage":"en-US","@id":"https:\/\/gooddealersmeds.com\/it\/#\/schema\/logo\/image\/","url":"https:\/\/gooddealersmeds.com\/it\/wp-content\/uploads\/sites\/7\/2022\/03\/gooddealersmeds__logo__20220317T222800Z.00.png","contentUrl":"https:\/\/gooddealersmeds.com\/it\/wp-content\/uploads\/sites\/7\/2022\/03\/gooddealersmeds__logo__20220317T222800Z.00.png","width":500,"height":325,"caption":"Good Dealers Meds"},"image":{"@id":"https:\/\/gooddealersmeds.com\/it\/#\/schema\/logo\/image\/"}}]}},"_links":{"self":[{"href":"https:\/\/gooddealersmeds.com\/it\/wp-json\/wp\/v2\/product\/1984","targetHints":{"allow":["GET"]}}],"collection":[{"href":"https:\/\/gooddealersmeds.com\/it\/wp-json\/wp\/v2\/product"}],"about":[{"href":"https:\/\/gooddealersmeds.com\/it\/wp-json\/wp\/v2\/types\/product"}],"replies":[{"embeddable":true,"href":"https:\/\/gooddealersmeds.com\/it\/wp-json\/wp\/v2\/comments?post=1984"}],"wp:featuredmedia":[{"embeddable":true,"href":"https:\/\/gooddealersmeds.com\/it\/wp-json\/wp\/v2\/media\/1985"}],"wp:attachment":[{"href":"https:\/\/gooddealersmeds.com\/it\/wp-json\/wp\/v2\/media?parent=1984"}],"wp:term":[{"taxonomy":"product_brand","embeddable":true,"href":"https:\/\/gooddealersmeds.com\/it\/wp-json\/wp\/v2\/product_brand?post=1984"},{"taxonomy":"product_cat","embeddable":true,"href":"https:\/\/gooddealersmeds.com\/it\/wp-json\/wp\/v2\/product_cat?post=1984"},{"taxonomy":"product_tag","embeddable":true,"href":"https:\/\/gooddealersmeds.com\/it\/wp-json\/wp\/v2\/product_tag?post=1984"}],"curies":[{"name":"wp","href":"https:\/\/api.w.org\/{rel}","templated":true}]}}