{"id":1974,"date":"2022-07-03T13:35:45","date_gmt":"2022-07-03T13:35:45","guid":{"rendered":"https:\/\/gooddealersmeds.com\/it\/?post_type=product&#038;p=1974"},"modified":"2022-12-29T21:04:32","modified_gmt":"2022-12-29T21:04:32","slug":"gamma-idrossibutirrato-ghb-polvere","status":"publish","type":"product","link":"https:\/\/gooddealersmeds.com\/it\/product\/gamma-idrossibutirrato-ghb-polvere\/","title":{"rendered":"Acquista polvere di gamma idrossibutirrato (GHB)."},"content":{"rendered":"<h2>Acquista polvere di gamma idrossibutirrato (GHB) online<\/h2>\n<p>La polvere di gamma idrossibutirrato (GHB) \u00e8 un farmaco che agisce come sedativo del sistema nervoso centrale, che colpisce il cervello, cuore e altri organi. \u00c8 usato per ridurre l&#8217;ansia, indurre il sonno e migliorare l&#8217;umore. La polvere di GHB pu\u00f2 essere utilizzata in piccole quantit\u00e0 per trattare casi di insonnia lieve o prevenire i postumi di una sbornia dopo aver bevuto pesantemente.<\/p>\n<p>La polvere o il liquido di GHB sono entrambe forme dello stesso farmaco, che contiene Gamma HydroxyButyrate (GHB). \u00c8 una sostanza che crea dipendenza che provoca effetti simili all&#8217;alcol sul corpo e sulla mente se consumata in grandi dosi nel tempo.<\/p>\n<p>&nbsp;<\/p>\n<p><strong>Perch\u00e9<\/strong> <strong>Acquista online la polvere di Gamma Hydroxybutyrate (GHB)?<\/strong><\/p>\n<p>L&#8217;acquisto di farmaci come la polvere di GHB online ci ha semplificato la vita. Non era facile acquistare farmaci come questo online prima. L&#8217;acquisto di polvere GHB online \u00e8 ora a un pulsante di distanza. Devi solo fare clic su un pulsante e il tuo ordine \u00e8 stato effettuato, Acquista GHB in polvere<\/p>\n<p>&nbsp;<\/p>\n<p><strong>Acquista ora la polvere di gamma idrossibutirrato (GHB).<\/strong><\/p>\n<p><a href=\"https:\/\/gooddealersmeds.com\/it\/product\/gamma-hydroxybutyrate-ghb-powder\/\">GHB in polvere<\/a> \u00e8 disponibile online attraverso diverse fonti, tra cui farmacie specializzate e farmacie online . Il posto migliore per acquistare GHB online \u00e8 Good Dealers Meds, che offre molte opzioni per l&#8217;acquisto di questa popolare droga illegale a un prezzo accessibile.<\/p>\n<p>&nbsp;<\/p>\n<p>Oltre alla vasta gamma di GoodDealersMeds prodotti e prezzi competitivi, gli utenti beneficiano anche dell&#8217;eccezionale team di assistenza clienti di Good Dealers Meds, che fornisce un supporto eccezionale quando necessario.<\/p>\n","protected":false},"excerpt":{"rendered":"<p>Stai cercando dove acquistare la polvere GHB? quindi possiamo fornirti esattamente un prodotto di alta qualit\u00e0 di purezza a un prezzo accessibile.<\/p>\n","protected":false},"featured_media":1975,"comment_status":"open","ping_status":"closed","template":"","meta":{"inline_featured_image":false},"product_brand":[],"product_cat":[345],"product_tag":[517,521,518,522,519,520],"class_list":{"0":"post-1974","1":"product","2":"type-product","3":"status-publish","4":"has-post-thumbnail","6":"product_cat-droghe-psichedeliche","7":"product_tag-buy-ghb-powder-online-usa","8":"product_tag-acquisto-ghb-polvere-online","9":"product_tag-buy-ghb-integratori","10":"product_tag-dove-posso-ottenere-ghb-polvere","11":"product_tag-ghb-powder-acquista-online","12":"product_tag-ghb-polvere-in-vendita-online","14":"first","15":"instock","16":"shipping-taxable","17":"purchasable","18":"product-type-variable","19":"has-default-attributes"},"yoast_head":"<!-- This site is optimized with the Yoast SEO Premium plugin v20.6 (Yoast SEO v27.4) - https:\/\/yoast.com\/product\/yoast-seo-premium-wordpress\/ -->\n<title>Acquista GHB in polvere | Polvere GHB in vendita | Good Dealers Meds<\/title>\n<meta name=\"description\" content=\"Stai cercando dove Acquista GHB in polvere? Siamo in grado di fornire esattamente un prodotto di qualit\u00e0 di elevata purezza a un prezzo accessibile.\" \/>\n<meta name=\"robots\" content=\"index, follow, max-snippet:-1, max-image-preview:large, max-video-preview:-1\" \/>\n<link rel=\"canonical\" href=\"https:\/\/gooddealersmeds.com\/it\/product\/gamma-idrossibutirrato-ghb-polvere\/\" \/>\n<meta property=\"og:locale\" content=\"en_US\" \/>\n<meta property=\"og:type\" content=\"article\" \/>\n<meta property=\"og:title\" content=\"Acquista polvere di gamma idrossibutirrato (GHB).\" \/>\n<meta property=\"og:description\" content=\"Stai cercando dove Acquista GHB in polvere? Siamo in grado di fornire esattamente un prodotto di qualit\u00e0 di elevata purezza a un prezzo accessibile.\" \/>\n<meta property=\"og:url\" content=\"https:\/\/gooddealersmeds.com\/it\/product\/gamma-idrossibutirrato-ghb-polvere\/\" \/>\n<meta property=\"og:site_name\" content=\"Good Dealers Meds\" \/>\n<meta property=\"article:modified_time\" content=\"2022-12-29T21:04:32+00:00\" \/>\n<meta property=\"og:image\" content=\"https:\/\/gooddealersmeds.com\/it\/wp-content\/uploads\/sites\/7\/2022\/07\/Gamma-Hydroxybutyrate-Ghb-Powder.jpg\" \/>\n\t<meta property=\"og:image:width\" content=\"600\" \/>\n\t<meta property=\"og:image:height\" content=\"600\" \/>\n\t<meta property=\"og:image:type\" content=\"image\/jpeg\" \/>\n<meta name=\"twitter:card\" content=\"summary_large_image\" \/>\n<meta name=\"twitter:label1\" content=\"Est. reading time\" \/>\n\t<meta name=\"twitter:data1\" content=\"1 minute\" \/>\n<script type=\"application\/ld+json\" class=\"yoast-schema-graph\">{\"@context\":\"https:\\\/\\\/schema.org\",\"@graph\":[{\"@type\":\"WebPage\",\"@id\":\"https:\\\/\\\/gooddealersmeds.com\\\/it\\\/product\\\/gamma-idrossibutirrato-ghb-polvere\\\/\",\"url\":\"https:\\\/\\\/gooddealersmeds.com\\\/it\\\/product\\\/gamma-idrossibutirrato-ghb-polvere\\\/\",\"name\":\"Acquista GHB in polvere | Polvere GHB in vendita | Good Dealers Meds\",\"isPartOf\":{\"@id\":\"https:\\\/\\\/gooddealersmeds.com\\\/it\\\/#website\"},\"primaryImageOfPage\":{\"@id\":\"https:\\\/\\\/gooddealersmeds.com\\\/it\\\/product\\\/gamma-idrossibutirrato-ghb-polvere\\\/#primaryimage\"},\"image\":{\"@id\":\"https:\\\/\\\/gooddealersmeds.com\\\/it\\\/product\\\/gamma-idrossibutirrato-ghb-polvere\\\/#primaryimage\"},\"thumbnailUrl\":\"https:\\\/\\\/gooddealersmeds.com\\\/it\\\/wp-content\\\/uploads\\\/sites\\\/7\\\/2022\\\/07\\\/Gamma-Hydroxybutyrate-Ghb-Powder.jpg\",\"datePublished\":\"2022-07-03T13:35:45+00:00\",\"dateModified\":\"2022-12-29T21:04:32+00:00\",\"description\":\"Stai cercando dove Acquista GHB in polvere? Siamo in grado di fornire esattamente un prodotto di qualit\u00e0 di elevata purezza a un prezzo accessibile.\",\"breadcrumb\":{\"@id\":\"https:\\\/\\\/gooddealersmeds.com\\\/it\\\/product\\\/gamma-idrossibutirrato-ghb-polvere\\\/#breadcrumb\"},\"inLanguage\":\"en-US\",\"potentialAction\":[{\"@type\":\"ReadAction\",\"target\":[\"https:\\\/\\\/gooddealersmeds.com\\\/it\\\/product\\\/gamma-idrossibutirrato-ghb-polvere\\\/\"]}]},{\"@type\":\"ImageObject\",\"inLanguage\":\"en-US\",\"@id\":\"https:\\\/\\\/gooddealersmeds.com\\\/it\\\/product\\\/gamma-idrossibutirrato-ghb-polvere\\\/#primaryimage\",\"url\":\"https:\\\/\\\/gooddealersmeds.com\\\/it\\\/wp-content\\\/uploads\\\/sites\\\/7\\\/2022\\\/07\\\/Gamma-Hydroxybutyrate-Ghb-Powder.jpg\",\"contentUrl\":\"https:\\\/\\\/gooddealersmeds.com\\\/it\\\/wp-content\\\/uploads\\\/sites\\\/7\\\/2022\\\/07\\\/Gamma-Hydroxybutyrate-Ghb-Powder.jpg\",\"width\":600,\"height\":600,\"caption\":\"Buy Gamma Hydroxybutyrate Powder\"},{\"@type\":\"BreadcrumbList\",\"@id\":\"https:\\\/\\\/gooddealersmeds.com\\\/it\\\/product\\\/gamma-idrossibutirrato-ghb-polvere\\\/#breadcrumb\",\"itemListElement\":[{\"@type\":\"ListItem\",\"position\":1,\"name\":\"Home\",\"item\":\"https:\\\/\\\/gooddealersmeds.com\\\/it\\\/\"},{\"@type\":\"ListItem\",\"position\":2,\"name\":\"Prodotti\",\"item\":\"https:\\\/\\\/gooddealersmeds.com\\\/it\\\/prodotti\\\/\"},{\"@type\":\"ListItem\",\"position\":3,\"name\":\"Acquista polvere di gamma idrossibutirrato (GHB).\"}]},{\"@type\":\"WebSite\",\"@id\":\"https:\\\/\\\/gooddealersmeds.com\\\/it\\\/#website\",\"url\":\"https:\\\/\\\/gooddealersmeds.com\\\/it\\\/\",\"name\":\"Good Dealers Meds\",\"description\":\"All our best\",\"publisher\":{\"@id\":\"https:\\\/\\\/gooddealersmeds.com\\\/it\\\/#organization\"},\"potentialAction\":[{\"@type\":\"SearchAction\",\"target\":{\"@type\":\"EntryPoint\",\"urlTemplate\":\"https:\\\/\\\/gooddealersmeds.com\\\/it\\\/?s={search_term_string}\"},\"query-input\":{\"@type\":\"PropertyValueSpecification\",\"valueRequired\":true,\"valueName\":\"search_term_string\"}}],\"inLanguage\":\"en-US\"},{\"@type\":\"Organization\",\"@id\":\"https:\\\/\\\/gooddealersmeds.com\\\/it\\\/#organization\",\"name\":\"Good Dealers Meds\",\"url\":\"https:\\\/\\\/gooddealersmeds.com\\\/it\\\/\",\"logo\":{\"@type\":\"ImageObject\",\"inLanguage\":\"en-US\",\"@id\":\"https:\\\/\\\/gooddealersmeds.com\\\/it\\\/#\\\/schema\\\/logo\\\/image\\\/\",\"url\":\"https:\\\/\\\/gooddealersmeds.com\\\/it\\\/wp-content\\\/uploads\\\/sites\\\/7\\\/2022\\\/03\\\/gooddealersmeds__logo__20220317T222800Z.00.png\",\"contentUrl\":\"https:\\\/\\\/gooddealersmeds.com\\\/it\\\/wp-content\\\/uploads\\\/sites\\\/7\\\/2022\\\/03\\\/gooddealersmeds__logo__20220317T222800Z.00.png\",\"width\":500,\"height\":325,\"caption\":\"Good Dealers Meds\"},\"image\":{\"@id\":\"https:\\\/\\\/gooddealersmeds.com\\\/it\\\/#\\\/schema\\\/logo\\\/image\\\/\"}}]}<\/script>\n<!-- \/ Yoast SEO Premium plugin. -->","yoast_head_json":{"title":"Acquista GHB in polvere | Polvere GHB in vendita | Good Dealers Meds","description":"Stai cercando dove Acquista GHB in polvere? Siamo in grado di fornire esattamente un prodotto di qualit\u00e0 di elevata purezza a un prezzo accessibile.","robots":{"index":"index","follow":"follow","max-snippet":"max-snippet:-1","max-image-preview":"max-image-preview:large","max-video-preview":"max-video-preview:-1"},"canonical":"https:\/\/gooddealersmeds.com\/it\/product\/gamma-idrossibutirrato-ghb-polvere\/","og_locale":"en_US","og_type":"article","og_title":"Acquista polvere di gamma idrossibutirrato (GHB).","og_description":"Stai cercando dove Acquista GHB in polvere? Siamo in grado di fornire esattamente un prodotto di qualit\u00e0 di elevata purezza a un prezzo accessibile.","og_url":"https:\/\/gooddealersmeds.com\/it\/product\/gamma-idrossibutirrato-ghb-polvere\/","og_site_name":"Good Dealers Meds","article_modified_time":"2022-12-29T21:04:32+00:00","og_image":[{"width":600,"height":600,"url":"https:\/\/gooddealersmeds.com\/it\/wp-content\/uploads\/sites\/7\/2022\/07\/Gamma-Hydroxybutyrate-Ghb-Powder.jpg","type":"image\/jpeg"}],"twitter_card":"summary_large_image","twitter_misc":{"Est. reading time":"1 minute"},"schema":{"@context":"https:\/\/schema.org","@graph":[{"@type":"WebPage","@id":"https:\/\/gooddealersmeds.com\/it\/product\/gamma-idrossibutirrato-ghb-polvere\/","url":"https:\/\/gooddealersmeds.com\/it\/product\/gamma-idrossibutirrato-ghb-polvere\/","name":"Acquista GHB in polvere | Polvere GHB in vendita | Good Dealers Meds","isPartOf":{"@id":"https:\/\/gooddealersmeds.com\/it\/#website"},"primaryImageOfPage":{"@id":"https:\/\/gooddealersmeds.com\/it\/product\/gamma-idrossibutirrato-ghb-polvere\/#primaryimage"},"image":{"@id":"https:\/\/gooddealersmeds.com\/it\/product\/gamma-idrossibutirrato-ghb-polvere\/#primaryimage"},"thumbnailUrl":"https:\/\/gooddealersmeds.com\/it\/wp-content\/uploads\/sites\/7\/2022\/07\/Gamma-Hydroxybutyrate-Ghb-Powder.jpg","datePublished":"2022-07-03T13:35:45+00:00","dateModified":"2022-12-29T21:04:32+00:00","description":"Stai cercando dove Acquista GHB in polvere? Siamo in grado di fornire esattamente un prodotto di qualit\u00e0 di elevata purezza a un prezzo accessibile.","breadcrumb":{"@id":"https:\/\/gooddealersmeds.com\/it\/product\/gamma-idrossibutirrato-ghb-polvere\/#breadcrumb"},"inLanguage":"en-US","potentialAction":[{"@type":"ReadAction","target":["https:\/\/gooddealersmeds.com\/it\/product\/gamma-idrossibutirrato-ghb-polvere\/"]}]},{"@type":"ImageObject","inLanguage":"en-US","@id":"https:\/\/gooddealersmeds.com\/it\/product\/gamma-idrossibutirrato-ghb-polvere\/#primaryimage","url":"https:\/\/gooddealersmeds.com\/it\/wp-content\/uploads\/sites\/7\/2022\/07\/Gamma-Hydroxybutyrate-Ghb-Powder.jpg","contentUrl":"https:\/\/gooddealersmeds.com\/it\/wp-content\/uploads\/sites\/7\/2022\/07\/Gamma-Hydroxybutyrate-Ghb-Powder.jpg","width":600,"height":600,"caption":"Buy Gamma Hydroxybutyrate Powder"},{"@type":"BreadcrumbList","@id":"https:\/\/gooddealersmeds.com\/it\/product\/gamma-idrossibutirrato-ghb-polvere\/#breadcrumb","itemListElement":[{"@type":"ListItem","position":1,"name":"Home","item":"https:\/\/gooddealersmeds.com\/it\/"},{"@type":"ListItem","position":2,"name":"Prodotti","item":"https:\/\/gooddealersmeds.com\/it\/prodotti\/"},{"@type":"ListItem","position":3,"name":"Acquista polvere di gamma idrossibutirrato (GHB)."}]},{"@type":"WebSite","@id":"https:\/\/gooddealersmeds.com\/it\/#website","url":"https:\/\/gooddealersmeds.com\/it\/","name":"Good Dealers Meds","description":"All our best","publisher":{"@id":"https:\/\/gooddealersmeds.com\/it\/#organization"},"potentialAction":[{"@type":"SearchAction","target":{"@type":"EntryPoint","urlTemplate":"https:\/\/gooddealersmeds.com\/it\/?s={search_term_string}"},"query-input":{"@type":"PropertyValueSpecification","valueRequired":true,"valueName":"search_term_string"}}],"inLanguage":"en-US"},{"@type":"Organization","@id":"https:\/\/gooddealersmeds.com\/it\/#organization","name":"Good Dealers Meds","url":"https:\/\/gooddealersmeds.com\/it\/","logo":{"@type":"ImageObject","inLanguage":"en-US","@id":"https:\/\/gooddealersmeds.com\/it\/#\/schema\/logo\/image\/","url":"https:\/\/gooddealersmeds.com\/it\/wp-content\/uploads\/sites\/7\/2022\/03\/gooddealersmeds__logo__20220317T222800Z.00.png","contentUrl":"https:\/\/gooddealersmeds.com\/it\/wp-content\/uploads\/sites\/7\/2022\/03\/gooddealersmeds__logo__20220317T222800Z.00.png","width":500,"height":325,"caption":"Good Dealers Meds"},"image":{"@id":"https:\/\/gooddealersmeds.com\/it\/#\/schema\/logo\/image\/"}}]}},"_links":{"self":[{"href":"https:\/\/gooddealersmeds.com\/it\/wp-json\/wp\/v2\/product\/1974","targetHints":{"allow":["GET"]}}],"collection":[{"href":"https:\/\/gooddealersmeds.com\/it\/wp-json\/wp\/v2\/product"}],"about":[{"href":"https:\/\/gooddealersmeds.com\/it\/wp-json\/wp\/v2\/types\/product"}],"replies":[{"embeddable":true,"href":"https:\/\/gooddealersmeds.com\/it\/wp-json\/wp\/v2\/comments?post=1974"}],"wp:featuredmedia":[{"embeddable":true,"href":"https:\/\/gooddealersmeds.com\/it\/wp-json\/wp\/v2\/media\/1975"}],"wp:attachment":[{"href":"https:\/\/gooddealersmeds.com\/it\/wp-json\/wp\/v2\/media?parent=1974"}],"wp:term":[{"taxonomy":"product_brand","embeddable":true,"href":"https:\/\/gooddealersmeds.com\/it\/wp-json\/wp\/v2\/product_brand?post=1974"},{"taxonomy":"product_cat","embeddable":true,"href":"https:\/\/gooddealersmeds.com\/it\/wp-json\/wp\/v2\/product_cat?post=1974"},{"taxonomy":"product_tag","embeddable":true,"href":"https:\/\/gooddealersmeds.com\/it\/wp-json\/wp\/v2\/product_tag?post=1974"}],"curies":[{"name":"wp","href":"https:\/\/api.w.org\/{rel}","templated":true}]}}