{"id":1967,"date":"2022-07-03T13:18:30","date_gmt":"2022-07-03T13:18:30","guid":{"rendered":"https:\/\/gooddealersmeds.com\/it\/?post_type=product&#038;p=1967"},"modified":"2022-12-29T21:18:38","modified_gmt":"2022-12-29T21:18:38","slug":"comprare-nembutal-polvere","status":"publish","type":"product","link":"https:\/\/gooddealersmeds.com\/it\/product\/comprare-nembutal-polvere\/","title":{"rendered":"Acquista la polvere di Nembutal puro"},"content":{"rendered":"<h2>Ordina da noi la polvere di Nembutal ai migliori prezzi<\/h2>\n<p>Acquista Purity Nembutal in polvere dal nostro negozio online. Se sei disposto ad acquistare Nembutal in polvere online dai migliori fornitori di Nembutal in polvere ( Nembutal in polvere in vendita ), la nostra farmacia \u00e8 il posto giusto per realizzarlo. Connettiti con noi oggi e completa i tuoi requisiti in breve tempo. Il tuo farmaco ti raggiunger\u00e0 nella tua posizione preferita. Ordina subito online la polvere di Nembutal al miglior prezzo!<\/p>\n<p>Hai problemi a dormire la notte? Ti senti stanco dopo esserti svegliato la mattina? La privazione del sonno pu\u00f2 interrompere la tua routine quotidiana. Non solo ti rende meno produttivo, ma pu\u00f2 anche portare a gravi conseguenze come obesit\u00e0, indebolimento del sistema immunitario e problemi cardiaci. Una delle sfide pi\u00f9 difficili che dobbiamo affrontare \u00e8 cambiare il nostro modo di vivere. Potresti volerlo fare, ma a causa dei lunghi orari di lavoro e di altri obblighi, continui a tornare al punto di partenza.<\/p>\n<p><strong>Qual \u00e8 il posto giusto per acquistare la polvere di Nembutal?<\/strong><\/p>\n<p>La polvere di nembutal \u00e8 nota per indurre il sonno nei pazienti con problemi di insonnia come insonnia o difficolt\u00e0 dormendo. In molti casi viene utilizzato anche come sedativo anti-nervosismo. Se hai gli stessi obiettivi in \u200b\u200bmente, \u00e8 una saggia decisione acquistare Nembutal in polvere online dalla nostra farmacia online. Nembutal in polvere in vendita<\/p>\n<p>La qualit\u00e0 dei medicinali gioca un ruolo essenziale nel determinare il tipo di effetto che avranno sul tuo corpo. si dovrebbe astenersi dall&#8217;acquistare farmaci che non sono stati approvati per il consumo umano.<\/p>\n<h3>Contattaci ora per ordinare il Nembutal<\/h3>\n<p>Quando ordini la <a href=\"https:\/\/gooddealersmeds.com\/it\/product\/comprare-nembutal-polvere\/\">polvere di nembutal<\/a> dal nostro negozio online, puoi essere certo della sua qualit\u00e0. Operiamo in modo sostenibile per garantire il massimo risultato dai nostri prodotti. Offriamo Nembutal di alta qualit\u00e0 al 99,8% di purezza ai migliori prezzi competitivi. Abbiamo costruito la nostra eccellente<br \/>\nreputazione offrendo ai nostri clienti Nembutal di eccellente qualit\u00e0\/elevata purezza con consegne discrete e un&#8217;assistenza clienti amichevole. Forniamo eccellente purezza, pagamento sicuro, consegna molto discreta, veloce ed efficace.<\/p>\n","protected":false},"excerpt":{"rendered":"<p>Forniamo tutti i prodotti sopra descritti a prezzi molto convenienti e consegniamo in qualsiasi luogo nel mondo. Quindi siamo orgogliosi che i nostri servizi di spedizione siano garantiti e sicuri al 100%. I nostri prodotti sono ben protetti per evitare qualsiasi intercettazione. I nostri prodotti principalmente sono:- Polvere di Nembutal, kit per il test dei barbiturici, pillole di Nembutal, liquido orale e tutti i prodotti mostrati nel nostro negozio online.<\/p>\n","protected":false},"featured_media":1968,"comment_status":"open","ping_status":"closed","template":"","meta":{"inline_featured_image":false},"product_brand":[],"product_cat":[343],"product_tag":[],"class_list":{"0":"post-1967","1":"product","2":"type-product","3":"status-publish","4":"has-post-thumbnail","6":"product_cat-altri","8":"first","9":"instock","10":"shipping-taxable","11":"purchasable","12":"product-type-variable","13":"has-default-attributes"},"yoast_head":"<!-- This site is optimized with the Yoast SEO Premium plugin v20.6 (Yoast SEO v27.4) - https:\/\/yoast.com\/product\/yoast-seo-premium-wordpress\/ -->\n<title>Nembutal in polvere in vendita | Acquista nembutal della migliore qualit\u00e0<\/title>\n<meta name=\"description\" content=\"Nembutal in polvere in vendita (Pentobarbital) e spediscilo a casa tua. Lo consegniamo in qualsiasi luogo\/paese in tutto il mondo.\" \/>\n<meta name=\"robots\" content=\"index, follow, max-snippet:-1, max-image-preview:large, max-video-preview:-1\" \/>\n<link rel=\"canonical\" href=\"https:\/\/gooddealersmeds.com\/it\/product\/comprare-nembutal-polvere\/\" \/>\n<meta property=\"og:locale\" content=\"en_US\" \/>\n<meta property=\"og:type\" content=\"article\" \/>\n<meta property=\"og:title\" content=\"Acquista la polvere di Nembutal puro\" \/>\n<meta property=\"og:description\" content=\"Nembutal in polvere in vendita (Pentobarbital) e spediscilo a casa tua. Lo consegniamo in qualsiasi luogo\/paese in tutto il mondo.\" \/>\n<meta property=\"og:url\" content=\"https:\/\/gooddealersmeds.com\/it\/product\/comprare-nembutal-polvere\/\" \/>\n<meta property=\"og:site_name\" content=\"Good Dealers Meds\" \/>\n<meta property=\"article:modified_time\" content=\"2022-12-29T21:18:38+00:00\" \/>\n<meta property=\"og:image\" content=\"https:\/\/gooddealersmeds.com\/it\/wp-content\/uploads\/sites\/7\/2022\/07\/nembutal-powder.jpg\" \/>\n\t<meta property=\"og:image:width\" content=\"600\" \/>\n\t<meta property=\"og:image:height\" content=\"450\" \/>\n\t<meta property=\"og:image:type\" content=\"image\/jpeg\" \/>\n<meta name=\"twitter:card\" content=\"summary_large_image\" \/>\n<meta name=\"twitter:label1\" content=\"Est. reading time\" \/>\n\t<meta name=\"twitter:data1\" content=\"2 minutes\" \/>\n<script type=\"application\/ld+json\" class=\"yoast-schema-graph\">{\"@context\":\"https:\\\/\\\/schema.org\",\"@graph\":[{\"@type\":\"WebPage\",\"@id\":\"https:\\\/\\\/gooddealersmeds.com\\\/it\\\/product\\\/comprare-nembutal-polvere\\\/\",\"url\":\"https:\\\/\\\/gooddealersmeds.com\\\/it\\\/product\\\/comprare-nembutal-polvere\\\/\",\"name\":\"Nembutal in polvere in vendita | Acquista nembutal della migliore qualit\u00e0\",\"isPartOf\":{\"@id\":\"https:\\\/\\\/gooddealersmeds.com\\\/it\\\/#website\"},\"primaryImageOfPage\":{\"@id\":\"https:\\\/\\\/gooddealersmeds.com\\\/it\\\/product\\\/comprare-nembutal-polvere\\\/#primaryimage\"},\"image\":{\"@id\":\"https:\\\/\\\/gooddealersmeds.com\\\/it\\\/product\\\/comprare-nembutal-polvere\\\/#primaryimage\"},\"thumbnailUrl\":\"https:\\\/\\\/gooddealersmeds.com\\\/it\\\/wp-content\\\/uploads\\\/sites\\\/7\\\/2022\\\/07\\\/nembutal-powder.jpg\",\"datePublished\":\"2022-07-03T13:18:30+00:00\",\"dateModified\":\"2022-12-29T21:18:38+00:00\",\"description\":\"Nembutal in polvere in vendita (Pentobarbital) e spediscilo a casa tua. Lo consegniamo in qualsiasi luogo\\\/paese in tutto il mondo.\",\"breadcrumb\":{\"@id\":\"https:\\\/\\\/gooddealersmeds.com\\\/it\\\/product\\\/comprare-nembutal-polvere\\\/#breadcrumb\"},\"inLanguage\":\"en-US\",\"potentialAction\":[{\"@type\":\"ReadAction\",\"target\":[\"https:\\\/\\\/gooddealersmeds.com\\\/it\\\/product\\\/comprare-nembutal-polvere\\\/\"]}]},{\"@type\":\"ImageObject\",\"inLanguage\":\"en-US\",\"@id\":\"https:\\\/\\\/gooddealersmeds.com\\\/it\\\/product\\\/comprare-nembutal-polvere\\\/#primaryimage\",\"url\":\"https:\\\/\\\/gooddealersmeds.com\\\/it\\\/wp-content\\\/uploads\\\/sites\\\/7\\\/2022\\\/07\\\/nembutal-powder.jpg\",\"contentUrl\":\"https:\\\/\\\/gooddealersmeds.com\\\/it\\\/wp-content\\\/uploads\\\/sites\\\/7\\\/2022\\\/07\\\/nembutal-powder.jpg\",\"width\":600,\"height\":450,\"caption\":\"Nembutal Powder Online\"},{\"@type\":\"BreadcrumbList\",\"@id\":\"https:\\\/\\\/gooddealersmeds.com\\\/it\\\/product\\\/comprare-nembutal-polvere\\\/#breadcrumb\",\"itemListElement\":[{\"@type\":\"ListItem\",\"position\":1,\"name\":\"Home\",\"item\":\"https:\\\/\\\/gooddealersmeds.com\\\/it\\\/\"},{\"@type\":\"ListItem\",\"position\":2,\"name\":\"Prodotti\",\"item\":\"https:\\\/\\\/gooddealersmeds.com\\\/it\\\/prodotti\\\/\"},{\"@type\":\"ListItem\",\"position\":3,\"name\":\"Acquista la polvere di Nembutal puro\"}]},{\"@type\":\"WebSite\",\"@id\":\"https:\\\/\\\/gooddealersmeds.com\\\/it\\\/#website\",\"url\":\"https:\\\/\\\/gooddealersmeds.com\\\/it\\\/\",\"name\":\"Good Dealers Meds\",\"description\":\"All our best\",\"publisher\":{\"@id\":\"https:\\\/\\\/gooddealersmeds.com\\\/it\\\/#organization\"},\"potentialAction\":[{\"@type\":\"SearchAction\",\"target\":{\"@type\":\"EntryPoint\",\"urlTemplate\":\"https:\\\/\\\/gooddealersmeds.com\\\/it\\\/?s={search_term_string}\"},\"query-input\":{\"@type\":\"PropertyValueSpecification\",\"valueRequired\":true,\"valueName\":\"search_term_string\"}}],\"inLanguage\":\"en-US\"},{\"@type\":\"Organization\",\"@id\":\"https:\\\/\\\/gooddealersmeds.com\\\/it\\\/#organization\",\"name\":\"Good Dealers Meds\",\"url\":\"https:\\\/\\\/gooddealersmeds.com\\\/it\\\/\",\"logo\":{\"@type\":\"ImageObject\",\"inLanguage\":\"en-US\",\"@id\":\"https:\\\/\\\/gooddealersmeds.com\\\/it\\\/#\\\/schema\\\/logo\\\/image\\\/\",\"url\":\"https:\\\/\\\/gooddealersmeds.com\\\/it\\\/wp-content\\\/uploads\\\/sites\\\/7\\\/2022\\\/03\\\/gooddealersmeds__logo__20220317T222800Z.00.png\",\"contentUrl\":\"https:\\\/\\\/gooddealersmeds.com\\\/it\\\/wp-content\\\/uploads\\\/sites\\\/7\\\/2022\\\/03\\\/gooddealersmeds__logo__20220317T222800Z.00.png\",\"width\":500,\"height\":325,\"caption\":\"Good Dealers Meds\"},\"image\":{\"@id\":\"https:\\\/\\\/gooddealersmeds.com\\\/it\\\/#\\\/schema\\\/logo\\\/image\\\/\"}}]}<\/script>\n<!-- \/ Yoast SEO Premium plugin. -->","yoast_head_json":{"title":"Nembutal in polvere in vendita | Acquista nembutal della migliore qualit\u00e0","description":"Nembutal in polvere in vendita (Pentobarbital) e spediscilo a casa tua. Lo consegniamo in qualsiasi luogo\/paese in tutto il mondo.","robots":{"index":"index","follow":"follow","max-snippet":"max-snippet:-1","max-image-preview":"max-image-preview:large","max-video-preview":"max-video-preview:-1"},"canonical":"https:\/\/gooddealersmeds.com\/it\/product\/comprare-nembutal-polvere\/","og_locale":"en_US","og_type":"article","og_title":"Acquista la polvere di Nembutal puro","og_description":"Nembutal in polvere in vendita (Pentobarbital) e spediscilo a casa tua. Lo consegniamo in qualsiasi luogo\/paese in tutto il mondo.","og_url":"https:\/\/gooddealersmeds.com\/it\/product\/comprare-nembutal-polvere\/","og_site_name":"Good Dealers Meds","article_modified_time":"2022-12-29T21:18:38+00:00","og_image":[{"width":600,"height":450,"url":"https:\/\/gooddealersmeds.com\/it\/wp-content\/uploads\/sites\/7\/2022\/07\/nembutal-powder.jpg","type":"image\/jpeg"}],"twitter_card":"summary_large_image","twitter_misc":{"Est. reading time":"2 minutes"},"schema":{"@context":"https:\/\/schema.org","@graph":[{"@type":"WebPage","@id":"https:\/\/gooddealersmeds.com\/it\/product\/comprare-nembutal-polvere\/","url":"https:\/\/gooddealersmeds.com\/it\/product\/comprare-nembutal-polvere\/","name":"Nembutal in polvere in vendita | Acquista nembutal della migliore qualit\u00e0","isPartOf":{"@id":"https:\/\/gooddealersmeds.com\/it\/#website"},"primaryImageOfPage":{"@id":"https:\/\/gooddealersmeds.com\/it\/product\/comprare-nembutal-polvere\/#primaryimage"},"image":{"@id":"https:\/\/gooddealersmeds.com\/it\/product\/comprare-nembutal-polvere\/#primaryimage"},"thumbnailUrl":"https:\/\/gooddealersmeds.com\/it\/wp-content\/uploads\/sites\/7\/2022\/07\/nembutal-powder.jpg","datePublished":"2022-07-03T13:18:30+00:00","dateModified":"2022-12-29T21:18:38+00:00","description":"Nembutal in polvere in vendita (Pentobarbital) e spediscilo a casa tua. Lo consegniamo in qualsiasi luogo\/paese in tutto il mondo.","breadcrumb":{"@id":"https:\/\/gooddealersmeds.com\/it\/product\/comprare-nembutal-polvere\/#breadcrumb"},"inLanguage":"en-US","potentialAction":[{"@type":"ReadAction","target":["https:\/\/gooddealersmeds.com\/it\/product\/comprare-nembutal-polvere\/"]}]},{"@type":"ImageObject","inLanguage":"en-US","@id":"https:\/\/gooddealersmeds.com\/it\/product\/comprare-nembutal-polvere\/#primaryimage","url":"https:\/\/gooddealersmeds.com\/it\/wp-content\/uploads\/sites\/7\/2022\/07\/nembutal-powder.jpg","contentUrl":"https:\/\/gooddealersmeds.com\/it\/wp-content\/uploads\/sites\/7\/2022\/07\/nembutal-powder.jpg","width":600,"height":450,"caption":"Nembutal Powder Online"},{"@type":"BreadcrumbList","@id":"https:\/\/gooddealersmeds.com\/it\/product\/comprare-nembutal-polvere\/#breadcrumb","itemListElement":[{"@type":"ListItem","position":1,"name":"Home","item":"https:\/\/gooddealersmeds.com\/it\/"},{"@type":"ListItem","position":2,"name":"Prodotti","item":"https:\/\/gooddealersmeds.com\/it\/prodotti\/"},{"@type":"ListItem","position":3,"name":"Acquista la polvere di Nembutal puro"}]},{"@type":"WebSite","@id":"https:\/\/gooddealersmeds.com\/it\/#website","url":"https:\/\/gooddealersmeds.com\/it\/","name":"Good Dealers Meds","description":"All our best","publisher":{"@id":"https:\/\/gooddealersmeds.com\/it\/#organization"},"potentialAction":[{"@type":"SearchAction","target":{"@type":"EntryPoint","urlTemplate":"https:\/\/gooddealersmeds.com\/it\/?s={search_term_string}"},"query-input":{"@type":"PropertyValueSpecification","valueRequired":true,"valueName":"search_term_string"}}],"inLanguage":"en-US"},{"@type":"Organization","@id":"https:\/\/gooddealersmeds.com\/it\/#organization","name":"Good Dealers Meds","url":"https:\/\/gooddealersmeds.com\/it\/","logo":{"@type":"ImageObject","inLanguage":"en-US","@id":"https:\/\/gooddealersmeds.com\/it\/#\/schema\/logo\/image\/","url":"https:\/\/gooddealersmeds.com\/it\/wp-content\/uploads\/sites\/7\/2022\/03\/gooddealersmeds__logo__20220317T222800Z.00.png","contentUrl":"https:\/\/gooddealersmeds.com\/it\/wp-content\/uploads\/sites\/7\/2022\/03\/gooddealersmeds__logo__20220317T222800Z.00.png","width":500,"height":325,"caption":"Good Dealers Meds"},"image":{"@id":"https:\/\/gooddealersmeds.com\/it\/#\/schema\/logo\/image\/"}}]}},"_links":{"self":[{"href":"https:\/\/gooddealersmeds.com\/it\/wp-json\/wp\/v2\/product\/1967","targetHints":{"allow":["GET"]}}],"collection":[{"href":"https:\/\/gooddealersmeds.com\/it\/wp-json\/wp\/v2\/product"}],"about":[{"href":"https:\/\/gooddealersmeds.com\/it\/wp-json\/wp\/v2\/types\/product"}],"replies":[{"embeddable":true,"href":"https:\/\/gooddealersmeds.com\/it\/wp-json\/wp\/v2\/comments?post=1967"}],"wp:featuredmedia":[{"embeddable":true,"href":"https:\/\/gooddealersmeds.com\/it\/wp-json\/wp\/v2\/media\/1968"}],"wp:attachment":[{"href":"https:\/\/gooddealersmeds.com\/it\/wp-json\/wp\/v2\/media?parent=1967"}],"wp:term":[{"taxonomy":"product_brand","embeddable":true,"href":"https:\/\/gooddealersmeds.com\/it\/wp-json\/wp\/v2\/product_brand?post=1967"},{"taxonomy":"product_cat","embeddable":true,"href":"https:\/\/gooddealersmeds.com\/it\/wp-json\/wp\/v2\/product_cat?post=1967"},{"taxonomy":"product_tag","embeddable":true,"href":"https:\/\/gooddealersmeds.com\/it\/wp-json\/wp\/v2\/product_tag?post=1967"}],"curies":[{"name":"wp","href":"https:\/\/api.w.org\/{rel}","templated":true}]}}